{"id":21763,"date":"2024-10-02T18:12:28","date_gmt":"2024-10-02T15:12:28","guid":{"rendered":"https:\/\/nirigs.com\/?post_type=product&#038;p=21763"},"modified":"2025-06-06T00:14:09","modified_gmt":"2025-06-05T21:14:09","slug":"loreal-paris-casting-creme-gloss-ton-sur-ton-pour-cheveux-sans-ammoniaque-acajou-550","status":"publish","type":"product","link":"https:\/\/nirigs.com\/ar\/product\/loreal-paris-casting-creme-gloss-ton-sur-ton-pour-cheveux-sans-ammoniaque-acajou-550\/","title":{"rendered":"L&rsquo;Or\u00e9al Paris &#8211; Casting Cr\u00e8me Gloss Ton sur Ton pour Cheveux &#8211; Sans Ammoniaque &#8211; Acajou (550)"},"content":{"rendered":"<div class=\"a-section content\">\n<p>Avec Casting Cr\u00e8me Gloss, passez le cap de la coloration. Une coloration soin sans ammoniaque pour un parfum agr\u00e9able qui sublime\u2026qui sublime votre couleur de cheveux en lui apportant des reflets gourmands et naturels. Pour une couleur utra-glossy aux reflets brillants\u00a0et une couverture optimale des cheveux blancs.<\/p>\n<p>550 Acajou D\u00e9licieux. Une couleur ultra-glossy et naturelle. Pleine de nuances, elle recr\u00e9e dans vos cheveux toute la richesse de reflets naturels et gourmands et donne une brillance exceptionnelle. La nuance Acajou illumine les cheveux de\u00a0reflets acajou chatoyants, brillants et visibles.<\/p>\n<ul>\n<li>Sa formule cr\u00e8me sans ammoniaque couvre de fa\u00e7on optimale les cheveux blancs.<\/li>\n<li>Le r\u00e9sultat est durable jusqu\u2019\u00e0 28 shampooings et la couleur reste naturelle et brillante.<\/li>\n<li>Enrichie en Gel\u00e9e Royale au prodigieux pouvoir nutritif, le complexe soin de Casting Cr\u00e8me Gloss repulpe les cheveux et leur apporte une brillance gloss longue dur\u00e9e. Les cheveux sont d\u2019une douceur exceptionnelle, au toucher voluptueux.<\/li>\n<\/ul>\n<p>Contenance du produit\u00a0:<br \/>\n1 tube de cr\u00e8me colorante (48ml)<br \/>\n1 tube de lait r\u00e9v\u00e9lateur (72ml)<br \/>\n1 flacon de soin\u00a0 (40ml)<br \/>\n1 paire de gants professionnels<br \/>\n1 notice d\u2019utilisation<\/p>\n<h4>Utilisation<\/h4>\n<div class=\"extra--desc product-read-more--full accordion-content\" data-tab-content=\"\">\n<p>\u2022Comment appliquer sa coloration ? C\u2019est facile \u2013 seulement 3 \u00e9tapes pour obtenir votre couleur parfaite.<\/p>\n<p>1. Mixez, 2. Appliquez, 3. Massez et laissez poser 20 minutes. Rincez et appliquez le soin avec de la Noix de Coco.<\/p>\n<p>\u2022Comment choisir sa coloration ? Assurez vous que la couleur actuelle de vos cheveux correspond \u00e0 l\u2019une des couleurs qui apparait sur le dos du pack (en photo). Si vous h\u00e9sitez entre 2 nuances, choisissez toujours la plus claire.<\/p>\n<p>\u2022Un soin avec de la Noix de Coco sp\u00e9cialement con\u00e7u pour les cheveux bruns qui r\u00e9v\u00e8le toute la richesse et l\u2019intensit\u00e9 de vos cheveux. Il laisse vos cheveux fluides et soyeux.<\/p>\n<h4>INGR\u00c9DIENTS<\/h4>\n<div id=\"rmjs-1\" class=\"extra--desc product-read-more\" data-tab-content=\"\" data-readmore=\"\" aria-expanded=\"true\">\n<div id=\"ingredients-list\">\n<p>1205965 \u2013 Cr\u00e8me Colorante : AQUA \/ WATER \u25cf CETEARYL ALCOHOL \u25cf PROPYLENE GLYCOL \u25cf DECETH-3 \u25cf LAURETH-12 \u25cf ETHANOLAMINE \u25cf OLETH-30 \u25cf LAURIC ACID \u25cf POLYQUATERNIUM-6 \u25cf GLYCOL DISTEARATE \u25cf TOLUENE-2,5-DIAMINE \u25cf HEXADIMETHRINE CHLORIDE \u25cf SILICA DIMETHYL SILYLATE [NANO] \/ SILICA DIMETHYL SILYLATE \u25cf CI 77491 \/ IRON OXIDES \u25cf CI 77891 \/ TITANIUM DIOXIDE \u25cf 2,4-DIAMINOPHENOXYETHANOL HCl \u25cf m-AMINOPHENOL \u25cf ASCORBIC ACID \u25cf MICA \u25cf THIOLACTIC ACID \u25cf THIOGLYCERIN \u25cf 2-METHYLRESORCINOL \u25cf N,N-BIS(2-HYDROXYETHYL)-p-PHENYLENEDIAMINE SULFATE \u25cf CARBOMER \u25cf RESORCINOL \u25cf EDTA \u25cf PARFUM \/ FRAGRANCE (F.I.L. C199653\/1).<\/p>\n<p>1190014 \u2013 Lait R\u00e9v\u00e9lateur : AQUA \/ WATER \u25cf HYDROGEN PEROXIDE \u25cf CETEARYL ALCOHOL \u25cf SODIUM SALICYLATE \u25cf TRIDECETH-2 CARBOXAMIDE MEA \u25cf PHOSPHORIC ACID \u25cf CETEARETH-25 \u25cf TETRASODIUM ETIDRONATE \u25cf TETRASODIUM PYROPHOSPHATE \u25cf GLYCERIN (F.I.L. C202320\/2).<\/p>\n<p>1217001 A \u2013 SOIN AVEC DE LA NOIX DE COCO : AQUA \/ WATER \u25cf CETEARYL ALCOHOL \u25cf BEHENTRIMONIUM CHLORIDE \u25cf ELAEIS GUINEENSIS OIL \/ PALM OIL \u25cf GLYCERIN \u25cf PARFUM \/ FRAGRANCE \u25cf COCOS NUCIFERA OIL \/ COCONUT OIL \u25cf HYDROXYETHYLCELLULOSE \u25cf PHENOXYETHANOL \u25cf STEARAMIDOPROPYL DIMETHYLAMINE \u25cf ISOPROPYL ALCOHOL \u25cf OCTYLDODECANOL \u25cf CITRIC ACID. (F.I.L. C213999\/1).<\/p>\n<\/div>\n<\/div>\n<\/div>\n<\/div>\n","protected":false},"excerpt":{"rendered":"<p>Avec Casting Cr\u00e8me Gloss, passez le cap de la coloration. Une coloration soin sans ammoniaque pour un parfum agr\u00e9able qui<\/p>","protected":false},"featured_media":26427,"comment_status":"open","ping_status":"closed","template":"","meta":[],"pwb-brand":[588],"product_brand":[],"product_cat":[267,1022,1096],"product_tag":[],"class_list":{"0":"post-21763","1":"product","2":"type-product","3":"status-publish","4":"has-post-thumbnail","6":"pwb-brand-loreal-paris","7":"product_cat-beaute-et-soins","8":"product_cat-coiffures-et-soins-des-cheveux","9":"product_cat-colorations","11":"first","12":"instock","13":"shipping-taxable","14":"purchasable","15":"product-type-simple"},"yoast_head":"<!-- This site is optimized with the Yoast SEO plugin v27.1.1 - https:\/\/yoast.com\/product\/yoast-seo-wordpress\/ -->\n<title>L&#039;Or\u00e9al Paris - Casting Cr\u00e8me Gloss Ton sur Ton pour Cheveux - Sans Ammoniaque - Acajou (550) - NIRIGS<\/title>\n<meta name=\"robots\" content=\"index, follow, max-snippet:-1, max-image-preview:large, max-video-preview:-1\" \/>\n<link rel=\"canonical\" href=\"https:\/\/nirigs.com\/ar\/product\/loreal-paris-casting-creme-gloss-ton-sur-ton-pour-cheveux-sans-ammoniaque-acajou-550\/\" \/>\n<meta property=\"og:locale\" content=\"ar_AR\" \/>\n<meta property=\"og:type\" content=\"article\" \/>\n<meta property=\"og:title\" content=\"L&#039;Or\u00e9al Paris - Casting Cr\u00e8me Gloss Ton sur Ton pour Cheveux - Sans Ammoniaque - Acajou (550) - NIRIGS\" \/>\n<meta property=\"og:description\" content=\"Avec Casting Cr\u00e8me Gloss, passez le cap de la coloration. Une coloration soin sans ammoniaque pour un parfum agr\u00e9able qui\" \/>\n<meta property=\"og:url\" content=\"https:\/\/nirigs.com\/ar\/product\/loreal-paris-casting-creme-gloss-ton-sur-ton-pour-cheveux-sans-ammoniaque-acajou-550\/\" \/>\n<meta property=\"og:site_name\" content=\"NIRIGS\" \/>\n<meta property=\"article:modified_time\" content=\"2025-06-05T21:14:09+00:00\" \/>\n<meta property=\"og:image\" content=\"https:\/\/nirigs.com\/wp-content\/uploads\/2024\/10\/LOreal-Paris-\u2013-Casting-Creme-Gloss-Ton-sur-Ton-pour-Cheveux-\u2013-Sans-Ammoniaque-\u2013-Acajou-550.jpg\" \/>\n\t<meta property=\"og:image:width\" content=\"1000\" \/>\n\t<meta property=\"og:image:height\" content=\"1000\" \/>\n\t<meta property=\"og:image:type\" content=\"image\/jpeg\" \/>\n<meta name=\"twitter:card\" content=\"summary_large_image\" \/>\n<meta name=\"twitter:label1\" content=\"\u0648\u0642\u062a \u0627\u0644\u0642\u0631\u0627\u0621\u0629 \u0627\u0644\u0645\u064f\u0642\u062f\u0651\u0631\" \/>\n\t<meta name=\"twitter:data1\" content=\"\u062f\u0642\u064a\u0642\u062a\u0627\u0646\" \/>\n<script type=\"application\/ld+json\" class=\"yoast-schema-graph\">{\"@context\":\"https:\/\/schema.org\",\"@graph\":[{\"@type\":\"WebPage\",\"@id\":\"https:\/\/nirigs.com\/product\/loreal-paris-casting-creme-gloss-ton-sur-ton-pour-cheveux-sans-ammoniaque-acajou-550\/\",\"url\":\"https:\/\/nirigs.com\/product\/loreal-paris-casting-creme-gloss-ton-sur-ton-pour-cheveux-sans-ammoniaque-acajou-550\/\",\"name\":\"L'Or\u00e9al Paris - Casting Cr\u00e8me Gloss Ton sur Ton pour Cheveux - Sans Ammoniaque - Acajou (550) - NIRIGS\",\"isPartOf\":{\"@id\":\"https:\/\/nirigs.com\/#website\"},\"primaryImageOfPage\":{\"@id\":\"https:\/\/nirigs.com\/product\/loreal-paris-casting-creme-gloss-ton-sur-ton-pour-cheveux-sans-ammoniaque-acajou-550\/#primaryimage\"},\"image\":{\"@id\":\"https:\/\/nirigs.com\/product\/loreal-paris-casting-creme-gloss-ton-sur-ton-pour-cheveux-sans-ammoniaque-acajou-550\/#primaryimage\"},\"thumbnailUrl\":\"https:\/\/nirigs.com\/wp-content\/uploads\/2024\/10\/LOreal-Paris-\u2013-Casting-Creme-Gloss-Ton-sur-Ton-pour-Cheveux-\u2013-Sans-Ammoniaque-\u2013-Acajou-550.jpg\",\"datePublished\":\"2024-10-02T15:12:28+00:00\",\"dateModified\":\"2025-06-05T21:14:09+00:00\",\"breadcrumb\":{\"@id\":\"https:\/\/nirigs.com\/product\/loreal-paris-casting-creme-gloss-ton-sur-ton-pour-cheveux-sans-ammoniaque-acajou-550\/#breadcrumb\"},\"inLanguage\":\"ar\",\"potentialAction\":[{\"@type\":\"ReadAction\",\"target\":[\"https:\/\/nirigs.com\/product\/loreal-paris-casting-creme-gloss-ton-sur-ton-pour-cheveux-sans-ammoniaque-acajou-550\/\"]}]},{\"@type\":\"ImageObject\",\"inLanguage\":\"ar\",\"@id\":\"https:\/\/nirigs.com\/product\/loreal-paris-casting-creme-gloss-ton-sur-ton-pour-cheveux-sans-ammoniaque-acajou-550\/#primaryimage\",\"url\":\"https:\/\/nirigs.com\/wp-content\/uploads\/2024\/10\/LOreal-Paris-\u2013-Casting-Creme-Gloss-Ton-sur-Ton-pour-Cheveux-\u2013-Sans-Ammoniaque-\u2013-Acajou-550.jpg\",\"contentUrl\":\"https:\/\/nirigs.com\/wp-content\/uploads\/2024\/10\/LOreal-Paris-\u2013-Casting-Creme-Gloss-Ton-sur-Ton-pour-Cheveux-\u2013-Sans-Ammoniaque-\u2013-Acajou-550.jpg\",\"width\":1000,\"height\":1000},{\"@type\":\"BreadcrumbList\",\"@id\":\"https:\/\/nirigs.com\/product\/loreal-paris-casting-creme-gloss-ton-sur-ton-pour-cheveux-sans-ammoniaque-acajou-550\/#breadcrumb\",\"itemListElement\":[{\"@type\":\"ListItem\",\"position\":1,\"name\":\"Home\",\"item\":\"https:\/\/nirigs.com\/\"},{\"@type\":\"ListItem\",\"position\":2,\"name\":\"Parcourir\",\"item\":\"https:\/\/nirigs.com\/boutique\/\"},{\"@type\":\"ListItem\",\"position\":3,\"name\":\"L&rsquo;Or\u00e9al Paris &#8211; Casting Cr\u00e8me Gloss Ton sur Ton pour Cheveux &#8211; Sans Ammoniaque &#8211; Acajou (550)\"}]},{\"@type\":\"WebSite\",\"@id\":\"https:\/\/nirigs.com\/#website\",\"url\":\"https:\/\/nirigs.com\/\",\"name\":\"Nirigs.com\",\"description\":\"Simplifiez vos achats du quotidien \u00e0 Djibouti\",\"publisher\":{\"@id\":\"https:\/\/nirigs.com\/#organization\"},\"potentialAction\":[{\"@type\":\"SearchAction\",\"target\":{\"@type\":\"EntryPoint\",\"urlTemplate\":\"https:\/\/nirigs.com\/?s={search_term_string}\"},\"query-input\":{\"@type\":\"PropertyValueSpecification\",\"valueRequired\":true,\"valueName\":\"search_term_string\"}}],\"inLanguage\":\"ar\"},{\"@type\":\"Organization\",\"@id\":\"https:\/\/nirigs.com\/#organization\",\"name\":\"Nirigs\",\"url\":\"https:\/\/nirigs.com\/\",\"logo\":{\"@type\":\"ImageObject\",\"inLanguage\":\"ar\",\"@id\":\"https:\/\/nirigs.com\/#\/schema\/logo\/image\/\",\"url\":\"https:\/\/nirigs.com\/wp-content\/uploads\/2025\/04\/Design-sans-titre-27.png\",\"contentUrl\":\"https:\/\/nirigs.com\/wp-content\/uploads\/2025\/04\/Design-sans-titre-27.png\",\"width\":500,\"height\":500,\"caption\":\"Nirigs\"},\"image\":{\"@id\":\"https:\/\/nirigs.com\/#\/schema\/logo\/image\/\"}}]}<\/script>\n<!-- \/ Yoast SEO plugin. -->","yoast_head_json":{"title":"L'Or\u00e9al Paris - Casting Cr\u00e8me Gloss Ton sur Ton pour Cheveux - Sans Ammoniaque - Acajou (550) - NIRIGS","robots":{"index":"index","follow":"follow","max-snippet":"max-snippet:-1","max-image-preview":"max-image-preview:large","max-video-preview":"max-video-preview:-1"},"canonical":"https:\/\/nirigs.com\/ar\/product\/loreal-paris-casting-creme-gloss-ton-sur-ton-pour-cheveux-sans-ammoniaque-acajou-550\/","og_locale":"ar_AR","og_type":"article","og_title":"L'Or\u00e9al Paris - Casting Cr\u00e8me Gloss Ton sur Ton pour Cheveux - Sans Ammoniaque - Acajou (550) - NIRIGS","og_description":"Avec Casting Cr\u00e8me Gloss, passez le cap de la coloration. Une coloration soin sans ammoniaque pour un parfum agr\u00e9able qui","og_url":"https:\/\/nirigs.com\/ar\/product\/loreal-paris-casting-creme-gloss-ton-sur-ton-pour-cheveux-sans-ammoniaque-acajou-550\/","og_site_name":"NIRIGS","article_modified_time":"2025-06-05T21:14:09+00:00","og_image":[{"width":1000,"height":1000,"url":"https:\/\/nirigs.com\/wp-content\/uploads\/2024\/10\/LOreal-Paris-\u2013-Casting-Creme-Gloss-Ton-sur-Ton-pour-Cheveux-\u2013-Sans-Ammoniaque-\u2013-Acajou-550.jpg","type":"image\/jpeg"}],"twitter_card":"summary_large_image","twitter_misc":{"\u0648\u0642\u062a \u0627\u0644\u0642\u0631\u0627\u0621\u0629 \u0627\u0644\u0645\u064f\u0642\u062f\u0651\u0631":"\u062f\u0642\u064a\u0642\u062a\u0627\u0646"},"schema":{"@context":"https:\/\/schema.org","@graph":[{"@type":"WebPage","@id":"https:\/\/nirigs.com\/product\/loreal-paris-casting-creme-gloss-ton-sur-ton-pour-cheveux-sans-ammoniaque-acajou-550\/","url":"https:\/\/nirigs.com\/product\/loreal-paris-casting-creme-gloss-ton-sur-ton-pour-cheveux-sans-ammoniaque-acajou-550\/","name":"L'Or\u00e9al Paris - Casting Cr\u00e8me Gloss Ton sur Ton pour Cheveux - Sans Ammoniaque - Acajou (550) - NIRIGS","isPartOf":{"@id":"https:\/\/nirigs.com\/#website"},"primaryImageOfPage":{"@id":"https:\/\/nirigs.com\/product\/loreal-paris-casting-creme-gloss-ton-sur-ton-pour-cheveux-sans-ammoniaque-acajou-550\/#primaryimage"},"image":{"@id":"https:\/\/nirigs.com\/product\/loreal-paris-casting-creme-gloss-ton-sur-ton-pour-cheveux-sans-ammoniaque-acajou-550\/#primaryimage"},"thumbnailUrl":"https:\/\/nirigs.com\/wp-content\/uploads\/2024\/10\/LOreal-Paris-\u2013-Casting-Creme-Gloss-Ton-sur-Ton-pour-Cheveux-\u2013-Sans-Ammoniaque-\u2013-Acajou-550.jpg","datePublished":"2024-10-02T15:12:28+00:00","dateModified":"2025-06-05T21:14:09+00:00","breadcrumb":{"@id":"https:\/\/nirigs.com\/product\/loreal-paris-casting-creme-gloss-ton-sur-ton-pour-cheveux-sans-ammoniaque-acajou-550\/#breadcrumb"},"inLanguage":"ar","potentialAction":[{"@type":"ReadAction","target":["https:\/\/nirigs.com\/product\/loreal-paris-casting-creme-gloss-ton-sur-ton-pour-cheveux-sans-ammoniaque-acajou-550\/"]}]},{"@type":"ImageObject","inLanguage":"ar","@id":"https:\/\/nirigs.com\/product\/loreal-paris-casting-creme-gloss-ton-sur-ton-pour-cheveux-sans-ammoniaque-acajou-550\/#primaryimage","url":"https:\/\/nirigs.com\/wp-content\/uploads\/2024\/10\/LOreal-Paris-\u2013-Casting-Creme-Gloss-Ton-sur-Ton-pour-Cheveux-\u2013-Sans-Ammoniaque-\u2013-Acajou-550.jpg","contentUrl":"https:\/\/nirigs.com\/wp-content\/uploads\/2024\/10\/LOreal-Paris-\u2013-Casting-Creme-Gloss-Ton-sur-Ton-pour-Cheveux-\u2013-Sans-Ammoniaque-\u2013-Acajou-550.jpg","width":1000,"height":1000},{"@type":"BreadcrumbList","@id":"https:\/\/nirigs.com\/product\/loreal-paris-casting-creme-gloss-ton-sur-ton-pour-cheveux-sans-ammoniaque-acajou-550\/#breadcrumb","itemListElement":[{"@type":"ListItem","position":1,"name":"Home","item":"https:\/\/nirigs.com\/"},{"@type":"ListItem","position":2,"name":"Parcourir","item":"https:\/\/nirigs.com\/boutique\/"},{"@type":"ListItem","position":3,"name":"L&rsquo;Or\u00e9al Paris &#8211; Casting Cr\u00e8me Gloss Ton sur Ton pour Cheveux &#8211; Sans Ammoniaque &#8211; Acajou (550)"}]},{"@type":"WebSite","@id":"https:\/\/nirigs.com\/#website","url":"https:\/\/nirigs.com\/","name":"Nirigs.com","description":"Simplifiez vos achats du quotidien \u00e0 Djibouti","publisher":{"@id":"https:\/\/nirigs.com\/#organization"},"potentialAction":[{"@type":"SearchAction","target":{"@type":"EntryPoint","urlTemplate":"https:\/\/nirigs.com\/?s={search_term_string}"},"query-input":{"@type":"PropertyValueSpecification","valueRequired":true,"valueName":"search_term_string"}}],"inLanguage":"ar"},{"@type":"Organization","@id":"https:\/\/nirigs.com\/#organization","name":"\u0646\u064a\u0631\u064a\u062c\u0633","url":"https:\/\/nirigs.com\/","logo":{"@type":"ImageObject","inLanguage":"ar","@id":"https:\/\/nirigs.com\/#\/schema\/logo\/image\/","url":"https:\/\/nirigs.com\/wp-content\/uploads\/2025\/04\/Design-sans-titre-27.png","contentUrl":"https:\/\/nirigs.com\/wp-content\/uploads\/2025\/04\/Design-sans-titre-27.png","width":500,"height":500,"caption":"Nirigs"},"image":{"@id":"https:\/\/nirigs.com\/#\/schema\/logo\/image\/"}}]}},"brands":[{"id":588,"name":"L'Or\u00e9al Paris","slug":"loreal-paris"}],"_links":{"self":[{"href":"https:\/\/nirigs.com\/ar\/wp-json\/wp\/v2\/product\/21763","targetHints":{"allow":["GET"]}}],"collection":[{"href":"https:\/\/nirigs.com\/ar\/wp-json\/wp\/v2\/product"}],"about":[{"href":"https:\/\/nirigs.com\/ar\/wp-json\/wp\/v2\/types\/product"}],"replies":[{"embeddable":true,"href":"https:\/\/nirigs.com\/ar\/wp-json\/wp\/v2\/comments?post=21763"}],"version-history":[{"count":9,"href":"https:\/\/nirigs.com\/ar\/wp-json\/wp\/v2\/product\/21763\/revisions"}],"predecessor-version":[{"id":24115,"href":"https:\/\/nirigs.com\/ar\/wp-json\/wp\/v2\/product\/21763\/revisions\/24115"}],"wp:featuredmedia":[{"embeddable":true,"href":"https:\/\/nirigs.com\/ar\/wp-json\/wp\/v2\/media\/26427"}],"wp:attachment":[{"href":"https:\/\/nirigs.com\/ar\/wp-json\/wp\/v2\/media?parent=21763"}],"wp:term":[{"taxonomy":"pwb-brand","embeddable":true,"href":"https:\/\/nirigs.com\/ar\/wp-json\/wp\/v2\/pwb-brand?post=21763"},{"taxonomy":"product_brand","embeddable":true,"href":"https:\/\/nirigs.com\/ar\/wp-json\/wp\/v2\/product_brand?post=21763"},{"taxonomy":"product_cat","embeddable":true,"href":"https:\/\/nirigs.com\/ar\/wp-json\/wp\/v2\/product_cat?post=21763"},{"taxonomy":"product_tag","embeddable":true,"href":"https:\/\/nirigs.com\/ar\/wp-json\/wp\/v2\/product_tag?post=21763"}],"curies":[{"name":"wp","href":"https:\/\/api.w.org\/{rel}","templated":true}]}}