{"id":21749,"date":"2024-10-02T17:39:39","date_gmt":"2024-10-02T14:39:39","guid":{"rendered":"https:\/\/nirigs.com\/?post_type=product&#038;p=21749"},"modified":"2025-04-22T11:43:26","modified_gmt":"2025-04-22T08:43:26","slug":"garnier-ultra-brun-coloration-3-0-le-chatain-fonce-pur","status":"publish","type":"product","link":"https:\/\/nirigs.com\/ar\/product\/garnier-ultra-brun-coloration-3-0-le-chatain-fonce-pur\/","title":{"rendered":"Garnier &#8211; Ultra Brun Coloration 3.0 Le Ch\u00e2tain Fonc\u00e9 Pur"},"content":{"rendered":"<p style=\"text-align: left\" data-mce-style=\"text-align: left;\">D\u00e9couvrez 100% Color de Garnier, la coloration cr\u00e8me permanente\u00a0d\u00e9di\u00e9e aux cheveux fonc\u00e9s.<br \/>Une Couleur ultra longue tenue : enrichie en Huile de Cam\u00e9lia, la formule haute adh\u00e9rence 100% Color p\u00e9n\u00e8tre la fibre capillaire pour une couleur jusqu\u2019\u00e0 2x plus \u00e9clatante, riche, intense, et qui r\u00e9siste longtemps.<\/p>\n<p style=\"text-align: left\" data-mce-style=\"text-align: left;\">Sa texture cr\u00e8me riche et \u00e9paisse enrobe chaque cheveu pour faciliter la prise de la coloration et couvrir 100% des cheveux blancs pour longtemps.<\/p>\n<p style=\"text-align: left\" data-mce-style=\"text-align: left;\">Un soin nourrissant r\u00e9utilisable : enrichi en Huile de Rose et en Nacre, le soin nourrissant apr\u00e8s coloration, au d\u00e9licat parfum floral, rend vos cheveux doux et soyeux. Son format g\u00e9n\u00e9reux vous offre jusqu\u2019\u00e0 4 semaines d\u2019utilisation.<\/p>\n<h4>\u064a\u0633\u062a\u062e\u062f\u0645<\/h4>\n<p>* Versez le contenu de la cr\u00e8me colorante dans le flacon applicateur du lait r\u00e9v\u00e9lateur.<\/p>\n<ul>\n<li>M\u00e9langez puis cassez imm\u00e9diatement l\u2019embout. C\u2019est parti !<\/li>\n<li>Appliquez le m\u00e9lange en commen\u00e7ant par les racines puis r\u00e9partissez sur l\u2019ensemble de la chevelure. Laissez poser 30 minutes.<\/li>\n<li>Rincez soigneusement jusqu\u2019\u00e0 ce que l\u2019eau soit claire puis appliquez le soin nourrissant r\u00e9utilisable.<\/li>\n<li>Laissez agir 2-3 minutes puis rincez.<\/li>\n<\/ul>\n<h4>\u0645\u0643\u0648\u0646\u0627\u062a<\/h4>\n<p>AQUA \/ WATER \u2022 CETEARYL ALCOHOL \u2022 AMODIMETHICONE \u2022 BEHENTRIMONIUM CHLORIDE \u2022 ROSA CANINA FRUIT OIL \u2022 TRIDECETH-6 \u2022 DODECENE \u2022 POLOXAMER 407 \u2022 ISOPROPYL ALCOHOL \u2022 PROPYLENE GLYCOL \u2022 NACRE POWDER \u2022 CITRIC ACID \u2022 LAURYL PEG\/PPG-18\/18 METHICONE \u2022 ISOSTEARYL ALCOHOL \u2022 CETYL ESTERS \u2022 PROPYL GALLATE \u2022 CHLORHEXIDINE DIGLUCONATE \u2022 CETRIMONIUM CHLORIDE \u2022 CI 17200 \/ RED 33 \u2022 CI 19140 \/ YELLOW 5 \u2022 PARFUM \/ FRAGRANCE<\/p>","protected":false},"excerpt":{"rendered":"<p><br data-mce-bogus=\"1\"><\/p>","protected":false},"featured_media":21750,"comment_status":"open","ping_status":"closed","template":"","meta":[],"pwb-brand":[1091],"product_brand":[],"product_cat":[267,1022,1096],"product_tag":[],"class_list":{"0":"post-21749","1":"product","2":"type-product","3":"status-publish","4":"has-post-thumbnail","6":"pwb-brand-garnier","7":"product_cat-beaute-et-soins","8":"product_cat-coiffures-et-soins-des-cheveux","9":"product_cat-colorations","11":"first","12":"instock","13":"shipping-taxable","14":"purchasable","15":"product-type-simple"},"yoast_head":"<!-- This site is optimized with the Yoast SEO plugin v27.4 - https:\/\/yoast.com\/product\/yoast-seo-wordpress\/ -->\n<title>Garnier - Ultra Brun Coloration 3.0 Le Ch\u00e2tain Fonc\u00e9 Pur - NIRIGS<\/title>\n<meta name=\"robots\" content=\"index, follow, max-snippet:-1, max-image-preview:large, max-video-preview:-1\" \/>\n<link rel=\"canonical\" href=\"https:\/\/nirigs.com\/ar\/product\/garnier-ultra-brun-coloration-3-0-le-chatain-fonce-pur\/\" \/>\n<meta property=\"og:locale\" content=\"ar_AR\" \/>\n<meta property=\"og:type\" content=\"article\" \/>\n<meta property=\"og:title\" content=\"Garnier - Ultra Brun Coloration 3.0 Le Ch\u00e2tain Fonc\u00e9 Pur - NIRIGS\" \/>\n<meta property=\"og:url\" content=\"https:\/\/nirigs.com\/ar\/product\/garnier-ultra-brun-coloration-3-0-le-chatain-fonce-pur\/\" \/>\n<meta property=\"og:site_name\" content=\"NIRIGS\" \/>\n<meta property=\"article:modified_time\" content=\"2025-04-22T08:43:26+00:00\" \/>\n<meta property=\"og:image\" content=\"https:\/\/nirigs.com\/wp-content\/uploads\/2024\/09\/Garnier-Ultra-Brun-Coloration-3.0-Le-Chatain-Fonce-Pur-Lot-de-2.jpg\" \/>\n\t<meta property=\"og:image:width\" content=\"1000\" \/>\n\t<meta property=\"og:image:height\" content=\"1000\" \/>\n\t<meta property=\"og:image:type\" content=\"image\/jpeg\" \/>\n<meta name=\"twitter:card\" content=\"summary_large_image\" \/>\n<meta name=\"twitter:label1\" content=\"\u0648\u0642\u062a \u0627\u0644\u0642\u0631\u0627\u0621\u0629 \u0627\u0644\u0645\u064f\u0642\u062f\u0651\u0631\" \/>\n\t<meta name=\"twitter:data1\" content=\"\u062f\u0642\u064a\u0642\u0629 \u0648\u0627\u062d\u062f\u0629\" \/>\n<script type=\"application\/ld+json\" class=\"yoast-schema-graph\">{\"@context\":\"https:\\\/\\\/schema.org\",\"@graph\":[{\"@type\":\"WebPage\",\"@id\":\"https:\\\/\\\/nirigs.com\\\/product\\\/garnier-ultra-brun-coloration-3-0-le-chatain-fonce-pur\\\/\",\"url\":\"https:\\\/\\\/nirigs.com\\\/product\\\/garnier-ultra-brun-coloration-3-0-le-chatain-fonce-pur\\\/\",\"name\":\"Garnier - Ultra Brun Coloration 3.0 Le Ch\u00e2tain Fonc\u00e9 Pur - NIRIGS\",\"isPartOf\":{\"@id\":\"https:\\\/\\\/nirigs.com\\\/#website\"},\"primaryImageOfPage\":{\"@id\":\"https:\\\/\\\/nirigs.com\\\/product\\\/garnier-ultra-brun-coloration-3-0-le-chatain-fonce-pur\\\/#primaryimage\"},\"image\":{\"@id\":\"https:\\\/\\\/nirigs.com\\\/product\\\/garnier-ultra-brun-coloration-3-0-le-chatain-fonce-pur\\\/#primaryimage\"},\"thumbnailUrl\":\"https:\\\/\\\/nirigs.com\\\/wp-content\\\/uploads\\\/2024\\\/09\\\/Garnier-Ultra-Brun-Coloration-3.0-Le-Chatain-Fonce-Pur-Lot-de-2.jpg\",\"datePublished\":\"2024-10-02T14:39:39+00:00\",\"dateModified\":\"2025-04-22T08:43:26+00:00\",\"breadcrumb\":{\"@id\":\"https:\\\/\\\/nirigs.com\\\/product\\\/garnier-ultra-brun-coloration-3-0-le-chatain-fonce-pur\\\/#breadcrumb\"},\"inLanguage\":\"ar\",\"potentialAction\":[{\"@type\":\"ReadAction\",\"target\":[\"https:\\\/\\\/nirigs.com\\\/product\\\/garnier-ultra-brun-coloration-3-0-le-chatain-fonce-pur\\\/\"]}]},{\"@type\":\"ImageObject\",\"inLanguage\":\"ar\",\"@id\":\"https:\\\/\\\/nirigs.com\\\/product\\\/garnier-ultra-brun-coloration-3-0-le-chatain-fonce-pur\\\/#primaryimage\",\"url\":\"https:\\\/\\\/nirigs.com\\\/wp-content\\\/uploads\\\/2024\\\/09\\\/Garnier-Ultra-Brun-Coloration-3.0-Le-Chatain-Fonce-Pur-Lot-de-2.jpg\",\"contentUrl\":\"https:\\\/\\\/nirigs.com\\\/wp-content\\\/uploads\\\/2024\\\/09\\\/Garnier-Ultra-Brun-Coloration-3.0-Le-Chatain-Fonce-Pur-Lot-de-2.jpg\",\"width\":1000,\"height\":1000},{\"@type\":\"BreadcrumbList\",\"@id\":\"https:\\\/\\\/nirigs.com\\\/product\\\/garnier-ultra-brun-coloration-3-0-le-chatain-fonce-pur\\\/#breadcrumb\",\"itemListElement\":[{\"@type\":\"ListItem\",\"position\":1,\"name\":\"Home\",\"item\":\"https:\\\/\\\/nirigs.com\\\/\"},{\"@type\":\"ListItem\",\"position\":2,\"name\":\"Parcourir\",\"item\":\"https:\\\/\\\/nirigs.com\\\/boutique\\\/\"},{\"@type\":\"ListItem\",\"position\":3,\"name\":\"Garnier &#8211; Ultra Brun Coloration 3.0 Le Ch\u00e2tain Fonc\u00e9 Pur\"}]},{\"@type\":\"WebSite\",\"@id\":\"https:\\\/\\\/nirigs.com\\\/#website\",\"url\":\"https:\\\/\\\/nirigs.com\\\/\",\"name\":\"Nirigs.com\",\"description\":\"Simplifiez vos achats du quotidien \u00e0 Djibouti\",\"publisher\":{\"@id\":\"https:\\\/\\\/nirigs.com\\\/#organization\"},\"potentialAction\":[{\"@type\":\"SearchAction\",\"target\":{\"@type\":\"EntryPoint\",\"urlTemplate\":\"https:\\\/\\\/nirigs.com\\\/?s={search_term_string}\"},\"query-input\":{\"@type\":\"PropertyValueSpecification\",\"valueRequired\":true,\"valueName\":\"search_term_string\"}}],\"inLanguage\":\"ar\"},{\"@type\":\"Organization\",\"@id\":\"https:\\\/\\\/nirigs.com\\\/#organization\",\"name\":\"Nirigs\",\"url\":\"https:\\\/\\\/nirigs.com\\\/\",\"logo\":{\"@type\":\"ImageObject\",\"inLanguage\":\"ar\",\"@id\":\"https:\\\/\\\/nirigs.com\\\/#\\\/schema\\\/logo\\\/image\\\/\",\"url\":\"https:\\\/\\\/nirigs.com\\\/wp-content\\\/uploads\\\/2025\\\/04\\\/Design-sans-titre-27.png\",\"contentUrl\":\"https:\\\/\\\/nirigs.com\\\/wp-content\\\/uploads\\\/2025\\\/04\\\/Design-sans-titre-27.png\",\"width\":500,\"height\":500,\"caption\":\"Nirigs\"},\"image\":{\"@id\":\"https:\\\/\\\/nirigs.com\\\/#\\\/schema\\\/logo\\\/image\\\/\"}}]}<\/script>\n<!-- \/ Yoast SEO plugin. -->","yoast_head_json":{"title":"Garnier - Ultra Brun Coloration 3.0 Le Ch\u00e2tain Fonc\u00e9 Pur - NIRIGS","robots":{"index":"index","follow":"follow","max-snippet":"max-snippet:-1","max-image-preview":"max-image-preview:large","max-video-preview":"max-video-preview:-1"},"canonical":"https:\/\/nirigs.com\/ar\/product\/garnier-ultra-brun-coloration-3-0-le-chatain-fonce-pur\/","og_locale":"ar_AR","og_type":"article","og_title":"Garnier - Ultra Brun Coloration 3.0 Le Ch\u00e2tain Fonc\u00e9 Pur - NIRIGS","og_url":"https:\/\/nirigs.com\/ar\/product\/garnier-ultra-brun-coloration-3-0-le-chatain-fonce-pur\/","og_site_name":"NIRIGS","article_modified_time":"2025-04-22T08:43:26+00:00","og_image":[{"width":1000,"height":1000,"url":"https:\/\/nirigs.com\/wp-content\/uploads\/2024\/09\/Garnier-Ultra-Brun-Coloration-3.0-Le-Chatain-Fonce-Pur-Lot-de-2.jpg","type":"image\/jpeg"}],"twitter_card":"summary_large_image","twitter_misc":{"\u0648\u0642\u062a \u0627\u0644\u0642\u0631\u0627\u0621\u0629 \u0627\u0644\u0645\u064f\u0642\u062f\u0651\u0631":"\u062f\u0642\u064a\u0642\u0629 \u0648\u0627\u062d\u062f\u0629"},"schema":{"@context":"https:\/\/schema.org","@graph":[{"@type":"WebPage","@id":"https:\/\/nirigs.com\/product\/garnier-ultra-brun-coloration-3-0-le-chatain-fonce-pur\/","url":"https:\/\/nirigs.com\/product\/garnier-ultra-brun-coloration-3-0-le-chatain-fonce-pur\/","name":"Garnier - Ultra Brun Coloration 3.0 Le Ch\u00e2tain Fonc\u00e9 Pur - NIRIGS","isPartOf":{"@id":"https:\/\/nirigs.com\/#website"},"primaryImageOfPage":{"@id":"https:\/\/nirigs.com\/product\/garnier-ultra-brun-coloration-3-0-le-chatain-fonce-pur\/#primaryimage"},"image":{"@id":"https:\/\/nirigs.com\/product\/garnier-ultra-brun-coloration-3-0-le-chatain-fonce-pur\/#primaryimage"},"thumbnailUrl":"https:\/\/nirigs.com\/wp-content\/uploads\/2024\/09\/Garnier-Ultra-Brun-Coloration-3.0-Le-Chatain-Fonce-Pur-Lot-de-2.jpg","datePublished":"2024-10-02T14:39:39+00:00","dateModified":"2025-04-22T08:43:26+00:00","breadcrumb":{"@id":"https:\/\/nirigs.com\/product\/garnier-ultra-brun-coloration-3-0-le-chatain-fonce-pur\/#breadcrumb"},"inLanguage":"ar","potentialAction":[{"@type":"ReadAction","target":["https:\/\/nirigs.com\/product\/garnier-ultra-brun-coloration-3-0-le-chatain-fonce-pur\/"]}]},{"@type":"ImageObject","inLanguage":"ar","@id":"https:\/\/nirigs.com\/product\/garnier-ultra-brun-coloration-3-0-le-chatain-fonce-pur\/#primaryimage","url":"https:\/\/nirigs.com\/wp-content\/uploads\/2024\/09\/Garnier-Ultra-Brun-Coloration-3.0-Le-Chatain-Fonce-Pur-Lot-de-2.jpg","contentUrl":"https:\/\/nirigs.com\/wp-content\/uploads\/2024\/09\/Garnier-Ultra-Brun-Coloration-3.0-Le-Chatain-Fonce-Pur-Lot-de-2.jpg","width":1000,"height":1000},{"@type":"BreadcrumbList","@id":"https:\/\/nirigs.com\/product\/garnier-ultra-brun-coloration-3-0-le-chatain-fonce-pur\/#breadcrumb","itemListElement":[{"@type":"ListItem","position":1,"name":"Home","item":"https:\/\/nirigs.com\/"},{"@type":"ListItem","position":2,"name":"Parcourir","item":"https:\/\/nirigs.com\/boutique\/"},{"@type":"ListItem","position":3,"name":"Garnier &#8211; Ultra Brun Coloration 3.0 Le Ch\u00e2tain Fonc\u00e9 Pur"}]},{"@type":"WebSite","@id":"https:\/\/nirigs.com\/#website","url":"https:\/\/nirigs.com\/","name":"Nirigs.com","description":"Simplifiez vos achats du quotidien \u00e0 Djibouti","publisher":{"@id":"https:\/\/nirigs.com\/#organization"},"potentialAction":[{"@type":"SearchAction","target":{"@type":"EntryPoint","urlTemplate":"https:\/\/nirigs.com\/?s={search_term_string}"},"query-input":{"@type":"PropertyValueSpecification","valueRequired":true,"valueName":"search_term_string"}}],"inLanguage":"ar"},{"@type":"Organization","@id":"https:\/\/nirigs.com\/#organization","name":"\u0646\u064a\u0631\u064a\u062c\u0633","url":"https:\/\/nirigs.com\/","logo":{"@type":"ImageObject","inLanguage":"ar","@id":"https:\/\/nirigs.com\/#\/schema\/logo\/image\/","url":"https:\/\/nirigs.com\/wp-content\/uploads\/2025\/04\/Design-sans-titre-27.png","contentUrl":"https:\/\/nirigs.com\/wp-content\/uploads\/2025\/04\/Design-sans-titre-27.png","width":500,"height":500,"caption":"Nirigs"},"image":{"@id":"https:\/\/nirigs.com\/#\/schema\/logo\/image\/"}}]}},"brands":[{"id":1091,"name":"Garnier","slug":"garnier"}],"_links":{"self":[{"href":"https:\/\/nirigs.com\/ar\/wp-json\/wp\/v2\/product\/21749","targetHints":{"allow":["GET"]}}],"collection":[{"href":"https:\/\/nirigs.com\/ar\/wp-json\/wp\/v2\/product"}],"about":[{"href":"https:\/\/nirigs.com\/ar\/wp-json\/wp\/v2\/types\/product"}],"replies":[{"embeddable":true,"href":"https:\/\/nirigs.com\/ar\/wp-json\/wp\/v2\/comments?post=21749"}],"version-history":[{"count":8,"href":"https:\/\/nirigs.com\/ar\/wp-json\/wp\/v2\/product\/21749\/revisions"}],"predecessor-version":[{"id":27002,"href":"https:\/\/nirigs.com\/ar\/wp-json\/wp\/v2\/product\/21749\/revisions\/27002"}],"wp:featuredmedia":[{"embeddable":true,"href":"https:\/\/nirigs.com\/ar\/wp-json\/wp\/v2\/media\/21750"}],"wp:attachment":[{"href":"https:\/\/nirigs.com\/ar\/wp-json\/wp\/v2\/media?parent=21749"}],"wp:term":[{"taxonomy":"pwb-brand","embeddable":true,"href":"https:\/\/nirigs.com\/ar\/wp-json\/wp\/v2\/pwb-brand?post=21749"},{"taxonomy":"product_brand","embeddable":true,"href":"https:\/\/nirigs.com\/ar\/wp-json\/wp\/v2\/product_brand?post=21749"},{"taxonomy":"product_cat","embeddable":true,"href":"https:\/\/nirigs.com\/ar\/wp-json\/wp\/v2\/product_cat?post=21749"},{"taxonomy":"product_tag","embeddable":true,"href":"https:\/\/nirigs.com\/ar\/wp-json\/wp\/v2\/product_tag?post=21749"}],"curies":[{"name":"wp","href":"https:\/\/api.w.org\/{rel}","templated":true}]}}