{"id":21743,"date":"2024-10-02T17:51:12","date_gmt":"2024-10-02T14:51:12","guid":{"rendered":"https:\/\/nirigs.com\/?post_type=product&#038;p=21743"},"modified":"2025-04-22T11:25:00","modified_gmt":"2025-04-22T08:25:00","slug":"loreal-paris-excellence-creme-coloration-pour-cheveux-60-ml","status":"publish","type":"product","link":"https:\/\/nirigs.com\/ar\/product\/loreal-paris-excellence-creme-coloration-pour-cheveux-60-ml\/","title":{"rendered":"\u0644\u0648\u0631\u064a\u0627\u0644 \u0628\u0627\u0631\u064a\u0633 \u2013 \u0625\u0643\u0633\u0644\u0627\u0646\u0633 \u2013 \u0643\u0631\u064a\u0645 \u0635\u0628\u063a \u0627\u0644\u0634\u0639\u0631 \u2013 60 \u0645\u0644"},"content":{"rendered":"<p>L&rsquo;Or\u00e9al Paris Excellence Cr\u00e8me est une coloration permanente id\u00e9ale pour couvrir les cheveux blancs. Cette coloration offre une couverture \u00e0 100% des cheveux blancs. Excellence Cr\u00e8me est une coloration triple soin.<\/p>\n<p>La cr\u00e8me colorante prot\u00e8ge, le shampooing pH doux est doux pour le cuir chevelu et le nourrit, et le masque capillaire nourrit les cheveux. La cr\u00e8me colorante, enrichie en pro-k\u00e9ratine, aide \u00e0 renforcer les cheveux.<\/p>\n<p>De plus, la coloration contient un s\u00e9rum qui prot\u00e8ge les cheveux pendant la coloration. Ainsi, la formule prot\u00e8ge les cheveux pendant la coloration et offre une couleur longue dur\u00e9e. Le kit de coloration comprend \u00e9galement un shampooing pH.<\/p>\n<p>Celui-ci est doux pour le cuir chevelu. Le masque capillaire Excellence Cr\u00e8me est la derni\u00e8re \u00e9tape du traitement colorant. Il a une formule l\u00e9g\u00e8re enrichie en c\u00e9ramides qui nourrit intens\u00e9ment les cheveux sans les alourdir.<\/p>\n<p>Vous pouvez utiliser le masque capillaire plusieurs fois apr\u00e8s la coloration pour maintenir les cheveux brillants, souples et pleins de vie.<\/p>\n<ul>\n<li>Coloration permanente offrant jusqu&rsquo;\u00e0 100% de couverture des cheveux blancs<\/li>\n<li>R\u00e9sultat de couleur riche et vibrante<\/li>\n<li>Les cheveux sont brillants et souples<\/li>\n<li>Coloration triple soin avec l&rsquo;acide hyaluronique<\/li>\n<li>Contient une cr\u00e8me colorante protectrice, un shampooing pH doux et un masque capillaire nourrissant<\/li>\n<\/ul>\n<h4>Utilisation<\/h4>\n<ul>\n<li>Appliquer le produit sur cheveux secs et non lav\u00e9s depuis 2 jours.<\/li>\n<li>Respecter le temps de pose indiqu\u00e9 sur l&#8217;emballage.<\/li>\n<li>Rincer abondamment.<\/li>\n<li>Appliquer le soin apr\u00e8s-shampooing inclus.<\/li>\n<\/ul>\n<h4>Ingr\u00e9dients<\/h4>\n<p>Aqua \/ Water, Cetearyl Alcohol, Propylene Glycol, Deceth-3, Laureth-12, Ammonium Hydroxide, Oleth-30, Hexadimethrine Chloride, Lauric Acid, Glycol Distearate, Polyquaternium-22, Ethanolamine, Silica Dimethyl Silylate [Nano] \/ Silica Dimethyl Silylate, Resorcinol, Ci 77891 \/ Titanium Dioxide, P-Aminophenol, M-Aminophenol, Ascorbic Acid, Sodium Metabisulfite, 2-Methylresorcinol, 2-Methyl-5-Hydroxyethylaminophenol, Dimethicone, Proline, P-Phenylenediamine, Carbomer, Threonine, Edta, Parfum \/ Fragrance. (F.I.L. C226886\/1).<\/p>\n","protected":false},"excerpt":{"rendered":"<p><br data-mce-bogus=\"1\"><\/p>","protected":false},"featured_media":26424,"comment_status":"open","ping_status":"closed","template":"","meta":[],"pwb-brand":[588],"product_brand":[],"product_cat":[267,1022,1096],"product_tag":[],"class_list":{"0":"post-21743","1":"product","2":"type-product","3":"status-publish","4":"has-post-thumbnail","6":"pwb-brand-loreal-paris","7":"product_cat-beaute-et-soins","8":"product_cat-coiffures-et-soins-des-cheveux","9":"product_cat-colorations","11":"first","12":"instock","13":"shipping-taxable","14":"purchasable","15":"product-type-simple"},"yoast_head":"<!-- This site is optimized with the Yoast SEO plugin v27.1.1 - https:\/\/yoast.com\/product\/yoast-seo-wordpress\/ -->\n<title>L&#039;Or\u00e9al Paris - Excellence-Cr\u00e8me Coloration pour Cheveux - 60 ml - NIRIGS<\/title>\n<meta name=\"robots\" content=\"index, follow, max-snippet:-1, max-image-preview:large, max-video-preview:-1\" \/>\n<link rel=\"canonical\" href=\"https:\/\/nirigs.com\/ar\/product\/loreal-paris-excellence-creme-coloration-pour-cheveux-60-ml\/\" \/>\n<meta property=\"og:locale\" content=\"ar_AR\" \/>\n<meta property=\"og:type\" content=\"article\" \/>\n<meta property=\"og:title\" content=\"L&#039;Or\u00e9al Paris - Excellence-Cr\u00e8me Coloration pour Cheveux - 60 ml - NIRIGS\" \/>\n<meta property=\"og:url\" content=\"https:\/\/nirigs.com\/ar\/product\/loreal-paris-excellence-creme-coloration-pour-cheveux-60-ml\/\" \/>\n<meta property=\"og:site_name\" content=\"NIRIGS\" \/>\n<meta property=\"article:modified_time\" content=\"2025-04-22T08:25:00+00:00\" \/>\n<meta property=\"og:image\" content=\"https:\/\/nirigs.com\/wp-content\/uploads\/2024\/10\/LOreal-Paris-Excellence-Creme-Coloration-pour-Cheveux-60-ml-3.jpg\" \/>\n\t<meta property=\"og:image:width\" content=\"1000\" \/>\n\t<meta property=\"og:image:height\" content=\"1000\" \/>\n\t<meta property=\"og:image:type\" content=\"image\/jpeg\" \/>\n<meta name=\"twitter:card\" content=\"summary_large_image\" \/>\n<meta name=\"twitter:label1\" content=\"\u0648\u0642\u062a \u0627\u0644\u0642\u0631\u0627\u0621\u0629 \u0627\u0644\u0645\u064f\u0642\u062f\u0651\u0631\" \/>\n\t<meta name=\"twitter:data1\" content=\"\u062f\u0642\u064a\u0642\u0629 \u0648\u0627\u062d\u062f\u0629\" \/>\n<script type=\"application\/ld+json\" class=\"yoast-schema-graph\">{\"@context\":\"https:\/\/schema.org\",\"@graph\":[{\"@type\":\"WebPage\",\"@id\":\"https:\/\/nirigs.com\/product\/loreal-paris-excellence-creme-coloration-pour-cheveux-60-ml\/\",\"url\":\"https:\/\/nirigs.com\/product\/loreal-paris-excellence-creme-coloration-pour-cheveux-60-ml\/\",\"name\":\"L'Or\u00e9al Paris - Excellence-Cr\u00e8me Coloration pour Cheveux - 60 ml - NIRIGS\",\"isPartOf\":{\"@id\":\"https:\/\/nirigs.com\/#website\"},\"primaryImageOfPage\":{\"@id\":\"https:\/\/nirigs.com\/product\/loreal-paris-excellence-creme-coloration-pour-cheveux-60-ml\/#primaryimage\"},\"image\":{\"@id\":\"https:\/\/nirigs.com\/product\/loreal-paris-excellence-creme-coloration-pour-cheveux-60-ml\/#primaryimage\"},\"thumbnailUrl\":\"https:\/\/nirigs.com\/wp-content\/uploads\/2024\/10\/LOreal-Paris-Excellence-Creme-Coloration-pour-Cheveux-60-ml-3.jpg\",\"datePublished\":\"2024-10-02T14:51:12+00:00\",\"dateModified\":\"2025-04-22T08:25:00+00:00\",\"breadcrumb\":{\"@id\":\"https:\/\/nirigs.com\/product\/loreal-paris-excellence-creme-coloration-pour-cheveux-60-ml\/#breadcrumb\"},\"inLanguage\":\"ar\",\"potentialAction\":[{\"@type\":\"ReadAction\",\"target\":[\"https:\/\/nirigs.com\/product\/loreal-paris-excellence-creme-coloration-pour-cheveux-60-ml\/\"]}]},{\"@type\":\"ImageObject\",\"inLanguage\":\"ar\",\"@id\":\"https:\/\/nirigs.com\/product\/loreal-paris-excellence-creme-coloration-pour-cheveux-60-ml\/#primaryimage\",\"url\":\"https:\/\/nirigs.com\/wp-content\/uploads\/2024\/10\/LOreal-Paris-Excellence-Creme-Coloration-pour-Cheveux-60-ml-3.jpg\",\"contentUrl\":\"https:\/\/nirigs.com\/wp-content\/uploads\/2024\/10\/LOreal-Paris-Excellence-Creme-Coloration-pour-Cheveux-60-ml-3.jpg\",\"width\":1000,\"height\":1000},{\"@type\":\"BreadcrumbList\",\"@id\":\"https:\/\/nirigs.com\/product\/loreal-paris-excellence-creme-coloration-pour-cheveux-60-ml\/#breadcrumb\",\"itemListElement\":[{\"@type\":\"ListItem\",\"position\":1,\"name\":\"Home\",\"item\":\"https:\/\/nirigs.com\/\"},{\"@type\":\"ListItem\",\"position\":2,\"name\":\"Parcourir\",\"item\":\"https:\/\/nirigs.com\/boutique\/\"},{\"@type\":\"ListItem\",\"position\":3,\"name\":\"L&rsquo;Or\u00e9al Paris &#8211; Excellence-Cr\u00e8me Coloration pour Cheveux &#8211; 60 ml\"}]},{\"@type\":\"WebSite\",\"@id\":\"https:\/\/nirigs.com\/#website\",\"url\":\"https:\/\/nirigs.com\/\",\"name\":\"Nirigs.com\",\"description\":\"Simplifiez vos achats du quotidien \u00e0 Djibouti\",\"publisher\":{\"@id\":\"https:\/\/nirigs.com\/#organization\"},\"potentialAction\":[{\"@type\":\"SearchAction\",\"target\":{\"@type\":\"EntryPoint\",\"urlTemplate\":\"https:\/\/nirigs.com\/?s={search_term_string}\"},\"query-input\":{\"@type\":\"PropertyValueSpecification\",\"valueRequired\":true,\"valueName\":\"search_term_string\"}}],\"inLanguage\":\"ar\"},{\"@type\":\"Organization\",\"@id\":\"https:\/\/nirigs.com\/#organization\",\"name\":\"Nirigs\",\"url\":\"https:\/\/nirigs.com\/\",\"logo\":{\"@type\":\"ImageObject\",\"inLanguage\":\"ar\",\"@id\":\"https:\/\/nirigs.com\/#\/schema\/logo\/image\/\",\"url\":\"https:\/\/nirigs.com\/wp-content\/uploads\/2025\/04\/Design-sans-titre-27.png\",\"contentUrl\":\"https:\/\/nirigs.com\/wp-content\/uploads\/2025\/04\/Design-sans-titre-27.png\",\"width\":500,\"height\":500,\"caption\":\"Nirigs\"},\"image\":{\"@id\":\"https:\/\/nirigs.com\/#\/schema\/logo\/image\/\"}}]}<\/script>\n<!-- \/ Yoast SEO plugin. -->","yoast_head_json":{"title":"L'Or\u00e9al Paris - Excellence-Cr\u00e8me Coloration pour Cheveux - 60 ml - NIRIGS","robots":{"index":"index","follow":"follow","max-snippet":"max-snippet:-1","max-image-preview":"max-image-preview:large","max-video-preview":"max-video-preview:-1"},"canonical":"https:\/\/nirigs.com\/ar\/product\/loreal-paris-excellence-creme-coloration-pour-cheveux-60-ml\/","og_locale":"ar_AR","og_type":"article","og_title":"L'Or\u00e9al Paris - Excellence-Cr\u00e8me Coloration pour Cheveux - 60 ml - NIRIGS","og_url":"https:\/\/nirigs.com\/ar\/product\/loreal-paris-excellence-creme-coloration-pour-cheveux-60-ml\/","og_site_name":"NIRIGS","article_modified_time":"2025-04-22T08:25:00+00:00","og_image":[{"width":1000,"height":1000,"url":"https:\/\/nirigs.com\/wp-content\/uploads\/2024\/10\/LOreal-Paris-Excellence-Creme-Coloration-pour-Cheveux-60-ml-3.jpg","type":"image\/jpeg"}],"twitter_card":"summary_large_image","twitter_misc":{"\u0648\u0642\u062a \u0627\u0644\u0642\u0631\u0627\u0621\u0629 \u0627\u0644\u0645\u064f\u0642\u062f\u0651\u0631":"\u062f\u0642\u064a\u0642\u0629 \u0648\u0627\u062d\u062f\u0629"},"schema":{"@context":"https:\/\/schema.org","@graph":[{"@type":"WebPage","@id":"https:\/\/nirigs.com\/product\/loreal-paris-excellence-creme-coloration-pour-cheveux-60-ml\/","url":"https:\/\/nirigs.com\/product\/loreal-paris-excellence-creme-coloration-pour-cheveux-60-ml\/","name":"L'Or\u00e9al Paris - Excellence-Cr\u00e8me Coloration pour Cheveux - 60 ml - NIRIGS","isPartOf":{"@id":"https:\/\/nirigs.com\/#website"},"primaryImageOfPage":{"@id":"https:\/\/nirigs.com\/product\/loreal-paris-excellence-creme-coloration-pour-cheveux-60-ml\/#primaryimage"},"image":{"@id":"https:\/\/nirigs.com\/product\/loreal-paris-excellence-creme-coloration-pour-cheveux-60-ml\/#primaryimage"},"thumbnailUrl":"https:\/\/nirigs.com\/wp-content\/uploads\/2024\/10\/LOreal-Paris-Excellence-Creme-Coloration-pour-Cheveux-60-ml-3.jpg","datePublished":"2024-10-02T14:51:12+00:00","dateModified":"2025-04-22T08:25:00+00:00","breadcrumb":{"@id":"https:\/\/nirigs.com\/product\/loreal-paris-excellence-creme-coloration-pour-cheveux-60-ml\/#breadcrumb"},"inLanguage":"ar","potentialAction":[{"@type":"ReadAction","target":["https:\/\/nirigs.com\/product\/loreal-paris-excellence-creme-coloration-pour-cheveux-60-ml\/"]}]},{"@type":"ImageObject","inLanguage":"ar","@id":"https:\/\/nirigs.com\/product\/loreal-paris-excellence-creme-coloration-pour-cheveux-60-ml\/#primaryimage","url":"https:\/\/nirigs.com\/wp-content\/uploads\/2024\/10\/LOreal-Paris-Excellence-Creme-Coloration-pour-Cheveux-60-ml-3.jpg","contentUrl":"https:\/\/nirigs.com\/wp-content\/uploads\/2024\/10\/LOreal-Paris-Excellence-Creme-Coloration-pour-Cheveux-60-ml-3.jpg","width":1000,"height":1000},{"@type":"BreadcrumbList","@id":"https:\/\/nirigs.com\/product\/loreal-paris-excellence-creme-coloration-pour-cheveux-60-ml\/#breadcrumb","itemListElement":[{"@type":"ListItem","position":1,"name":"Home","item":"https:\/\/nirigs.com\/"},{"@type":"ListItem","position":2,"name":"Parcourir","item":"https:\/\/nirigs.com\/boutique\/"},{"@type":"ListItem","position":3,"name":"L&rsquo;Or\u00e9al Paris &#8211; Excellence-Cr\u00e8me Coloration pour Cheveux &#8211; 60 ml"}]},{"@type":"WebSite","@id":"https:\/\/nirigs.com\/#website","url":"https:\/\/nirigs.com\/","name":"Nirigs.com","description":"Simplifiez vos achats du quotidien \u00e0 Djibouti","publisher":{"@id":"https:\/\/nirigs.com\/#organization"},"potentialAction":[{"@type":"SearchAction","target":{"@type":"EntryPoint","urlTemplate":"https:\/\/nirigs.com\/?s={search_term_string}"},"query-input":{"@type":"PropertyValueSpecification","valueRequired":true,"valueName":"search_term_string"}}],"inLanguage":"ar"},{"@type":"Organization","@id":"https:\/\/nirigs.com\/#organization","name":"\u0646\u064a\u0631\u064a\u062c\u0633","url":"https:\/\/nirigs.com\/","logo":{"@type":"ImageObject","inLanguage":"ar","@id":"https:\/\/nirigs.com\/#\/schema\/logo\/image\/","url":"https:\/\/nirigs.com\/wp-content\/uploads\/2025\/04\/Design-sans-titre-27.png","contentUrl":"https:\/\/nirigs.com\/wp-content\/uploads\/2025\/04\/Design-sans-titre-27.png","width":500,"height":500,"caption":"Nirigs"},"image":{"@id":"https:\/\/nirigs.com\/#\/schema\/logo\/image\/"}}]}},"brands":[{"id":588,"name":"L'Or\u00e9al Paris","slug":"loreal-paris"}],"_links":{"self":[{"href":"https:\/\/nirigs.com\/ar\/wp-json\/wp\/v2\/product\/21743","targetHints":{"allow":["GET"]}}],"collection":[{"href":"https:\/\/nirigs.com\/ar\/wp-json\/wp\/v2\/product"}],"about":[{"href":"https:\/\/nirigs.com\/ar\/wp-json\/wp\/v2\/types\/product"}],"replies":[{"embeddable":true,"href":"https:\/\/nirigs.com\/ar\/wp-json\/wp\/v2\/comments?post=21743"}],"version-history":[{"count":8,"href":"https:\/\/nirigs.com\/ar\/wp-json\/wp\/v2\/product\/21743\/revisions"}],"predecessor-version":[{"id":26966,"href":"https:\/\/nirigs.com\/ar\/wp-json\/wp\/v2\/product\/21743\/revisions\/26966"}],"wp:featuredmedia":[{"embeddable":true,"href":"https:\/\/nirigs.com\/ar\/wp-json\/wp\/v2\/media\/26424"}],"wp:attachment":[{"href":"https:\/\/nirigs.com\/ar\/wp-json\/wp\/v2\/media?parent=21743"}],"wp:term":[{"taxonomy":"pwb-brand","embeddable":true,"href":"https:\/\/nirigs.com\/ar\/wp-json\/wp\/v2\/pwb-brand?post=21743"},{"taxonomy":"product_brand","embeddable":true,"href":"https:\/\/nirigs.com\/ar\/wp-json\/wp\/v2\/product_brand?post=21743"},{"taxonomy":"product_cat","embeddable":true,"href":"https:\/\/nirigs.com\/ar\/wp-json\/wp\/v2\/product_cat?post=21743"},{"taxonomy":"product_tag","embeddable":true,"href":"https:\/\/nirigs.com\/ar\/wp-json\/wp\/v2\/product_tag?post=21743"}],"curies":[{"name":"wp","href":"https:\/\/api.w.org\/{rel}","templated":true}]}}