{"id":21723,"date":"2024-10-02T18:11:00","date_gmt":"2024-10-02T15:11:00","guid":{"rendered":"https:\/\/nirigs.com\/?post_type=product&#038;p=21723"},"modified":"2025-03-13T17:58:43","modified_gmt":"2025-03-13T14:58:43","slug":"garnier-ultracolor-coloration-n6-65-ultra-rouge","status":"publish","type":"product","link":"https:\/\/nirigs.com\/ar\/product\/garnier-ultracolor-coloration-n6-65-ultra-rouge\/","title":{"rendered":"Garnier &#8211; Ultracolor Coloration N\u00b06.65 Ultra Rouge"},"content":{"rendered":"<div id=\"importantInformation_feature_div\" class=\"celwidget\" data-feature-name=\"importantInformation\" data-csa-c-type=\"widget\" data-csa-c-content-id=\"importantInformation\" data-csa-c-slot-id=\"importantInformation_feature_div\" data-csa-c-asin=\"\" data-csa-c-is-in-initial-active-row=\"false\" data-csa-c-id=\"u5gsa-npca76-5jlaq5-x1lztq\" data-cel-widget=\"importantInformation_feature_div\">\n<div id=\"important-information\" class=\"a-section a-spacing-extra-large bucket\">\n<div class=\"a-section content\">\n<p>D\u00e9couvrez 100% Color de Garnier, la coloration cr\u00e8me permanente d\u00e9di\u00e9e aux couleurs intenses, pour des reflets profonds et intenses, ultra longue tenue ! Des reflets profonds et intenses, qui r\u00e9sistent longtemps. Des cheveux nourris, doux et soyeux.<\/p>\n<ul class=\"a-unordered-list a-vertical a-spacing-mini\">\n<li class=\"a-spacing-mini\"><span class=\"a-list-item\">Des colorants purs pour un r\u00e9sultat couleur Ultra longue tenue<\/span><\/li>\n<li class=\"a-spacing-mini\"><span class=\"a-list-item\">Un soin Ultra-profond aux vitamines et micro-min\u00e9raux pour une couleur pure et intense<\/span><\/li>\n<li class=\"a-spacing-mini\"><span class=\"a-list-item\">Un r\u00e9sultat visible, m\u00eame sur cheveux fonc\u00e9s.<\/span><\/li>\n<\/ul>\n<h4>\u064a\u0633\u062a\u062e\u062f\u0645<\/h4>\n<ul>\n<li>Pr\u00e9paration des Cheveux: Assurez-vous que vos cheveux sont secs et d\u00e9m\u00eal\u00e9s avant l\u2019application. \u00c9vitez d\u2019utiliser des produits coiffants contenant des silicones avant la coloration.<\/li>\n<li>Test de Sensibilit\u00e9 Cutan\u00e9e: Effectuez un test de sensibilit\u00e9 cutan\u00e9e\u00a048 heures avant\u00a0la coloration pour \u00e9viter les r\u00e9actions allergiques. Appliquez une petite quantit\u00e9 de produit derri\u00e8re l\u2019oreille et attendez\u00a048 heures.<\/li>\n<li>Protection de la Peau: Appliquez une cr\u00e8me hydratante ou une barri\u00e8re protectrice le long de la ligne des cheveux, sur les oreilles et sur le front pour \u00e9viter les taches de couleur sur la peau.<\/li>\n<li>M\u00e9lange de la Coloration: Versez le contenu du tube de cr\u00e8me colorante dans le flacon applicateur contenant le r\u00e9v\u00e9lateur. Fermez bien le flacon et agitez vigoureusement jusqu\u2019\u00e0 obtenir un m\u00e9lange homog\u00e8ne.<\/li>\n<li>Application de la Coloration: Portez les gants fournis dans le kit. Commencez l\u2019application par les racines \u00e0 l\u2019aide de l\u2019applicateur en biseau pour une pr\u00e9cision optimale. R\u00e9partissez ensuite la couleur sur l\u2019ensemble de la chevelure en sections, en veillant \u00e0 saturer uniform\u00e9ment chaque m\u00e8che.<\/li>\n<li>Temps de Pose: Laissez agir la coloration selon les instructions fournies dans le kit. Ne d\u00e9passez pas le temps de pose recommand\u00e9.<\/li>\n<li>Rin\u00e7age: Apr\u00e8s le temps de pose, rincez abondamment les cheveux \u00e0 l\u2019eau ti\u00e8de jusqu\u2019\u00e0 ce que l\u2019eau soit claire. \u00c9vitez d\u2019utiliser du shampooing lors du premier rin\u00e7age.<\/li>\n<li>Application du Soin Apr\u00e8s coloration: Apr\u00e8s le rin\u00e7age, appliquez le soin apr\u00e8s coloration inclus dans le kit sur les cheveux mouill\u00e9s. Laissez agir quelques minutes, puis rincez abondamment.<\/li>\n<li>Entretien de la Couleur: Utilisez des shampooings et des soins sp\u00e9cifiques pour les cheveux color\u00e9s afin de prolonger la tenue de votre couleur et de maintenir l\u2019\u00e9clat de vos cheveux.<\/li>\n<\/ul>\n<h4>\u0645\u0643\u0648\u0646\u0627\u062a<\/h4>\n<p>AQUA \/ WATER,PARAFFINUM LIQUIDUM \/ MINERAL OIL,CETEARYL ALCOHOL,ETHANOLAMINE,STEARETH-20,AMMONIUM HYDROXIDE,1-HYDROXYETHYL 4,5-DIAMINO PYRAZOLE SULFATE,STEARETH-2,4-AMINO-2-HYDROXYTOLUENE,p-AMINOPHENOL,5-AMINO-6-CHLORO-o-CRESOL,TOCOPHEROL,SODIUM METABISULFITE,THIOLACTIC ACID,THIOGLYCERIN,POLYQUATERNIUM-6,TOLUENE-2,5-DIAMINE,CAMELLIA OLEIFERA SEED OIL,PENTASODIUM PENTETATE,ERYTHORBIC ACID,PARFUM \/ FRAGRANCE<\/p>\n<\/div>\n<\/div>\n<\/div>\n<div id=\"productDescription_feature_div\" class=\"celwidget\" data-feature-name=\"productDescription\" data-csa-c-type=\"widget\" data-csa-c-content-id=\"productDescription\" data-csa-c-slot-id=\"productDescription_feature_div\" data-csa-c-asin=\"\" data-csa-c-is-in-initial-active-row=\"false\" data-csa-c-id=\"ttv3fk-si10j7-krzqeq-bsbgtx\" data-cel-widget=\"productDescription_feature_div\">\n<div>\n<div id=\"productDescription_feature_div\" class=\"a-row feature\" data-feature-name=\"productDescription\" data-template-name=\"productDescription\" data-cel-widget=\"productDescription_feature_div\">\n<div class=\"a-divider a-divider-section\"><\/div>\n<\/div>\n<\/div>\n<\/div>","protected":false},"excerpt":{"rendered":"<p>D\u00e9couvrez 100% Color de Garnier, la coloration cr\u00e8me permanente d\u00e9di\u00e9e aux couleurs intenses, pour des reflets profonds et intenses, ultra<\/p>","protected":false},"featured_media":22603,"comment_status":"open","ping_status":"closed","template":"","meta":[],"pwb-brand":[1091],"product_brand":[],"product_cat":[267,1022,1096],"product_tag":[],"class_list":{"0":"post-21723","1":"product","2":"type-product","3":"status-publish","4":"has-post-thumbnail","6":"pwb-brand-garnier","7":"product_cat-beaute-et-soins","8":"product_cat-coiffures-et-soins-des-cheveux","9":"product_cat-colorations","11":"first","12":"instock","13":"shipping-taxable","14":"purchasable","15":"product-type-simple"},"yoast_head":"<!-- This site is optimized with the Yoast SEO plugin v27.4 - https:\/\/yoast.com\/product\/yoast-seo-wordpress\/ -->\n<title>Garnier - Ultracolor Coloration N\u00b06.65 Ultra Rouge - NIRIGS<\/title>\n<meta name=\"robots\" content=\"index, follow, max-snippet:-1, max-image-preview:large, max-video-preview:-1\" \/>\n<link rel=\"canonical\" href=\"https:\/\/nirigs.com\/ar\/product\/garnier-ultracolor-coloration-n6-65-ultra-rouge\/\" \/>\n<meta property=\"og:locale\" content=\"ar_AR\" \/>\n<meta property=\"og:type\" content=\"article\" \/>\n<meta property=\"og:title\" content=\"Garnier - Ultracolor Coloration N\u00b06.65 Ultra Rouge - NIRIGS\" \/>\n<meta property=\"og:description\" content=\"D\u00e9couvrez 100% Color de Garnier, la coloration cr\u00e8me permanente d\u00e9di\u00e9e aux couleurs intenses, pour des reflets profonds et intenses, ultra\" \/>\n<meta property=\"og:url\" content=\"https:\/\/nirigs.com\/ar\/product\/garnier-ultracolor-coloration-n6-65-ultra-rouge\/\" \/>\n<meta property=\"og:site_name\" content=\"NIRIGS\" \/>\n<meta property=\"article:modified_time\" content=\"2025-03-13T14:58:43+00:00\" \/>\n<meta property=\"og:image\" content=\"https:\/\/nirigs.com\/wp-content\/uploads\/2024\/09\/Garnier-Ultracolor-Coloration-N\u00b06.65-Ultra-Rouge.jpg\" \/>\n\t<meta property=\"og:image:width\" content=\"1000\" \/>\n\t<meta property=\"og:image:height\" content=\"1000\" \/>\n\t<meta property=\"og:image:type\" content=\"image\/jpeg\" \/>\n<meta name=\"twitter:card\" content=\"summary_large_image\" \/>\n<meta name=\"twitter:label1\" content=\"\u0648\u0642\u062a \u0627\u0644\u0642\u0631\u0627\u0621\u0629 \u0627\u0644\u0645\u064f\u0642\u062f\u0651\u0631\" \/>\n\t<meta name=\"twitter:data1\" content=\"\u062f\u0642\u064a\u0642\u062a\u0627\u0646\" \/>\n<script type=\"application\/ld+json\" class=\"yoast-schema-graph\">{\"@context\":\"https:\\\/\\\/schema.org\",\"@graph\":[{\"@type\":\"WebPage\",\"@id\":\"https:\\\/\\\/nirigs.com\\\/product\\\/garnier-ultracolor-coloration-n6-65-ultra-rouge\\\/\",\"url\":\"https:\\\/\\\/nirigs.com\\\/product\\\/garnier-ultracolor-coloration-n6-65-ultra-rouge\\\/\",\"name\":\"Garnier - Ultracolor Coloration N\u00b06.65 Ultra Rouge - NIRIGS\",\"isPartOf\":{\"@id\":\"https:\\\/\\\/nirigs.com\\\/#website\"},\"primaryImageOfPage\":{\"@id\":\"https:\\\/\\\/nirigs.com\\\/product\\\/garnier-ultracolor-coloration-n6-65-ultra-rouge\\\/#primaryimage\"},\"image\":{\"@id\":\"https:\\\/\\\/nirigs.com\\\/product\\\/garnier-ultracolor-coloration-n6-65-ultra-rouge\\\/#primaryimage\"},\"thumbnailUrl\":\"https:\\\/\\\/nirigs.com\\\/wp-content\\\/uploads\\\/2024\\\/09\\\/Garnier-Ultracolor-Coloration-N\u00b06.65-Ultra-Rouge.jpg\",\"datePublished\":\"2024-10-02T15:11:00+00:00\",\"dateModified\":\"2025-03-13T14:58:43+00:00\",\"breadcrumb\":{\"@id\":\"https:\\\/\\\/nirigs.com\\\/product\\\/garnier-ultracolor-coloration-n6-65-ultra-rouge\\\/#breadcrumb\"},\"inLanguage\":\"ar\",\"potentialAction\":[{\"@type\":\"ReadAction\",\"target\":[\"https:\\\/\\\/nirigs.com\\\/product\\\/garnier-ultracolor-coloration-n6-65-ultra-rouge\\\/\"]}]},{\"@type\":\"ImageObject\",\"inLanguage\":\"ar\",\"@id\":\"https:\\\/\\\/nirigs.com\\\/product\\\/garnier-ultracolor-coloration-n6-65-ultra-rouge\\\/#primaryimage\",\"url\":\"https:\\\/\\\/nirigs.com\\\/wp-content\\\/uploads\\\/2024\\\/09\\\/Garnier-Ultracolor-Coloration-N\u00b06.65-Ultra-Rouge.jpg\",\"contentUrl\":\"https:\\\/\\\/nirigs.com\\\/wp-content\\\/uploads\\\/2024\\\/09\\\/Garnier-Ultracolor-Coloration-N\u00b06.65-Ultra-Rouge.jpg\",\"width\":1000,\"height\":1000},{\"@type\":\"BreadcrumbList\",\"@id\":\"https:\\\/\\\/nirigs.com\\\/product\\\/garnier-ultracolor-coloration-n6-65-ultra-rouge\\\/#breadcrumb\",\"itemListElement\":[{\"@type\":\"ListItem\",\"position\":1,\"name\":\"Home\",\"item\":\"https:\\\/\\\/nirigs.com\\\/\"},{\"@type\":\"ListItem\",\"position\":2,\"name\":\"Parcourir\",\"item\":\"https:\\\/\\\/nirigs.com\\\/boutique\\\/\"},{\"@type\":\"ListItem\",\"position\":3,\"name\":\"Garnier &#8211; Ultracolor Coloration N\u00b06.65 Ultra Rouge\"}]},{\"@type\":\"WebSite\",\"@id\":\"https:\\\/\\\/nirigs.com\\\/#website\",\"url\":\"https:\\\/\\\/nirigs.com\\\/\",\"name\":\"Nirigs.com\",\"description\":\"Simplifiez vos achats du quotidien \u00e0 Djibouti\",\"publisher\":{\"@id\":\"https:\\\/\\\/nirigs.com\\\/#organization\"},\"potentialAction\":[{\"@type\":\"SearchAction\",\"target\":{\"@type\":\"EntryPoint\",\"urlTemplate\":\"https:\\\/\\\/nirigs.com\\\/?s={search_term_string}\"},\"query-input\":{\"@type\":\"PropertyValueSpecification\",\"valueRequired\":true,\"valueName\":\"search_term_string\"}}],\"inLanguage\":\"ar\"},{\"@type\":\"Organization\",\"@id\":\"https:\\\/\\\/nirigs.com\\\/#organization\",\"name\":\"Nirigs\",\"url\":\"https:\\\/\\\/nirigs.com\\\/\",\"logo\":{\"@type\":\"ImageObject\",\"inLanguage\":\"ar\",\"@id\":\"https:\\\/\\\/nirigs.com\\\/#\\\/schema\\\/logo\\\/image\\\/\",\"url\":\"https:\\\/\\\/nirigs.com\\\/wp-content\\\/uploads\\\/2025\\\/04\\\/Design-sans-titre-27.png\",\"contentUrl\":\"https:\\\/\\\/nirigs.com\\\/wp-content\\\/uploads\\\/2025\\\/04\\\/Design-sans-titre-27.png\",\"width\":500,\"height\":500,\"caption\":\"Nirigs\"},\"image\":{\"@id\":\"https:\\\/\\\/nirigs.com\\\/#\\\/schema\\\/logo\\\/image\\\/\"}}]}<\/script>\n<!-- \/ Yoast SEO plugin. -->","yoast_head_json":{"title":"Garnier - Ultracolor Coloration N\u00b06.65 Ultra Rouge - NIRIGS","robots":{"index":"index","follow":"follow","max-snippet":"max-snippet:-1","max-image-preview":"max-image-preview:large","max-video-preview":"max-video-preview:-1"},"canonical":"https:\/\/nirigs.com\/ar\/product\/garnier-ultracolor-coloration-n6-65-ultra-rouge\/","og_locale":"ar_AR","og_type":"article","og_title":"Garnier - Ultracolor Coloration N\u00b06.65 Ultra Rouge - NIRIGS","og_description":"D\u00e9couvrez 100% Color de Garnier, la coloration cr\u00e8me permanente d\u00e9di\u00e9e aux couleurs intenses, pour des reflets profonds et intenses, ultra","og_url":"https:\/\/nirigs.com\/ar\/product\/garnier-ultracolor-coloration-n6-65-ultra-rouge\/","og_site_name":"NIRIGS","article_modified_time":"2025-03-13T14:58:43+00:00","og_image":[{"width":1000,"height":1000,"url":"https:\/\/nirigs.com\/wp-content\/uploads\/2024\/09\/Garnier-Ultracolor-Coloration-N\u00b06.65-Ultra-Rouge.jpg","type":"image\/jpeg"}],"twitter_card":"summary_large_image","twitter_misc":{"\u0648\u0642\u062a \u0627\u0644\u0642\u0631\u0627\u0621\u0629 \u0627\u0644\u0645\u064f\u0642\u062f\u0651\u0631":"\u062f\u0642\u064a\u0642\u062a\u0627\u0646"},"schema":{"@context":"https:\/\/schema.org","@graph":[{"@type":"WebPage","@id":"https:\/\/nirigs.com\/product\/garnier-ultracolor-coloration-n6-65-ultra-rouge\/","url":"https:\/\/nirigs.com\/product\/garnier-ultracolor-coloration-n6-65-ultra-rouge\/","name":"Garnier - Ultracolor Coloration N\u00b06.65 Ultra Rouge - NIRIGS","isPartOf":{"@id":"https:\/\/nirigs.com\/#website"},"primaryImageOfPage":{"@id":"https:\/\/nirigs.com\/product\/garnier-ultracolor-coloration-n6-65-ultra-rouge\/#primaryimage"},"image":{"@id":"https:\/\/nirigs.com\/product\/garnier-ultracolor-coloration-n6-65-ultra-rouge\/#primaryimage"},"thumbnailUrl":"https:\/\/nirigs.com\/wp-content\/uploads\/2024\/09\/Garnier-Ultracolor-Coloration-N\u00b06.65-Ultra-Rouge.jpg","datePublished":"2024-10-02T15:11:00+00:00","dateModified":"2025-03-13T14:58:43+00:00","breadcrumb":{"@id":"https:\/\/nirigs.com\/product\/garnier-ultracolor-coloration-n6-65-ultra-rouge\/#breadcrumb"},"inLanguage":"ar","potentialAction":[{"@type":"ReadAction","target":["https:\/\/nirigs.com\/product\/garnier-ultracolor-coloration-n6-65-ultra-rouge\/"]}]},{"@type":"ImageObject","inLanguage":"ar","@id":"https:\/\/nirigs.com\/product\/garnier-ultracolor-coloration-n6-65-ultra-rouge\/#primaryimage","url":"https:\/\/nirigs.com\/wp-content\/uploads\/2024\/09\/Garnier-Ultracolor-Coloration-N\u00b06.65-Ultra-Rouge.jpg","contentUrl":"https:\/\/nirigs.com\/wp-content\/uploads\/2024\/09\/Garnier-Ultracolor-Coloration-N\u00b06.65-Ultra-Rouge.jpg","width":1000,"height":1000},{"@type":"BreadcrumbList","@id":"https:\/\/nirigs.com\/product\/garnier-ultracolor-coloration-n6-65-ultra-rouge\/#breadcrumb","itemListElement":[{"@type":"ListItem","position":1,"name":"Home","item":"https:\/\/nirigs.com\/"},{"@type":"ListItem","position":2,"name":"Parcourir","item":"https:\/\/nirigs.com\/boutique\/"},{"@type":"ListItem","position":3,"name":"Garnier &#8211; Ultracolor Coloration N\u00b06.65 Ultra Rouge"}]},{"@type":"WebSite","@id":"https:\/\/nirigs.com\/#website","url":"https:\/\/nirigs.com\/","name":"Nirigs.com","description":"Simplifiez vos achats du quotidien \u00e0 Djibouti","publisher":{"@id":"https:\/\/nirigs.com\/#organization"},"potentialAction":[{"@type":"SearchAction","target":{"@type":"EntryPoint","urlTemplate":"https:\/\/nirigs.com\/?s={search_term_string}"},"query-input":{"@type":"PropertyValueSpecification","valueRequired":true,"valueName":"search_term_string"}}],"inLanguage":"ar"},{"@type":"Organization","@id":"https:\/\/nirigs.com\/#organization","name":"\u0646\u064a\u0631\u064a\u062c\u0633","url":"https:\/\/nirigs.com\/","logo":{"@type":"ImageObject","inLanguage":"ar","@id":"https:\/\/nirigs.com\/#\/schema\/logo\/image\/","url":"https:\/\/nirigs.com\/wp-content\/uploads\/2025\/04\/Design-sans-titre-27.png","contentUrl":"https:\/\/nirigs.com\/wp-content\/uploads\/2025\/04\/Design-sans-titre-27.png","width":500,"height":500,"caption":"Nirigs"},"image":{"@id":"https:\/\/nirigs.com\/#\/schema\/logo\/image\/"}}]}},"brands":[{"id":1091,"name":"Garnier","slug":"garnier"}],"_links":{"self":[{"href":"https:\/\/nirigs.com\/ar\/wp-json\/wp\/v2\/product\/21723","targetHints":{"allow":["GET"]}}],"collection":[{"href":"https:\/\/nirigs.com\/ar\/wp-json\/wp\/v2\/product"}],"about":[{"href":"https:\/\/nirigs.com\/ar\/wp-json\/wp\/v2\/types\/product"}],"replies":[{"embeddable":true,"href":"https:\/\/nirigs.com\/ar\/wp-json\/wp\/v2\/comments?post=21723"}],"version-history":[{"count":5,"href":"https:\/\/nirigs.com\/ar\/wp-json\/wp\/v2\/product\/21723\/revisions"}],"predecessor-version":[{"id":24874,"href":"https:\/\/nirigs.com\/ar\/wp-json\/wp\/v2\/product\/21723\/revisions\/24874"}],"wp:featuredmedia":[{"embeddable":true,"href":"https:\/\/nirigs.com\/ar\/wp-json\/wp\/v2\/media\/22603"}],"wp:attachment":[{"href":"https:\/\/nirigs.com\/ar\/wp-json\/wp\/v2\/media?parent=21723"}],"wp:term":[{"taxonomy":"pwb-brand","embeddable":true,"href":"https:\/\/nirigs.com\/ar\/wp-json\/wp\/v2\/pwb-brand?post=21723"},{"taxonomy":"product_brand","embeddable":true,"href":"https:\/\/nirigs.com\/ar\/wp-json\/wp\/v2\/product_brand?post=21723"},{"taxonomy":"product_cat","embeddable":true,"href":"https:\/\/nirigs.com\/ar\/wp-json\/wp\/v2\/product_cat?post=21723"},{"taxonomy":"product_tag","embeddable":true,"href":"https:\/\/nirigs.com\/ar\/wp-json\/wp\/v2\/product_tag?post=21723"}],"curies":[{"name":"wp","href":"https:\/\/api.w.org\/{rel}","templated":true}]}}