{"id":21687,"date":"2024-10-02T17:43:07","date_gmt":"2024-10-02T14:43:07","guid":{"rendered":"https:\/\/nirigs.com\/?post_type=product&#038;p=21687"},"modified":"2025-04-22T11:39:38","modified_gmt":"2025-04-22T08:39:38","slug":"loreal-paris-elseve-huile-extraordinaire-coco-masque-a-lhuile-extra-fine-de-coco-nutrition-haute-legerete-pour-cheveux-normaux-a-secs-1-unite-310-ml","status":"publish","type":"product","link":"https:\/\/nirigs.com\/ar\/product\/loreal-paris-elseve-huile-extraordinaire-coco-masque-a-lhuile-extra-fine-de-coco-nutrition-haute-legerete-pour-cheveux-normaux-a-secs-1-unite-310-ml\/","title":{"rendered":"L&rsquo;Or\u00e9al Paris &#8211; Elseve Huile Extraordinaire Coco Masque \u00e0 l&rsquo;Huile Extra-Fine de Coco Nutrition Haute L\u00e9g\u00e8ret\u00e9 pour Cheveux Normaux \u00e0 Secs 1 Unit\u00e9 &#8211; 310 ml"},"content":{"rendered":"<p>D\u00e9couvrez le Masque Huile Extraordinaire Coco 1001 usages. Sa formule soin est infus\u00e9e en huile extra-fine de coco:<\/p>\n<ul>\n<li>Reconnue pour p\u00e9n\u00e9trer au c\u0153ur de la fibre capillaire pour une action en profondeur tout en l\u00e9g\u00e8ret\u00e9;<\/li>\n<li>Pour des longueurs ultra fluides et brillantes. Avant le shampooing sur cheveux secs: appliquez sur les longueurs et laissez poser 5 minutes pour une nutrition instantan\u00e9e ou toute la nuit pour un bain de nutrition en profondeur.<\/li>\n<li>Sous la douche sur cheveux humides: appliquez sur les longueurs et laissez poser 2 \u00e0 3 minutes avant de rincer pour nourrir intens\u00e9ment sans alourdir et faciliter le d\u00e9m\u00ealage.<\/li>\n<li>En soin sans rin\u00e7age: appliquez sur les pointes et les zones dess\u00e9ch\u00e9es pour faciliter le coiffage.<\/li>\n<\/ul>\n<h4>\u064a\u0633\u062a\u062e\u062f\u0645<\/h4>\n<ul>\n<li>Avant le shampooing sur cheveux secs: appliquez sur les longueurs et laissez poser 5 minutes pour une nutrition instantan\u00e9e ou toute la nuit pour un bain de nutrition en profondeur.<\/li>\n<li>Sous la douche sur cheveux humides: appliquez sur les longueurs et laissez poser 2 \u00e0 3 minutes avant de rincer pour nourrir intens\u00e9ment sans alourdir et faciliter le d\u00e9m\u00ealage.<\/li>\n<li>En soin sans rin\u00e7age: appliquez sur les pointes et les zones dess\u00e9ch\u00e9es pour faciliter le coiffage.<\/li>\n<\/ul>\n<h4>\u0627\u0644\u0645\u0643\u0648\u0646<\/h4>\n<p>AQUA \/ WATER &#8211; CETEARYL ALCOHOL &#8211; BEHENTRIMONIUM CHLORIDE &#8211; PARFUM \/ FRAGRANCE &#8211; COCOS NUCIFERA OIL \/ COCONUT OIL &#8211; CETYL ESTERS &#8211; CI 19140 \/ YELLOW 5 &#8211; PHENOXYETHANOL &#8211; TRIDECETH-6 &#8211; DILAURYL THIODIPROPIONATE &#8211; CHLORHEXIDINE DIGLUCONATE &#8211; LINALOOL &#8211; BENZYL BENZOATE &#8211; AMODIMETHICONE &#8211; ISOPROPYL ALCOHOL &#8211; CARAMEL &#8211; CITRIC ACID &#8211; POTASSIUM HYDROXIDE &#8211; CETRIMONIUM CHLORIDE &#8211; COUMARIN &#8211; HEXYL CINNAMAL (F.I.L. C242381\/1).<\/p>","protected":false},"excerpt":{"rendered":"<p><br data-mce-bogus=\"1\"><\/p>","protected":false},"featured_media":21691,"comment_status":"open","ping_status":"closed","template":"","meta":[],"pwb-brand":[588],"product_brand":[],"product_cat":[267,1022,1024,1027],"product_tag":[],"class_list":{"0":"post-21687","1":"product","2":"type-product","3":"status-publish","4":"has-post-thumbnail","6":"pwb-brand-loreal-paris","7":"product_cat-beaute-et-soins","8":"product_cat-coiffures-et-soins-des-cheveux","9":"product_cat-soins-des-cheveux","10":"product_cat-soins-et-masques-pour-les-cheveux","12":"first","13":"instock","14":"shipping-taxable","15":"purchasable","16":"product-type-simple"},"yoast_head":"<!-- This site is optimized with the Yoast SEO plugin v27.1.1 - https:\/\/yoast.com\/product\/yoast-seo-wordpress\/ -->\n<title>L&#039;Or\u00e9al Paris - Elseve Huile Extraordinaire Coco Masque \u00e0 l&#039;Huile Extra-Fine de Coco Nutrition Haute L\u00e9g\u00e8ret\u00e9 pour Cheveux Normaux \u00e0 Secs 1 Unit\u00e9 - 310 ml - NIRIGS<\/title>\n<meta name=\"robots\" content=\"index, follow, max-snippet:-1, max-image-preview:large, max-video-preview:-1\" \/>\n<link rel=\"canonical\" href=\"https:\/\/nirigs.com\/ar\/product\/loreal-paris-elseve-huile-extraordinaire-coco-masque-a-lhuile-extra-fine-de-coco-nutrition-haute-legerete-pour-cheveux-normaux-a-secs-1-unite-310-ml\/\" \/>\n<meta property=\"og:locale\" content=\"ar_AR\" \/>\n<meta property=\"og:type\" content=\"article\" \/>\n<meta property=\"og:title\" content=\"L&#039;Or\u00e9al Paris - Elseve Huile Extraordinaire Coco Masque \u00e0 l&#039;Huile Extra-Fine de Coco Nutrition Haute L\u00e9g\u00e8ret\u00e9 pour Cheveux Normaux \u00e0 Secs 1 Unit\u00e9 - 310 ml - NIRIGS\" \/>\n<meta property=\"og:url\" content=\"https:\/\/nirigs.com\/ar\/product\/loreal-paris-elseve-huile-extraordinaire-coco-masque-a-lhuile-extra-fine-de-coco-nutrition-haute-legerete-pour-cheveux-normaux-a-secs-1-unite-310-ml\/\" \/>\n<meta property=\"og:site_name\" content=\"NIRIGS\" \/>\n<meta property=\"article:modified_time\" content=\"2025-04-22T08:39:38+00:00\" \/>\n<meta property=\"og:image\" content=\"https:\/\/nirigs.com\/wp-content\/uploads\/2024\/09\/LOreal-Paris-Elseve-Huile-Extraordinaire-Coco-Masque-a-lHuile-Extra-Fine-de-Coco-Nutrition-Haute-Legerete-pour-Cheveux-Normaux-a-Secs-1-Unite-310-ml.jpg\" \/>\n\t<meta property=\"og:image:width\" content=\"1000\" \/>\n\t<meta property=\"og:image:height\" content=\"1000\" \/>\n\t<meta property=\"og:image:type\" content=\"image\/jpeg\" \/>\n<meta name=\"twitter:card\" content=\"summary_large_image\" \/>\n<meta name=\"twitter:label1\" content=\"\u0648\u0642\u062a \u0627\u0644\u0642\u0631\u0627\u0621\u0629 \u0627\u0644\u0645\u064f\u0642\u062f\u0651\u0631\" \/>\n\t<meta name=\"twitter:data1\" content=\"\u062f\u0642\u064a\u0642\u0629 \u0648\u0627\u062d\u062f\u0629\" \/>\n<script type=\"application\/ld+json\" class=\"yoast-schema-graph\">{\"@context\":\"https:\/\/schema.org\",\"@graph\":[{\"@type\":\"WebPage\",\"@id\":\"https:\/\/nirigs.com\/product\/loreal-paris-elseve-huile-extraordinaire-coco-masque-a-lhuile-extra-fine-de-coco-nutrition-haute-legerete-pour-cheveux-normaux-a-secs-1-unite-310-ml\/\",\"url\":\"https:\/\/nirigs.com\/product\/loreal-paris-elseve-huile-extraordinaire-coco-masque-a-lhuile-extra-fine-de-coco-nutrition-haute-legerete-pour-cheveux-normaux-a-secs-1-unite-310-ml\/\",\"name\":\"L'Or\u00e9al Paris - Elseve Huile Extraordinaire Coco Masque \u00e0 l'Huile Extra-Fine de Coco Nutrition Haute L\u00e9g\u00e8ret\u00e9 pour Cheveux Normaux \u00e0 Secs 1 Unit\u00e9 - 310 ml - NIRIGS\",\"isPartOf\":{\"@id\":\"https:\/\/nirigs.com\/#website\"},\"primaryImageOfPage\":{\"@id\":\"https:\/\/nirigs.com\/product\/loreal-paris-elseve-huile-extraordinaire-coco-masque-a-lhuile-extra-fine-de-coco-nutrition-haute-legerete-pour-cheveux-normaux-a-secs-1-unite-310-ml\/#primaryimage\"},\"image\":{\"@id\":\"https:\/\/nirigs.com\/product\/loreal-paris-elseve-huile-extraordinaire-coco-masque-a-lhuile-extra-fine-de-coco-nutrition-haute-legerete-pour-cheveux-normaux-a-secs-1-unite-310-ml\/#primaryimage\"},\"thumbnailUrl\":\"https:\/\/nirigs.com\/wp-content\/uploads\/2024\/09\/LOreal-Paris-Elseve-Huile-Extraordinaire-Coco-Masque-a-lHuile-Extra-Fine-de-Coco-Nutrition-Haute-Legerete-pour-Cheveux-Normaux-a-Secs-1-Unite-310-ml.jpg\",\"datePublished\":\"2024-10-02T14:43:07+00:00\",\"dateModified\":\"2025-04-22T08:39:38+00:00\",\"breadcrumb\":{\"@id\":\"https:\/\/nirigs.com\/product\/loreal-paris-elseve-huile-extraordinaire-coco-masque-a-lhuile-extra-fine-de-coco-nutrition-haute-legerete-pour-cheveux-normaux-a-secs-1-unite-310-ml\/#breadcrumb\"},\"inLanguage\":\"ar\",\"potentialAction\":[{\"@type\":\"ReadAction\",\"target\":[\"https:\/\/nirigs.com\/product\/loreal-paris-elseve-huile-extraordinaire-coco-masque-a-lhuile-extra-fine-de-coco-nutrition-haute-legerete-pour-cheveux-normaux-a-secs-1-unite-310-ml\/\"]}]},{\"@type\":\"ImageObject\",\"inLanguage\":\"ar\",\"@id\":\"https:\/\/nirigs.com\/product\/loreal-paris-elseve-huile-extraordinaire-coco-masque-a-lhuile-extra-fine-de-coco-nutrition-haute-legerete-pour-cheveux-normaux-a-secs-1-unite-310-ml\/#primaryimage\",\"url\":\"https:\/\/nirigs.com\/wp-content\/uploads\/2024\/09\/LOreal-Paris-Elseve-Huile-Extraordinaire-Coco-Masque-a-lHuile-Extra-Fine-de-Coco-Nutrition-Haute-Legerete-pour-Cheveux-Normaux-a-Secs-1-Unite-310-ml.jpg\",\"contentUrl\":\"https:\/\/nirigs.com\/wp-content\/uploads\/2024\/09\/LOreal-Paris-Elseve-Huile-Extraordinaire-Coco-Masque-a-lHuile-Extra-Fine-de-Coco-Nutrition-Haute-Legerete-pour-Cheveux-Normaux-a-Secs-1-Unite-310-ml.jpg\",\"width\":1000,\"height\":1000},{\"@type\":\"BreadcrumbList\",\"@id\":\"https:\/\/nirigs.com\/product\/loreal-paris-elseve-huile-extraordinaire-coco-masque-a-lhuile-extra-fine-de-coco-nutrition-haute-legerete-pour-cheveux-normaux-a-secs-1-unite-310-ml\/#breadcrumb\",\"itemListElement\":[{\"@type\":\"ListItem\",\"position\":1,\"name\":\"Home\",\"item\":\"https:\/\/nirigs.com\/\"},{\"@type\":\"ListItem\",\"position\":2,\"name\":\"Parcourir\",\"item\":\"https:\/\/nirigs.com\/boutique\/\"},{\"@type\":\"ListItem\",\"position\":3,\"name\":\"L&rsquo;Or\u00e9al Paris &#8211; Elseve Huile Extraordinaire Coco Masque \u00e0 l&rsquo;Huile Extra-Fine de Coco Nutrition Haute L\u00e9g\u00e8ret\u00e9 pour Cheveux Normaux \u00e0 Secs 1 Unit\u00e9 &#8211; 310 ml\"}]},{\"@type\":\"WebSite\",\"@id\":\"https:\/\/nirigs.com\/#website\",\"url\":\"https:\/\/nirigs.com\/\",\"name\":\"Nirigs.com\",\"description\":\"Simplifiez vos achats du quotidien \u00e0 Djibouti\",\"publisher\":{\"@id\":\"https:\/\/nirigs.com\/#organization\"},\"potentialAction\":[{\"@type\":\"SearchAction\",\"target\":{\"@type\":\"EntryPoint\",\"urlTemplate\":\"https:\/\/nirigs.com\/?s={search_term_string}\"},\"query-input\":{\"@type\":\"PropertyValueSpecification\",\"valueRequired\":true,\"valueName\":\"search_term_string\"}}],\"inLanguage\":\"ar\"},{\"@type\":\"Organization\",\"@id\":\"https:\/\/nirigs.com\/#organization\",\"name\":\"Nirigs\",\"url\":\"https:\/\/nirigs.com\/\",\"logo\":{\"@type\":\"ImageObject\",\"inLanguage\":\"ar\",\"@id\":\"https:\/\/nirigs.com\/#\/schema\/logo\/image\/\",\"url\":\"https:\/\/nirigs.com\/wp-content\/uploads\/2025\/04\/Design-sans-titre-27.png\",\"contentUrl\":\"https:\/\/nirigs.com\/wp-content\/uploads\/2025\/04\/Design-sans-titre-27.png\",\"width\":500,\"height\":500,\"caption\":\"Nirigs\"},\"image\":{\"@id\":\"https:\/\/nirigs.com\/#\/schema\/logo\/image\/\"}}]}<\/script>\n<!-- \/ Yoast SEO plugin. -->","yoast_head_json":{"title":"L'Or\u00e9al Paris - Elseve Huile Extraordinaire Coco Masque \u00e0 l'Huile Extra-Fine de Coco Nutrition Haute L\u00e9g\u00e8ret\u00e9 pour Cheveux Normaux \u00e0 Secs 1 Unit\u00e9 - 310 ml - NIRIGS","robots":{"index":"index","follow":"follow","max-snippet":"max-snippet:-1","max-image-preview":"max-image-preview:large","max-video-preview":"max-video-preview:-1"},"canonical":"https:\/\/nirigs.com\/ar\/product\/loreal-paris-elseve-huile-extraordinaire-coco-masque-a-lhuile-extra-fine-de-coco-nutrition-haute-legerete-pour-cheveux-normaux-a-secs-1-unite-310-ml\/","og_locale":"ar_AR","og_type":"article","og_title":"L'Or\u00e9al Paris - Elseve Huile Extraordinaire Coco Masque \u00e0 l'Huile Extra-Fine de Coco Nutrition Haute L\u00e9g\u00e8ret\u00e9 pour Cheveux Normaux \u00e0 Secs 1 Unit\u00e9 - 310 ml - NIRIGS","og_url":"https:\/\/nirigs.com\/ar\/product\/loreal-paris-elseve-huile-extraordinaire-coco-masque-a-lhuile-extra-fine-de-coco-nutrition-haute-legerete-pour-cheveux-normaux-a-secs-1-unite-310-ml\/","og_site_name":"NIRIGS","article_modified_time":"2025-04-22T08:39:38+00:00","og_image":[{"width":1000,"height":1000,"url":"https:\/\/nirigs.com\/wp-content\/uploads\/2024\/09\/LOreal-Paris-Elseve-Huile-Extraordinaire-Coco-Masque-a-lHuile-Extra-Fine-de-Coco-Nutrition-Haute-Legerete-pour-Cheveux-Normaux-a-Secs-1-Unite-310-ml.jpg","type":"image\/jpeg"}],"twitter_card":"summary_large_image","twitter_misc":{"\u0648\u0642\u062a \u0627\u0644\u0642\u0631\u0627\u0621\u0629 \u0627\u0644\u0645\u064f\u0642\u062f\u0651\u0631":"\u062f\u0642\u064a\u0642\u0629 \u0648\u0627\u062d\u062f\u0629"},"schema":{"@context":"https:\/\/schema.org","@graph":[{"@type":"WebPage","@id":"https:\/\/nirigs.com\/product\/loreal-paris-elseve-huile-extraordinaire-coco-masque-a-lhuile-extra-fine-de-coco-nutrition-haute-legerete-pour-cheveux-normaux-a-secs-1-unite-310-ml\/","url":"https:\/\/nirigs.com\/product\/loreal-paris-elseve-huile-extraordinaire-coco-masque-a-lhuile-extra-fine-de-coco-nutrition-haute-legerete-pour-cheveux-normaux-a-secs-1-unite-310-ml\/","name":"L'Or\u00e9al Paris - Elseve Huile Extraordinaire Coco Masque \u00e0 l'Huile Extra-Fine de Coco Nutrition Haute L\u00e9g\u00e8ret\u00e9 pour Cheveux Normaux \u00e0 Secs 1 Unit\u00e9 - 310 ml - NIRIGS","isPartOf":{"@id":"https:\/\/nirigs.com\/#website"},"primaryImageOfPage":{"@id":"https:\/\/nirigs.com\/product\/loreal-paris-elseve-huile-extraordinaire-coco-masque-a-lhuile-extra-fine-de-coco-nutrition-haute-legerete-pour-cheveux-normaux-a-secs-1-unite-310-ml\/#primaryimage"},"image":{"@id":"https:\/\/nirigs.com\/product\/loreal-paris-elseve-huile-extraordinaire-coco-masque-a-lhuile-extra-fine-de-coco-nutrition-haute-legerete-pour-cheveux-normaux-a-secs-1-unite-310-ml\/#primaryimage"},"thumbnailUrl":"https:\/\/nirigs.com\/wp-content\/uploads\/2024\/09\/LOreal-Paris-Elseve-Huile-Extraordinaire-Coco-Masque-a-lHuile-Extra-Fine-de-Coco-Nutrition-Haute-Legerete-pour-Cheveux-Normaux-a-Secs-1-Unite-310-ml.jpg","datePublished":"2024-10-02T14:43:07+00:00","dateModified":"2025-04-22T08:39:38+00:00","breadcrumb":{"@id":"https:\/\/nirigs.com\/product\/loreal-paris-elseve-huile-extraordinaire-coco-masque-a-lhuile-extra-fine-de-coco-nutrition-haute-legerete-pour-cheveux-normaux-a-secs-1-unite-310-ml\/#breadcrumb"},"inLanguage":"ar","potentialAction":[{"@type":"ReadAction","target":["https:\/\/nirigs.com\/product\/loreal-paris-elseve-huile-extraordinaire-coco-masque-a-lhuile-extra-fine-de-coco-nutrition-haute-legerete-pour-cheveux-normaux-a-secs-1-unite-310-ml\/"]}]},{"@type":"ImageObject","inLanguage":"ar","@id":"https:\/\/nirigs.com\/product\/loreal-paris-elseve-huile-extraordinaire-coco-masque-a-lhuile-extra-fine-de-coco-nutrition-haute-legerete-pour-cheveux-normaux-a-secs-1-unite-310-ml\/#primaryimage","url":"https:\/\/nirigs.com\/wp-content\/uploads\/2024\/09\/LOreal-Paris-Elseve-Huile-Extraordinaire-Coco-Masque-a-lHuile-Extra-Fine-de-Coco-Nutrition-Haute-Legerete-pour-Cheveux-Normaux-a-Secs-1-Unite-310-ml.jpg","contentUrl":"https:\/\/nirigs.com\/wp-content\/uploads\/2024\/09\/LOreal-Paris-Elseve-Huile-Extraordinaire-Coco-Masque-a-lHuile-Extra-Fine-de-Coco-Nutrition-Haute-Legerete-pour-Cheveux-Normaux-a-Secs-1-Unite-310-ml.jpg","width":1000,"height":1000},{"@type":"BreadcrumbList","@id":"https:\/\/nirigs.com\/product\/loreal-paris-elseve-huile-extraordinaire-coco-masque-a-lhuile-extra-fine-de-coco-nutrition-haute-legerete-pour-cheveux-normaux-a-secs-1-unite-310-ml\/#breadcrumb","itemListElement":[{"@type":"ListItem","position":1,"name":"Home","item":"https:\/\/nirigs.com\/"},{"@type":"ListItem","position":2,"name":"Parcourir","item":"https:\/\/nirigs.com\/boutique\/"},{"@type":"ListItem","position":3,"name":"L&rsquo;Or\u00e9al Paris &#8211; Elseve Huile Extraordinaire Coco Masque \u00e0 l&rsquo;Huile Extra-Fine de Coco Nutrition Haute L\u00e9g\u00e8ret\u00e9 pour Cheveux Normaux \u00e0 Secs 1 Unit\u00e9 &#8211; 310 ml"}]},{"@type":"WebSite","@id":"https:\/\/nirigs.com\/#website","url":"https:\/\/nirigs.com\/","name":"Nirigs.com","description":"Simplifiez vos achats du quotidien \u00e0 Djibouti","publisher":{"@id":"https:\/\/nirigs.com\/#organization"},"potentialAction":[{"@type":"SearchAction","target":{"@type":"EntryPoint","urlTemplate":"https:\/\/nirigs.com\/?s={search_term_string}"},"query-input":{"@type":"PropertyValueSpecification","valueRequired":true,"valueName":"search_term_string"}}],"inLanguage":"ar"},{"@type":"Organization","@id":"https:\/\/nirigs.com\/#organization","name":"\u0646\u064a\u0631\u064a\u062c\u0633","url":"https:\/\/nirigs.com\/","logo":{"@type":"ImageObject","inLanguage":"ar","@id":"https:\/\/nirigs.com\/#\/schema\/logo\/image\/","url":"https:\/\/nirigs.com\/wp-content\/uploads\/2025\/04\/Design-sans-titre-27.png","contentUrl":"https:\/\/nirigs.com\/wp-content\/uploads\/2025\/04\/Design-sans-titre-27.png","width":500,"height":500,"caption":"Nirigs"},"image":{"@id":"https:\/\/nirigs.com\/#\/schema\/logo\/image\/"}}]}},"brands":[{"id":588,"name":"L'Or\u00e9al Paris","slug":"loreal-paris"}],"_links":{"self":[{"href":"https:\/\/nirigs.com\/ar\/wp-json\/wp\/v2\/product\/21687","targetHints":{"allow":["GET"]}}],"collection":[{"href":"https:\/\/nirigs.com\/ar\/wp-json\/wp\/v2\/product"}],"about":[{"href":"https:\/\/nirigs.com\/ar\/wp-json\/wp\/v2\/types\/product"}],"replies":[{"embeddable":true,"href":"https:\/\/nirigs.com\/ar\/wp-json\/wp\/v2\/comments?post=21687"}],"version-history":[{"count":5,"href":"https:\/\/nirigs.com\/ar\/wp-json\/wp\/v2\/product\/21687\/revisions"}],"predecessor-version":[{"id":26990,"href":"https:\/\/nirigs.com\/ar\/wp-json\/wp\/v2\/product\/21687\/revisions\/26990"}],"wp:featuredmedia":[{"embeddable":true,"href":"https:\/\/nirigs.com\/ar\/wp-json\/wp\/v2\/media\/21691"}],"wp:attachment":[{"href":"https:\/\/nirigs.com\/ar\/wp-json\/wp\/v2\/media?parent=21687"}],"wp:term":[{"taxonomy":"pwb-brand","embeddable":true,"href":"https:\/\/nirigs.com\/ar\/wp-json\/wp\/v2\/pwb-brand?post=21687"},{"taxonomy":"product_brand","embeddable":true,"href":"https:\/\/nirigs.com\/ar\/wp-json\/wp\/v2\/product_brand?post=21687"},{"taxonomy":"product_cat","embeddable":true,"href":"https:\/\/nirigs.com\/ar\/wp-json\/wp\/v2\/product_cat?post=21687"},{"taxonomy":"product_tag","embeddable":true,"href":"https:\/\/nirigs.com\/ar\/wp-json\/wp\/v2\/product_tag?post=21687"}],"curies":[{"name":"wp","href":"https:\/\/api.w.org\/{rel}","templated":true}]}}