{"id":21678,"date":"2024-10-02T17:50:59","date_gmt":"2024-10-02T14:50:59","guid":{"rendered":"https:\/\/nirigs.com\/?post_type=product&#038;p=21678"},"modified":"2025-04-22T11:25:33","modified_gmt":"2025-04-22T08:25:33","slug":"loreal-paris-elseve-shampooing-coco-a-lhuile-extraordinaire-pour-cheveux-fins-et-secs-300-ml","status":"publish","type":"product","link":"https:\/\/nirigs.com\/ar\/product\/loreal-paris-elseve-shampooing-coco-a-lhuile-extraordinaire-pour-cheveux-fins-et-secs-300-ml\/","title":{"rendered":"L&rsquo;Or\u00e9al Paris &#8211; Elseve Shampooing Coco \u00e0 l&rsquo;huile extraordinaire pour cheveux fins et secs &#8211; 300 ml"},"content":{"rendered":"<p>D\u00e9couvrez l&rsquo;extraordinaire huile de shampooing Coco de l&rsquo;Or\u00e9al Paris. La formule de soin sans silicone pour un toucher naturel est enrichie en huile de coco extra fine :<\/p>\n<ul>\n<li>Reconnue pour p\u00e9n\u00e9trer au c\u0153ur de la fibre capillaire pour une action en profondeur et en l\u00e9g\u00e8ret\u00e9.<\/li>\n<li>Pour des longueurs ultra lisses et brillantes.<\/li>\n<\/ul>\n<p>Soigne vos cheveux sans les alourdir. Sa formule est enrichie en huile de coco extra fine, connue pour sa capacit\u00e9 \u00e0 p\u00e9n\u00e9trer au c\u0153ur de la fibre afin d&rsquo;apporter la juste dose de nutrition en toute l\u00e9g\u00e8ret\u00e9. Il est sans silicone pour un toucher naturel.<\/p>\n<h4>\u064a\u0633\u062a\u062e\u062f\u0645<\/h4>\n<ul>\n<li>Appliquez sur cheveux mouill\u00e9s,<\/li>\n<li>Massez soigneusement l&rsquo;ensemble du cuir chevelu puis rincez.<\/li>\n<\/ul>\n<h4>\u0645\u0643\u0648\u0646\u0627\u062a<\/h4>\n<p>AQUA \/ Water \u2022 Sodium LAURETH SULFATE \u2022 COCO-BETAINE \u2022 CI 19140 \/ YELLOW 5 \u2022 DICAPRYLYL ETHER \u2022 COCOS NUCIFERA OIL \/ COCONUT OIL \u2022 TOCOPHEROL \u2022 Sodium Chloride \u2022 Sodium BenZOA\u00ae H TE \u2022 SOLID DIJT UM HYDROXIDE \u2022 HYDROXYPROPYL GUAR HYDROXYPROPYLTRIMONIUM CHLORIDE \u2022 OLEYL ALCOHOL \u2022 PPG-5-CETETH-20 \u2022 PEG-55 PROPYLENE GLYCOL OLEATE \u2022 PEG-60 HYDROGENATED CASTOR OLI \u2022 SALICY: LICYLICYLI C ACID \u2022 POLYQUATERNIUM-7 \u2022 LINALOOL \u2022 PROPYLENE GLYCOL \u2022 Caramel \u2022 CITRIC ACID \u2022 CouMARIN \u2022 HEXYL CINNAMAL \u2022 Perfume\/Fragrance<\/p>","protected":false},"excerpt":{"rendered":"<p><br data-mce-bogus=\"1\"><\/p>","protected":false},"featured_media":21679,"comment_status":"open","ping_status":"closed","template":"","meta":[],"pwb-brand":[588],"product_brand":[],"product_cat":[267,1022,1026,1024],"product_tag":[],"class_list":{"0":"post-21678","1":"product","2":"type-product","3":"status-publish","4":"has-post-thumbnail","6":"pwb-brand-loreal-paris","7":"product_cat-beaute-et-soins","8":"product_cat-coiffures-et-soins-des-cheveux","9":"product_cat-shampooings","10":"product_cat-soins-des-cheveux","12":"first","13":"instock","14":"shipping-taxable","15":"purchasable","16":"product-type-simple"},"yoast_head":"<!-- This site is optimized with the Yoast SEO plugin v27.1.1 - https:\/\/yoast.com\/product\/yoast-seo-wordpress\/ -->\n<title>L&#039;Or\u00e9al Paris - Elseve Shampooing Coco \u00e0 l&#039;huile extraordinaire pour cheveux fins et secs - 300 ml - NIRIGS<\/title>\n<meta name=\"robots\" content=\"index, follow, max-snippet:-1, max-image-preview:large, max-video-preview:-1\" \/>\n<link rel=\"canonical\" href=\"https:\/\/nirigs.com\/ar\/product\/loreal-paris-elseve-shampooing-coco-a-lhuile-extraordinaire-pour-cheveux-fins-et-secs-300-ml\/\" \/>\n<meta property=\"og:locale\" content=\"ar_AR\" \/>\n<meta property=\"og:type\" content=\"article\" \/>\n<meta property=\"og:title\" content=\"L&#039;Or\u00e9al Paris - Elseve Shampooing Coco \u00e0 l&#039;huile extraordinaire pour cheveux fins et secs - 300 ml - NIRIGS\" \/>\n<meta property=\"og:url\" content=\"https:\/\/nirigs.com\/ar\/product\/loreal-paris-elseve-shampooing-coco-a-lhuile-extraordinaire-pour-cheveux-fins-et-secs-300-ml\/\" \/>\n<meta property=\"og:site_name\" content=\"NIRIGS\" \/>\n<meta property=\"article:modified_time\" content=\"2025-04-22T08:25:33+00:00\" \/>\n<meta property=\"og:image\" content=\"https:\/\/nirigs.com\/wp-content\/uploads\/2024\/09\/LOreal-Paris-Elseve-Extraordinary-Oil-Coco-Shampoo-for-Fine-and-Dry-Hair-300-ml-1.jpg\" \/>\n\t<meta property=\"og:image:width\" content=\"1000\" \/>\n\t<meta property=\"og:image:height\" content=\"1000\" \/>\n\t<meta property=\"og:image:type\" content=\"image\/jpeg\" \/>\n<meta name=\"twitter:card\" content=\"summary_large_image\" \/>\n<meta name=\"twitter:label1\" content=\"\u0648\u0642\u062a \u0627\u0644\u0642\u0631\u0627\u0621\u0629 \u0627\u0644\u0645\u064f\u0642\u062f\u0651\u0631\" \/>\n\t<meta name=\"twitter:data1\" content=\"\u062f\u0642\u064a\u0642\u0629 \u0648\u0627\u062d\u062f\u0629\" \/>\n<script type=\"application\/ld+json\" class=\"yoast-schema-graph\">{\"@context\":\"https:\/\/schema.org\",\"@graph\":[{\"@type\":\"WebPage\",\"@id\":\"https:\/\/nirigs.com\/product\/loreal-paris-elseve-shampooing-coco-a-lhuile-extraordinaire-pour-cheveux-fins-et-secs-300-ml\/\",\"url\":\"https:\/\/nirigs.com\/product\/loreal-paris-elseve-shampooing-coco-a-lhuile-extraordinaire-pour-cheveux-fins-et-secs-300-ml\/\",\"name\":\"L'Or\u00e9al Paris - Elseve Shampooing Coco \u00e0 l'huile extraordinaire pour cheveux fins et secs - 300 ml - NIRIGS\",\"isPartOf\":{\"@id\":\"https:\/\/nirigs.com\/#website\"},\"primaryImageOfPage\":{\"@id\":\"https:\/\/nirigs.com\/product\/loreal-paris-elseve-shampooing-coco-a-lhuile-extraordinaire-pour-cheveux-fins-et-secs-300-ml\/#primaryimage\"},\"image\":{\"@id\":\"https:\/\/nirigs.com\/product\/loreal-paris-elseve-shampooing-coco-a-lhuile-extraordinaire-pour-cheveux-fins-et-secs-300-ml\/#primaryimage\"},\"thumbnailUrl\":\"https:\/\/nirigs.com\/wp-content\/uploads\/2024\/09\/LOreal-Paris-Elseve-Extraordinary-Oil-Coco-Shampoo-for-Fine-and-Dry-Hair-300-ml-1.jpg\",\"datePublished\":\"2024-10-02T14:50:59+00:00\",\"dateModified\":\"2025-04-22T08:25:33+00:00\",\"breadcrumb\":{\"@id\":\"https:\/\/nirigs.com\/product\/loreal-paris-elseve-shampooing-coco-a-lhuile-extraordinaire-pour-cheveux-fins-et-secs-300-ml\/#breadcrumb\"},\"inLanguage\":\"ar\",\"potentialAction\":[{\"@type\":\"ReadAction\",\"target\":[\"https:\/\/nirigs.com\/product\/loreal-paris-elseve-shampooing-coco-a-lhuile-extraordinaire-pour-cheveux-fins-et-secs-300-ml\/\"]}]},{\"@type\":\"ImageObject\",\"inLanguage\":\"ar\",\"@id\":\"https:\/\/nirigs.com\/product\/loreal-paris-elseve-shampooing-coco-a-lhuile-extraordinaire-pour-cheveux-fins-et-secs-300-ml\/#primaryimage\",\"url\":\"https:\/\/nirigs.com\/wp-content\/uploads\/2024\/09\/LOreal-Paris-Elseve-Extraordinary-Oil-Coco-Shampoo-for-Fine-and-Dry-Hair-300-ml-1.jpg\",\"contentUrl\":\"https:\/\/nirigs.com\/wp-content\/uploads\/2024\/09\/LOreal-Paris-Elseve-Extraordinary-Oil-Coco-Shampoo-for-Fine-and-Dry-Hair-300-ml-1.jpg\",\"width\":1000,\"height\":1000},{\"@type\":\"BreadcrumbList\",\"@id\":\"https:\/\/nirigs.com\/product\/loreal-paris-elseve-shampooing-coco-a-lhuile-extraordinaire-pour-cheveux-fins-et-secs-300-ml\/#breadcrumb\",\"itemListElement\":[{\"@type\":\"ListItem\",\"position\":1,\"name\":\"Home\",\"item\":\"https:\/\/nirigs.com\/\"},{\"@type\":\"ListItem\",\"position\":2,\"name\":\"Parcourir\",\"item\":\"https:\/\/nirigs.com\/boutique\/\"},{\"@type\":\"ListItem\",\"position\":3,\"name\":\"L&rsquo;Or\u00e9al Paris &#8211; Elseve Shampooing Coco \u00e0 l&rsquo;huile extraordinaire pour cheveux fins et secs &#8211; 300 ml\"}]},{\"@type\":\"WebSite\",\"@id\":\"https:\/\/nirigs.com\/#website\",\"url\":\"https:\/\/nirigs.com\/\",\"name\":\"Nirigs.com\",\"description\":\"Simplifiez vos achats du quotidien \u00e0 Djibouti\",\"publisher\":{\"@id\":\"https:\/\/nirigs.com\/#organization\"},\"potentialAction\":[{\"@type\":\"SearchAction\",\"target\":{\"@type\":\"EntryPoint\",\"urlTemplate\":\"https:\/\/nirigs.com\/?s={search_term_string}\"},\"query-input\":{\"@type\":\"PropertyValueSpecification\",\"valueRequired\":true,\"valueName\":\"search_term_string\"}}],\"inLanguage\":\"ar\"},{\"@type\":\"Organization\",\"@id\":\"https:\/\/nirigs.com\/#organization\",\"name\":\"Nirigs\",\"url\":\"https:\/\/nirigs.com\/\",\"logo\":{\"@type\":\"ImageObject\",\"inLanguage\":\"ar\",\"@id\":\"https:\/\/nirigs.com\/#\/schema\/logo\/image\/\",\"url\":\"https:\/\/nirigs.com\/wp-content\/uploads\/2025\/04\/Design-sans-titre-27.png\",\"contentUrl\":\"https:\/\/nirigs.com\/wp-content\/uploads\/2025\/04\/Design-sans-titre-27.png\",\"width\":500,\"height\":500,\"caption\":\"Nirigs\"},\"image\":{\"@id\":\"https:\/\/nirigs.com\/#\/schema\/logo\/image\/\"}}]}<\/script>\n<!-- \/ Yoast SEO plugin. -->","yoast_head_json":{"title":"L'Or\u00e9al Paris - Elseve Shampooing Coco \u00e0 l'huile extraordinaire pour cheveux fins et secs - 300 ml - NIRIGS","robots":{"index":"index","follow":"follow","max-snippet":"max-snippet:-1","max-image-preview":"max-image-preview:large","max-video-preview":"max-video-preview:-1"},"canonical":"https:\/\/nirigs.com\/ar\/product\/loreal-paris-elseve-shampooing-coco-a-lhuile-extraordinaire-pour-cheveux-fins-et-secs-300-ml\/","og_locale":"ar_AR","og_type":"article","og_title":"L'Or\u00e9al Paris - Elseve Shampooing Coco \u00e0 l'huile extraordinaire pour cheveux fins et secs - 300 ml - NIRIGS","og_url":"https:\/\/nirigs.com\/ar\/product\/loreal-paris-elseve-shampooing-coco-a-lhuile-extraordinaire-pour-cheveux-fins-et-secs-300-ml\/","og_site_name":"NIRIGS","article_modified_time":"2025-04-22T08:25:33+00:00","og_image":[{"width":1000,"height":1000,"url":"https:\/\/nirigs.com\/wp-content\/uploads\/2024\/09\/LOreal-Paris-Elseve-Extraordinary-Oil-Coco-Shampoo-for-Fine-and-Dry-Hair-300-ml-1.jpg","type":"image\/jpeg"}],"twitter_card":"summary_large_image","twitter_misc":{"\u0648\u0642\u062a \u0627\u0644\u0642\u0631\u0627\u0621\u0629 \u0627\u0644\u0645\u064f\u0642\u062f\u0651\u0631":"\u062f\u0642\u064a\u0642\u0629 \u0648\u0627\u062d\u062f\u0629"},"schema":{"@context":"https:\/\/schema.org","@graph":[{"@type":"WebPage","@id":"https:\/\/nirigs.com\/product\/loreal-paris-elseve-shampooing-coco-a-lhuile-extraordinaire-pour-cheveux-fins-et-secs-300-ml\/","url":"https:\/\/nirigs.com\/product\/loreal-paris-elseve-shampooing-coco-a-lhuile-extraordinaire-pour-cheveux-fins-et-secs-300-ml\/","name":"L'Or\u00e9al Paris - Elseve Shampooing Coco \u00e0 l'huile extraordinaire pour cheveux fins et secs - 300 ml - NIRIGS","isPartOf":{"@id":"https:\/\/nirigs.com\/#website"},"primaryImageOfPage":{"@id":"https:\/\/nirigs.com\/product\/loreal-paris-elseve-shampooing-coco-a-lhuile-extraordinaire-pour-cheveux-fins-et-secs-300-ml\/#primaryimage"},"image":{"@id":"https:\/\/nirigs.com\/product\/loreal-paris-elseve-shampooing-coco-a-lhuile-extraordinaire-pour-cheveux-fins-et-secs-300-ml\/#primaryimage"},"thumbnailUrl":"https:\/\/nirigs.com\/wp-content\/uploads\/2024\/09\/LOreal-Paris-Elseve-Extraordinary-Oil-Coco-Shampoo-for-Fine-and-Dry-Hair-300-ml-1.jpg","datePublished":"2024-10-02T14:50:59+00:00","dateModified":"2025-04-22T08:25:33+00:00","breadcrumb":{"@id":"https:\/\/nirigs.com\/product\/loreal-paris-elseve-shampooing-coco-a-lhuile-extraordinaire-pour-cheveux-fins-et-secs-300-ml\/#breadcrumb"},"inLanguage":"ar","potentialAction":[{"@type":"ReadAction","target":["https:\/\/nirigs.com\/product\/loreal-paris-elseve-shampooing-coco-a-lhuile-extraordinaire-pour-cheveux-fins-et-secs-300-ml\/"]}]},{"@type":"ImageObject","inLanguage":"ar","@id":"https:\/\/nirigs.com\/product\/loreal-paris-elseve-shampooing-coco-a-lhuile-extraordinaire-pour-cheveux-fins-et-secs-300-ml\/#primaryimage","url":"https:\/\/nirigs.com\/wp-content\/uploads\/2024\/09\/LOreal-Paris-Elseve-Extraordinary-Oil-Coco-Shampoo-for-Fine-and-Dry-Hair-300-ml-1.jpg","contentUrl":"https:\/\/nirigs.com\/wp-content\/uploads\/2024\/09\/LOreal-Paris-Elseve-Extraordinary-Oil-Coco-Shampoo-for-Fine-and-Dry-Hair-300-ml-1.jpg","width":1000,"height":1000},{"@type":"BreadcrumbList","@id":"https:\/\/nirigs.com\/product\/loreal-paris-elseve-shampooing-coco-a-lhuile-extraordinaire-pour-cheveux-fins-et-secs-300-ml\/#breadcrumb","itemListElement":[{"@type":"ListItem","position":1,"name":"Home","item":"https:\/\/nirigs.com\/"},{"@type":"ListItem","position":2,"name":"Parcourir","item":"https:\/\/nirigs.com\/boutique\/"},{"@type":"ListItem","position":3,"name":"L&rsquo;Or\u00e9al Paris &#8211; Elseve Shampooing Coco \u00e0 l&rsquo;huile extraordinaire pour cheveux fins et secs &#8211; 300 ml"}]},{"@type":"WebSite","@id":"https:\/\/nirigs.com\/#website","url":"https:\/\/nirigs.com\/","name":"Nirigs.com","description":"Simplifiez vos achats du quotidien \u00e0 Djibouti","publisher":{"@id":"https:\/\/nirigs.com\/#organization"},"potentialAction":[{"@type":"SearchAction","target":{"@type":"EntryPoint","urlTemplate":"https:\/\/nirigs.com\/?s={search_term_string}"},"query-input":{"@type":"PropertyValueSpecification","valueRequired":true,"valueName":"search_term_string"}}],"inLanguage":"ar"},{"@type":"Organization","@id":"https:\/\/nirigs.com\/#organization","name":"\u0646\u064a\u0631\u064a\u062c\u0633","url":"https:\/\/nirigs.com\/","logo":{"@type":"ImageObject","inLanguage":"ar","@id":"https:\/\/nirigs.com\/#\/schema\/logo\/image\/","url":"https:\/\/nirigs.com\/wp-content\/uploads\/2025\/04\/Design-sans-titre-27.png","contentUrl":"https:\/\/nirigs.com\/wp-content\/uploads\/2025\/04\/Design-sans-titre-27.png","width":500,"height":500,"caption":"Nirigs"},"image":{"@id":"https:\/\/nirigs.com\/#\/schema\/logo\/image\/"}}]}},"brands":[{"id":588,"name":"L'Or\u00e9al Paris","slug":"loreal-paris"}],"_links":{"self":[{"href":"https:\/\/nirigs.com\/ar\/wp-json\/wp\/v2\/product\/21678","targetHints":{"allow":["GET"]}}],"collection":[{"href":"https:\/\/nirigs.com\/ar\/wp-json\/wp\/v2\/product"}],"about":[{"href":"https:\/\/nirigs.com\/ar\/wp-json\/wp\/v2\/types\/product"}],"replies":[{"embeddable":true,"href":"https:\/\/nirigs.com\/ar\/wp-json\/wp\/v2\/comments?post=21678"}],"version-history":[{"count":6,"href":"https:\/\/nirigs.com\/ar\/wp-json\/wp\/v2\/product\/21678\/revisions"}],"predecessor-version":[{"id":26967,"href":"https:\/\/nirigs.com\/ar\/wp-json\/wp\/v2\/product\/21678\/revisions\/26967"}],"wp:featuredmedia":[{"embeddable":true,"href":"https:\/\/nirigs.com\/ar\/wp-json\/wp\/v2\/media\/21679"}],"wp:attachment":[{"href":"https:\/\/nirigs.com\/ar\/wp-json\/wp\/v2\/media?parent=21678"}],"wp:term":[{"taxonomy":"pwb-brand","embeddable":true,"href":"https:\/\/nirigs.com\/ar\/wp-json\/wp\/v2\/pwb-brand?post=21678"},{"taxonomy":"product_brand","embeddable":true,"href":"https:\/\/nirigs.com\/ar\/wp-json\/wp\/v2\/product_brand?post=21678"},{"taxonomy":"product_cat","embeddable":true,"href":"https:\/\/nirigs.com\/ar\/wp-json\/wp\/v2\/product_cat?post=21678"},{"taxonomy":"product_tag","embeddable":true,"href":"https:\/\/nirigs.com\/ar\/wp-json\/wp\/v2\/product_tag?post=21678"}],"curies":[{"name":"wp","href":"https:\/\/api.w.org\/{rel}","templated":true}]}}