{"id":21673,"date":"2024-10-02T17:15:33","date_gmt":"2024-10-02T14:15:33","guid":{"rendered":"https:\/\/nirigs.com\/?post_type=product&#038;p=21673"},"modified":"2025-04-22T18:44:58","modified_gmt":"2025-04-22T15:44:58","slug":"dop-shampooing-tres-doux-2-en-1-au-karite-400-ml","status":"publish","type":"product","link":"https:\/\/nirigs.com\/ar\/product\/dop-shampooing-tres-doux-2-en-1-au-karite-400-ml\/","title":{"rendered":"DOP &#8211; Shampooing Tr\u00e8s Doux 2-en-1 au Karit\u00e9 &#8211; 400 ml"},"content":{"rendered":"<p>Shampooing 2 en 1 tr\u00e8s doux au Karit\u00e9. Sa formule 2 en 1 apporte un soin nourrissant qui Toucher soyeux vos cheveux et les jour apr\u00e8s jour. Une formule biod\u00e9gradable jusqu\u2019\u00e0 91%, au pH tout doux pour les cheveux et sans silicone pour un toucher naturel. <span class=\"a-list-item\">Le karit\u00e9 qui est un ingr\u00e9dient d&rsquo;origine naturelle ultra riche, s\u00e9lectionn\u00e9 pour adoucir et prot\u00e9ger la fibre capillaire. <\/span><\/p>\n<p><span class=\"a-list-item\">R\u00e9sultat : les cheveux sont nourris et assouplis.<\/span><\/p>\n<h4>\u064a\u0633\u062a\u062e\u062f\u0645<\/h4>\n<ul>\n<li><span class=\"a-list-item\">Appliquer sur cheveux humides, <\/span><\/li>\n<li><span class=\"a-list-item\">Faire mousser<\/span><\/li>\n<li><span class=\"a-list-item\">Rincer abondamment <\/span><\/li>\n<\/ul>\n<p><span class=\"a-list-item\">* Ne pas avaler ne pas laisser \u00e0 la port\u00e9e des enfants sans surveillance<\/span><\/p>\n<h4>\u0645\u0643\u0648\u0646\u0627\u062a<\/h4>\n<p>1202714 c &#8211; ingr\u00e9dients : aqua \/ water, sodium laureth sulfate, coco-betaine, glycerin, glycol distearate, sodium chloride, ppg-5-ceteth-20, carbomer, sodium benzoate, salicylic acid, sodium acetate, sodium hydroxide, coumarin, limonene, isopropyl alcohol, citric acid, polyquaternium-10, butyrospermum parkii butter \/ shea butter, parfum \/ fragrance. (f.i.l. c211402\/1)<\/p>","protected":false},"excerpt":{"rendered":"<p><br data-mce-bogus=\"1\"><\/p>","protected":false},"featured_media":21675,"comment_status":"open","ping_status":"closed","template":"","meta":[],"pwb-brand":[1106],"product_brand":[],"product_cat":[267,1022,1026,1024],"product_tag":[],"class_list":{"0":"post-21673","1":"product","2":"type-product","3":"status-publish","4":"has-post-thumbnail","6":"pwb-brand-dop","7":"product_cat-beaute-et-soins","8":"product_cat-coiffures-et-soins-des-cheveux","9":"product_cat-shampooings","10":"product_cat-soins-des-cheveux","12":"first","13":"instock","14":"shipping-taxable","15":"purchasable","16":"product-type-simple"},"yoast_head":"<!-- This site is optimized with the Yoast SEO plugin v27.1.1 - https:\/\/yoast.com\/product\/yoast-seo-wordpress\/ -->\n<title>DOP - Shampooing Tr\u00e8s Doux 2-en-1 au Karit\u00e9 - 400 ml - NIRIGS<\/title>\n<meta name=\"robots\" content=\"index, follow, max-snippet:-1, max-image-preview:large, max-video-preview:-1\" \/>\n<link rel=\"canonical\" href=\"https:\/\/nirigs.com\/ar\/product\/dop-shampooing-tres-doux-2-en-1-au-karite-400-ml\/\" \/>\n<meta property=\"og:locale\" content=\"ar_AR\" \/>\n<meta property=\"og:type\" content=\"article\" \/>\n<meta property=\"og:title\" content=\"DOP - Shampooing Tr\u00e8s Doux 2-en-1 au Karit\u00e9 - 400 ml - NIRIGS\" \/>\n<meta property=\"og:url\" content=\"https:\/\/nirigs.com\/ar\/product\/dop-shampooing-tres-doux-2-en-1-au-karite-400-ml\/\" \/>\n<meta property=\"og:site_name\" content=\"NIRIGS\" \/>\n<meta property=\"article:modified_time\" content=\"2025-04-22T15:44:58+00:00\" \/>\n<meta property=\"og:image\" content=\"https:\/\/nirigs.com\/wp-content\/uploads\/2024\/09\/DOP-Shampooing-Tres-Doux-2-en-1-au-Karite-400-ml.jpg\" \/>\n\t<meta property=\"og:image:width\" content=\"1000\" \/>\n\t<meta property=\"og:image:height\" content=\"1000\" \/>\n\t<meta property=\"og:image:type\" content=\"image\/jpeg\" \/>\n<meta name=\"twitter:card\" content=\"summary_large_image\" \/>\n<meta name=\"twitter:label1\" content=\"\u0648\u0642\u062a \u0627\u0644\u0642\u0631\u0627\u0621\u0629 \u0627\u0644\u0645\u064f\u0642\u062f\u0651\u0631\" \/>\n\t<meta name=\"twitter:data1\" content=\"\u062f\u0642\u064a\u0642\u0629 \u0648\u0627\u062d\u062f\u0629\" \/>\n<script type=\"application\/ld+json\" class=\"yoast-schema-graph\">{\"@context\":\"https:\/\/schema.org\",\"@graph\":[{\"@type\":\"WebPage\",\"@id\":\"https:\/\/nirigs.com\/product\/dop-shampooing-tres-doux-2-en-1-au-karite-400-ml\/\",\"url\":\"https:\/\/nirigs.com\/product\/dop-shampooing-tres-doux-2-en-1-au-karite-400-ml\/\",\"name\":\"DOP - Shampooing Tr\u00e8s Doux 2-en-1 au Karit\u00e9 - 400 ml - NIRIGS\",\"isPartOf\":{\"@id\":\"https:\/\/nirigs.com\/#website\"},\"primaryImageOfPage\":{\"@id\":\"https:\/\/nirigs.com\/product\/dop-shampooing-tres-doux-2-en-1-au-karite-400-ml\/#primaryimage\"},\"image\":{\"@id\":\"https:\/\/nirigs.com\/product\/dop-shampooing-tres-doux-2-en-1-au-karite-400-ml\/#primaryimage\"},\"thumbnailUrl\":\"https:\/\/nirigs.com\/wp-content\/uploads\/2024\/09\/DOP-Shampooing-Tres-Doux-2-en-1-au-Karite-400-ml.jpg\",\"datePublished\":\"2024-10-02T14:15:33+00:00\",\"dateModified\":\"2025-04-22T15:44:58+00:00\",\"breadcrumb\":{\"@id\":\"https:\/\/nirigs.com\/product\/dop-shampooing-tres-doux-2-en-1-au-karite-400-ml\/#breadcrumb\"},\"inLanguage\":\"ar\",\"potentialAction\":[{\"@type\":\"ReadAction\",\"target\":[\"https:\/\/nirigs.com\/product\/dop-shampooing-tres-doux-2-en-1-au-karite-400-ml\/\"]}]},{\"@type\":\"ImageObject\",\"inLanguage\":\"ar\",\"@id\":\"https:\/\/nirigs.com\/product\/dop-shampooing-tres-doux-2-en-1-au-karite-400-ml\/#primaryimage\",\"url\":\"https:\/\/nirigs.com\/wp-content\/uploads\/2024\/09\/DOP-Shampooing-Tres-Doux-2-en-1-au-Karite-400-ml.jpg\",\"contentUrl\":\"https:\/\/nirigs.com\/wp-content\/uploads\/2024\/09\/DOP-Shampooing-Tres-Doux-2-en-1-au-Karite-400-ml.jpg\",\"width\":1000,\"height\":1000},{\"@type\":\"BreadcrumbList\",\"@id\":\"https:\/\/nirigs.com\/product\/dop-shampooing-tres-doux-2-en-1-au-karite-400-ml\/#breadcrumb\",\"itemListElement\":[{\"@type\":\"ListItem\",\"position\":1,\"name\":\"Home\",\"item\":\"https:\/\/nirigs.com\/\"},{\"@type\":\"ListItem\",\"position\":2,\"name\":\"Parcourir\",\"item\":\"https:\/\/nirigs.com\/boutique\/\"},{\"@type\":\"ListItem\",\"position\":3,\"name\":\"DOP &#8211; Shampooing Tr\u00e8s Doux 2-en-1 au Karit\u00e9 &#8211; 400 ml\"}]},{\"@type\":\"WebSite\",\"@id\":\"https:\/\/nirigs.com\/#website\",\"url\":\"https:\/\/nirigs.com\/\",\"name\":\"Nirigs.com\",\"description\":\"Simplifiez vos achats du quotidien \u00e0 Djibouti\",\"publisher\":{\"@id\":\"https:\/\/nirigs.com\/#organization\"},\"potentialAction\":[{\"@type\":\"SearchAction\",\"target\":{\"@type\":\"EntryPoint\",\"urlTemplate\":\"https:\/\/nirigs.com\/?s={search_term_string}\"},\"query-input\":{\"@type\":\"PropertyValueSpecification\",\"valueRequired\":true,\"valueName\":\"search_term_string\"}}],\"inLanguage\":\"ar\"},{\"@type\":\"Organization\",\"@id\":\"https:\/\/nirigs.com\/#organization\",\"name\":\"Nirigs\",\"url\":\"https:\/\/nirigs.com\/\",\"logo\":{\"@type\":\"ImageObject\",\"inLanguage\":\"ar\",\"@id\":\"https:\/\/nirigs.com\/#\/schema\/logo\/image\/\",\"url\":\"https:\/\/nirigs.com\/wp-content\/uploads\/2025\/04\/Design-sans-titre-27.png\",\"contentUrl\":\"https:\/\/nirigs.com\/wp-content\/uploads\/2025\/04\/Design-sans-titre-27.png\",\"width\":500,\"height\":500,\"caption\":\"Nirigs\"},\"image\":{\"@id\":\"https:\/\/nirigs.com\/#\/schema\/logo\/image\/\"}}]}<\/script>\n<!-- \/ Yoast SEO plugin. -->","yoast_head_json":{"title":"DOP - Shampooing Tr\u00e8s Doux 2-en-1 au Karit\u00e9 - 400 ml - NIRIGS","robots":{"index":"index","follow":"follow","max-snippet":"max-snippet:-1","max-image-preview":"max-image-preview:large","max-video-preview":"max-video-preview:-1"},"canonical":"https:\/\/nirigs.com\/ar\/product\/dop-shampooing-tres-doux-2-en-1-au-karite-400-ml\/","og_locale":"ar_AR","og_type":"article","og_title":"DOP - Shampooing Tr\u00e8s Doux 2-en-1 au Karit\u00e9 - 400 ml - NIRIGS","og_url":"https:\/\/nirigs.com\/ar\/product\/dop-shampooing-tres-doux-2-en-1-au-karite-400-ml\/","og_site_name":"NIRIGS","article_modified_time":"2025-04-22T15:44:58+00:00","og_image":[{"width":1000,"height":1000,"url":"https:\/\/nirigs.com\/wp-content\/uploads\/2024\/09\/DOP-Shampooing-Tres-Doux-2-en-1-au-Karite-400-ml.jpg","type":"image\/jpeg"}],"twitter_card":"summary_large_image","twitter_misc":{"\u0648\u0642\u062a \u0627\u0644\u0642\u0631\u0627\u0621\u0629 \u0627\u0644\u0645\u064f\u0642\u062f\u0651\u0631":"\u062f\u0642\u064a\u0642\u0629 \u0648\u0627\u062d\u062f\u0629"},"schema":{"@context":"https:\/\/schema.org","@graph":[{"@type":"WebPage","@id":"https:\/\/nirigs.com\/product\/dop-shampooing-tres-doux-2-en-1-au-karite-400-ml\/","url":"https:\/\/nirigs.com\/product\/dop-shampooing-tres-doux-2-en-1-au-karite-400-ml\/","name":"DOP - Shampooing Tr\u00e8s Doux 2-en-1 au Karit\u00e9 - 400 ml - NIRIGS","isPartOf":{"@id":"https:\/\/nirigs.com\/#website"},"primaryImageOfPage":{"@id":"https:\/\/nirigs.com\/product\/dop-shampooing-tres-doux-2-en-1-au-karite-400-ml\/#primaryimage"},"image":{"@id":"https:\/\/nirigs.com\/product\/dop-shampooing-tres-doux-2-en-1-au-karite-400-ml\/#primaryimage"},"thumbnailUrl":"https:\/\/nirigs.com\/wp-content\/uploads\/2024\/09\/DOP-Shampooing-Tres-Doux-2-en-1-au-Karite-400-ml.jpg","datePublished":"2024-10-02T14:15:33+00:00","dateModified":"2025-04-22T15:44:58+00:00","breadcrumb":{"@id":"https:\/\/nirigs.com\/product\/dop-shampooing-tres-doux-2-en-1-au-karite-400-ml\/#breadcrumb"},"inLanguage":"ar","potentialAction":[{"@type":"ReadAction","target":["https:\/\/nirigs.com\/product\/dop-shampooing-tres-doux-2-en-1-au-karite-400-ml\/"]}]},{"@type":"ImageObject","inLanguage":"ar","@id":"https:\/\/nirigs.com\/product\/dop-shampooing-tres-doux-2-en-1-au-karite-400-ml\/#primaryimage","url":"https:\/\/nirigs.com\/wp-content\/uploads\/2024\/09\/DOP-Shampooing-Tres-Doux-2-en-1-au-Karite-400-ml.jpg","contentUrl":"https:\/\/nirigs.com\/wp-content\/uploads\/2024\/09\/DOP-Shampooing-Tres-Doux-2-en-1-au-Karite-400-ml.jpg","width":1000,"height":1000},{"@type":"BreadcrumbList","@id":"https:\/\/nirigs.com\/product\/dop-shampooing-tres-doux-2-en-1-au-karite-400-ml\/#breadcrumb","itemListElement":[{"@type":"ListItem","position":1,"name":"Home","item":"https:\/\/nirigs.com\/"},{"@type":"ListItem","position":2,"name":"Parcourir","item":"https:\/\/nirigs.com\/boutique\/"},{"@type":"ListItem","position":3,"name":"DOP &#8211; Shampooing Tr\u00e8s Doux 2-en-1 au Karit\u00e9 &#8211; 400 ml"}]},{"@type":"WebSite","@id":"https:\/\/nirigs.com\/#website","url":"https:\/\/nirigs.com\/","name":"Nirigs.com","description":"Simplifiez vos achats du quotidien \u00e0 Djibouti","publisher":{"@id":"https:\/\/nirigs.com\/#organization"},"potentialAction":[{"@type":"SearchAction","target":{"@type":"EntryPoint","urlTemplate":"https:\/\/nirigs.com\/?s={search_term_string}"},"query-input":{"@type":"PropertyValueSpecification","valueRequired":true,"valueName":"search_term_string"}}],"inLanguage":"ar"},{"@type":"Organization","@id":"https:\/\/nirigs.com\/#organization","name":"\u0646\u064a\u0631\u064a\u062c\u0633","url":"https:\/\/nirigs.com\/","logo":{"@type":"ImageObject","inLanguage":"ar","@id":"https:\/\/nirigs.com\/#\/schema\/logo\/image\/","url":"https:\/\/nirigs.com\/wp-content\/uploads\/2025\/04\/Design-sans-titre-27.png","contentUrl":"https:\/\/nirigs.com\/wp-content\/uploads\/2025\/04\/Design-sans-titre-27.png","width":500,"height":500,"caption":"Nirigs"},"image":{"@id":"https:\/\/nirigs.com\/#\/schema\/logo\/image\/"}}]}},"brands":[{"id":1106,"name":"DOP","slug":"dop"}],"_links":{"self":[{"href":"https:\/\/nirigs.com\/ar\/wp-json\/wp\/v2\/product\/21673","targetHints":{"allow":["GET"]}}],"collection":[{"href":"https:\/\/nirigs.com\/ar\/wp-json\/wp\/v2\/product"}],"about":[{"href":"https:\/\/nirigs.com\/ar\/wp-json\/wp\/v2\/types\/product"}],"replies":[{"embeddable":true,"href":"https:\/\/nirigs.com\/ar\/wp-json\/wp\/v2\/comments?post=21673"}],"version-history":[{"count":8,"href":"https:\/\/nirigs.com\/ar\/wp-json\/wp\/v2\/product\/21673\/revisions"}],"predecessor-version":[{"id":27045,"href":"https:\/\/nirigs.com\/ar\/wp-json\/wp\/v2\/product\/21673\/revisions\/27045"}],"wp:featuredmedia":[{"embeddable":true,"href":"https:\/\/nirigs.com\/ar\/wp-json\/wp\/v2\/media\/21675"}],"wp:attachment":[{"href":"https:\/\/nirigs.com\/ar\/wp-json\/wp\/v2\/media?parent=21673"}],"wp:term":[{"taxonomy":"pwb-brand","embeddable":true,"href":"https:\/\/nirigs.com\/ar\/wp-json\/wp\/v2\/pwb-brand?post=21673"},{"taxonomy":"product_brand","embeddable":true,"href":"https:\/\/nirigs.com\/ar\/wp-json\/wp\/v2\/product_brand?post=21673"},{"taxonomy":"product_cat","embeddable":true,"href":"https:\/\/nirigs.com\/ar\/wp-json\/wp\/v2\/product_cat?post=21673"},{"taxonomy":"product_tag","embeddable":true,"href":"https:\/\/nirigs.com\/ar\/wp-json\/wp\/v2\/product_tag?post=21673"}],"curies":[{"name":"wp","href":"https:\/\/api.w.org\/{rel}","templated":true}]}}