{"id":21660,"date":"2024-10-15T17:03:34","date_gmt":"2024-10-15T14:03:34","guid":{"rendered":"https:\/\/nirigs.com\/?post_type=product&#038;p=21660"},"modified":"2025-02-02T11:32:57","modified_gmt":"2025-02-02T08:32:57","slug":"protex-herbal-savon-175-g","status":"publish","type":"product","link":"https:\/\/nirigs.com\/ar\/product\/protex-herbal-savon-175-g\/","title":{"rendered":"PROTEX &#8211; HERBAL SAVON &#8211; 175 g"},"content":{"rendered":"<p>Le savon Protex Herbal Anti-Germ nettoie et cr\u00e9e une barri\u00e8re de protection durable contre les germes. Sa formule, enrichie d&rsquo;un m\u00e9lange d&rsquo;extraits de plantes, apporte \u00e0 la peau le soin et la protection dont elle a besoin. Protex avec de l&rsquo;huile de lin aide naturellement \u00e0 renforcer la capacit\u00e9 de votre peau \u00e0 se prot\u00e9ger contre 99,9 % des germes.<\/p>\n<h4>\u064a\u0633\u062a\u062e\u062f\u0645<\/h4>\n<ul>\n<li>Utiliser le pain de savon<\/li>\n<li>Frotter vigoureusement les mains dans un mouvement circulaire<\/li>\n<li>Frotter vigoureusement les mains entre les doigts<\/li>\n<li>Rincer les mains \u00e0 l&rsquo;eau ti\u00e8de<\/li>\n<li>S\u00e9cher \u00e0 l&rsquo;aide d&rsquo;une serviette en papier ou d&rsquo;un chiffon<\/li>\n<\/ul>\n<h4>\u0645\u0643\u0648\u0646\u0627\u062a<\/h4>\n<p>Sodium Palmitate, Sodium Oleate, Aqua, Glycerin, Sodium Laurate, Parfum, Linum Usitatissimum Seed Oil, Sodium Chloride, Tetrasodium EDTA, Etidronic Acid, Calendula Officinalis Flower Extract, Camellia Sinensis Leaf Extract, Melaleuca Alternifolia Leaf<br \/>\nOil, Rosmarinus Officinalis Leaf Extract, Thymus Vulgaris Flower\/Leaf Extract, Alpha-Isomethyl Ionone, Benzyl Salicylate, Hexyl Cinnamal, Limonene, Linalool, CI 47005, CI 74260, CI 77891.<\/p>","protected":false},"excerpt":{"rendered":"<p>Le savon Protex Herbal Anti-Germ nettoie et cr\u00e9e une barri\u00e8re de protection durable contre les germes. Sa formule, enrichie d&rsquo;un<\/p>","protected":false},"featured_media":21661,"comment_status":"open","ping_status":"closed","template":"","meta":[],"pwb-brand":[1107],"product_brand":[],"product_cat":[1049,1080,267,1077],"product_tag":[],"class_list":{"0":"post-21660","1":"product","2":"type-product","3":"status-publish","4":"has-post-thumbnail","6":"pwb-brand-protex","7":"product_cat-bain-savons-et-soin-du-corps","8":"product_cat-barres-de-savon-solide","9":"product_cat-beaute-et-soins","10":"product_cat-savons-et-gels-douche","12":"first","13":"instock","14":"shipping-taxable","15":"purchasable","16":"product-type-simple"},"yoast_head":"<!-- This site is optimized with the Yoast SEO plugin v27.1.1 - https:\/\/yoast.com\/product\/yoast-seo-wordpress\/ -->\n<title>PROTEX - HERBAL SAVON - 175 g - NIRIGS<\/title>\n<meta name=\"robots\" content=\"index, follow, max-snippet:-1, max-image-preview:large, max-video-preview:-1\" \/>\n<link rel=\"canonical\" href=\"https:\/\/nirigs.com\/ar\/product\/protex-herbal-savon-175-g\/\" \/>\n<meta property=\"og:locale\" content=\"ar_AR\" \/>\n<meta property=\"og:type\" content=\"article\" \/>\n<meta property=\"og:title\" content=\"PROTEX - HERBAL SAVON - 175 g - NIRIGS\" \/>\n<meta property=\"og:description\" content=\"Le savon Protex Herbal Anti-Germ nettoie et cr\u00e9e une barri\u00e8re de protection durable contre les germes. Sa formule, enrichie d&rsquo;un\" \/>\n<meta property=\"og:url\" content=\"https:\/\/nirigs.com\/ar\/product\/protex-herbal-savon-175-g\/\" \/>\n<meta property=\"og:site_name\" content=\"NIRIGS\" \/>\n<meta property=\"article:modified_time\" content=\"2025-02-02T08:32:57+00:00\" \/>\n<meta property=\"og:image\" content=\"https:\/\/nirigs.com\/wp-content\/uploads\/2024\/09\/PROTEX-HERBAL-SAVON-175-G.jpg\" \/>\n\t<meta property=\"og:image:width\" content=\"1000\" \/>\n\t<meta property=\"og:image:height\" content=\"1000\" \/>\n\t<meta property=\"og:image:type\" content=\"image\/jpeg\" \/>\n<meta name=\"twitter:card\" content=\"summary_large_image\" \/>\n<meta name=\"twitter:label1\" content=\"\u0648\u0642\u062a \u0627\u0644\u0642\u0631\u0627\u0621\u0629 \u0627\u0644\u0645\u064f\u0642\u062f\u0651\u0631\" \/>\n\t<meta name=\"twitter:data1\" content=\"\u062f\u0642\u064a\u0642\u0629 \u0648\u0627\u062d\u062f\u0629\" \/>\n<script type=\"application\/ld+json\" class=\"yoast-schema-graph\">{\"@context\":\"https:\/\/schema.org\",\"@graph\":[{\"@type\":\"WebPage\",\"@id\":\"https:\/\/nirigs.com\/product\/protex-herbal-savon-175-g\/\",\"url\":\"https:\/\/nirigs.com\/product\/protex-herbal-savon-175-g\/\",\"name\":\"PROTEX - HERBAL SAVON - 175 g - NIRIGS\",\"isPartOf\":{\"@id\":\"https:\/\/nirigs.com\/#website\"},\"primaryImageOfPage\":{\"@id\":\"https:\/\/nirigs.com\/product\/protex-herbal-savon-175-g\/#primaryimage\"},\"image\":{\"@id\":\"https:\/\/nirigs.com\/product\/protex-herbal-savon-175-g\/#primaryimage\"},\"thumbnailUrl\":\"https:\/\/nirigs.com\/wp-content\/uploads\/2024\/09\/PROTEX-HERBAL-SAVON-175-G.jpg\",\"datePublished\":\"2024-10-15T14:03:34+00:00\",\"dateModified\":\"2025-02-02T08:32:57+00:00\",\"breadcrumb\":{\"@id\":\"https:\/\/nirigs.com\/product\/protex-herbal-savon-175-g\/#breadcrumb\"},\"inLanguage\":\"ar\",\"potentialAction\":[{\"@type\":\"ReadAction\",\"target\":[\"https:\/\/nirigs.com\/product\/protex-herbal-savon-175-g\/\"]}]},{\"@type\":\"ImageObject\",\"inLanguage\":\"ar\",\"@id\":\"https:\/\/nirigs.com\/product\/protex-herbal-savon-175-g\/#primaryimage\",\"url\":\"https:\/\/nirigs.com\/wp-content\/uploads\/2024\/09\/PROTEX-HERBAL-SAVON-175-G.jpg\",\"contentUrl\":\"https:\/\/nirigs.com\/wp-content\/uploads\/2024\/09\/PROTEX-HERBAL-SAVON-175-G.jpg\",\"width\":1000,\"height\":1000},{\"@type\":\"BreadcrumbList\",\"@id\":\"https:\/\/nirigs.com\/product\/protex-herbal-savon-175-g\/#breadcrumb\",\"itemListElement\":[{\"@type\":\"ListItem\",\"position\":1,\"name\":\"Home\",\"item\":\"https:\/\/nirigs.com\/\"},{\"@type\":\"ListItem\",\"position\":2,\"name\":\"Parcourir\",\"item\":\"https:\/\/nirigs.com\/boutique\/\"},{\"@type\":\"ListItem\",\"position\":3,\"name\":\"PROTEX &#8211; HERBAL SAVON &#8211; 175 g\"}]},{\"@type\":\"WebSite\",\"@id\":\"https:\/\/nirigs.com\/#website\",\"url\":\"https:\/\/nirigs.com\/\",\"name\":\"Nirigs.com\",\"description\":\"Simplifiez vos achats du quotidien \u00e0 Djibouti\",\"publisher\":{\"@id\":\"https:\/\/nirigs.com\/#organization\"},\"potentialAction\":[{\"@type\":\"SearchAction\",\"target\":{\"@type\":\"EntryPoint\",\"urlTemplate\":\"https:\/\/nirigs.com\/?s={search_term_string}\"},\"query-input\":{\"@type\":\"PropertyValueSpecification\",\"valueRequired\":true,\"valueName\":\"search_term_string\"}}],\"inLanguage\":\"ar\"},{\"@type\":\"Organization\",\"@id\":\"https:\/\/nirigs.com\/#organization\",\"name\":\"Nirigs\",\"url\":\"https:\/\/nirigs.com\/\",\"logo\":{\"@type\":\"ImageObject\",\"inLanguage\":\"ar\",\"@id\":\"https:\/\/nirigs.com\/#\/schema\/logo\/image\/\",\"url\":\"https:\/\/nirigs.com\/wp-content\/uploads\/2025\/04\/Design-sans-titre-27.png\",\"contentUrl\":\"https:\/\/nirigs.com\/wp-content\/uploads\/2025\/04\/Design-sans-titre-27.png\",\"width\":500,\"height\":500,\"caption\":\"Nirigs\"},\"image\":{\"@id\":\"https:\/\/nirigs.com\/#\/schema\/logo\/image\/\"}}]}<\/script>\n<!-- \/ Yoast SEO plugin. -->","yoast_head_json":{"title":"PROTEX - HERBAL SAVON - 175 g - NIRIGS","robots":{"index":"index","follow":"follow","max-snippet":"max-snippet:-1","max-image-preview":"max-image-preview:large","max-video-preview":"max-video-preview:-1"},"canonical":"https:\/\/nirigs.com\/ar\/product\/protex-herbal-savon-175-g\/","og_locale":"ar_AR","og_type":"article","og_title":"PROTEX - HERBAL SAVON - 175 g - NIRIGS","og_description":"Le savon Protex Herbal Anti-Germ nettoie et cr\u00e9e une barri\u00e8re de protection durable contre les germes. Sa formule, enrichie d&rsquo;un","og_url":"https:\/\/nirigs.com\/ar\/product\/protex-herbal-savon-175-g\/","og_site_name":"NIRIGS","article_modified_time":"2025-02-02T08:32:57+00:00","og_image":[{"width":1000,"height":1000,"url":"https:\/\/nirigs.com\/wp-content\/uploads\/2024\/09\/PROTEX-HERBAL-SAVON-175-G.jpg","type":"image\/jpeg"}],"twitter_card":"summary_large_image","twitter_misc":{"\u0648\u0642\u062a \u0627\u0644\u0642\u0631\u0627\u0621\u0629 \u0627\u0644\u0645\u064f\u0642\u062f\u0651\u0631":"\u062f\u0642\u064a\u0642\u0629 \u0648\u0627\u062d\u062f\u0629"},"schema":{"@context":"https:\/\/schema.org","@graph":[{"@type":"WebPage","@id":"https:\/\/nirigs.com\/product\/protex-herbal-savon-175-g\/","url":"https:\/\/nirigs.com\/product\/protex-herbal-savon-175-g\/","name":"PROTEX - HERBAL SAVON - 175 g - NIRIGS","isPartOf":{"@id":"https:\/\/nirigs.com\/#website"},"primaryImageOfPage":{"@id":"https:\/\/nirigs.com\/product\/protex-herbal-savon-175-g\/#primaryimage"},"image":{"@id":"https:\/\/nirigs.com\/product\/protex-herbal-savon-175-g\/#primaryimage"},"thumbnailUrl":"https:\/\/nirigs.com\/wp-content\/uploads\/2024\/09\/PROTEX-HERBAL-SAVON-175-G.jpg","datePublished":"2024-10-15T14:03:34+00:00","dateModified":"2025-02-02T08:32:57+00:00","breadcrumb":{"@id":"https:\/\/nirigs.com\/product\/protex-herbal-savon-175-g\/#breadcrumb"},"inLanguage":"ar","potentialAction":[{"@type":"ReadAction","target":["https:\/\/nirigs.com\/product\/protex-herbal-savon-175-g\/"]}]},{"@type":"ImageObject","inLanguage":"ar","@id":"https:\/\/nirigs.com\/product\/protex-herbal-savon-175-g\/#primaryimage","url":"https:\/\/nirigs.com\/wp-content\/uploads\/2024\/09\/PROTEX-HERBAL-SAVON-175-G.jpg","contentUrl":"https:\/\/nirigs.com\/wp-content\/uploads\/2024\/09\/PROTEX-HERBAL-SAVON-175-G.jpg","width":1000,"height":1000},{"@type":"BreadcrumbList","@id":"https:\/\/nirigs.com\/product\/protex-herbal-savon-175-g\/#breadcrumb","itemListElement":[{"@type":"ListItem","position":1,"name":"Home","item":"https:\/\/nirigs.com\/"},{"@type":"ListItem","position":2,"name":"Parcourir","item":"https:\/\/nirigs.com\/boutique\/"},{"@type":"ListItem","position":3,"name":"PROTEX &#8211; HERBAL SAVON &#8211; 175 g"}]},{"@type":"WebSite","@id":"https:\/\/nirigs.com\/#website","url":"https:\/\/nirigs.com\/","name":"Nirigs.com","description":"Simplifiez vos achats du quotidien \u00e0 Djibouti","publisher":{"@id":"https:\/\/nirigs.com\/#organization"},"potentialAction":[{"@type":"SearchAction","target":{"@type":"EntryPoint","urlTemplate":"https:\/\/nirigs.com\/?s={search_term_string}"},"query-input":{"@type":"PropertyValueSpecification","valueRequired":true,"valueName":"search_term_string"}}],"inLanguage":"ar"},{"@type":"Organization","@id":"https:\/\/nirigs.com\/#organization","name":"\u0646\u064a\u0631\u064a\u062c\u0633","url":"https:\/\/nirigs.com\/","logo":{"@type":"ImageObject","inLanguage":"ar","@id":"https:\/\/nirigs.com\/#\/schema\/logo\/image\/","url":"https:\/\/nirigs.com\/wp-content\/uploads\/2025\/04\/Design-sans-titre-27.png","contentUrl":"https:\/\/nirigs.com\/wp-content\/uploads\/2025\/04\/Design-sans-titre-27.png","width":500,"height":500,"caption":"Nirigs"},"image":{"@id":"https:\/\/nirigs.com\/#\/schema\/logo\/image\/"}}]}},"brands":[{"id":1107,"name":"Protex","slug":"protex"}],"_links":{"self":[{"href":"https:\/\/nirigs.com\/ar\/wp-json\/wp\/v2\/product\/21660","targetHints":{"allow":["GET"]}}],"collection":[{"href":"https:\/\/nirigs.com\/ar\/wp-json\/wp\/v2\/product"}],"about":[{"href":"https:\/\/nirigs.com\/ar\/wp-json\/wp\/v2\/types\/product"}],"replies":[{"embeddable":true,"href":"https:\/\/nirigs.com\/ar\/wp-json\/wp\/v2\/comments?post=21660"}],"version-history":[{"count":6,"href":"https:\/\/nirigs.com\/ar\/wp-json\/wp\/v2\/product\/21660\/revisions"}],"predecessor-version":[{"id":25189,"href":"https:\/\/nirigs.com\/ar\/wp-json\/wp\/v2\/product\/21660\/revisions\/25189"}],"wp:featuredmedia":[{"embeddable":true,"href":"https:\/\/nirigs.com\/ar\/wp-json\/wp\/v2\/media\/21661"}],"wp:attachment":[{"href":"https:\/\/nirigs.com\/ar\/wp-json\/wp\/v2\/media?parent=21660"}],"wp:term":[{"taxonomy":"pwb-brand","embeddable":true,"href":"https:\/\/nirigs.com\/ar\/wp-json\/wp\/v2\/pwb-brand?post=21660"},{"taxonomy":"product_brand","embeddable":true,"href":"https:\/\/nirigs.com\/ar\/wp-json\/wp\/v2\/product_brand?post=21660"},{"taxonomy":"product_cat","embeddable":true,"href":"https:\/\/nirigs.com\/ar\/wp-json\/wp\/v2\/product_cat?post=21660"},{"taxonomy":"product_tag","embeddable":true,"href":"https:\/\/nirigs.com\/ar\/wp-json\/wp\/v2\/product_tag?post=21660"}],"curies":[{"name":"wp","href":"https:\/\/api.w.org\/{rel}","templated":true}]}}