{"id":21636,"date":"2024-10-15T17:17:31","date_gmt":"2024-10-15T14:17:31","guid":{"rendered":"https:\/\/nirigs.com\/?post_type=product&#038;p=21636"},"modified":"2025-02-02T11:31:50","modified_gmt":"2025-02-02T08:31:50","slug":"odeon-body-lotion-papaya-400-ml","status":"publish","type":"product","link":"https:\/\/nirigs.com\/ar\/product\/odeon-body-lotion-papaya-400-ml\/","title":{"rendered":"\u0623\u0648\u062f\u064a\u0648\u0646 \u2013 \u0644\u0648\u0634\u0646 \u0627\u0644\u062c\u0633\u0645 \u0628\u0627\u0644\u0628\u0627\u0628\u0627\u064a\u0627 \u2013 400 \u0645\u0644"},"content":{"rendered":"<p>Am\u00e9liorez votre teint et rendez-le visiblement plus lumineux avec la lotion pour le corps \u00e0 la papaye ODEON. Sentez-vous fra\u00eeche, soyez radieuse.<\/p>\n<p>La lotion corporelle \u00e0 la papaye est remplie de la richesse et des bienfaits de la papaye.<\/p>\n<p>La papaye revitalise les peaux pour r\u00e9v\u00e9ler une peau plus lumineuse et plus ferme. Sa formulation sp\u00e9ciale prot\u00e8ge \u00e9galement votre peau des rayons solaires nocifs. Il est id\u00e9al pour les peaux normales.<\/p>\n<h4>\u064a\u0633\u062a\u062e\u062f\u0645<\/h4>\n<ul>\n<li>Prenez la quantit\u00e9 n\u00e9cessaire et appliquez g\u00e9n\u00e9reusement sur tout votre corps l\u00e9g\u00e8rement humide.<\/li>\n<li>Massez votre peau en effectuant des mouvements circulaires pour aider la lotion \u00e0 mieux p\u00e9n\u00e9trer.<\/li>\n<\/ul>\n<h4>\u0645\u0643\u0648\u0646\u0627\u062a<\/h4>\n<p>Extraits de papaye, huile de noix de coco, huile de palmiste<\/p>","protected":false},"excerpt":{"rendered":"<p>Am\u00e9liorez votre teint et rendez-le visiblement plus lumineux avec la lotion pour le corps \u00e0 la papaye ODEON. Sentez-vous fra\u00eeche,<\/p>","protected":false},"featured_media":26423,"comment_status":"open","ping_status":"closed","template":"","meta":[],"pwb-brand":[1098],"product_brand":[],"product_cat":[1049,267,1084,1078],"product_tag":[],"class_list":{"0":"post-21636","1":"product","2":"type-product","3":"status-publish","4":"has-post-thumbnail","6":"pwb-brand-odeon","7":"product_cat-bain-savons-et-soin-du-corps","8":"product_cat-beaute-et-soins","9":"product_cat-lait-et-lotions-pour-le-corps-soins-pour-le-corps-et-gommages","10":"product_cat-soins-pour-le-corps-et-gommages","12":"first","13":"instock","14":"shipping-taxable","15":"purchasable","16":"product-type-simple"},"yoast_head":"<!-- This site is optimized with the Yoast SEO plugin v27.4 - https:\/\/yoast.com\/product\/yoast-seo-wordpress\/ -->\n<title>ODEON - Body Lotion Papaya - 400 ml - NIRIGS<\/title>\n<meta name=\"robots\" content=\"index, follow, max-snippet:-1, max-image-preview:large, max-video-preview:-1\" \/>\n<link rel=\"canonical\" href=\"https:\/\/nirigs.com\/ar\/product\/odeon-body-lotion-papaya-400-ml\/\" \/>\n<meta property=\"og:locale\" content=\"ar_AR\" \/>\n<meta property=\"og:type\" content=\"article\" \/>\n<meta property=\"og:title\" content=\"ODEON - Body Lotion Papaya - 400 ml - NIRIGS\" \/>\n<meta property=\"og:description\" content=\"Am\u00e9liorez votre teint et rendez-le visiblement plus lumineux avec la lotion pour le corps \u00e0 la papaye ODEON. Sentez-vous fra\u00eeche,\" \/>\n<meta property=\"og:url\" content=\"https:\/\/nirigs.com\/ar\/product\/odeon-body-lotion-papaya-400-ml\/\" \/>\n<meta property=\"og:site_name\" content=\"NIRIGS\" \/>\n<meta property=\"article:modified_time\" content=\"2025-02-02T08:31:50+00:00\" \/>\n<meta property=\"og:image\" content=\"https:\/\/nirigs.com\/wp-content\/uploads\/2024\/10\/ODEON-\u2013-Body-Lotion-Papaya-\u2013-400-ml.jpg\" \/>\n\t<meta property=\"og:image:width\" content=\"1000\" \/>\n\t<meta property=\"og:image:height\" content=\"1000\" \/>\n\t<meta property=\"og:image:type\" content=\"image\/jpeg\" \/>\n<meta name=\"twitter:card\" content=\"summary_large_image\" \/>\n<meta name=\"twitter:label1\" content=\"\u0648\u0642\u062a \u0627\u0644\u0642\u0631\u0627\u0621\u0629 \u0627\u0644\u0645\u064f\u0642\u062f\u0651\u0631\" \/>\n\t<meta name=\"twitter:data1\" content=\"\u062f\u0642\u064a\u0642\u0629 \u0648\u0627\u062d\u062f\u0629\" \/>\n<script type=\"application\/ld+json\" class=\"yoast-schema-graph\">{\"@context\":\"https:\\\/\\\/schema.org\",\"@graph\":[{\"@type\":\"WebPage\",\"@id\":\"https:\\\/\\\/nirigs.com\\\/product\\\/odeon-body-lotion-papaya-400-ml\\\/\",\"url\":\"https:\\\/\\\/nirigs.com\\\/product\\\/odeon-body-lotion-papaya-400-ml\\\/\",\"name\":\"ODEON - Body Lotion Papaya - 400 ml - NIRIGS\",\"isPartOf\":{\"@id\":\"https:\\\/\\\/nirigs.com\\\/#website\"},\"primaryImageOfPage\":{\"@id\":\"https:\\\/\\\/nirigs.com\\\/product\\\/odeon-body-lotion-papaya-400-ml\\\/#primaryimage\"},\"image\":{\"@id\":\"https:\\\/\\\/nirigs.com\\\/product\\\/odeon-body-lotion-papaya-400-ml\\\/#primaryimage\"},\"thumbnailUrl\":\"https:\\\/\\\/nirigs.com\\\/wp-content\\\/uploads\\\/2024\\\/10\\\/ODEON-\u2013-Body-Lotion-Papaya-\u2013-400-ml.jpg\",\"datePublished\":\"2024-10-15T14:17:31+00:00\",\"dateModified\":\"2025-02-02T08:31:50+00:00\",\"breadcrumb\":{\"@id\":\"https:\\\/\\\/nirigs.com\\\/product\\\/odeon-body-lotion-papaya-400-ml\\\/#breadcrumb\"},\"inLanguage\":\"ar\",\"potentialAction\":[{\"@type\":\"ReadAction\",\"target\":[\"https:\\\/\\\/nirigs.com\\\/product\\\/odeon-body-lotion-papaya-400-ml\\\/\"]}]},{\"@type\":\"ImageObject\",\"inLanguage\":\"ar\",\"@id\":\"https:\\\/\\\/nirigs.com\\\/product\\\/odeon-body-lotion-papaya-400-ml\\\/#primaryimage\",\"url\":\"https:\\\/\\\/nirigs.com\\\/wp-content\\\/uploads\\\/2024\\\/10\\\/ODEON-\u2013-Body-Lotion-Papaya-\u2013-400-ml.jpg\",\"contentUrl\":\"https:\\\/\\\/nirigs.com\\\/wp-content\\\/uploads\\\/2024\\\/10\\\/ODEON-\u2013-Body-Lotion-Papaya-\u2013-400-ml.jpg\",\"width\":1000,\"height\":1000},{\"@type\":\"BreadcrumbList\",\"@id\":\"https:\\\/\\\/nirigs.com\\\/product\\\/odeon-body-lotion-papaya-400-ml\\\/#breadcrumb\",\"itemListElement\":[{\"@type\":\"ListItem\",\"position\":1,\"name\":\"Home\",\"item\":\"https:\\\/\\\/nirigs.com\\\/\"},{\"@type\":\"ListItem\",\"position\":2,\"name\":\"Parcourir\",\"item\":\"https:\\\/\\\/nirigs.com\\\/boutique\\\/\"},{\"@type\":\"ListItem\",\"position\":3,\"name\":\"ODEON &#8211; Body Lotion Papaya &#8211; 400 ml\"}]},{\"@type\":\"WebSite\",\"@id\":\"https:\\\/\\\/nirigs.com\\\/#website\",\"url\":\"https:\\\/\\\/nirigs.com\\\/\",\"name\":\"Nirigs.com\",\"description\":\"Simplifiez vos achats du quotidien \u00e0 Djibouti\",\"publisher\":{\"@id\":\"https:\\\/\\\/nirigs.com\\\/#organization\"},\"potentialAction\":[{\"@type\":\"SearchAction\",\"target\":{\"@type\":\"EntryPoint\",\"urlTemplate\":\"https:\\\/\\\/nirigs.com\\\/?s={search_term_string}\"},\"query-input\":{\"@type\":\"PropertyValueSpecification\",\"valueRequired\":true,\"valueName\":\"search_term_string\"}}],\"inLanguage\":\"ar\"},{\"@type\":\"Organization\",\"@id\":\"https:\\\/\\\/nirigs.com\\\/#organization\",\"name\":\"Nirigs\",\"url\":\"https:\\\/\\\/nirigs.com\\\/\",\"logo\":{\"@type\":\"ImageObject\",\"inLanguage\":\"ar\",\"@id\":\"https:\\\/\\\/nirigs.com\\\/#\\\/schema\\\/logo\\\/image\\\/\",\"url\":\"https:\\\/\\\/nirigs.com\\\/wp-content\\\/uploads\\\/2025\\\/04\\\/Design-sans-titre-27.png\",\"contentUrl\":\"https:\\\/\\\/nirigs.com\\\/wp-content\\\/uploads\\\/2025\\\/04\\\/Design-sans-titre-27.png\",\"width\":500,\"height\":500,\"caption\":\"Nirigs\"},\"image\":{\"@id\":\"https:\\\/\\\/nirigs.com\\\/#\\\/schema\\\/logo\\\/image\\\/\"}}]}<\/script>\n<!-- \/ Yoast SEO plugin. -->","yoast_head_json":{"title":"ODEON - Body Lotion Papaya - 400 ml - NIRIGS","robots":{"index":"index","follow":"follow","max-snippet":"max-snippet:-1","max-image-preview":"max-image-preview:large","max-video-preview":"max-video-preview:-1"},"canonical":"https:\/\/nirigs.com\/ar\/product\/odeon-body-lotion-papaya-400-ml\/","og_locale":"ar_AR","og_type":"article","og_title":"ODEON - Body Lotion Papaya - 400 ml - NIRIGS","og_description":"Am\u00e9liorez votre teint et rendez-le visiblement plus lumineux avec la lotion pour le corps \u00e0 la papaye ODEON. Sentez-vous fra\u00eeche,","og_url":"https:\/\/nirigs.com\/ar\/product\/odeon-body-lotion-papaya-400-ml\/","og_site_name":"NIRIGS","article_modified_time":"2025-02-02T08:31:50+00:00","og_image":[{"width":1000,"height":1000,"url":"https:\/\/nirigs.com\/wp-content\/uploads\/2024\/10\/ODEON-\u2013-Body-Lotion-Papaya-\u2013-400-ml.jpg","type":"image\/jpeg"}],"twitter_card":"summary_large_image","twitter_misc":{"\u0648\u0642\u062a \u0627\u0644\u0642\u0631\u0627\u0621\u0629 \u0627\u0644\u0645\u064f\u0642\u062f\u0651\u0631":"\u062f\u0642\u064a\u0642\u0629 \u0648\u0627\u062d\u062f\u0629"},"schema":{"@context":"https:\/\/schema.org","@graph":[{"@type":"WebPage","@id":"https:\/\/nirigs.com\/product\/odeon-body-lotion-papaya-400-ml\/","url":"https:\/\/nirigs.com\/product\/odeon-body-lotion-papaya-400-ml\/","name":"ODEON - Body Lotion Papaya - 400 ml - NIRIGS","isPartOf":{"@id":"https:\/\/nirigs.com\/#website"},"primaryImageOfPage":{"@id":"https:\/\/nirigs.com\/product\/odeon-body-lotion-papaya-400-ml\/#primaryimage"},"image":{"@id":"https:\/\/nirigs.com\/product\/odeon-body-lotion-papaya-400-ml\/#primaryimage"},"thumbnailUrl":"https:\/\/nirigs.com\/wp-content\/uploads\/2024\/10\/ODEON-\u2013-Body-Lotion-Papaya-\u2013-400-ml.jpg","datePublished":"2024-10-15T14:17:31+00:00","dateModified":"2025-02-02T08:31:50+00:00","breadcrumb":{"@id":"https:\/\/nirigs.com\/product\/odeon-body-lotion-papaya-400-ml\/#breadcrumb"},"inLanguage":"ar","potentialAction":[{"@type":"ReadAction","target":["https:\/\/nirigs.com\/product\/odeon-body-lotion-papaya-400-ml\/"]}]},{"@type":"ImageObject","inLanguage":"ar","@id":"https:\/\/nirigs.com\/product\/odeon-body-lotion-papaya-400-ml\/#primaryimage","url":"https:\/\/nirigs.com\/wp-content\/uploads\/2024\/10\/ODEON-\u2013-Body-Lotion-Papaya-\u2013-400-ml.jpg","contentUrl":"https:\/\/nirigs.com\/wp-content\/uploads\/2024\/10\/ODEON-\u2013-Body-Lotion-Papaya-\u2013-400-ml.jpg","width":1000,"height":1000},{"@type":"BreadcrumbList","@id":"https:\/\/nirigs.com\/product\/odeon-body-lotion-papaya-400-ml\/#breadcrumb","itemListElement":[{"@type":"ListItem","position":1,"name":"Home","item":"https:\/\/nirigs.com\/"},{"@type":"ListItem","position":2,"name":"Parcourir","item":"https:\/\/nirigs.com\/boutique\/"},{"@type":"ListItem","position":3,"name":"ODEON &#8211; Body Lotion Papaya &#8211; 400 ml"}]},{"@type":"WebSite","@id":"https:\/\/nirigs.com\/#website","url":"https:\/\/nirigs.com\/","name":"Nirigs.com","description":"Simplifiez vos achats du quotidien \u00e0 Djibouti","publisher":{"@id":"https:\/\/nirigs.com\/#organization"},"potentialAction":[{"@type":"SearchAction","target":{"@type":"EntryPoint","urlTemplate":"https:\/\/nirigs.com\/?s={search_term_string}"},"query-input":{"@type":"PropertyValueSpecification","valueRequired":true,"valueName":"search_term_string"}}],"inLanguage":"ar"},{"@type":"Organization","@id":"https:\/\/nirigs.com\/#organization","name":"\u0646\u064a\u0631\u064a\u062c\u0633","url":"https:\/\/nirigs.com\/","logo":{"@type":"ImageObject","inLanguage":"ar","@id":"https:\/\/nirigs.com\/#\/schema\/logo\/image\/","url":"https:\/\/nirigs.com\/wp-content\/uploads\/2025\/04\/Design-sans-titre-27.png","contentUrl":"https:\/\/nirigs.com\/wp-content\/uploads\/2025\/04\/Design-sans-titre-27.png","width":500,"height":500,"caption":"Nirigs"},"image":{"@id":"https:\/\/nirigs.com\/#\/schema\/logo\/image\/"}}]}},"brands":[{"id":1098,"name":"Odeon","slug":"odeon"}],"_links":{"self":[{"href":"https:\/\/nirigs.com\/ar\/wp-json\/wp\/v2\/product\/21636","targetHints":{"allow":["GET"]}}],"collection":[{"href":"https:\/\/nirigs.com\/ar\/wp-json\/wp\/v2\/product"}],"about":[{"href":"https:\/\/nirigs.com\/ar\/wp-json\/wp\/v2\/types\/product"}],"replies":[{"embeddable":true,"href":"https:\/\/nirigs.com\/ar\/wp-json\/wp\/v2\/comments?post=21636"}],"version-history":[{"count":6,"href":"https:\/\/nirigs.com\/ar\/wp-json\/wp\/v2\/product\/21636\/revisions"}],"predecessor-version":[{"id":25284,"href":"https:\/\/nirigs.com\/ar\/wp-json\/wp\/v2\/product\/21636\/revisions\/25284"}],"wp:featuredmedia":[{"embeddable":true,"href":"https:\/\/nirigs.com\/ar\/wp-json\/wp\/v2\/media\/26423"}],"wp:attachment":[{"href":"https:\/\/nirigs.com\/ar\/wp-json\/wp\/v2\/media?parent=21636"}],"wp:term":[{"taxonomy":"pwb-brand","embeddable":true,"href":"https:\/\/nirigs.com\/ar\/wp-json\/wp\/v2\/pwb-brand?post=21636"},{"taxonomy":"product_brand","embeddable":true,"href":"https:\/\/nirigs.com\/ar\/wp-json\/wp\/v2\/product_brand?post=21636"},{"taxonomy":"product_cat","embeddable":true,"href":"https:\/\/nirigs.com\/ar\/wp-json\/wp\/v2\/product_cat?post=21636"},{"taxonomy":"product_tag","embeddable":true,"href":"https:\/\/nirigs.com\/ar\/wp-json\/wp\/v2\/product_tag?post=21636"}],"curies":[{"name":"wp","href":"https:\/\/api.w.org\/{rel}","templated":true}]}}