{"id":21629,"date":"2024-10-02T17:15:57","date_gmt":"2024-10-02T14:15:57","guid":{"rendered":"https:\/\/nirigs.com\/?post_type=product&#038;p=21629"},"modified":"2025-04-22T18:44:38","modified_gmt":"2025-04-22T15:44:38","slug":"garnier-shampooing-et-demelant-disney-la-petite-sirene-2en1-a-la-cerise-et-amande-douce-ultra-doux-300-ml","status":"publish","type":"product","link":"https:\/\/nirigs.com\/ar\/product\/garnier-shampooing-et-demelant-disney-la-petite-sirene-2en1-a-la-cerise-et-amande-douce-ultra-doux-300-ml\/","title":{"rendered":"\u063a\u0627\u0631\u0646\u064a\u064a\u0647 \u2013 \u0634\u0627\u0645\u0628\u0648 \u062f\u064a\u0632\u0646\u064a \u0630\u0627 \u0644\u064a\u062a\u0644 \u0645\u064a\u0631\u0645\u064a\u062f 2 \u0641\u064a 1 \u0648\u0641\u0643 \u062a\u0634\u0627\u0628\u0643 \u0627\u0644\u0634\u0639\u0631 \u0628\u0627\u0644\u0643\u0631\u0632 \u0648\u0627\u0644\u0644\u0648\u0632 \u0627\u0644\u062d\u0644\u0648 \u2013 \u0644\u0637\u064a\u0641 \u0644\u0644\u063a\u0627\u064a\u0629 \u2013 300 \u0645\u0644"},"content":{"rendered":"<p>Shampooing Enfants \u00e9dition Disney Petite Sir\u00e8ne, sans silicone, sans colorant sans parab\u00e8ne Garnier Ultra Doux \u00e0 la cerise et \u00e0 l&rsquo;amande douce pour cheveux longs. R\u00e9sultat : les cheveux sont doux, d\u00e9m\u00eal\u00e9s et brillants. Ils sont plus faciles \u00e0 coiffer et sentent bon la cerise.<\/p>\n<div class=\"product-content__title\">\n<p class=\"product-content__title-text c-text c-text--size-s c-text--style-p c-text--bold\">Avantage produit : La Cerise est connue pour son parfum d\u00e9licieux et l&rsquo;Amande douce est r\u00e9put\u00e9e pour ses propri\u00e9t\u00e9s adoucissantes.<\/p>\n<\/div>\n<h4>\u064a\u0633\u062a\u062e\u062f\u0645<\/h4>\n<p>Appliquer sur cheveux mouill\u00e9s, masser soigneusement sur l&rsquo;ensemble du cuir chevelu puis rincer.<\/p>\n<h4>\u0645\u0643\u0648\u0646\u0627\u062a<\/h4>\n<p>AQUA \/ WATER &#8211; AMMONIUM LAURYL SULFATE &#8211; SODIUM CHLORIDE &#8211; COCAMIDOPROPYL BETAINE &#8211; PRUNUS AMYGDALUS DULCIS OIL \/ SWEET ALMOND OIL &#8211; PRUNUS CERASUS FRUIT EXTRACT \/ BITTER CHERRY FRUIT EXTRACT &#8211; TRIETHYL CITRATE &#8211; SODIUM HYDROXIDE &#8211; GUAR HYDROXYPROPYLTRIMONIUM CHLORIDE &#8211; CITRIC ACID &#8211; POTASSIUM SORBATE &#8211; SODIUM BENZOATE &#8211; BENZOIC ACID &#8211; PARFUM \/ FRAGRANCE (F.I.L. Z70017488\/1). Les listes d&rsquo;ingr\u00e9dients entrant dans la composition des produits de notre marque sont r\u00e9guli\u00e8rement mises \u00e0 jour. Avant d&rsquo;utiliser un produit de notre marque, vous \u00eates invit\u00e9s \u00e0 lire la liste d&rsquo;ingr\u00e9dients figurant sur son emballage afin de vous assurer que les ingr\u00e9dients sont adapt\u00e9s \u00e0 votre utilisation personnelle.<\/p>","protected":false},"excerpt":{"rendered":"<p><br data-mce-bogus=\"1\"><\/p>","protected":false},"featured_media":21630,"comment_status":"open","ping_status":"closed","template":"","meta":[],"pwb-brand":[1091],"product_brand":[],"product_cat":[986,274,1000],"product_tag":[],"class_list":{"0":"post-21629","1":"product","2":"type-product","3":"status-publish","4":"has-post-thumbnail","6":"pwb-brand-garnier","7":"product_cat-bain-et-toilette","8":"product_cat-bebe-et-famille","9":"product_cat-shampoing","11":"first","12":"instock","13":"shipping-taxable","14":"purchasable","15":"product-type-simple"},"yoast_head":"<!-- This site is optimized with the Yoast SEO plugin v27.1.1 - https:\/\/yoast.com\/product\/yoast-seo-wordpress\/ -->\n<title>GARNIER - Shampooing et D\u00e9m\u00ealant Disney La Petite Sir\u00e8ne 2en1 \u00e0 la Cerise et Amande Douce ULTRA DOUX - 300 ml - NIRIGS<\/title>\n<meta name=\"robots\" content=\"index, follow, max-snippet:-1, max-image-preview:large, max-video-preview:-1\" \/>\n<link rel=\"canonical\" href=\"https:\/\/nirigs.com\/ar\/product\/garnier-shampooing-et-demelant-disney-la-petite-sirene-2en1-a-la-cerise-et-amande-douce-ultra-doux-300-ml\/\" \/>\n<meta property=\"og:locale\" content=\"ar_AR\" \/>\n<meta property=\"og:type\" content=\"article\" \/>\n<meta property=\"og:title\" content=\"GARNIER - Shampooing et D\u00e9m\u00ealant Disney La Petite Sir\u00e8ne 2en1 \u00e0 la Cerise et Amande Douce ULTRA DOUX - 300 ml - NIRIGS\" \/>\n<meta property=\"og:url\" content=\"https:\/\/nirigs.com\/ar\/product\/garnier-shampooing-et-demelant-disney-la-petite-sirene-2en1-a-la-cerise-et-amande-douce-ultra-doux-300-ml\/\" \/>\n<meta property=\"og:site_name\" content=\"NIRIGS\" \/>\n<meta property=\"article:modified_time\" content=\"2025-04-22T15:44:38+00:00\" \/>\n<meta property=\"og:image\" content=\"https:\/\/nirigs.com\/wp-content\/uploads\/2024\/09\/GARNIER-Shampooing-et-Demelant-Disney-La-Petite-Sirene-2en1-a-la-Cerise-et-Amande-Douce-ULTRA-DOUX-300ML.jpg\" \/>\n\t<meta property=\"og:image:width\" content=\"1000\" \/>\n\t<meta property=\"og:image:height\" content=\"1000\" \/>\n\t<meta property=\"og:image:type\" content=\"image\/jpeg\" \/>\n<meta name=\"twitter:card\" content=\"summary_large_image\" \/>\n<meta name=\"twitter:label1\" content=\"\u0648\u0642\u062a \u0627\u0644\u0642\u0631\u0627\u0621\u0629 \u0627\u0644\u0645\u064f\u0642\u062f\u0651\u0631\" \/>\n\t<meta name=\"twitter:data1\" content=\"\u062f\u0642\u064a\u0642\u0629 \u0648\u0627\u062d\u062f\u0629\" \/>\n<script type=\"application\/ld+json\" class=\"yoast-schema-graph\">{\"@context\":\"https:\/\/schema.org\",\"@graph\":[{\"@type\":\"WebPage\",\"@id\":\"https:\/\/nirigs.com\/product\/garnier-shampooing-et-demelant-disney-la-petite-sirene-2en1-a-la-cerise-et-amande-douce-ultra-doux-300-ml\/\",\"url\":\"https:\/\/nirigs.com\/product\/garnier-shampooing-et-demelant-disney-la-petite-sirene-2en1-a-la-cerise-et-amande-douce-ultra-doux-300-ml\/\",\"name\":\"GARNIER - Shampooing et D\u00e9m\u00ealant Disney La Petite Sir\u00e8ne 2en1 \u00e0 la Cerise et Amande Douce ULTRA DOUX - 300 ml - NIRIGS\",\"isPartOf\":{\"@id\":\"https:\/\/nirigs.com\/#website\"},\"primaryImageOfPage\":{\"@id\":\"https:\/\/nirigs.com\/product\/garnier-shampooing-et-demelant-disney-la-petite-sirene-2en1-a-la-cerise-et-amande-douce-ultra-doux-300-ml\/#primaryimage\"},\"image\":{\"@id\":\"https:\/\/nirigs.com\/product\/garnier-shampooing-et-demelant-disney-la-petite-sirene-2en1-a-la-cerise-et-amande-douce-ultra-doux-300-ml\/#primaryimage\"},\"thumbnailUrl\":\"https:\/\/nirigs.com\/wp-content\/uploads\/2024\/09\/GARNIER-Shampooing-et-Demelant-Disney-La-Petite-Sirene-2en1-a-la-Cerise-et-Amande-Douce-ULTRA-DOUX-300ML.jpg\",\"datePublished\":\"2024-10-02T14:15:57+00:00\",\"dateModified\":\"2025-04-22T15:44:38+00:00\",\"breadcrumb\":{\"@id\":\"https:\/\/nirigs.com\/product\/garnier-shampooing-et-demelant-disney-la-petite-sirene-2en1-a-la-cerise-et-amande-douce-ultra-doux-300-ml\/#breadcrumb\"},\"inLanguage\":\"ar\",\"potentialAction\":[{\"@type\":\"ReadAction\",\"target\":[\"https:\/\/nirigs.com\/product\/garnier-shampooing-et-demelant-disney-la-petite-sirene-2en1-a-la-cerise-et-amande-douce-ultra-doux-300-ml\/\"]}]},{\"@type\":\"ImageObject\",\"inLanguage\":\"ar\",\"@id\":\"https:\/\/nirigs.com\/product\/garnier-shampooing-et-demelant-disney-la-petite-sirene-2en1-a-la-cerise-et-amande-douce-ultra-doux-300-ml\/#primaryimage\",\"url\":\"https:\/\/nirigs.com\/wp-content\/uploads\/2024\/09\/GARNIER-Shampooing-et-Demelant-Disney-La-Petite-Sirene-2en1-a-la-Cerise-et-Amande-Douce-ULTRA-DOUX-300ML.jpg\",\"contentUrl\":\"https:\/\/nirigs.com\/wp-content\/uploads\/2024\/09\/GARNIER-Shampooing-et-Demelant-Disney-La-Petite-Sirene-2en1-a-la-Cerise-et-Amande-Douce-ULTRA-DOUX-300ML.jpg\",\"width\":1000,\"height\":1000},{\"@type\":\"BreadcrumbList\",\"@id\":\"https:\/\/nirigs.com\/product\/garnier-shampooing-et-demelant-disney-la-petite-sirene-2en1-a-la-cerise-et-amande-douce-ultra-doux-300-ml\/#breadcrumb\",\"itemListElement\":[{\"@type\":\"ListItem\",\"position\":1,\"name\":\"Home\",\"item\":\"https:\/\/nirigs.com\/\"},{\"@type\":\"ListItem\",\"position\":2,\"name\":\"Parcourir\",\"item\":\"https:\/\/nirigs.com\/boutique\/\"},{\"@type\":\"ListItem\",\"position\":3,\"name\":\"GARNIER &#8211; Shampooing et D\u00e9m\u00ealant Disney La Petite Sir\u00e8ne 2en1 \u00e0 la Cerise et Amande Douce ULTRA DOUX &#8211; 300 ml\"}]},{\"@type\":\"WebSite\",\"@id\":\"https:\/\/nirigs.com\/#website\",\"url\":\"https:\/\/nirigs.com\/\",\"name\":\"Nirigs.com\",\"description\":\"Simplifiez vos achats du quotidien \u00e0 Djibouti\",\"publisher\":{\"@id\":\"https:\/\/nirigs.com\/#organization\"},\"potentialAction\":[{\"@type\":\"SearchAction\",\"target\":{\"@type\":\"EntryPoint\",\"urlTemplate\":\"https:\/\/nirigs.com\/?s={search_term_string}\"},\"query-input\":{\"@type\":\"PropertyValueSpecification\",\"valueRequired\":true,\"valueName\":\"search_term_string\"}}],\"inLanguage\":\"ar\"},{\"@type\":\"Organization\",\"@id\":\"https:\/\/nirigs.com\/#organization\",\"name\":\"Nirigs\",\"url\":\"https:\/\/nirigs.com\/\",\"logo\":{\"@type\":\"ImageObject\",\"inLanguage\":\"ar\",\"@id\":\"https:\/\/nirigs.com\/#\/schema\/logo\/image\/\",\"url\":\"https:\/\/nirigs.com\/wp-content\/uploads\/2025\/04\/Design-sans-titre-27.png\",\"contentUrl\":\"https:\/\/nirigs.com\/wp-content\/uploads\/2025\/04\/Design-sans-titre-27.png\",\"width\":500,\"height\":500,\"caption\":\"Nirigs\"},\"image\":{\"@id\":\"https:\/\/nirigs.com\/#\/schema\/logo\/image\/\"}}]}<\/script>\n<!-- \/ Yoast SEO plugin. -->","yoast_head_json":{"title":"GARNIER - Shampooing et D\u00e9m\u00ealant Disney La Petite Sir\u00e8ne 2en1 \u00e0 la Cerise et Amande Douce ULTRA DOUX - 300 ml - NIRIGS","robots":{"index":"index","follow":"follow","max-snippet":"max-snippet:-1","max-image-preview":"max-image-preview:large","max-video-preview":"max-video-preview:-1"},"canonical":"https:\/\/nirigs.com\/ar\/product\/garnier-shampooing-et-demelant-disney-la-petite-sirene-2en1-a-la-cerise-et-amande-douce-ultra-doux-300-ml\/","og_locale":"ar_AR","og_type":"article","og_title":"GARNIER - Shampooing et D\u00e9m\u00ealant Disney La Petite Sir\u00e8ne 2en1 \u00e0 la Cerise et Amande Douce ULTRA DOUX - 300 ml - NIRIGS","og_url":"https:\/\/nirigs.com\/ar\/product\/garnier-shampooing-et-demelant-disney-la-petite-sirene-2en1-a-la-cerise-et-amande-douce-ultra-doux-300-ml\/","og_site_name":"NIRIGS","article_modified_time":"2025-04-22T15:44:38+00:00","og_image":[{"width":1000,"height":1000,"url":"https:\/\/nirigs.com\/wp-content\/uploads\/2024\/09\/GARNIER-Shampooing-et-Demelant-Disney-La-Petite-Sirene-2en1-a-la-Cerise-et-Amande-Douce-ULTRA-DOUX-300ML.jpg","type":"image\/jpeg"}],"twitter_card":"summary_large_image","twitter_misc":{"\u0648\u0642\u062a \u0627\u0644\u0642\u0631\u0627\u0621\u0629 \u0627\u0644\u0645\u064f\u0642\u062f\u0651\u0631":"\u062f\u0642\u064a\u0642\u0629 \u0648\u0627\u062d\u062f\u0629"},"schema":{"@context":"https:\/\/schema.org","@graph":[{"@type":"WebPage","@id":"https:\/\/nirigs.com\/product\/garnier-shampooing-et-demelant-disney-la-petite-sirene-2en1-a-la-cerise-et-amande-douce-ultra-doux-300-ml\/","url":"https:\/\/nirigs.com\/product\/garnier-shampooing-et-demelant-disney-la-petite-sirene-2en1-a-la-cerise-et-amande-douce-ultra-doux-300-ml\/","name":"GARNIER - Shampooing et D\u00e9m\u00ealant Disney La Petite Sir\u00e8ne 2en1 \u00e0 la Cerise et Amande Douce ULTRA DOUX - 300 ml - NIRIGS","isPartOf":{"@id":"https:\/\/nirigs.com\/#website"},"primaryImageOfPage":{"@id":"https:\/\/nirigs.com\/product\/garnier-shampooing-et-demelant-disney-la-petite-sirene-2en1-a-la-cerise-et-amande-douce-ultra-doux-300-ml\/#primaryimage"},"image":{"@id":"https:\/\/nirigs.com\/product\/garnier-shampooing-et-demelant-disney-la-petite-sirene-2en1-a-la-cerise-et-amande-douce-ultra-doux-300-ml\/#primaryimage"},"thumbnailUrl":"https:\/\/nirigs.com\/wp-content\/uploads\/2024\/09\/GARNIER-Shampooing-et-Demelant-Disney-La-Petite-Sirene-2en1-a-la-Cerise-et-Amande-Douce-ULTRA-DOUX-300ML.jpg","datePublished":"2024-10-02T14:15:57+00:00","dateModified":"2025-04-22T15:44:38+00:00","breadcrumb":{"@id":"https:\/\/nirigs.com\/product\/garnier-shampooing-et-demelant-disney-la-petite-sirene-2en1-a-la-cerise-et-amande-douce-ultra-doux-300-ml\/#breadcrumb"},"inLanguage":"ar","potentialAction":[{"@type":"ReadAction","target":["https:\/\/nirigs.com\/product\/garnier-shampooing-et-demelant-disney-la-petite-sirene-2en1-a-la-cerise-et-amande-douce-ultra-doux-300-ml\/"]}]},{"@type":"ImageObject","inLanguage":"ar","@id":"https:\/\/nirigs.com\/product\/garnier-shampooing-et-demelant-disney-la-petite-sirene-2en1-a-la-cerise-et-amande-douce-ultra-doux-300-ml\/#primaryimage","url":"https:\/\/nirigs.com\/wp-content\/uploads\/2024\/09\/GARNIER-Shampooing-et-Demelant-Disney-La-Petite-Sirene-2en1-a-la-Cerise-et-Amande-Douce-ULTRA-DOUX-300ML.jpg","contentUrl":"https:\/\/nirigs.com\/wp-content\/uploads\/2024\/09\/GARNIER-Shampooing-et-Demelant-Disney-La-Petite-Sirene-2en1-a-la-Cerise-et-Amande-Douce-ULTRA-DOUX-300ML.jpg","width":1000,"height":1000},{"@type":"BreadcrumbList","@id":"https:\/\/nirigs.com\/product\/garnier-shampooing-et-demelant-disney-la-petite-sirene-2en1-a-la-cerise-et-amande-douce-ultra-doux-300-ml\/#breadcrumb","itemListElement":[{"@type":"ListItem","position":1,"name":"Home","item":"https:\/\/nirigs.com\/"},{"@type":"ListItem","position":2,"name":"Parcourir","item":"https:\/\/nirigs.com\/boutique\/"},{"@type":"ListItem","position":3,"name":"GARNIER &#8211; Shampooing et D\u00e9m\u00ealant Disney La Petite Sir\u00e8ne 2en1 \u00e0 la Cerise et Amande Douce ULTRA DOUX &#8211; 300 ml"}]},{"@type":"WebSite","@id":"https:\/\/nirigs.com\/#website","url":"https:\/\/nirigs.com\/","name":"Nirigs.com","description":"Simplifiez vos achats du quotidien \u00e0 Djibouti","publisher":{"@id":"https:\/\/nirigs.com\/#organization"},"potentialAction":[{"@type":"SearchAction","target":{"@type":"EntryPoint","urlTemplate":"https:\/\/nirigs.com\/?s={search_term_string}"},"query-input":{"@type":"PropertyValueSpecification","valueRequired":true,"valueName":"search_term_string"}}],"inLanguage":"ar"},{"@type":"Organization","@id":"https:\/\/nirigs.com\/#organization","name":"\u0646\u064a\u0631\u064a\u062c\u0633","url":"https:\/\/nirigs.com\/","logo":{"@type":"ImageObject","inLanguage":"ar","@id":"https:\/\/nirigs.com\/#\/schema\/logo\/image\/","url":"https:\/\/nirigs.com\/wp-content\/uploads\/2025\/04\/Design-sans-titre-27.png","contentUrl":"https:\/\/nirigs.com\/wp-content\/uploads\/2025\/04\/Design-sans-titre-27.png","width":500,"height":500,"caption":"Nirigs"},"image":{"@id":"https:\/\/nirigs.com\/#\/schema\/logo\/image\/"}}]}},"brands":[{"id":1091,"name":"Garnier","slug":"garnier"}],"_links":{"self":[{"href":"https:\/\/nirigs.com\/ar\/wp-json\/wp\/v2\/product\/21629","targetHints":{"allow":["GET"]}}],"collection":[{"href":"https:\/\/nirigs.com\/ar\/wp-json\/wp\/v2\/product"}],"about":[{"href":"https:\/\/nirigs.com\/ar\/wp-json\/wp\/v2\/types\/product"}],"replies":[{"embeddable":true,"href":"https:\/\/nirigs.com\/ar\/wp-json\/wp\/v2\/comments?post=21629"}],"version-history":[{"count":4,"href":"https:\/\/nirigs.com\/ar\/wp-json\/wp\/v2\/product\/21629\/revisions"}],"predecessor-version":[{"id":27044,"href":"https:\/\/nirigs.com\/ar\/wp-json\/wp\/v2\/product\/21629\/revisions\/27044"}],"wp:featuredmedia":[{"embeddable":true,"href":"https:\/\/nirigs.com\/ar\/wp-json\/wp\/v2\/media\/21630"}],"wp:attachment":[{"href":"https:\/\/nirigs.com\/ar\/wp-json\/wp\/v2\/media?parent=21629"}],"wp:term":[{"taxonomy":"pwb-brand","embeddable":true,"href":"https:\/\/nirigs.com\/ar\/wp-json\/wp\/v2\/pwb-brand?post=21629"},{"taxonomy":"product_brand","embeddable":true,"href":"https:\/\/nirigs.com\/ar\/wp-json\/wp\/v2\/product_brand?post=21629"},{"taxonomy":"product_cat","embeddable":true,"href":"https:\/\/nirigs.com\/ar\/wp-json\/wp\/v2\/product_cat?post=21629"},{"taxonomy":"product_tag","embeddable":true,"href":"https:\/\/nirigs.com\/ar\/wp-json\/wp\/v2\/product_tag?post=21629"}],"curies":[{"name":"wp","href":"https:\/\/api.w.org\/{rel}","templated":true}]}}