{"id":21625,"date":"2024-10-15T17:04:27","date_gmt":"2024-10-15T14:04:27","guid":{"rendered":"https:\/\/nirigs.com\/?post_type=product&#038;p=21625"},"modified":"2025-02-02T11:32:43","modified_gmt":"2025-02-02T08:32:43","slug":"nivea-deodorant-bille-feminin-pearl-beauty-50-ml","status":"publish","type":"product","link":"https:\/\/nirigs.com\/ar\/product\/nivea-deodorant-bille-feminin-pearl-beauty-50-ml\/","title":{"rendered":"\u0646\u064a\u0641\u064a\u0627 \u2013 \u0645\u0632\u064a\u0644 \u0639\u0631\u0642 \u0631\u0648\u0644 \u0623\u0648\u0646 \u0646\u0633\u0627\u0626\u064a \u2013 \u0628\u064a\u0631\u0644 \u2013 \u0628\u064a\u0648\u062a\u064a \u2013 50 \u0645\u0644"},"content":{"rendered":"<p>Le d\u00e9odorant anti-transpirant NIVEA Pearl &amp; Beauty vous prot\u00e8ge efficacement 48 heures contre la transpiration et les odeurs tout en laissant la peau de vos aisselles lisse et belle. La formule beaut\u00e9 enrichie en extraits de perles unifiants prend soin de vos aisselles tout en laissant un fini l\u00e9g\u00e8rement nacr\u00e9. La formule beaut\u00e9 enrichie en extraits de perles unifiants prend soin de vos aisselles tout en laissant un fini l\u00e9g\u00e8rement nacr\u00e9.<\/p>\n<h4>\u064a\u0633\u062a\u062e\u062f\u0645<\/h4>\n<p>Appliquer le d\u00e9odorant juste apr\u00e8s la douche\u00a0 sur les aisselles pour une protection de 48 heures.<\/p>\n<h4 class=\"product-description__feature-title\">\u0645\u0643\u0648\u0646\u0627\u062a<\/h4>\n<div class=\"product-description__feature-values\"><span class=\"product-description__feature-value\">Aqua, aluminum chlorohydrate, ppg-15 stearyl ether, steareth-2, steareth-21, parfum, hydrolyzed pearl, perseagratissimaoil, trisodium EDTA, BHT, geraniol, benzyl alcohol.<\/span><\/div>","protected":false},"excerpt":{"rendered":"<p>Le d\u00e9odorant anti-transpirant NIVEA Pearl &amp; Beauty vous prot\u00e8ge efficacement 48 heures contre la transpiration et les odeurs tout en<\/p>","protected":false},"featured_media":22632,"comment_status":"closed","ping_status":"closed","template":"","meta":[],"pwb-brand":[1105],"product_brand":[],"product_cat":[1049,267,1079,1076],"product_tag":[],"class_list":{"0":"post-21625","1":"product","2":"type-product","3":"status-publish","4":"has-post-thumbnail","6":"pwb-brand-nivea","7":"product_cat-bain-savons-et-soin-du-corps","8":"product_cat-beaute-et-soins","9":"product_cat-deodorant","10":"product_cat-desodorisants-et-anti-transpirants","12":"first","13":"instock","14":"shipping-taxable","15":"purchasable","16":"product-type-simple"},"yoast_head":"<!-- This site is optimized with the Yoast SEO plugin v27.4 - https:\/\/yoast.com\/product\/yoast-seo-wordpress\/ -->\n<title>NIVEA - DEODORANT BILLE FEMININ PEARL -BEAUTY - 50 ml - NIRIGS<\/title>\n<meta name=\"robots\" content=\"index, follow, max-snippet:-1, max-image-preview:large, max-video-preview:-1\" \/>\n<link rel=\"canonical\" href=\"https:\/\/nirigs.com\/ar\/product\/nivea-deodorant-bille-feminin-pearl-beauty-50-ml\/\" \/>\n<meta property=\"og:locale\" content=\"ar_AR\" \/>\n<meta property=\"og:type\" content=\"article\" \/>\n<meta property=\"og:title\" content=\"NIVEA - DEODORANT BILLE FEMININ PEARL -BEAUTY - 50 ml - NIRIGS\" \/>\n<meta property=\"og:description\" content=\"Le d\u00e9odorant anti-transpirant NIVEA Pearl &amp; Beauty vous prot\u00e8ge efficacement 48 heures contre la transpiration et les odeurs tout en\" \/>\n<meta property=\"og:url\" content=\"https:\/\/nirigs.com\/ar\/product\/nivea-deodorant-bille-feminin-pearl-beauty-50-ml\/\" \/>\n<meta property=\"og:site_name\" content=\"NIRIGS\" \/>\n<meta property=\"article:modified_time\" content=\"2025-02-02T08:32:43+00:00\" \/>\n<meta property=\"og:image\" content=\"https:\/\/nirigs.com\/wp-content\/uploads\/2024\/09\/NIVEA-DEODORANT-BILLE-FEMININ-PEARL-BEAUTY-50-ml-4.jpg\" \/>\n\t<meta property=\"og:image:width\" content=\"1000\" \/>\n\t<meta property=\"og:image:height\" content=\"1000\" \/>\n\t<meta property=\"og:image:type\" content=\"image\/jpeg\" \/>\n<meta name=\"twitter:card\" content=\"summary_large_image\" \/>\n<meta name=\"twitter:label1\" content=\"\u0648\u0642\u062a \u0627\u0644\u0642\u0631\u0627\u0621\u0629 \u0627\u0644\u0645\u064f\u0642\u062f\u0651\u0631\" \/>\n\t<meta name=\"twitter:data1\" content=\"\u062f\u0642\u064a\u0642\u0629 \u0648\u0627\u062d\u062f\u0629\" \/>\n<script type=\"application\/ld+json\" class=\"yoast-schema-graph\">{\"@context\":\"https:\\\/\\\/schema.org\",\"@graph\":[{\"@type\":\"WebPage\",\"@id\":\"https:\\\/\\\/nirigs.com\\\/product\\\/nivea-deodorant-bille-feminin-pearl-beauty-50-ml\\\/\",\"url\":\"https:\\\/\\\/nirigs.com\\\/product\\\/nivea-deodorant-bille-feminin-pearl-beauty-50-ml\\\/\",\"name\":\"NIVEA - DEODORANT BILLE FEMININ PEARL -BEAUTY - 50 ml - NIRIGS\",\"isPartOf\":{\"@id\":\"https:\\\/\\\/nirigs.com\\\/#website\"},\"primaryImageOfPage\":{\"@id\":\"https:\\\/\\\/nirigs.com\\\/product\\\/nivea-deodorant-bille-feminin-pearl-beauty-50-ml\\\/#primaryimage\"},\"image\":{\"@id\":\"https:\\\/\\\/nirigs.com\\\/product\\\/nivea-deodorant-bille-feminin-pearl-beauty-50-ml\\\/#primaryimage\"},\"thumbnailUrl\":\"https:\\\/\\\/nirigs.com\\\/wp-content\\\/uploads\\\/2024\\\/09\\\/NIVEA-DEODORANT-BILLE-FEMININ-PEARL-BEAUTY-50-ml-4.jpg\",\"datePublished\":\"2024-10-15T14:04:27+00:00\",\"dateModified\":\"2025-02-02T08:32:43+00:00\",\"breadcrumb\":{\"@id\":\"https:\\\/\\\/nirigs.com\\\/product\\\/nivea-deodorant-bille-feminin-pearl-beauty-50-ml\\\/#breadcrumb\"},\"inLanguage\":\"ar\",\"potentialAction\":[{\"@type\":\"ReadAction\",\"target\":[\"https:\\\/\\\/nirigs.com\\\/product\\\/nivea-deodorant-bille-feminin-pearl-beauty-50-ml\\\/\"]}]},{\"@type\":\"ImageObject\",\"inLanguage\":\"ar\",\"@id\":\"https:\\\/\\\/nirigs.com\\\/product\\\/nivea-deodorant-bille-feminin-pearl-beauty-50-ml\\\/#primaryimage\",\"url\":\"https:\\\/\\\/nirigs.com\\\/wp-content\\\/uploads\\\/2024\\\/09\\\/NIVEA-DEODORANT-BILLE-FEMININ-PEARL-BEAUTY-50-ml-4.jpg\",\"contentUrl\":\"https:\\\/\\\/nirigs.com\\\/wp-content\\\/uploads\\\/2024\\\/09\\\/NIVEA-DEODORANT-BILLE-FEMININ-PEARL-BEAUTY-50-ml-4.jpg\",\"width\":1000,\"height\":1000},{\"@type\":\"BreadcrumbList\",\"@id\":\"https:\\\/\\\/nirigs.com\\\/product\\\/nivea-deodorant-bille-feminin-pearl-beauty-50-ml\\\/#breadcrumb\",\"itemListElement\":[{\"@type\":\"ListItem\",\"position\":1,\"name\":\"Home\",\"item\":\"https:\\\/\\\/nirigs.com\\\/\"},{\"@type\":\"ListItem\",\"position\":2,\"name\":\"Parcourir\",\"item\":\"https:\\\/\\\/nirigs.com\\\/boutique\\\/\"},{\"@type\":\"ListItem\",\"position\":3,\"name\":\"NIVEA &#8211; DEODORANT BILLE FEMININ PEARL -BEAUTY &#8211; 50 ml\"}]},{\"@type\":\"WebSite\",\"@id\":\"https:\\\/\\\/nirigs.com\\\/#website\",\"url\":\"https:\\\/\\\/nirigs.com\\\/\",\"name\":\"Nirigs.com\",\"description\":\"Simplifiez vos achats du quotidien \u00e0 Djibouti\",\"publisher\":{\"@id\":\"https:\\\/\\\/nirigs.com\\\/#organization\"},\"potentialAction\":[{\"@type\":\"SearchAction\",\"target\":{\"@type\":\"EntryPoint\",\"urlTemplate\":\"https:\\\/\\\/nirigs.com\\\/?s={search_term_string}\"},\"query-input\":{\"@type\":\"PropertyValueSpecification\",\"valueRequired\":true,\"valueName\":\"search_term_string\"}}],\"inLanguage\":\"ar\"},{\"@type\":\"Organization\",\"@id\":\"https:\\\/\\\/nirigs.com\\\/#organization\",\"name\":\"Nirigs\",\"url\":\"https:\\\/\\\/nirigs.com\\\/\",\"logo\":{\"@type\":\"ImageObject\",\"inLanguage\":\"ar\",\"@id\":\"https:\\\/\\\/nirigs.com\\\/#\\\/schema\\\/logo\\\/image\\\/\",\"url\":\"https:\\\/\\\/nirigs.com\\\/wp-content\\\/uploads\\\/2025\\\/04\\\/Design-sans-titre-27.png\",\"contentUrl\":\"https:\\\/\\\/nirigs.com\\\/wp-content\\\/uploads\\\/2025\\\/04\\\/Design-sans-titre-27.png\",\"width\":500,\"height\":500,\"caption\":\"Nirigs\"},\"image\":{\"@id\":\"https:\\\/\\\/nirigs.com\\\/#\\\/schema\\\/logo\\\/image\\\/\"}}]}<\/script>\n<!-- \/ Yoast SEO plugin. -->","yoast_head_json":{"title":"NIVEA - DEODORANT BILLE FEMININ PEARL -BEAUTY - 50 ml - NIRIGS","robots":{"index":"index","follow":"follow","max-snippet":"max-snippet:-1","max-image-preview":"max-image-preview:large","max-video-preview":"max-video-preview:-1"},"canonical":"https:\/\/nirigs.com\/ar\/product\/nivea-deodorant-bille-feminin-pearl-beauty-50-ml\/","og_locale":"ar_AR","og_type":"article","og_title":"NIVEA - DEODORANT BILLE FEMININ PEARL -BEAUTY - 50 ml - NIRIGS","og_description":"Le d\u00e9odorant anti-transpirant NIVEA Pearl &amp; Beauty vous prot\u00e8ge efficacement 48 heures contre la transpiration et les odeurs tout en","og_url":"https:\/\/nirigs.com\/ar\/product\/nivea-deodorant-bille-feminin-pearl-beauty-50-ml\/","og_site_name":"NIRIGS","article_modified_time":"2025-02-02T08:32:43+00:00","og_image":[{"width":1000,"height":1000,"url":"https:\/\/nirigs.com\/wp-content\/uploads\/2024\/09\/NIVEA-DEODORANT-BILLE-FEMININ-PEARL-BEAUTY-50-ml-4.jpg","type":"image\/jpeg"}],"twitter_card":"summary_large_image","twitter_misc":{"\u0648\u0642\u062a \u0627\u0644\u0642\u0631\u0627\u0621\u0629 \u0627\u0644\u0645\u064f\u0642\u062f\u0651\u0631":"\u062f\u0642\u064a\u0642\u0629 \u0648\u0627\u062d\u062f\u0629"},"schema":{"@context":"https:\/\/schema.org","@graph":[{"@type":"WebPage","@id":"https:\/\/nirigs.com\/product\/nivea-deodorant-bille-feminin-pearl-beauty-50-ml\/","url":"https:\/\/nirigs.com\/product\/nivea-deodorant-bille-feminin-pearl-beauty-50-ml\/","name":"NIVEA - DEODORANT BILLE FEMININ PEARL -BEAUTY - 50 ml - NIRIGS","isPartOf":{"@id":"https:\/\/nirigs.com\/#website"},"primaryImageOfPage":{"@id":"https:\/\/nirigs.com\/product\/nivea-deodorant-bille-feminin-pearl-beauty-50-ml\/#primaryimage"},"image":{"@id":"https:\/\/nirigs.com\/product\/nivea-deodorant-bille-feminin-pearl-beauty-50-ml\/#primaryimage"},"thumbnailUrl":"https:\/\/nirigs.com\/wp-content\/uploads\/2024\/09\/NIVEA-DEODORANT-BILLE-FEMININ-PEARL-BEAUTY-50-ml-4.jpg","datePublished":"2024-10-15T14:04:27+00:00","dateModified":"2025-02-02T08:32:43+00:00","breadcrumb":{"@id":"https:\/\/nirigs.com\/product\/nivea-deodorant-bille-feminin-pearl-beauty-50-ml\/#breadcrumb"},"inLanguage":"ar","potentialAction":[{"@type":"ReadAction","target":["https:\/\/nirigs.com\/product\/nivea-deodorant-bille-feminin-pearl-beauty-50-ml\/"]}]},{"@type":"ImageObject","inLanguage":"ar","@id":"https:\/\/nirigs.com\/product\/nivea-deodorant-bille-feminin-pearl-beauty-50-ml\/#primaryimage","url":"https:\/\/nirigs.com\/wp-content\/uploads\/2024\/09\/NIVEA-DEODORANT-BILLE-FEMININ-PEARL-BEAUTY-50-ml-4.jpg","contentUrl":"https:\/\/nirigs.com\/wp-content\/uploads\/2024\/09\/NIVEA-DEODORANT-BILLE-FEMININ-PEARL-BEAUTY-50-ml-4.jpg","width":1000,"height":1000},{"@type":"BreadcrumbList","@id":"https:\/\/nirigs.com\/product\/nivea-deodorant-bille-feminin-pearl-beauty-50-ml\/#breadcrumb","itemListElement":[{"@type":"ListItem","position":1,"name":"Home","item":"https:\/\/nirigs.com\/"},{"@type":"ListItem","position":2,"name":"Parcourir","item":"https:\/\/nirigs.com\/boutique\/"},{"@type":"ListItem","position":3,"name":"NIVEA &#8211; DEODORANT BILLE FEMININ PEARL -BEAUTY &#8211; 50 ml"}]},{"@type":"WebSite","@id":"https:\/\/nirigs.com\/#website","url":"https:\/\/nirigs.com\/","name":"Nirigs.com","description":"Simplifiez vos achats du quotidien \u00e0 Djibouti","publisher":{"@id":"https:\/\/nirigs.com\/#organization"},"potentialAction":[{"@type":"SearchAction","target":{"@type":"EntryPoint","urlTemplate":"https:\/\/nirigs.com\/?s={search_term_string}"},"query-input":{"@type":"PropertyValueSpecification","valueRequired":true,"valueName":"search_term_string"}}],"inLanguage":"ar"},{"@type":"Organization","@id":"https:\/\/nirigs.com\/#organization","name":"\u0646\u064a\u0631\u064a\u062c\u0633","url":"https:\/\/nirigs.com\/","logo":{"@type":"ImageObject","inLanguage":"ar","@id":"https:\/\/nirigs.com\/#\/schema\/logo\/image\/","url":"https:\/\/nirigs.com\/wp-content\/uploads\/2025\/04\/Design-sans-titre-27.png","contentUrl":"https:\/\/nirigs.com\/wp-content\/uploads\/2025\/04\/Design-sans-titre-27.png","width":500,"height":500,"caption":"Nirigs"},"image":{"@id":"https:\/\/nirigs.com\/#\/schema\/logo\/image\/"}}]}},"brands":[{"id":1105,"name":"Nivea","slug":"nivea"}],"_links":{"self":[{"href":"https:\/\/nirigs.com\/ar\/wp-json\/wp\/v2\/product\/21625","targetHints":{"allow":["GET"]}}],"collection":[{"href":"https:\/\/nirigs.com\/ar\/wp-json\/wp\/v2\/product"}],"about":[{"href":"https:\/\/nirigs.com\/ar\/wp-json\/wp\/v2\/types\/product"}],"replies":[{"embeddable":true,"href":"https:\/\/nirigs.com\/ar\/wp-json\/wp\/v2\/comments?post=21625"}],"version-history":[{"count":7,"href":"https:\/\/nirigs.com\/ar\/wp-json\/wp\/v2\/product\/21625\/revisions"}],"predecessor-version":[{"id":25191,"href":"https:\/\/nirigs.com\/ar\/wp-json\/wp\/v2\/product\/21625\/revisions\/25191"}],"wp:featuredmedia":[{"embeddable":true,"href":"https:\/\/nirigs.com\/ar\/wp-json\/wp\/v2\/media\/22632"}],"wp:attachment":[{"href":"https:\/\/nirigs.com\/ar\/wp-json\/wp\/v2\/media?parent=21625"}],"wp:term":[{"taxonomy":"pwb-brand","embeddable":true,"href":"https:\/\/nirigs.com\/ar\/wp-json\/wp\/v2\/pwb-brand?post=21625"},{"taxonomy":"product_brand","embeddable":true,"href":"https:\/\/nirigs.com\/ar\/wp-json\/wp\/v2\/product_brand?post=21625"},{"taxonomy":"product_cat","embeddable":true,"href":"https:\/\/nirigs.com\/ar\/wp-json\/wp\/v2\/product_cat?post=21625"},{"taxonomy":"product_tag","embeddable":true,"href":"https:\/\/nirigs.com\/ar\/wp-json\/wp\/v2\/product_tag?post=21625"}],"curies":[{"name":"wp","href":"https:\/\/api.w.org\/{rel}","templated":true}]}}