{"id":21600,"date":"2024-10-02T17:29:34","date_gmt":"2024-10-02T14:29:34","guid":{"rendered":"https:\/\/nirigs.com\/?post_type=product&#038;p=21600"},"modified":"2025-04-22T18:15:55","modified_gmt":"2025-04-22T15:15:55","slug":"cadum-lait-de-douche-surgras-vanille-400-ml","status":"publish","type":"product","link":"https:\/\/nirigs.com\/ar\/product\/cadum-lait-de-douche-surgras-vanille-400-ml\/","title":{"rendered":"\u0643\u0627\u062f\u0648\u0645 \u2013 \u062d\u0644\u064a\u0628 \u0627\u0644\u0627\u0633\u062a\u062d\u0645\u0627\u0645 \u0641\u0627\u0626\u0642 \u0627\u0644\u062f\u0633\u0645 \u0628\u0627\u0644\u0641\u0627\u0646\u064a\u0644\u064a\u0627 \u2013 400 \u0645\u0644"},"content":{"rendered":"<p>CADUM LAIT DE DOUCHE SURGRAS LAIT DE VANILLE, Cadum, sp\u00e9cialiste de la douceur depuis 1907, a d\u00e9velopp\u00e9 un savoir-faire unique : une s\u00e9lection d&rsquo;ingr\u00e9dients aux vertus naturellement nourrissantes dans une formule douche Surgras id\u00e9ale pour prot\u00e9ger les peaux s\u00e8ches.<\/p>\n<p>Sa cr\u00e8me g\u00e9n\u00e9reuse, \u00e0 l&rsquo;huile d&rsquo;amandes douces bio et au lait de vanille, nettoie en douceur votre peau et l&rsquo;enveloppe d&rsquo;un voile protecteur non gras. Elle parfume d\u00e9licieusement la peau et la laisse hydrat\u00e9e, douce et souple, comme la peau d&rsquo;un b\u00e9b\u00e9.<\/p>\n<h4>\u064a\u0633\u062a\u062e\u062f\u0645<\/h4>\n<ul>\n<li>Appliquez sur une peau pr\u00e9alablement mouill\u00e9e.<\/li>\n<li>Faites mousser.<\/li>\n<li>Rincez.<\/li>\n<\/ul>\n<h4>\u0645\u0643\u0648\u0646\u0627\u062a<\/h4>\n<p>AQUA, WATER &#8211; SODIUM LAURETH SULFATE &#8211; GLYCERIN &#8211; COCO-BETAINE &#8211; SODIUM CHLORIDE &#8211; CITRIC ACID &#8211; VANILLA TAHITENSIS FRUIT EXTRACT &#8211; SODIUM HYDROXIDE &#8211; GLYCOL DISTEARATE &#8211; PRUNUS AMYGDALUS DULCIS OIL, SWEET ALMOND OIL &#8211; ACRYLATES COPOLYMER &#8211; COCAMIDE MEA &#8211; POLYQUATERNIUM-7 &#8211; PPG-5-CETETH-20 &#8211; HEXYL CINNAMAL &#8211; POTASSIUM SORBATE &#8211; SODIUM BENZOATE &#8211; PARFUM, FRAGRANCE (F.I.L. Z288176, 1).<\/p>","protected":false},"excerpt":{"rendered":"<p><br data-mce-bogus=\"1\"><\/p>","protected":false},"featured_media":21601,"comment_status":"open","ping_status":"closed","template":"","meta":[],"pwb-brand":[1109],"product_brand":[],"product_cat":[1049,267,1137,1077],"product_tag":[],"class_list":{"0":"post-21600","1":"product","2":"type-product","3":"status-publish","4":"has-post-thumbnail","6":"pwb-brand-cadum","7":"product_cat-bain-savons-et-soin-du-corps","8":"product_cat-beaute-et-soins","9":"product_cat-laits-de-douche","10":"product_cat-savons-et-gels-douche","12":"first","13":"instock","14":"shipping-taxable","15":"purchasable","16":"product-type-simple"},"yoast_head":"<!-- This site is optimized with the Yoast SEO plugin v27.4 - https:\/\/yoast.com\/product\/yoast-seo-wordpress\/ -->\n<title>Cadum - Lait de Douche Surgras Vanille - 400 ml - NIRIGS<\/title>\n<meta name=\"robots\" content=\"index, follow, max-snippet:-1, max-image-preview:large, max-video-preview:-1\" \/>\n<link rel=\"canonical\" href=\"https:\/\/nirigs.com\/ar\/product\/cadum-lait-de-douche-surgras-vanille-400-ml\/\" \/>\n<meta property=\"og:locale\" content=\"ar_AR\" \/>\n<meta property=\"og:type\" content=\"article\" \/>\n<meta property=\"og:title\" content=\"Cadum - Lait de Douche Surgras Vanille - 400 ml - NIRIGS\" \/>\n<meta property=\"og:url\" content=\"https:\/\/nirigs.com\/ar\/product\/cadum-lait-de-douche-surgras-vanille-400-ml\/\" \/>\n<meta property=\"og:site_name\" content=\"NIRIGS\" \/>\n<meta property=\"article:modified_time\" content=\"2025-04-22T15:15:55+00:00\" \/>\n<meta property=\"og:image\" content=\"https:\/\/nirigs.com\/wp-content\/uploads\/2024\/09\/Cadum-Lait-de-Douche-Surgras-Vanille-400ml.jpg\" \/>\n\t<meta property=\"og:image:width\" content=\"1000\" \/>\n\t<meta property=\"og:image:height\" content=\"1000\" \/>\n\t<meta property=\"og:image:type\" content=\"image\/jpeg\" \/>\n<meta name=\"twitter:card\" content=\"summary_large_image\" \/>\n<meta name=\"twitter:label1\" content=\"\u0648\u0642\u062a \u0627\u0644\u0642\u0631\u0627\u0621\u0629 \u0627\u0644\u0645\u064f\u0642\u062f\u0651\u0631\" \/>\n\t<meta name=\"twitter:data1\" content=\"\u062f\u0642\u064a\u0642\u0629 \u0648\u0627\u062d\u062f\u0629\" \/>\n<script type=\"application\/ld+json\" class=\"yoast-schema-graph\">{\"@context\":\"https:\\\/\\\/schema.org\",\"@graph\":[{\"@type\":\"WebPage\",\"@id\":\"https:\\\/\\\/nirigs.com\\\/product\\\/cadum-lait-de-douche-surgras-vanille-400-ml\\\/\",\"url\":\"https:\\\/\\\/nirigs.com\\\/product\\\/cadum-lait-de-douche-surgras-vanille-400-ml\\\/\",\"name\":\"Cadum - Lait de Douche Surgras Vanille - 400 ml - NIRIGS\",\"isPartOf\":{\"@id\":\"https:\\\/\\\/nirigs.com\\\/#website\"},\"primaryImageOfPage\":{\"@id\":\"https:\\\/\\\/nirigs.com\\\/product\\\/cadum-lait-de-douche-surgras-vanille-400-ml\\\/#primaryimage\"},\"image\":{\"@id\":\"https:\\\/\\\/nirigs.com\\\/product\\\/cadum-lait-de-douche-surgras-vanille-400-ml\\\/#primaryimage\"},\"thumbnailUrl\":\"https:\\\/\\\/nirigs.com\\\/wp-content\\\/uploads\\\/2024\\\/09\\\/Cadum-Lait-de-Douche-Surgras-Vanille-400ml.jpg\",\"datePublished\":\"2024-10-02T14:29:34+00:00\",\"dateModified\":\"2025-04-22T15:15:55+00:00\",\"breadcrumb\":{\"@id\":\"https:\\\/\\\/nirigs.com\\\/product\\\/cadum-lait-de-douche-surgras-vanille-400-ml\\\/#breadcrumb\"},\"inLanguage\":\"ar\",\"potentialAction\":[{\"@type\":\"ReadAction\",\"target\":[\"https:\\\/\\\/nirigs.com\\\/product\\\/cadum-lait-de-douche-surgras-vanille-400-ml\\\/\"]}]},{\"@type\":\"ImageObject\",\"inLanguage\":\"ar\",\"@id\":\"https:\\\/\\\/nirigs.com\\\/product\\\/cadum-lait-de-douche-surgras-vanille-400-ml\\\/#primaryimage\",\"url\":\"https:\\\/\\\/nirigs.com\\\/wp-content\\\/uploads\\\/2024\\\/09\\\/Cadum-Lait-de-Douche-Surgras-Vanille-400ml.jpg\",\"contentUrl\":\"https:\\\/\\\/nirigs.com\\\/wp-content\\\/uploads\\\/2024\\\/09\\\/Cadum-Lait-de-Douche-Surgras-Vanille-400ml.jpg\",\"width\":1000,\"height\":1000},{\"@type\":\"BreadcrumbList\",\"@id\":\"https:\\\/\\\/nirigs.com\\\/product\\\/cadum-lait-de-douche-surgras-vanille-400-ml\\\/#breadcrumb\",\"itemListElement\":[{\"@type\":\"ListItem\",\"position\":1,\"name\":\"Home\",\"item\":\"https:\\\/\\\/nirigs.com\\\/\"},{\"@type\":\"ListItem\",\"position\":2,\"name\":\"Parcourir\",\"item\":\"https:\\\/\\\/nirigs.com\\\/boutique\\\/\"},{\"@type\":\"ListItem\",\"position\":3,\"name\":\"Cadum &#8211; Lait de Douche Surgras Vanille &#8211; 400 ml\"}]},{\"@type\":\"WebSite\",\"@id\":\"https:\\\/\\\/nirigs.com\\\/#website\",\"url\":\"https:\\\/\\\/nirigs.com\\\/\",\"name\":\"Nirigs.com\",\"description\":\"Simplifiez vos achats du quotidien \u00e0 Djibouti\",\"publisher\":{\"@id\":\"https:\\\/\\\/nirigs.com\\\/#organization\"},\"potentialAction\":[{\"@type\":\"SearchAction\",\"target\":{\"@type\":\"EntryPoint\",\"urlTemplate\":\"https:\\\/\\\/nirigs.com\\\/?s={search_term_string}\"},\"query-input\":{\"@type\":\"PropertyValueSpecification\",\"valueRequired\":true,\"valueName\":\"search_term_string\"}}],\"inLanguage\":\"ar\"},{\"@type\":\"Organization\",\"@id\":\"https:\\\/\\\/nirigs.com\\\/#organization\",\"name\":\"Nirigs\",\"url\":\"https:\\\/\\\/nirigs.com\\\/\",\"logo\":{\"@type\":\"ImageObject\",\"inLanguage\":\"ar\",\"@id\":\"https:\\\/\\\/nirigs.com\\\/#\\\/schema\\\/logo\\\/image\\\/\",\"url\":\"https:\\\/\\\/nirigs.com\\\/wp-content\\\/uploads\\\/2025\\\/04\\\/Design-sans-titre-27.png\",\"contentUrl\":\"https:\\\/\\\/nirigs.com\\\/wp-content\\\/uploads\\\/2025\\\/04\\\/Design-sans-titre-27.png\",\"width\":500,\"height\":500,\"caption\":\"Nirigs\"},\"image\":{\"@id\":\"https:\\\/\\\/nirigs.com\\\/#\\\/schema\\\/logo\\\/image\\\/\"}}]}<\/script>\n<!-- \/ Yoast SEO plugin. -->","yoast_head_json":{"title":"Cadum - Lait de Douche Surgras Vanille - 400 ml - NIRIGS","robots":{"index":"index","follow":"follow","max-snippet":"max-snippet:-1","max-image-preview":"max-image-preview:large","max-video-preview":"max-video-preview:-1"},"canonical":"https:\/\/nirigs.com\/ar\/product\/cadum-lait-de-douche-surgras-vanille-400-ml\/","og_locale":"ar_AR","og_type":"article","og_title":"Cadum - Lait de Douche Surgras Vanille - 400 ml - NIRIGS","og_url":"https:\/\/nirigs.com\/ar\/product\/cadum-lait-de-douche-surgras-vanille-400-ml\/","og_site_name":"NIRIGS","article_modified_time":"2025-04-22T15:15:55+00:00","og_image":[{"width":1000,"height":1000,"url":"https:\/\/nirigs.com\/wp-content\/uploads\/2024\/09\/Cadum-Lait-de-Douche-Surgras-Vanille-400ml.jpg","type":"image\/jpeg"}],"twitter_card":"summary_large_image","twitter_misc":{"\u0648\u0642\u062a \u0627\u0644\u0642\u0631\u0627\u0621\u0629 \u0627\u0644\u0645\u064f\u0642\u062f\u0651\u0631":"\u062f\u0642\u064a\u0642\u0629 \u0648\u0627\u062d\u062f\u0629"},"schema":{"@context":"https:\/\/schema.org","@graph":[{"@type":"WebPage","@id":"https:\/\/nirigs.com\/product\/cadum-lait-de-douche-surgras-vanille-400-ml\/","url":"https:\/\/nirigs.com\/product\/cadum-lait-de-douche-surgras-vanille-400-ml\/","name":"Cadum - Lait de Douche Surgras Vanille - 400 ml - NIRIGS","isPartOf":{"@id":"https:\/\/nirigs.com\/#website"},"primaryImageOfPage":{"@id":"https:\/\/nirigs.com\/product\/cadum-lait-de-douche-surgras-vanille-400-ml\/#primaryimage"},"image":{"@id":"https:\/\/nirigs.com\/product\/cadum-lait-de-douche-surgras-vanille-400-ml\/#primaryimage"},"thumbnailUrl":"https:\/\/nirigs.com\/wp-content\/uploads\/2024\/09\/Cadum-Lait-de-Douche-Surgras-Vanille-400ml.jpg","datePublished":"2024-10-02T14:29:34+00:00","dateModified":"2025-04-22T15:15:55+00:00","breadcrumb":{"@id":"https:\/\/nirigs.com\/product\/cadum-lait-de-douche-surgras-vanille-400-ml\/#breadcrumb"},"inLanguage":"ar","potentialAction":[{"@type":"ReadAction","target":["https:\/\/nirigs.com\/product\/cadum-lait-de-douche-surgras-vanille-400-ml\/"]}]},{"@type":"ImageObject","inLanguage":"ar","@id":"https:\/\/nirigs.com\/product\/cadum-lait-de-douche-surgras-vanille-400-ml\/#primaryimage","url":"https:\/\/nirigs.com\/wp-content\/uploads\/2024\/09\/Cadum-Lait-de-Douche-Surgras-Vanille-400ml.jpg","contentUrl":"https:\/\/nirigs.com\/wp-content\/uploads\/2024\/09\/Cadum-Lait-de-Douche-Surgras-Vanille-400ml.jpg","width":1000,"height":1000},{"@type":"BreadcrumbList","@id":"https:\/\/nirigs.com\/product\/cadum-lait-de-douche-surgras-vanille-400-ml\/#breadcrumb","itemListElement":[{"@type":"ListItem","position":1,"name":"Home","item":"https:\/\/nirigs.com\/"},{"@type":"ListItem","position":2,"name":"Parcourir","item":"https:\/\/nirigs.com\/boutique\/"},{"@type":"ListItem","position":3,"name":"Cadum &#8211; Lait de Douche Surgras Vanille &#8211; 400 ml"}]},{"@type":"WebSite","@id":"https:\/\/nirigs.com\/#website","url":"https:\/\/nirigs.com\/","name":"Nirigs.com","description":"Simplifiez vos achats du quotidien \u00e0 Djibouti","publisher":{"@id":"https:\/\/nirigs.com\/#organization"},"potentialAction":[{"@type":"SearchAction","target":{"@type":"EntryPoint","urlTemplate":"https:\/\/nirigs.com\/?s={search_term_string}"},"query-input":{"@type":"PropertyValueSpecification","valueRequired":true,"valueName":"search_term_string"}}],"inLanguage":"ar"},{"@type":"Organization","@id":"https:\/\/nirigs.com\/#organization","name":"\u0646\u064a\u0631\u064a\u062c\u0633","url":"https:\/\/nirigs.com\/","logo":{"@type":"ImageObject","inLanguage":"ar","@id":"https:\/\/nirigs.com\/#\/schema\/logo\/image\/","url":"https:\/\/nirigs.com\/wp-content\/uploads\/2025\/04\/Design-sans-titre-27.png","contentUrl":"https:\/\/nirigs.com\/wp-content\/uploads\/2025\/04\/Design-sans-titre-27.png","width":500,"height":500,"caption":"Nirigs"},"image":{"@id":"https:\/\/nirigs.com\/#\/schema\/logo\/image\/"}}]}},"brands":[{"id":1109,"name":"Cadum","slug":"cadum"}],"_links":{"self":[{"href":"https:\/\/nirigs.com\/ar\/wp-json\/wp\/v2\/product\/21600","targetHints":{"allow":["GET"]}}],"collection":[{"href":"https:\/\/nirigs.com\/ar\/wp-json\/wp\/v2\/product"}],"about":[{"href":"https:\/\/nirigs.com\/ar\/wp-json\/wp\/v2\/types\/product"}],"replies":[{"embeddable":true,"href":"https:\/\/nirigs.com\/ar\/wp-json\/wp\/v2\/comments?post=21600"}],"version-history":[{"count":6,"href":"https:\/\/nirigs.com\/ar\/wp-json\/wp\/v2\/product\/21600\/revisions"}],"predecessor-version":[{"id":27034,"href":"https:\/\/nirigs.com\/ar\/wp-json\/wp\/v2\/product\/21600\/revisions\/27034"}],"wp:featuredmedia":[{"embeddable":true,"href":"https:\/\/nirigs.com\/ar\/wp-json\/wp\/v2\/media\/21601"}],"wp:attachment":[{"href":"https:\/\/nirigs.com\/ar\/wp-json\/wp\/v2\/media?parent=21600"}],"wp:term":[{"taxonomy":"pwb-brand","embeddable":true,"href":"https:\/\/nirigs.com\/ar\/wp-json\/wp\/v2\/pwb-brand?post=21600"},{"taxonomy":"product_brand","embeddable":true,"href":"https:\/\/nirigs.com\/ar\/wp-json\/wp\/v2\/product_brand?post=21600"},{"taxonomy":"product_cat","embeddable":true,"href":"https:\/\/nirigs.com\/ar\/wp-json\/wp\/v2\/product_cat?post=21600"},{"taxonomy":"product_tag","embeddable":true,"href":"https:\/\/nirigs.com\/ar\/wp-json\/wp\/v2\/product_tag?post=21600"}],"curies":[{"name":"wp","href":"https:\/\/api.w.org\/{rel}","templated":true}]}}