{"id":21588,"date":"2024-10-02T17:38:32","date_gmt":"2024-10-02T14:38:32","guid":{"rendered":"https:\/\/nirigs.com\/?post_type=product&#038;p=21588"},"modified":"2025-04-22T11:46:06","modified_gmt":"2025-04-22T08:46:06","slug":"garnier-skin-active-hydra-bomb-dehydrated-skin-sheet-mask","status":"publish","type":"product","link":"https:\/\/nirigs.com\/ar\/product\/garnier-skin-active-hydra-bomb-dehydrated-skin-sheet-mask\/","title":{"rendered":"GARNIER &#8211; Skin Active-HYDRA BOMB Dehydrated Skin Sheet Mask"},"content":{"rendered":"<p>Un booster d&rsquo;hydratation revitalisant pour les peaux s\u00e8ches. Le masque feuille Hydra Bomb de GARNIER hydrate et soigne la peau d\u00e9shydrat\u00e9e en quelques minutes seulement.<\/p>\n<p>Sa formule \u00e0 base d&rsquo;extrait de grenade et d&rsquo;acide hyaluronique hydrate en profondeur tout en lissant les ridules et en renfor\u00e7ant la barri\u00e8re protectrice naturelle de la peau. Pour une peau du visage rafra\u00eechie, \u00e9clatante et d&rsquo;apparence saine, inspir\u00e9e par les secrets de beaut\u00e9 de l&rsquo;Asie.<\/p>\n<h4>\u064a\u0633\u062a\u062e\u062f\u0645<\/h4>\n<ul>\n<li>Nettoyez votre visage et placez la feuille de masque GARNIER avec le c\u00f4t\u00e9 blanc sur votre visage.<\/li>\n<li>Retirez le film protecteur et adaptez le aux contours de votre visage. Lisser les rides sur le masque si n\u00e9cessaire.<\/li>\n<li>Laissez agir pendant 15 minutes.<\/li>\n<li>Retirez d\u00e9licatement le masque et massez les r\u00e9sidus visibles sur la peau ou essuyez avec un chiffon sec.<\/li>\n<\/ul>\n<h4>\u0627\u0644\u0645\u0643\u0648\u0646<\/h4>\n<p>Aqua (water), propylene glycol, glycerin, alcohol, p-anisic acid, dipotassium glycyrrhizate, glyceryl acrylate\/acrylic acid copolymer, hamamelis virginiana leaf extract, hydroxyacetophenone, hydroxyethylcellulose, limonene, mannose, methylparaben, peg-40 hydrogenated castor oil, phenoxyethanol, potassium hydroxide, potassium sorbate, propylparaben, punica granatum fruit extract, pvm\/ma copolymer, sodium benzoate, sodium hyaluronate, sorbic acid, sorbitol, xanthan gum, Parfum (Fragrance), (f.i.l. b191292\/1)<\/p>","protected":false},"excerpt":{"rendered":"<p><br data-mce-bogus=\"1\"><\/p>","protected":false},"featured_media":22801,"comment_status":"open","ping_status":"closed","template":"","meta":[],"pwb-brand":[1091],"product_brand":[],"product_cat":[267,1047,1032,1029],"product_tag":[],"class_list":{"0":"post-21588","1":"product","2":"type-product","3":"status-publish","4":"has-post-thumbnail","6":"pwb-brand-garnier","7":"product_cat-beaute-et-soins","8":"product_cat-masques-pour-le-visage","9":"product_cat-soins-du-visage","10":"product_cat-soins-pour-la-peau","12":"first","13":"instock","14":"shipping-taxable","15":"purchasable","16":"product-type-simple"},"yoast_head":"<!-- This site is optimized with the Yoast SEO plugin v27.1.1 - https:\/\/yoast.com\/product\/yoast-seo-wordpress\/ -->\n<title>GARNIER - Skin Active-HYDRA BOMB Dehydrated Skin Sheet Mask - NIRIGS<\/title>\n<meta name=\"robots\" content=\"index, follow, max-snippet:-1, max-image-preview:large, max-video-preview:-1\" \/>\n<link rel=\"canonical\" href=\"https:\/\/nirigs.com\/ar\/product\/garnier-skin-active-hydra-bomb-dehydrated-skin-sheet-mask\/\" \/>\n<meta property=\"og:locale\" content=\"ar_AR\" \/>\n<meta property=\"og:type\" content=\"article\" \/>\n<meta property=\"og:title\" content=\"GARNIER - Skin Active-HYDRA BOMB Dehydrated Skin Sheet Mask - NIRIGS\" \/>\n<meta property=\"og:url\" content=\"https:\/\/nirigs.com\/ar\/product\/garnier-skin-active-hydra-bomb-dehydrated-skin-sheet-mask\/\" \/>\n<meta property=\"og:site_name\" content=\"NIRIGS\" \/>\n<meta property=\"article:modified_time\" content=\"2025-04-22T08:46:06+00:00\" \/>\n<meta property=\"og:image\" content=\"https:\/\/nirigs.com\/wp-content\/uploads\/2024\/09\/GARNIER-\u2013-Skin-Active-HYDRA-BOMB-Dehydrated-Skin-Sheet-Mask-3.jpg\" \/>\n\t<meta property=\"og:image:width\" content=\"1000\" \/>\n\t<meta property=\"og:image:height\" content=\"1000\" \/>\n\t<meta property=\"og:image:type\" content=\"image\/jpeg\" \/>\n<meta name=\"twitter:card\" content=\"summary_large_image\" \/>\n<meta name=\"twitter:label1\" content=\"\u0648\u0642\u062a \u0627\u0644\u0642\u0631\u0627\u0621\u0629 \u0627\u0644\u0645\u064f\u0642\u062f\u0651\u0631\" \/>\n\t<meta name=\"twitter:data1\" content=\"\u062f\u0642\u064a\u0642\u0629 \u0648\u0627\u062d\u062f\u0629\" \/>\n<script type=\"application\/ld+json\" class=\"yoast-schema-graph\">{\"@context\":\"https:\/\/schema.org\",\"@graph\":[{\"@type\":\"WebPage\",\"@id\":\"https:\/\/nirigs.com\/product\/garnier-skin-active-hydra-bomb-dehydrated-skin-sheet-mask\/\",\"url\":\"https:\/\/nirigs.com\/product\/garnier-skin-active-hydra-bomb-dehydrated-skin-sheet-mask\/\",\"name\":\"GARNIER - Skin Active-HYDRA BOMB Dehydrated Skin Sheet Mask - NIRIGS\",\"isPartOf\":{\"@id\":\"https:\/\/nirigs.com\/#website\"},\"primaryImageOfPage\":{\"@id\":\"https:\/\/nirigs.com\/product\/garnier-skin-active-hydra-bomb-dehydrated-skin-sheet-mask\/#primaryimage\"},\"image\":{\"@id\":\"https:\/\/nirigs.com\/product\/garnier-skin-active-hydra-bomb-dehydrated-skin-sheet-mask\/#primaryimage\"},\"thumbnailUrl\":\"https:\/\/nirigs.com\/wp-content\/uploads\/2024\/09\/GARNIER-\u2013-Skin-Active-HYDRA-BOMB-Dehydrated-Skin-Sheet-Mask-3.jpg\",\"datePublished\":\"2024-10-02T14:38:32+00:00\",\"dateModified\":\"2025-04-22T08:46:06+00:00\",\"breadcrumb\":{\"@id\":\"https:\/\/nirigs.com\/product\/garnier-skin-active-hydra-bomb-dehydrated-skin-sheet-mask\/#breadcrumb\"},\"inLanguage\":\"ar\",\"potentialAction\":[{\"@type\":\"ReadAction\",\"target\":[\"https:\/\/nirigs.com\/product\/garnier-skin-active-hydra-bomb-dehydrated-skin-sheet-mask\/\"]}]},{\"@type\":\"ImageObject\",\"inLanguage\":\"ar\",\"@id\":\"https:\/\/nirigs.com\/product\/garnier-skin-active-hydra-bomb-dehydrated-skin-sheet-mask\/#primaryimage\",\"url\":\"https:\/\/nirigs.com\/wp-content\/uploads\/2024\/09\/GARNIER-\u2013-Skin-Active-HYDRA-BOMB-Dehydrated-Skin-Sheet-Mask-3.jpg\",\"contentUrl\":\"https:\/\/nirigs.com\/wp-content\/uploads\/2024\/09\/GARNIER-\u2013-Skin-Active-HYDRA-BOMB-Dehydrated-Skin-Sheet-Mask-3.jpg\",\"width\":1000,\"height\":1000},{\"@type\":\"BreadcrumbList\",\"@id\":\"https:\/\/nirigs.com\/product\/garnier-skin-active-hydra-bomb-dehydrated-skin-sheet-mask\/#breadcrumb\",\"itemListElement\":[{\"@type\":\"ListItem\",\"position\":1,\"name\":\"Home\",\"item\":\"https:\/\/nirigs.com\/\"},{\"@type\":\"ListItem\",\"position\":2,\"name\":\"Parcourir\",\"item\":\"https:\/\/nirigs.com\/boutique\/\"},{\"@type\":\"ListItem\",\"position\":3,\"name\":\"GARNIER &#8211; Skin Active-HYDRA BOMB Dehydrated Skin Sheet Mask\"}]},{\"@type\":\"WebSite\",\"@id\":\"https:\/\/nirigs.com\/#website\",\"url\":\"https:\/\/nirigs.com\/\",\"name\":\"Nirigs.com\",\"description\":\"Simplifiez vos achats du quotidien \u00e0 Djibouti\",\"publisher\":{\"@id\":\"https:\/\/nirigs.com\/#organization\"},\"potentialAction\":[{\"@type\":\"SearchAction\",\"target\":{\"@type\":\"EntryPoint\",\"urlTemplate\":\"https:\/\/nirigs.com\/?s={search_term_string}\"},\"query-input\":{\"@type\":\"PropertyValueSpecification\",\"valueRequired\":true,\"valueName\":\"search_term_string\"}}],\"inLanguage\":\"ar\"},{\"@type\":\"Organization\",\"@id\":\"https:\/\/nirigs.com\/#organization\",\"name\":\"Nirigs\",\"url\":\"https:\/\/nirigs.com\/\",\"logo\":{\"@type\":\"ImageObject\",\"inLanguage\":\"ar\",\"@id\":\"https:\/\/nirigs.com\/#\/schema\/logo\/image\/\",\"url\":\"https:\/\/nirigs.com\/wp-content\/uploads\/2025\/04\/Design-sans-titre-27.png\",\"contentUrl\":\"https:\/\/nirigs.com\/wp-content\/uploads\/2025\/04\/Design-sans-titre-27.png\",\"width\":500,\"height\":500,\"caption\":\"Nirigs\"},\"image\":{\"@id\":\"https:\/\/nirigs.com\/#\/schema\/logo\/image\/\"}}]}<\/script>\n<!-- \/ Yoast SEO plugin. -->","yoast_head_json":{"title":"GARNIER - Skin Active-HYDRA BOMB Dehydrated Skin Sheet Mask - NIRIGS","robots":{"index":"index","follow":"follow","max-snippet":"max-snippet:-1","max-image-preview":"max-image-preview:large","max-video-preview":"max-video-preview:-1"},"canonical":"https:\/\/nirigs.com\/ar\/product\/garnier-skin-active-hydra-bomb-dehydrated-skin-sheet-mask\/","og_locale":"ar_AR","og_type":"article","og_title":"GARNIER - Skin Active-HYDRA BOMB Dehydrated Skin Sheet Mask - NIRIGS","og_url":"https:\/\/nirigs.com\/ar\/product\/garnier-skin-active-hydra-bomb-dehydrated-skin-sheet-mask\/","og_site_name":"NIRIGS","article_modified_time":"2025-04-22T08:46:06+00:00","og_image":[{"width":1000,"height":1000,"url":"https:\/\/nirigs.com\/wp-content\/uploads\/2024\/09\/GARNIER-\u2013-Skin-Active-HYDRA-BOMB-Dehydrated-Skin-Sheet-Mask-3.jpg","type":"image\/jpeg"}],"twitter_card":"summary_large_image","twitter_misc":{"\u0648\u0642\u062a \u0627\u0644\u0642\u0631\u0627\u0621\u0629 \u0627\u0644\u0645\u064f\u0642\u062f\u0651\u0631":"\u062f\u0642\u064a\u0642\u0629 \u0648\u0627\u062d\u062f\u0629"},"schema":{"@context":"https:\/\/schema.org","@graph":[{"@type":"WebPage","@id":"https:\/\/nirigs.com\/product\/garnier-skin-active-hydra-bomb-dehydrated-skin-sheet-mask\/","url":"https:\/\/nirigs.com\/product\/garnier-skin-active-hydra-bomb-dehydrated-skin-sheet-mask\/","name":"GARNIER - Skin Active-HYDRA BOMB Dehydrated Skin Sheet Mask - NIRIGS","isPartOf":{"@id":"https:\/\/nirigs.com\/#website"},"primaryImageOfPage":{"@id":"https:\/\/nirigs.com\/product\/garnier-skin-active-hydra-bomb-dehydrated-skin-sheet-mask\/#primaryimage"},"image":{"@id":"https:\/\/nirigs.com\/product\/garnier-skin-active-hydra-bomb-dehydrated-skin-sheet-mask\/#primaryimage"},"thumbnailUrl":"https:\/\/nirigs.com\/wp-content\/uploads\/2024\/09\/GARNIER-\u2013-Skin-Active-HYDRA-BOMB-Dehydrated-Skin-Sheet-Mask-3.jpg","datePublished":"2024-10-02T14:38:32+00:00","dateModified":"2025-04-22T08:46:06+00:00","breadcrumb":{"@id":"https:\/\/nirigs.com\/product\/garnier-skin-active-hydra-bomb-dehydrated-skin-sheet-mask\/#breadcrumb"},"inLanguage":"ar","potentialAction":[{"@type":"ReadAction","target":["https:\/\/nirigs.com\/product\/garnier-skin-active-hydra-bomb-dehydrated-skin-sheet-mask\/"]}]},{"@type":"ImageObject","inLanguage":"ar","@id":"https:\/\/nirigs.com\/product\/garnier-skin-active-hydra-bomb-dehydrated-skin-sheet-mask\/#primaryimage","url":"https:\/\/nirigs.com\/wp-content\/uploads\/2024\/09\/GARNIER-\u2013-Skin-Active-HYDRA-BOMB-Dehydrated-Skin-Sheet-Mask-3.jpg","contentUrl":"https:\/\/nirigs.com\/wp-content\/uploads\/2024\/09\/GARNIER-\u2013-Skin-Active-HYDRA-BOMB-Dehydrated-Skin-Sheet-Mask-3.jpg","width":1000,"height":1000},{"@type":"BreadcrumbList","@id":"https:\/\/nirigs.com\/product\/garnier-skin-active-hydra-bomb-dehydrated-skin-sheet-mask\/#breadcrumb","itemListElement":[{"@type":"ListItem","position":1,"name":"Home","item":"https:\/\/nirigs.com\/"},{"@type":"ListItem","position":2,"name":"Parcourir","item":"https:\/\/nirigs.com\/boutique\/"},{"@type":"ListItem","position":3,"name":"GARNIER &#8211; Skin Active-HYDRA BOMB Dehydrated Skin Sheet Mask"}]},{"@type":"WebSite","@id":"https:\/\/nirigs.com\/#website","url":"https:\/\/nirigs.com\/","name":"Nirigs.com","description":"Simplifiez vos achats du quotidien \u00e0 Djibouti","publisher":{"@id":"https:\/\/nirigs.com\/#organization"},"potentialAction":[{"@type":"SearchAction","target":{"@type":"EntryPoint","urlTemplate":"https:\/\/nirigs.com\/?s={search_term_string}"},"query-input":{"@type":"PropertyValueSpecification","valueRequired":true,"valueName":"search_term_string"}}],"inLanguage":"ar"},{"@type":"Organization","@id":"https:\/\/nirigs.com\/#organization","name":"\u0646\u064a\u0631\u064a\u062c\u0633","url":"https:\/\/nirigs.com\/","logo":{"@type":"ImageObject","inLanguage":"ar","@id":"https:\/\/nirigs.com\/#\/schema\/logo\/image\/","url":"https:\/\/nirigs.com\/wp-content\/uploads\/2025\/04\/Design-sans-titre-27.png","contentUrl":"https:\/\/nirigs.com\/wp-content\/uploads\/2025\/04\/Design-sans-titre-27.png","width":500,"height":500,"caption":"Nirigs"},"image":{"@id":"https:\/\/nirigs.com\/#\/schema\/logo\/image\/"}}]}},"brands":[{"id":1091,"name":"Garnier","slug":"garnier"}],"_links":{"self":[{"href":"https:\/\/nirigs.com\/ar\/wp-json\/wp\/v2\/product\/21588","targetHints":{"allow":["GET"]}}],"collection":[{"href":"https:\/\/nirigs.com\/ar\/wp-json\/wp\/v2\/product"}],"about":[{"href":"https:\/\/nirigs.com\/ar\/wp-json\/wp\/v2\/types\/product"}],"replies":[{"embeddable":true,"href":"https:\/\/nirigs.com\/ar\/wp-json\/wp\/v2\/comments?post=21588"}],"version-history":[{"count":6,"href":"https:\/\/nirigs.com\/ar\/wp-json\/wp\/v2\/product\/21588\/revisions"}],"predecessor-version":[{"id":27009,"href":"https:\/\/nirigs.com\/ar\/wp-json\/wp\/v2\/product\/21588\/revisions\/27009"}],"wp:featuredmedia":[{"embeddable":true,"href":"https:\/\/nirigs.com\/ar\/wp-json\/wp\/v2\/media\/22801"}],"wp:attachment":[{"href":"https:\/\/nirigs.com\/ar\/wp-json\/wp\/v2\/media?parent=21588"}],"wp:term":[{"taxonomy":"pwb-brand","embeddable":true,"href":"https:\/\/nirigs.com\/ar\/wp-json\/wp\/v2\/pwb-brand?post=21588"},{"taxonomy":"product_brand","embeddable":true,"href":"https:\/\/nirigs.com\/ar\/wp-json\/wp\/v2\/product_brand?post=21588"},{"taxonomy":"product_cat","embeddable":true,"href":"https:\/\/nirigs.com\/ar\/wp-json\/wp\/v2\/product_cat?post=21588"},{"taxonomy":"product_tag","embeddable":true,"href":"https:\/\/nirigs.com\/ar\/wp-json\/wp\/v2\/product_tag?post=21588"}],"curies":[{"name":"wp","href":"https:\/\/api.w.org\/{rel}","templated":true}]}}