{"id":21584,"date":"2024-10-02T17:38:50","date_gmt":"2024-10-02T14:38:50","guid":{"rendered":"https:\/\/nirigs.com\/?post_type=product&#038;p=21584"},"modified":"2025-04-22T11:45:45","modified_gmt":"2025-04-22T08:45:45","slug":"garnier-skinactive-hydrabomb-masque-tissu-avec-acide-hyaluronique-et-aloe-vera","status":"publish","type":"product","link":"https:\/\/nirigs.com\/ar\/product\/garnier-skinactive-hydrabomb-masque-tissu-avec-acide-hyaluronique-et-aloe-vera\/","title":{"rendered":"GARNIER &#8211; SKINACTIVE &#8211; Masque Tissu Booster d&rsquo;Hydratation Acide Hyaluronique &#038; Aloe Vera"},"content":{"rendered":"<p>Votre peau a besoin d\u2019un boost d\u2019hydratation ? Le masque tissu Garnier Hydra Bomb enrichi en Acide Hyaluronique et Aloe Vera hydrate la peau en seulement 15 minutes. Convient aux peaux sensibles.<br \/>Efficacit\u00e9 prouv\u00e9e apr\u00e8s 15 minutes<\/p>\n<ul>\n<li>La peau est hydrate et parait plus fraiche. Le teint est plus \u00e9clatant. Apres 1 semaine<\/li>\n<li>La peau parait plus souple, plus lisse, revitalis\u00e9e.<\/li>\n<\/ul>\n<h4>\u064a\u0633\u062a\u062e\u062f\u0645<\/h4>\n<ul>\n<li>D\u00e9pliez le masque facial. Appliquez le sur un visage propre en pla\u00e7ant le c\u00f4t\u00e9 blanc du masque sur la peau. La couche protectrice bleue doit \u00eatre visible sur le visage.<\/li>\n<li>Retirez la couche protectrice.<\/li>\n<li>Faites en sorte que le masque s&rsquo;adapte aux contours du visage. Laissez agir pendant 15 minutes.<\/li>\n<li>Retirez le masque facial. Massez d\u00e9licatement l&rsquo;exc\u00e9dent de produit sur la peau ou utilisez un coton pour l&rsquo;enlever.<\/li>\n<\/ul>\n<h4>\u0645\u0643\u0648\u0646\u0627\u062a<\/h4>\n<div class=\"container\">\n<div class=\"row\">\n<div class=\"col-xs-12 col-sm-12 product-note-collapse-list\">\n<div class=\"collapse-list row pdp-collapse\">\n<div class=\"col-xs-12 col-sm-7 col-md-8 collapse-content\">\n<div class=\"product-note\">\n<div id=\"ingredients\" class=\"collapse collapse-active\">\n<div id=\"collapse139518\" class=\"collapse__content collapse__content--collapsed\">\n<div class=\"product-note__description richtext\">\n<div id=\"ingredients-list\" data-ioplist=\"\">\n<p><span data-iopelement=\"AQUA \/ WATER\">AQUA \/ WATER<\/span>\u00a0\u2022\u00a0<span data-iopelement=\"PROPYLENE GLYCOL\">PROPYLENE GLYCOL<\/span>\u00a0\u2022\u00a0<span data-iopelement=\"GLYCERIN\">GLYCERIN<\/span>\u00a0\u2022 ALCOHOL \u2022 ALOE BARBADENSIS LEAF JUICE POWDER \u2022\u00a0<span data-iopelement=\"DIPOTASSIUM GLYCYRRHIZATE\">DIPOTASSIUM GLYCYRRHIZATE<\/span>\u00a0\u2022\u00a0<span data-iopelement=\"GLYCERYL ACRYLATE\/ACRYLIC ACID COPOLYMER\">GLYCERYL ACRYLATE\/ACRYLIC ACID COPOLYMER<\/span>\u00a0\u2022 HAMAMELIS VIRGINIANA LEAF WATER \/ WITCH HAZEL LEAF WATER \u2022\u00a0<span data-iopelement=\"HYDROGENATED STARCH HYDROLYSATE\">HYDROGENATED STARCH HYDROLYSATE<\/span>\u00a0\u2022\u00a0<span data-iopelement=\"HYDROXYACETOPHENONE\">HYDROXYACETOPHENONE<\/span>\u00a0\u2022\u00a0<span data-iopelement=\"HYDROXYETHYLCELLULOSE\">HYDROXYETHYLCELLULOSE<\/span>\u00a0\u2022\u00a0<span data-iopelement=\"LIMONENE\">LIMONENE<\/span>\u00a0\u2022\u00a0<span data-iopelement=\"MALTODEXTRIN\">MALTODEXTRIN<\/span>\u00a0\u2022\u00a0<span data-iopelement=\"MANNOSE\">MANNOSE<\/span>\u00a0\u2022\u00a0<span data-iopelement=\"P-ANISIC ACID\">P-ANISIC ACID<\/span>\u00a0\u2022\u00a0<span data-iopelement=\"PEG-40 HYDROGENATED CASTOR OIL\">PEG-40 HYDROGENATED CASTOR OIL<\/span>\u00a0\u2022\u00a0<span data-iopelement=\"PHENOXYETHANOL\">PHENOXYETHANOL<\/span>\u00a0\u2022\u00a0<span data-iopelement=\"POTASSIUM HYDROXIDE\">POTASSIUM HYDROXIDE<\/span>\u00a0\u2022\u00a0<span data-iopelement=\"POTASSIUM SORBATE\">POTASSIUM SORBATE<\/span>\u00a0\u2022 PVM\/MA COPOLYMER \u2022\u00a0<span data-iopelement=\"SODIUM BENZOATE\">SODIUM BENZOATE<\/span>\u00a0\u2022\u00a0<span data-iopelement=\"SODIUM HYALURONATE\">SODIUM HYALURONATE<\/span>\u00a0\u2022\u00a0<span data-iopelement=\"SORBIC ACID\">SORBIC ACID<\/span>\u00a0\u2022\u00a0<span data-iopelement=\"XANTHAN GUM\">XANTHAN GUM<\/span>\u00a0\u2022\u00a0<span data-iopelement=\"PARFUM \/ FRAGRANCE\">PARFUM \/ FRAGRANCE.<\/span><\/p>\n<\/div>\n<\/div>\n<\/div>\n<\/div>\n<\/div>\n<\/div>\n<\/div>\n<\/div>\n<\/div>\n<\/div>","protected":false},"excerpt":{"rendered":"<p><br data-mce-bogus=\"1\"><\/p>","protected":false},"featured_media":22974,"comment_status":"closed","ping_status":"closed","template":"","meta":[],"pwb-brand":[1091],"product_brand":[],"product_cat":[267,1047,1032,1029],"product_tag":[],"class_list":{"0":"post-21584","1":"product","2":"type-product","3":"status-publish","4":"has-post-thumbnail","6":"pwb-brand-garnier","7":"product_cat-beaute-et-soins","8":"product_cat-masques-pour-le-visage","9":"product_cat-soins-du-visage","10":"product_cat-soins-pour-la-peau","12":"first","13":"instock","14":"shipping-taxable","15":"purchasable","16":"product-type-simple"},"yoast_head":"<!-- This site is optimized with the Yoast SEO plugin v27.1.1 - https:\/\/yoast.com\/product\/yoast-seo-wordpress\/ -->\n<title>GARNIER - SKINACTIVE - Masque Tissu Booster d&#039;Hydratation Acide Hyaluronique &amp; Aloe Vera - NIRIGS<\/title>\n<meta name=\"robots\" content=\"index, follow, max-snippet:-1, max-image-preview:large, max-video-preview:-1\" \/>\n<link rel=\"canonical\" href=\"https:\/\/nirigs.com\/ar\/product\/garnier-skinactive-hydrabomb-masque-tissu-avec-acide-hyaluronique-et-aloe-vera\/\" \/>\n<meta property=\"og:locale\" content=\"ar_AR\" \/>\n<meta property=\"og:type\" content=\"article\" \/>\n<meta property=\"og:title\" content=\"GARNIER - SKINACTIVE - Masque Tissu Booster d&#039;Hydratation Acide Hyaluronique &amp; Aloe Vera - NIRIGS\" \/>\n<meta property=\"og:url\" content=\"https:\/\/nirigs.com\/ar\/product\/garnier-skinactive-hydrabomb-masque-tissu-avec-acide-hyaluronique-et-aloe-vera\/\" \/>\n<meta property=\"og:site_name\" content=\"NIRIGS\" \/>\n<meta property=\"article:modified_time\" content=\"2025-04-22T08:45:45+00:00\" \/>\n<meta property=\"og:image\" content=\"https:\/\/nirigs.com\/wp-content\/uploads\/2024\/10\/GARNIER-SKINACTIVE-Masque-Tissu-Booster-dHydratation-Acide-Hyaluronique-Aloe-Vera.jpg\" \/>\n\t<meta property=\"og:image:width\" content=\"1000\" \/>\n\t<meta property=\"og:image:height\" content=\"1000\" \/>\n\t<meta property=\"og:image:type\" content=\"image\/jpeg\" \/>\n<meta name=\"twitter:card\" content=\"summary_large_image\" \/>\n<meta name=\"twitter:label1\" content=\"\u0648\u0642\u062a \u0627\u0644\u0642\u0631\u0627\u0621\u0629 \u0627\u0644\u0645\u064f\u0642\u062f\u0651\u0631\" \/>\n\t<meta name=\"twitter:data1\" content=\"\u062f\u0642\u064a\u0642\u0629 \u0648\u0627\u062d\u062f\u0629\" \/>\n<script type=\"application\/ld+json\" class=\"yoast-schema-graph\">{\"@context\":\"https:\/\/schema.org\",\"@graph\":[{\"@type\":\"WebPage\",\"@id\":\"https:\/\/nirigs.com\/product\/garnier-skinactive-hydrabomb-masque-tissu-avec-acide-hyaluronique-et-aloe-vera\/\",\"url\":\"https:\/\/nirigs.com\/product\/garnier-skinactive-hydrabomb-masque-tissu-avec-acide-hyaluronique-et-aloe-vera\/\",\"name\":\"GARNIER - SKINACTIVE - Masque Tissu Booster d'Hydratation Acide Hyaluronique & Aloe Vera - NIRIGS\",\"isPartOf\":{\"@id\":\"https:\/\/nirigs.com\/#website\"},\"primaryImageOfPage\":{\"@id\":\"https:\/\/nirigs.com\/product\/garnier-skinactive-hydrabomb-masque-tissu-avec-acide-hyaluronique-et-aloe-vera\/#primaryimage\"},\"image\":{\"@id\":\"https:\/\/nirigs.com\/product\/garnier-skinactive-hydrabomb-masque-tissu-avec-acide-hyaluronique-et-aloe-vera\/#primaryimage\"},\"thumbnailUrl\":\"https:\/\/nirigs.com\/wp-content\/uploads\/2024\/10\/GARNIER-SKINACTIVE-Masque-Tissu-Booster-dHydratation-Acide-Hyaluronique-Aloe-Vera.jpg\",\"datePublished\":\"2024-10-02T14:38:50+00:00\",\"dateModified\":\"2025-04-22T08:45:45+00:00\",\"breadcrumb\":{\"@id\":\"https:\/\/nirigs.com\/product\/garnier-skinactive-hydrabomb-masque-tissu-avec-acide-hyaluronique-et-aloe-vera\/#breadcrumb\"},\"inLanguage\":\"ar\",\"potentialAction\":[{\"@type\":\"ReadAction\",\"target\":[\"https:\/\/nirigs.com\/product\/garnier-skinactive-hydrabomb-masque-tissu-avec-acide-hyaluronique-et-aloe-vera\/\"]}]},{\"@type\":\"ImageObject\",\"inLanguage\":\"ar\",\"@id\":\"https:\/\/nirigs.com\/product\/garnier-skinactive-hydrabomb-masque-tissu-avec-acide-hyaluronique-et-aloe-vera\/#primaryimage\",\"url\":\"https:\/\/nirigs.com\/wp-content\/uploads\/2024\/10\/GARNIER-SKINACTIVE-Masque-Tissu-Booster-dHydratation-Acide-Hyaluronique-Aloe-Vera.jpg\",\"contentUrl\":\"https:\/\/nirigs.com\/wp-content\/uploads\/2024\/10\/GARNIER-SKINACTIVE-Masque-Tissu-Booster-dHydratation-Acide-Hyaluronique-Aloe-Vera.jpg\",\"width\":1000,\"height\":1000},{\"@type\":\"BreadcrumbList\",\"@id\":\"https:\/\/nirigs.com\/product\/garnier-skinactive-hydrabomb-masque-tissu-avec-acide-hyaluronique-et-aloe-vera\/#breadcrumb\",\"itemListElement\":[{\"@type\":\"ListItem\",\"position\":1,\"name\":\"Home\",\"item\":\"https:\/\/nirigs.com\/\"},{\"@type\":\"ListItem\",\"position\":2,\"name\":\"Parcourir\",\"item\":\"https:\/\/nirigs.com\/boutique\/\"},{\"@type\":\"ListItem\",\"position\":3,\"name\":\"GARNIER &#8211; SKINACTIVE &#8211; Masque Tissu Booster d&rsquo;Hydratation Acide Hyaluronique &#038; Aloe Vera\"}]},{\"@type\":\"WebSite\",\"@id\":\"https:\/\/nirigs.com\/#website\",\"url\":\"https:\/\/nirigs.com\/\",\"name\":\"Nirigs.com\",\"description\":\"Simplifiez vos achats du quotidien \u00e0 Djibouti\",\"publisher\":{\"@id\":\"https:\/\/nirigs.com\/#organization\"},\"potentialAction\":[{\"@type\":\"SearchAction\",\"target\":{\"@type\":\"EntryPoint\",\"urlTemplate\":\"https:\/\/nirigs.com\/?s={search_term_string}\"},\"query-input\":{\"@type\":\"PropertyValueSpecification\",\"valueRequired\":true,\"valueName\":\"search_term_string\"}}],\"inLanguage\":\"ar\"},{\"@type\":\"Organization\",\"@id\":\"https:\/\/nirigs.com\/#organization\",\"name\":\"Nirigs\",\"url\":\"https:\/\/nirigs.com\/\",\"logo\":{\"@type\":\"ImageObject\",\"inLanguage\":\"ar\",\"@id\":\"https:\/\/nirigs.com\/#\/schema\/logo\/image\/\",\"url\":\"https:\/\/nirigs.com\/wp-content\/uploads\/2025\/04\/Design-sans-titre-27.png\",\"contentUrl\":\"https:\/\/nirigs.com\/wp-content\/uploads\/2025\/04\/Design-sans-titre-27.png\",\"width\":500,\"height\":500,\"caption\":\"Nirigs\"},\"image\":{\"@id\":\"https:\/\/nirigs.com\/#\/schema\/logo\/image\/\"}}]}<\/script>\n<!-- \/ Yoast SEO plugin. -->","yoast_head_json":{"title":"GARNIER - SKINACTIVE - Masque Tissu Booster d'Hydratation Acide Hyaluronique & Aloe Vera - NIRIGS","robots":{"index":"index","follow":"follow","max-snippet":"max-snippet:-1","max-image-preview":"max-image-preview:large","max-video-preview":"max-video-preview:-1"},"canonical":"https:\/\/nirigs.com\/ar\/product\/garnier-skinactive-hydrabomb-masque-tissu-avec-acide-hyaluronique-et-aloe-vera\/","og_locale":"ar_AR","og_type":"article","og_title":"GARNIER - SKINACTIVE - Masque Tissu Booster d'Hydratation Acide Hyaluronique & Aloe Vera - NIRIGS","og_url":"https:\/\/nirigs.com\/ar\/product\/garnier-skinactive-hydrabomb-masque-tissu-avec-acide-hyaluronique-et-aloe-vera\/","og_site_name":"NIRIGS","article_modified_time":"2025-04-22T08:45:45+00:00","og_image":[{"width":1000,"height":1000,"url":"https:\/\/nirigs.com\/wp-content\/uploads\/2024\/10\/GARNIER-SKINACTIVE-Masque-Tissu-Booster-dHydratation-Acide-Hyaluronique-Aloe-Vera.jpg","type":"image\/jpeg"}],"twitter_card":"summary_large_image","twitter_misc":{"\u0648\u0642\u062a \u0627\u0644\u0642\u0631\u0627\u0621\u0629 \u0627\u0644\u0645\u064f\u0642\u062f\u0651\u0631":"\u062f\u0642\u064a\u0642\u0629 \u0648\u0627\u062d\u062f\u0629"},"schema":{"@context":"https:\/\/schema.org","@graph":[{"@type":"WebPage","@id":"https:\/\/nirigs.com\/product\/garnier-skinactive-hydrabomb-masque-tissu-avec-acide-hyaluronique-et-aloe-vera\/","url":"https:\/\/nirigs.com\/product\/garnier-skinactive-hydrabomb-masque-tissu-avec-acide-hyaluronique-et-aloe-vera\/","name":"GARNIER - SKINACTIVE - Masque Tissu Booster d'Hydratation Acide Hyaluronique & Aloe Vera - NIRIGS","isPartOf":{"@id":"https:\/\/nirigs.com\/#website"},"primaryImageOfPage":{"@id":"https:\/\/nirigs.com\/product\/garnier-skinactive-hydrabomb-masque-tissu-avec-acide-hyaluronique-et-aloe-vera\/#primaryimage"},"image":{"@id":"https:\/\/nirigs.com\/product\/garnier-skinactive-hydrabomb-masque-tissu-avec-acide-hyaluronique-et-aloe-vera\/#primaryimage"},"thumbnailUrl":"https:\/\/nirigs.com\/wp-content\/uploads\/2024\/10\/GARNIER-SKINACTIVE-Masque-Tissu-Booster-dHydratation-Acide-Hyaluronique-Aloe-Vera.jpg","datePublished":"2024-10-02T14:38:50+00:00","dateModified":"2025-04-22T08:45:45+00:00","breadcrumb":{"@id":"https:\/\/nirigs.com\/product\/garnier-skinactive-hydrabomb-masque-tissu-avec-acide-hyaluronique-et-aloe-vera\/#breadcrumb"},"inLanguage":"ar","potentialAction":[{"@type":"ReadAction","target":["https:\/\/nirigs.com\/product\/garnier-skinactive-hydrabomb-masque-tissu-avec-acide-hyaluronique-et-aloe-vera\/"]}]},{"@type":"ImageObject","inLanguage":"ar","@id":"https:\/\/nirigs.com\/product\/garnier-skinactive-hydrabomb-masque-tissu-avec-acide-hyaluronique-et-aloe-vera\/#primaryimage","url":"https:\/\/nirigs.com\/wp-content\/uploads\/2024\/10\/GARNIER-SKINACTIVE-Masque-Tissu-Booster-dHydratation-Acide-Hyaluronique-Aloe-Vera.jpg","contentUrl":"https:\/\/nirigs.com\/wp-content\/uploads\/2024\/10\/GARNIER-SKINACTIVE-Masque-Tissu-Booster-dHydratation-Acide-Hyaluronique-Aloe-Vera.jpg","width":1000,"height":1000},{"@type":"BreadcrumbList","@id":"https:\/\/nirigs.com\/product\/garnier-skinactive-hydrabomb-masque-tissu-avec-acide-hyaluronique-et-aloe-vera\/#breadcrumb","itemListElement":[{"@type":"ListItem","position":1,"name":"Home","item":"https:\/\/nirigs.com\/"},{"@type":"ListItem","position":2,"name":"Parcourir","item":"https:\/\/nirigs.com\/boutique\/"},{"@type":"ListItem","position":3,"name":"GARNIER &#8211; SKINACTIVE &#8211; Masque Tissu Booster d&rsquo;Hydratation Acide Hyaluronique &#038; Aloe Vera"}]},{"@type":"WebSite","@id":"https:\/\/nirigs.com\/#website","url":"https:\/\/nirigs.com\/","name":"Nirigs.com","description":"Simplifiez vos achats du quotidien \u00e0 Djibouti","publisher":{"@id":"https:\/\/nirigs.com\/#organization"},"potentialAction":[{"@type":"SearchAction","target":{"@type":"EntryPoint","urlTemplate":"https:\/\/nirigs.com\/?s={search_term_string}"},"query-input":{"@type":"PropertyValueSpecification","valueRequired":true,"valueName":"search_term_string"}}],"inLanguage":"ar"},{"@type":"Organization","@id":"https:\/\/nirigs.com\/#organization","name":"\u0646\u064a\u0631\u064a\u062c\u0633","url":"https:\/\/nirigs.com\/","logo":{"@type":"ImageObject","inLanguage":"ar","@id":"https:\/\/nirigs.com\/#\/schema\/logo\/image\/","url":"https:\/\/nirigs.com\/wp-content\/uploads\/2025\/04\/Design-sans-titre-27.png","contentUrl":"https:\/\/nirigs.com\/wp-content\/uploads\/2025\/04\/Design-sans-titre-27.png","width":500,"height":500,"caption":"Nirigs"},"image":{"@id":"https:\/\/nirigs.com\/#\/schema\/logo\/image\/"}}]}},"brands":[{"id":1091,"name":"Garnier","slug":"garnier"}],"_links":{"self":[{"href":"https:\/\/nirigs.com\/ar\/wp-json\/wp\/v2\/product\/21584","targetHints":{"allow":["GET"]}}],"collection":[{"href":"https:\/\/nirigs.com\/ar\/wp-json\/wp\/v2\/product"}],"about":[{"href":"https:\/\/nirigs.com\/ar\/wp-json\/wp\/v2\/types\/product"}],"replies":[{"embeddable":true,"href":"https:\/\/nirigs.com\/ar\/wp-json\/wp\/v2\/comments?post=21584"}],"version-history":[{"count":6,"href":"https:\/\/nirigs.com\/ar\/wp-json\/wp\/v2\/product\/21584\/revisions"}],"predecessor-version":[{"id":27007,"href":"https:\/\/nirigs.com\/ar\/wp-json\/wp\/v2\/product\/21584\/revisions\/27007"}],"wp:featuredmedia":[{"embeddable":true,"href":"https:\/\/nirigs.com\/ar\/wp-json\/wp\/v2\/media\/22974"}],"wp:attachment":[{"href":"https:\/\/nirigs.com\/ar\/wp-json\/wp\/v2\/media?parent=21584"}],"wp:term":[{"taxonomy":"pwb-brand","embeddable":true,"href":"https:\/\/nirigs.com\/ar\/wp-json\/wp\/v2\/pwb-brand?post=21584"},{"taxonomy":"product_brand","embeddable":true,"href":"https:\/\/nirigs.com\/ar\/wp-json\/wp\/v2\/product_brand?post=21584"},{"taxonomy":"product_cat","embeddable":true,"href":"https:\/\/nirigs.com\/ar\/wp-json\/wp\/v2\/product_cat?post=21584"},{"taxonomy":"product_tag","embeddable":true,"href":"https:\/\/nirigs.com\/ar\/wp-json\/wp\/v2\/product_tag?post=21584"}],"curies":[{"name":"wp","href":"https:\/\/api.w.org\/{rel}","templated":true}]}}