{"id":21105,"date":"2024-10-02T18:12:36","date_gmt":"2024-10-02T15:12:36","guid":{"rendered":"https:\/\/nirigs.com\/?post_type=product&#038;p=21105"},"modified":"2025-03-13T17:47:46","modified_gmt":"2025-03-13T14:47:46","slug":"loreal-paris-demaquillant-express-yeux-et-levres-resistant-a-leau-125-ml","status":"publish","type":"product","link":"https:\/\/nirigs.com\/ar\/product\/loreal-paris-demaquillant-express-yeux-et-levres-resistant-a-leau-125-ml\/","title":{"rendered":"L&rsquo;Or\u00e9al Paris &#8211; D\u00e9maquillant Express Yeux et L\u00e8vres resistant \u00e0 l&rsquo;eau &#8211; 125 ml"},"content":{"rendered":"<p>D\u00e9maquillant Express Yeux et L\u00e8vres Un d\u00e9maquillage rapide et facile, qui ne laisse aucun voile sur les yeux. Le d\u00e9maquillant yeux et l\u00e8vres, sp\u00e9cial maquillage Waterproof et longue dur\u00e9e, allie efficacit\u00e9 d\u00e9maquillante et douceur sans effet gras.<\/p>\n<p>La phase fonc\u00e9e, riche en huiles douces, d\u00e9maquille efficacement les maquillages Waterproof et longue dur\u00e9e. La phase claire est une lotion tr\u00e8s douce qui procure une agr\u00e9able sensation de fra\u00eecheur. R\u00e9sultat : un d\u00e9maquillage rapide et facile, qui ne laisse aucun voile sur les yeux.<\/p>\n<h4>\u064a\u0633\u062a\u062e\u062f\u0645<\/h4>\n<p>Agiter avant emploi jusqu&rsquo;\u00e0 l&rsquo;obtention d&rsquo;une couleur homog\u00e8ne. Convient aux yeux sensibles et porteurs de lentilles.<\/p>\n<h4>\u0645\u0643\u0648\u0646\u0627\u062a<\/h4>\n<p>AQUA \/ WATER &#8211; CYCLOPENTASILOXANE &#8211; ISOHEXADECANE &#8211; ISOPROPYL PALMITATE &#8211; SODIUM CHLORIDE &#8211; DIPOTASSIUM PHOSPHATE &#8211; POLOXAMER 184 &#8211; POTASSIUM PHOSPHATE &#8211; PANTHENOL &#8211; POLYAMINOPROPYL BIGUANIDE &#8211; CI 61565 \/ GREEN 6 (F.I.L. B4885\/3).<\/p>","protected":false},"excerpt":{"rendered":"<p>D\u00e9maquillant Express Yeux et L\u00e8vres Un d\u00e9maquillage rapide et facile, qui ne laisse aucun voile sur les yeux. Le d\u00e9maquillant<\/p>","protected":false},"featured_media":21106,"comment_status":"open","ping_status":"closed","template":"","meta":[],"pwb-brand":[588],"product_brand":[],"product_cat":[267,1042,1101,1114,1032,1029],"product_tag":[],"class_list":{"0":"post-21105","1":"product","2":"type-product","3":"status-publish","4":"has-post-thumbnail","6":"pwb-brand-loreal-paris","7":"product_cat-beaute-et-soins","8":"product_cat-nettoyants-et-exfoliants-pour-le-visage","9":"product_cat-nettoyants-pour-le-visage","10":"product_cat-nettoyants-pour-les-yeuxs-et-levres","11":"product_cat-soins-du-visage","12":"product_cat-soins-pour-la-peau","14":"first","15":"instock","16":"shipping-taxable","17":"purchasable","18":"product-type-simple"},"yoast_head":"<!-- This site is optimized with the Yoast SEO plugin v27.1.1 - https:\/\/yoast.com\/product\/yoast-seo-wordpress\/ -->\n<title>L&#039;Or\u00e9al Paris - D\u00e9maquillant Express Yeux et L\u00e8vres resistant \u00e0 l&#039;eau - 125 ml - NIRIGS<\/title>\n<meta name=\"robots\" content=\"index, follow, max-snippet:-1, max-image-preview:large, max-video-preview:-1\" \/>\n<link rel=\"canonical\" href=\"https:\/\/nirigs.com\/ar\/product\/loreal-paris-demaquillant-express-yeux-et-levres-resistant-a-leau-125-ml\/\" \/>\n<meta property=\"og:locale\" content=\"ar_AR\" \/>\n<meta property=\"og:type\" content=\"article\" \/>\n<meta property=\"og:title\" content=\"L&#039;Or\u00e9al Paris - D\u00e9maquillant Express Yeux et L\u00e8vres resistant \u00e0 l&#039;eau - 125 ml - NIRIGS\" \/>\n<meta property=\"og:description\" content=\"D\u00e9maquillant Express Yeux et L\u00e8vres Un d\u00e9maquillage rapide et facile, qui ne laisse aucun voile sur les yeux. Le d\u00e9maquillant\" \/>\n<meta property=\"og:url\" content=\"https:\/\/nirigs.com\/ar\/product\/loreal-paris-demaquillant-express-yeux-et-levres-resistant-a-leau-125-ml\/\" \/>\n<meta property=\"og:site_name\" content=\"NIRIGS\" \/>\n<meta property=\"article:modified_time\" content=\"2025-03-13T14:47:46+00:00\" \/>\n<meta property=\"og:image\" content=\"https:\/\/nirigs.com\/wp-content\/uploads\/2024\/09\/LOREAL-PARIS-Demaquillant-Express-Yeux-Levres-Waterproof-125ML.jpg\" \/>\n\t<meta property=\"og:image:width\" content=\"1000\" \/>\n\t<meta property=\"og:image:height\" content=\"1000\" \/>\n\t<meta property=\"og:image:type\" content=\"image\/jpeg\" \/>\n<meta name=\"twitter:card\" content=\"summary_large_image\" \/>\n<meta name=\"twitter:label1\" content=\"\u0648\u0642\u062a \u0627\u0644\u0642\u0631\u0627\u0621\u0629 \u0627\u0644\u0645\u064f\u0642\u062f\u0651\u0631\" \/>\n\t<meta name=\"twitter:data1\" content=\"\u062f\u0642\u064a\u0642\u0629 \u0648\u0627\u062d\u062f\u0629\" \/>\n<script type=\"application\/ld+json\" class=\"yoast-schema-graph\">{\"@context\":\"https:\/\/schema.org\",\"@graph\":[{\"@type\":\"WebPage\",\"@id\":\"https:\/\/nirigs.com\/product\/loreal-paris-demaquillant-express-yeux-et-levres-resistant-a-leau-125-ml\/\",\"url\":\"https:\/\/nirigs.com\/product\/loreal-paris-demaquillant-express-yeux-et-levres-resistant-a-leau-125-ml\/\",\"name\":\"L'Or\u00e9al Paris - D\u00e9maquillant Express Yeux et L\u00e8vres resistant \u00e0 l'eau - 125 ml - NIRIGS\",\"isPartOf\":{\"@id\":\"https:\/\/nirigs.com\/#website\"},\"primaryImageOfPage\":{\"@id\":\"https:\/\/nirigs.com\/product\/loreal-paris-demaquillant-express-yeux-et-levres-resistant-a-leau-125-ml\/#primaryimage\"},\"image\":{\"@id\":\"https:\/\/nirigs.com\/product\/loreal-paris-demaquillant-express-yeux-et-levres-resistant-a-leau-125-ml\/#primaryimage\"},\"thumbnailUrl\":\"https:\/\/nirigs.com\/wp-content\/uploads\/2024\/09\/LOREAL-PARIS-Demaquillant-Express-Yeux-Levres-Waterproof-125ML.jpg\",\"datePublished\":\"2024-10-02T15:12:36+00:00\",\"dateModified\":\"2025-03-13T14:47:46+00:00\",\"breadcrumb\":{\"@id\":\"https:\/\/nirigs.com\/product\/loreal-paris-demaquillant-express-yeux-et-levres-resistant-a-leau-125-ml\/#breadcrumb\"},\"inLanguage\":\"ar\",\"potentialAction\":[{\"@type\":\"ReadAction\",\"target\":[\"https:\/\/nirigs.com\/product\/loreal-paris-demaquillant-express-yeux-et-levres-resistant-a-leau-125-ml\/\"]}]},{\"@type\":\"ImageObject\",\"inLanguage\":\"ar\",\"@id\":\"https:\/\/nirigs.com\/product\/loreal-paris-demaquillant-express-yeux-et-levres-resistant-a-leau-125-ml\/#primaryimage\",\"url\":\"https:\/\/nirigs.com\/wp-content\/uploads\/2024\/09\/LOREAL-PARIS-Demaquillant-Express-Yeux-Levres-Waterproof-125ML.jpg\",\"contentUrl\":\"https:\/\/nirigs.com\/wp-content\/uploads\/2024\/09\/LOREAL-PARIS-Demaquillant-Express-Yeux-Levres-Waterproof-125ML.jpg\",\"width\":1000,\"height\":1000},{\"@type\":\"BreadcrumbList\",\"@id\":\"https:\/\/nirigs.com\/product\/loreal-paris-demaquillant-express-yeux-et-levres-resistant-a-leau-125-ml\/#breadcrumb\",\"itemListElement\":[{\"@type\":\"ListItem\",\"position\":1,\"name\":\"Home\",\"item\":\"https:\/\/nirigs.com\/\"},{\"@type\":\"ListItem\",\"position\":2,\"name\":\"Parcourir\",\"item\":\"https:\/\/nirigs.com\/boutique\/\"},{\"@type\":\"ListItem\",\"position\":3,\"name\":\"L&rsquo;Or\u00e9al Paris &#8211; D\u00e9maquillant Express Yeux et L\u00e8vres resistant \u00e0 l&rsquo;eau &#8211; 125 ml\"}]},{\"@type\":\"WebSite\",\"@id\":\"https:\/\/nirigs.com\/#website\",\"url\":\"https:\/\/nirigs.com\/\",\"name\":\"Nirigs.com\",\"description\":\"Simplifiez vos achats du quotidien \u00e0 Djibouti\",\"publisher\":{\"@id\":\"https:\/\/nirigs.com\/#organization\"},\"potentialAction\":[{\"@type\":\"SearchAction\",\"target\":{\"@type\":\"EntryPoint\",\"urlTemplate\":\"https:\/\/nirigs.com\/?s={search_term_string}\"},\"query-input\":{\"@type\":\"PropertyValueSpecification\",\"valueRequired\":true,\"valueName\":\"search_term_string\"}}],\"inLanguage\":\"ar\"},{\"@type\":\"Organization\",\"@id\":\"https:\/\/nirigs.com\/#organization\",\"name\":\"Nirigs\",\"url\":\"https:\/\/nirigs.com\/\",\"logo\":{\"@type\":\"ImageObject\",\"inLanguage\":\"ar\",\"@id\":\"https:\/\/nirigs.com\/#\/schema\/logo\/image\/\",\"url\":\"https:\/\/nirigs.com\/wp-content\/uploads\/2025\/04\/Design-sans-titre-27.png\",\"contentUrl\":\"https:\/\/nirigs.com\/wp-content\/uploads\/2025\/04\/Design-sans-titre-27.png\",\"width\":500,\"height\":500,\"caption\":\"Nirigs\"},\"image\":{\"@id\":\"https:\/\/nirigs.com\/#\/schema\/logo\/image\/\"}}]}<\/script>\n<!-- \/ Yoast SEO plugin. -->","yoast_head_json":{"title":"L'Or\u00e9al Paris - D\u00e9maquillant Express Yeux et L\u00e8vres resistant \u00e0 l'eau - 125 ml - NIRIGS","robots":{"index":"index","follow":"follow","max-snippet":"max-snippet:-1","max-image-preview":"max-image-preview:large","max-video-preview":"max-video-preview:-1"},"canonical":"https:\/\/nirigs.com\/ar\/product\/loreal-paris-demaquillant-express-yeux-et-levres-resistant-a-leau-125-ml\/","og_locale":"ar_AR","og_type":"article","og_title":"L'Or\u00e9al Paris - D\u00e9maquillant Express Yeux et L\u00e8vres resistant \u00e0 l'eau - 125 ml - NIRIGS","og_description":"D\u00e9maquillant Express Yeux et L\u00e8vres Un d\u00e9maquillage rapide et facile, qui ne laisse aucun voile sur les yeux. Le d\u00e9maquillant","og_url":"https:\/\/nirigs.com\/ar\/product\/loreal-paris-demaquillant-express-yeux-et-levres-resistant-a-leau-125-ml\/","og_site_name":"NIRIGS","article_modified_time":"2025-03-13T14:47:46+00:00","og_image":[{"width":1000,"height":1000,"url":"https:\/\/nirigs.com\/wp-content\/uploads\/2024\/09\/LOREAL-PARIS-Demaquillant-Express-Yeux-Levres-Waterproof-125ML.jpg","type":"image\/jpeg"}],"twitter_card":"summary_large_image","twitter_misc":{"\u0648\u0642\u062a \u0627\u0644\u0642\u0631\u0627\u0621\u0629 \u0627\u0644\u0645\u064f\u0642\u062f\u0651\u0631":"\u062f\u0642\u064a\u0642\u0629 \u0648\u0627\u062d\u062f\u0629"},"schema":{"@context":"https:\/\/schema.org","@graph":[{"@type":"WebPage","@id":"https:\/\/nirigs.com\/product\/loreal-paris-demaquillant-express-yeux-et-levres-resistant-a-leau-125-ml\/","url":"https:\/\/nirigs.com\/product\/loreal-paris-demaquillant-express-yeux-et-levres-resistant-a-leau-125-ml\/","name":"L'Or\u00e9al Paris - D\u00e9maquillant Express Yeux et L\u00e8vres resistant \u00e0 l'eau - 125 ml - NIRIGS","isPartOf":{"@id":"https:\/\/nirigs.com\/#website"},"primaryImageOfPage":{"@id":"https:\/\/nirigs.com\/product\/loreal-paris-demaquillant-express-yeux-et-levres-resistant-a-leau-125-ml\/#primaryimage"},"image":{"@id":"https:\/\/nirigs.com\/product\/loreal-paris-demaquillant-express-yeux-et-levres-resistant-a-leau-125-ml\/#primaryimage"},"thumbnailUrl":"https:\/\/nirigs.com\/wp-content\/uploads\/2024\/09\/LOREAL-PARIS-Demaquillant-Express-Yeux-Levres-Waterproof-125ML.jpg","datePublished":"2024-10-02T15:12:36+00:00","dateModified":"2025-03-13T14:47:46+00:00","breadcrumb":{"@id":"https:\/\/nirigs.com\/product\/loreal-paris-demaquillant-express-yeux-et-levres-resistant-a-leau-125-ml\/#breadcrumb"},"inLanguage":"ar","potentialAction":[{"@type":"ReadAction","target":["https:\/\/nirigs.com\/product\/loreal-paris-demaquillant-express-yeux-et-levres-resistant-a-leau-125-ml\/"]}]},{"@type":"ImageObject","inLanguage":"ar","@id":"https:\/\/nirigs.com\/product\/loreal-paris-demaquillant-express-yeux-et-levres-resistant-a-leau-125-ml\/#primaryimage","url":"https:\/\/nirigs.com\/wp-content\/uploads\/2024\/09\/LOREAL-PARIS-Demaquillant-Express-Yeux-Levres-Waterproof-125ML.jpg","contentUrl":"https:\/\/nirigs.com\/wp-content\/uploads\/2024\/09\/LOREAL-PARIS-Demaquillant-Express-Yeux-Levres-Waterproof-125ML.jpg","width":1000,"height":1000},{"@type":"BreadcrumbList","@id":"https:\/\/nirigs.com\/product\/loreal-paris-demaquillant-express-yeux-et-levres-resistant-a-leau-125-ml\/#breadcrumb","itemListElement":[{"@type":"ListItem","position":1,"name":"Home","item":"https:\/\/nirigs.com\/"},{"@type":"ListItem","position":2,"name":"Parcourir","item":"https:\/\/nirigs.com\/boutique\/"},{"@type":"ListItem","position":3,"name":"L&rsquo;Or\u00e9al Paris &#8211; D\u00e9maquillant Express Yeux et L\u00e8vres resistant \u00e0 l&rsquo;eau &#8211; 125 ml"}]},{"@type":"WebSite","@id":"https:\/\/nirigs.com\/#website","url":"https:\/\/nirigs.com\/","name":"Nirigs.com","description":"Simplifiez vos achats du quotidien \u00e0 Djibouti","publisher":{"@id":"https:\/\/nirigs.com\/#organization"},"potentialAction":[{"@type":"SearchAction","target":{"@type":"EntryPoint","urlTemplate":"https:\/\/nirigs.com\/?s={search_term_string}"},"query-input":{"@type":"PropertyValueSpecification","valueRequired":true,"valueName":"search_term_string"}}],"inLanguage":"ar"},{"@type":"Organization","@id":"https:\/\/nirigs.com\/#organization","name":"\u0646\u064a\u0631\u064a\u062c\u0633","url":"https:\/\/nirigs.com\/","logo":{"@type":"ImageObject","inLanguage":"ar","@id":"https:\/\/nirigs.com\/#\/schema\/logo\/image\/","url":"https:\/\/nirigs.com\/wp-content\/uploads\/2025\/04\/Design-sans-titre-27.png","contentUrl":"https:\/\/nirigs.com\/wp-content\/uploads\/2025\/04\/Design-sans-titre-27.png","width":500,"height":500,"caption":"Nirigs"},"image":{"@id":"https:\/\/nirigs.com\/#\/schema\/logo\/image\/"}}]}},"brands":[{"id":588,"name":"L'Or\u00e9al Paris","slug":"loreal-paris"}],"_links":{"self":[{"href":"https:\/\/nirigs.com\/ar\/wp-json\/wp\/v2\/product\/21105","targetHints":{"allow":["GET"]}}],"collection":[{"href":"https:\/\/nirigs.com\/ar\/wp-json\/wp\/v2\/product"}],"about":[{"href":"https:\/\/nirigs.com\/ar\/wp-json\/wp\/v2\/types\/product"}],"replies":[{"embeddable":true,"href":"https:\/\/nirigs.com\/ar\/wp-json\/wp\/v2\/comments?post=21105"}],"version-history":[{"count":13,"href":"https:\/\/nirigs.com\/ar\/wp-json\/wp\/v2\/product\/21105\/revisions"}],"predecessor-version":[{"id":24855,"href":"https:\/\/nirigs.com\/ar\/wp-json\/wp\/v2\/product\/21105\/revisions\/24855"}],"wp:featuredmedia":[{"embeddable":true,"href":"https:\/\/nirigs.com\/ar\/wp-json\/wp\/v2\/media\/21106"}],"wp:attachment":[{"href":"https:\/\/nirigs.com\/ar\/wp-json\/wp\/v2\/media?parent=21105"}],"wp:term":[{"taxonomy":"pwb-brand","embeddable":true,"href":"https:\/\/nirigs.com\/ar\/wp-json\/wp\/v2\/pwb-brand?post=21105"},{"taxonomy":"product_brand","embeddable":true,"href":"https:\/\/nirigs.com\/ar\/wp-json\/wp\/v2\/product_brand?post=21105"},{"taxonomy":"product_cat","embeddable":true,"href":"https:\/\/nirigs.com\/ar\/wp-json\/wp\/v2\/product_cat?post=21105"},{"taxonomy":"product_tag","embeddable":true,"href":"https:\/\/nirigs.com\/ar\/wp-json\/wp\/v2\/product_tag?post=21105"}],"curies":[{"name":"wp","href":"https:\/\/api.w.org\/{rel}","templated":true}]}}