{"id":21102,"date":"2024-10-02T17:45:39","date_gmt":"2024-10-02T14:45:39","guid":{"rendered":"https:\/\/nirigs.com\/?post_type=product&#038;p=21102"},"modified":"2025-04-22T11:37:58","modified_gmt":"2025-04-22T08:37:58","slug":"garnier-eau-micellaire-vitamine-c-eclat-400-ml","status":"publish","type":"product","link":"https:\/\/nirigs.com\/ar\/product\/garnier-eau-micellaire-vitamine-c-eclat-400-ml\/","title":{"rendered":"GARNIER &#8211; Eau Micellaire Vitamine C Eclat &#8211; 400 ml"},"content":{"rendered":"<p>La solution id\u00e9ale pour nettoyer, d\u00e9maquiller en douceur votre peau, \u00e9liminer les impuret\u00e9s et la pollution, tout en illuminant votre teint. Une peau parfaitement nettoy\u00e9e et un teint illumin\u00e9. D\u00e9couvrez la Solution Micellaire Tout en 1, enrichie en Vitamine Cg, pour les peaux ternes, en manque d&rsquo;\u00e9clat.<\/p>\n<p>Test\u00e9e dermatologiquement et ophtalmologiquement, elle nettoie, d\u00e9maquille et illumine le teint en un seul geste. Sans rin\u00e7age. Pour le visage, les yeux et les l\u00e8vres. Les Micelles agissent sur la peau comme des aimants pour nettoyer efficacement la peau tout en douceur. La Vitamine C est un ingr\u00e9dient puissant, connu pour ses propri\u00e9t\u00e9s qui boostent l&rsquo;\u00e9clat et illumine le teint. Gr\u00e2ce \u00e0 sa tol\u00e9rance optimale cette formule hypoallerg\u00e9nique convient \u00e0 tous les types de peaux.<\/p>\n<h4>\u064a\u0633\u062a\u062e\u062f\u0645<\/h4>\n<p>De pr\u00e9f\u00e9rence avec un coton r\u00e9utilisable, appliquez sur le visage, les yeux et les l\u00e8vres.<\/p>\n<h4>\u0645\u0643\u0648\u0646\u0627\u062a<\/h4>\n<p>AQUA \/ WATER &#8211; HEXYLENE GLYCOL &#8211; GLYCERIN &#8211; POLOXAMER 184 &#8211; PEG-40 HYDROGENATED CASTOR OIL &#8211; ASCORBYL GLUCOSIDE &#8211; DISODIUM COCOAMPHODIACETATE &#8211; DISODIUM EDTA &#8211; MYRTRIMONIUM BROMIDE &#8211; PARFUM \/ FRAGRANCE (F.I.L. Z70025053\/1).<\/p>","protected":false},"excerpt":{"rendered":"<p><br data-mce-bogus=\"1\"><\/p>","protected":false},"featured_media":21103,"comment_status":"open","ping_status":"closed","template":"","meta":[],"pwb-brand":[1091],"product_brand":[],"product_cat":[267,1042,1101,1032,1029],"product_tag":[],"class_list":{"0":"post-21102","1":"product","2":"type-product","3":"status-publish","4":"has-post-thumbnail","6":"pwb-brand-garnier","7":"product_cat-beaute-et-soins","8":"product_cat-nettoyants-et-exfoliants-pour-le-visage","9":"product_cat-nettoyants-pour-le-visage","10":"product_cat-soins-du-visage","11":"product_cat-soins-pour-la-peau","13":"first","14":"instock","15":"shipping-taxable","16":"purchasable","17":"product-type-simple"},"yoast_head":"<!-- This site is optimized with the Yoast SEO plugin v27.1.1 - https:\/\/yoast.com\/product\/yoast-seo-wordpress\/ -->\n<title>GARNIER - Eau Micellaire Vitamine C Eclat - 400 ml - NIRIGS<\/title>\n<meta name=\"robots\" content=\"index, follow, max-snippet:-1, max-image-preview:large, max-video-preview:-1\" \/>\n<link rel=\"canonical\" href=\"https:\/\/nirigs.com\/ar\/product\/garnier-eau-micellaire-vitamine-c-eclat-400-ml\/\" \/>\n<meta property=\"og:locale\" content=\"ar_AR\" \/>\n<meta property=\"og:type\" content=\"article\" \/>\n<meta property=\"og:title\" content=\"GARNIER - Eau Micellaire Vitamine C Eclat - 400 ml - NIRIGS\" \/>\n<meta property=\"og:url\" content=\"https:\/\/nirigs.com\/ar\/product\/garnier-eau-micellaire-vitamine-c-eclat-400-ml\/\" \/>\n<meta property=\"og:site_name\" content=\"NIRIGS\" \/>\n<meta property=\"article:modified_time\" content=\"2025-04-22T08:37:58+00:00\" \/>\n<meta property=\"og:image\" content=\"https:\/\/nirigs.com\/wp-content\/uploads\/2024\/09\/GARNIER-Eau-Micellaire-Vitamine-C-Eclat-400ML.jpg\" \/>\n\t<meta property=\"og:image:width\" content=\"1000\" \/>\n\t<meta property=\"og:image:height\" content=\"1000\" \/>\n\t<meta property=\"og:image:type\" content=\"image\/jpeg\" \/>\n<meta name=\"twitter:card\" content=\"summary_large_image\" \/>\n<meta name=\"twitter:label1\" content=\"\u0648\u0642\u062a \u0627\u0644\u0642\u0631\u0627\u0621\u0629 \u0627\u0644\u0645\u064f\u0642\u062f\u0651\u0631\" \/>\n\t<meta name=\"twitter:data1\" content=\"\u062f\u0642\u064a\u0642\u0629 \u0648\u0627\u062d\u062f\u0629\" \/>\n<script type=\"application\/ld+json\" class=\"yoast-schema-graph\">{\"@context\":\"https:\/\/schema.org\",\"@graph\":[{\"@type\":\"WebPage\",\"@id\":\"https:\/\/nirigs.com\/product\/garnier-eau-micellaire-vitamine-c-eclat-400-ml\/\",\"url\":\"https:\/\/nirigs.com\/product\/garnier-eau-micellaire-vitamine-c-eclat-400-ml\/\",\"name\":\"GARNIER - Eau Micellaire Vitamine C Eclat - 400 ml - NIRIGS\",\"isPartOf\":{\"@id\":\"https:\/\/nirigs.com\/#website\"},\"primaryImageOfPage\":{\"@id\":\"https:\/\/nirigs.com\/product\/garnier-eau-micellaire-vitamine-c-eclat-400-ml\/#primaryimage\"},\"image\":{\"@id\":\"https:\/\/nirigs.com\/product\/garnier-eau-micellaire-vitamine-c-eclat-400-ml\/#primaryimage\"},\"thumbnailUrl\":\"https:\/\/nirigs.com\/wp-content\/uploads\/2024\/09\/GARNIER-Eau-Micellaire-Vitamine-C-Eclat-400ML.jpg\",\"datePublished\":\"2024-10-02T14:45:39+00:00\",\"dateModified\":\"2025-04-22T08:37:58+00:00\",\"breadcrumb\":{\"@id\":\"https:\/\/nirigs.com\/product\/garnier-eau-micellaire-vitamine-c-eclat-400-ml\/#breadcrumb\"},\"inLanguage\":\"ar\",\"potentialAction\":[{\"@type\":\"ReadAction\",\"target\":[\"https:\/\/nirigs.com\/product\/garnier-eau-micellaire-vitamine-c-eclat-400-ml\/\"]}]},{\"@type\":\"ImageObject\",\"inLanguage\":\"ar\",\"@id\":\"https:\/\/nirigs.com\/product\/garnier-eau-micellaire-vitamine-c-eclat-400-ml\/#primaryimage\",\"url\":\"https:\/\/nirigs.com\/wp-content\/uploads\/2024\/09\/GARNIER-Eau-Micellaire-Vitamine-C-Eclat-400ML.jpg\",\"contentUrl\":\"https:\/\/nirigs.com\/wp-content\/uploads\/2024\/09\/GARNIER-Eau-Micellaire-Vitamine-C-Eclat-400ML.jpg\",\"width\":1000,\"height\":1000},{\"@type\":\"BreadcrumbList\",\"@id\":\"https:\/\/nirigs.com\/product\/garnier-eau-micellaire-vitamine-c-eclat-400-ml\/#breadcrumb\",\"itemListElement\":[{\"@type\":\"ListItem\",\"position\":1,\"name\":\"Home\",\"item\":\"https:\/\/nirigs.com\/\"},{\"@type\":\"ListItem\",\"position\":2,\"name\":\"Parcourir\",\"item\":\"https:\/\/nirigs.com\/boutique\/\"},{\"@type\":\"ListItem\",\"position\":3,\"name\":\"GARNIER &#8211; Eau Micellaire Vitamine C Eclat &#8211; 400 ml\"}]},{\"@type\":\"WebSite\",\"@id\":\"https:\/\/nirigs.com\/#website\",\"url\":\"https:\/\/nirigs.com\/\",\"name\":\"Nirigs.com\",\"description\":\"Simplifiez vos achats du quotidien \u00e0 Djibouti\",\"publisher\":{\"@id\":\"https:\/\/nirigs.com\/#organization\"},\"potentialAction\":[{\"@type\":\"SearchAction\",\"target\":{\"@type\":\"EntryPoint\",\"urlTemplate\":\"https:\/\/nirigs.com\/?s={search_term_string}\"},\"query-input\":{\"@type\":\"PropertyValueSpecification\",\"valueRequired\":true,\"valueName\":\"search_term_string\"}}],\"inLanguage\":\"ar\"},{\"@type\":\"Organization\",\"@id\":\"https:\/\/nirigs.com\/#organization\",\"name\":\"Nirigs\",\"url\":\"https:\/\/nirigs.com\/\",\"logo\":{\"@type\":\"ImageObject\",\"inLanguage\":\"ar\",\"@id\":\"https:\/\/nirigs.com\/#\/schema\/logo\/image\/\",\"url\":\"https:\/\/nirigs.com\/wp-content\/uploads\/2025\/04\/Design-sans-titre-27.png\",\"contentUrl\":\"https:\/\/nirigs.com\/wp-content\/uploads\/2025\/04\/Design-sans-titre-27.png\",\"width\":500,\"height\":500,\"caption\":\"Nirigs\"},\"image\":{\"@id\":\"https:\/\/nirigs.com\/#\/schema\/logo\/image\/\"}}]}<\/script>\n<!-- \/ Yoast SEO plugin. -->","yoast_head_json":{"title":"GARNIER - Eau Micellaire Vitamine C Eclat - 400 ml - NIRIGS","robots":{"index":"index","follow":"follow","max-snippet":"max-snippet:-1","max-image-preview":"max-image-preview:large","max-video-preview":"max-video-preview:-1"},"canonical":"https:\/\/nirigs.com\/ar\/product\/garnier-eau-micellaire-vitamine-c-eclat-400-ml\/","og_locale":"ar_AR","og_type":"article","og_title":"GARNIER - Eau Micellaire Vitamine C Eclat - 400 ml - NIRIGS","og_url":"https:\/\/nirigs.com\/ar\/product\/garnier-eau-micellaire-vitamine-c-eclat-400-ml\/","og_site_name":"NIRIGS","article_modified_time":"2025-04-22T08:37:58+00:00","og_image":[{"width":1000,"height":1000,"url":"https:\/\/nirigs.com\/wp-content\/uploads\/2024\/09\/GARNIER-Eau-Micellaire-Vitamine-C-Eclat-400ML.jpg","type":"image\/jpeg"}],"twitter_card":"summary_large_image","twitter_misc":{"\u0648\u0642\u062a \u0627\u0644\u0642\u0631\u0627\u0621\u0629 \u0627\u0644\u0645\u064f\u0642\u062f\u0651\u0631":"\u062f\u0642\u064a\u0642\u0629 \u0648\u0627\u062d\u062f\u0629"},"schema":{"@context":"https:\/\/schema.org","@graph":[{"@type":"WebPage","@id":"https:\/\/nirigs.com\/product\/garnier-eau-micellaire-vitamine-c-eclat-400-ml\/","url":"https:\/\/nirigs.com\/product\/garnier-eau-micellaire-vitamine-c-eclat-400-ml\/","name":"GARNIER - Eau Micellaire Vitamine C Eclat - 400 ml - NIRIGS","isPartOf":{"@id":"https:\/\/nirigs.com\/#website"},"primaryImageOfPage":{"@id":"https:\/\/nirigs.com\/product\/garnier-eau-micellaire-vitamine-c-eclat-400-ml\/#primaryimage"},"image":{"@id":"https:\/\/nirigs.com\/product\/garnier-eau-micellaire-vitamine-c-eclat-400-ml\/#primaryimage"},"thumbnailUrl":"https:\/\/nirigs.com\/wp-content\/uploads\/2024\/09\/GARNIER-Eau-Micellaire-Vitamine-C-Eclat-400ML.jpg","datePublished":"2024-10-02T14:45:39+00:00","dateModified":"2025-04-22T08:37:58+00:00","breadcrumb":{"@id":"https:\/\/nirigs.com\/product\/garnier-eau-micellaire-vitamine-c-eclat-400-ml\/#breadcrumb"},"inLanguage":"ar","potentialAction":[{"@type":"ReadAction","target":["https:\/\/nirigs.com\/product\/garnier-eau-micellaire-vitamine-c-eclat-400-ml\/"]}]},{"@type":"ImageObject","inLanguage":"ar","@id":"https:\/\/nirigs.com\/product\/garnier-eau-micellaire-vitamine-c-eclat-400-ml\/#primaryimage","url":"https:\/\/nirigs.com\/wp-content\/uploads\/2024\/09\/GARNIER-Eau-Micellaire-Vitamine-C-Eclat-400ML.jpg","contentUrl":"https:\/\/nirigs.com\/wp-content\/uploads\/2024\/09\/GARNIER-Eau-Micellaire-Vitamine-C-Eclat-400ML.jpg","width":1000,"height":1000},{"@type":"BreadcrumbList","@id":"https:\/\/nirigs.com\/product\/garnier-eau-micellaire-vitamine-c-eclat-400-ml\/#breadcrumb","itemListElement":[{"@type":"ListItem","position":1,"name":"Home","item":"https:\/\/nirigs.com\/"},{"@type":"ListItem","position":2,"name":"Parcourir","item":"https:\/\/nirigs.com\/boutique\/"},{"@type":"ListItem","position":3,"name":"GARNIER &#8211; Eau Micellaire Vitamine C Eclat &#8211; 400 ml"}]},{"@type":"WebSite","@id":"https:\/\/nirigs.com\/#website","url":"https:\/\/nirigs.com\/","name":"Nirigs.com","description":"Simplifiez vos achats du quotidien \u00e0 Djibouti","publisher":{"@id":"https:\/\/nirigs.com\/#organization"},"potentialAction":[{"@type":"SearchAction","target":{"@type":"EntryPoint","urlTemplate":"https:\/\/nirigs.com\/?s={search_term_string}"},"query-input":{"@type":"PropertyValueSpecification","valueRequired":true,"valueName":"search_term_string"}}],"inLanguage":"ar"},{"@type":"Organization","@id":"https:\/\/nirigs.com\/#organization","name":"\u0646\u064a\u0631\u064a\u062c\u0633","url":"https:\/\/nirigs.com\/","logo":{"@type":"ImageObject","inLanguage":"ar","@id":"https:\/\/nirigs.com\/#\/schema\/logo\/image\/","url":"https:\/\/nirigs.com\/wp-content\/uploads\/2025\/04\/Design-sans-titre-27.png","contentUrl":"https:\/\/nirigs.com\/wp-content\/uploads\/2025\/04\/Design-sans-titre-27.png","width":500,"height":500,"caption":"Nirigs"},"image":{"@id":"https:\/\/nirigs.com\/#\/schema\/logo\/image\/"}}]}},"brands":[{"id":1091,"name":"Garnier","slug":"garnier"}],"_links":{"self":[{"href":"https:\/\/nirigs.com\/ar\/wp-json\/wp\/v2\/product\/21102","targetHints":{"allow":["GET"]}}],"collection":[{"href":"https:\/\/nirigs.com\/ar\/wp-json\/wp\/v2\/product"}],"about":[{"href":"https:\/\/nirigs.com\/ar\/wp-json\/wp\/v2\/types\/product"}],"replies":[{"embeddable":true,"href":"https:\/\/nirigs.com\/ar\/wp-json\/wp\/v2\/comments?post=21102"}],"version-history":[{"count":12,"href":"https:\/\/nirigs.com\/ar\/wp-json\/wp\/v2\/product\/21102\/revisions"}],"predecessor-version":[{"id":26984,"href":"https:\/\/nirigs.com\/ar\/wp-json\/wp\/v2\/product\/21102\/revisions\/26984"}],"wp:featuredmedia":[{"embeddable":true,"href":"https:\/\/nirigs.com\/ar\/wp-json\/wp\/v2\/media\/21103"}],"wp:attachment":[{"href":"https:\/\/nirigs.com\/ar\/wp-json\/wp\/v2\/media?parent=21102"}],"wp:term":[{"taxonomy":"pwb-brand","embeddable":true,"href":"https:\/\/nirigs.com\/ar\/wp-json\/wp\/v2\/pwb-brand?post=21102"},{"taxonomy":"product_brand","embeddable":true,"href":"https:\/\/nirigs.com\/ar\/wp-json\/wp\/v2\/product_brand?post=21102"},{"taxonomy":"product_cat","embeddable":true,"href":"https:\/\/nirigs.com\/ar\/wp-json\/wp\/v2\/product_cat?post=21102"},{"taxonomy":"product_tag","embeddable":true,"href":"https:\/\/nirigs.com\/ar\/wp-json\/wp\/v2\/product_tag?post=21102"}],"curies":[{"name":"wp","href":"https:\/\/api.w.org\/{rel}","templated":true}]}}