{"id":21096,"date":"2024-10-02T17:39:21","date_gmt":"2024-10-02T14:39:21","guid":{"rendered":"https:\/\/nirigs.com\/?post_type=product&#038;p=21096"},"modified":"2025-04-22T11:43:52","modified_gmt":"2025-04-22T08:43:52","slug":"garnier-soin-visage-a-lacide-hyaluronique-et-aloe-vera-skinactive-250-ml","status":"publish","type":"product","link":"https:\/\/nirigs.com\/ar\/product\/garnier-soin-visage-a-lacide-hyaluronique-et-aloe-vera-skinactive-250-ml\/","title":{"rendered":"GARNIER &#8211; Soin Visage \u00e0 L&rsquo;acide Hyaluronique et Aloe Vera SkinActive &#8211; 250 ml"},"content":{"rendered":"<p>Notre premier gel nettoyant apaisant \u00e0 l&rsquo;acide hyaluronique &amp; aloe vera qui nettoie et douceur et hydrate votre peau Votre peau est nettoy\u00e9e, hydrat\u00e9e, apais\u00e9e et votre grain de peau affin\u00e9e.<\/p>\n<p>Le gel nettoyant apaisant Garnier nettoie en profondeur et hydrate, pour une peau apais\u00e9e et un grain de peau affin\u00e9. Sa formule sans sulfate au PH neutre pour la peau est respectueuse du microbiome.<\/p>\n<p>Il \u00e9limine efficacement et en douceur le maquillage et les impuret\u00e9s tout en pr\u00e9servant l&rsquo;hydratation de la barri\u00e8re cutan\u00e9e. Enrichie en glyc\u00e9rine, en acide hyaluronique et en Aloe Vera, le gel laisse la peau hydrat\u00e9e, nettoy\u00e9e, apais\u00e9e et repulp\u00e9e.<\/p>\n<h4>\u064a\u0633\u062a\u062e\u062f\u0645<\/h4>\n<ul>\n<li>Appliquez deux fois par jour sur une peau humidifi\u00e9e \u00e0 l\u2019eau ti\u00e8de.<\/li>\n<li>Massez d\u00e9licatement sur la peau<\/li>\n<li>Rincez.<\/li>\n<\/ul>\n<p>* Attention : en cas de contact avec les yeux, rincez les imm\u00e9diatement.<\/p>\n<h4>\u0645\u0643\u0648\u0646\u0627\u062a<\/h4>\n<p>AQUA \/ WATER &#8211; GLYCERIN &#8211; COCAMIDOPROPYL BETAINE &#8211; SODIUM C14-16 OLEFIN SULFONATE &#8211; ALOE BARBADENSIS LEAF JUICE POWDER &#8211; GLYCOL DISTEARATE &#8211; TRIETHYL CITRATE &#8211; PEG-55 PROPYLENE GLYCOL OLEATE &#8211; SODIUM CHLORIDE &#8211; SODIUM HYALURONATE &#8211; SODIUM HYDROXIDE &#8211; COCO-BETAINE &#8211; PROPYLENE GLYCOL &#8211; CITRIC ACID &#8211; ACRYLATES COPOLYMER &#8211; SODIUM BENZOATE &#8211; BENZOIC ACID &#8211; PARFUM \/ FRAGRANCE (F.I.L. Z70034331\/2).<\/p>","protected":false},"excerpt":{"rendered":"<p><br data-mce-bogus=\"1\"><\/p>","protected":false},"featured_media":21097,"comment_status":"open","ping_status":"closed","template":"","meta":[],"pwb-brand":[1091],"product_brand":[],"product_cat":[267,1042,1101,1032,1029],"product_tag":[],"class_list":{"0":"post-21096","1":"product","2":"type-product","3":"status-publish","4":"has-post-thumbnail","6":"pwb-brand-garnier","7":"product_cat-beaute-et-soins","8":"product_cat-nettoyants-et-exfoliants-pour-le-visage","9":"product_cat-nettoyants-pour-le-visage","10":"product_cat-soins-du-visage","11":"product_cat-soins-pour-la-peau","13":"first","14":"instock","15":"shipping-taxable","16":"purchasable","17":"product-type-simple"},"yoast_head":"<!-- This site is optimized with the Yoast SEO plugin v27.1.1 - https:\/\/yoast.com\/product\/yoast-seo-wordpress\/ -->\n<title>GARNIER - Soin Visage \u00e0 L&#039;acide Hyaluronique et Aloe Vera SkinActive - 250 ml - NIRIGS<\/title>\n<meta name=\"robots\" content=\"index, follow, max-snippet:-1, max-image-preview:large, max-video-preview:-1\" \/>\n<link rel=\"canonical\" href=\"https:\/\/nirigs.com\/ar\/product\/garnier-soin-visage-a-lacide-hyaluronique-et-aloe-vera-skinactive-250-ml\/\" \/>\n<meta property=\"og:locale\" content=\"ar_AR\" \/>\n<meta property=\"og:type\" content=\"article\" \/>\n<meta property=\"og:title\" content=\"GARNIER - Soin Visage \u00e0 L&#039;acide Hyaluronique et Aloe Vera SkinActive - 250 ml - NIRIGS\" \/>\n<meta property=\"og:url\" content=\"https:\/\/nirigs.com\/ar\/product\/garnier-soin-visage-a-lacide-hyaluronique-et-aloe-vera-skinactive-250-ml\/\" \/>\n<meta property=\"og:site_name\" content=\"NIRIGS\" \/>\n<meta property=\"article:modified_time\" content=\"2025-04-22T08:43:52+00:00\" \/>\n<meta property=\"og:image\" content=\"https:\/\/nirigs.com\/wp-content\/uploads\/2024\/09\/GARNIER-Soin-Visage-a-Lacide-Hyaluronique-et-Aloe-Vera-SkinActive-250ML.jpg\" \/>\n\t<meta property=\"og:image:width\" content=\"1000\" \/>\n\t<meta property=\"og:image:height\" content=\"1000\" \/>\n\t<meta property=\"og:image:type\" content=\"image\/jpeg\" \/>\n<meta name=\"twitter:card\" content=\"summary_large_image\" \/>\n<meta name=\"twitter:label1\" content=\"\u0648\u0642\u062a \u0627\u0644\u0642\u0631\u0627\u0621\u0629 \u0627\u0644\u0645\u064f\u0642\u062f\u0651\u0631\" \/>\n\t<meta name=\"twitter:data1\" content=\"\u062f\u0642\u064a\u0642\u0629 \u0648\u0627\u062d\u062f\u0629\" \/>\n<script type=\"application\/ld+json\" class=\"yoast-schema-graph\">{\"@context\":\"https:\/\/schema.org\",\"@graph\":[{\"@type\":\"WebPage\",\"@id\":\"https:\/\/nirigs.com\/product\/garnier-soin-visage-a-lacide-hyaluronique-et-aloe-vera-skinactive-250-ml\/\",\"url\":\"https:\/\/nirigs.com\/product\/garnier-soin-visage-a-lacide-hyaluronique-et-aloe-vera-skinactive-250-ml\/\",\"name\":\"GARNIER - Soin Visage \u00e0 L'acide Hyaluronique et Aloe Vera SkinActive - 250 ml - NIRIGS\",\"isPartOf\":{\"@id\":\"https:\/\/nirigs.com\/#website\"},\"primaryImageOfPage\":{\"@id\":\"https:\/\/nirigs.com\/product\/garnier-soin-visage-a-lacide-hyaluronique-et-aloe-vera-skinactive-250-ml\/#primaryimage\"},\"image\":{\"@id\":\"https:\/\/nirigs.com\/product\/garnier-soin-visage-a-lacide-hyaluronique-et-aloe-vera-skinactive-250-ml\/#primaryimage\"},\"thumbnailUrl\":\"https:\/\/nirigs.com\/wp-content\/uploads\/2024\/09\/GARNIER-Soin-Visage-a-Lacide-Hyaluronique-et-Aloe-Vera-SkinActive-250ML.jpg\",\"datePublished\":\"2024-10-02T14:39:21+00:00\",\"dateModified\":\"2025-04-22T08:43:52+00:00\",\"breadcrumb\":{\"@id\":\"https:\/\/nirigs.com\/product\/garnier-soin-visage-a-lacide-hyaluronique-et-aloe-vera-skinactive-250-ml\/#breadcrumb\"},\"inLanguage\":\"ar\",\"potentialAction\":[{\"@type\":\"ReadAction\",\"target\":[\"https:\/\/nirigs.com\/product\/garnier-soin-visage-a-lacide-hyaluronique-et-aloe-vera-skinactive-250-ml\/\"]}]},{\"@type\":\"ImageObject\",\"inLanguage\":\"ar\",\"@id\":\"https:\/\/nirigs.com\/product\/garnier-soin-visage-a-lacide-hyaluronique-et-aloe-vera-skinactive-250-ml\/#primaryimage\",\"url\":\"https:\/\/nirigs.com\/wp-content\/uploads\/2024\/09\/GARNIER-Soin-Visage-a-Lacide-Hyaluronique-et-Aloe-Vera-SkinActive-250ML.jpg\",\"contentUrl\":\"https:\/\/nirigs.com\/wp-content\/uploads\/2024\/09\/GARNIER-Soin-Visage-a-Lacide-Hyaluronique-et-Aloe-Vera-SkinActive-250ML.jpg\",\"width\":1000,\"height\":1000},{\"@type\":\"BreadcrumbList\",\"@id\":\"https:\/\/nirigs.com\/product\/garnier-soin-visage-a-lacide-hyaluronique-et-aloe-vera-skinactive-250-ml\/#breadcrumb\",\"itemListElement\":[{\"@type\":\"ListItem\",\"position\":1,\"name\":\"Home\",\"item\":\"https:\/\/nirigs.com\/\"},{\"@type\":\"ListItem\",\"position\":2,\"name\":\"Parcourir\",\"item\":\"https:\/\/nirigs.com\/boutique\/\"},{\"@type\":\"ListItem\",\"position\":3,\"name\":\"GARNIER &#8211; Soin Visage \u00e0 L&rsquo;acide Hyaluronique et Aloe Vera SkinActive &#8211; 250 ml\"}]},{\"@type\":\"WebSite\",\"@id\":\"https:\/\/nirigs.com\/#website\",\"url\":\"https:\/\/nirigs.com\/\",\"name\":\"Nirigs.com\",\"description\":\"Simplifiez vos achats du quotidien \u00e0 Djibouti\",\"publisher\":{\"@id\":\"https:\/\/nirigs.com\/#organization\"},\"potentialAction\":[{\"@type\":\"SearchAction\",\"target\":{\"@type\":\"EntryPoint\",\"urlTemplate\":\"https:\/\/nirigs.com\/?s={search_term_string}\"},\"query-input\":{\"@type\":\"PropertyValueSpecification\",\"valueRequired\":true,\"valueName\":\"search_term_string\"}}],\"inLanguage\":\"ar\"},{\"@type\":\"Organization\",\"@id\":\"https:\/\/nirigs.com\/#organization\",\"name\":\"Nirigs\",\"url\":\"https:\/\/nirigs.com\/\",\"logo\":{\"@type\":\"ImageObject\",\"inLanguage\":\"ar\",\"@id\":\"https:\/\/nirigs.com\/#\/schema\/logo\/image\/\",\"url\":\"https:\/\/nirigs.com\/wp-content\/uploads\/2025\/04\/Design-sans-titre-27.png\",\"contentUrl\":\"https:\/\/nirigs.com\/wp-content\/uploads\/2025\/04\/Design-sans-titre-27.png\",\"width\":500,\"height\":500,\"caption\":\"Nirigs\"},\"image\":{\"@id\":\"https:\/\/nirigs.com\/#\/schema\/logo\/image\/\"}}]}<\/script>\n<!-- \/ Yoast SEO plugin. -->","yoast_head_json":{"title":"GARNIER - Soin Visage \u00e0 L'acide Hyaluronique et Aloe Vera SkinActive - 250 ml - NIRIGS","robots":{"index":"index","follow":"follow","max-snippet":"max-snippet:-1","max-image-preview":"max-image-preview:large","max-video-preview":"max-video-preview:-1"},"canonical":"https:\/\/nirigs.com\/ar\/product\/garnier-soin-visage-a-lacide-hyaluronique-et-aloe-vera-skinactive-250-ml\/","og_locale":"ar_AR","og_type":"article","og_title":"GARNIER - Soin Visage \u00e0 L'acide Hyaluronique et Aloe Vera SkinActive - 250 ml - NIRIGS","og_url":"https:\/\/nirigs.com\/ar\/product\/garnier-soin-visage-a-lacide-hyaluronique-et-aloe-vera-skinactive-250-ml\/","og_site_name":"NIRIGS","article_modified_time":"2025-04-22T08:43:52+00:00","og_image":[{"width":1000,"height":1000,"url":"https:\/\/nirigs.com\/wp-content\/uploads\/2024\/09\/GARNIER-Soin-Visage-a-Lacide-Hyaluronique-et-Aloe-Vera-SkinActive-250ML.jpg","type":"image\/jpeg"}],"twitter_card":"summary_large_image","twitter_misc":{"\u0648\u0642\u062a \u0627\u0644\u0642\u0631\u0627\u0621\u0629 \u0627\u0644\u0645\u064f\u0642\u062f\u0651\u0631":"\u062f\u0642\u064a\u0642\u0629 \u0648\u0627\u062d\u062f\u0629"},"schema":{"@context":"https:\/\/schema.org","@graph":[{"@type":"WebPage","@id":"https:\/\/nirigs.com\/product\/garnier-soin-visage-a-lacide-hyaluronique-et-aloe-vera-skinactive-250-ml\/","url":"https:\/\/nirigs.com\/product\/garnier-soin-visage-a-lacide-hyaluronique-et-aloe-vera-skinactive-250-ml\/","name":"GARNIER - Soin Visage \u00e0 L'acide Hyaluronique et Aloe Vera SkinActive - 250 ml - NIRIGS","isPartOf":{"@id":"https:\/\/nirigs.com\/#website"},"primaryImageOfPage":{"@id":"https:\/\/nirigs.com\/product\/garnier-soin-visage-a-lacide-hyaluronique-et-aloe-vera-skinactive-250-ml\/#primaryimage"},"image":{"@id":"https:\/\/nirigs.com\/product\/garnier-soin-visage-a-lacide-hyaluronique-et-aloe-vera-skinactive-250-ml\/#primaryimage"},"thumbnailUrl":"https:\/\/nirigs.com\/wp-content\/uploads\/2024\/09\/GARNIER-Soin-Visage-a-Lacide-Hyaluronique-et-Aloe-Vera-SkinActive-250ML.jpg","datePublished":"2024-10-02T14:39:21+00:00","dateModified":"2025-04-22T08:43:52+00:00","breadcrumb":{"@id":"https:\/\/nirigs.com\/product\/garnier-soin-visage-a-lacide-hyaluronique-et-aloe-vera-skinactive-250-ml\/#breadcrumb"},"inLanguage":"ar","potentialAction":[{"@type":"ReadAction","target":["https:\/\/nirigs.com\/product\/garnier-soin-visage-a-lacide-hyaluronique-et-aloe-vera-skinactive-250-ml\/"]}]},{"@type":"ImageObject","inLanguage":"ar","@id":"https:\/\/nirigs.com\/product\/garnier-soin-visage-a-lacide-hyaluronique-et-aloe-vera-skinactive-250-ml\/#primaryimage","url":"https:\/\/nirigs.com\/wp-content\/uploads\/2024\/09\/GARNIER-Soin-Visage-a-Lacide-Hyaluronique-et-Aloe-Vera-SkinActive-250ML.jpg","contentUrl":"https:\/\/nirigs.com\/wp-content\/uploads\/2024\/09\/GARNIER-Soin-Visage-a-Lacide-Hyaluronique-et-Aloe-Vera-SkinActive-250ML.jpg","width":1000,"height":1000},{"@type":"BreadcrumbList","@id":"https:\/\/nirigs.com\/product\/garnier-soin-visage-a-lacide-hyaluronique-et-aloe-vera-skinactive-250-ml\/#breadcrumb","itemListElement":[{"@type":"ListItem","position":1,"name":"Home","item":"https:\/\/nirigs.com\/"},{"@type":"ListItem","position":2,"name":"Parcourir","item":"https:\/\/nirigs.com\/boutique\/"},{"@type":"ListItem","position":3,"name":"GARNIER &#8211; Soin Visage \u00e0 L&rsquo;acide Hyaluronique et Aloe Vera SkinActive &#8211; 250 ml"}]},{"@type":"WebSite","@id":"https:\/\/nirigs.com\/#website","url":"https:\/\/nirigs.com\/","name":"Nirigs.com","description":"Simplifiez vos achats du quotidien \u00e0 Djibouti","publisher":{"@id":"https:\/\/nirigs.com\/#organization"},"potentialAction":[{"@type":"SearchAction","target":{"@type":"EntryPoint","urlTemplate":"https:\/\/nirigs.com\/?s={search_term_string}"},"query-input":{"@type":"PropertyValueSpecification","valueRequired":true,"valueName":"search_term_string"}}],"inLanguage":"ar"},{"@type":"Organization","@id":"https:\/\/nirigs.com\/#organization","name":"\u0646\u064a\u0631\u064a\u062c\u0633","url":"https:\/\/nirigs.com\/","logo":{"@type":"ImageObject","inLanguage":"ar","@id":"https:\/\/nirigs.com\/#\/schema\/logo\/image\/","url":"https:\/\/nirigs.com\/wp-content\/uploads\/2025\/04\/Design-sans-titre-27.png","contentUrl":"https:\/\/nirigs.com\/wp-content\/uploads\/2025\/04\/Design-sans-titre-27.png","width":500,"height":500,"caption":"Nirigs"},"image":{"@id":"https:\/\/nirigs.com\/#\/schema\/logo\/image\/"}}]}},"brands":[{"id":1091,"name":"Garnier","slug":"garnier"}],"_links":{"self":[{"href":"https:\/\/nirigs.com\/ar\/wp-json\/wp\/v2\/product\/21096","targetHints":{"allow":["GET"]}}],"collection":[{"href":"https:\/\/nirigs.com\/ar\/wp-json\/wp\/v2\/product"}],"about":[{"href":"https:\/\/nirigs.com\/ar\/wp-json\/wp\/v2\/types\/product"}],"replies":[{"embeddable":true,"href":"https:\/\/nirigs.com\/ar\/wp-json\/wp\/v2\/comments?post=21096"}],"version-history":[{"count":8,"href":"https:\/\/nirigs.com\/ar\/wp-json\/wp\/v2\/product\/21096\/revisions"}],"predecessor-version":[{"id":27004,"href":"https:\/\/nirigs.com\/ar\/wp-json\/wp\/v2\/product\/21096\/revisions\/27004"}],"wp:featuredmedia":[{"embeddable":true,"href":"https:\/\/nirigs.com\/ar\/wp-json\/wp\/v2\/media\/21097"}],"wp:attachment":[{"href":"https:\/\/nirigs.com\/ar\/wp-json\/wp\/v2\/media?parent=21096"}],"wp:term":[{"taxonomy":"pwb-brand","embeddable":true,"href":"https:\/\/nirigs.com\/ar\/wp-json\/wp\/v2\/pwb-brand?post=21096"},{"taxonomy":"product_brand","embeddable":true,"href":"https:\/\/nirigs.com\/ar\/wp-json\/wp\/v2\/product_brand?post=21096"},{"taxonomy":"product_cat","embeddable":true,"href":"https:\/\/nirigs.com\/ar\/wp-json\/wp\/v2\/product_cat?post=21096"},{"taxonomy":"product_tag","embeddable":true,"href":"https:\/\/nirigs.com\/ar\/wp-json\/wp\/v2\/product_tag?post=21096"}],"curies":[{"name":"wp","href":"https:\/\/api.w.org\/{rel}","templated":true}]}}