{"id":21092,"date":"2024-09-12T15:27:55","date_gmt":"2024-09-12T12:27:55","guid":{"rendered":"https:\/\/nirigs.com\/?post_type=product&#038;p=21092"},"modified":"2025-04-22T18:45:48","modified_gmt":"2025-04-22T15:45:48","slug":"garnier-gel-soin-visage-3-en-1-anti-points-noirs-150-ml","status":"publish","type":"product","link":"https:\/\/nirigs.com\/ar\/product\/garnier-gel-soin-visage-3-en-1-anti-points-noirs-150-ml\/","title":{"rendered":"GARNIER &#8211; Gel Soin Visage 3 En 1 Anti-Points Noirs &#8211; 150 ml"},"content":{"rendered":"<p>Le 3 en 1 Charbon r\u00e9duit visiblement les points noirs et aide \u00e0 pr\u00e9venir leur r\u00e9apparition, id\u00e9al pour les peaux \u00e0 tendance acn\u00e9ique. R\u00e9sultat : les boutons, points noirs et pores sont visiblement r\u00e9duits.<\/p>\n<p>Le 3EN1 Charbon r\u00e9duit les points noirs et aide \u00e0 pr\u00e9venir leur r\u00e9apparition. Il s&rsquo;utilise \u00e0 la fois comme nettoyant, exfoliant ou masque :<\/p>\n<p>1. NETTOYANT : A utiliser quotidiennement pour purifier la peau et \u00e9liminer les impuret\u00e9s.<\/p>\n<p>2. EXFOLIANT: A utiliser quotidiennement pour d\u00e9sincruster les points noirs tenaces.<\/p>\n<p>3. MASQUE : A utiliser 1 \u00e0 2 fois par semaine pour r\u00e9duire l&rsquo;exc\u00e8s de s\u00e9bum et diminuer les brillances de la peau. Sa formule est enrichie en BHA, un acide antibact\u00e9rien puissant pour purifier intens\u00e9ment les pores et combattre les boutons et en CHARBON d&rsquo;origine naturelle, connu pour ses propri\u00e9t\u00e9s absorbantes et purifiantes.<\/p>\n<p>RESULTATS PROUV\u00c9S : &#8211; Imm\u00e9diatement apr\u00e8s 1 utilisation : -76% de s\u00e9bum &#8211; Apr\u00e8s 1 semaine : R\u00e9duction significative des boutons, points noirs et pores.<\/p>\n<h4>\u0645\u0643\u0648\u0646\u0627\u062a<\/h4>\n<p>AQUA \/ WATER &#8211; KAOLIN &#8211; GLYCERIN &#8211; ZEA MAYS STARCH \/ CORN STARCH &#8211; SODIUM LAURETH SULFATE &#8211; CI 77499 \/ IRON OXIDES &#8211; PERLITE &#8211; CARBOMER &#8211; SODIUM CITRATE &#8211; SODIUM HYDROXIDE &#8211; PUMICE &#8211; CELLULOSE &#8211; CHARCOAL POWDER &#8211; MICROCRYSTALLINE CELLULOSE &#8211; CAPRYLYL GLYCOL &#8211; CITRIC ACID &#8211; XANTHAN GUM &#8211; POLYGLYCERIN-10 &#8211; POLYGLYCERYL-10 MYRISTATE &#8211; POLYGLYCERYL-10 STEARATE &#8211; SODIUM DEHYDROACETATE &#8211; SALICYLIC ACID &#8211; CHLORPHENESIN &#8211; PARFUM \/ FRAGRANCE (F.I.L. Z70022066\/1).<\/p>","protected":false},"excerpt":{"rendered":"<p><br data-mce-bogus=\"1\"><\/p>","protected":false},"featured_media":21078,"comment_status":"open","ping_status":"closed","template":"","meta":[],"pwb-brand":[1091],"product_brand":[],"product_cat":[267,1044,1047,1042,1101,1032,1029],"product_tag":[],"class_list":{"0":"post-21092","1":"product","2":"type-product","3":"status-publish","4":"has-post-thumbnail","6":"pwb-brand-garnier","7":"product_cat-beaute-et-soins","8":"product_cat-exfoliants-pour-le-visage","9":"product_cat-masques-pour-le-visage","10":"product_cat-nettoyants-et-exfoliants-pour-le-visage","11":"product_cat-nettoyants-pour-le-visage","12":"product_cat-soins-du-visage","13":"product_cat-soins-pour-la-peau","15":"first","16":"instock","17":"shipping-taxable","18":"purchasable","19":"product-type-simple"},"yoast_head":"<!-- This site is optimized with the Yoast SEO plugin v27.1.1 - https:\/\/yoast.com\/product\/yoast-seo-wordpress\/ -->\n<title>GARNIER - Gel Soin Visage 3 En 1 Anti-Points Noirs - 150 ml - NIRIGS<\/title>\n<meta name=\"robots\" content=\"index, follow, max-snippet:-1, max-image-preview:large, max-video-preview:-1\" \/>\n<link rel=\"canonical\" href=\"https:\/\/nirigs.com\/ar\/product\/garnier-gel-soin-visage-3-en-1-anti-points-noirs-150-ml\/\" \/>\n<meta property=\"og:locale\" content=\"ar_AR\" \/>\n<meta property=\"og:type\" content=\"article\" \/>\n<meta property=\"og:title\" content=\"GARNIER - Gel Soin Visage 3 En 1 Anti-Points Noirs - 150 ml - NIRIGS\" \/>\n<meta property=\"og:url\" content=\"https:\/\/nirigs.com\/ar\/product\/garnier-gel-soin-visage-3-en-1-anti-points-noirs-150-ml\/\" \/>\n<meta property=\"og:site_name\" content=\"NIRIGS\" \/>\n<meta property=\"article:modified_time\" content=\"2025-04-22T15:45:48+00:00\" \/>\n<meta property=\"og:image\" content=\"https:\/\/nirigs.com\/wp-content\/uploads\/2024\/09\/GARNIER-Gel-Soin-Visage-3-En-1-Anti-Points-Noirs-150ML.jpg\" \/>\n\t<meta property=\"og:image:width\" content=\"1000\" \/>\n\t<meta property=\"og:image:height\" content=\"1000\" \/>\n\t<meta property=\"og:image:type\" content=\"image\/jpeg\" \/>\n<meta name=\"twitter:card\" content=\"summary_large_image\" \/>\n<meta name=\"twitter:label1\" content=\"\u0648\u0642\u062a \u0627\u0644\u0642\u0631\u0627\u0621\u0629 \u0627\u0644\u0645\u064f\u0642\u062f\u0651\u0631\" \/>\n\t<meta name=\"twitter:data1\" content=\"\u062f\u0642\u064a\u0642\u0629 \u0648\u0627\u062d\u062f\u0629\" \/>\n<script type=\"application\/ld+json\" class=\"yoast-schema-graph\">{\"@context\":\"https:\/\/schema.org\",\"@graph\":[{\"@type\":\"WebPage\",\"@id\":\"https:\/\/nirigs.com\/product\/garnier-gel-soin-visage-3-en-1-anti-points-noirs-150-ml\/\",\"url\":\"https:\/\/nirigs.com\/product\/garnier-gel-soin-visage-3-en-1-anti-points-noirs-150-ml\/\",\"name\":\"GARNIER - Gel Soin Visage 3 En 1 Anti-Points Noirs - 150 ml - NIRIGS\",\"isPartOf\":{\"@id\":\"https:\/\/nirigs.com\/#website\"},\"primaryImageOfPage\":{\"@id\":\"https:\/\/nirigs.com\/product\/garnier-gel-soin-visage-3-en-1-anti-points-noirs-150-ml\/#primaryimage\"},\"image\":{\"@id\":\"https:\/\/nirigs.com\/product\/garnier-gel-soin-visage-3-en-1-anti-points-noirs-150-ml\/#primaryimage\"},\"thumbnailUrl\":\"https:\/\/nirigs.com\/wp-content\/uploads\/2024\/09\/GARNIER-Gel-Soin-Visage-3-En-1-Anti-Points-Noirs-150ML.jpg\",\"datePublished\":\"2024-09-12T12:27:55+00:00\",\"dateModified\":\"2025-04-22T15:45:48+00:00\",\"breadcrumb\":{\"@id\":\"https:\/\/nirigs.com\/product\/garnier-gel-soin-visage-3-en-1-anti-points-noirs-150-ml\/#breadcrumb\"},\"inLanguage\":\"ar\",\"potentialAction\":[{\"@type\":\"ReadAction\",\"target\":[\"https:\/\/nirigs.com\/product\/garnier-gel-soin-visage-3-en-1-anti-points-noirs-150-ml\/\"]}]},{\"@type\":\"ImageObject\",\"inLanguage\":\"ar\",\"@id\":\"https:\/\/nirigs.com\/product\/garnier-gel-soin-visage-3-en-1-anti-points-noirs-150-ml\/#primaryimage\",\"url\":\"https:\/\/nirigs.com\/wp-content\/uploads\/2024\/09\/GARNIER-Gel-Soin-Visage-3-En-1-Anti-Points-Noirs-150ML.jpg\",\"contentUrl\":\"https:\/\/nirigs.com\/wp-content\/uploads\/2024\/09\/GARNIER-Gel-Soin-Visage-3-En-1-Anti-Points-Noirs-150ML.jpg\",\"width\":1000,\"height\":1000},{\"@type\":\"BreadcrumbList\",\"@id\":\"https:\/\/nirigs.com\/product\/garnier-gel-soin-visage-3-en-1-anti-points-noirs-150-ml\/#breadcrumb\",\"itemListElement\":[{\"@type\":\"ListItem\",\"position\":1,\"name\":\"Home\",\"item\":\"https:\/\/nirigs.com\/\"},{\"@type\":\"ListItem\",\"position\":2,\"name\":\"Parcourir\",\"item\":\"https:\/\/nirigs.com\/boutique\/\"},{\"@type\":\"ListItem\",\"position\":3,\"name\":\"GARNIER &#8211; Gel Soin Visage 3 En 1 Anti-Points Noirs &#8211; 150 ml\"}]},{\"@type\":\"WebSite\",\"@id\":\"https:\/\/nirigs.com\/#website\",\"url\":\"https:\/\/nirigs.com\/\",\"name\":\"Nirigs.com\",\"description\":\"Simplifiez vos achats du quotidien \u00e0 Djibouti\",\"publisher\":{\"@id\":\"https:\/\/nirigs.com\/#organization\"},\"potentialAction\":[{\"@type\":\"SearchAction\",\"target\":{\"@type\":\"EntryPoint\",\"urlTemplate\":\"https:\/\/nirigs.com\/?s={search_term_string}\"},\"query-input\":{\"@type\":\"PropertyValueSpecification\",\"valueRequired\":true,\"valueName\":\"search_term_string\"}}],\"inLanguage\":\"ar\"},{\"@type\":\"Organization\",\"@id\":\"https:\/\/nirigs.com\/#organization\",\"name\":\"Nirigs\",\"url\":\"https:\/\/nirigs.com\/\",\"logo\":{\"@type\":\"ImageObject\",\"inLanguage\":\"ar\",\"@id\":\"https:\/\/nirigs.com\/#\/schema\/logo\/image\/\",\"url\":\"https:\/\/nirigs.com\/wp-content\/uploads\/2025\/04\/Design-sans-titre-27.png\",\"contentUrl\":\"https:\/\/nirigs.com\/wp-content\/uploads\/2025\/04\/Design-sans-titre-27.png\",\"width\":500,\"height\":500,\"caption\":\"Nirigs\"},\"image\":{\"@id\":\"https:\/\/nirigs.com\/#\/schema\/logo\/image\/\"}}]}<\/script>\n<!-- \/ Yoast SEO plugin. -->","yoast_head_json":{"title":"GARNIER - Gel Soin Visage 3 En 1 Anti-Points Noirs - 150 ml - NIRIGS","robots":{"index":"index","follow":"follow","max-snippet":"max-snippet:-1","max-image-preview":"max-image-preview:large","max-video-preview":"max-video-preview:-1"},"canonical":"https:\/\/nirigs.com\/ar\/product\/garnier-gel-soin-visage-3-en-1-anti-points-noirs-150-ml\/","og_locale":"ar_AR","og_type":"article","og_title":"GARNIER - Gel Soin Visage 3 En 1 Anti-Points Noirs - 150 ml - NIRIGS","og_url":"https:\/\/nirigs.com\/ar\/product\/garnier-gel-soin-visage-3-en-1-anti-points-noirs-150-ml\/","og_site_name":"NIRIGS","article_modified_time":"2025-04-22T15:45:48+00:00","og_image":[{"width":1000,"height":1000,"url":"https:\/\/nirigs.com\/wp-content\/uploads\/2024\/09\/GARNIER-Gel-Soin-Visage-3-En-1-Anti-Points-Noirs-150ML.jpg","type":"image\/jpeg"}],"twitter_card":"summary_large_image","twitter_misc":{"\u0648\u0642\u062a \u0627\u0644\u0642\u0631\u0627\u0621\u0629 \u0627\u0644\u0645\u064f\u0642\u062f\u0651\u0631":"\u062f\u0642\u064a\u0642\u0629 \u0648\u0627\u062d\u062f\u0629"},"schema":{"@context":"https:\/\/schema.org","@graph":[{"@type":"WebPage","@id":"https:\/\/nirigs.com\/product\/garnier-gel-soin-visage-3-en-1-anti-points-noirs-150-ml\/","url":"https:\/\/nirigs.com\/product\/garnier-gel-soin-visage-3-en-1-anti-points-noirs-150-ml\/","name":"GARNIER - Gel Soin Visage 3 En 1 Anti-Points Noirs - 150 ml - NIRIGS","isPartOf":{"@id":"https:\/\/nirigs.com\/#website"},"primaryImageOfPage":{"@id":"https:\/\/nirigs.com\/product\/garnier-gel-soin-visage-3-en-1-anti-points-noirs-150-ml\/#primaryimage"},"image":{"@id":"https:\/\/nirigs.com\/product\/garnier-gel-soin-visage-3-en-1-anti-points-noirs-150-ml\/#primaryimage"},"thumbnailUrl":"https:\/\/nirigs.com\/wp-content\/uploads\/2024\/09\/GARNIER-Gel-Soin-Visage-3-En-1-Anti-Points-Noirs-150ML.jpg","datePublished":"2024-09-12T12:27:55+00:00","dateModified":"2025-04-22T15:45:48+00:00","breadcrumb":{"@id":"https:\/\/nirigs.com\/product\/garnier-gel-soin-visage-3-en-1-anti-points-noirs-150-ml\/#breadcrumb"},"inLanguage":"ar","potentialAction":[{"@type":"ReadAction","target":["https:\/\/nirigs.com\/product\/garnier-gel-soin-visage-3-en-1-anti-points-noirs-150-ml\/"]}]},{"@type":"ImageObject","inLanguage":"ar","@id":"https:\/\/nirigs.com\/product\/garnier-gel-soin-visage-3-en-1-anti-points-noirs-150-ml\/#primaryimage","url":"https:\/\/nirigs.com\/wp-content\/uploads\/2024\/09\/GARNIER-Gel-Soin-Visage-3-En-1-Anti-Points-Noirs-150ML.jpg","contentUrl":"https:\/\/nirigs.com\/wp-content\/uploads\/2024\/09\/GARNIER-Gel-Soin-Visage-3-En-1-Anti-Points-Noirs-150ML.jpg","width":1000,"height":1000},{"@type":"BreadcrumbList","@id":"https:\/\/nirigs.com\/product\/garnier-gel-soin-visage-3-en-1-anti-points-noirs-150-ml\/#breadcrumb","itemListElement":[{"@type":"ListItem","position":1,"name":"Home","item":"https:\/\/nirigs.com\/"},{"@type":"ListItem","position":2,"name":"Parcourir","item":"https:\/\/nirigs.com\/boutique\/"},{"@type":"ListItem","position":3,"name":"GARNIER &#8211; Gel Soin Visage 3 En 1 Anti-Points Noirs &#8211; 150 ml"}]},{"@type":"WebSite","@id":"https:\/\/nirigs.com\/#website","url":"https:\/\/nirigs.com\/","name":"Nirigs.com","description":"Simplifiez vos achats du quotidien \u00e0 Djibouti","publisher":{"@id":"https:\/\/nirigs.com\/#organization"},"potentialAction":[{"@type":"SearchAction","target":{"@type":"EntryPoint","urlTemplate":"https:\/\/nirigs.com\/?s={search_term_string}"},"query-input":{"@type":"PropertyValueSpecification","valueRequired":true,"valueName":"search_term_string"}}],"inLanguage":"ar"},{"@type":"Organization","@id":"https:\/\/nirigs.com\/#organization","name":"\u0646\u064a\u0631\u064a\u062c\u0633","url":"https:\/\/nirigs.com\/","logo":{"@type":"ImageObject","inLanguage":"ar","@id":"https:\/\/nirigs.com\/#\/schema\/logo\/image\/","url":"https:\/\/nirigs.com\/wp-content\/uploads\/2025\/04\/Design-sans-titre-27.png","contentUrl":"https:\/\/nirigs.com\/wp-content\/uploads\/2025\/04\/Design-sans-titre-27.png","width":500,"height":500,"caption":"Nirigs"},"image":{"@id":"https:\/\/nirigs.com\/#\/schema\/logo\/image\/"}}]}},"brands":[{"id":1091,"name":"Garnier","slug":"garnier"}],"_links":{"self":[{"href":"https:\/\/nirigs.com\/ar\/wp-json\/wp\/v2\/product\/21092","targetHints":{"allow":["GET"]}}],"collection":[{"href":"https:\/\/nirigs.com\/ar\/wp-json\/wp\/v2\/product"}],"about":[{"href":"https:\/\/nirigs.com\/ar\/wp-json\/wp\/v2\/types\/product"}],"replies":[{"embeddable":true,"href":"https:\/\/nirigs.com\/ar\/wp-json\/wp\/v2\/comments?post=21092"}],"version-history":[{"count":7,"href":"https:\/\/nirigs.com\/ar\/wp-json\/wp\/v2\/product\/21092\/revisions"}],"predecessor-version":[{"id":27049,"href":"https:\/\/nirigs.com\/ar\/wp-json\/wp\/v2\/product\/21092\/revisions\/27049"}],"wp:featuredmedia":[{"embeddable":true,"href":"https:\/\/nirigs.com\/ar\/wp-json\/wp\/v2\/media\/21078"}],"wp:attachment":[{"href":"https:\/\/nirigs.com\/ar\/wp-json\/wp\/v2\/media?parent=21092"}],"wp:term":[{"taxonomy":"pwb-brand","embeddable":true,"href":"https:\/\/nirigs.com\/ar\/wp-json\/wp\/v2\/pwb-brand?post=21092"},{"taxonomy":"product_brand","embeddable":true,"href":"https:\/\/nirigs.com\/ar\/wp-json\/wp\/v2\/product_brand?post=21092"},{"taxonomy":"product_cat","embeddable":true,"href":"https:\/\/nirigs.com\/ar\/wp-json\/wp\/v2\/product_cat?post=21092"},{"taxonomy":"product_tag","embeddable":true,"href":"https:\/\/nirigs.com\/ar\/wp-json\/wp\/v2\/product_tag?post=21092"}],"curies":[{"name":"wp","href":"https:\/\/api.w.org\/{rel}","templated":true}]}}