{"id":21057,"date":"2024-10-02T18:11:09","date_gmt":"2024-10-02T15:11:09","guid":{"rendered":"https:\/\/nirigs.com\/?post_type=product&#038;p=21057"},"modified":"2026-01-07T07:16:45","modified_gmt":"2026-01-07T04:16:45","slug":"garnier-uniforme-et-mate-vitamine-c-gommage-visage-tube-100-ml","status":"publish","type":"product","link":"https:\/\/nirigs.com\/ar\/product\/garnier-uniforme-et-mate-vitamine-c-gommage-visage-tube-100-ml\/","title":{"rendered":"\u063a\u0627\u0631\u0646\u064a\u064a\u0647 \u2013 \u064a\u0648\u0646\u064a\u0641\u0648\u0631\u0645 \u0627\u0646\u062f \u0645\u064a\u062a \u0645\u0642\u0634\u0631 \u0627\u0644\u0648\u062c\u0647 \u0628\u0641\u064a\u062a\u0627\u0645\u064a\u0646 \u0633\u064a \u2013 100 \u0645\u0644"},"content":{"rendered":"<p>Si votre peau a perdu son teint uniforme, sa brillance et si vous remarquez l&rsquo;apparition de taches brunes alors ce gommage est fait pour vous ! D\u00e8s la premi\u00e8re utilisation vous \u00e9liminez les cellules mortes, votre peau et douce et r\u00e9v\u00e8le sa brillance.<\/p>\n<p>Enrichi en Vitamine C et Micro Perles, il \u00e9limine les impuret\u00e9s et exfolie les cellules mortes. Votre peau devient douce et lisse, avec un aspect uniforme. Le gommage \u00e0 la vitamine C de Garnier \u00e9limine les cellules mortes, adoucit votre peau et lui redonne de l\u2019\u00e9clat.<\/p>\n<p>Enrichi en vitamine C et micro perles, ce gommage exfolie votre peau et \u00e9limine les impuret\u00e9s et les cellules mortes. Il uniformise votre teint, r\u00e9duit les taches brunes et aide votre peau \u00e0 retrouver son \u00e9clat. Votre peau devient douce et lisse.<\/p>\n<h4>\u064a\u0633\u062a\u062e\u062f\u0645<\/h4>\n<ul>\n<li>Nettoyez votre visage avec la mousse nettoyante Uniforme et Mate.<\/li>\n<li>Appliquez le gommage 2 \u00e0 3 fois par semaine sur un visage humide en \u00e9vitant le contact avec les yeux et le contour des l\u00e8vres.<\/li>\n<li>Rincez<\/li>\n<li>Appliquer la cr\u00e8me de jour Uniforme et Mate.<\/li>\n<\/ul>\n<h4>\u0627\u0644\u0645\u0643\u0648\u0646<\/h4>\n<p>Eau, <span data-iopelement=\"Glycerin\"> glyc\u00e9rine <\/span> , <span data-iopelement=\"Myristic Acid\"> acide myristique <\/span> , <span data-iopelement=\"Palmitic Acid\"> acide palmitique <\/span> , <span data-iopelement=\"Stearic Acid\"> acide st\u00e9arique <\/span> , <span data-iopelement=\"Potassium Hydroxide\"> hydroxyde de potassium <\/span> , acide laurique, st\u00e9arate de glyc\u00e9ryle SE, kaolin, <span data-iopelement=\"Benzyl Alcohol\"> alcool <\/span> benzylique , <span data-iopelement=\"Benzyl Salicylate\"> salicylate <\/span> de benzyle , extrait de Citrus Medica Limonum\/extrait de citron, <span data-iopelement=\"Limonene\"> limon\u00e8ne <\/span> , <span data-iopelement=\"Linalool\"> linalol <\/span> , m\u00e9thylisothiazolinone, <span data-iopelement=\"PEG-14M\"> PEG-14M <\/span> , EDTA t\u00e9trasodique, parfum (FIL B50847\/1).<\/p>\n<p>&nbsp;<\/p>\n<div class=\"product attribute ingredients\">\n<div class=\"value\">\n<p>&nbsp;<\/p>\n<\/div>\n<\/div>","protected":false},"excerpt":{"rendered":"<p>Si votre peau a perdu son teint uniforme, sa brillance et si vous remarquez l&rsquo;apparition de taches brunes alors ce<\/p>","protected":false},"featured_media":21060,"comment_status":"open","ping_status":"closed","template":"","meta":[],"pwb-brand":[1091],"product_brand":[],"product_cat":[267,1110,1032,1029],"product_tag":[],"class_list":{"0":"post-21057","1":"product","2":"type-product","3":"status-publish","4":"has-post-thumbnail","6":"pwb-brand-garnier","7":"product_cat-beaute-et-soins","8":"product_cat-gommage-pour-visage","9":"product_cat-soins-du-visage","10":"product_cat-soins-pour-la-peau","12":"first","13":"instock","14":"shipping-taxable","15":"purchasable","16":"product-type-simple"},"yoast_head":"<!-- This site is optimized with the Yoast SEO plugin v27.1.1 - https:\/\/yoast.com\/product\/yoast-seo-wordpress\/ -->\n<title>GARNIER - UNIFORME ET MATE VITAMINE C GOMMAGE VISAGE TUBE - 100 ml - NIRIGS<\/title>\n<meta name=\"robots\" content=\"index, follow, max-snippet:-1, max-image-preview:large, max-video-preview:-1\" \/>\n<link rel=\"canonical\" href=\"https:\/\/nirigs.com\/ar\/product\/garnier-uniforme-et-mate-vitamine-c-gommage-visage-tube-100-ml\/\" \/>\n<meta property=\"og:locale\" content=\"ar_AR\" \/>\n<meta property=\"og:type\" content=\"article\" \/>\n<meta property=\"og:title\" content=\"GARNIER - UNIFORME ET MATE VITAMINE C GOMMAGE VISAGE TUBE - 100 ml - NIRIGS\" \/>\n<meta property=\"og:description\" content=\"Si votre peau a perdu son teint uniforme, sa brillance et si vous remarquez l&rsquo;apparition de taches brunes alors ce\" \/>\n<meta property=\"og:url\" content=\"https:\/\/nirigs.com\/ar\/product\/garnier-uniforme-et-mate-vitamine-c-gommage-visage-tube-100-ml\/\" \/>\n<meta property=\"og:site_name\" content=\"NIRIGS\" \/>\n<meta property=\"article:modified_time\" content=\"2026-01-07T04:16:45+00:00\" \/>\n<meta property=\"og:image\" content=\"https:\/\/nirigs.com\/wp-content\/uploads\/2024\/09\/GARNIER-UNIFORME-MATE-VITAMINE-C-GOMMAGE-VISAGE-TUBE-100-ML-1.jpg\" \/>\n\t<meta property=\"og:image:width\" content=\"1000\" \/>\n\t<meta property=\"og:image:height\" content=\"1000\" \/>\n\t<meta property=\"og:image:type\" content=\"image\/jpeg\" \/>\n<meta name=\"twitter:card\" content=\"summary_large_image\" \/>\n<meta name=\"twitter:label1\" content=\"\u0648\u0642\u062a \u0627\u0644\u0642\u0631\u0627\u0621\u0629 \u0627\u0644\u0645\u064f\u0642\u062f\u0651\u0631\" \/>\n\t<meta name=\"twitter:data1\" content=\"\u062f\u0642\u064a\u0642\u0629 \u0648\u0627\u062d\u062f\u0629\" \/>\n<script type=\"application\/ld+json\" class=\"yoast-schema-graph\">{\"@context\":\"https:\/\/schema.org\",\"@graph\":[{\"@type\":\"WebPage\",\"@id\":\"https:\/\/nirigs.com\/product\/garnier-uniforme-et-mate-vitamine-c-gommage-visage-tube-100-ml\/\",\"url\":\"https:\/\/nirigs.com\/product\/garnier-uniforme-et-mate-vitamine-c-gommage-visage-tube-100-ml\/\",\"name\":\"GARNIER - UNIFORME ET MATE VITAMINE C GOMMAGE VISAGE TUBE - 100 ml - NIRIGS\",\"isPartOf\":{\"@id\":\"https:\/\/nirigs.com\/#website\"},\"primaryImageOfPage\":{\"@id\":\"https:\/\/nirigs.com\/product\/garnier-uniforme-et-mate-vitamine-c-gommage-visage-tube-100-ml\/#primaryimage\"},\"image\":{\"@id\":\"https:\/\/nirigs.com\/product\/garnier-uniforme-et-mate-vitamine-c-gommage-visage-tube-100-ml\/#primaryimage\"},\"thumbnailUrl\":\"https:\/\/nirigs.com\/wp-content\/uploads\/2024\/09\/GARNIER-UNIFORME-MATE-VITAMINE-C-GOMMAGE-VISAGE-TUBE-100-ML-1.jpg\",\"datePublished\":\"2024-10-02T15:11:09+00:00\",\"dateModified\":\"2026-01-07T04:16:45+00:00\",\"breadcrumb\":{\"@id\":\"https:\/\/nirigs.com\/product\/garnier-uniforme-et-mate-vitamine-c-gommage-visage-tube-100-ml\/#breadcrumb\"},\"inLanguage\":\"ar\",\"potentialAction\":[{\"@type\":\"ReadAction\",\"target\":[\"https:\/\/nirigs.com\/product\/garnier-uniforme-et-mate-vitamine-c-gommage-visage-tube-100-ml\/\"]}]},{\"@type\":\"ImageObject\",\"inLanguage\":\"ar\",\"@id\":\"https:\/\/nirigs.com\/product\/garnier-uniforme-et-mate-vitamine-c-gommage-visage-tube-100-ml\/#primaryimage\",\"url\":\"https:\/\/nirigs.com\/wp-content\/uploads\/2024\/09\/GARNIER-UNIFORME-MATE-VITAMINE-C-GOMMAGE-VISAGE-TUBE-100-ML-1.jpg\",\"contentUrl\":\"https:\/\/nirigs.com\/wp-content\/uploads\/2024\/09\/GARNIER-UNIFORME-MATE-VITAMINE-C-GOMMAGE-VISAGE-TUBE-100-ML-1.jpg\",\"width\":1000,\"height\":1000},{\"@type\":\"BreadcrumbList\",\"@id\":\"https:\/\/nirigs.com\/product\/garnier-uniforme-et-mate-vitamine-c-gommage-visage-tube-100-ml\/#breadcrumb\",\"itemListElement\":[{\"@type\":\"ListItem\",\"position\":1,\"name\":\"Home\",\"item\":\"https:\/\/nirigs.com\/\"},{\"@type\":\"ListItem\",\"position\":2,\"name\":\"Parcourir\",\"item\":\"https:\/\/nirigs.com\/boutique\/\"},{\"@type\":\"ListItem\",\"position\":3,\"name\":\"GARNIER &#8211; UNIFORME ET MATE VITAMINE C GOMMAGE VISAGE TUBE &#8211; 100 ml\"}]},{\"@type\":\"WebSite\",\"@id\":\"https:\/\/nirigs.com\/#website\",\"url\":\"https:\/\/nirigs.com\/\",\"name\":\"Nirigs.com\",\"description\":\"Simplifiez vos achats du quotidien \u00e0 Djibouti\",\"publisher\":{\"@id\":\"https:\/\/nirigs.com\/#organization\"},\"potentialAction\":[{\"@type\":\"SearchAction\",\"target\":{\"@type\":\"EntryPoint\",\"urlTemplate\":\"https:\/\/nirigs.com\/?s={search_term_string}\"},\"query-input\":{\"@type\":\"PropertyValueSpecification\",\"valueRequired\":true,\"valueName\":\"search_term_string\"}}],\"inLanguage\":\"ar\"},{\"@type\":\"Organization\",\"@id\":\"https:\/\/nirigs.com\/#organization\",\"name\":\"Nirigs\",\"url\":\"https:\/\/nirigs.com\/\",\"logo\":{\"@type\":\"ImageObject\",\"inLanguage\":\"ar\",\"@id\":\"https:\/\/nirigs.com\/#\/schema\/logo\/image\/\",\"url\":\"https:\/\/nirigs.com\/wp-content\/uploads\/2025\/04\/Design-sans-titre-27.png\",\"contentUrl\":\"https:\/\/nirigs.com\/wp-content\/uploads\/2025\/04\/Design-sans-titre-27.png\",\"width\":500,\"height\":500,\"caption\":\"Nirigs\"},\"image\":{\"@id\":\"https:\/\/nirigs.com\/#\/schema\/logo\/image\/\"}}]}<\/script>\n<!-- \/ Yoast SEO plugin. -->","yoast_head_json":{"title":"GARNIER - UNIFORME ET MATE VITAMINE C GOMMAGE VISAGE TUBE - 100 ml - NIRIGS","robots":{"index":"index","follow":"follow","max-snippet":"max-snippet:-1","max-image-preview":"max-image-preview:large","max-video-preview":"max-video-preview:-1"},"canonical":"https:\/\/nirigs.com\/ar\/product\/garnier-uniforme-et-mate-vitamine-c-gommage-visage-tube-100-ml\/","og_locale":"ar_AR","og_type":"article","og_title":"GARNIER - UNIFORME ET MATE VITAMINE C GOMMAGE VISAGE TUBE - 100 ml - NIRIGS","og_description":"Si votre peau a perdu son teint uniforme, sa brillance et si vous remarquez l&rsquo;apparition de taches brunes alors ce","og_url":"https:\/\/nirigs.com\/ar\/product\/garnier-uniforme-et-mate-vitamine-c-gommage-visage-tube-100-ml\/","og_site_name":"NIRIGS","article_modified_time":"2026-01-07T04:16:45+00:00","og_image":[{"width":1000,"height":1000,"url":"https:\/\/nirigs.com\/wp-content\/uploads\/2024\/09\/GARNIER-UNIFORME-MATE-VITAMINE-C-GOMMAGE-VISAGE-TUBE-100-ML-1.jpg","type":"image\/jpeg"}],"twitter_card":"summary_large_image","twitter_misc":{"\u0648\u0642\u062a \u0627\u0644\u0642\u0631\u0627\u0621\u0629 \u0627\u0644\u0645\u064f\u0642\u062f\u0651\u0631":"\u062f\u0642\u064a\u0642\u0629 \u0648\u0627\u062d\u062f\u0629"},"schema":{"@context":"https:\/\/schema.org","@graph":[{"@type":"WebPage","@id":"https:\/\/nirigs.com\/product\/garnier-uniforme-et-mate-vitamine-c-gommage-visage-tube-100-ml\/","url":"https:\/\/nirigs.com\/product\/garnier-uniforme-et-mate-vitamine-c-gommage-visage-tube-100-ml\/","name":"GARNIER - UNIFORME ET MATE VITAMINE C GOMMAGE VISAGE TUBE - 100 ml - NIRIGS","isPartOf":{"@id":"https:\/\/nirigs.com\/#website"},"primaryImageOfPage":{"@id":"https:\/\/nirigs.com\/product\/garnier-uniforme-et-mate-vitamine-c-gommage-visage-tube-100-ml\/#primaryimage"},"image":{"@id":"https:\/\/nirigs.com\/product\/garnier-uniforme-et-mate-vitamine-c-gommage-visage-tube-100-ml\/#primaryimage"},"thumbnailUrl":"https:\/\/nirigs.com\/wp-content\/uploads\/2024\/09\/GARNIER-UNIFORME-MATE-VITAMINE-C-GOMMAGE-VISAGE-TUBE-100-ML-1.jpg","datePublished":"2024-10-02T15:11:09+00:00","dateModified":"2026-01-07T04:16:45+00:00","breadcrumb":{"@id":"https:\/\/nirigs.com\/product\/garnier-uniforme-et-mate-vitamine-c-gommage-visage-tube-100-ml\/#breadcrumb"},"inLanguage":"ar","potentialAction":[{"@type":"ReadAction","target":["https:\/\/nirigs.com\/product\/garnier-uniforme-et-mate-vitamine-c-gommage-visage-tube-100-ml\/"]}]},{"@type":"ImageObject","inLanguage":"ar","@id":"https:\/\/nirigs.com\/product\/garnier-uniforme-et-mate-vitamine-c-gommage-visage-tube-100-ml\/#primaryimage","url":"https:\/\/nirigs.com\/wp-content\/uploads\/2024\/09\/GARNIER-UNIFORME-MATE-VITAMINE-C-GOMMAGE-VISAGE-TUBE-100-ML-1.jpg","contentUrl":"https:\/\/nirigs.com\/wp-content\/uploads\/2024\/09\/GARNIER-UNIFORME-MATE-VITAMINE-C-GOMMAGE-VISAGE-TUBE-100-ML-1.jpg","width":1000,"height":1000},{"@type":"BreadcrumbList","@id":"https:\/\/nirigs.com\/product\/garnier-uniforme-et-mate-vitamine-c-gommage-visage-tube-100-ml\/#breadcrumb","itemListElement":[{"@type":"ListItem","position":1,"name":"Home","item":"https:\/\/nirigs.com\/"},{"@type":"ListItem","position":2,"name":"Parcourir","item":"https:\/\/nirigs.com\/boutique\/"},{"@type":"ListItem","position":3,"name":"GARNIER &#8211; UNIFORME ET MATE VITAMINE C GOMMAGE VISAGE TUBE &#8211; 100 ml"}]},{"@type":"WebSite","@id":"https:\/\/nirigs.com\/#website","url":"https:\/\/nirigs.com\/","name":"Nirigs.com","description":"Simplifiez vos achats du quotidien \u00e0 Djibouti","publisher":{"@id":"https:\/\/nirigs.com\/#organization"},"potentialAction":[{"@type":"SearchAction","target":{"@type":"EntryPoint","urlTemplate":"https:\/\/nirigs.com\/?s={search_term_string}"},"query-input":{"@type":"PropertyValueSpecification","valueRequired":true,"valueName":"search_term_string"}}],"inLanguage":"ar"},{"@type":"Organization","@id":"https:\/\/nirigs.com\/#organization","name":"\u0646\u064a\u0631\u064a\u062c\u0633","url":"https:\/\/nirigs.com\/","logo":{"@type":"ImageObject","inLanguage":"ar","@id":"https:\/\/nirigs.com\/#\/schema\/logo\/image\/","url":"https:\/\/nirigs.com\/wp-content\/uploads\/2025\/04\/Design-sans-titre-27.png","contentUrl":"https:\/\/nirigs.com\/wp-content\/uploads\/2025\/04\/Design-sans-titre-27.png","width":500,"height":500,"caption":"Nirigs"},"image":{"@id":"https:\/\/nirigs.com\/#\/schema\/logo\/image\/"}}]}},"brands":[{"id":1091,"name":"Garnier","slug":"garnier"}],"_links":{"self":[{"href":"https:\/\/nirigs.com\/ar\/wp-json\/wp\/v2\/product\/21057","targetHints":{"allow":["GET"]}}],"collection":[{"href":"https:\/\/nirigs.com\/ar\/wp-json\/wp\/v2\/product"}],"about":[{"href":"https:\/\/nirigs.com\/ar\/wp-json\/wp\/v2\/types\/product"}],"replies":[{"embeddable":true,"href":"https:\/\/nirigs.com\/ar\/wp-json\/wp\/v2\/comments?post=21057"}],"version-history":[{"count":7,"href":"https:\/\/nirigs.com\/ar\/wp-json\/wp\/v2\/product\/21057\/revisions"}],"predecessor-version":[{"id":24867,"href":"https:\/\/nirigs.com\/ar\/wp-json\/wp\/v2\/product\/21057\/revisions\/24867"}],"wp:featuredmedia":[{"embeddable":true,"href":"https:\/\/nirigs.com\/ar\/wp-json\/wp\/v2\/media\/21060"}],"wp:attachment":[{"href":"https:\/\/nirigs.com\/ar\/wp-json\/wp\/v2\/media?parent=21057"}],"wp:term":[{"taxonomy":"pwb-brand","embeddable":true,"href":"https:\/\/nirigs.com\/ar\/wp-json\/wp\/v2\/pwb-brand?post=21057"},{"taxonomy":"product_brand","embeddable":true,"href":"https:\/\/nirigs.com\/ar\/wp-json\/wp\/v2\/product_brand?post=21057"},{"taxonomy":"product_cat","embeddable":true,"href":"https:\/\/nirigs.com\/ar\/wp-json\/wp\/v2\/product_cat?post=21057"},{"taxonomy":"product_tag","embeddable":true,"href":"https:\/\/nirigs.com\/ar\/wp-json\/wp\/v2\/product_tag?post=21057"}],"curies":[{"name":"wp","href":"https:\/\/api.w.org\/{rel}","templated":true}]}}