{"id":21054,"date":"2024-10-02T17:50:35","date_gmt":"2024-10-02T14:50:35","guid":{"rendered":"https:\/\/nirigs.com\/?post_type=product&#038;p=21054"},"modified":"2025-03-13T18:12:48","modified_gmt":"2025-03-13T15:12:48","slug":"garnier-mousse-nettoyante-visage-skin-active-vitamine-c-extrait-de-citron-100-ml","status":"publish","type":"product","link":"https:\/\/nirigs.com\/ar\/product\/garnier-mousse-nettoyante-visage-skin-active-vitamine-c-extrait-de-citron-100-ml\/","title":{"rendered":"\u063a\u0627\u0631\u0646\u064a\u064a\u0647 \u2013 \u201cSkin Active \u0641\u064a\u062a\u0627\u0645\u064a\u0646 C + \u062e\u0644\u0627\u0635\u0629 \u0627\u0644\u0644\u064a\u0645\u0648\u0646\u201d \u0631\u063a\u0648\u0629 \u062a\u0646\u0638\u064a\u0641 \u0627\u0644\u0648\u062c\u0647 \u2013 100 \u0645\u0644"},"content":{"rendered":"<p>Cette mousse nettoyante unifie votre peau et vous aide \u00e0 retrouver un teint uniforme et \u00e9clatant. Votre peau est propre, saine et radieuse.<br \/>\nEnrichi en essence pure de citron. Nettoie et clarifie la peau.<\/p>\n<p>Restaure visiblement l\u2019\u00e9clat de la peau et unifie le teint. Clarifier votre peau, \u00e0 redonner un teint uniforme et l&rsquo;\u00e9clat de votre peau Ce produit doux est enrichi en essence pure de citron pour nettoyer et clarifier la peau.<\/p>\n<h4>\u064a\u0633\u062a\u062e\u062f\u0645<\/h4>\n<ul>\n<li>Appliquez sur une peau humide puis massez doucement pendant une \u00e0 deux minutes<\/li>\n<li>Rincez abondamment.<\/li>\n<\/ul>\n<p>* Evitez le contact avec les yeux et le contour des yeux.<\/p>\n<h4>\u0627\u0644\u0645\u0643\u0648\u0646<\/h4>\n<p>Eau, <span data-iopelement=\"Glycerin\"> glyc\u00e9rine,<\/span> <span data-iopelement=\"Myristic Acid\"> acide myristique,<\/span> <span data-iopelement=\"Palmitic Acid\"> acide palmitique,<\/span> <span data-iopelement=\"Stearic Acid\"> acide st\u00e9arique,<\/span> <span data-iopelement=\"Potassium Hydroxide\"> hydroxyde de potassium,<\/span> acide laurique, st\u00e9arate de glyc\u00e9ryle SE, kaolin, <span data-iopelement=\"Benzyl Alcohol\"> alcool <\/span> benzylique, <span data-iopelement=\"Benzyl Salicylate\"> salicylate <\/span> de benzyle, extrait de Citrus Medica Limonum\/extrait de citron, <span data-iopelement=\"Limonene\"> limon\u00e8ne,<\/span> <span data-iopelement=\"Linalool\"> linalol,<\/span> m\u00e9thylisothiazolinone, <span data-iopelement=\"PEG-14M\"> PEG-14M,<\/span> EDTA t\u00e9trasodique, parfum (FIL B50847\/1).<\/p>\n<p>&nbsp;<\/p>","protected":false},"excerpt":{"rendered":"<p>Cette mousse nettoyante unifie votre peau et vous aide \u00e0 retrouver un teint uniforme et \u00e9clatant. Votre peau est propre,<\/p>","protected":false},"featured_media":21055,"comment_status":"open","ping_status":"closed","template":"","meta":[],"pwb-brand":[1091],"product_brand":[],"product_cat":[267,1042,1101,1032,1029],"product_tag":[],"class_list":{"0":"post-21054","1":"product","2":"type-product","3":"status-publish","4":"has-post-thumbnail","6":"pwb-brand-garnier","7":"product_cat-beaute-et-soins","8":"product_cat-nettoyants-et-exfoliants-pour-le-visage","9":"product_cat-nettoyants-pour-le-visage","10":"product_cat-soins-du-visage","11":"product_cat-soins-pour-la-peau","13":"first","14":"instock","15":"shipping-taxable","16":"purchasable","17":"product-type-simple"},"yoast_head":"<!-- This site is optimized with the Yoast SEO plugin v27.4 - https:\/\/yoast.com\/product\/yoast-seo-wordpress\/ -->\n<title>Garnier - Mousse Nettoyante Visage &quot;Skin Active Vitamine C+ Extrait De Citron - 100 ml - NIRIGS<\/title>\n<meta name=\"robots\" content=\"index, follow, max-snippet:-1, max-image-preview:large, max-video-preview:-1\" \/>\n<link rel=\"canonical\" href=\"https:\/\/nirigs.com\/ar\/product\/garnier-mousse-nettoyante-visage-skin-active-vitamine-c-extrait-de-citron-100-ml\/\" \/>\n<meta property=\"og:locale\" content=\"ar_AR\" \/>\n<meta property=\"og:type\" content=\"article\" \/>\n<meta property=\"og:title\" content=\"Garnier - Mousse Nettoyante Visage &quot;Skin Active Vitamine C+ Extrait De Citron - 100 ml - NIRIGS\" \/>\n<meta property=\"og:description\" content=\"Cette mousse nettoyante unifie votre peau et vous aide \u00e0 retrouver un teint uniforme et \u00e9clatant. Votre peau est propre,\" \/>\n<meta property=\"og:url\" content=\"https:\/\/nirigs.com\/ar\/product\/garnier-mousse-nettoyante-visage-skin-active-vitamine-c-extrait-de-citron-100-ml\/\" \/>\n<meta property=\"og:site_name\" content=\"NIRIGS\" \/>\n<meta property=\"article:modified_time\" content=\"2025-03-13T15:12:48+00:00\" \/>\n<meta property=\"og:image\" content=\"https:\/\/nirigs.com\/wp-content\/uploads\/2024\/09\/Garnier-Mousse-Nettoyante-Visage-Skin-Active-Vitamine-C-Extrait-De-Citron-100ML.jpg\" \/>\n\t<meta property=\"og:image:width\" content=\"1000\" \/>\n\t<meta property=\"og:image:height\" content=\"1000\" \/>\n\t<meta property=\"og:image:type\" content=\"image\/jpeg\" \/>\n<meta name=\"twitter:card\" content=\"summary_large_image\" \/>\n<meta name=\"twitter:label1\" content=\"\u0648\u0642\u062a \u0627\u0644\u0642\u0631\u0627\u0621\u0629 \u0627\u0644\u0645\u064f\u0642\u062f\u0651\u0631\" \/>\n\t<meta name=\"twitter:data1\" content=\"\u062f\u0642\u064a\u0642\u0629 \u0648\u0627\u062d\u062f\u0629\" \/>\n<script type=\"application\/ld+json\" class=\"yoast-schema-graph\">{\"@context\":\"https:\\\/\\\/schema.org\",\"@graph\":[{\"@type\":\"WebPage\",\"@id\":\"https:\\\/\\\/nirigs.com\\\/product\\\/garnier-mousse-nettoyante-visage-skin-active-vitamine-c-extrait-de-citron-100-ml\\\/\",\"url\":\"https:\\\/\\\/nirigs.com\\\/product\\\/garnier-mousse-nettoyante-visage-skin-active-vitamine-c-extrait-de-citron-100-ml\\\/\",\"name\":\"Garnier - Mousse Nettoyante Visage \\\"Skin Active Vitamine C+ Extrait De Citron - 100 ml - NIRIGS\",\"isPartOf\":{\"@id\":\"https:\\\/\\\/nirigs.com\\\/#website\"},\"primaryImageOfPage\":{\"@id\":\"https:\\\/\\\/nirigs.com\\\/product\\\/garnier-mousse-nettoyante-visage-skin-active-vitamine-c-extrait-de-citron-100-ml\\\/#primaryimage\"},\"image\":{\"@id\":\"https:\\\/\\\/nirigs.com\\\/product\\\/garnier-mousse-nettoyante-visage-skin-active-vitamine-c-extrait-de-citron-100-ml\\\/#primaryimage\"},\"thumbnailUrl\":\"https:\\\/\\\/nirigs.com\\\/wp-content\\\/uploads\\\/2024\\\/09\\\/Garnier-Mousse-Nettoyante-Visage-Skin-Active-Vitamine-C-Extrait-De-Citron-100ML.jpg\",\"datePublished\":\"2024-10-02T14:50:35+00:00\",\"dateModified\":\"2025-03-13T15:12:48+00:00\",\"breadcrumb\":{\"@id\":\"https:\\\/\\\/nirigs.com\\\/product\\\/garnier-mousse-nettoyante-visage-skin-active-vitamine-c-extrait-de-citron-100-ml\\\/#breadcrumb\"},\"inLanguage\":\"ar\",\"potentialAction\":[{\"@type\":\"ReadAction\",\"target\":[\"https:\\\/\\\/nirigs.com\\\/product\\\/garnier-mousse-nettoyante-visage-skin-active-vitamine-c-extrait-de-citron-100-ml\\\/\"]}]},{\"@type\":\"ImageObject\",\"inLanguage\":\"ar\",\"@id\":\"https:\\\/\\\/nirigs.com\\\/product\\\/garnier-mousse-nettoyante-visage-skin-active-vitamine-c-extrait-de-citron-100-ml\\\/#primaryimage\",\"url\":\"https:\\\/\\\/nirigs.com\\\/wp-content\\\/uploads\\\/2024\\\/09\\\/Garnier-Mousse-Nettoyante-Visage-Skin-Active-Vitamine-C-Extrait-De-Citron-100ML.jpg\",\"contentUrl\":\"https:\\\/\\\/nirigs.com\\\/wp-content\\\/uploads\\\/2024\\\/09\\\/Garnier-Mousse-Nettoyante-Visage-Skin-Active-Vitamine-C-Extrait-De-Citron-100ML.jpg\",\"width\":1000,\"height\":1000},{\"@type\":\"BreadcrumbList\",\"@id\":\"https:\\\/\\\/nirigs.com\\\/product\\\/garnier-mousse-nettoyante-visage-skin-active-vitamine-c-extrait-de-citron-100-ml\\\/#breadcrumb\",\"itemListElement\":[{\"@type\":\"ListItem\",\"position\":1,\"name\":\"Home\",\"item\":\"https:\\\/\\\/nirigs.com\\\/\"},{\"@type\":\"ListItem\",\"position\":2,\"name\":\"Parcourir\",\"item\":\"https:\\\/\\\/nirigs.com\\\/boutique\\\/\"},{\"@type\":\"ListItem\",\"position\":3,\"name\":\"Garnier &#8211; Mousse Nettoyante Visage \u00ab\u00a0Skin Active Vitamine C+ Extrait De Citron &#8211; 100 ml\"}]},{\"@type\":\"WebSite\",\"@id\":\"https:\\\/\\\/nirigs.com\\\/#website\",\"url\":\"https:\\\/\\\/nirigs.com\\\/\",\"name\":\"Nirigs.com\",\"description\":\"Simplifiez vos achats du quotidien \u00e0 Djibouti\",\"publisher\":{\"@id\":\"https:\\\/\\\/nirigs.com\\\/#organization\"},\"potentialAction\":[{\"@type\":\"SearchAction\",\"target\":{\"@type\":\"EntryPoint\",\"urlTemplate\":\"https:\\\/\\\/nirigs.com\\\/?s={search_term_string}\"},\"query-input\":{\"@type\":\"PropertyValueSpecification\",\"valueRequired\":true,\"valueName\":\"search_term_string\"}}],\"inLanguage\":\"ar\"},{\"@type\":\"Organization\",\"@id\":\"https:\\\/\\\/nirigs.com\\\/#organization\",\"name\":\"Nirigs\",\"url\":\"https:\\\/\\\/nirigs.com\\\/\",\"logo\":{\"@type\":\"ImageObject\",\"inLanguage\":\"ar\",\"@id\":\"https:\\\/\\\/nirigs.com\\\/#\\\/schema\\\/logo\\\/image\\\/\",\"url\":\"https:\\\/\\\/nirigs.com\\\/wp-content\\\/uploads\\\/2025\\\/04\\\/Design-sans-titre-27.png\",\"contentUrl\":\"https:\\\/\\\/nirigs.com\\\/wp-content\\\/uploads\\\/2025\\\/04\\\/Design-sans-titre-27.png\",\"width\":500,\"height\":500,\"caption\":\"Nirigs\"},\"image\":{\"@id\":\"https:\\\/\\\/nirigs.com\\\/#\\\/schema\\\/logo\\\/image\\\/\"}}]}<\/script>\n<!-- \/ Yoast SEO plugin. -->","yoast_head_json":{"title":"Garnier - Mousse Nettoyante Visage \"Skin Active Vitamine C+ Extrait De Citron - 100 ml - NIRIGS","robots":{"index":"index","follow":"follow","max-snippet":"max-snippet:-1","max-image-preview":"max-image-preview:large","max-video-preview":"max-video-preview:-1"},"canonical":"https:\/\/nirigs.com\/ar\/product\/garnier-mousse-nettoyante-visage-skin-active-vitamine-c-extrait-de-citron-100-ml\/","og_locale":"ar_AR","og_type":"article","og_title":"Garnier - Mousse Nettoyante Visage \"Skin Active Vitamine C+ Extrait De Citron - 100 ml - NIRIGS","og_description":"Cette mousse nettoyante unifie votre peau et vous aide \u00e0 retrouver un teint uniforme et \u00e9clatant. Votre peau est propre,","og_url":"https:\/\/nirigs.com\/ar\/product\/garnier-mousse-nettoyante-visage-skin-active-vitamine-c-extrait-de-citron-100-ml\/","og_site_name":"NIRIGS","article_modified_time":"2025-03-13T15:12:48+00:00","og_image":[{"width":1000,"height":1000,"url":"https:\/\/nirigs.com\/wp-content\/uploads\/2024\/09\/Garnier-Mousse-Nettoyante-Visage-Skin-Active-Vitamine-C-Extrait-De-Citron-100ML.jpg","type":"image\/jpeg"}],"twitter_card":"summary_large_image","twitter_misc":{"\u0648\u0642\u062a \u0627\u0644\u0642\u0631\u0627\u0621\u0629 \u0627\u0644\u0645\u064f\u0642\u062f\u0651\u0631":"\u062f\u0642\u064a\u0642\u0629 \u0648\u0627\u062d\u062f\u0629"},"schema":{"@context":"https:\/\/schema.org","@graph":[{"@type":"WebPage","@id":"https:\/\/nirigs.com\/product\/garnier-mousse-nettoyante-visage-skin-active-vitamine-c-extrait-de-citron-100-ml\/","url":"https:\/\/nirigs.com\/product\/garnier-mousse-nettoyante-visage-skin-active-vitamine-c-extrait-de-citron-100-ml\/","name":"Garnier - Mousse Nettoyante Visage \"Skin Active Vitamine C+ Extrait De Citron - 100 ml - NIRIGS","isPartOf":{"@id":"https:\/\/nirigs.com\/#website"},"primaryImageOfPage":{"@id":"https:\/\/nirigs.com\/product\/garnier-mousse-nettoyante-visage-skin-active-vitamine-c-extrait-de-citron-100-ml\/#primaryimage"},"image":{"@id":"https:\/\/nirigs.com\/product\/garnier-mousse-nettoyante-visage-skin-active-vitamine-c-extrait-de-citron-100-ml\/#primaryimage"},"thumbnailUrl":"https:\/\/nirigs.com\/wp-content\/uploads\/2024\/09\/Garnier-Mousse-Nettoyante-Visage-Skin-Active-Vitamine-C-Extrait-De-Citron-100ML.jpg","datePublished":"2024-10-02T14:50:35+00:00","dateModified":"2025-03-13T15:12:48+00:00","breadcrumb":{"@id":"https:\/\/nirigs.com\/product\/garnier-mousse-nettoyante-visage-skin-active-vitamine-c-extrait-de-citron-100-ml\/#breadcrumb"},"inLanguage":"ar","potentialAction":[{"@type":"ReadAction","target":["https:\/\/nirigs.com\/product\/garnier-mousse-nettoyante-visage-skin-active-vitamine-c-extrait-de-citron-100-ml\/"]}]},{"@type":"ImageObject","inLanguage":"ar","@id":"https:\/\/nirigs.com\/product\/garnier-mousse-nettoyante-visage-skin-active-vitamine-c-extrait-de-citron-100-ml\/#primaryimage","url":"https:\/\/nirigs.com\/wp-content\/uploads\/2024\/09\/Garnier-Mousse-Nettoyante-Visage-Skin-Active-Vitamine-C-Extrait-De-Citron-100ML.jpg","contentUrl":"https:\/\/nirigs.com\/wp-content\/uploads\/2024\/09\/Garnier-Mousse-Nettoyante-Visage-Skin-Active-Vitamine-C-Extrait-De-Citron-100ML.jpg","width":1000,"height":1000},{"@type":"BreadcrumbList","@id":"https:\/\/nirigs.com\/product\/garnier-mousse-nettoyante-visage-skin-active-vitamine-c-extrait-de-citron-100-ml\/#breadcrumb","itemListElement":[{"@type":"ListItem","position":1,"name":"Home","item":"https:\/\/nirigs.com\/"},{"@type":"ListItem","position":2,"name":"Parcourir","item":"https:\/\/nirigs.com\/boutique\/"},{"@type":"ListItem","position":3,"name":"Garnier &#8211; Mousse Nettoyante Visage \u00ab\u00a0Skin Active Vitamine C+ Extrait De Citron &#8211; 100 ml"}]},{"@type":"WebSite","@id":"https:\/\/nirigs.com\/#website","url":"https:\/\/nirigs.com\/","name":"Nirigs.com","description":"Simplifiez vos achats du quotidien \u00e0 Djibouti","publisher":{"@id":"https:\/\/nirigs.com\/#organization"},"potentialAction":[{"@type":"SearchAction","target":{"@type":"EntryPoint","urlTemplate":"https:\/\/nirigs.com\/?s={search_term_string}"},"query-input":{"@type":"PropertyValueSpecification","valueRequired":true,"valueName":"search_term_string"}}],"inLanguage":"ar"},{"@type":"Organization","@id":"https:\/\/nirigs.com\/#organization","name":"\u0646\u064a\u0631\u064a\u062c\u0633","url":"https:\/\/nirigs.com\/","logo":{"@type":"ImageObject","inLanguage":"ar","@id":"https:\/\/nirigs.com\/#\/schema\/logo\/image\/","url":"https:\/\/nirigs.com\/wp-content\/uploads\/2025\/04\/Design-sans-titre-27.png","contentUrl":"https:\/\/nirigs.com\/wp-content\/uploads\/2025\/04\/Design-sans-titre-27.png","width":500,"height":500,"caption":"Nirigs"},"image":{"@id":"https:\/\/nirigs.com\/#\/schema\/logo\/image\/"}}]}},"brands":[{"id":1091,"name":"Garnier","slug":"garnier"}],"_links":{"self":[{"href":"https:\/\/nirigs.com\/ar\/wp-json\/wp\/v2\/product\/21054","targetHints":{"allow":["GET"]}}],"collection":[{"href":"https:\/\/nirigs.com\/ar\/wp-json\/wp\/v2\/product"}],"about":[{"href":"https:\/\/nirigs.com\/ar\/wp-json\/wp\/v2\/types\/product"}],"replies":[{"embeddable":true,"href":"https:\/\/nirigs.com\/ar\/wp-json\/wp\/v2\/comments?post=21054"}],"version-history":[{"count":5,"href":"https:\/\/nirigs.com\/ar\/wp-json\/wp\/v2\/product\/21054\/revisions"}],"predecessor-version":[{"id":24989,"href":"https:\/\/nirigs.com\/ar\/wp-json\/wp\/v2\/product\/21054\/revisions\/24989"}],"wp:featuredmedia":[{"embeddable":true,"href":"https:\/\/nirigs.com\/ar\/wp-json\/wp\/v2\/media\/21055"}],"wp:attachment":[{"href":"https:\/\/nirigs.com\/ar\/wp-json\/wp\/v2\/media?parent=21054"}],"wp:term":[{"taxonomy":"pwb-brand","embeddable":true,"href":"https:\/\/nirigs.com\/ar\/wp-json\/wp\/v2\/pwb-brand?post=21054"},{"taxonomy":"product_brand","embeddable":true,"href":"https:\/\/nirigs.com\/ar\/wp-json\/wp\/v2\/product_brand?post=21054"},{"taxonomy":"product_cat","embeddable":true,"href":"https:\/\/nirigs.com\/ar\/wp-json\/wp\/v2\/product_cat?post=21054"},{"taxonomy":"product_tag","embeddable":true,"href":"https:\/\/nirigs.com\/ar\/wp-json\/wp\/v2\/product_tag?post=21054"}],"curies":[{"name":"wp","href":"https:\/\/api.w.org\/{rel}","templated":true}]}}