{"id":21044,"date":"2024-10-02T17:51:22","date_gmt":"2024-10-02T14:51:22","guid":{"rendered":"https:\/\/nirigs.com\/?post_type=product&#038;p=21044"},"modified":"2025-04-22T11:24:30","modified_gmt":"2025-04-22T08:24:30","slug":"loreal-paris-fluide-anti-uv-visage-vitamine-c-fps-50-protection-quotidienne-revitalift-clinical","status":"publish","type":"product","link":"https:\/\/nirigs.com\/ar\/product\/loreal-paris-fluide-anti-uv-visage-vitamine-c-fps-50-protection-quotidienne-revitalift-clinical\/","title":{"rendered":"L&rsquo;OREAL PARIS &#8211; Fluide Anti-UV Visage Vitamine C Fps 50+ Protection Quotidienne Revitalift Clinical"},"content":{"rendered":"<p>Fluide FPS 50+ \u00e0 la technologie Netlock pour une tr\u00e8s haute protection contre les UVB et les UVA longs pour pr\u00e9venir les signes de l&rsquo;\u00e2ge photoinduits : taches, rides et teint irr\u00e9gulier. Le Fluide Anti-UV FPS 50+ prot\u00e8ge, pr\u00e9vient et am\u00e9liore visiblement les premiers signes de l&rsquo;\u00e2ge. Apr\u00e8s 1 utilisation, la peau est prot\u00e9g\u00e9e des rayons UV, elle para\u00eet hydrat\u00e9e et fra\u00eeche.<\/p>\n<h4>\u064a\u0633\u062a\u062e\u062f\u0645<\/h4>\n<ul>\n<li>Bien agiter avant l&rsquo;application.<\/li>\n<li>Appliquer chaque matin comme un soin hydratant ou apr\u00e8s votre routine de soin, avant le maquillage.<\/li>\n<\/ul>\n<p>* Application possible sur la paupi\u00e8re et le contour des yeux. Id\u00e9al pour une utilisation combin\u00e9e avec l&rsquo;un des s\u00e9rums Revitalift : Vitamine C, Acide Hyaluronique ou R\u00e9tinol.<\/p>\n<h4>\u0645\u0643\u0648\u0646\u0627\u062a<\/h4>\n<p>AQUA \/ WATER &#8211; ALCOHOL DENAT. &#8211; DIISOPROPYL SEBACATE &#8211; SILICA &#8211; ISOPROPYL MYRISTATE &#8211; ETHYLHEXYL SALICYLATE &#8211; ETHYLHEXYL TRIAZONE &#8211; BIS-ETHYLHEXYLOXYPHENOL METHOXYPHENYL TRIAZINE &#8211; BUTYL METHOXYDIBENZOYLMETHANE &#8211; GLYCERIN &#8211; PROPANEDIOL &#8211; C12-22 ALKYL ACRYLATE\/HYDROXYETHYLACRYLATE COPOLYMER &#8211; DROMETRIZOLE TRISILOXANE &#8211; PERLITE &#8211; CAPRYLIC\/CAPRIC TRIGLYCERIDE &#8211; TOCOPHEROL &#8211; ASCORBYL GLUCOSIDE &#8211; HYDROXYACETOPHENONE &#8211; HYDROXYETHYLCELLULOSE &#8211; SODIUM HYALURONATE &#8211; TRIETHANOLAMINE &#8211; TRISODIUM ETHYLENEDIAMINE DISUCCINATE &#8211; CAPRYLYL GLYCOL &#8211; TEREPHTHALYLIDENE DICAMPHOR SULFONIC ACID &#8211; ACRYLATES\/C10-30 ALKYL ACRYLATE CROSSPOLYMER &#8211; PARFUM \/ FRAGRANCE (F.I.L. Z70013153\/1).<\/p>","protected":false},"excerpt":{"rendered":"<p><br data-mce-bogus=\"1\"><\/p>","protected":false},"featured_media":21045,"comment_status":"open","ping_status":"closed","template":"","meta":[],"pwb-brand":[588],"product_brand":[],"product_cat":[267,1087,1029,1034],"product_tag":[],"class_list":{"0":"post-21044","1":"product","2":"type-product","3":"status-publish","4":"has-post-thumbnail","6":"pwb-brand-loreal-paris","7":"product_cat-beaute-et-soins","8":"product_cat-creme-solaire","9":"product_cat-soins-pour-la-peau","10":"product_cat-solaires-et-bronzants","12":"first","13":"instock","14":"shipping-taxable","15":"purchasable","16":"product-type-simple"},"yoast_head":"<!-- This site is optimized with the Yoast SEO plugin v27.1.1 - https:\/\/yoast.com\/product\/yoast-seo-wordpress\/ -->\n<title>L&#039;OREAL PARIS - Fluide Anti-UV Visage Vitamine C Fps 50+ Protection Quotidienne Revitalift Clinical - NIRIGS<\/title>\n<meta name=\"robots\" content=\"index, follow, max-snippet:-1, max-image-preview:large, max-video-preview:-1\" \/>\n<link rel=\"canonical\" href=\"https:\/\/nirigs.com\/ar\/product\/loreal-paris-fluide-anti-uv-visage-vitamine-c-fps-50-protection-quotidienne-revitalift-clinical\/\" \/>\n<meta property=\"og:locale\" content=\"ar_AR\" \/>\n<meta property=\"og:type\" content=\"article\" \/>\n<meta property=\"og:title\" content=\"L&#039;OREAL PARIS - Fluide Anti-UV Visage Vitamine C Fps 50+ Protection Quotidienne Revitalift Clinical - NIRIGS\" \/>\n<meta property=\"og:url\" content=\"https:\/\/nirigs.com\/ar\/product\/loreal-paris-fluide-anti-uv-visage-vitamine-c-fps-50-protection-quotidienne-revitalift-clinical\/\" \/>\n<meta property=\"og:site_name\" content=\"NIRIGS\" \/>\n<meta property=\"article:modified_time\" content=\"2025-04-22T08:24:30+00:00\" \/>\n<meta property=\"og:image\" content=\"https:\/\/nirigs.com\/wp-content\/uploads\/2024\/09\/LOREAL-PARISF-luide-Anti-UV-Visage-Vitamine-C-Fps-50-Protection-Quotidienne-Revitalift-Clinical.jpg\" \/>\n\t<meta property=\"og:image:width\" content=\"1000\" \/>\n\t<meta property=\"og:image:height\" content=\"1000\" \/>\n\t<meta property=\"og:image:type\" content=\"image\/jpeg\" \/>\n<meta name=\"twitter:card\" content=\"summary_large_image\" \/>\n<meta name=\"twitter:label1\" content=\"\u0648\u0642\u062a \u0627\u0644\u0642\u0631\u0627\u0621\u0629 \u0627\u0644\u0645\u064f\u0642\u062f\u0651\u0631\" \/>\n\t<meta name=\"twitter:data1\" content=\"\u062f\u0642\u064a\u0642\u0629 \u0648\u0627\u062d\u062f\u0629\" \/>\n<script type=\"application\/ld+json\" class=\"yoast-schema-graph\">{\"@context\":\"https:\/\/schema.org\",\"@graph\":[{\"@type\":\"WebPage\",\"@id\":\"https:\/\/nirigs.com\/product\/loreal-paris-fluide-anti-uv-visage-vitamine-c-fps-50-protection-quotidienne-revitalift-clinical\/\",\"url\":\"https:\/\/nirigs.com\/product\/loreal-paris-fluide-anti-uv-visage-vitamine-c-fps-50-protection-quotidienne-revitalift-clinical\/\",\"name\":\"L'OREAL PARIS - Fluide Anti-UV Visage Vitamine C Fps 50+ Protection Quotidienne Revitalift Clinical - NIRIGS\",\"isPartOf\":{\"@id\":\"https:\/\/nirigs.com\/#website\"},\"primaryImageOfPage\":{\"@id\":\"https:\/\/nirigs.com\/product\/loreal-paris-fluide-anti-uv-visage-vitamine-c-fps-50-protection-quotidienne-revitalift-clinical\/#primaryimage\"},\"image\":{\"@id\":\"https:\/\/nirigs.com\/product\/loreal-paris-fluide-anti-uv-visage-vitamine-c-fps-50-protection-quotidienne-revitalift-clinical\/#primaryimage\"},\"thumbnailUrl\":\"https:\/\/nirigs.com\/wp-content\/uploads\/2024\/09\/LOREAL-PARISF-luide-Anti-UV-Visage-Vitamine-C-Fps-50-Protection-Quotidienne-Revitalift-Clinical.jpg\",\"datePublished\":\"2024-10-02T14:51:22+00:00\",\"dateModified\":\"2025-04-22T08:24:30+00:00\",\"breadcrumb\":{\"@id\":\"https:\/\/nirigs.com\/product\/loreal-paris-fluide-anti-uv-visage-vitamine-c-fps-50-protection-quotidienne-revitalift-clinical\/#breadcrumb\"},\"inLanguage\":\"ar\",\"potentialAction\":[{\"@type\":\"ReadAction\",\"target\":[\"https:\/\/nirigs.com\/product\/loreal-paris-fluide-anti-uv-visage-vitamine-c-fps-50-protection-quotidienne-revitalift-clinical\/\"]}]},{\"@type\":\"ImageObject\",\"inLanguage\":\"ar\",\"@id\":\"https:\/\/nirigs.com\/product\/loreal-paris-fluide-anti-uv-visage-vitamine-c-fps-50-protection-quotidienne-revitalift-clinical\/#primaryimage\",\"url\":\"https:\/\/nirigs.com\/wp-content\/uploads\/2024\/09\/LOREAL-PARISF-luide-Anti-UV-Visage-Vitamine-C-Fps-50-Protection-Quotidienne-Revitalift-Clinical.jpg\",\"contentUrl\":\"https:\/\/nirigs.com\/wp-content\/uploads\/2024\/09\/LOREAL-PARISF-luide-Anti-UV-Visage-Vitamine-C-Fps-50-Protection-Quotidienne-Revitalift-Clinical.jpg\",\"width\":1000,\"height\":1000},{\"@type\":\"BreadcrumbList\",\"@id\":\"https:\/\/nirigs.com\/product\/loreal-paris-fluide-anti-uv-visage-vitamine-c-fps-50-protection-quotidienne-revitalift-clinical\/#breadcrumb\",\"itemListElement\":[{\"@type\":\"ListItem\",\"position\":1,\"name\":\"Home\",\"item\":\"https:\/\/nirigs.com\/\"},{\"@type\":\"ListItem\",\"position\":2,\"name\":\"Parcourir\",\"item\":\"https:\/\/nirigs.com\/boutique\/\"},{\"@type\":\"ListItem\",\"position\":3,\"name\":\"L&rsquo;OREAL PARIS &#8211; Fluide Anti-UV Visage Vitamine C Fps 50+ Protection Quotidienne Revitalift Clinical\"}]},{\"@type\":\"WebSite\",\"@id\":\"https:\/\/nirigs.com\/#website\",\"url\":\"https:\/\/nirigs.com\/\",\"name\":\"Nirigs.com\",\"description\":\"Simplifiez vos achats du quotidien \u00e0 Djibouti\",\"publisher\":{\"@id\":\"https:\/\/nirigs.com\/#organization\"},\"potentialAction\":[{\"@type\":\"SearchAction\",\"target\":{\"@type\":\"EntryPoint\",\"urlTemplate\":\"https:\/\/nirigs.com\/?s={search_term_string}\"},\"query-input\":{\"@type\":\"PropertyValueSpecification\",\"valueRequired\":true,\"valueName\":\"search_term_string\"}}],\"inLanguage\":\"ar\"},{\"@type\":\"Organization\",\"@id\":\"https:\/\/nirigs.com\/#organization\",\"name\":\"Nirigs\",\"url\":\"https:\/\/nirigs.com\/\",\"logo\":{\"@type\":\"ImageObject\",\"inLanguage\":\"ar\",\"@id\":\"https:\/\/nirigs.com\/#\/schema\/logo\/image\/\",\"url\":\"https:\/\/nirigs.com\/wp-content\/uploads\/2025\/04\/Design-sans-titre-27.png\",\"contentUrl\":\"https:\/\/nirigs.com\/wp-content\/uploads\/2025\/04\/Design-sans-titre-27.png\",\"width\":500,\"height\":500,\"caption\":\"Nirigs\"},\"image\":{\"@id\":\"https:\/\/nirigs.com\/#\/schema\/logo\/image\/\"}}]}<\/script>\n<!-- \/ Yoast SEO plugin. -->","yoast_head_json":{"title":"L'OREAL PARIS - Fluide Anti-UV Visage Vitamine C Fps 50+ Protection Quotidienne Revitalift Clinical - NIRIGS","robots":{"index":"index","follow":"follow","max-snippet":"max-snippet:-1","max-image-preview":"max-image-preview:large","max-video-preview":"max-video-preview:-1"},"canonical":"https:\/\/nirigs.com\/ar\/product\/loreal-paris-fluide-anti-uv-visage-vitamine-c-fps-50-protection-quotidienne-revitalift-clinical\/","og_locale":"ar_AR","og_type":"article","og_title":"L'OREAL PARIS - Fluide Anti-UV Visage Vitamine C Fps 50+ Protection Quotidienne Revitalift Clinical - NIRIGS","og_url":"https:\/\/nirigs.com\/ar\/product\/loreal-paris-fluide-anti-uv-visage-vitamine-c-fps-50-protection-quotidienne-revitalift-clinical\/","og_site_name":"NIRIGS","article_modified_time":"2025-04-22T08:24:30+00:00","og_image":[{"width":1000,"height":1000,"url":"https:\/\/nirigs.com\/wp-content\/uploads\/2024\/09\/LOREAL-PARISF-luide-Anti-UV-Visage-Vitamine-C-Fps-50-Protection-Quotidienne-Revitalift-Clinical.jpg","type":"image\/jpeg"}],"twitter_card":"summary_large_image","twitter_misc":{"\u0648\u0642\u062a \u0627\u0644\u0642\u0631\u0627\u0621\u0629 \u0627\u0644\u0645\u064f\u0642\u062f\u0651\u0631":"\u062f\u0642\u064a\u0642\u0629 \u0648\u0627\u062d\u062f\u0629"},"schema":{"@context":"https:\/\/schema.org","@graph":[{"@type":"WebPage","@id":"https:\/\/nirigs.com\/product\/loreal-paris-fluide-anti-uv-visage-vitamine-c-fps-50-protection-quotidienne-revitalift-clinical\/","url":"https:\/\/nirigs.com\/product\/loreal-paris-fluide-anti-uv-visage-vitamine-c-fps-50-protection-quotidienne-revitalift-clinical\/","name":"L'OREAL PARIS - Fluide Anti-UV Visage Vitamine C Fps 50+ Protection Quotidienne Revitalift Clinical - NIRIGS","isPartOf":{"@id":"https:\/\/nirigs.com\/#website"},"primaryImageOfPage":{"@id":"https:\/\/nirigs.com\/product\/loreal-paris-fluide-anti-uv-visage-vitamine-c-fps-50-protection-quotidienne-revitalift-clinical\/#primaryimage"},"image":{"@id":"https:\/\/nirigs.com\/product\/loreal-paris-fluide-anti-uv-visage-vitamine-c-fps-50-protection-quotidienne-revitalift-clinical\/#primaryimage"},"thumbnailUrl":"https:\/\/nirigs.com\/wp-content\/uploads\/2024\/09\/LOREAL-PARISF-luide-Anti-UV-Visage-Vitamine-C-Fps-50-Protection-Quotidienne-Revitalift-Clinical.jpg","datePublished":"2024-10-02T14:51:22+00:00","dateModified":"2025-04-22T08:24:30+00:00","breadcrumb":{"@id":"https:\/\/nirigs.com\/product\/loreal-paris-fluide-anti-uv-visage-vitamine-c-fps-50-protection-quotidienne-revitalift-clinical\/#breadcrumb"},"inLanguage":"ar","potentialAction":[{"@type":"ReadAction","target":["https:\/\/nirigs.com\/product\/loreal-paris-fluide-anti-uv-visage-vitamine-c-fps-50-protection-quotidienne-revitalift-clinical\/"]}]},{"@type":"ImageObject","inLanguage":"ar","@id":"https:\/\/nirigs.com\/product\/loreal-paris-fluide-anti-uv-visage-vitamine-c-fps-50-protection-quotidienne-revitalift-clinical\/#primaryimage","url":"https:\/\/nirigs.com\/wp-content\/uploads\/2024\/09\/LOREAL-PARISF-luide-Anti-UV-Visage-Vitamine-C-Fps-50-Protection-Quotidienne-Revitalift-Clinical.jpg","contentUrl":"https:\/\/nirigs.com\/wp-content\/uploads\/2024\/09\/LOREAL-PARISF-luide-Anti-UV-Visage-Vitamine-C-Fps-50-Protection-Quotidienne-Revitalift-Clinical.jpg","width":1000,"height":1000},{"@type":"BreadcrumbList","@id":"https:\/\/nirigs.com\/product\/loreal-paris-fluide-anti-uv-visage-vitamine-c-fps-50-protection-quotidienne-revitalift-clinical\/#breadcrumb","itemListElement":[{"@type":"ListItem","position":1,"name":"Home","item":"https:\/\/nirigs.com\/"},{"@type":"ListItem","position":2,"name":"Parcourir","item":"https:\/\/nirigs.com\/boutique\/"},{"@type":"ListItem","position":3,"name":"L&rsquo;OREAL PARIS &#8211; Fluide Anti-UV Visage Vitamine C Fps 50+ Protection Quotidienne Revitalift Clinical"}]},{"@type":"WebSite","@id":"https:\/\/nirigs.com\/#website","url":"https:\/\/nirigs.com\/","name":"Nirigs.com","description":"Simplifiez vos achats du quotidien \u00e0 Djibouti","publisher":{"@id":"https:\/\/nirigs.com\/#organization"},"potentialAction":[{"@type":"SearchAction","target":{"@type":"EntryPoint","urlTemplate":"https:\/\/nirigs.com\/?s={search_term_string}"},"query-input":{"@type":"PropertyValueSpecification","valueRequired":true,"valueName":"search_term_string"}}],"inLanguage":"ar"},{"@type":"Organization","@id":"https:\/\/nirigs.com\/#organization","name":"\u0646\u064a\u0631\u064a\u062c\u0633","url":"https:\/\/nirigs.com\/","logo":{"@type":"ImageObject","inLanguage":"ar","@id":"https:\/\/nirigs.com\/#\/schema\/logo\/image\/","url":"https:\/\/nirigs.com\/wp-content\/uploads\/2025\/04\/Design-sans-titre-27.png","contentUrl":"https:\/\/nirigs.com\/wp-content\/uploads\/2025\/04\/Design-sans-titre-27.png","width":500,"height":500,"caption":"Nirigs"},"image":{"@id":"https:\/\/nirigs.com\/#\/schema\/logo\/image\/"}}]}},"brands":[{"id":588,"name":"L'Or\u00e9al Paris","slug":"loreal-paris"}],"_links":{"self":[{"href":"https:\/\/nirigs.com\/ar\/wp-json\/wp\/v2\/product\/21044","targetHints":{"allow":["GET"]}}],"collection":[{"href":"https:\/\/nirigs.com\/ar\/wp-json\/wp\/v2\/product"}],"about":[{"href":"https:\/\/nirigs.com\/ar\/wp-json\/wp\/v2\/types\/product"}],"replies":[{"embeddable":true,"href":"https:\/\/nirigs.com\/ar\/wp-json\/wp\/v2\/comments?post=21044"}],"version-history":[{"count":11,"href":"https:\/\/nirigs.com\/ar\/wp-json\/wp\/v2\/product\/21044\/revisions"}],"predecessor-version":[{"id":26965,"href":"https:\/\/nirigs.com\/ar\/wp-json\/wp\/v2\/product\/21044\/revisions\/26965"}],"wp:featuredmedia":[{"embeddable":true,"href":"https:\/\/nirigs.com\/ar\/wp-json\/wp\/v2\/media\/21045"}],"wp:attachment":[{"href":"https:\/\/nirigs.com\/ar\/wp-json\/wp\/v2\/media?parent=21044"}],"wp:term":[{"taxonomy":"pwb-brand","embeddable":true,"href":"https:\/\/nirigs.com\/ar\/wp-json\/wp\/v2\/pwb-brand?post=21044"},{"taxonomy":"product_brand","embeddable":true,"href":"https:\/\/nirigs.com\/ar\/wp-json\/wp\/v2\/product_brand?post=21044"},{"taxonomy":"product_cat","embeddable":true,"href":"https:\/\/nirigs.com\/ar\/wp-json\/wp\/v2\/product_cat?post=21044"},{"taxonomy":"product_tag","embeddable":true,"href":"https:\/\/nirigs.com\/ar\/wp-json\/wp\/v2\/product_tag?post=21044"}],"curies":[{"name":"wp","href":"https:\/\/api.w.org\/{rel}","templated":true}]}}