{"id":21036,"date":"2024-10-02T17:52:12","date_gmt":"2024-10-02T14:52:12","guid":{"rendered":"https:\/\/nirigs.com\/?post_type=product&#038;p=21036"},"modified":"2025-04-22T11:12:59","modified_gmt":"2025-04-22T08:12:59","slug":"loreal-paris-serum-visage-anti-taches-niacinamide-bright-reveal","status":"publish","type":"product","link":"https:\/\/nirigs.com\/ar\/product\/loreal-paris-serum-visage-anti-taches-niacinamide-bright-reveal\/","title":{"rendered":"L&rsquo;OREAL PARIS &#8211; S\u00e9rum Visage Anti-T\u00e2ches Niacinamide Bright Reveal"},"content":{"rendered":"<div id=\"product-characteristics-description\" class=\"product-content\">\n<div class=\"product-content__content c-text c-text--size-s c-text--style-p\">\n<div>\n<p>S\u00e9rum Anti-Taches concentr\u00e9 en Niacinamide et Acide Amino-Sulfonique pour corriger tous les types de taches (taches post-acn\u00e9, taches de soleil, taches brunes), m\u00eame les plus persistantes.<\/p>\n<p>La peau est plus \u00e9clatante et le teint uniformis\u00e9. En 1 semaine.<\/p>\n<p>En 1 mois : Les r\u00e9sultats continuent de s&rsquo;am\u00e9liorer. Le S\u00e9rum Anti-Taches Bright Reveal a \u00e9t\u00e9 formul\u00e9 pour r\u00e9duire visiblement tous les types de taches. Formul\u00e9 scientifiquement, il contient un puissant m\u00e9lange d&rsquo;actifs.<\/p>\n<\/div>\n<h4>\u064a\u0633\u062a\u062e\u062f\u0645<\/h4>\n<\/div>\n<\/div>\n<div id=\"product-characteristics-composition\" class=\"product-composition\">\n<div class=\"product-composition__wrap\">\n<div class=\"product-content\" data-testid=\"product-composition-ingredients\">\n<div class=\"product-content__content c-text c-text--size-s c-text--style-p\">\n<div>\n<ul>\n<li>Appliquez le matin et le soir 3-4 gouttes sur le visage et le cou nettoy\u00e9s.<\/li>\n<li>Poursuivez avec votre soin hydratant et une protection solaire (SPF 30 minimum).<\/li>\n<li>Ce s\u00e9rum peut \u00eatre \u00e9galement appliqu\u00e9 sur le d\u00e9collet\u00e9 et les mains.<\/li>\n<\/ul>\n<h4>\u0645\u0643\u0648\u0646\u0627\u062a<\/h4>\n<p>909403 32 &#8211; INGREDIENTS: AQUA \/ WATER &#8211; CAPRYLYL METHICONE &#8211; NIACINAMIDE &#8211; ALCOHOL DENAT. &#8211; BUTYLENE GLYCOL &#8211; GLYCERIN &#8211; HYDROXYETHYLPIPERAZINE ETHANE SULFONIC ACID &#8211; CAFFEINE &#8211; CAPRYLOYL SALICYLIC ACID &#8211; GLYCOLIC ACID &#8211; HYDROXYACETOPHENONE &#8211; MENTHOXYPROPANEDIOL &#8211; POTASSIUM HYDROXIDE &#8211; SODIUM HYALURONATE &#8211; SODIUM THIOSULFATE &#8211; TRISODIUM ETHYLENEDIAMINE DISUCCINATE &#8211; 2-MERCAPTONICOTINOYL GLYCINE &#8211; TOCOPHERYL ACETATE &#8211; AMMONIUM ACRYLOYLDIMETHYLTAURATE\/VP COPOLYMER &#8211; BIOSACCHARIDE GUM-1 &#8211; POLOXAMER 338 &#8211; TOCOPHEROL &#8211; XANTHAN GUM &#8211; PEG-12 DIMETHICONE\/PPG-20 CROSSPOLYMER &#8211; CI 14700 \/ RED 4 &#8211; CI 17200 \/ RED 33 &#8211; CHLORPHENESIN &#8211; PHENOXYETHANOL &#8211; PARFUM \/ FRAGRANCE (F.I.L. Z70032474\/1).<\/p>\n<\/div>\n<\/div>\n<\/div>\n<\/div>\n<\/div>","protected":false},"excerpt":{"rendered":"<p><br data-mce-bogus=\"1\"><\/p>","protected":false},"featured_media":21037,"comment_status":"open","ping_status":"closed","template":"","meta":[],"pwb-brand":[588],"product_brand":[],"product_cat":[267,1042,1032,1029],"product_tag":[],"class_list":{"0":"post-21036","1":"product","2":"type-product","3":"status-publish","4":"has-post-thumbnail","6":"pwb-brand-loreal-paris","7":"product_cat-beaute-et-soins","8":"product_cat-nettoyants-et-exfoliants-pour-le-visage","9":"product_cat-soins-du-visage","10":"product_cat-soins-pour-la-peau","12":"first","13":"instock","14":"shipping-taxable","15":"purchasable","16":"product-type-simple"},"yoast_head":"<!-- This site is optimized with the Yoast SEO plugin v27.1.1 - https:\/\/yoast.com\/product\/yoast-seo-wordpress\/ -->\n<title>L&#039;OREAL PARIS - S\u00e9rum Visage Anti-T\u00e2ches Niacinamide Bright Reveal - NIRIGS<\/title>\n<meta name=\"robots\" content=\"index, follow, max-snippet:-1, max-image-preview:large, max-video-preview:-1\" \/>\n<link rel=\"canonical\" href=\"https:\/\/nirigs.com\/ar\/product\/loreal-paris-serum-visage-anti-taches-niacinamide-bright-reveal\/\" \/>\n<meta property=\"og:locale\" content=\"ar_AR\" \/>\n<meta property=\"og:type\" content=\"article\" \/>\n<meta property=\"og:title\" content=\"L&#039;OREAL PARIS - S\u00e9rum Visage Anti-T\u00e2ches Niacinamide Bright Reveal - NIRIGS\" \/>\n<meta property=\"og:url\" content=\"https:\/\/nirigs.com\/ar\/product\/loreal-paris-serum-visage-anti-taches-niacinamide-bright-reveal\/\" \/>\n<meta property=\"og:site_name\" content=\"NIRIGS\" \/>\n<meta property=\"article:modified_time\" content=\"2025-04-22T08:12:59+00:00\" \/>\n<meta property=\"og:image\" content=\"https:\/\/nirigs.com\/wp-content\/uploads\/2024\/09\/LOREAL-PARIS-Serum-Visage-Anti-Taches-Niacinamide-Bright-Reveal-.jpg\" \/>\n\t<meta property=\"og:image:width\" content=\"1000\" \/>\n\t<meta property=\"og:image:height\" content=\"1000\" \/>\n\t<meta property=\"og:image:type\" content=\"image\/jpeg\" \/>\n<meta name=\"twitter:card\" content=\"summary_large_image\" \/>\n<meta name=\"twitter:label1\" content=\"\u0648\u0642\u062a \u0627\u0644\u0642\u0631\u0627\u0621\u0629 \u0627\u0644\u0645\u064f\u0642\u062f\u0651\u0631\" \/>\n\t<meta name=\"twitter:data1\" content=\"\u062f\u0642\u064a\u0642\u0629 \u0648\u0627\u062d\u062f\u0629\" \/>\n<script type=\"application\/ld+json\" class=\"yoast-schema-graph\">{\"@context\":\"https:\/\/schema.org\",\"@graph\":[{\"@type\":\"WebPage\",\"@id\":\"https:\/\/nirigs.com\/product\/loreal-paris-serum-visage-anti-taches-niacinamide-bright-reveal\/\",\"url\":\"https:\/\/nirigs.com\/product\/loreal-paris-serum-visage-anti-taches-niacinamide-bright-reveal\/\",\"name\":\"L'OREAL PARIS - S\u00e9rum Visage Anti-T\u00e2ches Niacinamide Bright Reveal - NIRIGS\",\"isPartOf\":{\"@id\":\"https:\/\/nirigs.com\/#website\"},\"primaryImageOfPage\":{\"@id\":\"https:\/\/nirigs.com\/product\/loreal-paris-serum-visage-anti-taches-niacinamide-bright-reveal\/#primaryimage\"},\"image\":{\"@id\":\"https:\/\/nirigs.com\/product\/loreal-paris-serum-visage-anti-taches-niacinamide-bright-reveal\/#primaryimage\"},\"thumbnailUrl\":\"https:\/\/nirigs.com\/wp-content\/uploads\/2024\/09\/LOREAL-PARIS-Serum-Visage-Anti-Taches-Niacinamide-Bright-Reveal-.jpg\",\"datePublished\":\"2024-10-02T14:52:12+00:00\",\"dateModified\":\"2025-04-22T08:12:59+00:00\",\"breadcrumb\":{\"@id\":\"https:\/\/nirigs.com\/product\/loreal-paris-serum-visage-anti-taches-niacinamide-bright-reveal\/#breadcrumb\"},\"inLanguage\":\"ar\",\"potentialAction\":[{\"@type\":\"ReadAction\",\"target\":[\"https:\/\/nirigs.com\/product\/loreal-paris-serum-visage-anti-taches-niacinamide-bright-reveal\/\"]}]},{\"@type\":\"ImageObject\",\"inLanguage\":\"ar\",\"@id\":\"https:\/\/nirigs.com\/product\/loreal-paris-serum-visage-anti-taches-niacinamide-bright-reveal\/#primaryimage\",\"url\":\"https:\/\/nirigs.com\/wp-content\/uploads\/2024\/09\/LOREAL-PARIS-Serum-Visage-Anti-Taches-Niacinamide-Bright-Reveal-.jpg\",\"contentUrl\":\"https:\/\/nirigs.com\/wp-content\/uploads\/2024\/09\/LOREAL-PARIS-Serum-Visage-Anti-Taches-Niacinamide-Bright-Reveal-.jpg\",\"width\":1000,\"height\":1000},{\"@type\":\"BreadcrumbList\",\"@id\":\"https:\/\/nirigs.com\/product\/loreal-paris-serum-visage-anti-taches-niacinamide-bright-reveal\/#breadcrumb\",\"itemListElement\":[{\"@type\":\"ListItem\",\"position\":1,\"name\":\"Home\",\"item\":\"https:\/\/nirigs.com\/\"},{\"@type\":\"ListItem\",\"position\":2,\"name\":\"Parcourir\",\"item\":\"https:\/\/nirigs.com\/boutique\/\"},{\"@type\":\"ListItem\",\"position\":3,\"name\":\"L&rsquo;OREAL PARIS &#8211; S\u00e9rum Visage Anti-T\u00e2ches Niacinamide Bright Reveal\"}]},{\"@type\":\"WebSite\",\"@id\":\"https:\/\/nirigs.com\/#website\",\"url\":\"https:\/\/nirigs.com\/\",\"name\":\"Nirigs.com\",\"description\":\"Simplifiez vos achats du quotidien \u00e0 Djibouti\",\"publisher\":{\"@id\":\"https:\/\/nirigs.com\/#organization\"},\"potentialAction\":[{\"@type\":\"SearchAction\",\"target\":{\"@type\":\"EntryPoint\",\"urlTemplate\":\"https:\/\/nirigs.com\/?s={search_term_string}\"},\"query-input\":{\"@type\":\"PropertyValueSpecification\",\"valueRequired\":true,\"valueName\":\"search_term_string\"}}],\"inLanguage\":\"ar\"},{\"@type\":\"Organization\",\"@id\":\"https:\/\/nirigs.com\/#organization\",\"name\":\"Nirigs\",\"url\":\"https:\/\/nirigs.com\/\",\"logo\":{\"@type\":\"ImageObject\",\"inLanguage\":\"ar\",\"@id\":\"https:\/\/nirigs.com\/#\/schema\/logo\/image\/\",\"url\":\"https:\/\/nirigs.com\/wp-content\/uploads\/2025\/04\/Design-sans-titre-27.png\",\"contentUrl\":\"https:\/\/nirigs.com\/wp-content\/uploads\/2025\/04\/Design-sans-titre-27.png\",\"width\":500,\"height\":500,\"caption\":\"Nirigs\"},\"image\":{\"@id\":\"https:\/\/nirigs.com\/#\/schema\/logo\/image\/\"}}]}<\/script>\n<!-- \/ Yoast SEO plugin. -->","yoast_head_json":{"title":"L'OREAL PARIS - S\u00e9rum Visage Anti-T\u00e2ches Niacinamide Bright Reveal - NIRIGS","robots":{"index":"index","follow":"follow","max-snippet":"max-snippet:-1","max-image-preview":"max-image-preview:large","max-video-preview":"max-video-preview:-1"},"canonical":"https:\/\/nirigs.com\/ar\/product\/loreal-paris-serum-visage-anti-taches-niacinamide-bright-reveal\/","og_locale":"ar_AR","og_type":"article","og_title":"L'OREAL PARIS - S\u00e9rum Visage Anti-T\u00e2ches Niacinamide Bright Reveal - NIRIGS","og_url":"https:\/\/nirigs.com\/ar\/product\/loreal-paris-serum-visage-anti-taches-niacinamide-bright-reveal\/","og_site_name":"NIRIGS","article_modified_time":"2025-04-22T08:12:59+00:00","og_image":[{"width":1000,"height":1000,"url":"https:\/\/nirigs.com\/wp-content\/uploads\/2024\/09\/LOREAL-PARIS-Serum-Visage-Anti-Taches-Niacinamide-Bright-Reveal-.jpg","type":"image\/jpeg"}],"twitter_card":"summary_large_image","twitter_misc":{"\u0648\u0642\u062a \u0627\u0644\u0642\u0631\u0627\u0621\u0629 \u0627\u0644\u0645\u064f\u0642\u062f\u0651\u0631":"\u062f\u0642\u064a\u0642\u0629 \u0648\u0627\u062d\u062f\u0629"},"schema":{"@context":"https:\/\/schema.org","@graph":[{"@type":"WebPage","@id":"https:\/\/nirigs.com\/product\/loreal-paris-serum-visage-anti-taches-niacinamide-bright-reveal\/","url":"https:\/\/nirigs.com\/product\/loreal-paris-serum-visage-anti-taches-niacinamide-bright-reveal\/","name":"L'OREAL PARIS - S\u00e9rum Visage Anti-T\u00e2ches Niacinamide Bright Reveal - NIRIGS","isPartOf":{"@id":"https:\/\/nirigs.com\/#website"},"primaryImageOfPage":{"@id":"https:\/\/nirigs.com\/product\/loreal-paris-serum-visage-anti-taches-niacinamide-bright-reveal\/#primaryimage"},"image":{"@id":"https:\/\/nirigs.com\/product\/loreal-paris-serum-visage-anti-taches-niacinamide-bright-reveal\/#primaryimage"},"thumbnailUrl":"https:\/\/nirigs.com\/wp-content\/uploads\/2024\/09\/LOREAL-PARIS-Serum-Visage-Anti-Taches-Niacinamide-Bright-Reveal-.jpg","datePublished":"2024-10-02T14:52:12+00:00","dateModified":"2025-04-22T08:12:59+00:00","breadcrumb":{"@id":"https:\/\/nirigs.com\/product\/loreal-paris-serum-visage-anti-taches-niacinamide-bright-reveal\/#breadcrumb"},"inLanguage":"ar","potentialAction":[{"@type":"ReadAction","target":["https:\/\/nirigs.com\/product\/loreal-paris-serum-visage-anti-taches-niacinamide-bright-reveal\/"]}]},{"@type":"ImageObject","inLanguage":"ar","@id":"https:\/\/nirigs.com\/product\/loreal-paris-serum-visage-anti-taches-niacinamide-bright-reveal\/#primaryimage","url":"https:\/\/nirigs.com\/wp-content\/uploads\/2024\/09\/LOREAL-PARIS-Serum-Visage-Anti-Taches-Niacinamide-Bright-Reveal-.jpg","contentUrl":"https:\/\/nirigs.com\/wp-content\/uploads\/2024\/09\/LOREAL-PARIS-Serum-Visage-Anti-Taches-Niacinamide-Bright-Reveal-.jpg","width":1000,"height":1000},{"@type":"BreadcrumbList","@id":"https:\/\/nirigs.com\/product\/loreal-paris-serum-visage-anti-taches-niacinamide-bright-reveal\/#breadcrumb","itemListElement":[{"@type":"ListItem","position":1,"name":"Home","item":"https:\/\/nirigs.com\/"},{"@type":"ListItem","position":2,"name":"Parcourir","item":"https:\/\/nirigs.com\/boutique\/"},{"@type":"ListItem","position":3,"name":"L&rsquo;OREAL PARIS &#8211; S\u00e9rum Visage Anti-T\u00e2ches Niacinamide Bright Reveal"}]},{"@type":"WebSite","@id":"https:\/\/nirigs.com\/#website","url":"https:\/\/nirigs.com\/","name":"Nirigs.com","description":"Simplifiez vos achats du quotidien \u00e0 Djibouti","publisher":{"@id":"https:\/\/nirigs.com\/#organization"},"potentialAction":[{"@type":"SearchAction","target":{"@type":"EntryPoint","urlTemplate":"https:\/\/nirigs.com\/?s={search_term_string}"},"query-input":{"@type":"PropertyValueSpecification","valueRequired":true,"valueName":"search_term_string"}}],"inLanguage":"ar"},{"@type":"Organization","@id":"https:\/\/nirigs.com\/#organization","name":"\u0646\u064a\u0631\u064a\u062c\u0633","url":"https:\/\/nirigs.com\/","logo":{"@type":"ImageObject","inLanguage":"ar","@id":"https:\/\/nirigs.com\/#\/schema\/logo\/image\/","url":"https:\/\/nirigs.com\/wp-content\/uploads\/2025\/04\/Design-sans-titre-27.png","contentUrl":"https:\/\/nirigs.com\/wp-content\/uploads\/2025\/04\/Design-sans-titre-27.png","width":500,"height":500,"caption":"Nirigs"},"image":{"@id":"https:\/\/nirigs.com\/#\/schema\/logo\/image\/"}}]}},"brands":[{"id":588,"name":"L'Or\u00e9al Paris","slug":"loreal-paris"}],"_links":{"self":[{"href":"https:\/\/nirigs.com\/ar\/wp-json\/wp\/v2\/product\/21036","targetHints":{"allow":["GET"]}}],"collection":[{"href":"https:\/\/nirigs.com\/ar\/wp-json\/wp\/v2\/product"}],"about":[{"href":"https:\/\/nirigs.com\/ar\/wp-json\/wp\/v2\/types\/product"}],"replies":[{"embeddable":true,"href":"https:\/\/nirigs.com\/ar\/wp-json\/wp\/v2\/comments?post=21036"}],"version-history":[{"count":10,"href":"https:\/\/nirigs.com\/ar\/wp-json\/wp\/v2\/product\/21036\/revisions"}],"predecessor-version":[{"id":26960,"href":"https:\/\/nirigs.com\/ar\/wp-json\/wp\/v2\/product\/21036\/revisions\/26960"}],"wp:featuredmedia":[{"embeddable":true,"href":"https:\/\/nirigs.com\/ar\/wp-json\/wp\/v2\/media\/21037"}],"wp:attachment":[{"href":"https:\/\/nirigs.com\/ar\/wp-json\/wp\/v2\/media?parent=21036"}],"wp:term":[{"taxonomy":"pwb-brand","embeddable":true,"href":"https:\/\/nirigs.com\/ar\/wp-json\/wp\/v2\/pwb-brand?post=21036"},{"taxonomy":"product_brand","embeddable":true,"href":"https:\/\/nirigs.com\/ar\/wp-json\/wp\/v2\/product_brand?post=21036"},{"taxonomy":"product_cat","embeddable":true,"href":"https:\/\/nirigs.com\/ar\/wp-json\/wp\/v2\/product_cat?post=21036"},{"taxonomy":"product_tag","embeddable":true,"href":"https:\/\/nirigs.com\/ar\/wp-json\/wp\/v2\/product_tag?post=21036"}],"curies":[{"name":"wp","href":"https:\/\/api.w.org\/{rel}","templated":true}]}}