{"id":20064,"date":"2024-10-23T20:28:25","date_gmt":"2024-10-23T17:28:25","guid":{"rendered":"https:\/\/nirigs.com\/?post_type=product&#038;p=20064"},"modified":"2024-10-23T20:28:25","modified_gmt":"2024-10-23T17:28:25","slug":"chicco-baby-moments-talc-pour-la-peau-de-bebe-0m-150gr","status":"publish","type":"product","link":"https:\/\/nirigs.com\/ar\/product\/chicco-baby-moments-talc-pour-la-peau-de-bebe-0m-150gr\/","title":{"rendered":"\u0634\u064a\u0643\u0648 \u0628\u064a\u0628\u064a \u0645\u0648\u0645\u0646\u062a\u0633 \u062a\u0644\u0643 \u0644\u0628\u0634\u0631\u0629 \u0627\u0644\u0637\u0641\u0644 \u0645\u0646 \u0627\u0644\u0648\u0644\u0627\u062f\u0629 \u0641\u0645\u0627 \u0641\u0648\u0642\u060c 150 \u062c\u0631\u0627\u0645"},"content":{"rendered":"<p>La propri\u00e9t\u00e9 absorbante de la formule, riche en amidon de riz, rafra\u00eechit et prot\u00e8ge la peau de b\u00e9b\u00e9. La formule douce, compos\u00e9e \u00e0 95% d&rsquo;ingr\u00e9dients d&rsquo;origine naturelle, laisse la peau s\u00e8che et velout\u00e9e tout en lui permettant de respirer naturellement, sans obstruer les pores.<\/p>\n<p>Test\u00e9e dermatologiquement<strong> pour les peaux sensibles<\/strong>. Une nouvelle gamme de produits cosm\u00e9tiques con\u00e7us pour prendre le plus grand soin de la peau d\u00e9licate et sensible des enfants.<\/p>\n<p><strong>Texture d\u00e9licate<\/strong> : Enrichie en amidon de riz<\/p>\n<p><strong>Nouvelle formule naturelle<\/strong> : Compos\u00e9e \u00e0 95 % d&rsquo;ingr\u00e9dients d&rsquo;origine v\u00e9g\u00e9tale. Un emballage plus durable<\/p>\n<p>Fabriqu\u00e9 \u00e0 partir de bouteilles en plastique 100 % recycl\u00e9es, de tubes en plastique 50 % recycl\u00e9s, moins d&#8217;emballage, bo\u00eetes en carton FSC recycl\u00e9es.<\/p>\n<p><strong>\u062a\u0639\u0644\u064a\u0645\u0627\u062a<\/strong> : verser une petite quantit\u00e9 de produit dans la paume de la main, humidifier, appliquer par un l\u00e9ger massage puis rincer.<\/p>","protected":false},"excerpt":{"rendered":"<p>La propri\u00e9t\u00e9 absorbante de la formule, riche en amidon de riz, rafra\u00eechit et prot\u00e8ge la peau de b\u00e9b\u00e9. La formule<\/p>","protected":false},"featured_media":20071,"comment_status":"open","ping_status":"closed","template":"","meta":[],"pwb-brand":[652],"product_brand":[],"product_cat":[274,1020,995],"product_tag":[],"class_list":{"0":"post-20064","1":"product","2":"type-product","3":"status-publish","4":"has-post-thumbnail","6":"pwb-brand-chicco","7":"product_cat-bebe-et-famille","8":"product_cat-poudre-de-talc","9":"product_cat-soin-de-la-peau","11":"first","12":"instock","13":"shipping-taxable","14":"product-type-simple"},"yoast_head":"<!-- This site is optimized with the Yoast SEO plugin v27.1.1 - https:\/\/yoast.com\/product\/yoast-seo-wordpress\/ -->\n<title>Chicco Baby Moments Talc pour la peau de b\u00e9b\u00e9 0m+ 150gr - NIRIGS<\/title>\n<meta name=\"robots\" content=\"index, follow, max-snippet:-1, max-image-preview:large, max-video-preview:-1\" \/>\n<link rel=\"canonical\" href=\"https:\/\/nirigs.com\/ar\/product\/chicco-baby-moments-talc-pour-la-peau-de-bebe-0m-150gr\/\" \/>\n<meta property=\"og:locale\" content=\"ar_AR\" \/>\n<meta property=\"og:type\" content=\"article\" \/>\n<meta property=\"og:title\" content=\"Chicco Baby Moments Talc pour la peau de b\u00e9b\u00e9 0m+ 150gr - NIRIGS\" \/>\n<meta property=\"og:description\" content=\"La propri\u00e9t\u00e9 absorbante de la formule, riche en amidon de riz, rafra\u00eechit et prot\u00e8ge la peau de b\u00e9b\u00e9. La formule\" \/>\n<meta property=\"og:url\" content=\"https:\/\/nirigs.com\/ar\/product\/chicco-baby-moments-talc-pour-la-peau-de-bebe-0m-150gr\/\" \/>\n<meta property=\"og:site_name\" content=\"NIRIGS\" \/>\n<meta property=\"og:image\" content=\"https:\/\/nirigs.com\/wp-content\/uploads\/2024\/08\/Chicco-Baby-Moments-Talc-pour-la-peau-de-bebe-0m-150gr.jpg\" \/>\n\t<meta property=\"og:image:width\" content=\"1000\" \/>\n\t<meta property=\"og:image:height\" content=\"1000\" \/>\n\t<meta property=\"og:image:type\" content=\"image\/jpeg\" \/>\n<meta name=\"twitter:card\" content=\"summary_large_image\" \/>\n<meta name=\"twitter:label1\" content=\"\u0648\u0642\u062a \u0627\u0644\u0642\u0631\u0627\u0621\u0629 \u0627\u0644\u0645\u064f\u0642\u062f\u0651\u0631\" \/>\n\t<meta name=\"twitter:data1\" content=\"\u062f\u0642\u064a\u0642\u0629 \u0648\u0627\u062d\u062f\u0629\" \/>\n<script type=\"application\/ld+json\" class=\"yoast-schema-graph\">{\"@context\":\"https:\/\/schema.org\",\"@graph\":[{\"@type\":\"WebPage\",\"@id\":\"https:\/\/nirigs.com\/product\/chicco-baby-moments-talc-pour-la-peau-de-bebe-0m-150gr\/\",\"url\":\"https:\/\/nirigs.com\/product\/chicco-baby-moments-talc-pour-la-peau-de-bebe-0m-150gr\/\",\"name\":\"Chicco Baby Moments Talc pour la peau de b\u00e9b\u00e9 0m+ 150gr - NIRIGS\",\"isPartOf\":{\"@id\":\"https:\/\/nirigs.com\/#website\"},\"primaryImageOfPage\":{\"@id\":\"https:\/\/nirigs.com\/product\/chicco-baby-moments-talc-pour-la-peau-de-bebe-0m-150gr\/#primaryimage\"},\"image\":{\"@id\":\"https:\/\/nirigs.com\/product\/chicco-baby-moments-talc-pour-la-peau-de-bebe-0m-150gr\/#primaryimage\"},\"thumbnailUrl\":\"https:\/\/nirigs.com\/wp-content\/uploads\/2024\/08\/Chicco-Baby-Moments-Talc-pour-la-peau-de-bebe-0m-150gr.jpg\",\"datePublished\":\"2024-10-23T17:28:25+00:00\",\"breadcrumb\":{\"@id\":\"https:\/\/nirigs.com\/product\/chicco-baby-moments-talc-pour-la-peau-de-bebe-0m-150gr\/#breadcrumb\"},\"inLanguage\":\"ar\",\"potentialAction\":[{\"@type\":\"ReadAction\",\"target\":[\"https:\/\/nirigs.com\/product\/chicco-baby-moments-talc-pour-la-peau-de-bebe-0m-150gr\/\"]}]},{\"@type\":\"ImageObject\",\"inLanguage\":\"ar\",\"@id\":\"https:\/\/nirigs.com\/product\/chicco-baby-moments-talc-pour-la-peau-de-bebe-0m-150gr\/#primaryimage\",\"url\":\"https:\/\/nirigs.com\/wp-content\/uploads\/2024\/08\/Chicco-Baby-Moments-Talc-pour-la-peau-de-bebe-0m-150gr.jpg\",\"contentUrl\":\"https:\/\/nirigs.com\/wp-content\/uploads\/2024\/08\/Chicco-Baby-Moments-Talc-pour-la-peau-de-bebe-0m-150gr.jpg\",\"width\":1000,\"height\":1000},{\"@type\":\"BreadcrumbList\",\"@id\":\"https:\/\/nirigs.com\/product\/chicco-baby-moments-talc-pour-la-peau-de-bebe-0m-150gr\/#breadcrumb\",\"itemListElement\":[{\"@type\":\"ListItem\",\"position\":1,\"name\":\"Home\",\"item\":\"https:\/\/nirigs.com\/\"},{\"@type\":\"ListItem\",\"position\":2,\"name\":\"Parcourir\",\"item\":\"https:\/\/nirigs.com\/boutique\/\"},{\"@type\":\"ListItem\",\"position\":3,\"name\":\"Chicco Baby Moments Talc pour la peau de b\u00e9b\u00e9 0m+ 150gr\"}]},{\"@type\":\"WebSite\",\"@id\":\"https:\/\/nirigs.com\/#website\",\"url\":\"https:\/\/nirigs.com\/\",\"name\":\"Nirigs.com\",\"description\":\"Simplifiez vos achats du quotidien \u00e0 Djibouti\",\"publisher\":{\"@id\":\"https:\/\/nirigs.com\/#organization\"},\"potentialAction\":[{\"@type\":\"SearchAction\",\"target\":{\"@type\":\"EntryPoint\",\"urlTemplate\":\"https:\/\/nirigs.com\/?s={search_term_string}\"},\"query-input\":{\"@type\":\"PropertyValueSpecification\",\"valueRequired\":true,\"valueName\":\"search_term_string\"}}],\"inLanguage\":\"ar\"},{\"@type\":\"Organization\",\"@id\":\"https:\/\/nirigs.com\/#organization\",\"name\":\"Nirigs\",\"url\":\"https:\/\/nirigs.com\/\",\"logo\":{\"@type\":\"ImageObject\",\"inLanguage\":\"ar\",\"@id\":\"https:\/\/nirigs.com\/#\/schema\/logo\/image\/\",\"url\":\"https:\/\/nirigs.com\/wp-content\/uploads\/2025\/04\/Design-sans-titre-27.png\",\"contentUrl\":\"https:\/\/nirigs.com\/wp-content\/uploads\/2025\/04\/Design-sans-titre-27.png\",\"width\":500,\"height\":500,\"caption\":\"Nirigs\"},\"image\":{\"@id\":\"https:\/\/nirigs.com\/#\/schema\/logo\/image\/\"}}]}<\/script>\n<!-- \/ Yoast SEO plugin. -->","yoast_head_json":{"title":"Chicco Baby Moments Talc pour la peau de b\u00e9b\u00e9 0m+ 150gr - NIRIGS","robots":{"index":"index","follow":"follow","max-snippet":"max-snippet:-1","max-image-preview":"max-image-preview:large","max-video-preview":"max-video-preview:-1"},"canonical":"https:\/\/nirigs.com\/ar\/product\/chicco-baby-moments-talc-pour-la-peau-de-bebe-0m-150gr\/","og_locale":"ar_AR","og_type":"article","og_title":"Chicco Baby Moments Talc pour la peau de b\u00e9b\u00e9 0m+ 150gr - NIRIGS","og_description":"La propri\u00e9t\u00e9 absorbante de la formule, riche en amidon de riz, rafra\u00eechit et prot\u00e8ge la peau de b\u00e9b\u00e9. La formule","og_url":"https:\/\/nirigs.com\/ar\/product\/chicco-baby-moments-talc-pour-la-peau-de-bebe-0m-150gr\/","og_site_name":"NIRIGS","og_image":[{"width":1000,"height":1000,"url":"https:\/\/nirigs.com\/wp-content\/uploads\/2024\/08\/Chicco-Baby-Moments-Talc-pour-la-peau-de-bebe-0m-150gr.jpg","type":"image\/jpeg"}],"twitter_card":"summary_large_image","twitter_misc":{"\u0648\u0642\u062a \u0627\u0644\u0642\u0631\u0627\u0621\u0629 \u0627\u0644\u0645\u064f\u0642\u062f\u0651\u0631":"\u062f\u0642\u064a\u0642\u0629 \u0648\u0627\u062d\u062f\u0629"},"schema":{"@context":"https:\/\/schema.org","@graph":[{"@type":"WebPage","@id":"https:\/\/nirigs.com\/product\/chicco-baby-moments-talc-pour-la-peau-de-bebe-0m-150gr\/","url":"https:\/\/nirigs.com\/product\/chicco-baby-moments-talc-pour-la-peau-de-bebe-0m-150gr\/","name":"Chicco Baby Moments Talc pour la peau de b\u00e9b\u00e9 0m+ 150gr - NIRIGS","isPartOf":{"@id":"https:\/\/nirigs.com\/#website"},"primaryImageOfPage":{"@id":"https:\/\/nirigs.com\/product\/chicco-baby-moments-talc-pour-la-peau-de-bebe-0m-150gr\/#primaryimage"},"image":{"@id":"https:\/\/nirigs.com\/product\/chicco-baby-moments-talc-pour-la-peau-de-bebe-0m-150gr\/#primaryimage"},"thumbnailUrl":"https:\/\/nirigs.com\/wp-content\/uploads\/2024\/08\/Chicco-Baby-Moments-Talc-pour-la-peau-de-bebe-0m-150gr.jpg","datePublished":"2024-10-23T17:28:25+00:00","breadcrumb":{"@id":"https:\/\/nirigs.com\/product\/chicco-baby-moments-talc-pour-la-peau-de-bebe-0m-150gr\/#breadcrumb"},"inLanguage":"ar","potentialAction":[{"@type":"ReadAction","target":["https:\/\/nirigs.com\/product\/chicco-baby-moments-talc-pour-la-peau-de-bebe-0m-150gr\/"]}]},{"@type":"ImageObject","inLanguage":"ar","@id":"https:\/\/nirigs.com\/product\/chicco-baby-moments-talc-pour-la-peau-de-bebe-0m-150gr\/#primaryimage","url":"https:\/\/nirigs.com\/wp-content\/uploads\/2024\/08\/Chicco-Baby-Moments-Talc-pour-la-peau-de-bebe-0m-150gr.jpg","contentUrl":"https:\/\/nirigs.com\/wp-content\/uploads\/2024\/08\/Chicco-Baby-Moments-Talc-pour-la-peau-de-bebe-0m-150gr.jpg","width":1000,"height":1000},{"@type":"BreadcrumbList","@id":"https:\/\/nirigs.com\/product\/chicco-baby-moments-talc-pour-la-peau-de-bebe-0m-150gr\/#breadcrumb","itemListElement":[{"@type":"ListItem","position":1,"name":"Home","item":"https:\/\/nirigs.com\/"},{"@type":"ListItem","position":2,"name":"Parcourir","item":"https:\/\/nirigs.com\/boutique\/"},{"@type":"ListItem","position":3,"name":"Chicco Baby Moments Talc pour la peau de b\u00e9b\u00e9 0m+ 150gr"}]},{"@type":"WebSite","@id":"https:\/\/nirigs.com\/#website","url":"https:\/\/nirigs.com\/","name":"Nirigs.com","description":"Simplifiez vos achats du quotidien \u00e0 Djibouti","publisher":{"@id":"https:\/\/nirigs.com\/#organization"},"potentialAction":[{"@type":"SearchAction","target":{"@type":"EntryPoint","urlTemplate":"https:\/\/nirigs.com\/?s={search_term_string}"},"query-input":{"@type":"PropertyValueSpecification","valueRequired":true,"valueName":"search_term_string"}}],"inLanguage":"ar"},{"@type":"Organization","@id":"https:\/\/nirigs.com\/#organization","name":"\u0646\u064a\u0631\u064a\u062c\u0633","url":"https:\/\/nirigs.com\/","logo":{"@type":"ImageObject","inLanguage":"ar","@id":"https:\/\/nirigs.com\/#\/schema\/logo\/image\/","url":"https:\/\/nirigs.com\/wp-content\/uploads\/2025\/04\/Design-sans-titre-27.png","contentUrl":"https:\/\/nirigs.com\/wp-content\/uploads\/2025\/04\/Design-sans-titre-27.png","width":500,"height":500,"caption":"Nirigs"},"image":{"@id":"https:\/\/nirigs.com\/#\/schema\/logo\/image\/"}}]}},"brands":[{"id":652,"name":"\u0634\u064a\u0643\u0648","slug":"chicco"}],"_links":{"self":[{"href":"https:\/\/nirigs.com\/ar\/wp-json\/wp\/v2\/product\/20064","targetHints":{"allow":["GET"]}}],"collection":[{"href":"https:\/\/nirigs.com\/ar\/wp-json\/wp\/v2\/product"}],"about":[{"href":"https:\/\/nirigs.com\/ar\/wp-json\/wp\/v2\/types\/product"}],"replies":[{"embeddable":true,"href":"https:\/\/nirigs.com\/ar\/wp-json\/wp\/v2\/comments?post=20064"}],"version-history":[{"count":1,"href":"https:\/\/nirigs.com\/ar\/wp-json\/wp\/v2\/product\/20064\/revisions"}],"predecessor-version":[{"id":20072,"href":"https:\/\/nirigs.com\/ar\/wp-json\/wp\/v2\/product\/20064\/revisions\/20072"}],"wp:featuredmedia":[{"embeddable":true,"href":"https:\/\/nirigs.com\/ar\/wp-json\/wp\/v2\/media\/20071"}],"wp:attachment":[{"href":"https:\/\/nirigs.com\/ar\/wp-json\/wp\/v2\/media?parent=20064"}],"wp:term":[{"taxonomy":"pwb-brand","embeddable":true,"href":"https:\/\/nirigs.com\/ar\/wp-json\/wp\/v2\/pwb-brand?post=20064"},{"taxonomy":"product_brand","embeddable":true,"href":"https:\/\/nirigs.com\/ar\/wp-json\/wp\/v2\/product_brand?post=20064"},{"taxonomy":"product_cat","embeddable":true,"href":"https:\/\/nirigs.com\/ar\/wp-json\/wp\/v2\/product_cat?post=20064"},{"taxonomy":"product_tag","embeddable":true,"href":"https:\/\/nirigs.com\/ar\/wp-json\/wp\/v2\/product_tag?post=20064"}],"curies":[{"name":"wp","href":"https:\/\/api.w.org\/{rel}","templated":true}]}}