{"id":17706,"date":"2024-03-26T15:26:03","date_gmt":"2024-03-26T12:26:03","guid":{"rendered":"https:\/\/nirigs.com\/product\/cantu-shea-butter-coconut-curling-cream-340-g\/"},"modified":"2025-03-14T18:03:09","modified_gmt":"2025-03-14T15:03:09","slug":"cantu-shea-butter-coconut-curling-cream-340-g","status":"publish","type":"product","link":"https:\/\/nirigs.com\/ar\/product\/cantu-shea-butter-coconut-curling-cream-340-g\/","title":{"rendered":"\u0643\u0627\u0646\u062a\u0648 \u2013 \u0643\u0631\u064a\u0645 \u062a\u062c\u0639\u064a\u062f \u0627\u0644\u0634\u0639\u0631 \u0628\u0632\u0628\u062f\u0629 \u0627\u0644\u0634\u064a\u0627 \u0648\u062c\u0648\u0632 \u0627\u0644\u0647\u0646\u062f \u2013 340 \u062c\u0645"},"content":{"rendered":"<p>D\u00e9finit et conditionne pour des boucles douces et allong\u00e9es.<\/p>\n<p>\u00c0 base de beurre de karit\u00e9 pur, Cantu restaure votre beaut\u00e9 authentique et v\u00e9ritable. Adoptez vos cheveux boucl\u00e9s, fris\u00e9s ou ondul\u00e9s avec Cantu.<\/p>\n<p>Fabriqu\u00e9e \u00e0 partir de beurre de karit\u00e9 pur et formul\u00e9e sans ingr\u00e9dients agressifs, la cr\u00e8me boucl\u00e9e au beurre de karit\u00e9 pour cheveux naturels \u00e0 la noix de coco de Cantu restaure votre beaut\u00e9 v\u00e9ritable et authentique.<\/p>\n<p>Embrassez vos cheveux boucl\u00e9s, raides ou ondul\u00e9s avec Cantu. Ne contient pas d&rsquo;huile min\u00e9rale, de sulfates, de parab\u00e8ne, de silicones, de phtalates, de gluten, de paraffine ou de propyl\u00e8ne.<\/p>\n<h4>Utilisation.<\/h4>\n<p>Appliquez sur cheveux humides, par section, en commen\u00e7ant par la racine et en descendant vers les pointes. Ne pas rincer. Peut \u00eatre utilis\u00e9 sur cheveux secs pour r\u00e9hydrater les boucles.<\/p>\n<p>M\u00e9langez avec le Gel nourrissant pour twist out &amp; locs Cantu, pour des vanilles douces et durables.<\/p>\n<h4 class=\"h2\">\u0645\u0643\u0648\u0646\u0627\u062a<\/h4>\n<p>Aqua (Water), Cetearyl Alcohol, Canola Oil, Glycerin, Ceteareth-20, Parfum (Fragrance), Ceteth-20, Butyrospermum Parkii (Shea) Butter, Glycol Stearate, Petrolatum, PEG-75, Polyquaternium-10, Phenoxyethanol, Ethylhexylglycerin, Cocos Nucifera (Coconut) Fruit Extract, Persea Gratisima (Avocado) Oil, Prunus Amygdalus Dulcis (Sweet Almond) Oil, Simmondsia Chinensis (Jojoba) Seed Oil, Olea Europaea (Olive) Fruit Oil, Mangifera Indica (Mango) Seed Butter, Argania Spinosa Kernel Oil, Melia Azadirachta (Neem) Seed Oil, Daucus Carota Sativa Seed Oil, Macadamia Ternifolia Seed Oil, Mangifera Indica (Mango) Seed Oil, Glycine Soja (Soyabean) Oil, Vitis Vinifera (Grape) Seed Oil, Hydrolyzed Silk, Lonicera Caprifolium Flower Extract, Macrocystis Pyrifera Extract, Salvia Officinalis (Sage) Leaf Extract, Vitis Vinifera (Red Grape) Seed Extract, Urtica Dioica (Nettle) Extract, Silk Amino Acids, Aloe Barbadensis (Aloe Vera) Leaf Juice, Benzyl benzoate, Coumarin, Hexyl cinnamal.<\/p>","protected":false},"excerpt":{"rendered":"<p>D\u00e9finit et conditionne pour des boucles douces et allong\u00e9es. \u00c0 base de beurre de karit\u00e9 pur, Cantu restaure votre beaut\u00e9<\/p>","protected":false},"featured_media":23761,"comment_status":"open","ping_status":"closed","template":"","meta":[],"pwb-brand":[758],"product_brand":[],"product_cat":[267,1022,1115,1024],"product_tag":[],"class_list":{"0":"post-17706","1":"product","2":"type-product","3":"status-publish","4":"has-post-thumbnail","6":"pwb-brand-cantu","7":"product_cat-beaute-et-soins","8":"product_cat-coiffures-et-soins-des-cheveux","9":"product_cat-cremes-pour-cheveux","10":"product_cat-soins-des-cheveux","12":"first","13":"instock","14":"shipping-taxable","15":"purchasable","16":"product-type-simple"},"yoast_head":"<!-- This site is optimized with the Yoast SEO plugin v27.1.1 - https:\/\/yoast.com\/product\/yoast-seo-wordpress\/ -->\n<title>Cantu - Cr\u00e8me bouclante au beurre de karit\u00e9 et \u00e0 la noix de coco - 340 g - NIRIGS<\/title>\n<meta name=\"robots\" content=\"index, follow, max-snippet:-1, max-image-preview:large, max-video-preview:-1\" \/>\n<link rel=\"canonical\" href=\"https:\/\/nirigs.com\/ar\/product\/cantu-shea-butter-coconut-curling-cream-340-g\/\" \/>\n<meta property=\"og:locale\" content=\"ar_AR\" \/>\n<meta property=\"og:type\" content=\"article\" \/>\n<meta property=\"og:title\" content=\"Cantu - Cr\u00e8me bouclante au beurre de karit\u00e9 et \u00e0 la noix de coco - 340 g - NIRIGS\" \/>\n<meta property=\"og:description\" content=\"D\u00e9finit et conditionne pour des boucles douces et allong\u00e9es. \u00c0 base de beurre de karit\u00e9 pur, Cantu restaure votre beaut\u00e9\" \/>\n<meta property=\"og:url\" content=\"https:\/\/nirigs.com\/ar\/product\/cantu-shea-butter-coconut-curling-cream-340-g\/\" \/>\n<meta property=\"og:site_name\" content=\"NIRIGS\" \/>\n<meta property=\"article:modified_time\" content=\"2025-03-14T15:03:09+00:00\" \/>\n<meta property=\"og:image\" content=\"https:\/\/nirigs.com\/wp-content\/uploads\/2024\/03\/Cantu-\u2013-Creme-bouclante-au-beurre-de-karite-et-a-la-noix-de-coco-\u2013-340-g-1.jpg\" \/>\n\t<meta property=\"og:image:width\" content=\"1000\" \/>\n\t<meta property=\"og:image:height\" content=\"1000\" \/>\n\t<meta property=\"og:image:type\" content=\"image\/jpeg\" \/>\n<meta name=\"twitter:card\" content=\"summary_large_image\" \/>\n<meta name=\"twitter:label1\" content=\"\u0648\u0642\u062a \u0627\u0644\u0642\u0631\u0627\u0621\u0629 \u0627\u0644\u0645\u064f\u0642\u062f\u0651\u0631\" \/>\n\t<meta name=\"twitter:data1\" content=\"\u062f\u0642\u064a\u0642\u0629 \u0648\u0627\u062d\u062f\u0629\" \/>\n<script type=\"application\/ld+json\" class=\"yoast-schema-graph\">{\"@context\":\"https:\/\/schema.org\",\"@graph\":[{\"@type\":\"WebPage\",\"@id\":\"https:\/\/nirigs.com\/product\/cantu-shea-butter-coconut-curling-cream-340-g\/\",\"url\":\"https:\/\/nirigs.com\/product\/cantu-shea-butter-coconut-curling-cream-340-g\/\",\"name\":\"Cantu - Cr\u00e8me bouclante au beurre de karit\u00e9 et \u00e0 la noix de coco - 340 g - NIRIGS\",\"isPartOf\":{\"@id\":\"https:\/\/nirigs.com\/#website\"},\"primaryImageOfPage\":{\"@id\":\"https:\/\/nirigs.com\/product\/cantu-shea-butter-coconut-curling-cream-340-g\/#primaryimage\"},\"image\":{\"@id\":\"https:\/\/nirigs.com\/product\/cantu-shea-butter-coconut-curling-cream-340-g\/#primaryimage\"},\"thumbnailUrl\":\"https:\/\/nirigs.com\/wp-content\/uploads\/2024\/03\/Cantu-\u2013-Creme-bouclante-au-beurre-de-karite-et-a-la-noix-de-coco-\u2013-340-g-1.jpg\",\"datePublished\":\"2024-03-26T12:26:03+00:00\",\"dateModified\":\"2025-03-14T15:03:09+00:00\",\"breadcrumb\":{\"@id\":\"https:\/\/nirigs.com\/product\/cantu-shea-butter-coconut-curling-cream-340-g\/#breadcrumb\"},\"inLanguage\":\"ar\",\"potentialAction\":[{\"@type\":\"ReadAction\",\"target\":[\"https:\/\/nirigs.com\/product\/cantu-shea-butter-coconut-curling-cream-340-g\/\"]}]},{\"@type\":\"ImageObject\",\"inLanguage\":\"ar\",\"@id\":\"https:\/\/nirigs.com\/product\/cantu-shea-butter-coconut-curling-cream-340-g\/#primaryimage\",\"url\":\"https:\/\/nirigs.com\/wp-content\/uploads\/2024\/03\/Cantu-\u2013-Creme-bouclante-au-beurre-de-karite-et-a-la-noix-de-coco-\u2013-340-g-1.jpg\",\"contentUrl\":\"https:\/\/nirigs.com\/wp-content\/uploads\/2024\/03\/Cantu-\u2013-Creme-bouclante-au-beurre-de-karite-et-a-la-noix-de-coco-\u2013-340-g-1.jpg\",\"width\":1000,\"height\":1000},{\"@type\":\"BreadcrumbList\",\"@id\":\"https:\/\/nirigs.com\/product\/cantu-shea-butter-coconut-curling-cream-340-g\/#breadcrumb\",\"itemListElement\":[{\"@type\":\"ListItem\",\"position\":1,\"name\":\"Home\",\"item\":\"https:\/\/nirigs.com\/\"},{\"@type\":\"ListItem\",\"position\":2,\"name\":\"Parcourir\",\"item\":\"https:\/\/nirigs.com\/boutique\/\"},{\"@type\":\"ListItem\",\"position\":3,\"name\":\"Cantu &#8211; Cr\u00e8me bouclante au beurre de karit\u00e9 et \u00e0 la noix de coco &#8211; 340 g\"}]},{\"@type\":\"WebSite\",\"@id\":\"https:\/\/nirigs.com\/#website\",\"url\":\"https:\/\/nirigs.com\/\",\"name\":\"Nirigs.com\",\"description\":\"Simplifiez vos achats du quotidien \u00e0 Djibouti\",\"publisher\":{\"@id\":\"https:\/\/nirigs.com\/#organization\"},\"potentialAction\":[{\"@type\":\"SearchAction\",\"target\":{\"@type\":\"EntryPoint\",\"urlTemplate\":\"https:\/\/nirigs.com\/?s={search_term_string}\"},\"query-input\":{\"@type\":\"PropertyValueSpecification\",\"valueRequired\":true,\"valueName\":\"search_term_string\"}}],\"inLanguage\":\"ar\"},{\"@type\":\"Organization\",\"@id\":\"https:\/\/nirigs.com\/#organization\",\"name\":\"Nirigs\",\"url\":\"https:\/\/nirigs.com\/\",\"logo\":{\"@type\":\"ImageObject\",\"inLanguage\":\"ar\",\"@id\":\"https:\/\/nirigs.com\/#\/schema\/logo\/image\/\",\"url\":\"https:\/\/nirigs.com\/wp-content\/uploads\/2025\/04\/Design-sans-titre-27.png\",\"contentUrl\":\"https:\/\/nirigs.com\/wp-content\/uploads\/2025\/04\/Design-sans-titre-27.png\",\"width\":500,\"height\":500,\"caption\":\"Nirigs\"},\"image\":{\"@id\":\"https:\/\/nirigs.com\/#\/schema\/logo\/image\/\"}}]}<\/script>\n<!-- \/ Yoast SEO plugin. -->","yoast_head_json":{"title":"Cantu - Cr\u00e8me bouclante au beurre de karit\u00e9 et \u00e0 la noix de coco - 340 g - NIRIGS","robots":{"index":"index","follow":"follow","max-snippet":"max-snippet:-1","max-image-preview":"max-image-preview:large","max-video-preview":"max-video-preview:-1"},"canonical":"https:\/\/nirigs.com\/ar\/product\/cantu-shea-butter-coconut-curling-cream-340-g\/","og_locale":"ar_AR","og_type":"article","og_title":"Cantu - Cr\u00e8me bouclante au beurre de karit\u00e9 et \u00e0 la noix de coco - 340 g - NIRIGS","og_description":"D\u00e9finit et conditionne pour des boucles douces et allong\u00e9es. \u00c0 base de beurre de karit\u00e9 pur, Cantu restaure votre beaut\u00e9","og_url":"https:\/\/nirigs.com\/ar\/product\/cantu-shea-butter-coconut-curling-cream-340-g\/","og_site_name":"NIRIGS","article_modified_time":"2025-03-14T15:03:09+00:00","og_image":[{"width":1000,"height":1000,"url":"https:\/\/nirigs.com\/wp-content\/uploads\/2024\/03\/Cantu-\u2013-Creme-bouclante-au-beurre-de-karite-et-a-la-noix-de-coco-\u2013-340-g-1.jpg","type":"image\/jpeg"}],"twitter_card":"summary_large_image","twitter_misc":{"\u0648\u0642\u062a \u0627\u0644\u0642\u0631\u0627\u0621\u0629 \u0627\u0644\u0645\u064f\u0642\u062f\u0651\u0631":"\u062f\u0642\u064a\u0642\u0629 \u0648\u0627\u062d\u062f\u0629"},"schema":{"@context":"https:\/\/schema.org","@graph":[{"@type":"WebPage","@id":"https:\/\/nirigs.com\/product\/cantu-shea-butter-coconut-curling-cream-340-g\/","url":"https:\/\/nirigs.com\/product\/cantu-shea-butter-coconut-curling-cream-340-g\/","name":"Cantu - Cr\u00e8me bouclante au beurre de karit\u00e9 et \u00e0 la noix de coco - 340 g - NIRIGS","isPartOf":{"@id":"https:\/\/nirigs.com\/#website"},"primaryImageOfPage":{"@id":"https:\/\/nirigs.com\/product\/cantu-shea-butter-coconut-curling-cream-340-g\/#primaryimage"},"image":{"@id":"https:\/\/nirigs.com\/product\/cantu-shea-butter-coconut-curling-cream-340-g\/#primaryimage"},"thumbnailUrl":"https:\/\/nirigs.com\/wp-content\/uploads\/2024\/03\/Cantu-\u2013-Creme-bouclante-au-beurre-de-karite-et-a-la-noix-de-coco-\u2013-340-g-1.jpg","datePublished":"2024-03-26T12:26:03+00:00","dateModified":"2025-03-14T15:03:09+00:00","breadcrumb":{"@id":"https:\/\/nirigs.com\/product\/cantu-shea-butter-coconut-curling-cream-340-g\/#breadcrumb"},"inLanguage":"ar","potentialAction":[{"@type":"ReadAction","target":["https:\/\/nirigs.com\/product\/cantu-shea-butter-coconut-curling-cream-340-g\/"]}]},{"@type":"ImageObject","inLanguage":"ar","@id":"https:\/\/nirigs.com\/product\/cantu-shea-butter-coconut-curling-cream-340-g\/#primaryimage","url":"https:\/\/nirigs.com\/wp-content\/uploads\/2024\/03\/Cantu-\u2013-Creme-bouclante-au-beurre-de-karite-et-a-la-noix-de-coco-\u2013-340-g-1.jpg","contentUrl":"https:\/\/nirigs.com\/wp-content\/uploads\/2024\/03\/Cantu-\u2013-Creme-bouclante-au-beurre-de-karite-et-a-la-noix-de-coco-\u2013-340-g-1.jpg","width":1000,"height":1000},{"@type":"BreadcrumbList","@id":"https:\/\/nirigs.com\/product\/cantu-shea-butter-coconut-curling-cream-340-g\/#breadcrumb","itemListElement":[{"@type":"ListItem","position":1,"name":"Home","item":"https:\/\/nirigs.com\/"},{"@type":"ListItem","position":2,"name":"Parcourir","item":"https:\/\/nirigs.com\/boutique\/"},{"@type":"ListItem","position":3,"name":"Cantu &#8211; Cr\u00e8me bouclante au beurre de karit\u00e9 et \u00e0 la noix de coco &#8211; 340 g"}]},{"@type":"WebSite","@id":"https:\/\/nirigs.com\/#website","url":"https:\/\/nirigs.com\/","name":"Nirigs.com","description":"Simplifiez vos achats du quotidien \u00e0 Djibouti","publisher":{"@id":"https:\/\/nirigs.com\/#organization"},"potentialAction":[{"@type":"SearchAction","target":{"@type":"EntryPoint","urlTemplate":"https:\/\/nirigs.com\/?s={search_term_string}"},"query-input":{"@type":"PropertyValueSpecification","valueRequired":true,"valueName":"search_term_string"}}],"inLanguage":"ar"},{"@type":"Organization","@id":"https:\/\/nirigs.com\/#organization","name":"\u0646\u064a\u0631\u064a\u062c\u0633","url":"https:\/\/nirigs.com\/","logo":{"@type":"ImageObject","inLanguage":"ar","@id":"https:\/\/nirigs.com\/#\/schema\/logo\/image\/","url":"https:\/\/nirigs.com\/wp-content\/uploads\/2025\/04\/Design-sans-titre-27.png","contentUrl":"https:\/\/nirigs.com\/wp-content\/uploads\/2025\/04\/Design-sans-titre-27.png","width":500,"height":500,"caption":"Nirigs"},"image":{"@id":"https:\/\/nirigs.com\/#\/schema\/logo\/image\/"}}]}},"brands":[{"id":758,"name":"\u0643\u0627\u0646\u062a\u0648","slug":"cantu"}],"_links":{"self":[{"href":"https:\/\/nirigs.com\/ar\/wp-json\/wp\/v2\/product\/17706","targetHints":{"allow":["GET"]}}],"collection":[{"href":"https:\/\/nirigs.com\/ar\/wp-json\/wp\/v2\/product"}],"about":[{"href":"https:\/\/nirigs.com\/ar\/wp-json\/wp\/v2\/types\/product"}],"replies":[{"embeddable":true,"href":"https:\/\/nirigs.com\/ar\/wp-json\/wp\/v2\/comments?post=17706"}],"version-history":[{"count":6,"href":"https:\/\/nirigs.com\/ar\/wp-json\/wp\/v2\/product\/17706\/revisions"}],"predecessor-version":[{"id":23760,"href":"https:\/\/nirigs.com\/ar\/wp-json\/wp\/v2\/product\/17706\/revisions\/23760"}],"wp:featuredmedia":[{"embeddable":true,"href":"https:\/\/nirigs.com\/ar\/wp-json\/wp\/v2\/media\/23761"}],"wp:attachment":[{"href":"https:\/\/nirigs.com\/ar\/wp-json\/wp\/v2\/media?parent=17706"}],"wp:term":[{"taxonomy":"pwb-brand","embeddable":true,"href":"https:\/\/nirigs.com\/ar\/wp-json\/wp\/v2\/pwb-brand?post=17706"},{"taxonomy":"product_brand","embeddable":true,"href":"https:\/\/nirigs.com\/ar\/wp-json\/wp\/v2\/product_brand?post=17706"},{"taxonomy":"product_cat","embeddable":true,"href":"https:\/\/nirigs.com\/ar\/wp-json\/wp\/v2\/product_cat?post=17706"},{"taxonomy":"product_tag","embeddable":true,"href":"https:\/\/nirigs.com\/ar\/wp-json\/wp\/v2\/product_tag?post=17706"}],"curies":[{"name":"wp","href":"https:\/\/api.w.org\/{rel}","templated":true}]}}