{"id":17703,"date":"2024-03-26T15:07:44","date_gmt":"2024-03-26T12:07:44","guid":{"rendered":"https:\/\/nirigs.com\/product\/shea-moisture-jamaican-black-castor-strengthen-restore-treatment-masque-340-g\/"},"modified":"2026-03-03T17:44:44","modified_gmt":"2026-03-03T14:44:44","slug":"shea-moisture-jamaican-black-castor-strengthen-restore-treatment-masque-340-g","status":"publish","type":"product","link":"https:\/\/nirigs.com\/ar\/product\/shea-moisture-jamaican-black-castor-strengthen-restore-treatment-masque-340-g\/","title":{"rendered":"\u0645\u0631\u0637\u0628 \u0627\u0644\u0634\u064a\u0627 - \u0642\u0646\u0627\u0639 \u0639\u0644\u0627\u062c \u0645\u0642\u0648\u064a \u0648\u0645\u062c\u062f\u062f \u0628\u0632\u064a\u062a \u0627\u0644\u062e\u0631\u0648\u0639 \u0627\u0644\u0623\u0633\u0648\u062f \u0627\u0644\u062c\u0627\u0645\u0627\u064a\u0643\u064a - 340 \u062c\u0645"},"content":{"rendered":"<p data-start=\"161\" data-end=\"526\">Le masque de traitement fortifiant et restaurateur Shea Moisture \u00e0 l\u2019huile de ricin noire jama\u00efcaine est un soin profond sp\u00e9cialement formul\u00e9 pour renforcer, r\u00e9parer et revitaliser les cheveux ab\u00eem\u00e9s, cassants ou chimiquement trait\u00e9s. Sa texture riche et cr\u00e9meuse p\u00e9n\u00e8tre intens\u00e9ment la fibre capillaire afin d\u2019apporter nutrition, r\u00e9sistance et hydratation durable.<\/p>\n<p data-start=\"528\" data-end=\"845\">Enrichi en huile de ricin noire jama\u00efcaine reconnue pour ses propri\u00e9t\u00e9s fortifiantes, ce masque aide \u00e0 r\u00e9duire la casse, am\u00e9liorer l\u2019\u00e9lasticit\u00e9 et favoriser des cheveux plus forts et plus sains. Il est id\u00e9al pour les cheveux naturels, boucl\u00e9s, fris\u00e9s, cr\u00e9pus ou soumis \u00e0 la chaleur, aux colorations ou aux d\u00e9frisages.<\/p>\n<h2 data-section-id=\"t874gv\" data-start=\"847\" data-end=\"872\">Bienfaits principaux<\/h2>\n<ul data-start=\"873\" data-end=\"1102\">\n<li data-section-id=\"1pn3dz1\" data-start=\"873\" data-end=\"918\">\n<p data-start=\"875\" data-end=\"918\">R\u00e9pare et renforce les cheveux fragilis\u00e9s<\/p>\n<\/li>\n<li data-section-id=\"1j96ig8\" data-start=\"919\" data-end=\"971\">\n<p data-start=\"921\" data-end=\"971\">Aide \u00e0 r\u00e9duire la casse et les pointes fourchues<\/p>\n<\/li>\n<li data-section-id=\"186l876\" data-start=\"972\" data-end=\"1015\">\n<p data-start=\"974\" data-end=\"1015\">Nourrit intens\u00e9ment la fibre capillaire<\/p>\n<\/li>\n<li data-section-id=\"16delgr\" data-start=\"1016\" data-end=\"1058\">\n<p data-start=\"1018\" data-end=\"1058\">Am\u00e9liore l\u2019\u00e9lasticit\u00e9 et la r\u00e9sistance<\/p>\n<\/li>\n<li data-section-id=\"790oea\" data-start=\"1059\" data-end=\"1102\">\n<p data-start=\"1061\" data-end=\"1102\">Apporte douceur, souplesse et brillance<\/p>\n<\/li>\n<\/ul>\n<h2 data-section-id=\"1lge12y\" data-start=\"1104\" data-end=\"1120\">Actifs cl\u00e9s<\/h2>\n<ul data-start=\"1121\" data-end=\"1324\">\n<li data-section-id=\"2gp1n\" data-start=\"1121\" data-end=\"1199\">\n<p data-start=\"1123\" data-end=\"1199\">Huile de ricin noire jama\u00efcaine : fortifie et favorise la croissance saine<\/p>\n<\/li>\n<li data-section-id=\"1inuy9s\" data-start=\"1200\" data-end=\"1265\">\n<p data-start=\"1202\" data-end=\"1265\">Beurre de karit\u00e9 \u00e9quitable : hydrate et prot\u00e8ge en profondeur<\/p>\n<\/li>\n<li data-section-id=\"1c00w1v\" data-start=\"1266\" data-end=\"1324\">\n<p data-start=\"1268\" data-end=\"1324\">Menthe poivr\u00e9e : stimule et rafra\u00eechit le cuir chevelu<\/p>\n<\/li>\n<\/ul>\n<h2 data-section-id=\"7yaerc\" data-start=\"1326\" data-end=\"1349\">Mode d\u2019utilisation<\/h2>\n<p data-start=\"1350\" data-end=\"1626\" data-is-last-node=\"\" data-is-only-node=\"\">Apr\u00e8s le shampoing, appliquer g\u00e9n\u00e9reusement sur cheveux propres et humides en insistant sur les longueurs et les pointes. Laisser poser 5 \u00e0 10 minutes pour un soin profond, puis rincer abondamment. Utiliser r\u00e9guli\u00e8rement pour des cheveux visiblement plus forts et revitalis\u00e9s.<\/p>\n<h2><strong>\u0645\u0643\u0648\u0646\u0627\u062a\u00a0<\/strong><\/h2>\n<p>Water (Eau), Cetearyl Alcohol, Cocos Nucifera (Coconut) Oil, Glycerin (Vegetable\/V\u00e9g\u00e9tale), Butyrospermum Parkii (Shea) Butter* Water (Eau), Cetearyl Alcohol, Cocos Nucifera (Coconut) Oil, Glycerin (Vegetable\/V\u00e9g\u00e9tale), Butyrospermum Parkii (Shea) Butter* , Stearyl Alcohol, Cetyl Alcohol, Behentrimonium Methosulfate, Fragrance (Parfum), Behentrimonium Chloride, Panthenol, Hydrolyzed Wheat Protein, Hydrolyzed Wheat Starch, Cetrimonium Chloride, Persea Gratissima (Avocado) Oil, Mangifera Indica (Mango) Seed Butter, Olea Europaea (Olive) Fruit Oil, Ricinus Communis (Castor) Seed Oil, Mentha Piperita (Peppermint) Leaf Extract, Mauritia Flexuosa (Buriti) Fruit Oil, Yeast Extract, Hydrolyzed Keratin, Macadamia Ternifolia Seed Oil, Tocopherol, Niacin, Aloe Barbadensis Leaf Juice, Acetic Acid (Apple Cider), Hydrogenated Vegetable Oil, Glycine Soja (Soybean) Oil, Trifolium Pratense (Clover) Flower Extract, Caramel, Propanediol, Caprylhydroxamic Acid, Caprylyl Glycol, Benzoic Acid<\/p>","protected":false},"excerpt":{"rendered":"<p>Le masque de traitement fortifiant et restaurateur Shea Moisture \u00e0 l\u2019huile de ricin noire jama\u00efcaine est un soin profond sp\u00e9cialement<\/p>","protected":false},"featured_media":23809,"comment_status":"open","ping_status":"closed","template":"","meta":[],"pwb-brand":[775],"product_brand":[],"product_cat":[267,1022,1024,1027],"product_tag":[],"class_list":{"0":"post-17703","1":"product","2":"type-product","3":"status-publish","4":"has-post-thumbnail","6":"pwb-brand-shea-moisture","7":"product_cat-beaute-et-soins","8":"product_cat-coiffures-et-soins-des-cheveux","9":"product_cat-soins-des-cheveux","10":"product_cat-soins-et-masques-pour-les-cheveux","12":"first","13":"instock","14":"shipping-taxable","15":"purchasable","16":"product-type-simple"},"yoast_head":"<!-- This site is optimized with the Yoast SEO plugin v27.1.1 - https:\/\/yoast.com\/product\/yoast-seo-wordpress\/ -->\n<title>Shea Moisture - Masque de traitement fortifiant et restaurateur \u00e0 l&#039;huile de ricin noire jama\u00efcaine - 340 g - NIRIGS<\/title>\n<meta name=\"robots\" content=\"index, follow, max-snippet:-1, max-image-preview:large, max-video-preview:-1\" \/>\n<link rel=\"canonical\" href=\"https:\/\/nirigs.com\/ar\/product\/shea-moisture-jamaican-black-castor-strengthen-restore-treatment-masque-340-g\/\" \/>\n<meta property=\"og:locale\" content=\"ar_AR\" \/>\n<meta property=\"og:type\" content=\"article\" \/>\n<meta property=\"og:title\" content=\"Shea Moisture - Masque de traitement fortifiant et restaurateur \u00e0 l&#039;huile de ricin noire jama\u00efcaine - 340 g - NIRIGS\" \/>\n<meta property=\"og:description\" content=\"Le masque de traitement fortifiant et restaurateur Shea Moisture \u00e0 l\u2019huile de ricin noire jama\u00efcaine est un soin profond sp\u00e9cialement\" \/>\n<meta property=\"og:url\" content=\"https:\/\/nirigs.com\/ar\/product\/shea-moisture-jamaican-black-castor-strengthen-restore-treatment-masque-340-g\/\" \/>\n<meta property=\"og:site_name\" content=\"NIRIGS\" \/>\n<meta property=\"article:modified_time\" content=\"2026-03-03T14:44:44+00:00\" \/>\n<meta property=\"og:image\" content=\"https:\/\/nirigs.com\/wp-content\/uploads\/2024\/03\/Shea-Moisture-\u2013-Masque-de-traitement-fortifiant-et-restaurateur-a-lhuile-de-ricin-noire-jamaicaine-\u2013-340-g-.jpg\" \/>\n\t<meta property=\"og:image:width\" content=\"1000\" \/>\n\t<meta property=\"og:image:height\" content=\"1000\" \/>\n\t<meta property=\"og:image:type\" content=\"image\/jpeg\" \/>\n<meta name=\"twitter:card\" content=\"summary_large_image\" \/>\n<meta name=\"twitter:label1\" content=\"\u0648\u0642\u062a \u0627\u0644\u0642\u0631\u0627\u0621\u0629 \u0627\u0644\u0645\u064f\u0642\u062f\u0651\u0631\" \/>\n\t<meta name=\"twitter:data1\" content=\"\u062f\u0642\u064a\u0642\u062a\u0627\u0646\" \/>\n<script type=\"application\/ld+json\" class=\"yoast-schema-graph\">{\"@context\":\"https:\/\/schema.org\",\"@graph\":[{\"@type\":\"WebPage\",\"@id\":\"https:\/\/nirigs.com\/product\/shea-moisture-jamaican-black-castor-strengthen-restore-treatment-masque-340-g\/\",\"url\":\"https:\/\/nirigs.com\/product\/shea-moisture-jamaican-black-castor-strengthen-restore-treatment-masque-340-g\/\",\"name\":\"Shea Moisture - Masque de traitement fortifiant et restaurateur \u00e0 l'huile de ricin noire jama\u00efcaine - 340 g - NIRIGS\",\"isPartOf\":{\"@id\":\"https:\/\/nirigs.com\/#website\"},\"primaryImageOfPage\":{\"@id\":\"https:\/\/nirigs.com\/product\/shea-moisture-jamaican-black-castor-strengthen-restore-treatment-masque-340-g\/#primaryimage\"},\"image\":{\"@id\":\"https:\/\/nirigs.com\/product\/shea-moisture-jamaican-black-castor-strengthen-restore-treatment-masque-340-g\/#primaryimage\"},\"thumbnailUrl\":\"https:\/\/nirigs.com\/wp-content\/uploads\/2024\/03\/Shea-Moisture-\u2013-Masque-de-traitement-fortifiant-et-restaurateur-a-lhuile-de-ricin-noire-jamaicaine-\u2013-340-g-.jpg\",\"datePublished\":\"2024-03-26T12:07:44+00:00\",\"dateModified\":\"2026-03-03T14:44:44+00:00\",\"breadcrumb\":{\"@id\":\"https:\/\/nirigs.com\/product\/shea-moisture-jamaican-black-castor-strengthen-restore-treatment-masque-340-g\/#breadcrumb\"},\"inLanguage\":\"ar\",\"potentialAction\":[{\"@type\":\"ReadAction\",\"target\":[\"https:\/\/nirigs.com\/product\/shea-moisture-jamaican-black-castor-strengthen-restore-treatment-masque-340-g\/\"]}]},{\"@type\":\"ImageObject\",\"inLanguage\":\"ar\",\"@id\":\"https:\/\/nirigs.com\/product\/shea-moisture-jamaican-black-castor-strengthen-restore-treatment-masque-340-g\/#primaryimage\",\"url\":\"https:\/\/nirigs.com\/wp-content\/uploads\/2024\/03\/Shea-Moisture-\u2013-Masque-de-traitement-fortifiant-et-restaurateur-a-lhuile-de-ricin-noire-jamaicaine-\u2013-340-g-.jpg\",\"contentUrl\":\"https:\/\/nirigs.com\/wp-content\/uploads\/2024\/03\/Shea-Moisture-\u2013-Masque-de-traitement-fortifiant-et-restaurateur-a-lhuile-de-ricin-noire-jamaicaine-\u2013-340-g-.jpg\",\"width\":1000,\"height\":1000},{\"@type\":\"BreadcrumbList\",\"@id\":\"https:\/\/nirigs.com\/product\/shea-moisture-jamaican-black-castor-strengthen-restore-treatment-masque-340-g\/#breadcrumb\",\"itemListElement\":[{\"@type\":\"ListItem\",\"position\":1,\"name\":\"Home\",\"item\":\"https:\/\/nirigs.com\/\"},{\"@type\":\"ListItem\",\"position\":2,\"name\":\"Parcourir\",\"item\":\"https:\/\/nirigs.com\/boutique\/\"},{\"@type\":\"ListItem\",\"position\":3,\"name\":\"Shea Moisture &#8211; Masque de traitement fortifiant et restaurateur \u00e0 l&rsquo;huile de ricin noire jama\u00efcaine &#8211; 340 g\"}]},{\"@type\":\"WebSite\",\"@id\":\"https:\/\/nirigs.com\/#website\",\"url\":\"https:\/\/nirigs.com\/\",\"name\":\"Nirigs.com\",\"description\":\"Simplifiez vos achats du quotidien \u00e0 Djibouti\",\"publisher\":{\"@id\":\"https:\/\/nirigs.com\/#organization\"},\"potentialAction\":[{\"@type\":\"SearchAction\",\"target\":{\"@type\":\"EntryPoint\",\"urlTemplate\":\"https:\/\/nirigs.com\/?s={search_term_string}\"},\"query-input\":{\"@type\":\"PropertyValueSpecification\",\"valueRequired\":true,\"valueName\":\"search_term_string\"}}],\"inLanguage\":\"ar\"},{\"@type\":\"Organization\",\"@id\":\"https:\/\/nirigs.com\/#organization\",\"name\":\"Nirigs\",\"url\":\"https:\/\/nirigs.com\/\",\"logo\":{\"@type\":\"ImageObject\",\"inLanguage\":\"ar\",\"@id\":\"https:\/\/nirigs.com\/#\/schema\/logo\/image\/\",\"url\":\"https:\/\/nirigs.com\/wp-content\/uploads\/2025\/04\/Design-sans-titre-27.png\",\"contentUrl\":\"https:\/\/nirigs.com\/wp-content\/uploads\/2025\/04\/Design-sans-titre-27.png\",\"width\":500,\"height\":500,\"caption\":\"Nirigs\"},\"image\":{\"@id\":\"https:\/\/nirigs.com\/#\/schema\/logo\/image\/\"}}]}<\/script>\n<!-- \/ Yoast SEO plugin. -->","yoast_head_json":{"title":"Shea Moisture - Masque de traitement fortifiant et restaurateur \u00e0 l'huile de ricin noire jama\u00efcaine - 340 g - NIRIGS","robots":{"index":"index","follow":"follow","max-snippet":"max-snippet:-1","max-image-preview":"max-image-preview:large","max-video-preview":"max-video-preview:-1"},"canonical":"https:\/\/nirigs.com\/ar\/product\/shea-moisture-jamaican-black-castor-strengthen-restore-treatment-masque-340-g\/","og_locale":"ar_AR","og_type":"article","og_title":"Shea Moisture - Masque de traitement fortifiant et restaurateur \u00e0 l'huile de ricin noire jama\u00efcaine - 340 g - NIRIGS","og_description":"Le masque de traitement fortifiant et restaurateur Shea Moisture \u00e0 l\u2019huile de ricin noire jama\u00efcaine est un soin profond sp\u00e9cialement","og_url":"https:\/\/nirigs.com\/ar\/product\/shea-moisture-jamaican-black-castor-strengthen-restore-treatment-masque-340-g\/","og_site_name":"NIRIGS","article_modified_time":"2026-03-03T14:44:44+00:00","og_image":[{"width":1000,"height":1000,"url":"https:\/\/nirigs.com\/wp-content\/uploads\/2024\/03\/Shea-Moisture-\u2013-Masque-de-traitement-fortifiant-et-restaurateur-a-lhuile-de-ricin-noire-jamaicaine-\u2013-340-g-.jpg","type":"image\/jpeg"}],"twitter_card":"summary_large_image","twitter_misc":{"\u0648\u0642\u062a \u0627\u0644\u0642\u0631\u0627\u0621\u0629 \u0627\u0644\u0645\u064f\u0642\u062f\u0651\u0631":"\u062f\u0642\u064a\u0642\u062a\u0627\u0646"},"schema":{"@context":"https:\/\/schema.org","@graph":[{"@type":"WebPage","@id":"https:\/\/nirigs.com\/product\/shea-moisture-jamaican-black-castor-strengthen-restore-treatment-masque-340-g\/","url":"https:\/\/nirigs.com\/product\/shea-moisture-jamaican-black-castor-strengthen-restore-treatment-masque-340-g\/","name":"Shea Moisture - Masque de traitement fortifiant et restaurateur \u00e0 l'huile de ricin noire jama\u00efcaine - 340 g - NIRIGS","isPartOf":{"@id":"https:\/\/nirigs.com\/#website"},"primaryImageOfPage":{"@id":"https:\/\/nirigs.com\/product\/shea-moisture-jamaican-black-castor-strengthen-restore-treatment-masque-340-g\/#primaryimage"},"image":{"@id":"https:\/\/nirigs.com\/product\/shea-moisture-jamaican-black-castor-strengthen-restore-treatment-masque-340-g\/#primaryimage"},"thumbnailUrl":"https:\/\/nirigs.com\/wp-content\/uploads\/2024\/03\/Shea-Moisture-\u2013-Masque-de-traitement-fortifiant-et-restaurateur-a-lhuile-de-ricin-noire-jamaicaine-\u2013-340-g-.jpg","datePublished":"2024-03-26T12:07:44+00:00","dateModified":"2026-03-03T14:44:44+00:00","breadcrumb":{"@id":"https:\/\/nirigs.com\/product\/shea-moisture-jamaican-black-castor-strengthen-restore-treatment-masque-340-g\/#breadcrumb"},"inLanguage":"ar","potentialAction":[{"@type":"ReadAction","target":["https:\/\/nirigs.com\/product\/shea-moisture-jamaican-black-castor-strengthen-restore-treatment-masque-340-g\/"]}]},{"@type":"ImageObject","inLanguage":"ar","@id":"https:\/\/nirigs.com\/product\/shea-moisture-jamaican-black-castor-strengthen-restore-treatment-masque-340-g\/#primaryimage","url":"https:\/\/nirigs.com\/wp-content\/uploads\/2024\/03\/Shea-Moisture-\u2013-Masque-de-traitement-fortifiant-et-restaurateur-a-lhuile-de-ricin-noire-jamaicaine-\u2013-340-g-.jpg","contentUrl":"https:\/\/nirigs.com\/wp-content\/uploads\/2024\/03\/Shea-Moisture-\u2013-Masque-de-traitement-fortifiant-et-restaurateur-a-lhuile-de-ricin-noire-jamaicaine-\u2013-340-g-.jpg","width":1000,"height":1000},{"@type":"BreadcrumbList","@id":"https:\/\/nirigs.com\/product\/shea-moisture-jamaican-black-castor-strengthen-restore-treatment-masque-340-g\/#breadcrumb","itemListElement":[{"@type":"ListItem","position":1,"name":"Home","item":"https:\/\/nirigs.com\/"},{"@type":"ListItem","position":2,"name":"Parcourir","item":"https:\/\/nirigs.com\/boutique\/"},{"@type":"ListItem","position":3,"name":"Shea Moisture &#8211; Masque de traitement fortifiant et restaurateur \u00e0 l&rsquo;huile de ricin noire jama\u00efcaine &#8211; 340 g"}]},{"@type":"WebSite","@id":"https:\/\/nirigs.com\/#website","url":"https:\/\/nirigs.com\/","name":"Nirigs.com","description":"Simplifiez vos achats du quotidien \u00e0 Djibouti","publisher":{"@id":"https:\/\/nirigs.com\/#organization"},"potentialAction":[{"@type":"SearchAction","target":{"@type":"EntryPoint","urlTemplate":"https:\/\/nirigs.com\/?s={search_term_string}"},"query-input":{"@type":"PropertyValueSpecification","valueRequired":true,"valueName":"search_term_string"}}],"inLanguage":"ar"},{"@type":"Organization","@id":"https:\/\/nirigs.com\/#organization","name":"\u0646\u064a\u0631\u064a\u062c\u0633","url":"https:\/\/nirigs.com\/","logo":{"@type":"ImageObject","inLanguage":"ar","@id":"https:\/\/nirigs.com\/#\/schema\/logo\/image\/","url":"https:\/\/nirigs.com\/wp-content\/uploads\/2025\/04\/Design-sans-titre-27.png","contentUrl":"https:\/\/nirigs.com\/wp-content\/uploads\/2025\/04\/Design-sans-titre-27.png","width":500,"height":500,"caption":"Nirigs"},"image":{"@id":"https:\/\/nirigs.com\/#\/schema\/logo\/image\/"}}]}},"brands":[{"id":775,"name":"\u0631\u0637\u0648\u0628\u0629 \u0627\u0644\u0634\u064a\u0627","slug":"shea-moisture"}],"_links":{"self":[{"href":"https:\/\/nirigs.com\/ar\/wp-json\/wp\/v2\/product\/17703","targetHints":{"allow":["GET"]}}],"collection":[{"href":"https:\/\/nirigs.com\/ar\/wp-json\/wp\/v2\/product"}],"about":[{"href":"https:\/\/nirigs.com\/ar\/wp-json\/wp\/v2\/types\/product"}],"replies":[{"embeddable":true,"href":"https:\/\/nirigs.com\/ar\/wp-json\/wp\/v2\/comments?post=17703"}],"version-history":[{"count":12,"href":"https:\/\/nirigs.com\/ar\/wp-json\/wp\/v2\/product\/17703\/revisions"}],"predecessor-version":[{"id":27584,"href":"https:\/\/nirigs.com\/ar\/wp-json\/wp\/v2\/product\/17703\/revisions\/27584"}],"wp:featuredmedia":[{"embeddable":true,"href":"https:\/\/nirigs.com\/ar\/wp-json\/wp\/v2\/media\/23809"}],"wp:attachment":[{"href":"https:\/\/nirigs.com\/ar\/wp-json\/wp\/v2\/media?parent=17703"}],"wp:term":[{"taxonomy":"pwb-brand","embeddable":true,"href":"https:\/\/nirigs.com\/ar\/wp-json\/wp\/v2\/pwb-brand?post=17703"},{"taxonomy":"product_brand","embeddable":true,"href":"https:\/\/nirigs.com\/ar\/wp-json\/wp\/v2\/product_brand?post=17703"},{"taxonomy":"product_cat","embeddable":true,"href":"https:\/\/nirigs.com\/ar\/wp-json\/wp\/v2\/product_cat?post=17703"},{"taxonomy":"product_tag","embeddable":true,"href":"https:\/\/nirigs.com\/ar\/wp-json\/wp\/v2\/product_tag?post=17703"}],"curies":[{"name":"wp","href":"https:\/\/api.w.org\/{rel}","templated":true}]}}