{"id":17698,"date":"2024-03-26T14:45:21","date_gmt":"2024-03-26T11:45:21","guid":{"rendered":"https:\/\/nirigs.com\/product\/shea-moisture-jamaican-black-castor-oil-strengthen-restore-leave-in-conditioner-454-g\/"},"modified":"2025-03-14T18:03:45","modified_gmt":"2025-03-14T15:03:45","slug":"shea-moisture-jamaican-black-castor-oil-strengthen-restore-leave-in-conditioner-454-g","status":"publish","type":"product","link":"https:\/\/nirigs.com\/ar\/product\/shea-moisture-jamaican-black-castor-oil-strengthen-restore-leave-in-conditioner-454-g\/","title":{"rendered":"\u0645\u0631\u0637\u0628 \u0627\u0644\u0634\u064a\u0627 - \u0628\u0644\u0633\u0645 \u0645\u062c\u062f\u062f \u0644\u0627 \u064a\u062a\u0631\u0643 \u0639\u0644\u0649 \u0627\u0644\u0634\u0639\u0631 \u0645\u0639 \u0632\u064a\u062a \u0627\u0644\u062e\u0631\u0648\u0639 \u0627\u0644\u0623\u0633\u0648\u062f \u0627\u0644\u062c\u0627\u0645\u0627\u064a\u0643\u064a - 454 \u062c\u0645"},"content":{"rendered":"<p>Vous cherchez \u00e0 adoucir, revitaliser et r\u00e9parer votre crini\u00e8re trait\u00e9e chimiquement ? Ce revitalisant sans rin\u00e7age ultra-nourrissant vous aide \u00e0 d\u00e9m\u00ealer vos m\u00e8ches tout en renfor\u00e7ant l&rsquo;\u00e9lasticit\u00e9, de sorte que votre crini\u00e8re soit moins sujette \u00e0 la casse.<\/p>\n<p>Parfait pour ceux qui colorent, lissent, d\u00e9frisent ou coiffent r\u00e9guli\u00e8rement leurs cheveux \u00e0 la chaleur (m\u00eame dans les textures ondul\u00e9es, boucl\u00e9es ou fris\u00e9es). Une couche protectrice est ajout\u00e9e pour aider \u00e0 prot\u00e9ger les cheveux contre les pointes fourchues et les frisottis. Un vrai MVP dans notre livre !<\/p>\n<h4>\u064a\u0633\u062a\u062e\u062f\u0645<\/h4>\n<p>Pour de meilleurs r\u00e9sultats, appliquez une quantit\u00e9 g\u00e9n\u00e9reuse sur des cheveux propres et essor\u00e9s \u00e0 la serviette, des racines aux pointes, et peignez d\u00e9licatement pour une r\u00e9partition uniforme. Ne rincez pas ! Vous pouvez m\u00eame renouveler l&rsquo;application au besoin, en fonction de l&rsquo;\u00e9tat ou de la longueur de vos cheveux.<\/p>\n<h4><strong>\u0645\u0643\u0648\u0646\u0627\u062a<\/strong><\/h4>\n<p>Eau, Ricinus Communis (Castor) Seed Oil, Stearyl Alcohol, Cetyl Alcohol, Behentrimonium Chloride, Butyrospermum Parkii (Shea) Butter* Eau, Ricinus Communis (Castor) Seed Oil, Stearyl Alcohol, Cetyl Alcohol, Behentrimonium Chloride, Butyrospermum Parkii (Shea) Butter*, Cocos Nucifera (Coconut) Oil, Dicaprylyl Ether, Panthenol, Hydrolyzed Rice Protein, Simmondsia Chinensis (Jojoba) Seed Oil, Hydrolyzed Keratin, Hydroxyethylcellulose, Adansonia Digitata (Baobab) Seed Oil, Glyc\u00e9rine (v\u00e9g\u00e9tale), jus de feuilles d&rsquo;Aloe Barbadensis, huile de graines de Macadamia Ternifolia, huile de fruits de Mauritia Flexuosa (Buriti), vinaigre, extrait de feuilles de Mentha Piperita (menthe poivr\u00e9e), extrait de fleurs de Trifolium Pratense (tr\u00e8fle), niacine, Ac\u00e9tate de tocoph\u00e9ryle, prot\u00e9ines v\u00e9g\u00e9tales hydrolys\u00e9es PG-Propyl Silanetriol, extrait de levure, caprylyl glycol, acide caprylhydroxamique, parfum (m\u00e9lange d&rsquo;huiles essentielles) *Ingr\u00e9dient certifi\u00e9 biologique Ingr\u00e9dient du commerce \u00e9quitable.<\/p>","protected":false},"excerpt":{"rendered":"<p>Vous cherchez \u00e0 adoucir, revitaliser et r\u00e9parer votre crini\u00e8re trait\u00e9e chimiquement ? Ce revitalisant sans rin\u00e7age ultra-nourrissant vous aide \u00e0<\/p>","protected":false},"featured_media":18544,"comment_status":"open","ping_status":"closed","template":"","meta":[],"pwb-brand":[775],"product_brand":[],"product_cat":[1025,267,1022,1024],"product_tag":[],"class_list":{"0":"post-17698","1":"product","2":"type-product","3":"status-publish","4":"has-post-thumbnail","6":"pwb-brand-shea-moisture","7":"product_cat-apres-shampooings","8":"product_cat-beaute-et-soins","9":"product_cat-coiffures-et-soins-des-cheveux","10":"product_cat-soins-des-cheveux","12":"first","13":"instock","14":"shipping-taxable","15":"purchasable","16":"product-type-simple"},"yoast_head":"<!-- This site is optimized with the Yoast SEO plugin v27.1.1 - https:\/\/yoast.com\/product\/yoast-seo-wordpress\/ -->\n<title>Shea Moisture - Apr\u00e8s Shampoing sans rin\u00e7age r\u00e9parateur \u00e0 l&#039;huile de ricin noire jama\u00efcaine - 454 g - NIRIGS<\/title>\n<meta name=\"robots\" content=\"index, follow, max-snippet:-1, max-image-preview:large, max-video-preview:-1\" \/>\n<link rel=\"canonical\" href=\"https:\/\/nirigs.com\/ar\/product\/shea-moisture-jamaican-black-castor-oil-strengthen-restore-leave-in-conditioner-454-g\/\" \/>\n<meta property=\"og:locale\" content=\"ar_AR\" \/>\n<meta property=\"og:type\" content=\"article\" \/>\n<meta property=\"og:title\" content=\"Shea Moisture - Apr\u00e8s Shampoing sans rin\u00e7age r\u00e9parateur \u00e0 l&#039;huile de ricin noire jama\u00efcaine - 454 g - NIRIGS\" \/>\n<meta property=\"og:description\" content=\"Vous cherchez \u00e0 adoucir, revitaliser et r\u00e9parer votre crini\u00e8re trait\u00e9e chimiquement ? Ce revitalisant sans rin\u00e7age ultra-nourrissant vous aide \u00e0\" \/>\n<meta property=\"og:url\" content=\"https:\/\/nirigs.com\/ar\/product\/shea-moisture-jamaican-black-castor-oil-strengthen-restore-leave-in-conditioner-454-g\/\" \/>\n<meta property=\"og:site_name\" content=\"NIRIGS\" \/>\n<meta property=\"article:modified_time\" content=\"2025-03-14T15:03:45+00:00\" \/>\n<meta property=\"og:image\" content=\"https:\/\/nirigs.com\/wp-content\/uploads\/2024\/07\/Shea-Moisture-\u2013-Apres-Shampoing-sans-rincage-reparateur-a-lhuile-de-ricin-noire-jamaicaine-\u2013-454-g.jpg\" \/>\n\t<meta property=\"og:image:width\" content=\"1000\" \/>\n\t<meta property=\"og:image:height\" content=\"1000\" \/>\n\t<meta property=\"og:image:type\" content=\"image\/jpeg\" \/>\n<meta name=\"twitter:card\" content=\"summary_large_image\" \/>\n<meta name=\"twitter:label1\" content=\"\u0648\u0642\u062a \u0627\u0644\u0642\u0631\u0627\u0621\u0629 \u0627\u0644\u0645\u064f\u0642\u062f\u0651\u0631\" \/>\n\t<meta name=\"twitter:data1\" content=\"\u062f\u0642\u064a\u0642\u0629 \u0648\u0627\u062d\u062f\u0629\" \/>\n<script type=\"application\/ld+json\" class=\"yoast-schema-graph\">{\"@context\":\"https:\/\/schema.org\",\"@graph\":[{\"@type\":\"WebPage\",\"@id\":\"https:\/\/nirigs.com\/product\/shea-moisture-jamaican-black-castor-oil-strengthen-restore-leave-in-conditioner-454-g\/\",\"url\":\"https:\/\/nirigs.com\/product\/shea-moisture-jamaican-black-castor-oil-strengthen-restore-leave-in-conditioner-454-g\/\",\"name\":\"Shea Moisture - Apr\u00e8s Shampoing sans rin\u00e7age r\u00e9parateur \u00e0 l'huile de ricin noire jama\u00efcaine - 454 g - NIRIGS\",\"isPartOf\":{\"@id\":\"https:\/\/nirigs.com\/#website\"},\"primaryImageOfPage\":{\"@id\":\"https:\/\/nirigs.com\/product\/shea-moisture-jamaican-black-castor-oil-strengthen-restore-leave-in-conditioner-454-g\/#primaryimage\"},\"image\":{\"@id\":\"https:\/\/nirigs.com\/product\/shea-moisture-jamaican-black-castor-oil-strengthen-restore-leave-in-conditioner-454-g\/#primaryimage\"},\"thumbnailUrl\":\"https:\/\/nirigs.com\/wp-content\/uploads\/2024\/07\/Shea-Moisture-\u2013-Apres-Shampoing-sans-rincage-reparateur-a-lhuile-de-ricin-noire-jamaicaine-\u2013-454-g.jpg\",\"datePublished\":\"2024-03-26T11:45:21+00:00\",\"dateModified\":\"2025-03-14T15:03:45+00:00\",\"breadcrumb\":{\"@id\":\"https:\/\/nirigs.com\/product\/shea-moisture-jamaican-black-castor-oil-strengthen-restore-leave-in-conditioner-454-g\/#breadcrumb\"},\"inLanguage\":\"ar\",\"potentialAction\":[{\"@type\":\"ReadAction\",\"target\":[\"https:\/\/nirigs.com\/product\/shea-moisture-jamaican-black-castor-oil-strengthen-restore-leave-in-conditioner-454-g\/\"]}]},{\"@type\":\"ImageObject\",\"inLanguage\":\"ar\",\"@id\":\"https:\/\/nirigs.com\/product\/shea-moisture-jamaican-black-castor-oil-strengthen-restore-leave-in-conditioner-454-g\/#primaryimage\",\"url\":\"https:\/\/nirigs.com\/wp-content\/uploads\/2024\/07\/Shea-Moisture-\u2013-Apres-Shampoing-sans-rincage-reparateur-a-lhuile-de-ricin-noire-jamaicaine-\u2013-454-g.jpg\",\"contentUrl\":\"https:\/\/nirigs.com\/wp-content\/uploads\/2024\/07\/Shea-Moisture-\u2013-Apres-Shampoing-sans-rincage-reparateur-a-lhuile-de-ricin-noire-jamaicaine-\u2013-454-g.jpg\",\"width\":1000,\"height\":1000},{\"@type\":\"BreadcrumbList\",\"@id\":\"https:\/\/nirigs.com\/product\/shea-moisture-jamaican-black-castor-oil-strengthen-restore-leave-in-conditioner-454-g\/#breadcrumb\",\"itemListElement\":[{\"@type\":\"ListItem\",\"position\":1,\"name\":\"Home\",\"item\":\"https:\/\/nirigs.com\/\"},{\"@type\":\"ListItem\",\"position\":2,\"name\":\"Parcourir\",\"item\":\"https:\/\/nirigs.com\/boutique\/\"},{\"@type\":\"ListItem\",\"position\":3,\"name\":\"Shea Moisture &#8211; Apr\u00e8s Shampoing sans rin\u00e7age r\u00e9parateur \u00e0 l&rsquo;huile de ricin noire jama\u00efcaine &#8211; 454 g\"}]},{\"@type\":\"WebSite\",\"@id\":\"https:\/\/nirigs.com\/#website\",\"url\":\"https:\/\/nirigs.com\/\",\"name\":\"Nirigs.com\",\"description\":\"Simplifiez vos achats du quotidien \u00e0 Djibouti\",\"publisher\":{\"@id\":\"https:\/\/nirigs.com\/#organization\"},\"potentialAction\":[{\"@type\":\"SearchAction\",\"target\":{\"@type\":\"EntryPoint\",\"urlTemplate\":\"https:\/\/nirigs.com\/?s={search_term_string}\"},\"query-input\":{\"@type\":\"PropertyValueSpecification\",\"valueRequired\":true,\"valueName\":\"search_term_string\"}}],\"inLanguage\":\"ar\"},{\"@type\":\"Organization\",\"@id\":\"https:\/\/nirigs.com\/#organization\",\"name\":\"Nirigs\",\"url\":\"https:\/\/nirigs.com\/\",\"logo\":{\"@type\":\"ImageObject\",\"inLanguage\":\"ar\",\"@id\":\"https:\/\/nirigs.com\/#\/schema\/logo\/image\/\",\"url\":\"https:\/\/nirigs.com\/wp-content\/uploads\/2025\/04\/Design-sans-titre-27.png\",\"contentUrl\":\"https:\/\/nirigs.com\/wp-content\/uploads\/2025\/04\/Design-sans-titre-27.png\",\"width\":500,\"height\":500,\"caption\":\"Nirigs\"},\"image\":{\"@id\":\"https:\/\/nirigs.com\/#\/schema\/logo\/image\/\"}}]}<\/script>\n<!-- \/ Yoast SEO plugin. -->","yoast_head_json":{"title":"Shea Moisture - Apr\u00e8s Shampoing sans rin\u00e7age r\u00e9parateur \u00e0 l'huile de ricin noire jama\u00efcaine - 454 g - NIRIGS","robots":{"index":"index","follow":"follow","max-snippet":"max-snippet:-1","max-image-preview":"max-image-preview:large","max-video-preview":"max-video-preview:-1"},"canonical":"https:\/\/nirigs.com\/ar\/product\/shea-moisture-jamaican-black-castor-oil-strengthen-restore-leave-in-conditioner-454-g\/","og_locale":"ar_AR","og_type":"article","og_title":"Shea Moisture - Apr\u00e8s Shampoing sans rin\u00e7age r\u00e9parateur \u00e0 l'huile de ricin noire jama\u00efcaine - 454 g - NIRIGS","og_description":"Vous cherchez \u00e0 adoucir, revitaliser et r\u00e9parer votre crini\u00e8re trait\u00e9e chimiquement ? Ce revitalisant sans rin\u00e7age ultra-nourrissant vous aide \u00e0","og_url":"https:\/\/nirigs.com\/ar\/product\/shea-moisture-jamaican-black-castor-oil-strengthen-restore-leave-in-conditioner-454-g\/","og_site_name":"NIRIGS","article_modified_time":"2025-03-14T15:03:45+00:00","og_image":[{"width":1000,"height":1000,"url":"https:\/\/nirigs.com\/wp-content\/uploads\/2024\/07\/Shea-Moisture-\u2013-Apres-Shampoing-sans-rincage-reparateur-a-lhuile-de-ricin-noire-jamaicaine-\u2013-454-g.jpg","type":"image\/jpeg"}],"twitter_card":"summary_large_image","twitter_misc":{"\u0648\u0642\u062a \u0627\u0644\u0642\u0631\u0627\u0621\u0629 \u0627\u0644\u0645\u064f\u0642\u062f\u0651\u0631":"\u062f\u0642\u064a\u0642\u0629 \u0648\u0627\u062d\u062f\u0629"},"schema":{"@context":"https:\/\/schema.org","@graph":[{"@type":"WebPage","@id":"https:\/\/nirigs.com\/product\/shea-moisture-jamaican-black-castor-oil-strengthen-restore-leave-in-conditioner-454-g\/","url":"https:\/\/nirigs.com\/product\/shea-moisture-jamaican-black-castor-oil-strengthen-restore-leave-in-conditioner-454-g\/","name":"Shea Moisture - Apr\u00e8s Shampoing sans rin\u00e7age r\u00e9parateur \u00e0 l'huile de ricin noire jama\u00efcaine - 454 g - NIRIGS","isPartOf":{"@id":"https:\/\/nirigs.com\/#website"},"primaryImageOfPage":{"@id":"https:\/\/nirigs.com\/product\/shea-moisture-jamaican-black-castor-oil-strengthen-restore-leave-in-conditioner-454-g\/#primaryimage"},"image":{"@id":"https:\/\/nirigs.com\/product\/shea-moisture-jamaican-black-castor-oil-strengthen-restore-leave-in-conditioner-454-g\/#primaryimage"},"thumbnailUrl":"https:\/\/nirigs.com\/wp-content\/uploads\/2024\/07\/Shea-Moisture-\u2013-Apres-Shampoing-sans-rincage-reparateur-a-lhuile-de-ricin-noire-jamaicaine-\u2013-454-g.jpg","datePublished":"2024-03-26T11:45:21+00:00","dateModified":"2025-03-14T15:03:45+00:00","breadcrumb":{"@id":"https:\/\/nirigs.com\/product\/shea-moisture-jamaican-black-castor-oil-strengthen-restore-leave-in-conditioner-454-g\/#breadcrumb"},"inLanguage":"ar","potentialAction":[{"@type":"ReadAction","target":["https:\/\/nirigs.com\/product\/shea-moisture-jamaican-black-castor-oil-strengthen-restore-leave-in-conditioner-454-g\/"]}]},{"@type":"ImageObject","inLanguage":"ar","@id":"https:\/\/nirigs.com\/product\/shea-moisture-jamaican-black-castor-oil-strengthen-restore-leave-in-conditioner-454-g\/#primaryimage","url":"https:\/\/nirigs.com\/wp-content\/uploads\/2024\/07\/Shea-Moisture-\u2013-Apres-Shampoing-sans-rincage-reparateur-a-lhuile-de-ricin-noire-jamaicaine-\u2013-454-g.jpg","contentUrl":"https:\/\/nirigs.com\/wp-content\/uploads\/2024\/07\/Shea-Moisture-\u2013-Apres-Shampoing-sans-rincage-reparateur-a-lhuile-de-ricin-noire-jamaicaine-\u2013-454-g.jpg","width":1000,"height":1000},{"@type":"BreadcrumbList","@id":"https:\/\/nirigs.com\/product\/shea-moisture-jamaican-black-castor-oil-strengthen-restore-leave-in-conditioner-454-g\/#breadcrumb","itemListElement":[{"@type":"ListItem","position":1,"name":"Home","item":"https:\/\/nirigs.com\/"},{"@type":"ListItem","position":2,"name":"Parcourir","item":"https:\/\/nirigs.com\/boutique\/"},{"@type":"ListItem","position":3,"name":"Shea Moisture &#8211; Apr\u00e8s Shampoing sans rin\u00e7age r\u00e9parateur \u00e0 l&rsquo;huile de ricin noire jama\u00efcaine &#8211; 454 g"}]},{"@type":"WebSite","@id":"https:\/\/nirigs.com\/#website","url":"https:\/\/nirigs.com\/","name":"Nirigs.com","description":"Simplifiez vos achats du quotidien \u00e0 Djibouti","publisher":{"@id":"https:\/\/nirigs.com\/#organization"},"potentialAction":[{"@type":"SearchAction","target":{"@type":"EntryPoint","urlTemplate":"https:\/\/nirigs.com\/?s={search_term_string}"},"query-input":{"@type":"PropertyValueSpecification","valueRequired":true,"valueName":"search_term_string"}}],"inLanguage":"ar"},{"@type":"Organization","@id":"https:\/\/nirigs.com\/#organization","name":"\u0646\u064a\u0631\u064a\u062c\u0633","url":"https:\/\/nirigs.com\/","logo":{"@type":"ImageObject","inLanguage":"ar","@id":"https:\/\/nirigs.com\/#\/schema\/logo\/image\/","url":"https:\/\/nirigs.com\/wp-content\/uploads\/2025\/04\/Design-sans-titre-27.png","contentUrl":"https:\/\/nirigs.com\/wp-content\/uploads\/2025\/04\/Design-sans-titre-27.png","width":500,"height":500,"caption":"Nirigs"},"image":{"@id":"https:\/\/nirigs.com\/#\/schema\/logo\/image\/"}}]}},"brands":[{"id":775,"name":"\u0631\u0637\u0648\u0628\u0629 \u0627\u0644\u0634\u064a\u0627","slug":"shea-moisture"}],"_links":{"self":[{"href":"https:\/\/nirigs.com\/ar\/wp-json\/wp\/v2\/product\/17698","targetHints":{"allow":["GET"]}}],"collection":[{"href":"https:\/\/nirigs.com\/ar\/wp-json\/wp\/v2\/product"}],"about":[{"href":"https:\/\/nirigs.com\/ar\/wp-json\/wp\/v2\/types\/product"}],"replies":[{"embeddable":true,"href":"https:\/\/nirigs.com\/ar\/wp-json\/wp\/v2\/comments?post=17698"}],"version-history":[{"count":8,"href":"https:\/\/nirigs.com\/ar\/wp-json\/wp\/v2\/product\/17698\/revisions"}],"predecessor-version":[{"id":26882,"href":"https:\/\/nirigs.com\/ar\/wp-json\/wp\/v2\/product\/17698\/revisions\/26882"}],"wp:featuredmedia":[{"embeddable":true,"href":"https:\/\/nirigs.com\/ar\/wp-json\/wp\/v2\/media\/18544"}],"wp:attachment":[{"href":"https:\/\/nirigs.com\/ar\/wp-json\/wp\/v2\/media?parent=17698"}],"wp:term":[{"taxonomy":"pwb-brand","embeddable":true,"href":"https:\/\/nirigs.com\/ar\/wp-json\/wp\/v2\/pwb-brand?post=17698"},{"taxonomy":"product_brand","embeddable":true,"href":"https:\/\/nirigs.com\/ar\/wp-json\/wp\/v2\/product_brand?post=17698"},{"taxonomy":"product_cat","embeddable":true,"href":"https:\/\/nirigs.com\/ar\/wp-json\/wp\/v2\/product_cat?post=17698"},{"taxonomy":"product_tag","embeddable":true,"href":"https:\/\/nirigs.com\/ar\/wp-json\/wp\/v2\/product_tag?post=17698"}],"curies":[{"name":"wp","href":"https:\/\/api.w.org\/{rel}","templated":true}]}}