{"id":17692,"date":"2024-03-26T14:16:24","date_gmt":"2024-03-26T11:16:24","guid":{"rendered":"https:\/\/nirigs.com\/product\/eco-styler-professional-styling-gel-black-castor-oil-flaxseed-oil-473ml\/"},"modified":"2025-06-07T01:56:12","modified_gmt":"2025-06-06T22:56:12","slug":"eco-styler-professional-styling-gel-black-castor-oil-flaxseed-oil-473ml","status":"publish","type":"product","link":"https:\/\/nirigs.com\/ar\/product\/eco-styler-professional-styling-gel-black-castor-oil-flaxseed-oil-473ml\/","title":{"rendered":"\u0625\u064a\u0643\u0648 \u0633\u062a\u0627\u064a\u0644\u0631 - \u062c\u0644 \u062a\u0635\u0641\u064a\u0641 \u0627\u062d\u062a\u0631\u0627\u0641\u064a \u0628\u0632\u064a\u062a \u0627\u0644\u062e\u0631\u0648\u0639 \u0627\u0644\u0623\u0633\u0648\u062f \u0648\u0632\u064a\u062a \u0628\u0630\u0631 \u0627\u0644\u0643\u062a\u0627\u0646 - 473 \u0645\u0644"},"content":{"rendered":"<p>Les prot\u00e9ines de bl\u00e9 renforcent et prot\u00e8gent les cheveux. Comme tous nos gels coiffants, il est l\u00e9ger et laisse vos cheveux avec une brillance saine et une tenue sup\u00e9rieure. Le gel Eco Style Black Castor &amp; Flaxseed Oil est un produit coiffant de premi\u00e8re qualit\u00e9 qui combine un m\u00e9lange de vitamine E, de fibres et d&rsquo;om\u00e9ga-3 pour favoriser la croissance des cheveux. Il hydrate les racines et le cuir chevelu et pr\u00e9vient les dommages caus\u00e9s aux cheveux. Sans alcool ni silicone. Offre une tenue et une brillance \u00e9lev\u00e9es.<br \/>\nNourrit, r\u00e9pare et favorise la croissance des cheveux.<br \/>\nTenue et brillance longue dur\u00e9e<br \/>\nNe s&rsquo;\u00e9caille pas, ne colle pas<\/p>\n<h4>\u064a\u0633\u062a\u062e\u062f\u0645<\/h4>\n<p>Appliquer sur les cheveux secs ou mouill\u00e9s.<br \/>\nR\u00e9partir la quantit\u00e9 souhait\u00e9e dans les cheveux et les coiffer comme on le souhaite.<\/p>\n<h4 class=\"mv0 lh-copy f5 pb1 dark-gray\">\u0645\u0643\u0648\u0646\u0627\u062a<\/h4>\n<p class=\"mv0 lh-copy f6 mid-gray\">Water (Aqua), Carbomer, Triethanolamine Argania Spinosa (Argan) Kernel Oil, Hydrolyzed Wheat Protein, Glycerin, Polysorbate 20, Tetrasodium EDTA, PVP, Sodium Hydroxymethylglycinate, Fragrance (Parfum), Yellow 5 (CI 19140), Love &amp; Pride<\/p>","protected":false},"excerpt":{"rendered":"<p>Les prot\u00e9ines de bl\u00e9 renforcent et prot\u00e8gent les cheveux. Comme tous nos gels coiffants, il est l\u00e9ger et laisse vos<\/p>","protected":false},"featured_media":23804,"comment_status":"open","ping_status":"closed","template":"","meta":[],"pwb-brand":[779],"product_brand":[],"product_cat":[267,1022,1073,1071],"product_tag":[],"class_list":{"0":"post-17692","1":"product","2":"type-product","3":"status-publish","4":"has-post-thumbnail","6":"pwb-brand-eco-styler","7":"product_cat-beaute-et-soins","8":"product_cat-coiffures-et-soins-des-cheveux","9":"product_cat-gels-coiffants","10":"product_cat-produits-coiffants","12":"first","13":"instock","14":"shipping-taxable","15":"purchasable","16":"product-type-simple"},"yoast_head":"<!-- This site is optimized with the Yoast SEO plugin v27.1.1 - https:\/\/yoast.com\/product\/yoast-seo-wordpress\/ -->\n<title>ECO Styler - Gel coiffant professionnel \u00e0 l&#039;huile de ricin noire et huile de lin - 473ml - NIRIGS<\/title>\n<meta name=\"robots\" content=\"index, follow, max-snippet:-1, max-image-preview:large, max-video-preview:-1\" \/>\n<link rel=\"canonical\" href=\"https:\/\/nirigs.com\/ar\/product\/eco-styler-professional-styling-gel-black-castor-oil-flaxseed-oil-473ml\/\" \/>\n<meta property=\"og:locale\" content=\"ar_AR\" \/>\n<meta property=\"og:type\" content=\"article\" \/>\n<meta property=\"og:title\" content=\"ECO Styler - Gel coiffant professionnel \u00e0 l&#039;huile de ricin noire et huile de lin - 473ml - NIRIGS\" \/>\n<meta property=\"og:description\" content=\"Les prot\u00e9ines de bl\u00e9 renforcent et prot\u00e8gent les cheveux. Comme tous nos gels coiffants, il est l\u00e9ger et laisse vos\" \/>\n<meta property=\"og:url\" content=\"https:\/\/nirigs.com\/ar\/product\/eco-styler-professional-styling-gel-black-castor-oil-flaxseed-oil-473ml\/\" \/>\n<meta property=\"og:site_name\" content=\"NIRIGS\" \/>\n<meta property=\"article:modified_time\" content=\"2025-06-06T22:56:12+00:00\" \/>\n<meta property=\"og:image\" content=\"https:\/\/nirigs.com\/wp-content\/uploads\/2024\/03\/ECO-Styler-\u2013-Gel-coiffant-professionnel-a-lhuile-de-ricin-noire-et-huile-de-lin-\u2013-473ml.jpg\" \/>\n\t<meta property=\"og:image:width\" content=\"1000\" \/>\n\t<meta property=\"og:image:height\" content=\"1000\" \/>\n\t<meta property=\"og:image:type\" content=\"image\/jpeg\" \/>\n<meta name=\"twitter:card\" content=\"summary_large_image\" \/>\n<meta name=\"twitter:label1\" content=\"\u0648\u0642\u062a \u0627\u0644\u0642\u0631\u0627\u0621\u0629 \u0627\u0644\u0645\u064f\u0642\u062f\u0651\u0631\" \/>\n\t<meta name=\"twitter:data1\" content=\"\u062f\u0642\u064a\u0642\u0629 \u0648\u0627\u062d\u062f\u0629\" \/>\n<script type=\"application\/ld+json\" class=\"yoast-schema-graph\">{\"@context\":\"https:\/\/schema.org\",\"@graph\":[{\"@type\":\"WebPage\",\"@id\":\"https:\/\/nirigs.com\/product\/eco-styler-professional-styling-gel-black-castor-oil-flaxseed-oil-473ml\/\",\"url\":\"https:\/\/nirigs.com\/product\/eco-styler-professional-styling-gel-black-castor-oil-flaxseed-oil-473ml\/\",\"name\":\"ECO Styler - Gel coiffant professionnel \u00e0 l'huile de ricin noire et huile de lin - 473ml - NIRIGS\",\"isPartOf\":{\"@id\":\"https:\/\/nirigs.com\/#website\"},\"primaryImageOfPage\":{\"@id\":\"https:\/\/nirigs.com\/product\/eco-styler-professional-styling-gel-black-castor-oil-flaxseed-oil-473ml\/#primaryimage\"},\"image\":{\"@id\":\"https:\/\/nirigs.com\/product\/eco-styler-professional-styling-gel-black-castor-oil-flaxseed-oil-473ml\/#primaryimage\"},\"thumbnailUrl\":\"https:\/\/nirigs.com\/wp-content\/uploads\/2024\/03\/ECO-Styler-\u2013-Gel-coiffant-professionnel-a-lhuile-de-ricin-noire-et-huile-de-lin-\u2013-473ml.jpg\",\"datePublished\":\"2024-03-26T11:16:24+00:00\",\"dateModified\":\"2025-06-06T22:56:12+00:00\",\"breadcrumb\":{\"@id\":\"https:\/\/nirigs.com\/product\/eco-styler-professional-styling-gel-black-castor-oil-flaxseed-oil-473ml\/#breadcrumb\"},\"inLanguage\":\"ar\",\"potentialAction\":[{\"@type\":\"ReadAction\",\"target\":[\"https:\/\/nirigs.com\/product\/eco-styler-professional-styling-gel-black-castor-oil-flaxseed-oil-473ml\/\"]}]},{\"@type\":\"ImageObject\",\"inLanguage\":\"ar\",\"@id\":\"https:\/\/nirigs.com\/product\/eco-styler-professional-styling-gel-black-castor-oil-flaxseed-oil-473ml\/#primaryimage\",\"url\":\"https:\/\/nirigs.com\/wp-content\/uploads\/2024\/03\/ECO-Styler-\u2013-Gel-coiffant-professionnel-a-lhuile-de-ricin-noire-et-huile-de-lin-\u2013-473ml.jpg\",\"contentUrl\":\"https:\/\/nirigs.com\/wp-content\/uploads\/2024\/03\/ECO-Styler-\u2013-Gel-coiffant-professionnel-a-lhuile-de-ricin-noire-et-huile-de-lin-\u2013-473ml.jpg\",\"width\":1000,\"height\":1000},{\"@type\":\"BreadcrumbList\",\"@id\":\"https:\/\/nirigs.com\/product\/eco-styler-professional-styling-gel-black-castor-oil-flaxseed-oil-473ml\/#breadcrumb\",\"itemListElement\":[{\"@type\":\"ListItem\",\"position\":1,\"name\":\"Home\",\"item\":\"https:\/\/nirigs.com\/\"},{\"@type\":\"ListItem\",\"position\":2,\"name\":\"Parcourir\",\"item\":\"https:\/\/nirigs.com\/boutique\/\"},{\"@type\":\"ListItem\",\"position\":3,\"name\":\"ECO Styler &#8211; Gel coiffant professionnel \u00e0 l&rsquo;huile de ricin noire et huile de lin &#8211; 473ml\"}]},{\"@type\":\"WebSite\",\"@id\":\"https:\/\/nirigs.com\/#website\",\"url\":\"https:\/\/nirigs.com\/\",\"name\":\"Nirigs.com\",\"description\":\"Simplifiez vos achats du quotidien \u00e0 Djibouti\",\"publisher\":{\"@id\":\"https:\/\/nirigs.com\/#organization\"},\"potentialAction\":[{\"@type\":\"SearchAction\",\"target\":{\"@type\":\"EntryPoint\",\"urlTemplate\":\"https:\/\/nirigs.com\/?s={search_term_string}\"},\"query-input\":{\"@type\":\"PropertyValueSpecification\",\"valueRequired\":true,\"valueName\":\"search_term_string\"}}],\"inLanguage\":\"ar\"},{\"@type\":\"Organization\",\"@id\":\"https:\/\/nirigs.com\/#organization\",\"name\":\"Nirigs\",\"url\":\"https:\/\/nirigs.com\/\",\"logo\":{\"@type\":\"ImageObject\",\"inLanguage\":\"ar\",\"@id\":\"https:\/\/nirigs.com\/#\/schema\/logo\/image\/\",\"url\":\"https:\/\/nirigs.com\/wp-content\/uploads\/2025\/04\/Design-sans-titre-27.png\",\"contentUrl\":\"https:\/\/nirigs.com\/wp-content\/uploads\/2025\/04\/Design-sans-titre-27.png\",\"width\":500,\"height\":500,\"caption\":\"Nirigs\"},\"image\":{\"@id\":\"https:\/\/nirigs.com\/#\/schema\/logo\/image\/\"}}]}<\/script>\n<!-- \/ Yoast SEO plugin. -->","yoast_head_json":{"title":"ECO Styler - Gel coiffant professionnel \u00e0 l'huile de ricin noire et huile de lin - 473ml - NIRIGS","robots":{"index":"index","follow":"follow","max-snippet":"max-snippet:-1","max-image-preview":"max-image-preview:large","max-video-preview":"max-video-preview:-1"},"canonical":"https:\/\/nirigs.com\/ar\/product\/eco-styler-professional-styling-gel-black-castor-oil-flaxseed-oil-473ml\/","og_locale":"ar_AR","og_type":"article","og_title":"ECO Styler - Gel coiffant professionnel \u00e0 l'huile de ricin noire et huile de lin - 473ml - NIRIGS","og_description":"Les prot\u00e9ines de bl\u00e9 renforcent et prot\u00e8gent les cheveux. Comme tous nos gels coiffants, il est l\u00e9ger et laisse vos","og_url":"https:\/\/nirigs.com\/ar\/product\/eco-styler-professional-styling-gel-black-castor-oil-flaxseed-oil-473ml\/","og_site_name":"NIRIGS","article_modified_time":"2025-06-06T22:56:12+00:00","og_image":[{"width":1000,"height":1000,"url":"https:\/\/nirigs.com\/wp-content\/uploads\/2024\/03\/ECO-Styler-\u2013-Gel-coiffant-professionnel-a-lhuile-de-ricin-noire-et-huile-de-lin-\u2013-473ml.jpg","type":"image\/jpeg"}],"twitter_card":"summary_large_image","twitter_misc":{"\u0648\u0642\u062a \u0627\u0644\u0642\u0631\u0627\u0621\u0629 \u0627\u0644\u0645\u064f\u0642\u062f\u0651\u0631":"\u062f\u0642\u064a\u0642\u0629 \u0648\u0627\u062d\u062f\u0629"},"schema":{"@context":"https:\/\/schema.org","@graph":[{"@type":"WebPage","@id":"https:\/\/nirigs.com\/product\/eco-styler-professional-styling-gel-black-castor-oil-flaxseed-oil-473ml\/","url":"https:\/\/nirigs.com\/product\/eco-styler-professional-styling-gel-black-castor-oil-flaxseed-oil-473ml\/","name":"ECO Styler - Gel coiffant professionnel \u00e0 l'huile de ricin noire et huile de lin - 473ml - NIRIGS","isPartOf":{"@id":"https:\/\/nirigs.com\/#website"},"primaryImageOfPage":{"@id":"https:\/\/nirigs.com\/product\/eco-styler-professional-styling-gel-black-castor-oil-flaxseed-oil-473ml\/#primaryimage"},"image":{"@id":"https:\/\/nirigs.com\/product\/eco-styler-professional-styling-gel-black-castor-oil-flaxseed-oil-473ml\/#primaryimage"},"thumbnailUrl":"https:\/\/nirigs.com\/wp-content\/uploads\/2024\/03\/ECO-Styler-\u2013-Gel-coiffant-professionnel-a-lhuile-de-ricin-noire-et-huile-de-lin-\u2013-473ml.jpg","datePublished":"2024-03-26T11:16:24+00:00","dateModified":"2025-06-06T22:56:12+00:00","breadcrumb":{"@id":"https:\/\/nirigs.com\/product\/eco-styler-professional-styling-gel-black-castor-oil-flaxseed-oil-473ml\/#breadcrumb"},"inLanguage":"ar","potentialAction":[{"@type":"ReadAction","target":["https:\/\/nirigs.com\/product\/eco-styler-professional-styling-gel-black-castor-oil-flaxseed-oil-473ml\/"]}]},{"@type":"ImageObject","inLanguage":"ar","@id":"https:\/\/nirigs.com\/product\/eco-styler-professional-styling-gel-black-castor-oil-flaxseed-oil-473ml\/#primaryimage","url":"https:\/\/nirigs.com\/wp-content\/uploads\/2024\/03\/ECO-Styler-\u2013-Gel-coiffant-professionnel-a-lhuile-de-ricin-noire-et-huile-de-lin-\u2013-473ml.jpg","contentUrl":"https:\/\/nirigs.com\/wp-content\/uploads\/2024\/03\/ECO-Styler-\u2013-Gel-coiffant-professionnel-a-lhuile-de-ricin-noire-et-huile-de-lin-\u2013-473ml.jpg","width":1000,"height":1000},{"@type":"BreadcrumbList","@id":"https:\/\/nirigs.com\/product\/eco-styler-professional-styling-gel-black-castor-oil-flaxseed-oil-473ml\/#breadcrumb","itemListElement":[{"@type":"ListItem","position":1,"name":"Home","item":"https:\/\/nirigs.com\/"},{"@type":"ListItem","position":2,"name":"Parcourir","item":"https:\/\/nirigs.com\/boutique\/"},{"@type":"ListItem","position":3,"name":"ECO Styler &#8211; Gel coiffant professionnel \u00e0 l&rsquo;huile de ricin noire et huile de lin &#8211; 473ml"}]},{"@type":"WebSite","@id":"https:\/\/nirigs.com\/#website","url":"https:\/\/nirigs.com\/","name":"Nirigs.com","description":"Simplifiez vos achats du quotidien \u00e0 Djibouti","publisher":{"@id":"https:\/\/nirigs.com\/#organization"},"potentialAction":[{"@type":"SearchAction","target":{"@type":"EntryPoint","urlTemplate":"https:\/\/nirigs.com\/?s={search_term_string}"},"query-input":{"@type":"PropertyValueSpecification","valueRequired":true,"valueName":"search_term_string"}}],"inLanguage":"ar"},{"@type":"Organization","@id":"https:\/\/nirigs.com\/#organization","name":"\u0646\u064a\u0631\u064a\u062c\u0633","url":"https:\/\/nirigs.com\/","logo":{"@type":"ImageObject","inLanguage":"ar","@id":"https:\/\/nirigs.com\/#\/schema\/logo\/image\/","url":"https:\/\/nirigs.com\/wp-content\/uploads\/2025\/04\/Design-sans-titre-27.png","contentUrl":"https:\/\/nirigs.com\/wp-content\/uploads\/2025\/04\/Design-sans-titre-27.png","width":500,"height":500,"caption":"Nirigs"},"image":{"@id":"https:\/\/nirigs.com\/#\/schema\/logo\/image\/"}}]}},"brands":[{"id":779,"name":"\u0627\u064a\u0643\u0648 \u0633\u062a\u0627\u064a\u0644\u0631","slug":"eco-styler"}],"_links":{"self":[{"href":"https:\/\/nirigs.com\/ar\/wp-json\/wp\/v2\/product\/17692","targetHints":{"allow":["GET"]}}],"collection":[{"href":"https:\/\/nirigs.com\/ar\/wp-json\/wp\/v2\/product"}],"about":[{"href":"https:\/\/nirigs.com\/ar\/wp-json\/wp\/v2\/types\/product"}],"replies":[{"embeddable":true,"href":"https:\/\/nirigs.com\/ar\/wp-json\/wp\/v2\/comments?post=17692"}],"version-history":[{"count":7,"href":"https:\/\/nirigs.com\/ar\/wp-json\/wp\/v2\/product\/17692\/revisions"}],"predecessor-version":[{"id":18629,"href":"https:\/\/nirigs.com\/ar\/wp-json\/wp\/v2\/product\/17692\/revisions\/18629"}],"wp:featuredmedia":[{"embeddable":true,"href":"https:\/\/nirigs.com\/ar\/wp-json\/wp\/v2\/media\/23804"}],"wp:attachment":[{"href":"https:\/\/nirigs.com\/ar\/wp-json\/wp\/v2\/media?parent=17692"}],"wp:term":[{"taxonomy":"pwb-brand","embeddable":true,"href":"https:\/\/nirigs.com\/ar\/wp-json\/wp\/v2\/pwb-brand?post=17692"},{"taxonomy":"product_brand","embeddable":true,"href":"https:\/\/nirigs.com\/ar\/wp-json\/wp\/v2\/product_brand?post=17692"},{"taxonomy":"product_cat","embeddable":true,"href":"https:\/\/nirigs.com\/ar\/wp-json\/wp\/v2\/product_cat?post=17692"},{"taxonomy":"product_tag","embeddable":true,"href":"https:\/\/nirigs.com\/ar\/wp-json\/wp\/v2\/product_tag?post=17692"}],"curies":[{"name":"wp","href":"https:\/\/api.w.org\/{rel}","templated":true}]}}