{"id":17691,"date":"2024-03-26T14:12:56","date_gmt":"2024-03-26T11:12:56","guid":{"rendered":"https:\/\/nirigs.com\/product\/shea-moisture-manuka-honey-mafura-oil-intensive-hydration-hair-masque-354-ml\/"},"modified":"2025-03-14T18:04:22","modified_gmt":"2025-03-14T15:04:22","slug":"shea-moisture-manuka-honey-mafura-oil-intensive-hydration-hair-masque-354-ml","status":"publish","type":"product","link":"https:\/\/nirigs.com\/ar\/product\/shea-moisture-manuka-honey-mafura-oil-intensive-hydration-hair-masque-354-ml\/","title":{"rendered":"\u0634\u064a\u0627 \u0645\u0648\u064a\u0633\u062a\u0634\u0631 \u2013 \u0642\u0646\u0627\u0639 \u0627\u0644\u062a\u0631\u0637\u064a\u0628 \u0627\u0644\u0645\u0643\u062b\u0641 \u0644\u0644\u0634\u0639\u0631 \u0628\u0639\u0633\u0644 \u0627\u0644\u0645\u0627\u0646\u0648\u0643\u0627 \u0648\u0632\u064a\u062a \u0627\u0644\u0645\u0627\u0641\u0648\u0631\u0627 \u2013 354 \u0645\u0644"},"content":{"rendered":"<p>SheaMoisture Intensive Hydration Hair Mask with Manuka Honey and Mafura Oil, SheaMoisture Raw Shea Butter Deep Moisturizing Masque est un masque capillaire hydratant et revitalisant en profondeur qui procure une hydratation intense aux cheveux et retient l&rsquo;humidit\u00e9 pour des cheveux plus forts et plus sains.<\/p>\n<p>Ce masque reconstitue l&rsquo;hydratation et fortifie les follicules pour des cheveux d&rsquo;apparence plus saine. Notre soin profond pour cheveux boucl\u00e9s est parfait pour revitaliser les cheveux trop trait\u00e9s, les cheveux ab\u00eem\u00e9s ou les cheveux color\u00e9s. Formul\u00e9 avec du beurre de karit\u00e9 brut, du varech et de l&rsquo;huile d&rsquo;argan, ce masque revitalisant en profondeur infuse les cheveux d&rsquo;une puissante dose d&rsquo;hydratation et de nutriments.<\/p>\n<p>Notre masque de traitement conditionne en profondeur les cheveux secs, restaure les lipides naturels et apporte 6 fois plus, par rapport \u00e0 un shampooing non conditionnant. Ce masque bien-aim\u00e9 apporte une hydratation bienfaisante, cr\u00e9ant un environnement id\u00e9al pour l&rsquo;\u00e9panouissement des boucles, une pionni\u00e8re, m\u00e8re de quatre enfants et entrepreneuse qui vendait du beurre de karit\u00e9, du savon noir africain et des pr\u00e9parations de beaut\u00e9 maison en Sierra Leone en 1912.<br \/>\nEn Sierra Leone en 1912. Nous honorons sa vision en continuant \u00e0 formuler avec du beurre de karit\u00e9 brut fabriqu\u00e9 \u00e0 la main par des femmes en Afrique. Avec chaque achat, vous soutenez notre mission de r\u00e9investissement dans nos communaut\u00e9s.<\/p>\n<h4>\u064a\u0633\u062a\u062e\u062f\u0645<\/h4>\n<p>S\u00e9parer les cheveux propres et mouill\u00e9s. Appliquer g\u00e9n\u00e9reusement. Utiliser un peigne \u00e0 dents larges pour r\u00e9partir uniform\u00e9ment de la racine aux pointes. Laisser agir pendant 5 minutes. Rincer abondamment. Pour un conditionnement suppl\u00e9mentaire, couvrir les cheveux avec un bonnet en plastique. Appliquer une chaleur mod\u00e9r\u00e9e pendant 30 minutes maximum. Rincer ensuite.<\/p>\n<h4 class=\"mv0 lh-copy f5 pb1 dark-gray\">\u0645\u0643\u0648\u0646\u0627\u062a<\/h4>\n<p class=\"mv0 lh-copy f6 mid-gray\">Water (Aqua), Cetyl Alcohol, Cocos Nucifera (Coconut) Oil, Behentrimonium MethoSulfate, Butyrospermum Parkii (Shea) Butter*?, Glycerin (Vegetable), Stearyl Alcohol, Fragrance (Essential Oil Blend), Behentrimonium Chloride, Panthenol, Hydrolyzed Rice Protein, Trichilia Emetica (Mafura) Seed Oil, Honey, Adansonia Digitata (Baobab) Seed Oil, Cetrimonium Chloride, Persea Gratissima (Avocado) Oil, Ficus (Fig) Extract, Mangifera Indica (Mango) Seed Butter, Tocopheryl Acetate, Caprylhydroxamic Acid, Caprylyl Glycol, * Certified Organic ? Fair Trade Ingredient.<\/p>\n<h4>Utilit\u00e9 pour types de cheveux :<\/h4>\n<p>4A 4B 4C<\/p>","protected":false},"excerpt":{"rendered":"<p>SheaMoisture Intensive Hydration Hair Mask with Manuka Honey and Mafura Oil, SheaMoisture Raw Shea Butter Deep Moisturizing Masque est un<\/p>","protected":false},"featured_media":23811,"comment_status":"open","ping_status":"closed","template":"","meta":[],"pwb-brand":[775],"product_brand":[],"product_cat":[267,1022,1024,1027],"product_tag":[],"class_list":{"0":"post-17691","1":"product","2":"type-product","3":"status-publish","4":"has-post-thumbnail","6":"pwb-brand-shea-moisture","7":"product_cat-beaute-et-soins","8":"product_cat-coiffures-et-soins-des-cheveux","9":"product_cat-soins-des-cheveux","10":"product_cat-soins-et-masques-pour-les-cheveux","12":"first","13":"instock","14":"shipping-taxable","15":"purchasable","16":"product-type-simple"},"yoast_head":"<!-- This site is optimized with the Yoast SEO plugin v27.1.1 - https:\/\/yoast.com\/product\/yoast-seo-wordpress\/ -->\n<title>Shea Moisture - Masque capillaire hydratation intensive au miel de Manuka et \u00e0 l&#039;huile de Mafura - 354 ml - NIRIGS<\/title>\n<meta name=\"robots\" content=\"index, follow, max-snippet:-1, max-image-preview:large, max-video-preview:-1\" \/>\n<link rel=\"canonical\" href=\"https:\/\/nirigs.com\/ar\/product\/shea-moisture-manuka-honey-mafura-oil-intensive-hydration-hair-masque-354-ml\/\" \/>\n<meta property=\"og:locale\" content=\"ar_AR\" \/>\n<meta property=\"og:type\" content=\"article\" \/>\n<meta property=\"og:title\" content=\"Shea Moisture - Masque capillaire hydratation intensive au miel de Manuka et \u00e0 l&#039;huile de Mafura - 354 ml - NIRIGS\" \/>\n<meta property=\"og:description\" content=\"SheaMoisture Intensive Hydration Hair Mask with Manuka Honey and Mafura Oil, SheaMoisture Raw Shea Butter Deep Moisturizing Masque est un\" \/>\n<meta property=\"og:url\" content=\"https:\/\/nirigs.com\/ar\/product\/shea-moisture-manuka-honey-mafura-oil-intensive-hydration-hair-masque-354-ml\/\" \/>\n<meta property=\"og:site_name\" content=\"NIRIGS\" \/>\n<meta property=\"article:modified_time\" content=\"2025-03-14T15:04:22+00:00\" \/>\n<meta property=\"og:image\" content=\"https:\/\/nirigs.com\/wp-content\/uploads\/2024\/03\/Shea-Moisture-\u2013-Masque-capillaire-hydratation-intensive-au-miel-de-Manuka-et-a-lhuile-de-Mafura-\u2013-354-ml.jpg\" \/>\n\t<meta property=\"og:image:width\" content=\"1000\" \/>\n\t<meta property=\"og:image:height\" content=\"1000\" \/>\n\t<meta property=\"og:image:type\" content=\"image\/jpeg\" \/>\n<meta name=\"twitter:card\" content=\"summary_large_image\" \/>\n<meta name=\"twitter:label1\" content=\"\u0648\u0642\u062a \u0627\u0644\u0642\u0631\u0627\u0621\u0629 \u0627\u0644\u0645\u064f\u0642\u062f\u0651\u0631\" \/>\n\t<meta name=\"twitter:data1\" content=\"\u062f\u0642\u064a\u0642\u062a\u0627\u0646\" \/>\n<script type=\"application\/ld+json\" class=\"yoast-schema-graph\">{\"@context\":\"https:\/\/schema.org\",\"@graph\":[{\"@type\":\"WebPage\",\"@id\":\"https:\/\/nirigs.com\/product\/shea-moisture-manuka-honey-mafura-oil-intensive-hydration-hair-masque-354-ml\/\",\"url\":\"https:\/\/nirigs.com\/product\/shea-moisture-manuka-honey-mafura-oil-intensive-hydration-hair-masque-354-ml\/\",\"name\":\"Shea Moisture - Masque capillaire hydratation intensive au miel de Manuka et \u00e0 l'huile de Mafura - 354 ml - NIRIGS\",\"isPartOf\":{\"@id\":\"https:\/\/nirigs.com\/#website\"},\"primaryImageOfPage\":{\"@id\":\"https:\/\/nirigs.com\/product\/shea-moisture-manuka-honey-mafura-oil-intensive-hydration-hair-masque-354-ml\/#primaryimage\"},\"image\":{\"@id\":\"https:\/\/nirigs.com\/product\/shea-moisture-manuka-honey-mafura-oil-intensive-hydration-hair-masque-354-ml\/#primaryimage\"},\"thumbnailUrl\":\"https:\/\/nirigs.com\/wp-content\/uploads\/2024\/03\/Shea-Moisture-\u2013-Masque-capillaire-hydratation-intensive-au-miel-de-Manuka-et-a-lhuile-de-Mafura-\u2013-354-ml.jpg\",\"datePublished\":\"2024-03-26T11:12:56+00:00\",\"dateModified\":\"2025-03-14T15:04:22+00:00\",\"breadcrumb\":{\"@id\":\"https:\/\/nirigs.com\/product\/shea-moisture-manuka-honey-mafura-oil-intensive-hydration-hair-masque-354-ml\/#breadcrumb\"},\"inLanguage\":\"ar\",\"potentialAction\":[{\"@type\":\"ReadAction\",\"target\":[\"https:\/\/nirigs.com\/product\/shea-moisture-manuka-honey-mafura-oil-intensive-hydration-hair-masque-354-ml\/\"]}]},{\"@type\":\"ImageObject\",\"inLanguage\":\"ar\",\"@id\":\"https:\/\/nirigs.com\/product\/shea-moisture-manuka-honey-mafura-oil-intensive-hydration-hair-masque-354-ml\/#primaryimage\",\"url\":\"https:\/\/nirigs.com\/wp-content\/uploads\/2024\/03\/Shea-Moisture-\u2013-Masque-capillaire-hydratation-intensive-au-miel-de-Manuka-et-a-lhuile-de-Mafura-\u2013-354-ml.jpg\",\"contentUrl\":\"https:\/\/nirigs.com\/wp-content\/uploads\/2024\/03\/Shea-Moisture-\u2013-Masque-capillaire-hydratation-intensive-au-miel-de-Manuka-et-a-lhuile-de-Mafura-\u2013-354-ml.jpg\",\"width\":1000,\"height\":1000},{\"@type\":\"BreadcrumbList\",\"@id\":\"https:\/\/nirigs.com\/product\/shea-moisture-manuka-honey-mafura-oil-intensive-hydration-hair-masque-354-ml\/#breadcrumb\",\"itemListElement\":[{\"@type\":\"ListItem\",\"position\":1,\"name\":\"Home\",\"item\":\"https:\/\/nirigs.com\/\"},{\"@type\":\"ListItem\",\"position\":2,\"name\":\"Parcourir\",\"item\":\"https:\/\/nirigs.com\/boutique\/\"},{\"@type\":\"ListItem\",\"position\":3,\"name\":\"Shea Moisture &#8211; Masque capillaire hydratation intensive au miel de Manuka et \u00e0 l&rsquo;huile de Mafura &#8211; 354 ml\"}]},{\"@type\":\"WebSite\",\"@id\":\"https:\/\/nirigs.com\/#website\",\"url\":\"https:\/\/nirigs.com\/\",\"name\":\"Nirigs.com\",\"description\":\"Simplifiez vos achats du quotidien \u00e0 Djibouti\",\"publisher\":{\"@id\":\"https:\/\/nirigs.com\/#organization\"},\"potentialAction\":[{\"@type\":\"SearchAction\",\"target\":{\"@type\":\"EntryPoint\",\"urlTemplate\":\"https:\/\/nirigs.com\/?s={search_term_string}\"},\"query-input\":{\"@type\":\"PropertyValueSpecification\",\"valueRequired\":true,\"valueName\":\"search_term_string\"}}],\"inLanguage\":\"ar\"},{\"@type\":\"Organization\",\"@id\":\"https:\/\/nirigs.com\/#organization\",\"name\":\"Nirigs\",\"url\":\"https:\/\/nirigs.com\/\",\"logo\":{\"@type\":\"ImageObject\",\"inLanguage\":\"ar\",\"@id\":\"https:\/\/nirigs.com\/#\/schema\/logo\/image\/\",\"url\":\"https:\/\/nirigs.com\/wp-content\/uploads\/2025\/04\/Design-sans-titre-27.png\",\"contentUrl\":\"https:\/\/nirigs.com\/wp-content\/uploads\/2025\/04\/Design-sans-titre-27.png\",\"width\":500,\"height\":500,\"caption\":\"Nirigs\"},\"image\":{\"@id\":\"https:\/\/nirigs.com\/#\/schema\/logo\/image\/\"}}]}<\/script>\n<!-- \/ Yoast SEO plugin. -->","yoast_head_json":{"title":"Shea Moisture - Masque capillaire hydratation intensive au miel de Manuka et \u00e0 l'huile de Mafura - 354 ml - NIRIGS","robots":{"index":"index","follow":"follow","max-snippet":"max-snippet:-1","max-image-preview":"max-image-preview:large","max-video-preview":"max-video-preview:-1"},"canonical":"https:\/\/nirigs.com\/ar\/product\/shea-moisture-manuka-honey-mafura-oil-intensive-hydration-hair-masque-354-ml\/","og_locale":"ar_AR","og_type":"article","og_title":"Shea Moisture - Masque capillaire hydratation intensive au miel de Manuka et \u00e0 l'huile de Mafura - 354 ml - NIRIGS","og_description":"SheaMoisture Intensive Hydration Hair Mask with Manuka Honey and Mafura Oil, SheaMoisture Raw Shea Butter Deep Moisturizing Masque est un","og_url":"https:\/\/nirigs.com\/ar\/product\/shea-moisture-manuka-honey-mafura-oil-intensive-hydration-hair-masque-354-ml\/","og_site_name":"NIRIGS","article_modified_time":"2025-03-14T15:04:22+00:00","og_image":[{"width":1000,"height":1000,"url":"https:\/\/nirigs.com\/wp-content\/uploads\/2024\/03\/Shea-Moisture-\u2013-Masque-capillaire-hydratation-intensive-au-miel-de-Manuka-et-a-lhuile-de-Mafura-\u2013-354-ml.jpg","type":"image\/jpeg"}],"twitter_card":"summary_large_image","twitter_misc":{"\u0648\u0642\u062a \u0627\u0644\u0642\u0631\u0627\u0621\u0629 \u0627\u0644\u0645\u064f\u0642\u062f\u0651\u0631":"\u062f\u0642\u064a\u0642\u062a\u0627\u0646"},"schema":{"@context":"https:\/\/schema.org","@graph":[{"@type":"WebPage","@id":"https:\/\/nirigs.com\/product\/shea-moisture-manuka-honey-mafura-oil-intensive-hydration-hair-masque-354-ml\/","url":"https:\/\/nirigs.com\/product\/shea-moisture-manuka-honey-mafura-oil-intensive-hydration-hair-masque-354-ml\/","name":"Shea Moisture - Masque capillaire hydratation intensive au miel de Manuka et \u00e0 l'huile de Mafura - 354 ml - NIRIGS","isPartOf":{"@id":"https:\/\/nirigs.com\/#website"},"primaryImageOfPage":{"@id":"https:\/\/nirigs.com\/product\/shea-moisture-manuka-honey-mafura-oil-intensive-hydration-hair-masque-354-ml\/#primaryimage"},"image":{"@id":"https:\/\/nirigs.com\/product\/shea-moisture-manuka-honey-mafura-oil-intensive-hydration-hair-masque-354-ml\/#primaryimage"},"thumbnailUrl":"https:\/\/nirigs.com\/wp-content\/uploads\/2024\/03\/Shea-Moisture-\u2013-Masque-capillaire-hydratation-intensive-au-miel-de-Manuka-et-a-lhuile-de-Mafura-\u2013-354-ml.jpg","datePublished":"2024-03-26T11:12:56+00:00","dateModified":"2025-03-14T15:04:22+00:00","breadcrumb":{"@id":"https:\/\/nirigs.com\/product\/shea-moisture-manuka-honey-mafura-oil-intensive-hydration-hair-masque-354-ml\/#breadcrumb"},"inLanguage":"ar","potentialAction":[{"@type":"ReadAction","target":["https:\/\/nirigs.com\/product\/shea-moisture-manuka-honey-mafura-oil-intensive-hydration-hair-masque-354-ml\/"]}]},{"@type":"ImageObject","inLanguage":"ar","@id":"https:\/\/nirigs.com\/product\/shea-moisture-manuka-honey-mafura-oil-intensive-hydration-hair-masque-354-ml\/#primaryimage","url":"https:\/\/nirigs.com\/wp-content\/uploads\/2024\/03\/Shea-Moisture-\u2013-Masque-capillaire-hydratation-intensive-au-miel-de-Manuka-et-a-lhuile-de-Mafura-\u2013-354-ml.jpg","contentUrl":"https:\/\/nirigs.com\/wp-content\/uploads\/2024\/03\/Shea-Moisture-\u2013-Masque-capillaire-hydratation-intensive-au-miel-de-Manuka-et-a-lhuile-de-Mafura-\u2013-354-ml.jpg","width":1000,"height":1000},{"@type":"BreadcrumbList","@id":"https:\/\/nirigs.com\/product\/shea-moisture-manuka-honey-mafura-oil-intensive-hydration-hair-masque-354-ml\/#breadcrumb","itemListElement":[{"@type":"ListItem","position":1,"name":"Home","item":"https:\/\/nirigs.com\/"},{"@type":"ListItem","position":2,"name":"Parcourir","item":"https:\/\/nirigs.com\/boutique\/"},{"@type":"ListItem","position":3,"name":"Shea Moisture &#8211; Masque capillaire hydratation intensive au miel de Manuka et \u00e0 l&rsquo;huile de Mafura &#8211; 354 ml"}]},{"@type":"WebSite","@id":"https:\/\/nirigs.com\/#website","url":"https:\/\/nirigs.com\/","name":"Nirigs.com","description":"Simplifiez vos achats du quotidien \u00e0 Djibouti","publisher":{"@id":"https:\/\/nirigs.com\/#organization"},"potentialAction":[{"@type":"SearchAction","target":{"@type":"EntryPoint","urlTemplate":"https:\/\/nirigs.com\/?s={search_term_string}"},"query-input":{"@type":"PropertyValueSpecification","valueRequired":true,"valueName":"search_term_string"}}],"inLanguage":"ar"},{"@type":"Organization","@id":"https:\/\/nirigs.com\/#organization","name":"\u0646\u064a\u0631\u064a\u062c\u0633","url":"https:\/\/nirigs.com\/","logo":{"@type":"ImageObject","inLanguage":"ar","@id":"https:\/\/nirigs.com\/#\/schema\/logo\/image\/","url":"https:\/\/nirigs.com\/wp-content\/uploads\/2025\/04\/Design-sans-titre-27.png","contentUrl":"https:\/\/nirigs.com\/wp-content\/uploads\/2025\/04\/Design-sans-titre-27.png","width":500,"height":500,"caption":"Nirigs"},"image":{"@id":"https:\/\/nirigs.com\/#\/schema\/logo\/image\/"}}]}},"brands":[{"id":775,"name":"\u0631\u0637\u0648\u0628\u0629 \u0627\u0644\u0634\u064a\u0627","slug":"shea-moisture"}],"_links":{"self":[{"href":"https:\/\/nirigs.com\/ar\/wp-json\/wp\/v2\/product\/17691","targetHints":{"allow":["GET"]}}],"collection":[{"href":"https:\/\/nirigs.com\/ar\/wp-json\/wp\/v2\/product"}],"about":[{"href":"https:\/\/nirigs.com\/ar\/wp-json\/wp\/v2\/types\/product"}],"replies":[{"embeddable":true,"href":"https:\/\/nirigs.com\/ar\/wp-json\/wp\/v2\/comments?post=17691"}],"version-history":[{"count":14,"href":"https:\/\/nirigs.com\/ar\/wp-json\/wp\/v2\/product\/17691\/revisions"}],"predecessor-version":[{"id":18630,"href":"https:\/\/nirigs.com\/ar\/wp-json\/wp\/v2\/product\/17691\/revisions\/18630"}],"wp:featuredmedia":[{"embeddable":true,"href":"https:\/\/nirigs.com\/ar\/wp-json\/wp\/v2\/media\/23811"}],"wp:attachment":[{"href":"https:\/\/nirigs.com\/ar\/wp-json\/wp\/v2\/media?parent=17691"}],"wp:term":[{"taxonomy":"pwb-brand","embeddable":true,"href":"https:\/\/nirigs.com\/ar\/wp-json\/wp\/v2\/pwb-brand?post=17691"},{"taxonomy":"product_brand","embeddable":true,"href":"https:\/\/nirigs.com\/ar\/wp-json\/wp\/v2\/product_brand?post=17691"},{"taxonomy":"product_cat","embeddable":true,"href":"https:\/\/nirigs.com\/ar\/wp-json\/wp\/v2\/product_cat?post=17691"},{"taxonomy":"product_tag","embeddable":true,"href":"https:\/\/nirigs.com\/ar\/wp-json\/wp\/v2\/product_tag?post=17691"}],"curies":[{"name":"wp","href":"https:\/\/api.w.org\/{rel}","templated":true}]}}