{"id":17672,"date":"2024-03-05T20:52:35","date_gmt":"2024-03-05T17:52:35","guid":{"rendered":"https:\/\/nirigs.com\/product\/shea-moisture-raw-shea-butter-deep-treatment-masque-with-sea-kelp-argan-oil-340-g\/"},"modified":"2025-03-14T18:07:13","modified_gmt":"2025-03-14T15:07:13","slug":"shea-moisture-raw-shea-butter-deep-treatment-masque-with-sea-kelp-argan-oil-340-g","status":"publish","type":"product","link":"https:\/\/nirigs.com\/ar\/product\/shea-moisture-raw-shea-butter-deep-treatment-masque-with-sea-kelp-argan-oil-340-g\/","title":{"rendered":"\u0645\u0631\u0637\u0628 \u0627\u0644\u0634\u064a\u0627 \u2013 \u0642\u0646\u0627\u0639 \u0627\u0644\u0639\u0644\u0627\u062c \u0627\u0644\u0639\u0645\u064a\u0642 \u0628\u0632\u0628\u062f\u0629 \u0627\u0644\u0634\u064a\u0627 \u0645\u0639 \u0639\u0634\u0628 \u0627\u0644\u0628\u062d\u0631 \u0648\u0632\u064a\u062a \u0627\u0644\u0623\u0631\u063a\u0627\u0646 \u2013 340 \u062c\u0631\u0627\u0645"},"content":{"rendered":"<p>Prot\u00e9gez vos vagues et boucles d\u00e9licates des dommages caus\u00e9s par les boucles, torsions, tresses et lissages constants avec le revitalisant en profondeur SheaMoisture pour les cheveux secs et naturels. Enrichi en beurre de karit\u00e9 brut, en huile de graines de ricin, en huile d&rsquo;olive et autres plantes naturelles, cet apr\u00e8s-shampoing int\u00e9gral hydrate les cheveux l\u00e0 o\u00f9 ils en ont le plus besoin, soulageant ainsi la s\u00e9cheresse qui ressemble \u00e0 de la paille et qui peut conduire \u00e0 la chute des cheveux.<\/p>\n<p>Notre masque de traitement intensif hydrate et soigne en profondeur les cheveux secs et ab\u00eem\u00e9s, lorsqu&rsquo;il est utilis\u00e9 comme traitement apr\u00e8s-shampoing ou comme traitement revitalisant en profondeur. Il est parfait pour la transition entre les cheveux trait\u00e9s chimiquement et les cheveux naturels. Il donne \u00e9galement \u00e0 ces boucles naturelles une brillance saine que vous pouvez voir et sentir. Formul\u00e9 \u00e0 partir de produits biologiques certifi\u00e9s.<\/p>\n<h4>\u064a\u0633\u062a\u062e\u062f\u0645<\/h4>\n<p>S\u00e9parer les cheveux propres et mouill\u00e9s. Appliquer g\u00e9n\u00e9reusement. Utiliser un peigne \u00e0 dents larges pour r\u00e9partir uniform\u00e9ment de la racine aux pointes. Laisser agir 5 minutes. Rincer abondamment. Pour un traitement p\u00e9n\u00e9trant en profondeur, couvrir les cheveux d&rsquo;un bonnet en plastique et appliquer une chaleur mod\u00e9r\u00e9e pendant 30 minutes. Rincer abondamment. Si vous utilisez un appareil \u00e0 vapeur, ne couvrez pas les cheveux, la chaleur humide renforcera l&rsquo;hydratation du masque.<\/p>\n<h4 class=\"mv0 lh-copy f5 pb1 dark-gray\">\u0645\u0643\u0648\u0646\u0627\u062a<\/h4>\n<p class=\"mv0 lh-copy f6 mid-gray\">Water, Cetyl Alcohol, Butyrospermum Parkii (Shea) Butter*\u0089\u00aa\u00b4, Ricinus Communis (Castor) Seed Oil, Glycerin (Vegetable), Olea Europaea (Olive) Fruit Oil, Glyceryl Stearate Citrate, Cetearyl Alcohol, Panthenol, Aloe Barbadensis Leaf Juice, Argania Spinosa Kernel Oil, Persea Gratissima (Avocado) Oil, Hydrolyzed Vegetable Protein PG-Propyl Silanetriol, Glyceryl Caprylate, Daucus Carota Sativa (Carrot) Seed Oil, Macrocystis Pyrifera (Kelp) Extract, Tocopherol, Behentrimonium Chloride, Triethyl Citrate, Caprylyl Glycol, Benzoic Acid, Fragrance (Essential Oil Blend) * Certified Organic Ingredient \u0089\u00aa\u00b4Fair Trade Ingredient.<\/p>","protected":false},"excerpt":{"rendered":"<p>Prot\u00e9gez vos vagues et boucles d\u00e9licates des dommages caus\u00e9s par les boucles, torsions, tresses et lissages constants avec le revitalisant<\/p>","protected":false},"featured_media":23818,"comment_status":"open","ping_status":"closed","template":"","meta":[],"pwb-brand":[775],"product_brand":[],"product_cat":[267,1022,1024,1027],"product_tag":[],"class_list":{"0":"post-17672","1":"product","2":"type-product","3":"status-publish","4":"has-post-thumbnail","6":"pwb-brand-shea-moisture","7":"product_cat-beaute-et-soins","8":"product_cat-coiffures-et-soins-des-cheveux","9":"product_cat-soins-des-cheveux","10":"product_cat-soins-et-masques-pour-les-cheveux","12":"first","13":"instock","14":"shipping-taxable","15":"purchasable","16":"product-type-simple"},"yoast_head":"<!-- This site is optimized with the Yoast SEO plugin v27.4 - https:\/\/yoast.com\/product\/yoast-seo-wordpress\/ -->\n<title>Shea Moisture - Masque de traitement en profondeur au beurre de Karit\u00e9 avec Varech et huile d&#039;Argan - 340 g - NIRIGS<\/title>\n<meta name=\"robots\" content=\"index, follow, max-snippet:-1, max-image-preview:large, max-video-preview:-1\" \/>\n<link rel=\"canonical\" href=\"https:\/\/nirigs.com\/ar\/product\/shea-moisture-raw-shea-butter-deep-treatment-masque-with-sea-kelp-argan-oil-340-g\/\" \/>\n<meta property=\"og:locale\" content=\"ar_AR\" \/>\n<meta property=\"og:type\" content=\"article\" \/>\n<meta property=\"og:title\" content=\"Shea Moisture - Masque de traitement en profondeur au beurre de Karit\u00e9 avec Varech et huile d&#039;Argan - 340 g - NIRIGS\" \/>\n<meta property=\"og:description\" content=\"Prot\u00e9gez vos vagues et boucles d\u00e9licates des dommages caus\u00e9s par les boucles, torsions, tresses et lissages constants avec le revitalisant\" \/>\n<meta property=\"og:url\" content=\"https:\/\/nirigs.com\/ar\/product\/shea-moisture-raw-shea-butter-deep-treatment-masque-with-sea-kelp-argan-oil-340-g\/\" \/>\n<meta property=\"og:site_name\" content=\"NIRIGS\" \/>\n<meta property=\"article:modified_time\" content=\"2025-03-14T15:07:13+00:00\" \/>\n<meta property=\"og:image\" content=\"https:\/\/nirigs.com\/wp-content\/uploads\/2024\/03\/Shea-Moisture-\u2013-Masque-de-traitement-en-profondeur-au-beurre-de-Karite-avec-Varech-et-huile-dArgan-\u2013-340-g.jpg\" \/>\n\t<meta property=\"og:image:width\" content=\"1000\" \/>\n\t<meta property=\"og:image:height\" content=\"1000\" \/>\n\t<meta property=\"og:image:type\" content=\"image\/jpeg\" \/>\n<meta name=\"twitter:card\" content=\"summary_large_image\" \/>\n<meta name=\"twitter:label1\" content=\"\u0648\u0642\u062a \u0627\u0644\u0642\u0631\u0627\u0621\u0629 \u0627\u0644\u0645\u064f\u0642\u062f\u0651\u0631\" \/>\n\t<meta name=\"twitter:data1\" content=\"\u062f\u0642\u064a\u0642\u062a\u0627\u0646\" \/>\n<script type=\"application\/ld+json\" class=\"yoast-schema-graph\">{\"@context\":\"https:\\\/\\\/schema.org\",\"@graph\":[{\"@type\":\"WebPage\",\"@id\":\"https:\\\/\\\/nirigs.com\\\/product\\\/shea-moisture-raw-shea-butter-deep-treatment-masque-with-sea-kelp-argan-oil-340-g\\\/\",\"url\":\"https:\\\/\\\/nirigs.com\\\/product\\\/shea-moisture-raw-shea-butter-deep-treatment-masque-with-sea-kelp-argan-oil-340-g\\\/\",\"name\":\"Shea Moisture - Masque de traitement en profondeur au beurre de Karit\u00e9 avec Varech et huile d'Argan - 340 g - NIRIGS\",\"isPartOf\":{\"@id\":\"https:\\\/\\\/nirigs.com\\\/#website\"},\"primaryImageOfPage\":{\"@id\":\"https:\\\/\\\/nirigs.com\\\/product\\\/shea-moisture-raw-shea-butter-deep-treatment-masque-with-sea-kelp-argan-oil-340-g\\\/#primaryimage\"},\"image\":{\"@id\":\"https:\\\/\\\/nirigs.com\\\/product\\\/shea-moisture-raw-shea-butter-deep-treatment-masque-with-sea-kelp-argan-oil-340-g\\\/#primaryimage\"},\"thumbnailUrl\":\"https:\\\/\\\/nirigs.com\\\/wp-content\\\/uploads\\\/2024\\\/03\\\/Shea-Moisture-\u2013-Masque-de-traitement-en-profondeur-au-beurre-de-Karite-avec-Varech-et-huile-dArgan-\u2013-340-g.jpg\",\"datePublished\":\"2024-03-05T17:52:35+00:00\",\"dateModified\":\"2025-03-14T15:07:13+00:00\",\"breadcrumb\":{\"@id\":\"https:\\\/\\\/nirigs.com\\\/product\\\/shea-moisture-raw-shea-butter-deep-treatment-masque-with-sea-kelp-argan-oil-340-g\\\/#breadcrumb\"},\"inLanguage\":\"ar\",\"potentialAction\":[{\"@type\":\"ReadAction\",\"target\":[\"https:\\\/\\\/nirigs.com\\\/product\\\/shea-moisture-raw-shea-butter-deep-treatment-masque-with-sea-kelp-argan-oil-340-g\\\/\"]}]},{\"@type\":\"ImageObject\",\"inLanguage\":\"ar\",\"@id\":\"https:\\\/\\\/nirigs.com\\\/product\\\/shea-moisture-raw-shea-butter-deep-treatment-masque-with-sea-kelp-argan-oil-340-g\\\/#primaryimage\",\"url\":\"https:\\\/\\\/nirigs.com\\\/wp-content\\\/uploads\\\/2024\\\/03\\\/Shea-Moisture-\u2013-Masque-de-traitement-en-profondeur-au-beurre-de-Karite-avec-Varech-et-huile-dArgan-\u2013-340-g.jpg\",\"contentUrl\":\"https:\\\/\\\/nirigs.com\\\/wp-content\\\/uploads\\\/2024\\\/03\\\/Shea-Moisture-\u2013-Masque-de-traitement-en-profondeur-au-beurre-de-Karite-avec-Varech-et-huile-dArgan-\u2013-340-g.jpg\",\"width\":1000,\"height\":1000},{\"@type\":\"BreadcrumbList\",\"@id\":\"https:\\\/\\\/nirigs.com\\\/product\\\/shea-moisture-raw-shea-butter-deep-treatment-masque-with-sea-kelp-argan-oil-340-g\\\/#breadcrumb\",\"itemListElement\":[{\"@type\":\"ListItem\",\"position\":1,\"name\":\"Home\",\"item\":\"https:\\\/\\\/nirigs.com\\\/\"},{\"@type\":\"ListItem\",\"position\":2,\"name\":\"Parcourir\",\"item\":\"https:\\\/\\\/nirigs.com\\\/boutique\\\/\"},{\"@type\":\"ListItem\",\"position\":3,\"name\":\"Shea Moisture &#8211; Masque de traitement en profondeur au beurre de Karit\u00e9 avec Varech et huile d&rsquo;Argan &#8211; 340 g\"}]},{\"@type\":\"WebSite\",\"@id\":\"https:\\\/\\\/nirigs.com\\\/#website\",\"url\":\"https:\\\/\\\/nirigs.com\\\/\",\"name\":\"Nirigs.com\",\"description\":\"Simplifiez vos achats du quotidien \u00e0 Djibouti\",\"publisher\":{\"@id\":\"https:\\\/\\\/nirigs.com\\\/#organization\"},\"potentialAction\":[{\"@type\":\"SearchAction\",\"target\":{\"@type\":\"EntryPoint\",\"urlTemplate\":\"https:\\\/\\\/nirigs.com\\\/?s={search_term_string}\"},\"query-input\":{\"@type\":\"PropertyValueSpecification\",\"valueRequired\":true,\"valueName\":\"search_term_string\"}}],\"inLanguage\":\"ar\"},{\"@type\":\"Organization\",\"@id\":\"https:\\\/\\\/nirigs.com\\\/#organization\",\"name\":\"Nirigs\",\"url\":\"https:\\\/\\\/nirigs.com\\\/\",\"logo\":{\"@type\":\"ImageObject\",\"inLanguage\":\"ar\",\"@id\":\"https:\\\/\\\/nirigs.com\\\/#\\\/schema\\\/logo\\\/image\\\/\",\"url\":\"https:\\\/\\\/nirigs.com\\\/wp-content\\\/uploads\\\/2025\\\/04\\\/Design-sans-titre-27.png\",\"contentUrl\":\"https:\\\/\\\/nirigs.com\\\/wp-content\\\/uploads\\\/2025\\\/04\\\/Design-sans-titre-27.png\",\"width\":500,\"height\":500,\"caption\":\"Nirigs\"},\"image\":{\"@id\":\"https:\\\/\\\/nirigs.com\\\/#\\\/schema\\\/logo\\\/image\\\/\"}}]}<\/script>\n<!-- \/ Yoast SEO plugin. -->","yoast_head_json":{"title":"Shea Moisture - Masque de traitement en profondeur au beurre de Karit\u00e9 avec Varech et huile d'Argan - 340 g - NIRIGS","robots":{"index":"index","follow":"follow","max-snippet":"max-snippet:-1","max-image-preview":"max-image-preview:large","max-video-preview":"max-video-preview:-1"},"canonical":"https:\/\/nirigs.com\/ar\/product\/shea-moisture-raw-shea-butter-deep-treatment-masque-with-sea-kelp-argan-oil-340-g\/","og_locale":"ar_AR","og_type":"article","og_title":"Shea Moisture - Masque de traitement en profondeur au beurre de Karit\u00e9 avec Varech et huile d'Argan - 340 g - NIRIGS","og_description":"Prot\u00e9gez vos vagues et boucles d\u00e9licates des dommages caus\u00e9s par les boucles, torsions, tresses et lissages constants avec le revitalisant","og_url":"https:\/\/nirigs.com\/ar\/product\/shea-moisture-raw-shea-butter-deep-treatment-masque-with-sea-kelp-argan-oil-340-g\/","og_site_name":"NIRIGS","article_modified_time":"2025-03-14T15:07:13+00:00","og_image":[{"width":1000,"height":1000,"url":"https:\/\/nirigs.com\/wp-content\/uploads\/2024\/03\/Shea-Moisture-\u2013-Masque-de-traitement-en-profondeur-au-beurre-de-Karite-avec-Varech-et-huile-dArgan-\u2013-340-g.jpg","type":"image\/jpeg"}],"twitter_card":"summary_large_image","twitter_misc":{"\u0648\u0642\u062a \u0627\u0644\u0642\u0631\u0627\u0621\u0629 \u0627\u0644\u0645\u064f\u0642\u062f\u0651\u0631":"\u062f\u0642\u064a\u0642\u062a\u0627\u0646"},"schema":{"@context":"https:\/\/schema.org","@graph":[{"@type":"WebPage","@id":"https:\/\/nirigs.com\/product\/shea-moisture-raw-shea-butter-deep-treatment-masque-with-sea-kelp-argan-oil-340-g\/","url":"https:\/\/nirigs.com\/product\/shea-moisture-raw-shea-butter-deep-treatment-masque-with-sea-kelp-argan-oil-340-g\/","name":"Shea Moisture - Masque de traitement en profondeur au beurre de Karit\u00e9 avec Varech et huile d'Argan - 340 g - NIRIGS","isPartOf":{"@id":"https:\/\/nirigs.com\/#website"},"primaryImageOfPage":{"@id":"https:\/\/nirigs.com\/product\/shea-moisture-raw-shea-butter-deep-treatment-masque-with-sea-kelp-argan-oil-340-g\/#primaryimage"},"image":{"@id":"https:\/\/nirigs.com\/product\/shea-moisture-raw-shea-butter-deep-treatment-masque-with-sea-kelp-argan-oil-340-g\/#primaryimage"},"thumbnailUrl":"https:\/\/nirigs.com\/wp-content\/uploads\/2024\/03\/Shea-Moisture-\u2013-Masque-de-traitement-en-profondeur-au-beurre-de-Karite-avec-Varech-et-huile-dArgan-\u2013-340-g.jpg","datePublished":"2024-03-05T17:52:35+00:00","dateModified":"2025-03-14T15:07:13+00:00","breadcrumb":{"@id":"https:\/\/nirigs.com\/product\/shea-moisture-raw-shea-butter-deep-treatment-masque-with-sea-kelp-argan-oil-340-g\/#breadcrumb"},"inLanguage":"ar","potentialAction":[{"@type":"ReadAction","target":["https:\/\/nirigs.com\/product\/shea-moisture-raw-shea-butter-deep-treatment-masque-with-sea-kelp-argan-oil-340-g\/"]}]},{"@type":"ImageObject","inLanguage":"ar","@id":"https:\/\/nirigs.com\/product\/shea-moisture-raw-shea-butter-deep-treatment-masque-with-sea-kelp-argan-oil-340-g\/#primaryimage","url":"https:\/\/nirigs.com\/wp-content\/uploads\/2024\/03\/Shea-Moisture-\u2013-Masque-de-traitement-en-profondeur-au-beurre-de-Karite-avec-Varech-et-huile-dArgan-\u2013-340-g.jpg","contentUrl":"https:\/\/nirigs.com\/wp-content\/uploads\/2024\/03\/Shea-Moisture-\u2013-Masque-de-traitement-en-profondeur-au-beurre-de-Karite-avec-Varech-et-huile-dArgan-\u2013-340-g.jpg","width":1000,"height":1000},{"@type":"BreadcrumbList","@id":"https:\/\/nirigs.com\/product\/shea-moisture-raw-shea-butter-deep-treatment-masque-with-sea-kelp-argan-oil-340-g\/#breadcrumb","itemListElement":[{"@type":"ListItem","position":1,"name":"Home","item":"https:\/\/nirigs.com\/"},{"@type":"ListItem","position":2,"name":"Parcourir","item":"https:\/\/nirigs.com\/boutique\/"},{"@type":"ListItem","position":3,"name":"Shea Moisture &#8211; Masque de traitement en profondeur au beurre de Karit\u00e9 avec Varech et huile d&rsquo;Argan &#8211; 340 g"}]},{"@type":"WebSite","@id":"https:\/\/nirigs.com\/#website","url":"https:\/\/nirigs.com\/","name":"Nirigs.com","description":"Simplifiez vos achats du quotidien \u00e0 Djibouti","publisher":{"@id":"https:\/\/nirigs.com\/#organization"},"potentialAction":[{"@type":"SearchAction","target":{"@type":"EntryPoint","urlTemplate":"https:\/\/nirigs.com\/?s={search_term_string}"},"query-input":{"@type":"PropertyValueSpecification","valueRequired":true,"valueName":"search_term_string"}}],"inLanguage":"ar"},{"@type":"Organization","@id":"https:\/\/nirigs.com\/#organization","name":"\u0646\u064a\u0631\u064a\u062c\u0633","url":"https:\/\/nirigs.com\/","logo":{"@type":"ImageObject","inLanguage":"ar","@id":"https:\/\/nirigs.com\/#\/schema\/logo\/image\/","url":"https:\/\/nirigs.com\/wp-content\/uploads\/2025\/04\/Design-sans-titre-27.png","contentUrl":"https:\/\/nirigs.com\/wp-content\/uploads\/2025\/04\/Design-sans-titre-27.png","width":500,"height":500,"caption":"Nirigs"},"image":{"@id":"https:\/\/nirigs.com\/#\/schema\/logo\/image\/"}}]}},"brands":[{"id":775,"name":"\u0631\u0637\u0648\u0628\u0629 \u0627\u0644\u0634\u064a\u0627","slug":"shea-moisture"}],"_links":{"self":[{"href":"https:\/\/nirigs.com\/ar\/wp-json\/wp\/v2\/product\/17672","targetHints":{"allow":["GET"]}}],"collection":[{"href":"https:\/\/nirigs.com\/ar\/wp-json\/wp\/v2\/product"}],"about":[{"href":"https:\/\/nirigs.com\/ar\/wp-json\/wp\/v2\/types\/product"}],"replies":[{"embeddable":true,"href":"https:\/\/nirigs.com\/ar\/wp-json\/wp\/v2\/comments?post=17672"}],"version-history":[{"count":5,"href":"https:\/\/nirigs.com\/ar\/wp-json\/wp\/v2\/product\/17672\/revisions"}],"predecessor-version":[{"id":21531,"href":"https:\/\/nirigs.com\/ar\/wp-json\/wp\/v2\/product\/17672\/revisions\/21531"}],"wp:featuredmedia":[{"embeddable":true,"href":"https:\/\/nirigs.com\/ar\/wp-json\/wp\/v2\/media\/23818"}],"wp:attachment":[{"href":"https:\/\/nirigs.com\/ar\/wp-json\/wp\/v2\/media?parent=17672"}],"wp:term":[{"taxonomy":"pwb-brand","embeddable":true,"href":"https:\/\/nirigs.com\/ar\/wp-json\/wp\/v2\/pwb-brand?post=17672"},{"taxonomy":"product_brand","embeddable":true,"href":"https:\/\/nirigs.com\/ar\/wp-json\/wp\/v2\/product_brand?post=17672"},{"taxonomy":"product_cat","embeddable":true,"href":"https:\/\/nirigs.com\/ar\/wp-json\/wp\/v2\/product_cat?post=17672"},{"taxonomy":"product_tag","embeddable":true,"href":"https:\/\/nirigs.com\/ar\/wp-json\/wp\/v2\/product_tag?post=17672"}],"curies":[{"name":"wp","href":"https:\/\/api.w.org\/{rel}","templated":true}]}}