{"id":17648,"date":"2024-03-05T17:44:25","date_gmt":"2024-03-05T14:44:25","guid":{"rendered":"https:\/\/nirigs.com\/product\/shea-moisture-coconut-hibiscus-curl-shine-hair-masque-340-g\/"},"modified":"2025-03-14T18:09:51","modified_gmt":"2025-03-14T15:09:51","slug":"shea-moisture-coconut-hibiscus-curl-shine-hair-masque-340-g","status":"publish","type":"product","link":"https:\/\/nirigs.com\/ar\/product\/shea-moisture-coconut-hibiscus-curl-shine-hair-masque-340-g\/","title":{"rendered":"Shea Moisture &#8211; Masque capillaire Curl and Shine \u00e0 la noix de coco et \u00e0 l&rsquo;hibiscus &#8211; 340 g"},"content":{"rendered":"<p>Le masque capillaire hydratant et revitalisant en profondeur Curl and Shine de Shea Moisture est compos\u00e9 de karit\u00e9 biologique et \u00e9quitable riche en humidit\u00e9 pour hydrater en profondeur, adoucir et lisser les cuticules des cheveux secs. Tr\u00e8s appr\u00e9ci\u00e9 depuis des d\u00e9cennies, le masque pour cheveux naturels Curl and Shine de Shea Moisture associe son beurre de karit\u00e9 tr\u00e8s appr\u00e9ci\u00e9 \u00e0 des ingr\u00e9dients tels que l&rsquo;huile de noix de coco, les prot\u00e9ines de soie et l&rsquo;huile de margousier pour offrir une brillance et une d\u00e9finition intenses aux cheveux naturels secs et cassants.<\/p>\n<p>Nos produits pour cheveux boucl\u00e9s de la collection Coconut and Hibiscus offrent ce masque unique qui procure une hydratation nourrissante et une brillance instantan\u00e9e, tout en prot\u00e9geant contre les frisottis, pour des boucles d\u00e9finies et rebondies, instantan\u00e9ment. Ce masque de traitement en profondeur est soigneusement formul\u00e9 avec les meilleurs ingr\u00e9dients naturels et constitue le meilleur masque capillaire pour les cheveux ab\u00eem\u00e9s. Utilisez-le comme revitalisant en profondeur ou comme masque capillaire de nuit pour soulager les cheveux secs et les pointes cassantes, ou utilisez-le comme masque capillaire pour les cheveux color\u00e9s.<\/p>\n<p>Gr\u00e2ce au beurre de karit\u00e9 et aux huiles riches en eau, c&rsquo;est le meilleur produit pour cheveux boucl\u00e9s pour les cheveux secs et ab\u00eem\u00e9s et les boucles. Shea Moisture est connu et appr\u00e9ci\u00e9 pour ses bienfaits naturels, produits de mani\u00e8re durable. Il est fait avec amour pour vous, pour vous donner des boucles rebondissantes. Nous nous effor\u00e7ons d&rsquo;\u00eatre sans sulfate, sans parab\u00e8ne et plus encore, dans la mesure du possible.<\/p>\n<p>Test\u00e9s sur notre famille depuis quatre g\u00e9n\u00e9rations. Jamais sur des animaux. Ce masque capillaire hydratant est dot\u00e9 d&rsquo;une double formule qui combine le conditionnement en profondeur d&rsquo;un masque.<br \/>\nIl donne des cheveux sains et brillants<br \/>\nFormule sans parab\u00e8ne<br \/>\nIl donne des cheveux sains et brillants<br \/>\nFormule sans parab\u00e8ne<br \/>\nM\u00e9lang\u00e9 avec du beurre de karit\u00e9 biologique issu du commerce \u00e9quitable, de l&rsquo;huile de coco et de la prot\u00e9ine de soie.<br \/>\nde l&rsquo;huile de coco et des prot\u00e9ines de soie pour hydrater en profondeur<br \/>\npour hydrater en profondeur, adoucir et lisser les cuticules des cheveux secs<br \/>\nbelles boucles.<\/p>\n<h4><strong>\u064a\u0633\u062a\u062e\u062f\u0645<\/strong><\/h4>\n<p>Appliquer sur les cheveux propres et mouill\u00e9s. Laisser agir pendant 5 \u00e0 10 minutes. Rincer abondamment.<\/p>\n<h4 class=\"mv0 lh-copy f5 pb1 dark-gray\"><strong>\u0645\u0643\u0648\u0646\u0627\u062a<\/strong><\/h4>\n<p class=\"mv0 lh-copy f6 mid-gray\">Watercomma Cetearyl Alcoholcomma CaprylicCapric Triglyceridecomma Glycerin (Vegetable)comma Butyrospermum Parkii (Shea) Buttercomma Stearyl Alcoholcomma Cetyl Alcoholcomma Behentrimonium Methosulfatecomma Cocos Nucifera (Coconut) Oilcomma Panthenolcomma Behentrimonium Chloridecomma Cocos Nucifera (Coconut) Fruit Juicecomma Hydroxyethylcellulosecomma Sodium Benzoatecomma Melia Azadirachta Seed Oilcomma Argania Spinosa Kernel Oilcomma Hibiscus Rosa Sinensis Flower Extractcomma Tocopherolcomma Hydrolyzed Soy Proteincomma Triethyl Citratecomma Caprylyl Glycolcomma Benzoic Acidcomma Fragrance (Essential Oil Blend) Certified Organic Ingredient Fair Trade Ingredient<\/p>","protected":false},"excerpt":{"rendered":"<p>Le masque capillaire hydratant et revitalisant en profondeur Curl and Shine de Shea Moisture est compos\u00e9 de karit\u00e9 biologique et<\/p>","protected":false},"featured_media":23887,"comment_status":"open","ping_status":"closed","template":"","meta":[],"pwb-brand":[775],"product_brand":[],"product_cat":[267,1022,1024,1027],"product_tag":[],"class_list":{"0":"post-17648","1":"product","2":"type-product","3":"status-publish","4":"has-post-thumbnail","6":"pwb-brand-shea-moisture","7":"product_cat-beaute-et-soins","8":"product_cat-coiffures-et-soins-des-cheveux","9":"product_cat-soins-des-cheveux","10":"product_cat-soins-et-masques-pour-les-cheveux","12":"first","13":"instock","14":"shipping-taxable","15":"purchasable","16":"product-type-simple"},"yoast_head":"<!-- This site is optimized with the Yoast SEO plugin v27.1.1 - https:\/\/yoast.com\/product\/yoast-seo-wordpress\/ -->\n<title>Shea Moisture - Masque capillaire Curl and Shine \u00e0 la noix de coco et \u00e0 l&#039;hibiscus - 340 g - NIRIGS<\/title>\n<meta name=\"robots\" content=\"index, follow, max-snippet:-1, max-image-preview:large, max-video-preview:-1\" \/>\n<link rel=\"canonical\" href=\"https:\/\/nirigs.com\/ar\/product\/shea-moisture-coconut-hibiscus-curl-shine-hair-masque-340-g\/\" \/>\n<meta property=\"og:locale\" content=\"ar_AR\" \/>\n<meta property=\"og:type\" content=\"article\" \/>\n<meta property=\"og:title\" content=\"Shea Moisture - Masque capillaire Curl and Shine \u00e0 la noix de coco et \u00e0 l&#039;hibiscus - 340 g - NIRIGS\" \/>\n<meta property=\"og:description\" content=\"Le masque capillaire hydratant et revitalisant en profondeur Curl and Shine de Shea Moisture est compos\u00e9 de karit\u00e9 biologique et\" \/>\n<meta property=\"og:url\" content=\"https:\/\/nirigs.com\/ar\/product\/shea-moisture-coconut-hibiscus-curl-shine-hair-masque-340-g\/\" \/>\n<meta property=\"og:site_name\" content=\"NIRIGS\" \/>\n<meta property=\"article:modified_time\" content=\"2025-03-14T15:09:51+00:00\" \/>\n<meta property=\"og:image\" content=\"https:\/\/nirigs.com\/wp-content\/uploads\/2024\/03\/Shea-Moisture-\u2013-Masque-capillaire-Curl-and-Shine-a-la-noix-de-coco-et-a-lhibiscus-\u2013-340-g.jpg\" \/>\n\t<meta property=\"og:image:width\" content=\"1000\" \/>\n\t<meta property=\"og:image:height\" content=\"1000\" \/>\n\t<meta property=\"og:image:type\" content=\"image\/jpeg\" \/>\n<meta name=\"twitter:card\" content=\"summary_large_image\" \/>\n<meta name=\"twitter:label1\" content=\"\u0648\u0642\u062a \u0627\u0644\u0642\u0631\u0627\u0621\u0629 \u0627\u0644\u0645\u064f\u0642\u062f\u0651\u0631\" \/>\n\t<meta name=\"twitter:data1\" content=\"\u062f\u0642\u064a\u0642\u062a\u0627\u0646\" \/>\n<script type=\"application\/ld+json\" class=\"yoast-schema-graph\">{\"@context\":\"https:\/\/schema.org\",\"@graph\":[{\"@type\":\"WebPage\",\"@id\":\"https:\/\/nirigs.com\/product\/shea-moisture-coconut-hibiscus-curl-shine-hair-masque-340-g\/\",\"url\":\"https:\/\/nirigs.com\/product\/shea-moisture-coconut-hibiscus-curl-shine-hair-masque-340-g\/\",\"name\":\"Shea Moisture - Masque capillaire Curl and Shine \u00e0 la noix de coco et \u00e0 l'hibiscus - 340 g - NIRIGS\",\"isPartOf\":{\"@id\":\"https:\/\/nirigs.com\/#website\"},\"primaryImageOfPage\":{\"@id\":\"https:\/\/nirigs.com\/product\/shea-moisture-coconut-hibiscus-curl-shine-hair-masque-340-g\/#primaryimage\"},\"image\":{\"@id\":\"https:\/\/nirigs.com\/product\/shea-moisture-coconut-hibiscus-curl-shine-hair-masque-340-g\/#primaryimage\"},\"thumbnailUrl\":\"https:\/\/nirigs.com\/wp-content\/uploads\/2024\/03\/Shea-Moisture-\u2013-Masque-capillaire-Curl-and-Shine-a-la-noix-de-coco-et-a-lhibiscus-\u2013-340-g.jpg\",\"datePublished\":\"2024-03-05T14:44:25+00:00\",\"dateModified\":\"2025-03-14T15:09:51+00:00\",\"breadcrumb\":{\"@id\":\"https:\/\/nirigs.com\/product\/shea-moisture-coconut-hibiscus-curl-shine-hair-masque-340-g\/#breadcrumb\"},\"inLanguage\":\"ar\",\"potentialAction\":[{\"@type\":\"ReadAction\",\"target\":[\"https:\/\/nirigs.com\/product\/shea-moisture-coconut-hibiscus-curl-shine-hair-masque-340-g\/\"]}]},{\"@type\":\"ImageObject\",\"inLanguage\":\"ar\",\"@id\":\"https:\/\/nirigs.com\/product\/shea-moisture-coconut-hibiscus-curl-shine-hair-masque-340-g\/#primaryimage\",\"url\":\"https:\/\/nirigs.com\/wp-content\/uploads\/2024\/03\/Shea-Moisture-\u2013-Masque-capillaire-Curl-and-Shine-a-la-noix-de-coco-et-a-lhibiscus-\u2013-340-g.jpg\",\"contentUrl\":\"https:\/\/nirigs.com\/wp-content\/uploads\/2024\/03\/Shea-Moisture-\u2013-Masque-capillaire-Curl-and-Shine-a-la-noix-de-coco-et-a-lhibiscus-\u2013-340-g.jpg\",\"width\":1000,\"height\":1000},{\"@type\":\"BreadcrumbList\",\"@id\":\"https:\/\/nirigs.com\/product\/shea-moisture-coconut-hibiscus-curl-shine-hair-masque-340-g\/#breadcrumb\",\"itemListElement\":[{\"@type\":\"ListItem\",\"position\":1,\"name\":\"Home\",\"item\":\"https:\/\/nirigs.com\/\"},{\"@type\":\"ListItem\",\"position\":2,\"name\":\"Parcourir\",\"item\":\"https:\/\/nirigs.com\/boutique\/\"},{\"@type\":\"ListItem\",\"position\":3,\"name\":\"Shea Moisture &#8211; Masque capillaire Curl and Shine \u00e0 la noix de coco et \u00e0 l&rsquo;hibiscus &#8211; 340 g\"}]},{\"@type\":\"WebSite\",\"@id\":\"https:\/\/nirigs.com\/#website\",\"url\":\"https:\/\/nirigs.com\/\",\"name\":\"Nirigs.com\",\"description\":\"Simplifiez vos achats du quotidien \u00e0 Djibouti\",\"publisher\":{\"@id\":\"https:\/\/nirigs.com\/#organization\"},\"potentialAction\":[{\"@type\":\"SearchAction\",\"target\":{\"@type\":\"EntryPoint\",\"urlTemplate\":\"https:\/\/nirigs.com\/?s={search_term_string}\"},\"query-input\":{\"@type\":\"PropertyValueSpecification\",\"valueRequired\":true,\"valueName\":\"search_term_string\"}}],\"inLanguage\":\"ar\"},{\"@type\":\"Organization\",\"@id\":\"https:\/\/nirigs.com\/#organization\",\"name\":\"Nirigs\",\"url\":\"https:\/\/nirigs.com\/\",\"logo\":{\"@type\":\"ImageObject\",\"inLanguage\":\"ar\",\"@id\":\"https:\/\/nirigs.com\/#\/schema\/logo\/image\/\",\"url\":\"https:\/\/nirigs.com\/wp-content\/uploads\/2025\/04\/Design-sans-titre-27.png\",\"contentUrl\":\"https:\/\/nirigs.com\/wp-content\/uploads\/2025\/04\/Design-sans-titre-27.png\",\"width\":500,\"height\":500,\"caption\":\"Nirigs\"},\"image\":{\"@id\":\"https:\/\/nirigs.com\/#\/schema\/logo\/image\/\"}}]}<\/script>\n<!-- \/ Yoast SEO plugin. -->","yoast_head_json":{"title":"Shea Moisture - Masque capillaire Curl and Shine \u00e0 la noix de coco et \u00e0 l'hibiscus - 340 g - NIRIGS","robots":{"index":"index","follow":"follow","max-snippet":"max-snippet:-1","max-image-preview":"max-image-preview:large","max-video-preview":"max-video-preview:-1"},"canonical":"https:\/\/nirigs.com\/ar\/product\/shea-moisture-coconut-hibiscus-curl-shine-hair-masque-340-g\/","og_locale":"ar_AR","og_type":"article","og_title":"Shea Moisture - Masque capillaire Curl and Shine \u00e0 la noix de coco et \u00e0 l'hibiscus - 340 g - NIRIGS","og_description":"Le masque capillaire hydratant et revitalisant en profondeur Curl and Shine de Shea Moisture est compos\u00e9 de karit\u00e9 biologique et","og_url":"https:\/\/nirigs.com\/ar\/product\/shea-moisture-coconut-hibiscus-curl-shine-hair-masque-340-g\/","og_site_name":"NIRIGS","article_modified_time":"2025-03-14T15:09:51+00:00","og_image":[{"width":1000,"height":1000,"url":"https:\/\/nirigs.com\/wp-content\/uploads\/2024\/03\/Shea-Moisture-\u2013-Masque-capillaire-Curl-and-Shine-a-la-noix-de-coco-et-a-lhibiscus-\u2013-340-g.jpg","type":"image\/jpeg"}],"twitter_card":"summary_large_image","twitter_misc":{"\u0648\u0642\u062a \u0627\u0644\u0642\u0631\u0627\u0621\u0629 \u0627\u0644\u0645\u064f\u0642\u062f\u0651\u0631":"\u062f\u0642\u064a\u0642\u062a\u0627\u0646"},"schema":{"@context":"https:\/\/schema.org","@graph":[{"@type":"WebPage","@id":"https:\/\/nirigs.com\/product\/shea-moisture-coconut-hibiscus-curl-shine-hair-masque-340-g\/","url":"https:\/\/nirigs.com\/product\/shea-moisture-coconut-hibiscus-curl-shine-hair-masque-340-g\/","name":"Shea Moisture - Masque capillaire Curl and Shine \u00e0 la noix de coco et \u00e0 l'hibiscus - 340 g - NIRIGS","isPartOf":{"@id":"https:\/\/nirigs.com\/#website"},"primaryImageOfPage":{"@id":"https:\/\/nirigs.com\/product\/shea-moisture-coconut-hibiscus-curl-shine-hair-masque-340-g\/#primaryimage"},"image":{"@id":"https:\/\/nirigs.com\/product\/shea-moisture-coconut-hibiscus-curl-shine-hair-masque-340-g\/#primaryimage"},"thumbnailUrl":"https:\/\/nirigs.com\/wp-content\/uploads\/2024\/03\/Shea-Moisture-\u2013-Masque-capillaire-Curl-and-Shine-a-la-noix-de-coco-et-a-lhibiscus-\u2013-340-g.jpg","datePublished":"2024-03-05T14:44:25+00:00","dateModified":"2025-03-14T15:09:51+00:00","breadcrumb":{"@id":"https:\/\/nirigs.com\/product\/shea-moisture-coconut-hibiscus-curl-shine-hair-masque-340-g\/#breadcrumb"},"inLanguage":"ar","potentialAction":[{"@type":"ReadAction","target":["https:\/\/nirigs.com\/product\/shea-moisture-coconut-hibiscus-curl-shine-hair-masque-340-g\/"]}]},{"@type":"ImageObject","inLanguage":"ar","@id":"https:\/\/nirigs.com\/product\/shea-moisture-coconut-hibiscus-curl-shine-hair-masque-340-g\/#primaryimage","url":"https:\/\/nirigs.com\/wp-content\/uploads\/2024\/03\/Shea-Moisture-\u2013-Masque-capillaire-Curl-and-Shine-a-la-noix-de-coco-et-a-lhibiscus-\u2013-340-g.jpg","contentUrl":"https:\/\/nirigs.com\/wp-content\/uploads\/2024\/03\/Shea-Moisture-\u2013-Masque-capillaire-Curl-and-Shine-a-la-noix-de-coco-et-a-lhibiscus-\u2013-340-g.jpg","width":1000,"height":1000},{"@type":"BreadcrumbList","@id":"https:\/\/nirigs.com\/product\/shea-moisture-coconut-hibiscus-curl-shine-hair-masque-340-g\/#breadcrumb","itemListElement":[{"@type":"ListItem","position":1,"name":"Home","item":"https:\/\/nirigs.com\/"},{"@type":"ListItem","position":2,"name":"Parcourir","item":"https:\/\/nirigs.com\/boutique\/"},{"@type":"ListItem","position":3,"name":"Shea Moisture &#8211; Masque capillaire Curl and Shine \u00e0 la noix de coco et \u00e0 l&rsquo;hibiscus &#8211; 340 g"}]},{"@type":"WebSite","@id":"https:\/\/nirigs.com\/#website","url":"https:\/\/nirigs.com\/","name":"Nirigs.com","description":"Simplifiez vos achats du quotidien \u00e0 Djibouti","publisher":{"@id":"https:\/\/nirigs.com\/#organization"},"potentialAction":[{"@type":"SearchAction","target":{"@type":"EntryPoint","urlTemplate":"https:\/\/nirigs.com\/?s={search_term_string}"},"query-input":{"@type":"PropertyValueSpecification","valueRequired":true,"valueName":"search_term_string"}}],"inLanguage":"ar"},{"@type":"Organization","@id":"https:\/\/nirigs.com\/#organization","name":"\u0646\u064a\u0631\u064a\u062c\u0633","url":"https:\/\/nirigs.com\/","logo":{"@type":"ImageObject","inLanguage":"ar","@id":"https:\/\/nirigs.com\/#\/schema\/logo\/image\/","url":"https:\/\/nirigs.com\/wp-content\/uploads\/2025\/04\/Design-sans-titre-27.png","contentUrl":"https:\/\/nirigs.com\/wp-content\/uploads\/2025\/04\/Design-sans-titre-27.png","width":500,"height":500,"caption":"Nirigs"},"image":{"@id":"https:\/\/nirigs.com\/#\/schema\/logo\/image\/"}}]}},"brands":[{"id":775,"name":"\u0631\u0637\u0648\u0628\u0629 \u0627\u0644\u0634\u064a\u0627","slug":"shea-moisture"}],"_links":{"self":[{"href":"https:\/\/nirigs.com\/ar\/wp-json\/wp\/v2\/product\/17648","targetHints":{"allow":["GET"]}}],"collection":[{"href":"https:\/\/nirigs.com\/ar\/wp-json\/wp\/v2\/product"}],"about":[{"href":"https:\/\/nirigs.com\/ar\/wp-json\/wp\/v2\/types\/product"}],"replies":[{"embeddable":true,"href":"https:\/\/nirigs.com\/ar\/wp-json\/wp\/v2\/comments?post=17648"}],"version-history":[{"count":6,"href":"https:\/\/nirigs.com\/ar\/wp-json\/wp\/v2\/product\/17648\/revisions"}],"predecessor-version":[{"id":23884,"href":"https:\/\/nirigs.com\/ar\/wp-json\/wp\/v2\/product\/17648\/revisions\/23884"}],"wp:featuredmedia":[{"embeddable":true,"href":"https:\/\/nirigs.com\/ar\/wp-json\/wp\/v2\/media\/23887"}],"wp:attachment":[{"href":"https:\/\/nirigs.com\/ar\/wp-json\/wp\/v2\/media?parent=17648"}],"wp:term":[{"taxonomy":"pwb-brand","embeddable":true,"href":"https:\/\/nirigs.com\/ar\/wp-json\/wp\/v2\/pwb-brand?post=17648"},{"taxonomy":"product_brand","embeddable":true,"href":"https:\/\/nirigs.com\/ar\/wp-json\/wp\/v2\/product_brand?post=17648"},{"taxonomy":"product_cat","embeddable":true,"href":"https:\/\/nirigs.com\/ar\/wp-json\/wp\/v2\/product_cat?post=17648"},{"taxonomy":"product_tag","embeddable":true,"href":"https:\/\/nirigs.com\/ar\/wp-json\/wp\/v2\/product_tag?post=17648"}],"curies":[{"name":"wp","href":"https:\/\/api.w.org\/{rel}","templated":true}]}}