{"id":17647,"date":"2024-03-05T17:37:39","date_gmt":"2024-03-05T14:37:39","guid":{"rendered":"https:\/\/nirigs.com\/product\/shine-box-shea-moisture-coconut-hibiscus\/"},"modified":"2025-03-14T18:09:59","modified_gmt":"2025-03-14T15:09:59","slug":"shine-box-shea-moisture-coconut-hibiscus","status":"publish","type":"product","link":"https:\/\/nirigs.com\/ar\/product\/shine-box-shea-moisture-coconut-hibiscus\/","title":{"rendered":"\u0645\u0631\u0637\u0628 \u0627\u0644\u0634\u064a\u0627 \u2013 \u0639\u0644\u0628\u0629 \u0644\u0645\u0639\u0627\u0646 \u062c\u0648\u0632 \u0627\u0644\u0647\u0646\u062f \u0648\u0627\u0644\u0643\u0631\u0643\u062f\u064a\u0647"},"content":{"rendered":"<p>La gamme Coconut &amp; Hibiscus Shine de Shea Moisture est recommand\u00e9e pour nourrir, hydrater, d\u00e9finir les boucles et lisser les frisottis, et contient des prot\u00e9ines de soie pour lisser la fibre capillaire, de l&rsquo;huile de coco, de l&rsquo;extrait d&rsquo;hibiscus et de l&rsquo;huile de Neem pour limiter les frisottis et apporter de la brillance.<\/p>\n<p>Ce programme comprend :<\/p>\n<ul>\n<li>Le shampooing Coconut &amp; Hibiscus est un shampooing qui combine des ingr\u00e9dients naturels tri\u00e9s sur le volet et du beurre de karit\u00e9 certifi\u00e9 biologique pour am\u00e9liorer la sant\u00e9 de vos cheveux et leur redonner de l&rsquo;\u00e9clat ;<\/li>\n<li>L&rsquo;apr\u00e8s-shampooing Coconut &amp; Hibiscus : Les prot\u00e9ines de soie laissent les cheveux doux, souples et soyeux, pleins d&rsquo;\u00e9clat. L&rsquo;huile de Neem certifi\u00e9e biologique nourrit et d\u00e9salt\u00e8re les cheveux secs et ab\u00eem\u00e9s.<\/li>\n<li>Masque \u00e0 la noix de coco et \u00e0 l&rsquo;hibiscus : Enrichi en prot\u00e9ines, ce masque traite les cheveux en profondeur tout en les hydratant, en les nourrissant et en les faisant briller.<\/li>\n<li>\u062e\u0627\u0644\u064a \u0645\u0646 \u0627\u0644\u0643\u0628\u0631\u064a\u062a\u0627\u062a \u0648\u0627\u0644\u0628\u0627\u0631\u0627\u0628\u064a\u0646 \u0648\u0627\u0644\u0632\u064a\u0648\u062a \u0627\u0644\u0645\u0639\u062f\u0646\u064a\u0629 \u0648\u0627\u0644\u0628\u0648\u0644\u064a \u0625\u064a\u062b\u064a\u0644\u064a\u0646 \u062c\u0644\u0627\u064a\u0643\u0648\u0644.<\/li>\n<\/ul>","protected":false},"excerpt":{"rendered":"<p>La gamme Coconut &amp; Hibiscus Shine de Shea Moisture est recommand\u00e9e pour nourrir, hydrater, d\u00e9finir les boucles et lisser les<\/p>","protected":false},"featured_media":23891,"comment_status":"open","ping_status":"closed","template":"","meta":[],"pwb-brand":[775],"product_brand":[],"product_cat":[267,1022,1024],"product_tag":[],"class_list":{"0":"post-17647","1":"product","2":"type-product","3":"status-publish","4":"has-post-thumbnail","6":"pwb-brand-shea-moisture","7":"product_cat-beaute-et-soins","8":"product_cat-coiffures-et-soins-des-cheveux","9":"product_cat-soins-des-cheveux","11":"first","12":"instock","13":"sale","14":"shipping-taxable","15":"purchasable","16":"product-type-simple"},"yoast_head":"<!-- This site is optimized with the Yoast SEO plugin v27.1.1 - https:\/\/yoast.com\/product\/yoast-seo-wordpress\/ -->\n<title>Shea Moisture - Bo\u00eete \u00e0 brillance Coconut Hibiscus - NIRIGS<\/title>\n<meta name=\"robots\" content=\"index, follow, max-snippet:-1, max-image-preview:large, max-video-preview:-1\" \/>\n<link rel=\"canonical\" href=\"https:\/\/nirigs.com\/ar\/product\/shine-box-shea-moisture-coconut-hibiscus\/\" \/>\n<meta property=\"og:locale\" content=\"ar_AR\" \/>\n<meta property=\"og:type\" content=\"article\" \/>\n<meta property=\"og:title\" content=\"Shea Moisture - Bo\u00eete \u00e0 brillance Coconut Hibiscus - NIRIGS\" \/>\n<meta property=\"og:description\" content=\"La gamme Coconut &amp; Hibiscus Shine de Shea Moisture est recommand\u00e9e pour nourrir, hydrater, d\u00e9finir les boucles et lisser les\" \/>\n<meta property=\"og:url\" content=\"https:\/\/nirigs.com\/ar\/product\/shine-box-shea-moisture-coconut-hibiscus\/\" \/>\n<meta property=\"og:site_name\" content=\"NIRIGS\" \/>\n<meta property=\"article:modified_time\" content=\"2025-03-14T15:09:59+00:00\" \/>\n<meta property=\"og:image\" content=\"https:\/\/nirigs.com\/wp-content\/uploads\/2024\/03\/Shea-Moisture-\u2013-Boite-a-brillance-Coconut-Hibiscus.jpg\" \/>\n\t<meta property=\"og:image:width\" content=\"1000\" \/>\n\t<meta property=\"og:image:height\" content=\"1000\" \/>\n\t<meta property=\"og:image:type\" content=\"image\/jpeg\" \/>\n<meta name=\"twitter:card\" content=\"summary_large_image\" \/>\n<meta name=\"twitter:label1\" content=\"\u0648\u0642\u062a \u0627\u0644\u0642\u0631\u0627\u0621\u0629 \u0627\u0644\u0645\u064f\u0642\u062f\u0651\u0631\" \/>\n\t<meta name=\"twitter:data1\" content=\"\u062f\u0642\u064a\u0642\u0629 \u0648\u0627\u062d\u062f\u0629\" \/>\n<script type=\"application\/ld+json\" class=\"yoast-schema-graph\">{\"@context\":\"https:\/\/schema.org\",\"@graph\":[{\"@type\":\"WebPage\",\"@id\":\"https:\/\/nirigs.com\/product\/shine-box-shea-moisture-coconut-hibiscus\/\",\"url\":\"https:\/\/nirigs.com\/product\/shine-box-shea-moisture-coconut-hibiscus\/\",\"name\":\"Shea Moisture - Bo\u00eete \u00e0 brillance Coconut Hibiscus - NIRIGS\",\"isPartOf\":{\"@id\":\"https:\/\/nirigs.com\/#website\"},\"primaryImageOfPage\":{\"@id\":\"https:\/\/nirigs.com\/product\/shine-box-shea-moisture-coconut-hibiscus\/#primaryimage\"},\"image\":{\"@id\":\"https:\/\/nirigs.com\/product\/shine-box-shea-moisture-coconut-hibiscus\/#primaryimage\"},\"thumbnailUrl\":\"https:\/\/nirigs.com\/wp-content\/uploads\/2024\/03\/Shea-Moisture-\u2013-Boite-a-brillance-Coconut-Hibiscus.jpg\",\"datePublished\":\"2024-03-05T14:37:39+00:00\",\"dateModified\":\"2025-03-14T15:09:59+00:00\",\"breadcrumb\":{\"@id\":\"https:\/\/nirigs.com\/product\/shine-box-shea-moisture-coconut-hibiscus\/#breadcrumb\"},\"inLanguage\":\"ar\",\"potentialAction\":[{\"@type\":\"ReadAction\",\"target\":[\"https:\/\/nirigs.com\/product\/shine-box-shea-moisture-coconut-hibiscus\/\"]}]},{\"@type\":\"ImageObject\",\"inLanguage\":\"ar\",\"@id\":\"https:\/\/nirigs.com\/product\/shine-box-shea-moisture-coconut-hibiscus\/#primaryimage\",\"url\":\"https:\/\/nirigs.com\/wp-content\/uploads\/2024\/03\/Shea-Moisture-\u2013-Boite-a-brillance-Coconut-Hibiscus.jpg\",\"contentUrl\":\"https:\/\/nirigs.com\/wp-content\/uploads\/2024\/03\/Shea-Moisture-\u2013-Boite-a-brillance-Coconut-Hibiscus.jpg\",\"width\":1000,\"height\":1000},{\"@type\":\"BreadcrumbList\",\"@id\":\"https:\/\/nirigs.com\/product\/shine-box-shea-moisture-coconut-hibiscus\/#breadcrumb\",\"itemListElement\":[{\"@type\":\"ListItem\",\"position\":1,\"name\":\"Home\",\"item\":\"https:\/\/nirigs.com\/\"},{\"@type\":\"ListItem\",\"position\":2,\"name\":\"Parcourir\",\"item\":\"https:\/\/nirigs.com\/boutique\/\"},{\"@type\":\"ListItem\",\"position\":3,\"name\":\"Shea Moisture &#8211; Bo\u00eete \u00e0 brillance Coconut Hibiscus\"}]},{\"@type\":\"WebSite\",\"@id\":\"https:\/\/nirigs.com\/#website\",\"url\":\"https:\/\/nirigs.com\/\",\"name\":\"Nirigs.com\",\"description\":\"Simplifiez vos achats du quotidien \u00e0 Djibouti\",\"publisher\":{\"@id\":\"https:\/\/nirigs.com\/#organization\"},\"potentialAction\":[{\"@type\":\"SearchAction\",\"target\":{\"@type\":\"EntryPoint\",\"urlTemplate\":\"https:\/\/nirigs.com\/?s={search_term_string}\"},\"query-input\":{\"@type\":\"PropertyValueSpecification\",\"valueRequired\":true,\"valueName\":\"search_term_string\"}}],\"inLanguage\":\"ar\"},{\"@type\":\"Organization\",\"@id\":\"https:\/\/nirigs.com\/#organization\",\"name\":\"Nirigs\",\"url\":\"https:\/\/nirigs.com\/\",\"logo\":{\"@type\":\"ImageObject\",\"inLanguage\":\"ar\",\"@id\":\"https:\/\/nirigs.com\/#\/schema\/logo\/image\/\",\"url\":\"https:\/\/nirigs.com\/wp-content\/uploads\/2025\/04\/Design-sans-titre-27.png\",\"contentUrl\":\"https:\/\/nirigs.com\/wp-content\/uploads\/2025\/04\/Design-sans-titre-27.png\",\"width\":500,\"height\":500,\"caption\":\"Nirigs\"},\"image\":{\"@id\":\"https:\/\/nirigs.com\/#\/schema\/logo\/image\/\"}}]}<\/script>\n<!-- \/ Yoast SEO plugin. -->","yoast_head_json":{"title":"Shea Moisture - Bo\u00eete \u00e0 brillance Coconut Hibiscus - NIRIGS","robots":{"index":"index","follow":"follow","max-snippet":"max-snippet:-1","max-image-preview":"max-image-preview:large","max-video-preview":"max-video-preview:-1"},"canonical":"https:\/\/nirigs.com\/ar\/product\/shine-box-shea-moisture-coconut-hibiscus\/","og_locale":"ar_AR","og_type":"article","og_title":"Shea Moisture - Bo\u00eete \u00e0 brillance Coconut Hibiscus - NIRIGS","og_description":"La gamme Coconut &amp; Hibiscus Shine de Shea Moisture est recommand\u00e9e pour nourrir, hydrater, d\u00e9finir les boucles et lisser les","og_url":"https:\/\/nirigs.com\/ar\/product\/shine-box-shea-moisture-coconut-hibiscus\/","og_site_name":"NIRIGS","article_modified_time":"2025-03-14T15:09:59+00:00","og_image":[{"width":1000,"height":1000,"url":"https:\/\/nirigs.com\/wp-content\/uploads\/2024\/03\/Shea-Moisture-\u2013-Boite-a-brillance-Coconut-Hibiscus.jpg","type":"image\/jpeg"}],"twitter_card":"summary_large_image","twitter_misc":{"\u0648\u0642\u062a \u0627\u0644\u0642\u0631\u0627\u0621\u0629 \u0627\u0644\u0645\u064f\u0642\u062f\u0651\u0631":"\u062f\u0642\u064a\u0642\u0629 \u0648\u0627\u062d\u062f\u0629"},"schema":{"@context":"https:\/\/schema.org","@graph":[{"@type":"WebPage","@id":"https:\/\/nirigs.com\/product\/shine-box-shea-moisture-coconut-hibiscus\/","url":"https:\/\/nirigs.com\/product\/shine-box-shea-moisture-coconut-hibiscus\/","name":"Shea Moisture - Bo\u00eete \u00e0 brillance Coconut Hibiscus - NIRIGS","isPartOf":{"@id":"https:\/\/nirigs.com\/#website"},"primaryImageOfPage":{"@id":"https:\/\/nirigs.com\/product\/shine-box-shea-moisture-coconut-hibiscus\/#primaryimage"},"image":{"@id":"https:\/\/nirigs.com\/product\/shine-box-shea-moisture-coconut-hibiscus\/#primaryimage"},"thumbnailUrl":"https:\/\/nirigs.com\/wp-content\/uploads\/2024\/03\/Shea-Moisture-\u2013-Boite-a-brillance-Coconut-Hibiscus.jpg","datePublished":"2024-03-05T14:37:39+00:00","dateModified":"2025-03-14T15:09:59+00:00","breadcrumb":{"@id":"https:\/\/nirigs.com\/product\/shine-box-shea-moisture-coconut-hibiscus\/#breadcrumb"},"inLanguage":"ar","potentialAction":[{"@type":"ReadAction","target":["https:\/\/nirigs.com\/product\/shine-box-shea-moisture-coconut-hibiscus\/"]}]},{"@type":"ImageObject","inLanguage":"ar","@id":"https:\/\/nirigs.com\/product\/shine-box-shea-moisture-coconut-hibiscus\/#primaryimage","url":"https:\/\/nirigs.com\/wp-content\/uploads\/2024\/03\/Shea-Moisture-\u2013-Boite-a-brillance-Coconut-Hibiscus.jpg","contentUrl":"https:\/\/nirigs.com\/wp-content\/uploads\/2024\/03\/Shea-Moisture-\u2013-Boite-a-brillance-Coconut-Hibiscus.jpg","width":1000,"height":1000},{"@type":"BreadcrumbList","@id":"https:\/\/nirigs.com\/product\/shine-box-shea-moisture-coconut-hibiscus\/#breadcrumb","itemListElement":[{"@type":"ListItem","position":1,"name":"Home","item":"https:\/\/nirigs.com\/"},{"@type":"ListItem","position":2,"name":"Parcourir","item":"https:\/\/nirigs.com\/boutique\/"},{"@type":"ListItem","position":3,"name":"Shea Moisture &#8211; Bo\u00eete \u00e0 brillance Coconut Hibiscus"}]},{"@type":"WebSite","@id":"https:\/\/nirigs.com\/#website","url":"https:\/\/nirigs.com\/","name":"Nirigs.com","description":"Simplifiez vos achats du quotidien \u00e0 Djibouti","publisher":{"@id":"https:\/\/nirigs.com\/#organization"},"potentialAction":[{"@type":"SearchAction","target":{"@type":"EntryPoint","urlTemplate":"https:\/\/nirigs.com\/?s={search_term_string}"},"query-input":{"@type":"PropertyValueSpecification","valueRequired":true,"valueName":"search_term_string"}}],"inLanguage":"ar"},{"@type":"Organization","@id":"https:\/\/nirigs.com\/#organization","name":"\u0646\u064a\u0631\u064a\u062c\u0633","url":"https:\/\/nirigs.com\/","logo":{"@type":"ImageObject","inLanguage":"ar","@id":"https:\/\/nirigs.com\/#\/schema\/logo\/image\/","url":"https:\/\/nirigs.com\/wp-content\/uploads\/2025\/04\/Design-sans-titre-27.png","contentUrl":"https:\/\/nirigs.com\/wp-content\/uploads\/2025\/04\/Design-sans-titre-27.png","width":500,"height":500,"caption":"Nirigs"},"image":{"@id":"https:\/\/nirigs.com\/#\/schema\/logo\/image\/"}}]}},"brands":[{"id":775,"name":"\u0631\u0637\u0648\u0628\u0629 \u0627\u0644\u0634\u064a\u0627","slug":"shea-moisture"}],"_links":{"self":[{"href":"https:\/\/nirigs.com\/ar\/wp-json\/wp\/v2\/product\/17647","targetHints":{"allow":["GET"]}}],"collection":[{"href":"https:\/\/nirigs.com\/ar\/wp-json\/wp\/v2\/product"}],"about":[{"href":"https:\/\/nirigs.com\/ar\/wp-json\/wp\/v2\/types\/product"}],"replies":[{"embeddable":true,"href":"https:\/\/nirigs.com\/ar\/wp-json\/wp\/v2\/comments?post=17647"}],"version-history":[{"count":4,"href":"https:\/\/nirigs.com\/ar\/wp-json\/wp\/v2\/product\/17647\/revisions"}],"predecessor-version":[{"id":18650,"href":"https:\/\/nirigs.com\/ar\/wp-json\/wp\/v2\/product\/17647\/revisions\/18650"}],"wp:featuredmedia":[{"embeddable":true,"href":"https:\/\/nirigs.com\/ar\/wp-json\/wp\/v2\/media\/23891"}],"wp:attachment":[{"href":"https:\/\/nirigs.com\/ar\/wp-json\/wp\/v2\/media?parent=17647"}],"wp:term":[{"taxonomy":"pwb-brand","embeddable":true,"href":"https:\/\/nirigs.com\/ar\/wp-json\/wp\/v2\/pwb-brand?post=17647"},{"taxonomy":"product_brand","embeddable":true,"href":"https:\/\/nirigs.com\/ar\/wp-json\/wp\/v2\/product_brand?post=17647"},{"taxonomy":"product_cat","embeddable":true,"href":"https:\/\/nirigs.com\/ar\/wp-json\/wp\/v2\/product_cat?post=17647"},{"taxonomy":"product_tag","embeddable":true,"href":"https:\/\/nirigs.com\/ar\/wp-json\/wp\/v2\/product_tag?post=17647"}],"curies":[{"name":"wp","href":"https:\/\/api.w.org\/{rel}","templated":true}]}}