{"id":17641,"date":"2024-03-05T17:13:53","date_gmt":"2024-03-05T14:13:53","guid":{"rendered":"https:\/\/nirigs.com\/product\/cantu-grapeseed-curl-activator-with-mango-butter-grapeseed-oil-shea-butter-355-ml\/"},"modified":"2025-03-14T18:10:16","modified_gmt":"2025-03-14T15:10:16","slug":"cantu-grapeseed-curl-activator-with-mango-butter-grapeseed-oil-shea-butter-355-ml","status":"publish","type":"product","link":"https:\/\/nirigs.com\/ar\/product\/cantu-grapeseed-curl-activator-with-mango-butter-grapeseed-oil-shea-butter-355-ml\/","title":{"rendered":"\u0643\u0627\u0646\u062a\u0648 \u2013 \u0645\u0646\u0634\u0637 \u062a\u062c\u0639\u064a\u062f \u0627\u0644\u0634\u0639\u0631 \u0628\u0632\u0628\u062f\u0629 \u0627\u0644\u0645\u0627\u0646\u062c\u0648 \u0648\u0632\u064a\u062a \u0628\u0630\u0648\u0631 \u0627\u0644\u0639\u0646\u0628 \u0648\u0632\u0628\u062f\u0629 \u0627\u0644\u0634\u064a\u0627 \u2013 355 \u0645\u0644"},"content":{"rendered":"<p>L&rsquo;activateur de boucles aux p\u00e9pins de raisin de Cantu est un produit capillaire de haute qualit\u00e9 sp\u00e9cialement formul\u00e9 pour rehausser et d\u00e9finir les boucles naturelles. Infus\u00e9 d&rsquo;huile de p\u00e9pins de raisin, cet activateur de boucles hydrate et nourrit les cheveux, les rendant doux, brillants et sans frisottis.<\/p>\n<p>Il convient \u00e0 tous les types de boucles et peut \u00eatre utilis\u00e9 sur cheveux secs ou mouill\u00e9s. Dites adieu aux boucles ternes et sans vie et bonjour aux boucles magnifiquement d\u00e9finies et rebondies gr\u00e2ce \u00e0 l&rsquo;activateur de boucles aux p\u00e9pins de raisin de Cantu.<\/p>\n<p>La formule \u00e0 base d&rsquo;huile de p\u00e9pins de raisin hydrate et d\u00e9finit les boucles tout en les gardant douces au toucher. Cr\u00e9e du volume sans frisottis. Nourrit les cheveux pour les maintenir hydrat\u00e9s sous tous les climats.<br \/>\nCon\u00e7u avec une combinaison de beurre de karit\u00e9 pur, d&rsquo;huile de p\u00e9pins de raisin, d&rsquo;huile d&rsquo;olive, d&rsquo;alo\u00e8s et de beurre de graines de mangue.<\/p>\n<h4><strong>\u064a\u0633\u062a\u062e\u062f\u0645<\/strong><\/h4>\n<p>Comme driectedr.<\/p>\n<h4 class=\"mv0 lh-copy f5 pb1 dark-gray\"><strong>\u0645\u0643\u0648\u0646\u0627\u062a<\/strong><\/h4>\n<p class=\"mv0 lh-copy f6 mid-gray\">Water (aqua, eau), glycerin, propanediol behentrimonium methosulfate, cetearyl alcohol, vitis vinifera (grape) seed oil, butyrospermum parkii (shea) butter polyquaternium-11, stearyl alcohol, cetyl alcohol, fragrance (parfum), phenoxyethanol, polysorbate 60, polyquaternium-10, glycine soja (soybean) oil, olea europaea (olive) fruit oil, ethylhexylglycerin, silk amino acids, aloe barbadensis (aloe vera) leaf juice (decolorized), hydrolyzed silk protein, lonicera caprifolium (honeysuckle) flower extract, macrocystis pyrifera (kelp) extract, salvia officinalis (sage) leaf extract, urtica dioica (nettle) extract, canola oil, cocos nucifera (coconut) oil, persea gratissima (avocado) oil, prunus amygdalus dulcis (sweet almond) oil, simmondsia chinensis (jojoba) seed oil, mangifera indica (mango) seed butter, argania spinosa (argan) kernel oil, melia azadirachta (neem) seed oil, daucus carota sativa (carrot) seed oil, macadamia ternifolia seed oil, mangifera indica (mango) oil.No mineral oil, parabens, silicones, phthalates, paraffins or propylene glycol.<\/p>","protected":false},"excerpt":{"rendered":"<p>L&rsquo;activateur de boucles aux p\u00e9pins de raisin de Cantu est un produit capillaire de haute qualit\u00e9 sp\u00e9cialement formul\u00e9 pour rehausser<\/p>","protected":false},"featured_media":23896,"comment_status":"open","ping_status":"closed","template":"","meta":[],"pwb-brand":[758],"product_brand":[],"product_cat":[267,1022,1071],"product_tag":[],"class_list":{"0":"post-17641","1":"product","2":"type-product","3":"status-publish","4":"has-post-thumbnail","6":"pwb-brand-cantu","7":"product_cat-beaute-et-soins","8":"product_cat-coiffures-et-soins-des-cheveux","9":"product_cat-produits-coiffants","11":"first","12":"outofstock","13":"shipping-taxable","14":"purchasable","15":"product-type-simple"},"yoast_head":"<!-- This site is optimized with the Yoast SEO plugin v27.1.1 - https:\/\/yoast.com\/product\/yoast-seo-wordpress\/ -->\n<title>Cantu - Activateur de boucles au beurre de mangue, \u00e0 l&#039;huile de p\u00e9pins de raisin et au beurre de karit\u00e9 - 355 ml - NIRIGS<\/title>\n<meta name=\"robots\" content=\"index, follow, max-snippet:-1, max-image-preview:large, max-video-preview:-1\" \/>\n<link rel=\"canonical\" href=\"https:\/\/nirigs.com\/ar\/product\/cantu-grapeseed-curl-activator-with-mango-butter-grapeseed-oil-shea-butter-355-ml\/\" \/>\n<meta property=\"og:locale\" content=\"ar_AR\" \/>\n<meta property=\"og:type\" content=\"article\" \/>\n<meta property=\"og:title\" content=\"Cantu - Activateur de boucles au beurre de mangue, \u00e0 l&#039;huile de p\u00e9pins de raisin et au beurre de karit\u00e9 - 355 ml - NIRIGS\" \/>\n<meta property=\"og:description\" content=\"L&rsquo;activateur de boucles aux p\u00e9pins de raisin de Cantu est un produit capillaire de haute qualit\u00e9 sp\u00e9cialement formul\u00e9 pour rehausser\" \/>\n<meta property=\"og:url\" content=\"https:\/\/nirigs.com\/ar\/product\/cantu-grapeseed-curl-activator-with-mango-butter-grapeseed-oil-shea-butter-355-ml\/\" \/>\n<meta property=\"og:site_name\" content=\"NIRIGS\" \/>\n<meta property=\"article:modified_time\" content=\"2025-03-14T15:10:16+00:00\" \/>\n<meta property=\"og:image\" content=\"https:\/\/nirigs.com\/wp-content\/uploads\/2024\/03\/Cantu-\u2013-Activateur-de-boucles-au-beurre-de-mangue-a-lhuile-de-pepins-de-raisin-et-au-beurre-de-karite-\u2013-355-ml.jpg\" \/>\n\t<meta property=\"og:image:width\" content=\"1000\" \/>\n\t<meta property=\"og:image:height\" content=\"1000\" \/>\n\t<meta property=\"og:image:type\" content=\"image\/jpeg\" \/>\n<meta name=\"twitter:card\" content=\"summary_large_image\" \/>\n<meta name=\"twitter:label1\" content=\"\u0648\u0642\u062a \u0627\u0644\u0642\u0631\u0627\u0621\u0629 \u0627\u0644\u0645\u064f\u0642\u062f\u0651\u0631\" \/>\n\t<meta name=\"twitter:data1\" content=\"\u062f\u0642\u064a\u0642\u0629 \u0648\u0627\u062d\u062f\u0629\" \/>\n<script type=\"application\/ld+json\" class=\"yoast-schema-graph\">{\"@context\":\"https:\/\/schema.org\",\"@graph\":[{\"@type\":\"WebPage\",\"@id\":\"https:\/\/nirigs.com\/product\/cantu-grapeseed-curl-activator-with-mango-butter-grapeseed-oil-shea-butter-355-ml\/\",\"url\":\"https:\/\/nirigs.com\/product\/cantu-grapeseed-curl-activator-with-mango-butter-grapeseed-oil-shea-butter-355-ml\/\",\"name\":\"Cantu - Activateur de boucles au beurre de mangue, \u00e0 l'huile de p\u00e9pins de raisin et au beurre de karit\u00e9 - 355 ml - NIRIGS\",\"isPartOf\":{\"@id\":\"https:\/\/nirigs.com\/#website\"},\"primaryImageOfPage\":{\"@id\":\"https:\/\/nirigs.com\/product\/cantu-grapeseed-curl-activator-with-mango-butter-grapeseed-oil-shea-butter-355-ml\/#primaryimage\"},\"image\":{\"@id\":\"https:\/\/nirigs.com\/product\/cantu-grapeseed-curl-activator-with-mango-butter-grapeseed-oil-shea-butter-355-ml\/#primaryimage\"},\"thumbnailUrl\":\"https:\/\/nirigs.com\/wp-content\/uploads\/2024\/03\/Cantu-\u2013-Activateur-de-boucles-au-beurre-de-mangue-a-lhuile-de-pepins-de-raisin-et-au-beurre-de-karite-\u2013-355-ml.jpg\",\"datePublished\":\"2024-03-05T14:13:53+00:00\",\"dateModified\":\"2025-03-14T15:10:16+00:00\",\"breadcrumb\":{\"@id\":\"https:\/\/nirigs.com\/product\/cantu-grapeseed-curl-activator-with-mango-butter-grapeseed-oil-shea-butter-355-ml\/#breadcrumb\"},\"inLanguage\":\"ar\",\"potentialAction\":[{\"@type\":\"ReadAction\",\"target\":[\"https:\/\/nirigs.com\/product\/cantu-grapeseed-curl-activator-with-mango-butter-grapeseed-oil-shea-butter-355-ml\/\"]}]},{\"@type\":\"ImageObject\",\"inLanguage\":\"ar\",\"@id\":\"https:\/\/nirigs.com\/product\/cantu-grapeseed-curl-activator-with-mango-butter-grapeseed-oil-shea-butter-355-ml\/#primaryimage\",\"url\":\"https:\/\/nirigs.com\/wp-content\/uploads\/2024\/03\/Cantu-\u2013-Activateur-de-boucles-au-beurre-de-mangue-a-lhuile-de-pepins-de-raisin-et-au-beurre-de-karite-\u2013-355-ml.jpg\",\"contentUrl\":\"https:\/\/nirigs.com\/wp-content\/uploads\/2024\/03\/Cantu-\u2013-Activateur-de-boucles-au-beurre-de-mangue-a-lhuile-de-pepins-de-raisin-et-au-beurre-de-karite-\u2013-355-ml.jpg\",\"width\":1000,\"height\":1000},{\"@type\":\"BreadcrumbList\",\"@id\":\"https:\/\/nirigs.com\/product\/cantu-grapeseed-curl-activator-with-mango-butter-grapeseed-oil-shea-butter-355-ml\/#breadcrumb\",\"itemListElement\":[{\"@type\":\"ListItem\",\"position\":1,\"name\":\"Home\",\"item\":\"https:\/\/nirigs.com\/\"},{\"@type\":\"ListItem\",\"position\":2,\"name\":\"Parcourir\",\"item\":\"https:\/\/nirigs.com\/boutique\/\"},{\"@type\":\"ListItem\",\"position\":3,\"name\":\"Cantu &#8211; Activateur de boucles au beurre de mangue, \u00e0 l&rsquo;huile de p\u00e9pins de raisin et au beurre de karit\u00e9 &#8211; 355 ml\"}]},{\"@type\":\"WebSite\",\"@id\":\"https:\/\/nirigs.com\/#website\",\"url\":\"https:\/\/nirigs.com\/\",\"name\":\"Nirigs.com\",\"description\":\"Simplifiez vos achats du quotidien \u00e0 Djibouti\",\"publisher\":{\"@id\":\"https:\/\/nirigs.com\/#organization\"},\"potentialAction\":[{\"@type\":\"SearchAction\",\"target\":{\"@type\":\"EntryPoint\",\"urlTemplate\":\"https:\/\/nirigs.com\/?s={search_term_string}\"},\"query-input\":{\"@type\":\"PropertyValueSpecification\",\"valueRequired\":true,\"valueName\":\"search_term_string\"}}],\"inLanguage\":\"ar\"},{\"@type\":\"Organization\",\"@id\":\"https:\/\/nirigs.com\/#organization\",\"name\":\"Nirigs\",\"url\":\"https:\/\/nirigs.com\/\",\"logo\":{\"@type\":\"ImageObject\",\"inLanguage\":\"ar\",\"@id\":\"https:\/\/nirigs.com\/#\/schema\/logo\/image\/\",\"url\":\"https:\/\/nirigs.com\/wp-content\/uploads\/2025\/04\/Design-sans-titre-27.png\",\"contentUrl\":\"https:\/\/nirigs.com\/wp-content\/uploads\/2025\/04\/Design-sans-titre-27.png\",\"width\":500,\"height\":500,\"caption\":\"Nirigs\"},\"image\":{\"@id\":\"https:\/\/nirigs.com\/#\/schema\/logo\/image\/\"}}]}<\/script>\n<!-- \/ Yoast SEO plugin. -->","yoast_head_json":{"title":"Cantu - Activateur de boucles au beurre de mangue, \u00e0 l'huile de p\u00e9pins de raisin et au beurre de karit\u00e9 - 355 ml - NIRIGS","robots":{"index":"index","follow":"follow","max-snippet":"max-snippet:-1","max-image-preview":"max-image-preview:large","max-video-preview":"max-video-preview:-1"},"canonical":"https:\/\/nirigs.com\/ar\/product\/cantu-grapeseed-curl-activator-with-mango-butter-grapeseed-oil-shea-butter-355-ml\/","og_locale":"ar_AR","og_type":"article","og_title":"Cantu - Activateur de boucles au beurre de mangue, \u00e0 l'huile de p\u00e9pins de raisin et au beurre de karit\u00e9 - 355 ml - NIRIGS","og_description":"L&rsquo;activateur de boucles aux p\u00e9pins de raisin de Cantu est un produit capillaire de haute qualit\u00e9 sp\u00e9cialement formul\u00e9 pour rehausser","og_url":"https:\/\/nirigs.com\/ar\/product\/cantu-grapeseed-curl-activator-with-mango-butter-grapeseed-oil-shea-butter-355-ml\/","og_site_name":"NIRIGS","article_modified_time":"2025-03-14T15:10:16+00:00","og_image":[{"width":1000,"height":1000,"url":"https:\/\/nirigs.com\/wp-content\/uploads\/2024\/03\/Cantu-\u2013-Activateur-de-boucles-au-beurre-de-mangue-a-lhuile-de-pepins-de-raisin-et-au-beurre-de-karite-\u2013-355-ml.jpg","type":"image\/jpeg"}],"twitter_card":"summary_large_image","twitter_misc":{"\u0648\u0642\u062a \u0627\u0644\u0642\u0631\u0627\u0621\u0629 \u0627\u0644\u0645\u064f\u0642\u062f\u0651\u0631":"\u062f\u0642\u064a\u0642\u0629 \u0648\u0627\u062d\u062f\u0629"},"schema":{"@context":"https:\/\/schema.org","@graph":[{"@type":"WebPage","@id":"https:\/\/nirigs.com\/product\/cantu-grapeseed-curl-activator-with-mango-butter-grapeseed-oil-shea-butter-355-ml\/","url":"https:\/\/nirigs.com\/product\/cantu-grapeseed-curl-activator-with-mango-butter-grapeseed-oil-shea-butter-355-ml\/","name":"Cantu - Activateur de boucles au beurre de mangue, \u00e0 l'huile de p\u00e9pins de raisin et au beurre de karit\u00e9 - 355 ml - NIRIGS","isPartOf":{"@id":"https:\/\/nirigs.com\/#website"},"primaryImageOfPage":{"@id":"https:\/\/nirigs.com\/product\/cantu-grapeseed-curl-activator-with-mango-butter-grapeseed-oil-shea-butter-355-ml\/#primaryimage"},"image":{"@id":"https:\/\/nirigs.com\/product\/cantu-grapeseed-curl-activator-with-mango-butter-grapeseed-oil-shea-butter-355-ml\/#primaryimage"},"thumbnailUrl":"https:\/\/nirigs.com\/wp-content\/uploads\/2024\/03\/Cantu-\u2013-Activateur-de-boucles-au-beurre-de-mangue-a-lhuile-de-pepins-de-raisin-et-au-beurre-de-karite-\u2013-355-ml.jpg","datePublished":"2024-03-05T14:13:53+00:00","dateModified":"2025-03-14T15:10:16+00:00","breadcrumb":{"@id":"https:\/\/nirigs.com\/product\/cantu-grapeseed-curl-activator-with-mango-butter-grapeseed-oil-shea-butter-355-ml\/#breadcrumb"},"inLanguage":"ar","potentialAction":[{"@type":"ReadAction","target":["https:\/\/nirigs.com\/product\/cantu-grapeseed-curl-activator-with-mango-butter-grapeseed-oil-shea-butter-355-ml\/"]}]},{"@type":"ImageObject","inLanguage":"ar","@id":"https:\/\/nirigs.com\/product\/cantu-grapeseed-curl-activator-with-mango-butter-grapeseed-oil-shea-butter-355-ml\/#primaryimage","url":"https:\/\/nirigs.com\/wp-content\/uploads\/2024\/03\/Cantu-\u2013-Activateur-de-boucles-au-beurre-de-mangue-a-lhuile-de-pepins-de-raisin-et-au-beurre-de-karite-\u2013-355-ml.jpg","contentUrl":"https:\/\/nirigs.com\/wp-content\/uploads\/2024\/03\/Cantu-\u2013-Activateur-de-boucles-au-beurre-de-mangue-a-lhuile-de-pepins-de-raisin-et-au-beurre-de-karite-\u2013-355-ml.jpg","width":1000,"height":1000},{"@type":"BreadcrumbList","@id":"https:\/\/nirigs.com\/product\/cantu-grapeseed-curl-activator-with-mango-butter-grapeseed-oil-shea-butter-355-ml\/#breadcrumb","itemListElement":[{"@type":"ListItem","position":1,"name":"Home","item":"https:\/\/nirigs.com\/"},{"@type":"ListItem","position":2,"name":"Parcourir","item":"https:\/\/nirigs.com\/boutique\/"},{"@type":"ListItem","position":3,"name":"Cantu &#8211; Activateur de boucles au beurre de mangue, \u00e0 l&rsquo;huile de p\u00e9pins de raisin et au beurre de karit\u00e9 &#8211; 355 ml"}]},{"@type":"WebSite","@id":"https:\/\/nirigs.com\/#website","url":"https:\/\/nirigs.com\/","name":"Nirigs.com","description":"Simplifiez vos achats du quotidien \u00e0 Djibouti","publisher":{"@id":"https:\/\/nirigs.com\/#organization"},"potentialAction":[{"@type":"SearchAction","target":{"@type":"EntryPoint","urlTemplate":"https:\/\/nirigs.com\/?s={search_term_string}"},"query-input":{"@type":"PropertyValueSpecification","valueRequired":true,"valueName":"search_term_string"}}],"inLanguage":"ar"},{"@type":"Organization","@id":"https:\/\/nirigs.com\/#organization","name":"\u0646\u064a\u0631\u064a\u062c\u0633","url":"https:\/\/nirigs.com\/","logo":{"@type":"ImageObject","inLanguage":"ar","@id":"https:\/\/nirigs.com\/#\/schema\/logo\/image\/","url":"https:\/\/nirigs.com\/wp-content\/uploads\/2025\/04\/Design-sans-titre-27.png","contentUrl":"https:\/\/nirigs.com\/wp-content\/uploads\/2025\/04\/Design-sans-titre-27.png","width":500,"height":500,"caption":"Nirigs"},"image":{"@id":"https:\/\/nirigs.com\/#\/schema\/logo\/image\/"}}]}},"brands":[{"id":758,"name":"\u0643\u0627\u0646\u062a\u0648","slug":"cantu"}],"_links":{"self":[{"href":"https:\/\/nirigs.com\/ar\/wp-json\/wp\/v2\/product\/17641","targetHints":{"allow":["GET"]}}],"collection":[{"href":"https:\/\/nirigs.com\/ar\/wp-json\/wp\/v2\/product"}],"about":[{"href":"https:\/\/nirigs.com\/ar\/wp-json\/wp\/v2\/types\/product"}],"replies":[{"embeddable":true,"href":"https:\/\/nirigs.com\/ar\/wp-json\/wp\/v2\/comments?post=17641"}],"version-history":[{"count":5,"href":"https:\/\/nirigs.com\/ar\/wp-json\/wp\/v2\/product\/17641\/revisions"}],"predecessor-version":[{"id":23894,"href":"https:\/\/nirigs.com\/ar\/wp-json\/wp\/v2\/product\/17641\/revisions\/23894"}],"wp:featuredmedia":[{"embeddable":true,"href":"https:\/\/nirigs.com\/ar\/wp-json\/wp\/v2\/media\/23896"}],"wp:attachment":[{"href":"https:\/\/nirigs.com\/ar\/wp-json\/wp\/v2\/media?parent=17641"}],"wp:term":[{"taxonomy":"pwb-brand","embeddable":true,"href":"https:\/\/nirigs.com\/ar\/wp-json\/wp\/v2\/pwb-brand?post=17641"},{"taxonomy":"product_brand","embeddable":true,"href":"https:\/\/nirigs.com\/ar\/wp-json\/wp\/v2\/product_brand?post=17641"},{"taxonomy":"product_cat","embeddable":true,"href":"https:\/\/nirigs.com\/ar\/wp-json\/wp\/v2\/product_cat?post=17641"},{"taxonomy":"product_tag","embeddable":true,"href":"https:\/\/nirigs.com\/ar\/wp-json\/wp\/v2\/product_tag?post=17641"}],"curies":[{"name":"wp","href":"https:\/\/api.w.org\/{rel}","templated":true}]}}