{"id":17640,"date":"2024-03-05T17:08:40","date_gmt":"2024-03-05T14:08:40","guid":{"rendered":"https:\/\/nirigs.com\/product\/keracare-moisturizing-curl-activator-with-jamaican-black-castor-oil-coconut-oil-355-ml\/"},"modified":"2025-03-14T18:10:25","modified_gmt":"2025-03-14T15:10:25","slug":"keracare-moisturizing-curl-activator-with-jamaican-black-castor-oil-coconut-oil-355-ml","status":"publish","type":"product","link":"https:\/\/nirigs.com\/ar\/product\/keracare-moisturizing-curl-activator-with-jamaican-black-castor-oil-coconut-oil-355-ml\/","title":{"rendered":"Keracare &#8211; Activateur de boucles hydratant \u00e0 l&rsquo;huile de ricin noire de Jama\u00efque et \u00e0 l&rsquo;huile de noix de coco &#8211; 355 ml"},"content":{"rendered":"<p>L&rsquo;activateur hydratant de la marque\u00a0KERACARE\u00a0transforme les cheveux cr\u00e9pus de plusieurs jours en boucles hydrat\u00e9es bien d\u00e9finies et d&rsquo;apparence fra\u00eeche.<\/p>\n<p>Enrichi en huiles de ricin noir et coco.<\/p>\n<p>Id\u00e9al pour les cheveux du type 3-4.<\/p>\n<h4><strong>\u064a\u0633\u062a\u062e\u062f\u0645<\/strong><\/h4>\n<p id=\"tw-target-text\" class=\"tw-data-text tw-ta tw-text-small\" dir=\"ltr\" data-placeholder=\"Traduction\">Utilisez le comme hydratant pour cheveux secs ou comme produit coiffant le jour du lavage, lorsque vous souhaitez une tenue ultra-douce.<\/p>\n<p class=\"tw-data-text tw-ta tw-text-small\" dir=\"ltr\" data-placeholder=\"Traduction\">Peut \u00eatre m\u00e9lang\u00e9 avec d&rsquo;autres produits coiffants le jour du lavage pour des boucles de type 4 n\u00e9cessitant un maximum d&rsquo;humidit\u00e9.<\/p>\n<h4 dir=\"ltr\" data-placeholder=\"Traduction\"><strong>\u0645\u0643\u0648\u0646\u0627\u062a<\/strong><\/h4>\n<p><em>Aqua\/Water\/Eau, Glycerin, Cocos Nucifera (Coconut) Fruit Oil, Hydrogenated Soybean Oil, Cetearyl Alcohol, Betaine, Butyrospermum Parkii (Shea) Butter, Cocos Nucifera (Coconut) Fruit Extract, Linum Usitatissimum (Linseed) Seed Extract, Ricinus Communis (Castor) Seed Oil, Quaternium-18, PEG-75 Lanolin, Polyquaternium-37, Propylene Glycol Dicaprylate\/Dicaprate, PPG-1 Trideceth-6, Fragrance\/Parfum, Keratin, Hydrolyzed Keratin, Phenoxyethanol, Caprylyl Glycol, Polyquaternium-11, Piroctone Olamine, Polysorbate 60, Citric Acid.<\/em><\/p>","protected":false},"excerpt":{"rendered":"<p>L&rsquo;activateur hydratant de la marque\u00a0KERACARE\u00a0transforme les cheveux cr\u00e9pus de plusieurs jours en boucles hydrat\u00e9es bien d\u00e9finies et d&rsquo;apparence fra\u00eeche. Enrichi<\/p>","protected":false},"featured_media":23900,"comment_status":"closed","ping_status":"closed","template":"","meta":[],"pwb-brand":[792],"product_brand":[],"product_cat":[267,1022,1071],"product_tag":[],"class_list":{"0":"post-17640","1":"product","2":"type-product","3":"status-publish","4":"has-post-thumbnail","6":"pwb-brand-keracare","7":"product_cat-beaute-et-soins","8":"product_cat-coiffures-et-soins-des-cheveux","9":"product_cat-produits-coiffants","11":"first","12":"outofstock","13":"shipping-taxable","14":"purchasable","15":"product-type-simple"},"yoast_head":"<!-- This site is optimized with the Yoast SEO plugin v27.1.1 - https:\/\/yoast.com\/product\/yoast-seo-wordpress\/ -->\n<title>Keracare - Activateur de boucles hydratant \u00e0 l&#039;huile de ricin noire de Jama\u00efque et \u00e0 l&#039;huile de noix de coco - 355 ml - NIRIGS<\/title>\n<meta name=\"robots\" content=\"index, follow, max-snippet:-1, max-image-preview:large, max-video-preview:-1\" \/>\n<link rel=\"canonical\" href=\"https:\/\/nirigs.com\/ar\/product\/keracare-moisturizing-curl-activator-with-jamaican-black-castor-oil-coconut-oil-355-ml\/\" \/>\n<meta property=\"og:locale\" content=\"ar_AR\" \/>\n<meta property=\"og:type\" content=\"article\" \/>\n<meta property=\"og:title\" content=\"Keracare - Activateur de boucles hydratant \u00e0 l&#039;huile de ricin noire de Jama\u00efque et \u00e0 l&#039;huile de noix de coco - 355 ml - NIRIGS\" \/>\n<meta property=\"og:description\" content=\"L&rsquo;activateur hydratant de la marque\u00a0KERACARE\u00a0transforme les cheveux cr\u00e9pus de plusieurs jours en boucles hydrat\u00e9es bien d\u00e9finies et d&rsquo;apparence fra\u00eeche. Enrichi\" \/>\n<meta property=\"og:url\" content=\"https:\/\/nirigs.com\/ar\/product\/keracare-moisturizing-curl-activator-with-jamaican-black-castor-oil-coconut-oil-355-ml\/\" \/>\n<meta property=\"og:site_name\" content=\"NIRIGS\" \/>\n<meta property=\"article:modified_time\" content=\"2025-03-14T15:10:25+00:00\" \/>\n<meta property=\"og:image\" content=\"https:\/\/nirigs.com\/wp-content\/uploads\/2024\/03\/Keracare-\u2013-Activateur-de-boucles-hydratant-a-lhuile-de-ricin-noire-de-Jamaique-et-a-lhuile-de-noix-de-coco-\u2013-355-ml.jpg\" \/>\n\t<meta property=\"og:image:width\" content=\"1000\" \/>\n\t<meta property=\"og:image:height\" content=\"1000\" \/>\n\t<meta property=\"og:image:type\" content=\"image\/jpeg\" \/>\n<meta name=\"twitter:card\" content=\"summary_large_image\" \/>\n<meta name=\"twitter:label1\" content=\"\u0648\u0642\u062a \u0627\u0644\u0642\u0631\u0627\u0621\u0629 \u0627\u0644\u0645\u064f\u0642\u062f\u0651\u0631\" \/>\n\t<meta name=\"twitter:data1\" content=\"\u062f\u0642\u064a\u0642\u0629 \u0648\u0627\u062d\u062f\u0629\" \/>\n<script type=\"application\/ld+json\" class=\"yoast-schema-graph\">{\"@context\":\"https:\/\/schema.org\",\"@graph\":[{\"@type\":\"WebPage\",\"@id\":\"https:\/\/nirigs.com\/product\/keracare-moisturizing-curl-activator-with-jamaican-black-castor-oil-coconut-oil-355-ml\/\",\"url\":\"https:\/\/nirigs.com\/product\/keracare-moisturizing-curl-activator-with-jamaican-black-castor-oil-coconut-oil-355-ml\/\",\"name\":\"Keracare - Activateur de boucles hydratant \u00e0 l'huile de ricin noire de Jama\u00efque et \u00e0 l'huile de noix de coco - 355 ml - NIRIGS\",\"isPartOf\":{\"@id\":\"https:\/\/nirigs.com\/#website\"},\"primaryImageOfPage\":{\"@id\":\"https:\/\/nirigs.com\/product\/keracare-moisturizing-curl-activator-with-jamaican-black-castor-oil-coconut-oil-355-ml\/#primaryimage\"},\"image\":{\"@id\":\"https:\/\/nirigs.com\/product\/keracare-moisturizing-curl-activator-with-jamaican-black-castor-oil-coconut-oil-355-ml\/#primaryimage\"},\"thumbnailUrl\":\"https:\/\/nirigs.com\/wp-content\/uploads\/2024\/03\/Keracare-\u2013-Activateur-de-boucles-hydratant-a-lhuile-de-ricin-noire-de-Jamaique-et-a-lhuile-de-noix-de-coco-\u2013-355-ml.jpg\",\"datePublished\":\"2024-03-05T14:08:40+00:00\",\"dateModified\":\"2025-03-14T15:10:25+00:00\",\"breadcrumb\":{\"@id\":\"https:\/\/nirigs.com\/product\/keracare-moisturizing-curl-activator-with-jamaican-black-castor-oil-coconut-oil-355-ml\/#breadcrumb\"},\"inLanguage\":\"ar\",\"potentialAction\":[{\"@type\":\"ReadAction\",\"target\":[\"https:\/\/nirigs.com\/product\/keracare-moisturizing-curl-activator-with-jamaican-black-castor-oil-coconut-oil-355-ml\/\"]}]},{\"@type\":\"ImageObject\",\"inLanguage\":\"ar\",\"@id\":\"https:\/\/nirigs.com\/product\/keracare-moisturizing-curl-activator-with-jamaican-black-castor-oil-coconut-oil-355-ml\/#primaryimage\",\"url\":\"https:\/\/nirigs.com\/wp-content\/uploads\/2024\/03\/Keracare-\u2013-Activateur-de-boucles-hydratant-a-lhuile-de-ricin-noire-de-Jamaique-et-a-lhuile-de-noix-de-coco-\u2013-355-ml.jpg\",\"contentUrl\":\"https:\/\/nirigs.com\/wp-content\/uploads\/2024\/03\/Keracare-\u2013-Activateur-de-boucles-hydratant-a-lhuile-de-ricin-noire-de-Jamaique-et-a-lhuile-de-noix-de-coco-\u2013-355-ml.jpg\",\"width\":1000,\"height\":1000},{\"@type\":\"BreadcrumbList\",\"@id\":\"https:\/\/nirigs.com\/product\/keracare-moisturizing-curl-activator-with-jamaican-black-castor-oil-coconut-oil-355-ml\/#breadcrumb\",\"itemListElement\":[{\"@type\":\"ListItem\",\"position\":1,\"name\":\"Home\",\"item\":\"https:\/\/nirigs.com\/\"},{\"@type\":\"ListItem\",\"position\":2,\"name\":\"Parcourir\",\"item\":\"https:\/\/nirigs.com\/boutique\/\"},{\"@type\":\"ListItem\",\"position\":3,\"name\":\"Keracare &#8211; Activateur de boucles hydratant \u00e0 l&rsquo;huile de ricin noire de Jama\u00efque et \u00e0 l&rsquo;huile de noix de coco &#8211; 355 ml\"}]},{\"@type\":\"WebSite\",\"@id\":\"https:\/\/nirigs.com\/#website\",\"url\":\"https:\/\/nirigs.com\/\",\"name\":\"Nirigs.com\",\"description\":\"Simplifiez vos achats du quotidien \u00e0 Djibouti\",\"publisher\":{\"@id\":\"https:\/\/nirigs.com\/#organization\"},\"potentialAction\":[{\"@type\":\"SearchAction\",\"target\":{\"@type\":\"EntryPoint\",\"urlTemplate\":\"https:\/\/nirigs.com\/?s={search_term_string}\"},\"query-input\":{\"@type\":\"PropertyValueSpecification\",\"valueRequired\":true,\"valueName\":\"search_term_string\"}}],\"inLanguage\":\"ar\"},{\"@type\":\"Organization\",\"@id\":\"https:\/\/nirigs.com\/#organization\",\"name\":\"Nirigs\",\"url\":\"https:\/\/nirigs.com\/\",\"logo\":{\"@type\":\"ImageObject\",\"inLanguage\":\"ar\",\"@id\":\"https:\/\/nirigs.com\/#\/schema\/logo\/image\/\",\"url\":\"https:\/\/nirigs.com\/wp-content\/uploads\/2025\/04\/Design-sans-titre-27.png\",\"contentUrl\":\"https:\/\/nirigs.com\/wp-content\/uploads\/2025\/04\/Design-sans-titre-27.png\",\"width\":500,\"height\":500,\"caption\":\"Nirigs\"},\"image\":{\"@id\":\"https:\/\/nirigs.com\/#\/schema\/logo\/image\/\"}}]}<\/script>\n<!-- \/ Yoast SEO plugin. -->","yoast_head_json":{"title":"Keracare - Activateur de boucles hydratant \u00e0 l'huile de ricin noire de Jama\u00efque et \u00e0 l'huile de noix de coco - 355 ml - NIRIGS","robots":{"index":"index","follow":"follow","max-snippet":"max-snippet:-1","max-image-preview":"max-image-preview:large","max-video-preview":"max-video-preview:-1"},"canonical":"https:\/\/nirigs.com\/ar\/product\/keracare-moisturizing-curl-activator-with-jamaican-black-castor-oil-coconut-oil-355-ml\/","og_locale":"ar_AR","og_type":"article","og_title":"Keracare - Activateur de boucles hydratant \u00e0 l'huile de ricin noire de Jama\u00efque et \u00e0 l'huile de noix de coco - 355 ml - NIRIGS","og_description":"L&rsquo;activateur hydratant de la marque\u00a0KERACARE\u00a0transforme les cheveux cr\u00e9pus de plusieurs jours en boucles hydrat\u00e9es bien d\u00e9finies et d&rsquo;apparence fra\u00eeche. Enrichi","og_url":"https:\/\/nirigs.com\/ar\/product\/keracare-moisturizing-curl-activator-with-jamaican-black-castor-oil-coconut-oil-355-ml\/","og_site_name":"NIRIGS","article_modified_time":"2025-03-14T15:10:25+00:00","og_image":[{"width":1000,"height":1000,"url":"https:\/\/nirigs.com\/wp-content\/uploads\/2024\/03\/Keracare-\u2013-Activateur-de-boucles-hydratant-a-lhuile-de-ricin-noire-de-Jamaique-et-a-lhuile-de-noix-de-coco-\u2013-355-ml.jpg","type":"image\/jpeg"}],"twitter_card":"summary_large_image","twitter_misc":{"\u0648\u0642\u062a \u0627\u0644\u0642\u0631\u0627\u0621\u0629 \u0627\u0644\u0645\u064f\u0642\u062f\u0651\u0631":"\u062f\u0642\u064a\u0642\u0629 \u0648\u0627\u062d\u062f\u0629"},"schema":{"@context":"https:\/\/schema.org","@graph":[{"@type":"WebPage","@id":"https:\/\/nirigs.com\/product\/keracare-moisturizing-curl-activator-with-jamaican-black-castor-oil-coconut-oil-355-ml\/","url":"https:\/\/nirigs.com\/product\/keracare-moisturizing-curl-activator-with-jamaican-black-castor-oil-coconut-oil-355-ml\/","name":"Keracare - Activateur de boucles hydratant \u00e0 l'huile de ricin noire de Jama\u00efque et \u00e0 l'huile de noix de coco - 355 ml - NIRIGS","isPartOf":{"@id":"https:\/\/nirigs.com\/#website"},"primaryImageOfPage":{"@id":"https:\/\/nirigs.com\/product\/keracare-moisturizing-curl-activator-with-jamaican-black-castor-oil-coconut-oil-355-ml\/#primaryimage"},"image":{"@id":"https:\/\/nirigs.com\/product\/keracare-moisturizing-curl-activator-with-jamaican-black-castor-oil-coconut-oil-355-ml\/#primaryimage"},"thumbnailUrl":"https:\/\/nirigs.com\/wp-content\/uploads\/2024\/03\/Keracare-\u2013-Activateur-de-boucles-hydratant-a-lhuile-de-ricin-noire-de-Jamaique-et-a-lhuile-de-noix-de-coco-\u2013-355-ml.jpg","datePublished":"2024-03-05T14:08:40+00:00","dateModified":"2025-03-14T15:10:25+00:00","breadcrumb":{"@id":"https:\/\/nirigs.com\/product\/keracare-moisturizing-curl-activator-with-jamaican-black-castor-oil-coconut-oil-355-ml\/#breadcrumb"},"inLanguage":"ar","potentialAction":[{"@type":"ReadAction","target":["https:\/\/nirigs.com\/product\/keracare-moisturizing-curl-activator-with-jamaican-black-castor-oil-coconut-oil-355-ml\/"]}]},{"@type":"ImageObject","inLanguage":"ar","@id":"https:\/\/nirigs.com\/product\/keracare-moisturizing-curl-activator-with-jamaican-black-castor-oil-coconut-oil-355-ml\/#primaryimage","url":"https:\/\/nirigs.com\/wp-content\/uploads\/2024\/03\/Keracare-\u2013-Activateur-de-boucles-hydratant-a-lhuile-de-ricin-noire-de-Jamaique-et-a-lhuile-de-noix-de-coco-\u2013-355-ml.jpg","contentUrl":"https:\/\/nirigs.com\/wp-content\/uploads\/2024\/03\/Keracare-\u2013-Activateur-de-boucles-hydratant-a-lhuile-de-ricin-noire-de-Jamaique-et-a-lhuile-de-noix-de-coco-\u2013-355-ml.jpg","width":1000,"height":1000},{"@type":"BreadcrumbList","@id":"https:\/\/nirigs.com\/product\/keracare-moisturizing-curl-activator-with-jamaican-black-castor-oil-coconut-oil-355-ml\/#breadcrumb","itemListElement":[{"@type":"ListItem","position":1,"name":"Home","item":"https:\/\/nirigs.com\/"},{"@type":"ListItem","position":2,"name":"Parcourir","item":"https:\/\/nirigs.com\/boutique\/"},{"@type":"ListItem","position":3,"name":"Keracare &#8211; Activateur de boucles hydratant \u00e0 l&rsquo;huile de ricin noire de Jama\u00efque et \u00e0 l&rsquo;huile de noix de coco &#8211; 355 ml"}]},{"@type":"WebSite","@id":"https:\/\/nirigs.com\/#website","url":"https:\/\/nirigs.com\/","name":"Nirigs.com","description":"Simplifiez vos achats du quotidien \u00e0 Djibouti","publisher":{"@id":"https:\/\/nirigs.com\/#organization"},"potentialAction":[{"@type":"SearchAction","target":{"@type":"EntryPoint","urlTemplate":"https:\/\/nirigs.com\/?s={search_term_string}"},"query-input":{"@type":"PropertyValueSpecification","valueRequired":true,"valueName":"search_term_string"}}],"inLanguage":"ar"},{"@type":"Organization","@id":"https:\/\/nirigs.com\/#organization","name":"\u0646\u064a\u0631\u064a\u062c\u0633","url":"https:\/\/nirigs.com\/","logo":{"@type":"ImageObject","inLanguage":"ar","@id":"https:\/\/nirigs.com\/#\/schema\/logo\/image\/","url":"https:\/\/nirigs.com\/wp-content\/uploads\/2025\/04\/Design-sans-titre-27.png","contentUrl":"https:\/\/nirigs.com\/wp-content\/uploads\/2025\/04\/Design-sans-titre-27.png","width":500,"height":500,"caption":"Nirigs"},"image":{"@id":"https:\/\/nirigs.com\/#\/schema\/logo\/image\/"}}]}},"brands":[{"id":792,"name":"\u0643\u064a\u0631\u0627\u0643\u0627\u0631","slug":"keracare"}],"_links":{"self":[{"href":"https:\/\/nirigs.com\/ar\/wp-json\/wp\/v2\/product\/17640","targetHints":{"allow":["GET"]}}],"collection":[{"href":"https:\/\/nirigs.com\/ar\/wp-json\/wp\/v2\/product"}],"about":[{"href":"https:\/\/nirigs.com\/ar\/wp-json\/wp\/v2\/types\/product"}],"replies":[{"embeddable":true,"href":"https:\/\/nirigs.com\/ar\/wp-json\/wp\/v2\/comments?post=17640"}],"version-history":[{"count":5,"href":"https:\/\/nirigs.com\/ar\/wp-json\/wp\/v2\/product\/17640\/revisions"}],"predecessor-version":[{"id":23898,"href":"https:\/\/nirigs.com\/ar\/wp-json\/wp\/v2\/product\/17640\/revisions\/23898"}],"wp:featuredmedia":[{"embeddable":true,"href":"https:\/\/nirigs.com\/ar\/wp-json\/wp\/v2\/media\/23900"}],"wp:attachment":[{"href":"https:\/\/nirigs.com\/ar\/wp-json\/wp\/v2\/media?parent=17640"}],"wp:term":[{"taxonomy":"pwb-brand","embeddable":true,"href":"https:\/\/nirigs.com\/ar\/wp-json\/wp\/v2\/pwb-brand?post=17640"},{"taxonomy":"product_brand","embeddable":true,"href":"https:\/\/nirigs.com\/ar\/wp-json\/wp\/v2\/product_brand?post=17640"},{"taxonomy":"product_cat","embeddable":true,"href":"https:\/\/nirigs.com\/ar\/wp-json\/wp\/v2\/product_cat?post=17640"},{"taxonomy":"product_tag","embeddable":true,"href":"https:\/\/nirigs.com\/ar\/wp-json\/wp\/v2\/product_tag?post=17640"}],"curies":[{"name":"wp","href":"https:\/\/api.w.org\/{rel}","templated":true}]}}