{"id":17632,"date":"2024-02-28T21:35:30","date_gmt":"2024-02-28T18:35:30","guid":{"rendered":"https:\/\/nirigs.com\/product\/cantu-grapeseed-strengthening-repair-leave-in-with-kiwi-rosemary-shea-butter-340g\/"},"modified":"2026-02-24T20:57:55","modified_gmt":"2026-02-24T17:57:55","slug":"cantu-grapeseed-strengthening-repair-leave-in-with-kiwi-rosemary-shea-butter-340g","status":"publish","type":"product","link":"https:\/\/nirigs.com\/ar\/product\/cantu-grapeseed-strengthening-repair-leave-in-with-kiwi-rosemary-shea-butter-340g\/","title":{"rendered":"\u0643\u0627\u0646\u062a\u0648 - \u0628\u0644\u0633\u0645 \u064a\u064f\u062a\u0631\u0643 \u0639\u0644\u0649 \u0627\u0644\u0634\u0639\u0631 \u0645\u0639 \u0628\u0630\u0648\u0631 \u0627\u0644\u0639\u0646\u0628 \u0648\u0627\u0644\u0643\u064a\u0648\u064a \u0648\u0625\u0643\u0644\u064a\u0644 \u0627\u0644\u062c\u0628\u0644 \u0648\u0632\u0628\u062f\u0629 \u0627\u0644\u0634\u064a\u0627 - 340 \u062c\u0645"},"content":{"rendered":"<p>Avec du kiwi, du romarin et du beurre de karit\u00e9<br \/>\nR\u00e9pare et restaure<br \/>\nCheveux secs et cassants<br \/>\nSans paraffines, parab\u00e8nes ni phtalates<br \/>\nTraitement pour aider \u00e0 r\u00e9parer les cassures, minimiser les pointes fourchues et ajouter de la maniabilit\u00e9 et de la brillance \u00e0 chaque application.<br \/>\nR\u00e9pare et restaure les cheveux secs et cassants<br \/>\nStoppe les cassures et r\u00e9pare les pointes fourchues<br \/>\nAugmente la maniabilit\u00e9 et la brillance<br \/>\nFabriqu\u00e9 \u00e0 partir de notre formule signature de beurre de karit\u00e9 et d&rsquo;huile de p\u00e9pins de raisin, de kiwi et de romarin.<br \/>\ninfo :<br \/>\nNous nous effor\u00e7ons de vous fournir des informations exactes sur les produits. Les fabricants, les fournisseurs et d&rsquo;autres acteurs fournissent ce que vous voyez ici, et nous ne l&rsquo;avons pas v\u00e9rifi\u00e9. Voir notre avis de non-responsabilit\u00e9<\/p>\n<h4 class=\"mv0 lh-copy f5 pb1 dark-gray\"><strong>\u0645\u0643\u0648\u0646\u0627\u062a<\/strong><\/h4>\n<p class=\"mv0 lh-copy f6 mid-gray\">Water, cetearyl alcohol, canola oil, vitis vinifera (grape) seed oil, behentrimonium methosulfate, glycerin, dicetyldimonium chloride, fragrance (parfum), butyrospermum parkii (shea) butter , dimethicone, ethylhexylglycerin, phenoxyethanol, polyquaternium-10, sodium chloride, disodium edta, citric acid, olea europaea (olive) fruit oil, cyclopentasiloxane, cyclohexasiloxane, titanium dioxide, dimethicone peg-8 meadowfoamate, polyquaternium-37, propylene glycol dicaprylate\/dicaprate, ppg-1 trideceth-6, panthenol, hydrolyzed wheat protein pg-propyl silanetriol, hydrolyzed wheat protein, pentaerythrityl tetracaprylate \/ tetracaprate, silk amino acids, hydrolyzed collagen, salvia officinalis (sage) leaf extract, urtica dioica (nettle) extract, rosmarinus officinalis (rosemary) leaf extract, aloe barbadensis (aloe vera) leaf juice (decolorized), achillea millefolium extract, actinidia chinensis (kiwi) extract, propylene glycol, hydroxyethylcellulose, sodium hyaluronate.<\/p>","protected":false},"excerpt":{"rendered":"<p>Avec du kiwi, du romarin et du beurre de karit\u00e9 R\u00e9pare et restaure Cheveux secs et cassants Sans paraffines, parab\u00e8nes<\/p>","protected":false},"featured_media":23941,"comment_status":"open","ping_status":"closed","template":"","meta":[],"pwb-brand":[758],"product_brand":[],"product_cat":[267,1022,1024,1027],"product_tag":[],"class_list":{"0":"post-17632","1":"product","2":"type-product","3":"status-publish","4":"has-post-thumbnail","6":"pwb-brand-cantu","7":"product_cat-beaute-et-soins","8":"product_cat-coiffures-et-soins-des-cheveux","9":"product_cat-soins-des-cheveux","10":"product_cat-soins-et-masques-pour-les-cheveux","12":"first","13":"outofstock","14":"shipping-taxable","15":"purchasable","16":"product-type-simple"},"yoast_head":"<!-- This site is optimized with the Yoast SEO plugin v27.1.1 - https:\/\/yoast.com\/product\/yoast-seo-wordpress\/ -->\n<title>Cantu - Apr\u00e8s-shampoing sans rin\u00e7age aux p\u00e9pins de raisin, kiwi, romarin et beurre de karit\u00e9 - 340g - NIRIGS<\/title>\n<meta name=\"robots\" content=\"index, follow, max-snippet:-1, max-image-preview:large, max-video-preview:-1\" \/>\n<link rel=\"canonical\" href=\"https:\/\/nirigs.com\/ar\/product\/cantu-grapeseed-strengthening-repair-leave-in-with-kiwi-rosemary-shea-butter-340g\/\" \/>\n<meta property=\"og:locale\" content=\"ar_AR\" \/>\n<meta property=\"og:type\" content=\"article\" \/>\n<meta property=\"og:title\" content=\"Cantu - Apr\u00e8s-shampoing sans rin\u00e7age aux p\u00e9pins de raisin, kiwi, romarin et beurre de karit\u00e9 - 340g - NIRIGS\" \/>\n<meta property=\"og:description\" content=\"Avec du kiwi, du romarin et du beurre de karit\u00e9 R\u00e9pare et restaure Cheveux secs et cassants Sans paraffines, parab\u00e8nes\" \/>\n<meta property=\"og:url\" content=\"https:\/\/nirigs.com\/ar\/product\/cantu-grapeseed-strengthening-repair-leave-in-with-kiwi-rosemary-shea-butter-340g\/\" \/>\n<meta property=\"og:site_name\" content=\"NIRIGS\" \/>\n<meta property=\"article:modified_time\" content=\"2026-02-24T17:57:55+00:00\" \/>\n<meta property=\"og:image\" content=\"https:\/\/nirigs.com\/wp-content\/uploads\/2024\/02\/Cantu-\u2013-Apres-shampoing-sans-rincage-aux-pepins-de-raisin-kiwi-romarin-et-beurre-de-karite-\u2013-340g.jpg\" \/>\n\t<meta property=\"og:image:width\" content=\"1000\" \/>\n\t<meta property=\"og:image:height\" content=\"1000\" \/>\n\t<meta property=\"og:image:type\" content=\"image\/jpeg\" \/>\n<meta name=\"twitter:card\" content=\"summary_large_image\" \/>\n<meta name=\"twitter:label1\" content=\"\u0648\u0642\u062a \u0627\u0644\u0642\u0631\u0627\u0621\u0629 \u0627\u0644\u0645\u064f\u0642\u062f\u0651\u0631\" \/>\n\t<meta name=\"twitter:data1\" content=\"\u062f\u0642\u064a\u0642\u062a\u0627\u0646\" \/>\n<script type=\"application\/ld+json\" class=\"yoast-schema-graph\">{\"@context\":\"https:\/\/schema.org\",\"@graph\":[{\"@type\":\"WebPage\",\"@id\":\"https:\/\/nirigs.com\/product\/cantu-grapeseed-strengthening-repair-leave-in-with-kiwi-rosemary-shea-butter-340g\/\",\"url\":\"https:\/\/nirigs.com\/product\/cantu-grapeseed-strengthening-repair-leave-in-with-kiwi-rosemary-shea-butter-340g\/\",\"name\":\"Cantu - Apr\u00e8s-shampoing sans rin\u00e7age aux p\u00e9pins de raisin, kiwi, romarin et beurre de karit\u00e9 - 340g - NIRIGS\",\"isPartOf\":{\"@id\":\"https:\/\/nirigs.com\/#website\"},\"primaryImageOfPage\":{\"@id\":\"https:\/\/nirigs.com\/product\/cantu-grapeseed-strengthening-repair-leave-in-with-kiwi-rosemary-shea-butter-340g\/#primaryimage\"},\"image\":{\"@id\":\"https:\/\/nirigs.com\/product\/cantu-grapeseed-strengthening-repair-leave-in-with-kiwi-rosemary-shea-butter-340g\/#primaryimage\"},\"thumbnailUrl\":\"https:\/\/nirigs.com\/wp-content\/uploads\/2024\/02\/Cantu-\u2013-Apres-shampoing-sans-rincage-aux-pepins-de-raisin-kiwi-romarin-et-beurre-de-karite-\u2013-340g.jpg\",\"datePublished\":\"2024-02-28T18:35:30+00:00\",\"dateModified\":\"2026-02-24T17:57:55+00:00\",\"breadcrumb\":{\"@id\":\"https:\/\/nirigs.com\/product\/cantu-grapeseed-strengthening-repair-leave-in-with-kiwi-rosemary-shea-butter-340g\/#breadcrumb\"},\"inLanguage\":\"ar\",\"potentialAction\":[{\"@type\":\"ReadAction\",\"target\":[\"https:\/\/nirigs.com\/product\/cantu-grapeseed-strengthening-repair-leave-in-with-kiwi-rosemary-shea-butter-340g\/\"]}]},{\"@type\":\"ImageObject\",\"inLanguage\":\"ar\",\"@id\":\"https:\/\/nirigs.com\/product\/cantu-grapeseed-strengthening-repair-leave-in-with-kiwi-rosemary-shea-butter-340g\/#primaryimage\",\"url\":\"https:\/\/nirigs.com\/wp-content\/uploads\/2024\/02\/Cantu-\u2013-Apres-shampoing-sans-rincage-aux-pepins-de-raisin-kiwi-romarin-et-beurre-de-karite-\u2013-340g.jpg\",\"contentUrl\":\"https:\/\/nirigs.com\/wp-content\/uploads\/2024\/02\/Cantu-\u2013-Apres-shampoing-sans-rincage-aux-pepins-de-raisin-kiwi-romarin-et-beurre-de-karite-\u2013-340g.jpg\",\"width\":1000,\"height\":1000},{\"@type\":\"BreadcrumbList\",\"@id\":\"https:\/\/nirigs.com\/product\/cantu-grapeseed-strengthening-repair-leave-in-with-kiwi-rosemary-shea-butter-340g\/#breadcrumb\",\"itemListElement\":[{\"@type\":\"ListItem\",\"position\":1,\"name\":\"Home\",\"item\":\"https:\/\/nirigs.com\/\"},{\"@type\":\"ListItem\",\"position\":2,\"name\":\"Parcourir\",\"item\":\"https:\/\/nirigs.com\/boutique\/\"},{\"@type\":\"ListItem\",\"position\":3,\"name\":\"Cantu &#8211; Apr\u00e8s-shampoing sans rin\u00e7age aux p\u00e9pins de raisin, kiwi, romarin et beurre de karit\u00e9 &#8211; 340g\"}]},{\"@type\":\"WebSite\",\"@id\":\"https:\/\/nirigs.com\/#website\",\"url\":\"https:\/\/nirigs.com\/\",\"name\":\"Nirigs.com\",\"description\":\"Simplifiez vos achats du quotidien \u00e0 Djibouti\",\"publisher\":{\"@id\":\"https:\/\/nirigs.com\/#organization\"},\"potentialAction\":[{\"@type\":\"SearchAction\",\"target\":{\"@type\":\"EntryPoint\",\"urlTemplate\":\"https:\/\/nirigs.com\/?s={search_term_string}\"},\"query-input\":{\"@type\":\"PropertyValueSpecification\",\"valueRequired\":true,\"valueName\":\"search_term_string\"}}],\"inLanguage\":\"ar\"},{\"@type\":\"Organization\",\"@id\":\"https:\/\/nirigs.com\/#organization\",\"name\":\"Nirigs\",\"url\":\"https:\/\/nirigs.com\/\",\"logo\":{\"@type\":\"ImageObject\",\"inLanguage\":\"ar\",\"@id\":\"https:\/\/nirigs.com\/#\/schema\/logo\/image\/\",\"url\":\"https:\/\/nirigs.com\/wp-content\/uploads\/2025\/04\/Design-sans-titre-27.png\",\"contentUrl\":\"https:\/\/nirigs.com\/wp-content\/uploads\/2025\/04\/Design-sans-titre-27.png\",\"width\":500,\"height\":500,\"caption\":\"Nirigs\"},\"image\":{\"@id\":\"https:\/\/nirigs.com\/#\/schema\/logo\/image\/\"}}]}<\/script>\n<!-- \/ Yoast SEO plugin. -->","yoast_head_json":{"title":"Cantu - Apr\u00e8s-shampoing sans rin\u00e7age aux p\u00e9pins de raisin, kiwi, romarin et beurre de karit\u00e9 - 340g - NIRIGS","robots":{"index":"index","follow":"follow","max-snippet":"max-snippet:-1","max-image-preview":"max-image-preview:large","max-video-preview":"max-video-preview:-1"},"canonical":"https:\/\/nirigs.com\/ar\/product\/cantu-grapeseed-strengthening-repair-leave-in-with-kiwi-rosemary-shea-butter-340g\/","og_locale":"ar_AR","og_type":"article","og_title":"Cantu - Apr\u00e8s-shampoing sans rin\u00e7age aux p\u00e9pins de raisin, kiwi, romarin et beurre de karit\u00e9 - 340g - NIRIGS","og_description":"Avec du kiwi, du romarin et du beurre de karit\u00e9 R\u00e9pare et restaure Cheveux secs et cassants Sans paraffines, parab\u00e8nes","og_url":"https:\/\/nirigs.com\/ar\/product\/cantu-grapeseed-strengthening-repair-leave-in-with-kiwi-rosemary-shea-butter-340g\/","og_site_name":"NIRIGS","article_modified_time":"2026-02-24T17:57:55+00:00","og_image":[{"width":1000,"height":1000,"url":"https:\/\/nirigs.com\/wp-content\/uploads\/2024\/02\/Cantu-\u2013-Apres-shampoing-sans-rincage-aux-pepins-de-raisin-kiwi-romarin-et-beurre-de-karite-\u2013-340g.jpg","type":"image\/jpeg"}],"twitter_card":"summary_large_image","twitter_misc":{"\u0648\u0642\u062a \u0627\u0644\u0642\u0631\u0627\u0621\u0629 \u0627\u0644\u0645\u064f\u0642\u062f\u0651\u0631":"\u062f\u0642\u064a\u0642\u062a\u0627\u0646"},"schema":{"@context":"https:\/\/schema.org","@graph":[{"@type":"WebPage","@id":"https:\/\/nirigs.com\/product\/cantu-grapeseed-strengthening-repair-leave-in-with-kiwi-rosemary-shea-butter-340g\/","url":"https:\/\/nirigs.com\/product\/cantu-grapeseed-strengthening-repair-leave-in-with-kiwi-rosemary-shea-butter-340g\/","name":"Cantu - Apr\u00e8s-shampoing sans rin\u00e7age aux p\u00e9pins de raisin, kiwi, romarin et beurre de karit\u00e9 - 340g - NIRIGS","isPartOf":{"@id":"https:\/\/nirigs.com\/#website"},"primaryImageOfPage":{"@id":"https:\/\/nirigs.com\/product\/cantu-grapeseed-strengthening-repair-leave-in-with-kiwi-rosemary-shea-butter-340g\/#primaryimage"},"image":{"@id":"https:\/\/nirigs.com\/product\/cantu-grapeseed-strengthening-repair-leave-in-with-kiwi-rosemary-shea-butter-340g\/#primaryimage"},"thumbnailUrl":"https:\/\/nirigs.com\/wp-content\/uploads\/2024\/02\/Cantu-\u2013-Apres-shampoing-sans-rincage-aux-pepins-de-raisin-kiwi-romarin-et-beurre-de-karite-\u2013-340g.jpg","datePublished":"2024-02-28T18:35:30+00:00","dateModified":"2026-02-24T17:57:55+00:00","breadcrumb":{"@id":"https:\/\/nirigs.com\/product\/cantu-grapeseed-strengthening-repair-leave-in-with-kiwi-rosemary-shea-butter-340g\/#breadcrumb"},"inLanguage":"ar","potentialAction":[{"@type":"ReadAction","target":["https:\/\/nirigs.com\/product\/cantu-grapeseed-strengthening-repair-leave-in-with-kiwi-rosemary-shea-butter-340g\/"]}]},{"@type":"ImageObject","inLanguage":"ar","@id":"https:\/\/nirigs.com\/product\/cantu-grapeseed-strengthening-repair-leave-in-with-kiwi-rosemary-shea-butter-340g\/#primaryimage","url":"https:\/\/nirigs.com\/wp-content\/uploads\/2024\/02\/Cantu-\u2013-Apres-shampoing-sans-rincage-aux-pepins-de-raisin-kiwi-romarin-et-beurre-de-karite-\u2013-340g.jpg","contentUrl":"https:\/\/nirigs.com\/wp-content\/uploads\/2024\/02\/Cantu-\u2013-Apres-shampoing-sans-rincage-aux-pepins-de-raisin-kiwi-romarin-et-beurre-de-karite-\u2013-340g.jpg","width":1000,"height":1000},{"@type":"BreadcrumbList","@id":"https:\/\/nirigs.com\/product\/cantu-grapeseed-strengthening-repair-leave-in-with-kiwi-rosemary-shea-butter-340g\/#breadcrumb","itemListElement":[{"@type":"ListItem","position":1,"name":"Home","item":"https:\/\/nirigs.com\/"},{"@type":"ListItem","position":2,"name":"Parcourir","item":"https:\/\/nirigs.com\/boutique\/"},{"@type":"ListItem","position":3,"name":"Cantu &#8211; Apr\u00e8s-shampoing sans rin\u00e7age aux p\u00e9pins de raisin, kiwi, romarin et beurre de karit\u00e9 &#8211; 340g"}]},{"@type":"WebSite","@id":"https:\/\/nirigs.com\/#website","url":"https:\/\/nirigs.com\/","name":"Nirigs.com","description":"Simplifiez vos achats du quotidien \u00e0 Djibouti","publisher":{"@id":"https:\/\/nirigs.com\/#organization"},"potentialAction":[{"@type":"SearchAction","target":{"@type":"EntryPoint","urlTemplate":"https:\/\/nirigs.com\/?s={search_term_string}"},"query-input":{"@type":"PropertyValueSpecification","valueRequired":true,"valueName":"search_term_string"}}],"inLanguage":"ar"},{"@type":"Organization","@id":"https:\/\/nirigs.com\/#organization","name":"\u0646\u064a\u0631\u064a\u062c\u0633","url":"https:\/\/nirigs.com\/","logo":{"@type":"ImageObject","inLanguage":"ar","@id":"https:\/\/nirigs.com\/#\/schema\/logo\/image\/","url":"https:\/\/nirigs.com\/wp-content\/uploads\/2025\/04\/Design-sans-titre-27.png","contentUrl":"https:\/\/nirigs.com\/wp-content\/uploads\/2025\/04\/Design-sans-titre-27.png","width":500,"height":500,"caption":"Nirigs"},"image":{"@id":"https:\/\/nirigs.com\/#\/schema\/logo\/image\/"}}]}},"brands":[{"id":758,"name":"\u0643\u0627\u0646\u062a\u0648","slug":"cantu"}],"_links":{"self":[{"href":"https:\/\/nirigs.com\/ar\/wp-json\/wp\/v2\/product\/17632","targetHints":{"allow":["GET"]}}],"collection":[{"href":"https:\/\/nirigs.com\/ar\/wp-json\/wp\/v2\/product"}],"about":[{"href":"https:\/\/nirigs.com\/ar\/wp-json\/wp\/v2\/types\/product"}],"replies":[{"embeddable":true,"href":"https:\/\/nirigs.com\/ar\/wp-json\/wp\/v2\/comments?post=17632"}],"version-history":[{"count":4,"href":"https:\/\/nirigs.com\/ar\/wp-json\/wp\/v2\/product\/17632\/revisions"}],"predecessor-version":[{"id":23935,"href":"https:\/\/nirigs.com\/ar\/wp-json\/wp\/v2\/product\/17632\/revisions\/23935"}],"wp:featuredmedia":[{"embeddable":true,"href":"https:\/\/nirigs.com\/ar\/wp-json\/wp\/v2\/media\/23941"}],"wp:attachment":[{"href":"https:\/\/nirigs.com\/ar\/wp-json\/wp\/v2\/media?parent=17632"}],"wp:term":[{"taxonomy":"pwb-brand","embeddable":true,"href":"https:\/\/nirigs.com\/ar\/wp-json\/wp\/v2\/pwb-brand?post=17632"},{"taxonomy":"product_brand","embeddable":true,"href":"https:\/\/nirigs.com\/ar\/wp-json\/wp\/v2\/product_brand?post=17632"},{"taxonomy":"product_cat","embeddable":true,"href":"https:\/\/nirigs.com\/ar\/wp-json\/wp\/v2\/product_cat?post=17632"},{"taxonomy":"product_tag","embeddable":true,"href":"https:\/\/nirigs.com\/ar\/wp-json\/wp\/v2\/product_tag?post=17632"}],"curies":[{"name":"wp","href":"https:\/\/api.w.org\/{rel}","templated":true}]}}