{"id":17621,"date":"2024-02-28T20:34:40","date_gmt":"2024-02-28T17:34:40","guid":{"rendered":"https:\/\/nirigs.com\/product\/cantu-deep-treatment-mask-340-g\/"},"modified":"2025-03-14T18:13:17","modified_gmt":"2025-03-14T15:13:17","slug":"cantu-deep-treatment-mask-340-g","status":"publish","type":"product","link":"https:\/\/nirigs.com\/ar\/product\/cantu-deep-treatment-mask-340-g\/","title":{"rendered":"Cantu &#8211; Masque de traitement en profondeur &#8211; 340 g"},"content":{"rendered":"<p>La formule prim\u00e9e p\u00e9n\u00e8tre en profondeur dans la tige du cheveu pour un traitement intense qui r\u00e9pare et reconstitue les cheveux trop trait\u00e9s et ab\u00eem\u00e9s. Fabriqu\u00e9 avec du beurre de karit\u00e9 pur et formul\u00e9 sans ingr\u00e9dients agressifs.<\/p>\n<p>\u0641\u0648\u0627\u0626\u062f :<\/p>\n<ul>\n<li>Restaure et renforce les cheveux secs et endommag\u00e9s<\/li>\n<li>Id\u00e9al pour les cheveux sur-trait\u00e9s<\/li>\n<li>Augmente l&rsquo;\u00e9lasticit\u00e9 des cheveux pour r\u00e9duire les cassures.<\/li>\n<li>R\u00e9compenses : 2014 Jones Best in Beauty Award<\/li>\n<\/ul>\n<h4>\u064a\u0633\u062a\u062e\u062f\u0645<\/h4>\n<p>Enduisez soigneusement les cheveux humides, section par section. Laissez reposer pendant 30 minutes puis rincez \u00e0 l&rsquo;eau fra\u00eeche.<\/p>\n<h4 class=\"mv0 lh-copy f5 pb1 dark-gray\">\u0645\u0643\u0648\u0646\u0627\u062a<\/h4>\n<p class=\"mv0 lh-copy f6 mid-gray\">Water, Cetearyl Alcohol, Glycerin, Butyrospermum Parkii (Shea) Butter, Stearic Acid, Behentrimonium Methosulfate, Cetyl Alcohol, Glyceryl Stearate, Dimethicone, Panthenol, Hydrolyzed Wheat Protein, Fragrance (Parfum), Phenoxyethanol, Benzoic Acid, Disodium Edta, Tetrasodium Edta, Yellow 5 (Ci 19140), Blue 1 (Ci 42090)<\/p>","protected":false},"excerpt":{"rendered":"<p>La formule prim\u00e9e p\u00e9n\u00e8tre en profondeur dans la tige du cheveu pour un traitement intense qui r\u00e9pare et reconstitue les<\/p>","protected":false},"featured_media":23968,"comment_status":"open","ping_status":"closed","template":"","meta":[],"pwb-brand":[758],"product_brand":[],"product_cat":[267,1022,1024,1027],"product_tag":[],"class_list":{"0":"post-17621","1":"product","2":"type-product","3":"status-publish","4":"has-post-thumbnail","6":"pwb-brand-cantu","7":"product_cat-beaute-et-soins","8":"product_cat-coiffures-et-soins-des-cheveux","9":"product_cat-soins-des-cheveux","10":"product_cat-soins-et-masques-pour-les-cheveux","12":"first","13":"instock","14":"shipping-taxable","15":"purchasable","16":"product-type-simple"},"yoast_head":"<!-- This site is optimized with the Yoast SEO plugin v27.4 - https:\/\/yoast.com\/product\/yoast-seo-wordpress\/ -->\n<title>Cantu - Masque de traitement en profondeur - 340 g - NIRIGS<\/title>\n<meta name=\"robots\" content=\"index, follow, max-snippet:-1, max-image-preview:large, max-video-preview:-1\" \/>\n<link rel=\"canonical\" href=\"https:\/\/nirigs.com\/ar\/product\/cantu-deep-treatment-mask-340-g\/\" \/>\n<meta property=\"og:locale\" content=\"ar_AR\" \/>\n<meta property=\"og:type\" content=\"article\" \/>\n<meta property=\"og:title\" content=\"Cantu - Masque de traitement en profondeur - 340 g - NIRIGS\" \/>\n<meta property=\"og:description\" content=\"La formule prim\u00e9e p\u00e9n\u00e8tre en profondeur dans la tige du cheveu pour un traitement intense qui r\u00e9pare et reconstitue les\" \/>\n<meta property=\"og:url\" content=\"https:\/\/nirigs.com\/ar\/product\/cantu-deep-treatment-mask-340-g\/\" \/>\n<meta property=\"og:site_name\" content=\"NIRIGS\" \/>\n<meta property=\"article:modified_time\" content=\"2025-03-14T15:13:17+00:00\" \/>\n<meta property=\"og:image\" content=\"https:\/\/nirigs.com\/wp-content\/uploads\/2024\/02\/Cantu-\u2013-Masque-de-traitement-en-profondeur-\u2013-340-g.jpg\" \/>\n\t<meta property=\"og:image:width\" content=\"1000\" \/>\n\t<meta property=\"og:image:height\" content=\"1000\" \/>\n\t<meta property=\"og:image:type\" content=\"image\/jpeg\" \/>\n<meta name=\"twitter:card\" content=\"summary_large_image\" \/>\n<meta name=\"twitter:label1\" content=\"\u0648\u0642\u062a \u0627\u0644\u0642\u0631\u0627\u0621\u0629 \u0627\u0644\u0645\u064f\u0642\u062f\u0651\u0631\" \/>\n\t<meta name=\"twitter:data1\" content=\"\u062f\u0642\u064a\u0642\u0629 \u0648\u0627\u062d\u062f\u0629\" \/>\n<script type=\"application\/ld+json\" class=\"yoast-schema-graph\">{\"@context\":\"https:\\\/\\\/schema.org\",\"@graph\":[{\"@type\":\"WebPage\",\"@id\":\"https:\\\/\\\/nirigs.com\\\/product\\\/cantu-deep-treatment-mask-340-g\\\/\",\"url\":\"https:\\\/\\\/nirigs.com\\\/product\\\/cantu-deep-treatment-mask-340-g\\\/\",\"name\":\"Cantu - Masque de traitement en profondeur - 340 g - NIRIGS\",\"isPartOf\":{\"@id\":\"https:\\\/\\\/nirigs.com\\\/#website\"},\"primaryImageOfPage\":{\"@id\":\"https:\\\/\\\/nirigs.com\\\/product\\\/cantu-deep-treatment-mask-340-g\\\/#primaryimage\"},\"image\":{\"@id\":\"https:\\\/\\\/nirigs.com\\\/product\\\/cantu-deep-treatment-mask-340-g\\\/#primaryimage\"},\"thumbnailUrl\":\"https:\\\/\\\/nirigs.com\\\/wp-content\\\/uploads\\\/2024\\\/02\\\/Cantu-\u2013-Masque-de-traitement-en-profondeur-\u2013-340-g.jpg\",\"datePublished\":\"2024-02-28T17:34:40+00:00\",\"dateModified\":\"2025-03-14T15:13:17+00:00\",\"breadcrumb\":{\"@id\":\"https:\\\/\\\/nirigs.com\\\/product\\\/cantu-deep-treatment-mask-340-g\\\/#breadcrumb\"},\"inLanguage\":\"ar\",\"potentialAction\":[{\"@type\":\"ReadAction\",\"target\":[\"https:\\\/\\\/nirigs.com\\\/product\\\/cantu-deep-treatment-mask-340-g\\\/\"]}]},{\"@type\":\"ImageObject\",\"inLanguage\":\"ar\",\"@id\":\"https:\\\/\\\/nirigs.com\\\/product\\\/cantu-deep-treatment-mask-340-g\\\/#primaryimage\",\"url\":\"https:\\\/\\\/nirigs.com\\\/wp-content\\\/uploads\\\/2024\\\/02\\\/Cantu-\u2013-Masque-de-traitement-en-profondeur-\u2013-340-g.jpg\",\"contentUrl\":\"https:\\\/\\\/nirigs.com\\\/wp-content\\\/uploads\\\/2024\\\/02\\\/Cantu-\u2013-Masque-de-traitement-en-profondeur-\u2013-340-g.jpg\",\"width\":1000,\"height\":1000},{\"@type\":\"BreadcrumbList\",\"@id\":\"https:\\\/\\\/nirigs.com\\\/product\\\/cantu-deep-treatment-mask-340-g\\\/#breadcrumb\",\"itemListElement\":[{\"@type\":\"ListItem\",\"position\":1,\"name\":\"Home\",\"item\":\"https:\\\/\\\/nirigs.com\\\/\"},{\"@type\":\"ListItem\",\"position\":2,\"name\":\"Parcourir\",\"item\":\"https:\\\/\\\/nirigs.com\\\/boutique\\\/\"},{\"@type\":\"ListItem\",\"position\":3,\"name\":\"Cantu &#8211; Masque de traitement en profondeur &#8211; 340 g\"}]},{\"@type\":\"WebSite\",\"@id\":\"https:\\\/\\\/nirigs.com\\\/#website\",\"url\":\"https:\\\/\\\/nirigs.com\\\/\",\"name\":\"Nirigs.com\",\"description\":\"Simplifiez vos achats du quotidien \u00e0 Djibouti\",\"publisher\":{\"@id\":\"https:\\\/\\\/nirigs.com\\\/#organization\"},\"potentialAction\":[{\"@type\":\"SearchAction\",\"target\":{\"@type\":\"EntryPoint\",\"urlTemplate\":\"https:\\\/\\\/nirigs.com\\\/?s={search_term_string}\"},\"query-input\":{\"@type\":\"PropertyValueSpecification\",\"valueRequired\":true,\"valueName\":\"search_term_string\"}}],\"inLanguage\":\"ar\"},{\"@type\":\"Organization\",\"@id\":\"https:\\\/\\\/nirigs.com\\\/#organization\",\"name\":\"Nirigs\",\"url\":\"https:\\\/\\\/nirigs.com\\\/\",\"logo\":{\"@type\":\"ImageObject\",\"inLanguage\":\"ar\",\"@id\":\"https:\\\/\\\/nirigs.com\\\/#\\\/schema\\\/logo\\\/image\\\/\",\"url\":\"https:\\\/\\\/nirigs.com\\\/wp-content\\\/uploads\\\/2025\\\/04\\\/Design-sans-titre-27.png\",\"contentUrl\":\"https:\\\/\\\/nirigs.com\\\/wp-content\\\/uploads\\\/2025\\\/04\\\/Design-sans-titre-27.png\",\"width\":500,\"height\":500,\"caption\":\"Nirigs\"},\"image\":{\"@id\":\"https:\\\/\\\/nirigs.com\\\/#\\\/schema\\\/logo\\\/image\\\/\"}}]}<\/script>\n<!-- \/ Yoast SEO plugin. -->","yoast_head_json":{"title":"Cantu - Masque de traitement en profondeur - 340 g - NIRIGS","robots":{"index":"index","follow":"follow","max-snippet":"max-snippet:-1","max-image-preview":"max-image-preview:large","max-video-preview":"max-video-preview:-1"},"canonical":"https:\/\/nirigs.com\/ar\/product\/cantu-deep-treatment-mask-340-g\/","og_locale":"ar_AR","og_type":"article","og_title":"Cantu - Masque de traitement en profondeur - 340 g - NIRIGS","og_description":"La formule prim\u00e9e p\u00e9n\u00e8tre en profondeur dans la tige du cheveu pour un traitement intense qui r\u00e9pare et reconstitue les","og_url":"https:\/\/nirigs.com\/ar\/product\/cantu-deep-treatment-mask-340-g\/","og_site_name":"NIRIGS","article_modified_time":"2025-03-14T15:13:17+00:00","og_image":[{"width":1000,"height":1000,"url":"https:\/\/nirigs.com\/wp-content\/uploads\/2024\/02\/Cantu-\u2013-Masque-de-traitement-en-profondeur-\u2013-340-g.jpg","type":"image\/jpeg"}],"twitter_card":"summary_large_image","twitter_misc":{"\u0648\u0642\u062a \u0627\u0644\u0642\u0631\u0627\u0621\u0629 \u0627\u0644\u0645\u064f\u0642\u062f\u0651\u0631":"\u062f\u0642\u064a\u0642\u0629 \u0648\u0627\u062d\u062f\u0629"},"schema":{"@context":"https:\/\/schema.org","@graph":[{"@type":"WebPage","@id":"https:\/\/nirigs.com\/product\/cantu-deep-treatment-mask-340-g\/","url":"https:\/\/nirigs.com\/product\/cantu-deep-treatment-mask-340-g\/","name":"Cantu - Masque de traitement en profondeur - 340 g - NIRIGS","isPartOf":{"@id":"https:\/\/nirigs.com\/#website"},"primaryImageOfPage":{"@id":"https:\/\/nirigs.com\/product\/cantu-deep-treatment-mask-340-g\/#primaryimage"},"image":{"@id":"https:\/\/nirigs.com\/product\/cantu-deep-treatment-mask-340-g\/#primaryimage"},"thumbnailUrl":"https:\/\/nirigs.com\/wp-content\/uploads\/2024\/02\/Cantu-\u2013-Masque-de-traitement-en-profondeur-\u2013-340-g.jpg","datePublished":"2024-02-28T17:34:40+00:00","dateModified":"2025-03-14T15:13:17+00:00","breadcrumb":{"@id":"https:\/\/nirigs.com\/product\/cantu-deep-treatment-mask-340-g\/#breadcrumb"},"inLanguage":"ar","potentialAction":[{"@type":"ReadAction","target":["https:\/\/nirigs.com\/product\/cantu-deep-treatment-mask-340-g\/"]}]},{"@type":"ImageObject","inLanguage":"ar","@id":"https:\/\/nirigs.com\/product\/cantu-deep-treatment-mask-340-g\/#primaryimage","url":"https:\/\/nirigs.com\/wp-content\/uploads\/2024\/02\/Cantu-\u2013-Masque-de-traitement-en-profondeur-\u2013-340-g.jpg","contentUrl":"https:\/\/nirigs.com\/wp-content\/uploads\/2024\/02\/Cantu-\u2013-Masque-de-traitement-en-profondeur-\u2013-340-g.jpg","width":1000,"height":1000},{"@type":"BreadcrumbList","@id":"https:\/\/nirigs.com\/product\/cantu-deep-treatment-mask-340-g\/#breadcrumb","itemListElement":[{"@type":"ListItem","position":1,"name":"Home","item":"https:\/\/nirigs.com\/"},{"@type":"ListItem","position":2,"name":"Parcourir","item":"https:\/\/nirigs.com\/boutique\/"},{"@type":"ListItem","position":3,"name":"Cantu &#8211; Masque de traitement en profondeur &#8211; 340 g"}]},{"@type":"WebSite","@id":"https:\/\/nirigs.com\/#website","url":"https:\/\/nirigs.com\/","name":"Nirigs.com","description":"Simplifiez vos achats du quotidien \u00e0 Djibouti","publisher":{"@id":"https:\/\/nirigs.com\/#organization"},"potentialAction":[{"@type":"SearchAction","target":{"@type":"EntryPoint","urlTemplate":"https:\/\/nirigs.com\/?s={search_term_string}"},"query-input":{"@type":"PropertyValueSpecification","valueRequired":true,"valueName":"search_term_string"}}],"inLanguage":"ar"},{"@type":"Organization","@id":"https:\/\/nirigs.com\/#organization","name":"\u0646\u064a\u0631\u064a\u062c\u0633","url":"https:\/\/nirigs.com\/","logo":{"@type":"ImageObject","inLanguage":"ar","@id":"https:\/\/nirigs.com\/#\/schema\/logo\/image\/","url":"https:\/\/nirigs.com\/wp-content\/uploads\/2025\/04\/Design-sans-titre-27.png","contentUrl":"https:\/\/nirigs.com\/wp-content\/uploads\/2025\/04\/Design-sans-titre-27.png","width":500,"height":500,"caption":"Nirigs"},"image":{"@id":"https:\/\/nirigs.com\/#\/schema\/logo\/image\/"}}]}},"brands":[{"id":758,"name":"\u0643\u0627\u0646\u062a\u0648","slug":"cantu"}],"_links":{"self":[{"href":"https:\/\/nirigs.com\/ar\/wp-json\/wp\/v2\/product\/17621","targetHints":{"allow":["GET"]}}],"collection":[{"href":"https:\/\/nirigs.com\/ar\/wp-json\/wp\/v2\/product"}],"about":[{"href":"https:\/\/nirigs.com\/ar\/wp-json\/wp\/v2\/types\/product"}],"replies":[{"embeddable":true,"href":"https:\/\/nirigs.com\/ar\/wp-json\/wp\/v2\/comments?post=17621"}],"version-history":[{"count":5,"href":"https:\/\/nirigs.com\/ar\/wp-json\/wp\/v2\/product\/17621\/revisions"}],"predecessor-version":[{"id":22869,"href":"https:\/\/nirigs.com\/ar\/wp-json\/wp\/v2\/product\/17621\/revisions\/22869"}],"wp:featuredmedia":[{"embeddable":true,"href":"https:\/\/nirigs.com\/ar\/wp-json\/wp\/v2\/media\/23968"}],"wp:attachment":[{"href":"https:\/\/nirigs.com\/ar\/wp-json\/wp\/v2\/media?parent=17621"}],"wp:term":[{"taxonomy":"pwb-brand","embeddable":true,"href":"https:\/\/nirigs.com\/ar\/wp-json\/wp\/v2\/pwb-brand?post=17621"},{"taxonomy":"product_brand","embeddable":true,"href":"https:\/\/nirigs.com\/ar\/wp-json\/wp\/v2\/product_brand?post=17621"},{"taxonomy":"product_cat","embeddable":true,"href":"https:\/\/nirigs.com\/ar\/wp-json\/wp\/v2\/product_cat?post=17621"},{"taxonomy":"product_tag","embeddable":true,"href":"https:\/\/nirigs.com\/ar\/wp-json\/wp\/v2\/product_tag?post=17621"}],"curies":[{"name":"wp","href":"https:\/\/api.w.org\/{rel}","templated":true}]}}