{"id":17613,"date":"2024-02-28T18:58:52","date_gmt":"2024-02-28T15:58:52","guid":{"rendered":"https:\/\/nirigs.com\/product\/cantu-hydrating-curling-cream-with-avocado-340g\/"},"modified":"2025-03-14T18:13:26","modified_gmt":"2025-03-14T15:13:26","slug":"cantu-hydrating-curling-cream-with-avocado-340g","status":"publish","type":"product","link":"https:\/\/nirigs.com\/ar\/product\/cantu-hydrating-curling-cream-with-avocado-340g\/","title":{"rendered":"\u0643\u0627\u0646\u062a\u0648 \u2013 \u0643\u0631\u064a\u0645 \u062a\u062c\u0639\u064a\u062f \u0627\u0644\u0634\u0639\u0631 \u0627\u0644\u0645\u0631\u0637\u0628 \u0628\u0627\u0644\u0623\u0641\u0648\u0643\u0627\u062f\u0648 \u2013 340 \u062c\u0631\u0627\u0645"},"content":{"rendered":"<p id=\"tw-target-text\" class=\"tw-data-text tw-text-large tw-ta\" dir=\"ltr\" data-placeholder=\"Translation\" aria-label=\"\u0646\u0635 \u0645\u062a\u0631\u062c\u0645\" data-ved=\"2ahUKEwiq3uHZ6t-HAxWbQ_EDHZPxJpoQ3ewLegQIBhAU\">R\u00e9parez les cheveux ab\u00eem\u00e9s avec la cr\u00e8me r\u00e9paratrice revitalisante sans rin\u00e7age \u00e0 l&rsquo;avocat de Cantu\u00a0! Fabriqu\u00e9e avec notre formule prim\u00e9e au beurre de karit\u00e9 et infus\u00e9e d&rsquo;huile d&rsquo;avocat, notre toute nouvelle cr\u00e8me r\u00e9paratrice p\u00e9n\u00e8tre en profondeur pour pr\u00e9venir la casse, r\u00e9parer les pointes fourchues et augmenter la maniabilit\u00e9 de vos cheveux. Ajoutez une hydratation intense aux cheveux secs et cassants et am\u00e9liorez votre brillance naturelle \u00e0 chaque application. Profitez des propri\u00e9t\u00e9s curatives de l\u2019alo\u00e8s et nourrissez votre cuir chevelu avec de l\u2019huile d\u2019olive pour augmenter la force et l\u2019\u00e9lasticit\u00e9 de vos cheveux. Lorsqu\u2019elle est utilis\u00e9e quotidiennement, la cr\u00e8me r\u00e9paratrice revitalisante sans rin\u00e7age \u00e0 l\u2019avocat de Cantu aide \u00e0 promouvoir des cheveux plus forts et plus sains. AVANTAGES \u2022 R\u00e9pare les pointes fourchues et hydrate intens\u00e9ment les cheveux secs et cassants \u2022 Les infusions d&rsquo;alo\u00e8s et d&rsquo;huile d&rsquo;olive favorisent la force des cheveux et am\u00e9liorent la brillance \u2022 La formule au beurre de karit\u00e9 et \u00e0 l&rsquo;huile d&rsquo;avocat augmentent la maniabilit\u00e9 \u2022 Parfait pour une utilisation sur les cheveux de tous types et textures \u2022 Ne contient aucun produit agressif ingr\u00e9dients<\/p>\n<h4 dir=\"ltr\" data-placeholder=\"Translation\" aria-label=\"\u0646\u0635 \u0645\u062a\u0631\u062c\u0645\" data-ved=\"2ahUKEwiq3uHZ6t-HAxWbQ_EDHZPxJpoQ3ewLegQIBhAU\"><strong>\u064a\u0633\u062a\u062e\u062f\u0645<\/strong><\/h4>\n<p dir=\"ltr\" data-placeholder=\"Translation\" aria-label=\"\u0646\u0635 \u0645\u062a\u0631\u062c\u0645\" data-ved=\"2ahUKEwiq3uHZ6t-HAxWbQ_EDHZPxJpoQ3ewLegQIBhAU\">Appliquez une quantit\u00e9 g\u00e9n\u00e9reuse de produit sur les pointes des cheveux humides et travaillez vers les racines. Peignez pour une r\u00e9partition uniforme. Ne pas rincer. Appliquez-en davantage sur les pointes des cheveux plus longs ou sur les zones \u00e0 probl\u00e8mes.<\/p>\n<h4 class=\"mv0 lh-copy f5 pb1 dark-gray\"><strong>\u0645\u0643\u0648\u0646\u0627\u062a<\/strong><\/h4>\n<p class=\"mv0 lh-copy f6 mid-gray\">WATER (AQUA, EAU), GLYCERIN, CETEARYL ALCOHOL, CETEARETH-20, CANOLA OIL, PERSEA GRATISSIMA (AVOCADO) OIL, CETETH-20, BUTYROSPERMUM PARKII (SHEA) BUTTER, GLYCOL STEARATE, PETROLATUM, FRAGRANCE (PARFUM), COCOS NUCIFERA (COCONUT) OIL, PRUNUS AMYGDALUS DULCIS (SWEET ALMOND) OIL, SIMMONDSIA CHINENSIS (JOJOBA) SEED OIL, OLEA EUROPAEA (OLIVE) FRUIT OIL, MANGIFERA INDICA (MANGO) SEED BUTTER, ARGANIA SPINOSA (ARGAN) KERNEL OIL, MELIA AZADIRACHTA (NEEM) SEED OIL, DAUCUS CAROTA SATIVA (CARROT) SEED OIL, MACADAMIA TERNIFOLIA SEED OIL, MANGIFERA INDICA (MANGO) SEED OIL, VITIS VINIFERA (GRAPE) SEED OIL, ALOE BARBADENSIS (ALOE VERA) LEAF JUICE (DECOLORIZED), LONICERA CAPRIFOLIUM (HONEYSUCKLE) FLOWER EXTRACT, MACROCYSTIS PYRIFERA (KELP) EXTRACT, SALVIA OFFICINALIS (SAGE) LEAF EXTRACT, URTICA DIOICA (NETTLE) EXTRACT, GLYCINE SOJA (SOYBEAN) OIL, HYDROLYZED SILK PROTEIN, POLYETHYLENE GLYCOL, POLYQUATERNIUM-10, PHENOXYETHANOL, ETHYLHEXYLGLYCERIN, SILK AMINO ACIDS,SODIUM PHYTATE, TETRASODIUM GLUTAMATE DIACETATE.<\/p>","protected":false},"excerpt":{"rendered":"<p>R\u00e9parez les cheveux ab\u00eem\u00e9s avec la cr\u00e8me r\u00e9paratrice revitalisante sans rin\u00e7age \u00e0 l&rsquo;avocat de Cantu\u00a0! Fabriqu\u00e9e avec notre formule prim\u00e9e<\/p>","protected":false},"featured_media":23983,"comment_status":"open","ping_status":"closed","template":"","meta":[],"pwb-brand":[758],"product_brand":[],"product_cat":[267,1022,1071],"product_tag":[],"class_list":{"0":"post-17613","1":"product","2":"type-product","3":"status-publish","4":"has-post-thumbnail","6":"pwb-brand-cantu","7":"product_cat-beaute-et-soins","8":"product_cat-coiffures-et-soins-des-cheveux","9":"product_cat-produits-coiffants","11":"first","12":"instock","13":"shipping-taxable","14":"purchasable","15":"product-type-simple"},"yoast_head":"<!-- This site is optimized with the Yoast SEO plugin v27.4 - https:\/\/yoast.com\/product\/yoast-seo-wordpress\/ -->\n<title>Cantu - Cr\u00e8me bouclante hydratante \u00e0 l&#039;avocat - 340g - NIRIGS<\/title>\n<meta name=\"robots\" content=\"index, follow, max-snippet:-1, max-image-preview:large, max-video-preview:-1\" \/>\n<link rel=\"canonical\" href=\"https:\/\/nirigs.com\/ar\/product\/cantu-hydrating-curling-cream-with-avocado-340g\/\" \/>\n<meta property=\"og:locale\" content=\"ar_AR\" \/>\n<meta property=\"og:type\" content=\"article\" \/>\n<meta property=\"og:title\" content=\"Cantu - Cr\u00e8me bouclante hydratante \u00e0 l&#039;avocat - 340g - NIRIGS\" \/>\n<meta property=\"og:description\" content=\"R\u00e9parez les cheveux ab\u00eem\u00e9s avec la cr\u00e8me r\u00e9paratrice revitalisante sans rin\u00e7age \u00e0 l&rsquo;avocat de Cantu\u00a0! Fabriqu\u00e9e avec notre formule prim\u00e9e\" \/>\n<meta property=\"og:url\" content=\"https:\/\/nirigs.com\/ar\/product\/cantu-hydrating-curling-cream-with-avocado-340g\/\" \/>\n<meta property=\"og:site_name\" content=\"NIRIGS\" \/>\n<meta property=\"article:modified_time\" content=\"2025-03-14T15:13:26+00:00\" \/>\n<meta property=\"og:image\" content=\"https:\/\/nirigs.com\/wp-content\/uploads\/2024\/02\/Cantu-\u2013-Creme-bouclante-hydratante-a-lavocat-\u2013-340g.jpg\" \/>\n\t<meta property=\"og:image:width\" content=\"1000\" \/>\n\t<meta property=\"og:image:height\" content=\"1000\" \/>\n\t<meta property=\"og:image:type\" content=\"image\/jpeg\" \/>\n<meta name=\"twitter:card\" content=\"summary_large_image\" \/>\n<meta name=\"twitter:label1\" content=\"\u0648\u0642\u062a \u0627\u0644\u0642\u0631\u0627\u0621\u0629 \u0627\u0644\u0645\u064f\u0642\u062f\u0651\u0631\" \/>\n\t<meta name=\"twitter:data1\" content=\"\u062f\u0642\u064a\u0642\u062a\u0627\u0646\" \/>\n<script type=\"application\/ld+json\" class=\"yoast-schema-graph\">{\"@context\":\"https:\\\/\\\/schema.org\",\"@graph\":[{\"@type\":\"WebPage\",\"@id\":\"https:\\\/\\\/nirigs.com\\\/product\\\/cantu-hydrating-curling-cream-with-avocado-340g\\\/\",\"url\":\"https:\\\/\\\/nirigs.com\\\/product\\\/cantu-hydrating-curling-cream-with-avocado-340g\\\/\",\"name\":\"Cantu - Cr\u00e8me bouclante hydratante \u00e0 l'avocat - 340g - NIRIGS\",\"isPartOf\":{\"@id\":\"https:\\\/\\\/nirigs.com\\\/#website\"},\"primaryImageOfPage\":{\"@id\":\"https:\\\/\\\/nirigs.com\\\/product\\\/cantu-hydrating-curling-cream-with-avocado-340g\\\/#primaryimage\"},\"image\":{\"@id\":\"https:\\\/\\\/nirigs.com\\\/product\\\/cantu-hydrating-curling-cream-with-avocado-340g\\\/#primaryimage\"},\"thumbnailUrl\":\"https:\\\/\\\/nirigs.com\\\/wp-content\\\/uploads\\\/2024\\\/02\\\/Cantu-\u2013-Creme-bouclante-hydratante-a-lavocat-\u2013-340g.jpg\",\"datePublished\":\"2024-02-28T15:58:52+00:00\",\"dateModified\":\"2025-03-14T15:13:26+00:00\",\"breadcrumb\":{\"@id\":\"https:\\\/\\\/nirigs.com\\\/product\\\/cantu-hydrating-curling-cream-with-avocado-340g\\\/#breadcrumb\"},\"inLanguage\":\"ar\",\"potentialAction\":[{\"@type\":\"ReadAction\",\"target\":[\"https:\\\/\\\/nirigs.com\\\/product\\\/cantu-hydrating-curling-cream-with-avocado-340g\\\/\"]}]},{\"@type\":\"ImageObject\",\"inLanguage\":\"ar\",\"@id\":\"https:\\\/\\\/nirigs.com\\\/product\\\/cantu-hydrating-curling-cream-with-avocado-340g\\\/#primaryimage\",\"url\":\"https:\\\/\\\/nirigs.com\\\/wp-content\\\/uploads\\\/2024\\\/02\\\/Cantu-\u2013-Creme-bouclante-hydratante-a-lavocat-\u2013-340g.jpg\",\"contentUrl\":\"https:\\\/\\\/nirigs.com\\\/wp-content\\\/uploads\\\/2024\\\/02\\\/Cantu-\u2013-Creme-bouclante-hydratante-a-lavocat-\u2013-340g.jpg\",\"width\":1000,\"height\":1000},{\"@type\":\"BreadcrumbList\",\"@id\":\"https:\\\/\\\/nirigs.com\\\/product\\\/cantu-hydrating-curling-cream-with-avocado-340g\\\/#breadcrumb\",\"itemListElement\":[{\"@type\":\"ListItem\",\"position\":1,\"name\":\"Home\",\"item\":\"https:\\\/\\\/nirigs.com\\\/\"},{\"@type\":\"ListItem\",\"position\":2,\"name\":\"Parcourir\",\"item\":\"https:\\\/\\\/nirigs.com\\\/boutique\\\/\"},{\"@type\":\"ListItem\",\"position\":3,\"name\":\"Cantu &#8211; Cr\u00e8me bouclante hydratante \u00e0 l&rsquo;avocat &#8211; 340g\"}]},{\"@type\":\"WebSite\",\"@id\":\"https:\\\/\\\/nirigs.com\\\/#website\",\"url\":\"https:\\\/\\\/nirigs.com\\\/\",\"name\":\"Nirigs.com\",\"description\":\"Simplifiez vos achats du quotidien \u00e0 Djibouti\",\"publisher\":{\"@id\":\"https:\\\/\\\/nirigs.com\\\/#organization\"},\"potentialAction\":[{\"@type\":\"SearchAction\",\"target\":{\"@type\":\"EntryPoint\",\"urlTemplate\":\"https:\\\/\\\/nirigs.com\\\/?s={search_term_string}\"},\"query-input\":{\"@type\":\"PropertyValueSpecification\",\"valueRequired\":true,\"valueName\":\"search_term_string\"}}],\"inLanguage\":\"ar\"},{\"@type\":\"Organization\",\"@id\":\"https:\\\/\\\/nirigs.com\\\/#organization\",\"name\":\"Nirigs\",\"url\":\"https:\\\/\\\/nirigs.com\\\/\",\"logo\":{\"@type\":\"ImageObject\",\"inLanguage\":\"ar\",\"@id\":\"https:\\\/\\\/nirigs.com\\\/#\\\/schema\\\/logo\\\/image\\\/\",\"url\":\"https:\\\/\\\/nirigs.com\\\/wp-content\\\/uploads\\\/2025\\\/04\\\/Design-sans-titre-27.png\",\"contentUrl\":\"https:\\\/\\\/nirigs.com\\\/wp-content\\\/uploads\\\/2025\\\/04\\\/Design-sans-titre-27.png\",\"width\":500,\"height\":500,\"caption\":\"Nirigs\"},\"image\":{\"@id\":\"https:\\\/\\\/nirigs.com\\\/#\\\/schema\\\/logo\\\/image\\\/\"}}]}<\/script>\n<!-- \/ Yoast SEO plugin. -->","yoast_head_json":{"title":"Cantu - Cr\u00e8me bouclante hydratante \u00e0 l'avocat - 340g - NIRIGS","robots":{"index":"index","follow":"follow","max-snippet":"max-snippet:-1","max-image-preview":"max-image-preview:large","max-video-preview":"max-video-preview:-1"},"canonical":"https:\/\/nirigs.com\/ar\/product\/cantu-hydrating-curling-cream-with-avocado-340g\/","og_locale":"ar_AR","og_type":"article","og_title":"Cantu - Cr\u00e8me bouclante hydratante \u00e0 l'avocat - 340g - NIRIGS","og_description":"R\u00e9parez les cheveux ab\u00eem\u00e9s avec la cr\u00e8me r\u00e9paratrice revitalisante sans rin\u00e7age \u00e0 l&rsquo;avocat de Cantu\u00a0! Fabriqu\u00e9e avec notre formule prim\u00e9e","og_url":"https:\/\/nirigs.com\/ar\/product\/cantu-hydrating-curling-cream-with-avocado-340g\/","og_site_name":"NIRIGS","article_modified_time":"2025-03-14T15:13:26+00:00","og_image":[{"width":1000,"height":1000,"url":"https:\/\/nirigs.com\/wp-content\/uploads\/2024\/02\/Cantu-\u2013-Creme-bouclante-hydratante-a-lavocat-\u2013-340g.jpg","type":"image\/jpeg"}],"twitter_card":"summary_large_image","twitter_misc":{"\u0648\u0642\u062a \u0627\u0644\u0642\u0631\u0627\u0621\u0629 \u0627\u0644\u0645\u064f\u0642\u062f\u0651\u0631":"\u062f\u0642\u064a\u0642\u062a\u0627\u0646"},"schema":{"@context":"https:\/\/schema.org","@graph":[{"@type":"WebPage","@id":"https:\/\/nirigs.com\/product\/cantu-hydrating-curling-cream-with-avocado-340g\/","url":"https:\/\/nirigs.com\/product\/cantu-hydrating-curling-cream-with-avocado-340g\/","name":"Cantu - Cr\u00e8me bouclante hydratante \u00e0 l'avocat - 340g - NIRIGS","isPartOf":{"@id":"https:\/\/nirigs.com\/#website"},"primaryImageOfPage":{"@id":"https:\/\/nirigs.com\/product\/cantu-hydrating-curling-cream-with-avocado-340g\/#primaryimage"},"image":{"@id":"https:\/\/nirigs.com\/product\/cantu-hydrating-curling-cream-with-avocado-340g\/#primaryimage"},"thumbnailUrl":"https:\/\/nirigs.com\/wp-content\/uploads\/2024\/02\/Cantu-\u2013-Creme-bouclante-hydratante-a-lavocat-\u2013-340g.jpg","datePublished":"2024-02-28T15:58:52+00:00","dateModified":"2025-03-14T15:13:26+00:00","breadcrumb":{"@id":"https:\/\/nirigs.com\/product\/cantu-hydrating-curling-cream-with-avocado-340g\/#breadcrumb"},"inLanguage":"ar","potentialAction":[{"@type":"ReadAction","target":["https:\/\/nirigs.com\/product\/cantu-hydrating-curling-cream-with-avocado-340g\/"]}]},{"@type":"ImageObject","inLanguage":"ar","@id":"https:\/\/nirigs.com\/product\/cantu-hydrating-curling-cream-with-avocado-340g\/#primaryimage","url":"https:\/\/nirigs.com\/wp-content\/uploads\/2024\/02\/Cantu-\u2013-Creme-bouclante-hydratante-a-lavocat-\u2013-340g.jpg","contentUrl":"https:\/\/nirigs.com\/wp-content\/uploads\/2024\/02\/Cantu-\u2013-Creme-bouclante-hydratante-a-lavocat-\u2013-340g.jpg","width":1000,"height":1000},{"@type":"BreadcrumbList","@id":"https:\/\/nirigs.com\/product\/cantu-hydrating-curling-cream-with-avocado-340g\/#breadcrumb","itemListElement":[{"@type":"ListItem","position":1,"name":"Home","item":"https:\/\/nirigs.com\/"},{"@type":"ListItem","position":2,"name":"Parcourir","item":"https:\/\/nirigs.com\/boutique\/"},{"@type":"ListItem","position":3,"name":"Cantu &#8211; Cr\u00e8me bouclante hydratante \u00e0 l&rsquo;avocat &#8211; 340g"}]},{"@type":"WebSite","@id":"https:\/\/nirigs.com\/#website","url":"https:\/\/nirigs.com\/","name":"Nirigs.com","description":"Simplifiez vos achats du quotidien \u00e0 Djibouti","publisher":{"@id":"https:\/\/nirigs.com\/#organization"},"potentialAction":[{"@type":"SearchAction","target":{"@type":"EntryPoint","urlTemplate":"https:\/\/nirigs.com\/?s={search_term_string}"},"query-input":{"@type":"PropertyValueSpecification","valueRequired":true,"valueName":"search_term_string"}}],"inLanguage":"ar"},{"@type":"Organization","@id":"https:\/\/nirigs.com\/#organization","name":"\u0646\u064a\u0631\u064a\u062c\u0633","url":"https:\/\/nirigs.com\/","logo":{"@type":"ImageObject","inLanguage":"ar","@id":"https:\/\/nirigs.com\/#\/schema\/logo\/image\/","url":"https:\/\/nirigs.com\/wp-content\/uploads\/2025\/04\/Design-sans-titre-27.png","contentUrl":"https:\/\/nirigs.com\/wp-content\/uploads\/2025\/04\/Design-sans-titre-27.png","width":500,"height":500,"caption":"Nirigs"},"image":{"@id":"https:\/\/nirigs.com\/#\/schema\/logo\/image\/"}}]}},"brands":[{"id":758,"name":"\u0643\u0627\u0646\u062a\u0648","slug":"cantu"}],"_links":{"self":[{"href":"https:\/\/nirigs.com\/ar\/wp-json\/wp\/v2\/product\/17613","targetHints":{"allow":["GET"]}}],"collection":[{"href":"https:\/\/nirigs.com\/ar\/wp-json\/wp\/v2\/product"}],"about":[{"href":"https:\/\/nirigs.com\/ar\/wp-json\/wp\/v2\/types\/product"}],"replies":[{"embeddable":true,"href":"https:\/\/nirigs.com\/ar\/wp-json\/wp\/v2\/comments?post=17613"}],"version-history":[{"count":5,"href":"https:\/\/nirigs.com\/ar\/wp-json\/wp\/v2\/product\/17613\/revisions"}],"predecessor-version":[{"id":23973,"href":"https:\/\/nirigs.com\/ar\/wp-json\/wp\/v2\/product\/17613\/revisions\/23973"}],"wp:featuredmedia":[{"embeddable":true,"href":"https:\/\/nirigs.com\/ar\/wp-json\/wp\/v2\/media\/23983"}],"wp:attachment":[{"href":"https:\/\/nirigs.com\/ar\/wp-json\/wp\/v2\/media?parent=17613"}],"wp:term":[{"taxonomy":"pwb-brand","embeddable":true,"href":"https:\/\/nirigs.com\/ar\/wp-json\/wp\/v2\/pwb-brand?post=17613"},{"taxonomy":"product_brand","embeddable":true,"href":"https:\/\/nirigs.com\/ar\/wp-json\/wp\/v2\/product_brand?post=17613"},{"taxonomy":"product_cat","embeddable":true,"href":"https:\/\/nirigs.com\/ar\/wp-json\/wp\/v2\/product_cat?post=17613"},{"taxonomy":"product_tag","embeddable":true,"href":"https:\/\/nirigs.com\/ar\/wp-json\/wp\/v2\/product_tag?post=17613"}],"curies":[{"name":"wp","href":"https:\/\/api.w.org\/{rel}","templated":true}]}}