{"id":17582,"date":"2024-02-27T17:33:51","date_gmt":"2024-02-27T14:33:51","guid":{"rendered":"https:\/\/nirigs.com\/product\/african-pride-mask-moroccan-clay-and-shea-butter-340g\/"},"modified":"2025-08-16T01:24:39","modified_gmt":"2025-08-15T22:24:39","slug":"african-pride-mask-moroccan-clay-and-shea-butter-340g","status":"publish","type":"product","link":"https:\/\/nirigs.com\/ar\/product\/african-pride-mask-moroccan-clay-and-shea-butter-340g\/","title":{"rendered":"\u0623\u0641\u0631\u064a\u0643\u0627\u0646 \u0628\u0631\u0627\u064a\u062f \u2013 \u0642\u0646\u0627\u0639 \u2013 \u0627\u0644\u0637\u064a\u0646 \u0627\u0644\u0645\u063a\u0631\u0628\u064a \u0648\u0632\u0628\u062f\u0629 \u0627\u0644\u0634\u064a\u0627 \u2013 340 \u062c\u0645"},"content":{"rendered":"<p>\u064a\u0633\u062a\u062e\u062f\u0645 \u0642\u0646\u0627\u0639 \u0627\u0644\u0637\u064a\u0646 \u0627\u0644\u0645\u062c\u062f\u062f \u0648\u0627\u0644\u0645\u0632\u064a\u0644 \u0644\u0644\u0633\u0645\u0648\u0645 \u0627\u0644\u0641\u0648\u0627\u0626\u062f \u0627\u0644\u0645\u0646\u0642\u064a\u0629 \u0644\u0644\u0637\u064a\u0646 \u0627\u0644\u0623\u062d\u0645\u0631 \u0627\u0644\u0645\u063a\u0631\u0628\u064a \u0644\u0625\u0632\u0627\u0644\u0629 \u0627\u0644\u0634\u0648\u0627\u0626\u0628 \u0648\u062a\u0631\u0627\u0643\u0645 \u0627\u0644\u0645\u0646\u062a\u062c\u0627\u062a \u0645\u0646 \u0627\u0644\u0634\u0639\u0631. \u062a\u0639\u0645\u0644 \u0632\u0628\u062f\u0629 \u0627\u0644\u0634\u064a\u0627 \u0639\u0644\u0649 \u062a\u062c\u062f\u064a\u062f \u0627\u0644\u0631\u0637\u0648\u0628\u0629 \u0648\u062a\u0642\u0648\u064a\u0629 \u0627\u0644\u0634\u0639\u0631\u061b \u064a\u062a\u0631\u0643 \u0644\u0643 \u062a\u062c\u0639\u064a\u062f\u0627\u062a \u0648\u062a\u062c\u0639\u064a\u062f\u0627\u062a \u0646\u0627\u0639\u0645\u0629 \u0648\u0631\u0637\u0628\u0629. \u064a\u0639\u062a\u0628\u0631 \u0642\u0646\u0627\u0639 African Pride Moisture Miracle Masque \u0645\u062b\u0627\u0644\u064a\u064b\u0627 \u0644\u0623\u0642\u0641\u0627\u0644\u0643 \u0627\u0644\u0645\u062c\u0639\u062f\u0629.<\/p>\n<p>\u0627\u0644\u062a\u0631\u0643\u064a\u0628\u0629: \u0642\u0646\u0627\u0639 \u0623\u0641\u0631\u064a\u0643\u0627\u0646 \u0628\u0631\u0627\u064a\u062f \u0645\u0648\u064a\u0633\u062a\u0634\u0631 \u0645\u064a\u0631\u0627\u0643\u0644 \u0627\u0644\u0645\u0646\u0634\u0637 \u0628\u0627\u0644\u062d\u0631\u0627\u0631\u0629 \u0647\u0648 \u0642\u0646\u0627\u0639 \u0627\u0644\u0637\u064a\u0646 \u0627\u0644\u0645\u063a\u0631\u0628\u064a \u0644\u062a\u062c\u062f\u064a\u062f \u0627\u0644\u0631\u0637\u0648\u0628\u0629 \u0648\u0625\u0632\u0627\u0644\u0629 \u0627\u0644\u0634\u0648\u0627\u0626\u0628.<br \/>\n\u0627\u0644\u0641\u0648\u0627\u0626\u062f: \u062a\u0645 \u062a\u0635\u0646\u064a\u0639\u0647 \u0628\u0634\u0643\u0644 \u0637\u0628\u064a\u0639\u064a \u0644\u062a\u0644\u0628\u064a\u0629 \u0627\u0644\u0627\u062d\u062a\u064a\u0627\u062c\u0627\u062a \u0627\u0644\u0645\u062d\u062f\u062f\u0629 \u0644\u0644\u0623\u0646\u0633\u062c\u0629 \u0627\u0644\u063a\u0631\u064a\u0628\u0629 \u0648\u0627\u0644\u0645\u062c\u0639\u062f. \u064a\u062a\u0643\u0648\u0646 \u0643\u0644 \u0645\u0646\u062a\u062c \u0645\u0646 \u0645\u0632\u064a\u062c \u0641\u0631\u064a\u062f \u0648\u062d\u0635\u0631\u064a \u0645\u0646 \u0627\u0644\u0645\u0643\u0648\u0646\u0627\u062a \u0627\u0644\u0623\u0641\u0631\u064a\u0642\u064a\u0629 \u0627\u0644\u063a\u0646\u064a\u0629.<br \/>\n\u0644\u0644\u0634\u0639\u0631 \u0627\u0644\u0645\u062c\u0639\u062f<br \/>\n\u062a\u0631\u0637\u064a\u0628.<\/p>\n<h4><strong>\u064a\u0633\u062a\u062e\u062f\u0645<\/strong><\/h4>\n<p>\u0642\u0635 \u0627\u0644\u0634\u0639\u0631 \u0627\u0644\u0646\u0638\u064a\u0641 \u0648\u0627\u0644\u0645\u0628\u0644\u0644. \u0636\u0639\u064a\u0647 \u0628\u0633\u062e\u0627\u0621 \u0645\u0646 \u0627\u0644\u062c\u0630\u0648\u0631 \u0625\u0644\u0649 \u0627\u0644\u0623\u0637\u0631\u0627\u0641. \u0642\u0645 \u0628\u062a\u063a\u0637\u064a\u062a\u0647 \u0628\u063a\u0637\u0627\u0621 \u0628\u0644\u0627\u0633\u062a\u064a\u0643\u064a \u0648\u0636\u0639\u0647 \u062a\u062d\u062a \u0645\u062c\u0641\u0641 \u0628\u063a\u0637\u0627\u0621 \u0644\u0645\u062f\u0629 \u062a\u0635\u0644 \u0625\u0644\u0649 15 \u062f\u0642\u064a\u0642\u0629 \u0623\u0648 \u0642\u0645 \u0628\u062a\u063a\u0637\u064a\u062a\u0647 \u0628\u063a\u0637\u0627\u0621 \u0628\u0644\u0627\u0633\u062a\u064a\u0643\u064a \u0648\u0645\u0646\u0634\u0641\u0629 \u062f\u0627\u0641\u0626\u0629. \u0627\u062a\u0631\u0643\u0647\u0627 \u0644\u0645\u062f\u0629 \u062a\u0635\u0644 \u0625\u0644\u0649 30 \u062f\u0642\u064a\u0642\u0629.<\/p>\n<h4 class=\"mv0 lh-copy f5 pb1 dark-gray\"><strong>\u0645\u0643\u0648\u0646\u0627\u062a<\/strong><\/h4>\n<p class=\"mv0 lh-copy f6 mid-gray\">\u0645\u0627\u0621\/\u0623\u0643\u0648\u0627\u060c \u062c\u0644\u064a\u0633\u0631\u064a\u0646\u060c \u0643\u062d\u0648\u0644 \u0633\u064a\u062a\u0631\u064a\u0644\u060c \u0628\u0648\u062a\u064a\u0631\u0648\u0633\u0628\u064a\u0631\u0645 \u0628\u0627\u0631\u0643\u064a\/\u0632\u0628\u062f\u0629 \u0627\u0644\u0634\u064a\u0627\u060c \u0643\u0644\u0648\u0631\u064a\u062f \u0628\u064a\u0646\u062a\u0631\u064a\u0645\u0648\u0646\u064a\u0648\u0645\u060c \u0632\u064a\u062a \u0628\u0630\u0648\u0631 \u0643\u0631\u0645\u0629 \u0627\u0644\u0639\u0646\u0628\/\u0632\u064a\u062a \u0628\u0630\u0648\u0631 \u0627\u0644\u0639\u0646\u0628\u060c \u0631\u0627\u0633\u0648\u0644\u060c \u0637\u064a\u0646\/\u0637\u064a\u0646 \u0645\u063a\u0631\u0628\u064a\u060c \u0643\u0644\u0648\u0631\u064a\u062f \u0627\u0644\u0633\u064a\u062a\u0631\u064a\u0645\u0648\u0646\u064a\u0648\u0645\u060c \u062c\u0648\u0632 \u0627\u0644\u0647\u0646\u062f\u060c \u0632\u064a\u062a \u0646\u0648\u0633\u064a\u0641\u064a\u0631\u0627\/\u0632\u064a\u062a \u062c\u0648\u0632 \u0627\u0644\u0647\u0646\u062f\u060c \u0632\u064a\u062a \u0628\u0630\u0648\u0631 \u0631\u064a\u0633\u064a\u0646\u0648\u0633 \u0643\u0648\u0645\u0648\u0646\u064a\u0633\/ \u0632\u064a\u062a \u0627\u0644\u062e\u0631\u0648\u0639\u060c \u062a\u0648\u0643\u0648\u0641\u064a\u0631\u0648\u0644\/\u0641\u064a\u062a\u0627\u0645\u064a\u0646 \u0647\u0640\u060c \u0628\u0648\u0644\u064a \u0625\u064a\u062b\u064a\u0644\u064a\u0646 \u062c\u0644\u0627\u064a\u0643\u0648\u0644-12 \u062f\u0627\u064a\u0645\u064a\u062b\u064a\u0643\u0648\u0646\u060c \u062b\u064a\u0648\u0628\u0631\u0648\u0645\u0627 \u0645\u0633\u062d\u0648\u0642 \u0627\u0644\u0643\u0627\u0643\u0627\u0648\/\u0645\u0633\u062d\u0648\u0642 \u0627\u0644\u0643\u0627\u0643\u0627\u0648\u060c \u0623\u0645\u0648\u062f\u064a\u0645\u064a\u062b\u064a\u0643\u0648\u0646\u060c \u0643\u0644\u0648\u0631\u064a\u062f \u0627\u0644\u0633\u062a\u064a\u0631\u0627\u0644\u0643\u0648\u0646\u064a\u0648\u0645\u060c \u0641\u064a\u0646\u064a\u0644 \u062a\u0631\u064a\u0645\u064a\u062b\u064a\u0643\u0648\u0646\u060c \u0627\u0644\u063a\u0627\u0631\u060c \u0643\u0644\u0648\u0631\u064a\u062f \u0647\u064a\u062f\u0631\u0648\u0643\u0633\u064a \u0628\u0631\u0648\u0628\u064a\u0644 \u062a\u0631\u064a\u0645\u0648\u0646\u064a\u0648\u0645\u060c \u0633\u064a\u0643\u0644\u0648\u0628\u0646\u062a\u0627\u0633\u064a\u0644\u0648\u0643\u0633\u0627\u0646\u060c \u062d\u0627\u0645\u0636 \u0627\u0644\u0633\u062a\u0631\u064a\u0643\u060c \u0643\u0631\u0627\u0645\u064a\u0644\u060c \u062f\u0627\u064a\u0645\u064a\u062b\u064a\u0643\u0648\u0646\u060c \u062a\u0631\u064a\u062f\u064a\u0633\u064a\u062b-12\u060c \u062b\u0646\u0627\u0626\u064a \u0627\u0644\u0635\u0648\u062f\u064a\u0648\u0645 EDTA\u060c \u0641\u064a\u0646\u0648\u0643\u0633\u064a \u0625\u064a\u062b\u0627\u0646\u0648\u0644. \u060c \u0625\u064a\u062b\u064a\u0644 \u0647\u0643\u0633\u064a\u0644 \u062c\u0644\u064a\u0633\u0631\u064a\u0646\u060c PEG-40 \u0632\u064a\u062a \u0627\u0644\u062e\u0631\u0648\u0639 \u0627\u0644\u0645\u0647\u062f\u0631\u062c\u060c \u0639\u0637\u0631\/\u0639\u0637\u0631\u060c \u0623\u0645\u064a\u0644 \u0633\u064a\u0646\u064a\u0645\u0627\u0644\u060c \u0633\u064a\u062a\u0631\u0648\u0646\u064a\u0644\u0648\u0644\u060c \u0643\u0648\u0645\u0627\u0631\u064a\u0646\u060c \u0644\u064a\u0646\u0627\u0644\u0648\u0644.<\/p>","protected":false},"excerpt":{"rendered":"<p>Le masque \u00e0 l&rsquo;argile d\u00e9toxifiant et r\u00e9parateur utilise les bienfaits clarifiants de l&rsquo;argile rouge marocaine pour \u00e9liminer les impuret\u00e9s et<\/p>","protected":false},"featured_media":24062,"comment_status":"open","ping_status":"closed","template":"","meta":[],"pwb-brand":[789],"product_brand":[],"product_cat":[267,1022,1024,1027],"product_tag":[],"class_list":{"0":"post-17582","1":"product","2":"type-product","3":"status-publish","4":"has-post-thumbnail","6":"pwb-brand-africa-pride","7":"product_cat-beaute-et-soins","8":"product_cat-coiffures-et-soins-des-cheveux","9":"product_cat-soins-des-cheveux","10":"product_cat-soins-et-masques-pour-les-cheveux","12":"first","13":"outofstock","14":"shipping-taxable","15":"purchasable","16":"product-type-simple"},"yoast_head":"<!-- This site is optimized with the Yoast SEO plugin v27.4 - https:\/\/yoast.com\/product\/yoast-seo-wordpress\/ -->\n<title>African Pride - Masque - Argile marocaine et beurre de karit\u00e9 - 340 g - NIRIGS<\/title>\n<meta name=\"robots\" content=\"index, follow, max-snippet:-1, max-image-preview:large, max-video-preview:-1\" \/>\n<link rel=\"canonical\" href=\"https:\/\/nirigs.com\/ar\/product\/african-pride-mask-moroccan-clay-and-shea-butter-340g\/\" \/>\n<meta property=\"og:locale\" content=\"ar_AR\" \/>\n<meta property=\"og:type\" content=\"article\" \/>\n<meta property=\"og:title\" content=\"African Pride - Masque - Argile marocaine et beurre de karit\u00e9 - 340 g - NIRIGS\" \/>\n<meta property=\"og:description\" content=\"Le masque \u00e0 l&rsquo;argile d\u00e9toxifiant et r\u00e9parateur utilise les bienfaits clarifiants de l&rsquo;argile rouge marocaine pour \u00e9liminer les impuret\u00e9s et\" \/>\n<meta property=\"og:url\" content=\"https:\/\/nirigs.com\/ar\/product\/african-pride-mask-moroccan-clay-and-shea-butter-340g\/\" \/>\n<meta property=\"og:site_name\" content=\"NIRIGS\" \/>\n<meta property=\"article:modified_time\" content=\"2025-08-15T22:24:39+00:00\" \/>\n<meta property=\"og:image\" content=\"https:\/\/nirigs.com\/wp-content\/uploads\/2024\/02\/African-Pride-\u2013-Masque-\u2013-Argile-marocaine-et-beurre-de-karite-\u2013-340-g-3.jpg\" \/>\n\t<meta property=\"og:image:width\" content=\"1000\" \/>\n\t<meta property=\"og:image:height\" content=\"1000\" \/>\n\t<meta property=\"og:image:type\" content=\"image\/jpeg\" \/>\n<meta name=\"twitter:card\" content=\"summary_large_image\" \/>\n<meta name=\"twitter:label1\" content=\"\u0648\u0642\u062a \u0627\u0644\u0642\u0631\u0627\u0621\u0629 \u0627\u0644\u0645\u064f\u0642\u062f\u0651\u0631\" \/>\n\t<meta name=\"twitter:data1\" content=\"\u062f\u0642\u064a\u0642\u0629 \u0648\u0627\u062d\u062f\u0629\" \/>\n<script type=\"application\/ld+json\" class=\"yoast-schema-graph\">{\"@context\":\"https:\\\/\\\/schema.org\",\"@graph\":[{\"@type\":\"WebPage\",\"@id\":\"https:\\\/\\\/nirigs.com\\\/product\\\/african-pride-mask-moroccan-clay-and-shea-butter-340g\\\/\",\"url\":\"https:\\\/\\\/nirigs.com\\\/product\\\/african-pride-mask-moroccan-clay-and-shea-butter-340g\\\/\",\"name\":\"African Pride - Masque - Argile marocaine et beurre de karit\u00e9 - 340 g - NIRIGS\",\"isPartOf\":{\"@id\":\"https:\\\/\\\/nirigs.com\\\/#website\"},\"primaryImageOfPage\":{\"@id\":\"https:\\\/\\\/nirigs.com\\\/product\\\/african-pride-mask-moroccan-clay-and-shea-butter-340g\\\/#primaryimage\"},\"image\":{\"@id\":\"https:\\\/\\\/nirigs.com\\\/product\\\/african-pride-mask-moroccan-clay-and-shea-butter-340g\\\/#primaryimage\"},\"thumbnailUrl\":\"https:\\\/\\\/nirigs.com\\\/wp-content\\\/uploads\\\/2024\\\/02\\\/African-Pride-\u2013-Masque-\u2013-Argile-marocaine-et-beurre-de-karite-\u2013-340-g-3.jpg\",\"datePublished\":\"2024-02-27T14:33:51+00:00\",\"dateModified\":\"2025-08-15T22:24:39+00:00\",\"breadcrumb\":{\"@id\":\"https:\\\/\\\/nirigs.com\\\/product\\\/african-pride-mask-moroccan-clay-and-shea-butter-340g\\\/#breadcrumb\"},\"inLanguage\":\"ar\",\"potentialAction\":[{\"@type\":\"ReadAction\",\"target\":[\"https:\\\/\\\/nirigs.com\\\/product\\\/african-pride-mask-moroccan-clay-and-shea-butter-340g\\\/\"]}]},{\"@type\":\"ImageObject\",\"inLanguage\":\"ar\",\"@id\":\"https:\\\/\\\/nirigs.com\\\/product\\\/african-pride-mask-moroccan-clay-and-shea-butter-340g\\\/#primaryimage\",\"url\":\"https:\\\/\\\/nirigs.com\\\/wp-content\\\/uploads\\\/2024\\\/02\\\/African-Pride-\u2013-Masque-\u2013-Argile-marocaine-et-beurre-de-karite-\u2013-340-g-3.jpg\",\"contentUrl\":\"https:\\\/\\\/nirigs.com\\\/wp-content\\\/uploads\\\/2024\\\/02\\\/African-Pride-\u2013-Masque-\u2013-Argile-marocaine-et-beurre-de-karite-\u2013-340-g-3.jpg\",\"width\":1000,\"height\":1000},{\"@type\":\"BreadcrumbList\",\"@id\":\"https:\\\/\\\/nirigs.com\\\/product\\\/african-pride-mask-moroccan-clay-and-shea-butter-340g\\\/#breadcrumb\",\"itemListElement\":[{\"@type\":\"ListItem\",\"position\":1,\"name\":\"Home\",\"item\":\"https:\\\/\\\/nirigs.com\\\/\"},{\"@type\":\"ListItem\",\"position\":2,\"name\":\"Parcourir\",\"item\":\"https:\\\/\\\/nirigs.com\\\/boutique\\\/\"},{\"@type\":\"ListItem\",\"position\":3,\"name\":\"African Pride &#8211; Masque &#8211; Argile marocaine et beurre de karit\u00e9 &#8211; 340 g\"}]},{\"@type\":\"WebSite\",\"@id\":\"https:\\\/\\\/nirigs.com\\\/#website\",\"url\":\"https:\\\/\\\/nirigs.com\\\/\",\"name\":\"Nirigs.com\",\"description\":\"Simplifiez vos achats du quotidien \u00e0 Djibouti\",\"publisher\":{\"@id\":\"https:\\\/\\\/nirigs.com\\\/#organization\"},\"potentialAction\":[{\"@type\":\"SearchAction\",\"target\":{\"@type\":\"EntryPoint\",\"urlTemplate\":\"https:\\\/\\\/nirigs.com\\\/?s={search_term_string}\"},\"query-input\":{\"@type\":\"PropertyValueSpecification\",\"valueRequired\":true,\"valueName\":\"search_term_string\"}}],\"inLanguage\":\"ar\"},{\"@type\":\"Organization\",\"@id\":\"https:\\\/\\\/nirigs.com\\\/#organization\",\"name\":\"Nirigs\",\"url\":\"https:\\\/\\\/nirigs.com\\\/\",\"logo\":{\"@type\":\"ImageObject\",\"inLanguage\":\"ar\",\"@id\":\"https:\\\/\\\/nirigs.com\\\/#\\\/schema\\\/logo\\\/image\\\/\",\"url\":\"https:\\\/\\\/nirigs.com\\\/wp-content\\\/uploads\\\/2025\\\/04\\\/Design-sans-titre-27.png\",\"contentUrl\":\"https:\\\/\\\/nirigs.com\\\/wp-content\\\/uploads\\\/2025\\\/04\\\/Design-sans-titre-27.png\",\"width\":500,\"height\":500,\"caption\":\"Nirigs\"},\"image\":{\"@id\":\"https:\\\/\\\/nirigs.com\\\/#\\\/schema\\\/logo\\\/image\\\/\"}}]}<\/script>\n<!-- \/ Yoast SEO plugin. -->","yoast_head_json":{"title":"African Pride - Masque - Argile marocaine et beurre de karit\u00e9 - 340 g - NIRIGS","robots":{"index":"index","follow":"follow","max-snippet":"max-snippet:-1","max-image-preview":"max-image-preview:large","max-video-preview":"max-video-preview:-1"},"canonical":"https:\/\/nirigs.com\/ar\/product\/african-pride-mask-moroccan-clay-and-shea-butter-340g\/","og_locale":"ar_AR","og_type":"article","og_title":"African Pride - Masque - Argile marocaine et beurre de karit\u00e9 - 340 g - NIRIGS","og_description":"Le masque \u00e0 l&rsquo;argile d\u00e9toxifiant et r\u00e9parateur utilise les bienfaits clarifiants de l&rsquo;argile rouge marocaine pour \u00e9liminer les impuret\u00e9s et","og_url":"https:\/\/nirigs.com\/ar\/product\/african-pride-mask-moroccan-clay-and-shea-butter-340g\/","og_site_name":"NIRIGS","article_modified_time":"2025-08-15T22:24:39+00:00","og_image":[{"width":1000,"height":1000,"url":"https:\/\/nirigs.com\/wp-content\/uploads\/2024\/02\/African-Pride-\u2013-Masque-\u2013-Argile-marocaine-et-beurre-de-karite-\u2013-340-g-3.jpg","type":"image\/jpeg"}],"twitter_card":"summary_large_image","twitter_misc":{"\u0648\u0642\u062a \u0627\u0644\u0642\u0631\u0627\u0621\u0629 \u0627\u0644\u0645\u064f\u0642\u062f\u0651\u0631":"\u062f\u0642\u064a\u0642\u0629 \u0648\u0627\u062d\u062f\u0629"},"schema":{"@context":"https:\/\/schema.org","@graph":[{"@type":"WebPage","@id":"https:\/\/nirigs.com\/product\/african-pride-mask-moroccan-clay-and-shea-butter-340g\/","url":"https:\/\/nirigs.com\/product\/african-pride-mask-moroccan-clay-and-shea-butter-340g\/","name":"African Pride - Masque - Argile marocaine et beurre de karit\u00e9 - 340 g - NIRIGS","isPartOf":{"@id":"https:\/\/nirigs.com\/#website"},"primaryImageOfPage":{"@id":"https:\/\/nirigs.com\/product\/african-pride-mask-moroccan-clay-and-shea-butter-340g\/#primaryimage"},"image":{"@id":"https:\/\/nirigs.com\/product\/african-pride-mask-moroccan-clay-and-shea-butter-340g\/#primaryimage"},"thumbnailUrl":"https:\/\/nirigs.com\/wp-content\/uploads\/2024\/02\/African-Pride-\u2013-Masque-\u2013-Argile-marocaine-et-beurre-de-karite-\u2013-340-g-3.jpg","datePublished":"2024-02-27T14:33:51+00:00","dateModified":"2025-08-15T22:24:39+00:00","breadcrumb":{"@id":"https:\/\/nirigs.com\/product\/african-pride-mask-moroccan-clay-and-shea-butter-340g\/#breadcrumb"},"inLanguage":"ar","potentialAction":[{"@type":"ReadAction","target":["https:\/\/nirigs.com\/product\/african-pride-mask-moroccan-clay-and-shea-butter-340g\/"]}]},{"@type":"ImageObject","inLanguage":"ar","@id":"https:\/\/nirigs.com\/product\/african-pride-mask-moroccan-clay-and-shea-butter-340g\/#primaryimage","url":"https:\/\/nirigs.com\/wp-content\/uploads\/2024\/02\/African-Pride-\u2013-Masque-\u2013-Argile-marocaine-et-beurre-de-karite-\u2013-340-g-3.jpg","contentUrl":"https:\/\/nirigs.com\/wp-content\/uploads\/2024\/02\/African-Pride-\u2013-Masque-\u2013-Argile-marocaine-et-beurre-de-karite-\u2013-340-g-3.jpg","width":1000,"height":1000},{"@type":"BreadcrumbList","@id":"https:\/\/nirigs.com\/product\/african-pride-mask-moroccan-clay-and-shea-butter-340g\/#breadcrumb","itemListElement":[{"@type":"ListItem","position":1,"name":"Home","item":"https:\/\/nirigs.com\/"},{"@type":"ListItem","position":2,"name":"Parcourir","item":"https:\/\/nirigs.com\/boutique\/"},{"@type":"ListItem","position":3,"name":"African Pride &#8211; Masque &#8211; Argile marocaine et beurre de karit\u00e9 &#8211; 340 g"}]},{"@type":"WebSite","@id":"https:\/\/nirigs.com\/#website","url":"https:\/\/nirigs.com\/","name":"Nirigs.com","description":"Simplifiez vos achats du quotidien \u00e0 Djibouti","publisher":{"@id":"https:\/\/nirigs.com\/#organization"},"potentialAction":[{"@type":"SearchAction","target":{"@type":"EntryPoint","urlTemplate":"https:\/\/nirigs.com\/?s={search_term_string}"},"query-input":{"@type":"PropertyValueSpecification","valueRequired":true,"valueName":"search_term_string"}}],"inLanguage":"ar"},{"@type":"Organization","@id":"https:\/\/nirigs.com\/#organization","name":"\u0646\u064a\u0631\u064a\u062c\u0633","url":"https:\/\/nirigs.com\/","logo":{"@type":"ImageObject","inLanguage":"ar","@id":"https:\/\/nirigs.com\/#\/schema\/logo\/image\/","url":"https:\/\/nirigs.com\/wp-content\/uploads\/2025\/04\/Design-sans-titre-27.png","contentUrl":"https:\/\/nirigs.com\/wp-content\/uploads\/2025\/04\/Design-sans-titre-27.png","width":500,"height":500,"caption":"Nirigs"},"image":{"@id":"https:\/\/nirigs.com\/#\/schema\/logo\/image\/"}}]}},"brands":[{"id":789,"name":"\u0627\u0644\u0641\u062e\u0631 \u0627\u0644\u0623\u0641\u0631\u064a\u0642\u064a","slug":"africa-pride"}],"_links":{"self":[{"href":"https:\/\/nirigs.com\/ar\/wp-json\/wp\/v2\/product\/17582","targetHints":{"allow":["GET"]}}],"collection":[{"href":"https:\/\/nirigs.com\/ar\/wp-json\/wp\/v2\/product"}],"about":[{"href":"https:\/\/nirigs.com\/ar\/wp-json\/wp\/v2\/types\/product"}],"replies":[{"embeddable":true,"href":"https:\/\/nirigs.com\/ar\/wp-json\/wp\/v2\/comments?post=17582"}],"version-history":[{"count":4,"href":"https:\/\/nirigs.com\/ar\/wp-json\/wp\/v2\/product\/17582\/revisions"}],"predecessor-version":[{"id":22875,"href":"https:\/\/nirigs.com\/ar\/wp-json\/wp\/v2\/product\/17582\/revisions\/22875"}],"wp:featuredmedia":[{"embeddable":true,"href":"https:\/\/nirigs.com\/ar\/wp-json\/wp\/v2\/media\/24062"}],"wp:attachment":[{"href":"https:\/\/nirigs.com\/ar\/wp-json\/wp\/v2\/media?parent=17582"}],"wp:term":[{"taxonomy":"pwb-brand","embeddable":true,"href":"https:\/\/nirigs.com\/ar\/wp-json\/wp\/v2\/pwb-brand?post=17582"},{"taxonomy":"product_brand","embeddable":true,"href":"https:\/\/nirigs.com\/ar\/wp-json\/wp\/v2\/product_brand?post=17582"},{"taxonomy":"product_cat","embeddable":true,"href":"https:\/\/nirigs.com\/ar\/wp-json\/wp\/v2\/product_cat?post=17582"},{"taxonomy":"product_tag","embeddable":true,"href":"https:\/\/nirigs.com\/ar\/wp-json\/wp\/v2\/product_tag?post=17582"}],"curies":[{"name":"wp","href":"https:\/\/api.w.org\/{rel}","templated":true}]}}