{"id":17576,"date":"2024-02-27T17:11:00","date_gmt":"2024-02-27T14:11:00","guid":{"rendered":"https:\/\/nirigs.com\/product\/eucerin-protective-face-lotion-dermatologically-approved-118-ml\/"},"modified":"2025-03-14T18:18:19","modified_gmt":"2025-03-14T15:18:19","slug":"eucerin-protective-face-lotion-dermatologically-approved-118-ml","status":"publish","type":"product","link":"https:\/\/nirigs.com\/ar\/product\/eucerin-protective-face-lotion-dermatologically-approved-118-ml\/","title":{"rendered":"\u064a\u0648\u0633\u064a\u0631\u064a\u0646 - \u0644\u0648\u0634\u0646 \u0648\u0642\u0627\u0626\u064a \u0644\u0644\u0648\u062c\u0647 (\u0645\u0639\u062a\u0645\u062f \u0645\u0646 \u0642\u0628\u0644 \u0623\u0637\u0628\u0627\u0621 \u0627\u0644\u062c\u0644\u062f) - 118 \u0645\u0644"},"content":{"rendered":"<p>La lotion visage Eucerin Daily Protection est un hydratant l\u00e9ger \u00e0 large spectre pour le visage avec FPS 30. Recommand\u00e9e par les dermatologues, cette lotion pour le visage avec FPS est recommand\u00e9e pour un usage quotidien afin d&rsquo;aider \u00e0 prot\u00e9ger contre le soleil.<\/p>\n<p>La lotion Eucerin Daily Protection Face Lotion prot\u00e8ge contre les rayons UVA\/UVB. Sa formule contient de l&rsquo;oxyde de zinc et du dioxyde de titane pour aider \u00e0 se d\u00e9fendre contre les coups de soleil et les dommages caus\u00e9s par le soleil \u00e0 long terme. Elle offre \u00e9galement une hydratation de 24 heures. Elle est non com\u00e9dog\u00e8ne, ce qui signifie qu&rsquo;elle n&rsquo;obstrue pas les pores, et il est cliniquement prouv\u00e9 qu&rsquo;elle est douce pour les peaux sensibles.<\/p>\n<p>En bref, c&rsquo;est la cr\u00e8me id\u00e9ale pour prot\u00e9ger votre peau du soleil dans un pays comme Djibouti, o\u00f9 le soleil agresse votre visage tous les jours. Vous avez beau travailler dans un bureau, vous n&rsquo;en \u00eates pas moins touch\u00e9.<\/p>","protected":false},"excerpt":{"rendered":"<p>La lotion visage Eucerin Daily Protection est un hydratant l\u00e9ger \u00e0 large spectre pour le visage avec FPS 30. Recommand\u00e9e<\/p>","protected":false},"featured_media":24073,"comment_status":"open","ping_status":"closed","template":"","meta":[],"pwb-brand":[788],"product_brand":[],"product_cat":[267,1134,1032,1029],"product_tag":[],"class_list":{"0":"post-17576","1":"product","2":"type-product","3":"status-publish","4":"has-post-thumbnail","6":"pwb-brand-eucerin","7":"product_cat-beaute-et-soins","8":"product_cat-lotion-pour-visage","9":"product_cat-soins-du-visage","10":"product_cat-soins-pour-la-peau","12":"first","13":"outofstock","14":"shipping-taxable","15":"purchasable","16":"product-type-simple"},"yoast_head":"<!-- This site is optimized with the Yoast SEO plugin v27.1.1 - https:\/\/yoast.com\/product\/yoast-seo-wordpress\/ -->\n<title>Eucerin - Lotion protectrice pour le visage (approuv\u00e9e dermatologiquement) - 118 ml - NIRIGS<\/title>\n<meta name=\"robots\" content=\"index, follow, max-snippet:-1, max-image-preview:large, max-video-preview:-1\" \/>\n<link rel=\"canonical\" href=\"https:\/\/nirigs.com\/ar\/product\/eucerin-protective-face-lotion-dermatologically-approved-118-ml\/\" \/>\n<meta property=\"og:locale\" content=\"ar_AR\" \/>\n<meta property=\"og:type\" content=\"article\" \/>\n<meta property=\"og:title\" content=\"Eucerin - Lotion protectrice pour le visage (approuv\u00e9e dermatologiquement) - 118 ml - NIRIGS\" \/>\n<meta property=\"og:description\" content=\"La lotion visage Eucerin Daily Protection est un hydratant l\u00e9ger \u00e0 large spectre pour le visage avec FPS 30. Recommand\u00e9e\" \/>\n<meta property=\"og:url\" content=\"https:\/\/nirigs.com\/ar\/product\/eucerin-protective-face-lotion-dermatologically-approved-118-ml\/\" \/>\n<meta property=\"og:site_name\" content=\"NIRIGS\" \/>\n<meta property=\"article:modified_time\" content=\"2025-03-14T15:18:19+00:00\" \/>\n<meta property=\"og:image\" content=\"https:\/\/nirigs.com\/wp-content\/uploads\/2024\/02\/Eucerin-\u2013-Lotion-protectrice-pour-le-visage-approuvee-dermatologiquement-\u2013-118-ml.jpg\" \/>\n\t<meta property=\"og:image:width\" content=\"1000\" \/>\n\t<meta property=\"og:image:height\" content=\"1000\" \/>\n\t<meta property=\"og:image:type\" content=\"image\/jpeg\" \/>\n<meta name=\"twitter:card\" content=\"summary_large_image\" \/>\n<meta name=\"twitter:label1\" content=\"\u0648\u0642\u062a \u0627\u0644\u0642\u0631\u0627\u0621\u0629 \u0627\u0644\u0645\u064f\u0642\u062f\u0651\u0631\" \/>\n\t<meta name=\"twitter:data1\" content=\"\u062f\u0642\u064a\u0642\u0629 \u0648\u0627\u062d\u062f\u0629\" \/>\n<script type=\"application\/ld+json\" class=\"yoast-schema-graph\">{\"@context\":\"https:\/\/schema.org\",\"@graph\":[{\"@type\":\"WebPage\",\"@id\":\"https:\/\/nirigs.com\/product\/eucerin-protective-face-lotion-dermatologically-approved-118-ml\/\",\"url\":\"https:\/\/nirigs.com\/product\/eucerin-protective-face-lotion-dermatologically-approved-118-ml\/\",\"name\":\"Eucerin - Lotion protectrice pour le visage (approuv\u00e9e dermatologiquement) - 118 ml - NIRIGS\",\"isPartOf\":{\"@id\":\"https:\/\/nirigs.com\/#website\"},\"primaryImageOfPage\":{\"@id\":\"https:\/\/nirigs.com\/product\/eucerin-protective-face-lotion-dermatologically-approved-118-ml\/#primaryimage\"},\"image\":{\"@id\":\"https:\/\/nirigs.com\/product\/eucerin-protective-face-lotion-dermatologically-approved-118-ml\/#primaryimage\"},\"thumbnailUrl\":\"https:\/\/nirigs.com\/wp-content\/uploads\/2024\/02\/Eucerin-\u2013-Lotion-protectrice-pour-le-visage-approuvee-dermatologiquement-\u2013-118-ml.jpg\",\"datePublished\":\"2024-02-27T14:11:00+00:00\",\"dateModified\":\"2025-03-14T15:18:19+00:00\",\"breadcrumb\":{\"@id\":\"https:\/\/nirigs.com\/product\/eucerin-protective-face-lotion-dermatologically-approved-118-ml\/#breadcrumb\"},\"inLanguage\":\"ar\",\"potentialAction\":[{\"@type\":\"ReadAction\",\"target\":[\"https:\/\/nirigs.com\/product\/eucerin-protective-face-lotion-dermatologically-approved-118-ml\/\"]}]},{\"@type\":\"ImageObject\",\"inLanguage\":\"ar\",\"@id\":\"https:\/\/nirigs.com\/product\/eucerin-protective-face-lotion-dermatologically-approved-118-ml\/#primaryimage\",\"url\":\"https:\/\/nirigs.com\/wp-content\/uploads\/2024\/02\/Eucerin-\u2013-Lotion-protectrice-pour-le-visage-approuvee-dermatologiquement-\u2013-118-ml.jpg\",\"contentUrl\":\"https:\/\/nirigs.com\/wp-content\/uploads\/2024\/02\/Eucerin-\u2013-Lotion-protectrice-pour-le-visage-approuvee-dermatologiquement-\u2013-118-ml.jpg\",\"width\":1000,\"height\":1000},{\"@type\":\"BreadcrumbList\",\"@id\":\"https:\/\/nirigs.com\/product\/eucerin-protective-face-lotion-dermatologically-approved-118-ml\/#breadcrumb\",\"itemListElement\":[{\"@type\":\"ListItem\",\"position\":1,\"name\":\"Home\",\"item\":\"https:\/\/nirigs.com\/\"},{\"@type\":\"ListItem\",\"position\":2,\"name\":\"Parcourir\",\"item\":\"https:\/\/nirigs.com\/boutique\/\"},{\"@type\":\"ListItem\",\"position\":3,\"name\":\"Eucerin &#8211; Lotion protectrice pour le visage (approuv\u00e9e dermatologiquement) &#8211; 118 ml\"}]},{\"@type\":\"WebSite\",\"@id\":\"https:\/\/nirigs.com\/#website\",\"url\":\"https:\/\/nirigs.com\/\",\"name\":\"Nirigs.com\",\"description\":\"Simplifiez vos achats du quotidien \u00e0 Djibouti\",\"publisher\":{\"@id\":\"https:\/\/nirigs.com\/#organization\"},\"potentialAction\":[{\"@type\":\"SearchAction\",\"target\":{\"@type\":\"EntryPoint\",\"urlTemplate\":\"https:\/\/nirigs.com\/?s={search_term_string}\"},\"query-input\":{\"@type\":\"PropertyValueSpecification\",\"valueRequired\":true,\"valueName\":\"search_term_string\"}}],\"inLanguage\":\"ar\"},{\"@type\":\"Organization\",\"@id\":\"https:\/\/nirigs.com\/#organization\",\"name\":\"Nirigs\",\"url\":\"https:\/\/nirigs.com\/\",\"logo\":{\"@type\":\"ImageObject\",\"inLanguage\":\"ar\",\"@id\":\"https:\/\/nirigs.com\/#\/schema\/logo\/image\/\",\"url\":\"https:\/\/nirigs.com\/wp-content\/uploads\/2025\/04\/Design-sans-titre-27.png\",\"contentUrl\":\"https:\/\/nirigs.com\/wp-content\/uploads\/2025\/04\/Design-sans-titre-27.png\",\"width\":500,\"height\":500,\"caption\":\"Nirigs\"},\"image\":{\"@id\":\"https:\/\/nirigs.com\/#\/schema\/logo\/image\/\"}}]}<\/script>\n<!-- \/ Yoast SEO plugin. -->","yoast_head_json":{"title":"Eucerin - Lotion protectrice pour le visage (approuv\u00e9e dermatologiquement) - 118 ml - NIRIGS","robots":{"index":"index","follow":"follow","max-snippet":"max-snippet:-1","max-image-preview":"max-image-preview:large","max-video-preview":"max-video-preview:-1"},"canonical":"https:\/\/nirigs.com\/ar\/product\/eucerin-protective-face-lotion-dermatologically-approved-118-ml\/","og_locale":"ar_AR","og_type":"article","og_title":"Eucerin - Lotion protectrice pour le visage (approuv\u00e9e dermatologiquement) - 118 ml - NIRIGS","og_description":"La lotion visage Eucerin Daily Protection est un hydratant l\u00e9ger \u00e0 large spectre pour le visage avec FPS 30. Recommand\u00e9e","og_url":"https:\/\/nirigs.com\/ar\/product\/eucerin-protective-face-lotion-dermatologically-approved-118-ml\/","og_site_name":"NIRIGS","article_modified_time":"2025-03-14T15:18:19+00:00","og_image":[{"width":1000,"height":1000,"url":"https:\/\/nirigs.com\/wp-content\/uploads\/2024\/02\/Eucerin-\u2013-Lotion-protectrice-pour-le-visage-approuvee-dermatologiquement-\u2013-118-ml.jpg","type":"image\/jpeg"}],"twitter_card":"summary_large_image","twitter_misc":{"\u0648\u0642\u062a \u0627\u0644\u0642\u0631\u0627\u0621\u0629 \u0627\u0644\u0645\u064f\u0642\u062f\u0651\u0631":"\u062f\u0642\u064a\u0642\u0629 \u0648\u0627\u062d\u062f\u0629"},"schema":{"@context":"https:\/\/schema.org","@graph":[{"@type":"WebPage","@id":"https:\/\/nirigs.com\/product\/eucerin-protective-face-lotion-dermatologically-approved-118-ml\/","url":"https:\/\/nirigs.com\/product\/eucerin-protective-face-lotion-dermatologically-approved-118-ml\/","name":"Eucerin - Lotion protectrice pour le visage (approuv\u00e9e dermatologiquement) - 118 ml - NIRIGS","isPartOf":{"@id":"https:\/\/nirigs.com\/#website"},"primaryImageOfPage":{"@id":"https:\/\/nirigs.com\/product\/eucerin-protective-face-lotion-dermatologically-approved-118-ml\/#primaryimage"},"image":{"@id":"https:\/\/nirigs.com\/product\/eucerin-protective-face-lotion-dermatologically-approved-118-ml\/#primaryimage"},"thumbnailUrl":"https:\/\/nirigs.com\/wp-content\/uploads\/2024\/02\/Eucerin-\u2013-Lotion-protectrice-pour-le-visage-approuvee-dermatologiquement-\u2013-118-ml.jpg","datePublished":"2024-02-27T14:11:00+00:00","dateModified":"2025-03-14T15:18:19+00:00","breadcrumb":{"@id":"https:\/\/nirigs.com\/product\/eucerin-protective-face-lotion-dermatologically-approved-118-ml\/#breadcrumb"},"inLanguage":"ar","potentialAction":[{"@type":"ReadAction","target":["https:\/\/nirigs.com\/product\/eucerin-protective-face-lotion-dermatologically-approved-118-ml\/"]}]},{"@type":"ImageObject","inLanguage":"ar","@id":"https:\/\/nirigs.com\/product\/eucerin-protective-face-lotion-dermatologically-approved-118-ml\/#primaryimage","url":"https:\/\/nirigs.com\/wp-content\/uploads\/2024\/02\/Eucerin-\u2013-Lotion-protectrice-pour-le-visage-approuvee-dermatologiquement-\u2013-118-ml.jpg","contentUrl":"https:\/\/nirigs.com\/wp-content\/uploads\/2024\/02\/Eucerin-\u2013-Lotion-protectrice-pour-le-visage-approuvee-dermatologiquement-\u2013-118-ml.jpg","width":1000,"height":1000},{"@type":"BreadcrumbList","@id":"https:\/\/nirigs.com\/product\/eucerin-protective-face-lotion-dermatologically-approved-118-ml\/#breadcrumb","itemListElement":[{"@type":"ListItem","position":1,"name":"Home","item":"https:\/\/nirigs.com\/"},{"@type":"ListItem","position":2,"name":"Parcourir","item":"https:\/\/nirigs.com\/boutique\/"},{"@type":"ListItem","position":3,"name":"Eucerin &#8211; Lotion protectrice pour le visage (approuv\u00e9e dermatologiquement) &#8211; 118 ml"}]},{"@type":"WebSite","@id":"https:\/\/nirigs.com\/#website","url":"https:\/\/nirigs.com\/","name":"Nirigs.com","description":"Simplifiez vos achats du quotidien \u00e0 Djibouti","publisher":{"@id":"https:\/\/nirigs.com\/#organization"},"potentialAction":[{"@type":"SearchAction","target":{"@type":"EntryPoint","urlTemplate":"https:\/\/nirigs.com\/?s={search_term_string}"},"query-input":{"@type":"PropertyValueSpecification","valueRequired":true,"valueName":"search_term_string"}}],"inLanguage":"ar"},{"@type":"Organization","@id":"https:\/\/nirigs.com\/#organization","name":"\u0646\u064a\u0631\u064a\u062c\u0633","url":"https:\/\/nirigs.com\/","logo":{"@type":"ImageObject","inLanguage":"ar","@id":"https:\/\/nirigs.com\/#\/schema\/logo\/image\/","url":"https:\/\/nirigs.com\/wp-content\/uploads\/2025\/04\/Design-sans-titre-27.png","contentUrl":"https:\/\/nirigs.com\/wp-content\/uploads\/2025\/04\/Design-sans-titre-27.png","width":500,"height":500,"caption":"Nirigs"},"image":{"@id":"https:\/\/nirigs.com\/#\/schema\/logo\/image\/"}}]}},"brands":[{"id":788,"name":"\u064a\u0648\u0633\u064a\u0631\u064a\u0646","slug":"eucerin"}],"_links":{"self":[{"href":"https:\/\/nirigs.com\/ar\/wp-json\/wp\/v2\/product\/17576","targetHints":{"allow":["GET"]}}],"collection":[{"href":"https:\/\/nirigs.com\/ar\/wp-json\/wp\/v2\/product"}],"about":[{"href":"https:\/\/nirigs.com\/ar\/wp-json\/wp\/v2\/types\/product"}],"replies":[{"embeddable":true,"href":"https:\/\/nirigs.com\/ar\/wp-json\/wp\/v2\/comments?post=17576"}],"version-history":[{"count":2,"href":"https:\/\/nirigs.com\/ar\/wp-json\/wp\/v2\/product\/17576\/revisions"}],"predecessor-version":[{"id":22876,"href":"https:\/\/nirigs.com\/ar\/wp-json\/wp\/v2\/product\/17576\/revisions\/22876"}],"wp:featuredmedia":[{"embeddable":true,"href":"https:\/\/nirigs.com\/ar\/wp-json\/wp\/v2\/media\/24073"}],"wp:attachment":[{"href":"https:\/\/nirigs.com\/ar\/wp-json\/wp\/v2\/media?parent=17576"}],"wp:term":[{"taxonomy":"pwb-brand","embeddable":true,"href":"https:\/\/nirigs.com\/ar\/wp-json\/wp\/v2\/pwb-brand?post=17576"},{"taxonomy":"product_brand","embeddable":true,"href":"https:\/\/nirigs.com\/ar\/wp-json\/wp\/v2\/product_brand?post=17576"},{"taxonomy":"product_cat","embeddable":true,"href":"https:\/\/nirigs.com\/ar\/wp-json\/wp\/v2\/product_cat?post=17576"},{"taxonomy":"product_tag","embeddable":true,"href":"https:\/\/nirigs.com\/ar\/wp-json\/wp\/v2\/product_tag?post=17576"}],"curies":[{"name":"wp","href":"https:\/\/api.w.org\/{rel}","templated":true}]}}