{"id":17454,"date":"2024-02-23T18:03:32","date_gmt":"2024-02-23T15:03:32","guid":{"rendered":"https:\/\/nirigs.com\/product\/twisted-sista-curl-perfection-cream-gel\/"},"modified":"2025-03-14T21:42:19","modified_gmt":"2025-03-14T18:42:19","slug":"twisted-sista-curl-perfection-cream-gel","status":"publish","type":"product","link":"https:\/\/nirigs.com\/ar\/product\/twisted-sista-curl-perfection-cream-gel\/","title":{"rendered":"Twisted Sista &#8211; Gel-Cr\u00e8me Perfection des Boucles"},"content":{"rendered":"<p>Cr\u00e8me activatrice de boucles, avec huile de noix de coco, d&rsquo;avocat et d&rsquo;amande, tube 7,5 OZ D\u00e9finit les boucles + contr\u00f4le le p\u00e9tillement + ajoute de la brillance. Nouveau! Pour toutes sortes de boucles et de textures. Sans : sulfates ; les parab\u00e8nes; phtalates. Tordu quoi ? Une cr\u00e8me d\u00e9finissant les boucles pour coiffer, fa\u00e7onner et maintenir, offrant volume, rebond et d\u00e9finition des boucles. Tordu pourquoi ? Inspir\u00e9 des salons. Certifi\u00e9 Londres.<\/p>\n<p>Une excellente fa\u00e7on de redonner vie aux boucles affaiss\u00e9es avec de la noix de coco pour l&rsquo;hydratation, de l&rsquo;avocat pour la force des boucles et le contr\u00f4le des frisottis et des huiles d&rsquo;amande pour les prot\u00e9ines et la brillance. Tordu comment ? Appliquez la cr\u00e8me sur les cheveux section par section, des racines aux pointes. Travaillez sur les cheveux et laissez les boucles s&rsquo;allonger. S\u00e9cher \u00e0 l\u2019air pendant au moins une heure ou plus. e un s\u00e8che-cheveux ou un s\u00e8che-cheveux pour fa\u00e7onner et styliser. Peut \u00e9galement \u00eatre utilis\u00e9 pour les tresses et les torsions. Sans paraben. Sans sulfate. twistedsista.com. Suivez-nous sur Instagram \u00e0 twistedsista_curls. . Bon pendant 12 mois une fois ouvert. \u00c9viter le contact visuel. Si cela se produit, rincez abondamment \u00e0 l&rsquo;eau. 7,5 fl oz (221 ml) New York, NY 10016 Twistedsista<br \/>\nCr\u00e8me activatrice de boucles.<\/p>\n<p>Huiles de noix de coco, d&rsquo;avocat et d&rsquo;amande. Bouclez une hydratation compl\u00e8te. Soins capillaires inspir\u00e9s des salons de Londres. D\u00e9finit les boucles + contr\u00f4le les frisottis + ajoute de la brillance. Une cr\u00e8me d\u00e9finissant les boucles pour coiffer, fa\u00e7onner et maintenir, offrant volume, rebond et d\u00e9finition des boucles. Infus\u00e9 d&rsquo;huiles de noix de coco, d&rsquo;avocat et d&rsquo;amande pour pr\u00e9venir les frisottis, fournir une hydratation et une brillance extr\u00eames.<\/p>\n<p>Salon de soins capillaires de Londres. Ce d\u00e9finisseur de boucles hydratant \u00e0 base d&rsquo;huile est dot\u00e9 d&rsquo;une technologie avanc\u00e9e activ\u00e9e par la chaleur qui fournit un facteur de m\u00e9moire de boucles pour lutter contre les frisottis et cr\u00e9er des boucles bien d\u00e9finies qui maintiendront les boucles en place jusqu&rsquo;\u00e0 24 heures. Sans : sulfates ; les parab\u00e8nes; phtalates. Facebook. Instagram. Pinterest. Twitter. twistedsista.com.<\/p>\n<h4><strong>\u064a\u0633\u062a\u062e\u062f\u0645<\/strong><\/h4>\n<ul>\n<li>Appliquez la cr\u00e8me sur les cheveux section par section, des racines aux pointes.<\/li>\n<li>Travaillez sur les cheveux et laissez les boucles s&rsquo;allonger. S\u00e9cher \u00e0 l&rsquo;air pendant au moins une heure ou plus.<\/li>\n<li>Utilisez un diffuseur ou un s\u00e8che-cheveux pour fa\u00e7onner et coiffer. Peut \u00e9galement \u00eatre utilis\u00e9 pour les styles de tressage et de torsion. Bon pendant 12 mois une fois ouvert.<\/li>\n<\/ul>\n<h4 class=\"mv0 lh-copy f5 pb1 dark-gray\"><strong>\u00a0\u0645\u0643\u0648\u0646\u0627\u062a<\/strong><\/h4>\n<p class=\"mv0 lh-copy f6 mid-gray\">Coconut, Avocado, Almond Oils, Glycerin, Mineral Oil, Shea butter, Vitamin E<\/p>","protected":false},"excerpt":{"rendered":"<p>Cr\u00e8me activatrice de boucles, avec huile de noix de coco, d&rsquo;avocat et d&rsquo;amande, tube 7,5 OZ D\u00e9finit les boucles +<\/p>","protected":false},"featured_media":24130,"comment_status":"open","ping_status":"closed","template":"","meta":[],"pwb-brand":[783],"product_brand":[],"product_cat":[267,1022,1072,1071],"product_tag":[],"class_list":{"0":"post-17454","1":"product","2":"type-product","3":"status-publish","4":"has-post-thumbnail","6":"pwb-brand-twisted-sista","7":"product_cat-beaute-et-soins","8":"product_cat-coiffures-et-soins-des-cheveux","9":"product_cat-cremes-et-lotions-capillaires-coiffantes","10":"product_cat-produits-coiffants","12":"first","13":"outofstock","14":"shipping-taxable","15":"purchasable","16":"product-type-simple"},"yoast_head":"<!-- This site is optimized with the Yoast SEO plugin v27.1.1 - https:\/\/yoast.com\/product\/yoast-seo-wordpress\/ -->\n<title>Twisted Sista - Gel-Cr\u00e8me Perfection des Boucles - NIRIGS<\/title>\n<meta name=\"robots\" content=\"index, follow, max-snippet:-1, max-image-preview:large, max-video-preview:-1\" \/>\n<link rel=\"canonical\" href=\"https:\/\/nirigs.com\/ar\/product\/twisted-sista-curl-perfection-cream-gel\/\" \/>\n<meta property=\"og:locale\" content=\"ar_AR\" \/>\n<meta property=\"og:type\" content=\"article\" \/>\n<meta property=\"og:title\" content=\"Twisted Sista - Gel-Cr\u00e8me Perfection des Boucles - NIRIGS\" \/>\n<meta property=\"og:description\" content=\"Cr\u00e8me activatrice de boucles, avec huile de noix de coco, d&rsquo;avocat et d&rsquo;amande, tube 7,5 OZ D\u00e9finit les boucles +\" \/>\n<meta property=\"og:url\" content=\"https:\/\/nirigs.com\/ar\/product\/twisted-sista-curl-perfection-cream-gel\/\" \/>\n<meta property=\"og:site_name\" content=\"NIRIGS\" \/>\n<meta property=\"article:modified_time\" content=\"2025-03-14T18:42:19+00:00\" \/>\n<meta property=\"og:image\" content=\"https:\/\/nirigs.com\/wp-content\/uploads\/2024\/02\/Twisted-Sista-\u2013-Gel-Creme-Perfection-des-Boucles.jpg\" \/>\n\t<meta property=\"og:image:width\" content=\"1000\" \/>\n\t<meta property=\"og:image:height\" content=\"1000\" \/>\n\t<meta property=\"og:image:type\" content=\"image\/jpeg\" \/>\n<meta name=\"twitter:card\" content=\"summary_large_image\" \/>\n<meta name=\"twitter:label1\" content=\"\u0648\u0642\u062a \u0627\u0644\u0642\u0631\u0627\u0621\u0629 \u0627\u0644\u0645\u064f\u0642\u062f\u0651\u0631\" \/>\n\t<meta name=\"twitter:data1\" content=\"\u062f\u0642\u064a\u0642\u062a\u0627\u0646\" \/>\n<script type=\"application\/ld+json\" class=\"yoast-schema-graph\">{\"@context\":\"https:\/\/schema.org\",\"@graph\":[{\"@type\":\"WebPage\",\"@id\":\"https:\/\/nirigs.com\/product\/twisted-sista-curl-perfection-cream-gel\/\",\"url\":\"https:\/\/nirigs.com\/product\/twisted-sista-curl-perfection-cream-gel\/\",\"name\":\"Twisted Sista - Gel-Cr\u00e8me Perfection des Boucles - NIRIGS\",\"isPartOf\":{\"@id\":\"https:\/\/nirigs.com\/#website\"},\"primaryImageOfPage\":{\"@id\":\"https:\/\/nirigs.com\/product\/twisted-sista-curl-perfection-cream-gel\/#primaryimage\"},\"image\":{\"@id\":\"https:\/\/nirigs.com\/product\/twisted-sista-curl-perfection-cream-gel\/#primaryimage\"},\"thumbnailUrl\":\"https:\/\/nirigs.com\/wp-content\/uploads\/2024\/02\/Twisted-Sista-\u2013-Gel-Creme-Perfection-des-Boucles.jpg\",\"datePublished\":\"2024-02-23T15:03:32+00:00\",\"dateModified\":\"2025-03-14T18:42:19+00:00\",\"breadcrumb\":{\"@id\":\"https:\/\/nirigs.com\/product\/twisted-sista-curl-perfection-cream-gel\/#breadcrumb\"},\"inLanguage\":\"ar\",\"potentialAction\":[{\"@type\":\"ReadAction\",\"target\":[\"https:\/\/nirigs.com\/product\/twisted-sista-curl-perfection-cream-gel\/\"]}]},{\"@type\":\"ImageObject\",\"inLanguage\":\"ar\",\"@id\":\"https:\/\/nirigs.com\/product\/twisted-sista-curl-perfection-cream-gel\/#primaryimage\",\"url\":\"https:\/\/nirigs.com\/wp-content\/uploads\/2024\/02\/Twisted-Sista-\u2013-Gel-Creme-Perfection-des-Boucles.jpg\",\"contentUrl\":\"https:\/\/nirigs.com\/wp-content\/uploads\/2024\/02\/Twisted-Sista-\u2013-Gel-Creme-Perfection-des-Boucles.jpg\",\"width\":1000,\"height\":1000},{\"@type\":\"BreadcrumbList\",\"@id\":\"https:\/\/nirigs.com\/product\/twisted-sista-curl-perfection-cream-gel\/#breadcrumb\",\"itemListElement\":[{\"@type\":\"ListItem\",\"position\":1,\"name\":\"Home\",\"item\":\"https:\/\/nirigs.com\/\"},{\"@type\":\"ListItem\",\"position\":2,\"name\":\"Parcourir\",\"item\":\"https:\/\/nirigs.com\/boutique\/\"},{\"@type\":\"ListItem\",\"position\":3,\"name\":\"Twisted Sista &#8211; Gel-Cr\u00e8me Perfection des Boucles\"}]},{\"@type\":\"WebSite\",\"@id\":\"https:\/\/nirigs.com\/#website\",\"url\":\"https:\/\/nirigs.com\/\",\"name\":\"Nirigs.com\",\"description\":\"Simplifiez vos achats du quotidien \u00e0 Djibouti\",\"publisher\":{\"@id\":\"https:\/\/nirigs.com\/#organization\"},\"potentialAction\":[{\"@type\":\"SearchAction\",\"target\":{\"@type\":\"EntryPoint\",\"urlTemplate\":\"https:\/\/nirigs.com\/?s={search_term_string}\"},\"query-input\":{\"@type\":\"PropertyValueSpecification\",\"valueRequired\":true,\"valueName\":\"search_term_string\"}}],\"inLanguage\":\"ar\"},{\"@type\":\"Organization\",\"@id\":\"https:\/\/nirigs.com\/#organization\",\"name\":\"Nirigs\",\"url\":\"https:\/\/nirigs.com\/\",\"logo\":{\"@type\":\"ImageObject\",\"inLanguage\":\"ar\",\"@id\":\"https:\/\/nirigs.com\/#\/schema\/logo\/image\/\",\"url\":\"https:\/\/nirigs.com\/wp-content\/uploads\/2025\/04\/Design-sans-titre-27.png\",\"contentUrl\":\"https:\/\/nirigs.com\/wp-content\/uploads\/2025\/04\/Design-sans-titre-27.png\",\"width\":500,\"height\":500,\"caption\":\"Nirigs\"},\"image\":{\"@id\":\"https:\/\/nirigs.com\/#\/schema\/logo\/image\/\"}}]}<\/script>\n<!-- \/ Yoast SEO plugin. -->","yoast_head_json":{"title":"Twisted Sista - Gel-Cr\u00e8me Perfection des Boucles - NIRIGS","robots":{"index":"index","follow":"follow","max-snippet":"max-snippet:-1","max-image-preview":"max-image-preview:large","max-video-preview":"max-video-preview:-1"},"canonical":"https:\/\/nirigs.com\/ar\/product\/twisted-sista-curl-perfection-cream-gel\/","og_locale":"ar_AR","og_type":"article","og_title":"Twisted Sista - Gel-Cr\u00e8me Perfection des Boucles - NIRIGS","og_description":"Cr\u00e8me activatrice de boucles, avec huile de noix de coco, d&rsquo;avocat et d&rsquo;amande, tube 7,5 OZ D\u00e9finit les boucles +","og_url":"https:\/\/nirigs.com\/ar\/product\/twisted-sista-curl-perfection-cream-gel\/","og_site_name":"NIRIGS","article_modified_time":"2025-03-14T18:42:19+00:00","og_image":[{"width":1000,"height":1000,"url":"https:\/\/nirigs.com\/wp-content\/uploads\/2024\/02\/Twisted-Sista-\u2013-Gel-Creme-Perfection-des-Boucles.jpg","type":"image\/jpeg"}],"twitter_card":"summary_large_image","twitter_misc":{"\u0648\u0642\u062a \u0627\u0644\u0642\u0631\u0627\u0621\u0629 \u0627\u0644\u0645\u064f\u0642\u062f\u0651\u0631":"\u062f\u0642\u064a\u0642\u062a\u0627\u0646"},"schema":{"@context":"https:\/\/schema.org","@graph":[{"@type":"WebPage","@id":"https:\/\/nirigs.com\/product\/twisted-sista-curl-perfection-cream-gel\/","url":"https:\/\/nirigs.com\/product\/twisted-sista-curl-perfection-cream-gel\/","name":"Twisted Sista - Gel-Cr\u00e8me Perfection des Boucles - NIRIGS","isPartOf":{"@id":"https:\/\/nirigs.com\/#website"},"primaryImageOfPage":{"@id":"https:\/\/nirigs.com\/product\/twisted-sista-curl-perfection-cream-gel\/#primaryimage"},"image":{"@id":"https:\/\/nirigs.com\/product\/twisted-sista-curl-perfection-cream-gel\/#primaryimage"},"thumbnailUrl":"https:\/\/nirigs.com\/wp-content\/uploads\/2024\/02\/Twisted-Sista-\u2013-Gel-Creme-Perfection-des-Boucles.jpg","datePublished":"2024-02-23T15:03:32+00:00","dateModified":"2025-03-14T18:42:19+00:00","breadcrumb":{"@id":"https:\/\/nirigs.com\/product\/twisted-sista-curl-perfection-cream-gel\/#breadcrumb"},"inLanguage":"ar","potentialAction":[{"@type":"ReadAction","target":["https:\/\/nirigs.com\/product\/twisted-sista-curl-perfection-cream-gel\/"]}]},{"@type":"ImageObject","inLanguage":"ar","@id":"https:\/\/nirigs.com\/product\/twisted-sista-curl-perfection-cream-gel\/#primaryimage","url":"https:\/\/nirigs.com\/wp-content\/uploads\/2024\/02\/Twisted-Sista-\u2013-Gel-Creme-Perfection-des-Boucles.jpg","contentUrl":"https:\/\/nirigs.com\/wp-content\/uploads\/2024\/02\/Twisted-Sista-\u2013-Gel-Creme-Perfection-des-Boucles.jpg","width":1000,"height":1000},{"@type":"BreadcrumbList","@id":"https:\/\/nirigs.com\/product\/twisted-sista-curl-perfection-cream-gel\/#breadcrumb","itemListElement":[{"@type":"ListItem","position":1,"name":"Home","item":"https:\/\/nirigs.com\/"},{"@type":"ListItem","position":2,"name":"Parcourir","item":"https:\/\/nirigs.com\/boutique\/"},{"@type":"ListItem","position":3,"name":"Twisted Sista &#8211; Gel-Cr\u00e8me Perfection des Boucles"}]},{"@type":"WebSite","@id":"https:\/\/nirigs.com\/#website","url":"https:\/\/nirigs.com\/","name":"Nirigs.com","description":"Simplifiez vos achats du quotidien \u00e0 Djibouti","publisher":{"@id":"https:\/\/nirigs.com\/#organization"},"potentialAction":[{"@type":"SearchAction","target":{"@type":"EntryPoint","urlTemplate":"https:\/\/nirigs.com\/?s={search_term_string}"},"query-input":{"@type":"PropertyValueSpecification","valueRequired":true,"valueName":"search_term_string"}}],"inLanguage":"ar"},{"@type":"Organization","@id":"https:\/\/nirigs.com\/#organization","name":"\u0646\u064a\u0631\u064a\u062c\u0633","url":"https:\/\/nirigs.com\/","logo":{"@type":"ImageObject","inLanguage":"ar","@id":"https:\/\/nirigs.com\/#\/schema\/logo\/image\/","url":"https:\/\/nirigs.com\/wp-content\/uploads\/2025\/04\/Design-sans-titre-27.png","contentUrl":"https:\/\/nirigs.com\/wp-content\/uploads\/2025\/04\/Design-sans-titre-27.png","width":500,"height":500,"caption":"Nirigs"},"image":{"@id":"https:\/\/nirigs.com\/#\/schema\/logo\/image\/"}}]}},"brands":[{"id":783,"name":"\u0627\u0644\u0645\u0644\u062a\u0648\u064a\u0629 \u0633\u064a\u0633\u062a\u0627","slug":"twisted-sista"}],"_links":{"self":[{"href":"https:\/\/nirigs.com\/ar\/wp-json\/wp\/v2\/product\/17454","targetHints":{"allow":["GET"]}}],"collection":[{"href":"https:\/\/nirigs.com\/ar\/wp-json\/wp\/v2\/product"}],"about":[{"href":"https:\/\/nirigs.com\/ar\/wp-json\/wp\/v2\/types\/product"}],"replies":[{"embeddable":true,"href":"https:\/\/nirigs.com\/ar\/wp-json\/wp\/v2\/comments?post=17454"}],"version-history":[{"count":7,"href":"https:\/\/nirigs.com\/ar\/wp-json\/wp\/v2\/product\/17454\/revisions"}],"predecessor-version":[{"id":24143,"href":"https:\/\/nirigs.com\/ar\/wp-json\/wp\/v2\/product\/17454\/revisions\/24143"}],"wp:featuredmedia":[{"embeddable":true,"href":"https:\/\/nirigs.com\/ar\/wp-json\/wp\/v2\/media\/24130"}],"wp:attachment":[{"href":"https:\/\/nirigs.com\/ar\/wp-json\/wp\/v2\/media?parent=17454"}],"wp:term":[{"taxonomy":"pwb-brand","embeddable":true,"href":"https:\/\/nirigs.com\/ar\/wp-json\/wp\/v2\/pwb-brand?post=17454"},{"taxonomy":"product_brand","embeddable":true,"href":"https:\/\/nirigs.com\/ar\/wp-json\/wp\/v2\/product_brand?post=17454"},{"taxonomy":"product_cat","embeddable":true,"href":"https:\/\/nirigs.com\/ar\/wp-json\/wp\/v2\/product_cat?post=17454"},{"taxonomy":"product_tag","embeddable":true,"href":"https:\/\/nirigs.com\/ar\/wp-json\/wp\/v2\/product_tag?post=17454"}],"curies":[{"name":"wp","href":"https:\/\/api.w.org\/{rel}","templated":true}]}}