{"id":17452,"date":"2024-02-23T18:01:23","date_gmt":"2024-02-23T15:01:23","guid":{"rendered":"https:\/\/nirigs.com\/product\/amalico-hair-growth-oil-with-chebe-250-ml\/"},"modified":"2025-03-14T21:42:29","modified_gmt":"2025-03-14T18:42:29","slug":"amalico-hair-growth-oil-with-chebe-250-ml","status":"publish","type":"product","link":"https:\/\/nirigs.com\/ar\/product\/amalico-hair-growth-oil-with-chebe-250-ml\/","title":{"rendered":"Amalico &#8211; Huile de croissance des cheveux au Chebe &#8211; 250 ml"},"content":{"rendered":"<p>Renforce les m\u00e8ches de cheveux, lisse et r\u00e9pare les cheveux endommag\u00e9s et les cheveux texturis\u00e9s, augmente la croissance des cheveux et renforce les follicules pileux.<\/p>\n<p>Traite et pr\u00e9vient les pellicules et leurs sympt\u00f4mes tels que le cuir chevelu sec, squameux, rouge et qui d\u00e9mange et am\u00e9liore la s\u00e9cheresse et l&rsquo;aspect terne.<\/p>\n<p>Nourrit en profondeur, apaise et rajeunit le cuir chevelu<\/p>\n<p>Sans parab\u00e8ne, sans sulfate et sans produits chimiques.<\/p>\n<p>Chebe est une combinaison d&rsquo;herbes qui, lorsqu&rsquo;elle est utilis\u00e9e pour les cheveux, est super hydratante pour les cheveux.<\/p>\n<p>Chebe est une formule naturelle de traitement en profondeur qui renforce la tige du cheveu, r\u00e9duit les cassures et favorise la croissance des cheveux.<\/p>\n<p>Veuillez bien agiter le flacon pour m\u00e9langer les ingr\u00e9dients avant utilisation.<\/p>\n<p>Qu&rsquo;est ce que le chebe?<\/p>\n<p>Les femmes des Basara au Tchad, ont d\u00e9couvert les propri\u00e9t\u00e9s de la poudre de ch\u00e9b\u00e9, ce m\u00e9lange dont l\u2019utilisation en soin capillaire leur permet d\u2019arborer une chevelure impressionnante.<\/p>\n<h4 class=\"mv0 lh-copy f5 pb1 dark-gray\"><strong>\u00a0\u0645\u0643\u0648\u0646\u0627\u062a<\/strong><\/h4>\n<ul>\n<li>les graines de sh\u00e9b\u00e9 (issu d\u2019une plante, le Croton zambesicus)<\/li>\n<li>les graines de mahllaba soubiane<\/li>\n<li>la pierre de missic<\/li>\n<li>les clous de girofle<\/li>\n<li>la r\u00e9sine de samour<\/li>\n<\/ul>\n<h4><strong>\u064a\u0633\u062a\u062e\u062f\u0645<\/strong><\/h4>\n<ul>\n<li>Appliquez d\u00e9licatement l&rsquo;huile sur l&rsquo;ensemble des cheveux.<\/li>\n<li>Massez le cuir chevelu avec le bout des doigts.<\/li>\n<li>Laissez agir pendant 30 minutes \u00e0 1 heure, puis lavez vos cheveux.<\/li>\n<\/ul>\n<p>La poudre de Ch\u00e9b\u00e9 contribue \u00e0 reconstruire la fibre capillaire, la renforcer.<\/p>\n<p>Elle pr\u00e9serve la longueur car le cheveu est en meilleure sant\u00e9. Contrairement \u00e0 la plupart des masques capillaires<em>,<\/em>\u00a0le ch\u00e9b\u00e9 est uniquement appliqu\u00e9 sur la longueur des cheveux et non sur le cuir chevelu ou les racines.<\/p>\n<p>Les cheveux sont nourris intens\u00e9ment et l\u2019hydratation l\u2019\u00e9lasticit\u00e9 est \u00e9galement am\u00e9lior\u00e9e ce qui renforcent les cheveux, facilite le d\u00e9m\u00ealage et le coiffage et limite la casse. La conservation de la longueur en est le r\u00e9sultat appr\u00e9ciable.<\/p>\n<p>Les B\u00e9n\u00e9fices du Ch\u00e9b\u00e9 :<\/p>\n<ul>\n<li style=\"list-style-type: none;\">\n<ul>\n<li>apporte une hydratation intense aux cheveux<\/li>\n<li>aide \u00e0 la r\u00e9tention de l&rsquo; hydratation<\/li>\n<li>am\u00e9liore l&rsquo;\u00e9lasticit\u00e9 des cheveux<\/li>\n<li>garde les cheveux lubrifi\u00e9s, ce qui<\/li>\n<li>\u00e9vite la casse<\/li>\n<li>revitalise et adoucit les cheveux<\/li>\n<li>rend les cheveux plus \u00e9pais<\/li>\n<\/ul>\n<\/li>\n<\/ul>","protected":false},"excerpt":{"rendered":"<p>Renforce les m\u00e8ches de cheveux, lisse et r\u00e9pare les cheveux endommag\u00e9s et les cheveux texturis\u00e9s, augmente la croissance des cheveux<\/p>","protected":false},"featured_media":24136,"comment_status":"open","ping_status":"closed","template":"","meta":[],"pwb-brand":[787],"product_brand":[],"product_cat":[267,1022,1023],"product_tag":[],"class_list":{"0":"post-17452","1":"product","2":"type-product","3":"status-publish","4":"has-post-thumbnail","6":"pwb-brand-amalico","7":"product_cat-beaute-et-soins","8":"product_cat-coiffures-et-soins-des-cheveux","9":"product_cat-huile-pour-cheveux","11":"first","12":"instock","13":"shipping-taxable","14":"purchasable","15":"product-type-simple"},"yoast_head":"<!-- This site is optimized with the Yoast SEO plugin v27.1.1 - https:\/\/yoast.com\/product\/yoast-seo-wordpress\/ -->\n<title>Amalico - Huile de croissance des cheveux au Chebe - 250 ml - NIRIGS<\/title>\n<meta name=\"robots\" content=\"index, follow, max-snippet:-1, max-image-preview:large, max-video-preview:-1\" \/>\n<link rel=\"canonical\" href=\"https:\/\/nirigs.com\/ar\/product\/amalico-hair-growth-oil-with-chebe-250-ml\/\" \/>\n<meta property=\"og:locale\" content=\"ar_AR\" \/>\n<meta property=\"og:type\" content=\"article\" \/>\n<meta property=\"og:title\" content=\"Amalico - Huile de croissance des cheveux au Chebe - 250 ml - NIRIGS\" \/>\n<meta property=\"og:description\" content=\"Renforce les m\u00e8ches de cheveux, lisse et r\u00e9pare les cheveux endommag\u00e9s et les cheveux texturis\u00e9s, augmente la croissance des cheveux\" \/>\n<meta property=\"og:url\" content=\"https:\/\/nirigs.com\/ar\/product\/amalico-hair-growth-oil-with-chebe-250-ml\/\" \/>\n<meta property=\"og:site_name\" content=\"NIRIGS\" \/>\n<meta property=\"article:modified_time\" content=\"2025-03-14T18:42:29+00:00\" \/>\n<meta property=\"og:image\" content=\"https:\/\/nirigs.com\/wp-content\/uploads\/2024\/02\/Amalico-\u2013-Huile-de-croissance-des-cheveux-au-Chebe-\u2013-250-ml.jpg\" \/>\n\t<meta property=\"og:image:width\" content=\"1000\" \/>\n\t<meta property=\"og:image:height\" content=\"1000\" \/>\n\t<meta property=\"og:image:type\" content=\"image\/jpeg\" \/>\n<meta name=\"twitter:card\" content=\"summary_large_image\" \/>\n<meta name=\"twitter:label1\" content=\"\u0648\u0642\u062a \u0627\u0644\u0642\u0631\u0627\u0621\u0629 \u0627\u0644\u0645\u064f\u0642\u062f\u0651\u0631\" \/>\n\t<meta name=\"twitter:data1\" content=\"\u062f\u0642\u064a\u0642\u062a\u0627\u0646\" \/>\n<script type=\"application\/ld+json\" class=\"yoast-schema-graph\">{\"@context\":\"https:\/\/schema.org\",\"@graph\":[{\"@type\":\"WebPage\",\"@id\":\"https:\/\/nirigs.com\/product\/amalico-hair-growth-oil-with-chebe-250-ml\/\",\"url\":\"https:\/\/nirigs.com\/product\/amalico-hair-growth-oil-with-chebe-250-ml\/\",\"name\":\"Amalico - Huile de croissance des cheveux au Chebe - 250 ml - NIRIGS\",\"isPartOf\":{\"@id\":\"https:\/\/nirigs.com\/#website\"},\"primaryImageOfPage\":{\"@id\":\"https:\/\/nirigs.com\/product\/amalico-hair-growth-oil-with-chebe-250-ml\/#primaryimage\"},\"image\":{\"@id\":\"https:\/\/nirigs.com\/product\/amalico-hair-growth-oil-with-chebe-250-ml\/#primaryimage\"},\"thumbnailUrl\":\"https:\/\/nirigs.com\/wp-content\/uploads\/2024\/02\/Amalico-\u2013-Huile-de-croissance-des-cheveux-au-Chebe-\u2013-250-ml.jpg\",\"datePublished\":\"2024-02-23T15:01:23+00:00\",\"dateModified\":\"2025-03-14T18:42:29+00:00\",\"breadcrumb\":{\"@id\":\"https:\/\/nirigs.com\/product\/amalico-hair-growth-oil-with-chebe-250-ml\/#breadcrumb\"},\"inLanguage\":\"ar\",\"potentialAction\":[{\"@type\":\"ReadAction\",\"target\":[\"https:\/\/nirigs.com\/product\/amalico-hair-growth-oil-with-chebe-250-ml\/\"]}]},{\"@type\":\"ImageObject\",\"inLanguage\":\"ar\",\"@id\":\"https:\/\/nirigs.com\/product\/amalico-hair-growth-oil-with-chebe-250-ml\/#primaryimage\",\"url\":\"https:\/\/nirigs.com\/wp-content\/uploads\/2024\/02\/Amalico-\u2013-Huile-de-croissance-des-cheveux-au-Chebe-\u2013-250-ml.jpg\",\"contentUrl\":\"https:\/\/nirigs.com\/wp-content\/uploads\/2024\/02\/Amalico-\u2013-Huile-de-croissance-des-cheveux-au-Chebe-\u2013-250-ml.jpg\",\"width\":1000,\"height\":1000},{\"@type\":\"BreadcrumbList\",\"@id\":\"https:\/\/nirigs.com\/product\/amalico-hair-growth-oil-with-chebe-250-ml\/#breadcrumb\",\"itemListElement\":[{\"@type\":\"ListItem\",\"position\":1,\"name\":\"Home\",\"item\":\"https:\/\/nirigs.com\/\"},{\"@type\":\"ListItem\",\"position\":2,\"name\":\"Parcourir\",\"item\":\"https:\/\/nirigs.com\/boutique\/\"},{\"@type\":\"ListItem\",\"position\":3,\"name\":\"Amalico &#8211; Huile de croissance des cheveux au Chebe &#8211; 250 ml\"}]},{\"@type\":\"WebSite\",\"@id\":\"https:\/\/nirigs.com\/#website\",\"url\":\"https:\/\/nirigs.com\/\",\"name\":\"Nirigs.com\",\"description\":\"Simplifiez vos achats du quotidien \u00e0 Djibouti\",\"publisher\":{\"@id\":\"https:\/\/nirigs.com\/#organization\"},\"potentialAction\":[{\"@type\":\"SearchAction\",\"target\":{\"@type\":\"EntryPoint\",\"urlTemplate\":\"https:\/\/nirigs.com\/?s={search_term_string}\"},\"query-input\":{\"@type\":\"PropertyValueSpecification\",\"valueRequired\":true,\"valueName\":\"search_term_string\"}}],\"inLanguage\":\"ar\"},{\"@type\":\"Organization\",\"@id\":\"https:\/\/nirigs.com\/#organization\",\"name\":\"Nirigs\",\"url\":\"https:\/\/nirigs.com\/\",\"logo\":{\"@type\":\"ImageObject\",\"inLanguage\":\"ar\",\"@id\":\"https:\/\/nirigs.com\/#\/schema\/logo\/image\/\",\"url\":\"https:\/\/nirigs.com\/wp-content\/uploads\/2025\/04\/Design-sans-titre-27.png\",\"contentUrl\":\"https:\/\/nirigs.com\/wp-content\/uploads\/2025\/04\/Design-sans-titre-27.png\",\"width\":500,\"height\":500,\"caption\":\"Nirigs\"},\"image\":{\"@id\":\"https:\/\/nirigs.com\/#\/schema\/logo\/image\/\"}}]}<\/script>\n<!-- \/ Yoast SEO plugin. -->","yoast_head_json":{"title":"Amalico - Huile de croissance des cheveux au Chebe - 250 ml - NIRIGS","robots":{"index":"index","follow":"follow","max-snippet":"max-snippet:-1","max-image-preview":"max-image-preview:large","max-video-preview":"max-video-preview:-1"},"canonical":"https:\/\/nirigs.com\/ar\/product\/amalico-hair-growth-oil-with-chebe-250-ml\/","og_locale":"ar_AR","og_type":"article","og_title":"Amalico - Huile de croissance des cheveux au Chebe - 250 ml - NIRIGS","og_description":"Renforce les m\u00e8ches de cheveux, lisse et r\u00e9pare les cheveux endommag\u00e9s et les cheveux texturis\u00e9s, augmente la croissance des cheveux","og_url":"https:\/\/nirigs.com\/ar\/product\/amalico-hair-growth-oil-with-chebe-250-ml\/","og_site_name":"NIRIGS","article_modified_time":"2025-03-14T18:42:29+00:00","og_image":[{"width":1000,"height":1000,"url":"https:\/\/nirigs.com\/wp-content\/uploads\/2024\/02\/Amalico-\u2013-Huile-de-croissance-des-cheveux-au-Chebe-\u2013-250-ml.jpg","type":"image\/jpeg"}],"twitter_card":"summary_large_image","twitter_misc":{"\u0648\u0642\u062a \u0627\u0644\u0642\u0631\u0627\u0621\u0629 \u0627\u0644\u0645\u064f\u0642\u062f\u0651\u0631":"\u062f\u0642\u064a\u0642\u062a\u0627\u0646"},"schema":{"@context":"https:\/\/schema.org","@graph":[{"@type":"WebPage","@id":"https:\/\/nirigs.com\/product\/amalico-hair-growth-oil-with-chebe-250-ml\/","url":"https:\/\/nirigs.com\/product\/amalico-hair-growth-oil-with-chebe-250-ml\/","name":"Amalico - Huile de croissance des cheveux au Chebe - 250 ml - NIRIGS","isPartOf":{"@id":"https:\/\/nirigs.com\/#website"},"primaryImageOfPage":{"@id":"https:\/\/nirigs.com\/product\/amalico-hair-growth-oil-with-chebe-250-ml\/#primaryimage"},"image":{"@id":"https:\/\/nirigs.com\/product\/amalico-hair-growth-oil-with-chebe-250-ml\/#primaryimage"},"thumbnailUrl":"https:\/\/nirigs.com\/wp-content\/uploads\/2024\/02\/Amalico-\u2013-Huile-de-croissance-des-cheveux-au-Chebe-\u2013-250-ml.jpg","datePublished":"2024-02-23T15:01:23+00:00","dateModified":"2025-03-14T18:42:29+00:00","breadcrumb":{"@id":"https:\/\/nirigs.com\/product\/amalico-hair-growth-oil-with-chebe-250-ml\/#breadcrumb"},"inLanguage":"ar","potentialAction":[{"@type":"ReadAction","target":["https:\/\/nirigs.com\/product\/amalico-hair-growth-oil-with-chebe-250-ml\/"]}]},{"@type":"ImageObject","inLanguage":"ar","@id":"https:\/\/nirigs.com\/product\/amalico-hair-growth-oil-with-chebe-250-ml\/#primaryimage","url":"https:\/\/nirigs.com\/wp-content\/uploads\/2024\/02\/Amalico-\u2013-Huile-de-croissance-des-cheveux-au-Chebe-\u2013-250-ml.jpg","contentUrl":"https:\/\/nirigs.com\/wp-content\/uploads\/2024\/02\/Amalico-\u2013-Huile-de-croissance-des-cheveux-au-Chebe-\u2013-250-ml.jpg","width":1000,"height":1000},{"@type":"BreadcrumbList","@id":"https:\/\/nirigs.com\/product\/amalico-hair-growth-oil-with-chebe-250-ml\/#breadcrumb","itemListElement":[{"@type":"ListItem","position":1,"name":"Home","item":"https:\/\/nirigs.com\/"},{"@type":"ListItem","position":2,"name":"Parcourir","item":"https:\/\/nirigs.com\/boutique\/"},{"@type":"ListItem","position":3,"name":"Amalico &#8211; Huile de croissance des cheveux au Chebe &#8211; 250 ml"}]},{"@type":"WebSite","@id":"https:\/\/nirigs.com\/#website","url":"https:\/\/nirigs.com\/","name":"Nirigs.com","description":"Simplifiez vos achats du quotidien \u00e0 Djibouti","publisher":{"@id":"https:\/\/nirigs.com\/#organization"},"potentialAction":[{"@type":"SearchAction","target":{"@type":"EntryPoint","urlTemplate":"https:\/\/nirigs.com\/?s={search_term_string}"},"query-input":{"@type":"PropertyValueSpecification","valueRequired":true,"valueName":"search_term_string"}}],"inLanguage":"ar"},{"@type":"Organization","@id":"https:\/\/nirigs.com\/#organization","name":"\u0646\u064a\u0631\u064a\u062c\u0633","url":"https:\/\/nirigs.com\/","logo":{"@type":"ImageObject","inLanguage":"ar","@id":"https:\/\/nirigs.com\/#\/schema\/logo\/image\/","url":"https:\/\/nirigs.com\/wp-content\/uploads\/2025\/04\/Design-sans-titre-27.png","contentUrl":"https:\/\/nirigs.com\/wp-content\/uploads\/2025\/04\/Design-sans-titre-27.png","width":500,"height":500,"caption":"Nirigs"},"image":{"@id":"https:\/\/nirigs.com\/#\/schema\/logo\/image\/"}}]}},"brands":[{"id":787,"name":"\u0623\u0645\u0627\u0644\u064a\u0643\u0648","slug":"amalico"}],"_links":{"self":[{"href":"https:\/\/nirigs.com\/ar\/wp-json\/wp\/v2\/product\/17452","targetHints":{"allow":["GET"]}}],"collection":[{"href":"https:\/\/nirigs.com\/ar\/wp-json\/wp\/v2\/product"}],"about":[{"href":"https:\/\/nirigs.com\/ar\/wp-json\/wp\/v2\/types\/product"}],"replies":[{"embeddable":true,"href":"https:\/\/nirigs.com\/ar\/wp-json\/wp\/v2\/comments?post=17452"}],"version-history":[{"count":4,"href":"https:\/\/nirigs.com\/ar\/wp-json\/wp\/v2\/product\/17452\/revisions"}],"predecessor-version":[{"id":24138,"href":"https:\/\/nirigs.com\/ar\/wp-json\/wp\/v2\/product\/17452\/revisions\/24138"}],"wp:featuredmedia":[{"embeddable":true,"href":"https:\/\/nirigs.com\/ar\/wp-json\/wp\/v2\/media\/24136"}],"wp:attachment":[{"href":"https:\/\/nirigs.com\/ar\/wp-json\/wp\/v2\/media?parent=17452"}],"wp:term":[{"taxonomy":"pwb-brand","embeddable":true,"href":"https:\/\/nirigs.com\/ar\/wp-json\/wp\/v2\/pwb-brand?post=17452"},{"taxonomy":"product_brand","embeddable":true,"href":"https:\/\/nirigs.com\/ar\/wp-json\/wp\/v2\/product_brand?post=17452"},{"taxonomy":"product_cat","embeddable":true,"href":"https:\/\/nirigs.com\/ar\/wp-json\/wp\/v2\/product_cat?post=17452"},{"taxonomy":"product_tag","embeddable":true,"href":"https:\/\/nirigs.com\/ar\/wp-json\/wp\/v2\/product_tag?post=17452"}],"curies":[{"name":"wp","href":"https:\/\/api.w.org\/{rel}","templated":true}]}}