{"id":17443,"date":"2024-02-22T19:08:03","date_gmt":"2024-02-22T16:08:03","guid":{"rendered":"https:\/\/nirigs.com\/product\/pattern-perfecting-pudding-284-g\/"},"modified":"2026-03-04T19:18:53","modified_gmt":"2026-03-04T16:18:53","slug":"pattern-perfecting-pudding-284-g","status":"publish","type":"product","link":"https:\/\/nirigs.com\/ar\/product\/pattern-perfecting-pudding-284-g\/","title":{"rendered":"\u0627\u0644\u0639\u0645\u0629 \u062c\u0627\u0643\u064a - \u0628\u0648\u062f\u0646\u063a \u0625\u062a\u0642\u0627\u0646 \u0627\u0644\u0623\u0646\u0645\u0627\u0637 - 284 \u062c\u0645"},"content":{"rendered":"<p>Pr\u00e9parez vous \u00e0 exp\u00e9rimenter une d\u00e9finition sup\u00e9rieure ! Am\u00e9lior\u00e9 avec du miel de Manuka, Flawless aide votre motif de boucles \u00e0 devenir nettement plus lisse, plus doux et magnifiquement d\u00e9fini sans para\u00eetre lourd, croustillant ou collant. Le rem\u00e8de riche en humidit\u00e9 de Aunt Jackie pour aider \u00e0 perfectionner et hydrater les motifs de boucles, de boucles et de vagues assoiff\u00e9es, lisse et sculpte \u00e9galement d\u00e9licatement avec une tenue l\u00e9g\u00e8re, non collante ou collante.<\/p>\n<p>Lorsqu&rsquo;il est utilis\u00e9 avec d&rsquo;autres th\u00e9rapies de Aunt Jackie&rsquo;s dans le cadre de votre r\u00e9gime de soins capillaires, il n&rsquo;y a pas de desquamation ni d&rsquo;agglom\u00e9ration. L&rsquo;alo\u00e8s, la menthe et le miel de Manuka aident \u00e0 retenir une hydratation longue dur\u00e9e, un bel \u00e9clat et une finition distinctive. Id\u00e9al pour les textures de cheveux boucl\u00e9s de types 3 et 4 et pour les lavages \u00e0 emporter, les torsions et les tresses, les n\u0153uds bantous et autres styles \u00e0 texture boucl\u00e9e\/boucl\u00e9e.<\/p>\n<p>Ce rem\u00e8de ne contient ni vaseline ni huile min\u00e9rale, les cheveux ne seront donc pas lourds et n\u2019attireront pas les impuret\u00e9s. Collection Aloe &amp; Mint de Aunt Jackie La nouvelle collection Aloe and Mint contient des ingr\u00e9dients formul\u00e9s pour offrir hydratation, douceur, maniabilit\u00e9 et douceur \u00e0 toutes les textures afin d&rsquo;offrir une exp\u00e9rience revigorante.<\/p>\n<p>Il s\u2019agit de la premi\u00e8re collection Aunt Jackie\u2019s qui peut \u00eatre utilis\u00e9e \u00e0 la fois sur les cheveux et le corps, et elle est non sexiste et offre des avantages souhaitables pour tous. Sans sulfates, parab\u00e8nes, silicones, huile min\u00e9rale, vaseline et alcools siccatifs. Sans sulfate, sans parab\u00e8ne et sans huile min\u00e9rale ni vaseline, conservateurs respectueux de l&rsquo;environnement. Fabriqu\u00e9 aux Etats-Unis.<\/p>\n<h4><strong>\u064a\u0633\u062a\u062e\u062f\u0645<\/strong><\/h4>\n<ul>\n<li>Appliquer en lissant Flawless sur des sections de cheveux mouill\u00e9s ou humides et propres, des racines aux pointes.<\/li>\n<li>Utilisez-en moins pour les cheveux courts ou fins, et plus, si n\u00e9cessaire, pour des textures plus longues et plus denses.<\/li>\n<li>Coiffez comme vous le souhaitez. Pour une utilisation optimale, faites d&rsquo;abord un shampooing et un revitalisant avec le shampooing Lather Up de Aunt Jackie et Cool It ! Revitalisant stimulant \u00e0 rincer ou cr\u00e8me revitalisante sans rin\u00e7age Hydrate Me.<\/li>\n<\/ul>\n<h4>\u0645\u0643\u0648\u0646\u0627\u062a<\/h4>\n<p><em>Water, Propylene glycol, glycerin, cetearyl alcohol, butyrospermum parkii (shea) butter, glyceryl stearate, ceteth-20, aloe barbadensis leaf extract, C13-14 alkane, sodium polyacrylate, parfum, mentha piperita (peppermint) oil, Honey, PVP, Hydroxypropyl starch phosphate, crambe abyssinica seed oil, propylene glycol dibenzoate , phenoxyethanol, hydrogenated ethylhexyl olivate, olea europea (olive) fruit oil, C13-C16 Isoparaffin, Heptylundecylenate, Lactic acid, hydrolyzed wheat protein PG-propyl silanetriol, lauryl laurate, cetyl palmitate, hydrogenated olive oil unsaponifiables, iodopropynyl butylcarbamate, ethylhexylglycerin, linalool, hexyl cinnamal.<br \/>\n<\/em><\/p>","protected":false},"excerpt":{"rendered":"<p>Pr\u00e9parez vous \u00e0 exp\u00e9rimenter une d\u00e9finition sup\u00e9rieure ! Am\u00e9lior\u00e9 avec du miel de Manuka, Flawless aide votre motif de boucles<\/p>","protected":false},"featured_media":24149,"comment_status":"open","ping_status":"closed","template":"","meta":[],"pwb-brand":[756],"product_brand":[],"product_cat":[267,1022,1024,1027],"product_tag":[],"class_list":{"0":"post-17443","1":"product","2":"type-product","3":"status-publish","4":"has-post-thumbnail","6":"pwb-brand-aunt-jackies","7":"product_cat-beaute-et-soins","8":"product_cat-coiffures-et-soins-des-cheveux","9":"product_cat-soins-des-cheveux","10":"product_cat-soins-et-masques-pour-les-cheveux","12":"first","13":"outofstock","14":"shipping-taxable","15":"purchasable","16":"product-type-simple"},"yoast_head":"<!-- This site is optimized with the Yoast SEO plugin v27.1.1 - https:\/\/yoast.com\/product\/yoast-seo-wordpress\/ -->\n<title>Aunt Jackie&#039;s - Pudding perfectionnant les motifs - 284 g - NIRIGS<\/title>\n<meta name=\"robots\" content=\"index, follow, max-snippet:-1, max-image-preview:large, max-video-preview:-1\" \/>\n<link rel=\"canonical\" href=\"https:\/\/nirigs.com\/ar\/product\/pattern-perfecting-pudding-284-g\/\" \/>\n<meta property=\"og:locale\" content=\"ar_AR\" \/>\n<meta property=\"og:type\" content=\"article\" \/>\n<meta property=\"og:title\" content=\"Aunt Jackie&#039;s - Pudding perfectionnant les motifs - 284 g - NIRIGS\" \/>\n<meta property=\"og:description\" content=\"Pr\u00e9parez vous \u00e0 exp\u00e9rimenter une d\u00e9finition sup\u00e9rieure ! Am\u00e9lior\u00e9 avec du miel de Manuka, Flawless aide votre motif de boucles\" \/>\n<meta property=\"og:url\" content=\"https:\/\/nirigs.com\/ar\/product\/pattern-perfecting-pudding-284-g\/\" \/>\n<meta property=\"og:site_name\" content=\"NIRIGS\" \/>\n<meta property=\"article:modified_time\" content=\"2026-03-04T16:18:53+00:00\" \/>\n<meta property=\"og:image\" content=\"https:\/\/nirigs.com\/wp-content\/uploads\/2024\/02\/Aunt-Jackies-\u2013-Pudding-perfectionnant-les-motifs-\u2013-284-g.jpg\" \/>\n\t<meta property=\"og:image:width\" content=\"1000\" \/>\n\t<meta property=\"og:image:height\" content=\"1000\" \/>\n\t<meta property=\"og:image:type\" content=\"image\/jpeg\" \/>\n<meta name=\"twitter:card\" content=\"summary_large_image\" \/>\n<meta name=\"twitter:label1\" content=\"\u0648\u0642\u062a \u0627\u0644\u0642\u0631\u0627\u0621\u0629 \u0627\u0644\u0645\u064f\u0642\u062f\u0651\u0631\" \/>\n\t<meta name=\"twitter:data1\" content=\"3 \u062f\u0642\u0627\u0626\u0642\" \/>\n<script type=\"application\/ld+json\" class=\"yoast-schema-graph\">{\"@context\":\"https:\/\/schema.org\",\"@graph\":[{\"@type\":\"WebPage\",\"@id\":\"https:\/\/nirigs.com\/product\/pattern-perfecting-pudding-284-g\/\",\"url\":\"https:\/\/nirigs.com\/product\/pattern-perfecting-pudding-284-g\/\",\"name\":\"Aunt Jackie's - Pudding perfectionnant les motifs - 284 g - NIRIGS\",\"isPartOf\":{\"@id\":\"https:\/\/nirigs.com\/#website\"},\"primaryImageOfPage\":{\"@id\":\"https:\/\/nirigs.com\/product\/pattern-perfecting-pudding-284-g\/#primaryimage\"},\"image\":{\"@id\":\"https:\/\/nirigs.com\/product\/pattern-perfecting-pudding-284-g\/#primaryimage\"},\"thumbnailUrl\":\"https:\/\/nirigs.com\/wp-content\/uploads\/2024\/02\/Aunt-Jackies-\u2013-Pudding-perfectionnant-les-motifs-\u2013-284-g.jpg\",\"datePublished\":\"2024-02-22T16:08:03+00:00\",\"dateModified\":\"2026-03-04T16:18:53+00:00\",\"breadcrumb\":{\"@id\":\"https:\/\/nirigs.com\/product\/pattern-perfecting-pudding-284-g\/#breadcrumb\"},\"inLanguage\":\"ar\",\"potentialAction\":[{\"@type\":\"ReadAction\",\"target\":[\"https:\/\/nirigs.com\/product\/pattern-perfecting-pudding-284-g\/\"]}]},{\"@type\":\"ImageObject\",\"inLanguage\":\"ar\",\"@id\":\"https:\/\/nirigs.com\/product\/pattern-perfecting-pudding-284-g\/#primaryimage\",\"url\":\"https:\/\/nirigs.com\/wp-content\/uploads\/2024\/02\/Aunt-Jackies-\u2013-Pudding-perfectionnant-les-motifs-\u2013-284-g.jpg\",\"contentUrl\":\"https:\/\/nirigs.com\/wp-content\/uploads\/2024\/02\/Aunt-Jackies-\u2013-Pudding-perfectionnant-les-motifs-\u2013-284-g.jpg\",\"width\":1000,\"height\":1000},{\"@type\":\"BreadcrumbList\",\"@id\":\"https:\/\/nirigs.com\/product\/pattern-perfecting-pudding-284-g\/#breadcrumb\",\"itemListElement\":[{\"@type\":\"ListItem\",\"position\":1,\"name\":\"Home\",\"item\":\"https:\/\/nirigs.com\/\"},{\"@type\":\"ListItem\",\"position\":2,\"name\":\"Parcourir\",\"item\":\"https:\/\/nirigs.com\/boutique\/\"},{\"@type\":\"ListItem\",\"position\":3,\"name\":\"Aunt Jackie&rsquo;s &#8211; Pudding perfectionnant les motifs &#8211; 284 g\"}]},{\"@type\":\"WebSite\",\"@id\":\"https:\/\/nirigs.com\/#website\",\"url\":\"https:\/\/nirigs.com\/\",\"name\":\"Nirigs.com\",\"description\":\"Simplifiez vos achats du quotidien \u00e0 Djibouti\",\"publisher\":{\"@id\":\"https:\/\/nirigs.com\/#organization\"},\"potentialAction\":[{\"@type\":\"SearchAction\",\"target\":{\"@type\":\"EntryPoint\",\"urlTemplate\":\"https:\/\/nirigs.com\/?s={search_term_string}\"},\"query-input\":{\"@type\":\"PropertyValueSpecification\",\"valueRequired\":true,\"valueName\":\"search_term_string\"}}],\"inLanguage\":\"ar\"},{\"@type\":\"Organization\",\"@id\":\"https:\/\/nirigs.com\/#organization\",\"name\":\"Nirigs\",\"url\":\"https:\/\/nirigs.com\/\",\"logo\":{\"@type\":\"ImageObject\",\"inLanguage\":\"ar\",\"@id\":\"https:\/\/nirigs.com\/#\/schema\/logo\/image\/\",\"url\":\"https:\/\/nirigs.com\/wp-content\/uploads\/2025\/04\/Design-sans-titre-27.png\",\"contentUrl\":\"https:\/\/nirigs.com\/wp-content\/uploads\/2025\/04\/Design-sans-titre-27.png\",\"width\":500,\"height\":500,\"caption\":\"Nirigs\"},\"image\":{\"@id\":\"https:\/\/nirigs.com\/#\/schema\/logo\/image\/\"}}]}<\/script>\n<!-- \/ Yoast SEO plugin. -->","yoast_head_json":{"title":"Aunt Jackie's - Pudding perfectionnant les motifs - 284 g - NIRIGS","robots":{"index":"index","follow":"follow","max-snippet":"max-snippet:-1","max-image-preview":"max-image-preview:large","max-video-preview":"max-video-preview:-1"},"canonical":"https:\/\/nirigs.com\/ar\/product\/pattern-perfecting-pudding-284-g\/","og_locale":"ar_AR","og_type":"article","og_title":"Aunt Jackie's - Pudding perfectionnant les motifs - 284 g - NIRIGS","og_description":"Pr\u00e9parez vous \u00e0 exp\u00e9rimenter une d\u00e9finition sup\u00e9rieure ! Am\u00e9lior\u00e9 avec du miel de Manuka, Flawless aide votre motif de boucles","og_url":"https:\/\/nirigs.com\/ar\/product\/pattern-perfecting-pudding-284-g\/","og_site_name":"NIRIGS","article_modified_time":"2026-03-04T16:18:53+00:00","og_image":[{"width":1000,"height":1000,"url":"https:\/\/nirigs.com\/wp-content\/uploads\/2024\/02\/Aunt-Jackies-\u2013-Pudding-perfectionnant-les-motifs-\u2013-284-g.jpg","type":"image\/jpeg"}],"twitter_card":"summary_large_image","twitter_misc":{"\u0648\u0642\u062a \u0627\u0644\u0642\u0631\u0627\u0621\u0629 \u0627\u0644\u0645\u064f\u0642\u062f\u0651\u0631":"3 \u062f\u0642\u0627\u0626\u0642"},"schema":{"@context":"https:\/\/schema.org","@graph":[{"@type":"WebPage","@id":"https:\/\/nirigs.com\/product\/pattern-perfecting-pudding-284-g\/","url":"https:\/\/nirigs.com\/product\/pattern-perfecting-pudding-284-g\/","name":"Aunt Jackie's - Pudding perfectionnant les motifs - 284 g - NIRIGS","isPartOf":{"@id":"https:\/\/nirigs.com\/#website"},"primaryImageOfPage":{"@id":"https:\/\/nirigs.com\/product\/pattern-perfecting-pudding-284-g\/#primaryimage"},"image":{"@id":"https:\/\/nirigs.com\/product\/pattern-perfecting-pudding-284-g\/#primaryimage"},"thumbnailUrl":"https:\/\/nirigs.com\/wp-content\/uploads\/2024\/02\/Aunt-Jackies-\u2013-Pudding-perfectionnant-les-motifs-\u2013-284-g.jpg","datePublished":"2024-02-22T16:08:03+00:00","dateModified":"2026-03-04T16:18:53+00:00","breadcrumb":{"@id":"https:\/\/nirigs.com\/product\/pattern-perfecting-pudding-284-g\/#breadcrumb"},"inLanguage":"ar","potentialAction":[{"@type":"ReadAction","target":["https:\/\/nirigs.com\/product\/pattern-perfecting-pudding-284-g\/"]}]},{"@type":"ImageObject","inLanguage":"ar","@id":"https:\/\/nirigs.com\/product\/pattern-perfecting-pudding-284-g\/#primaryimage","url":"https:\/\/nirigs.com\/wp-content\/uploads\/2024\/02\/Aunt-Jackies-\u2013-Pudding-perfectionnant-les-motifs-\u2013-284-g.jpg","contentUrl":"https:\/\/nirigs.com\/wp-content\/uploads\/2024\/02\/Aunt-Jackies-\u2013-Pudding-perfectionnant-les-motifs-\u2013-284-g.jpg","width":1000,"height":1000},{"@type":"BreadcrumbList","@id":"https:\/\/nirigs.com\/product\/pattern-perfecting-pudding-284-g\/#breadcrumb","itemListElement":[{"@type":"ListItem","position":1,"name":"Home","item":"https:\/\/nirigs.com\/"},{"@type":"ListItem","position":2,"name":"Parcourir","item":"https:\/\/nirigs.com\/boutique\/"},{"@type":"ListItem","position":3,"name":"Aunt Jackie&rsquo;s &#8211; Pudding perfectionnant les motifs &#8211; 284 g"}]},{"@type":"WebSite","@id":"https:\/\/nirigs.com\/#website","url":"https:\/\/nirigs.com\/","name":"Nirigs.com","description":"Simplifiez vos achats du quotidien \u00e0 Djibouti","publisher":{"@id":"https:\/\/nirigs.com\/#organization"},"potentialAction":[{"@type":"SearchAction","target":{"@type":"EntryPoint","urlTemplate":"https:\/\/nirigs.com\/?s={search_term_string}"},"query-input":{"@type":"PropertyValueSpecification","valueRequired":true,"valueName":"search_term_string"}}],"inLanguage":"ar"},{"@type":"Organization","@id":"https:\/\/nirigs.com\/#organization","name":"\u0646\u064a\u0631\u064a\u062c\u0633","url":"https:\/\/nirigs.com\/","logo":{"@type":"ImageObject","inLanguage":"ar","@id":"https:\/\/nirigs.com\/#\/schema\/logo\/image\/","url":"https:\/\/nirigs.com\/wp-content\/uploads\/2025\/04\/Design-sans-titre-27.png","contentUrl":"https:\/\/nirigs.com\/wp-content\/uploads\/2025\/04\/Design-sans-titre-27.png","width":500,"height":500,"caption":"Nirigs"},"image":{"@id":"https:\/\/nirigs.com\/#\/schema\/logo\/image\/"}}]}},"brands":[{"id":756,"name":"Aunt Jackie's","slug":"aunt-jackies"}],"_links":{"self":[{"href":"https:\/\/nirigs.com\/ar\/wp-json\/wp\/v2\/product\/17443","targetHints":{"allow":["GET"]}}],"collection":[{"href":"https:\/\/nirigs.com\/ar\/wp-json\/wp\/v2\/product"}],"about":[{"href":"https:\/\/nirigs.com\/ar\/wp-json\/wp\/v2\/types\/product"}],"replies":[{"embeddable":true,"href":"https:\/\/nirigs.com\/ar\/wp-json\/wp\/v2\/comments?post=17443"}],"version-history":[{"count":9,"href":"https:\/\/nirigs.com\/ar\/wp-json\/wp\/v2\/product\/17443\/revisions"}],"predecessor-version":[{"id":24147,"href":"https:\/\/nirigs.com\/ar\/wp-json\/wp\/v2\/product\/17443\/revisions\/24147"}],"wp:featuredmedia":[{"embeddable":true,"href":"https:\/\/nirigs.com\/ar\/wp-json\/wp\/v2\/media\/24149"}],"wp:attachment":[{"href":"https:\/\/nirigs.com\/ar\/wp-json\/wp\/v2\/media?parent=17443"}],"wp:term":[{"taxonomy":"pwb-brand","embeddable":true,"href":"https:\/\/nirigs.com\/ar\/wp-json\/wp\/v2\/pwb-brand?post=17443"},{"taxonomy":"product_brand","embeddable":true,"href":"https:\/\/nirigs.com\/ar\/wp-json\/wp\/v2\/product_brand?post=17443"},{"taxonomy":"product_cat","embeddable":true,"href":"https:\/\/nirigs.com\/ar\/wp-json\/wp\/v2\/product_cat?post=17443"},{"taxonomy":"product_tag","embeddable":true,"href":"https:\/\/nirigs.com\/ar\/wp-json\/wp\/v2\/product_tag?post=17443"}],"curies":[{"name":"wp","href":"https:\/\/api.w.org\/{rel}","templated":true}]}}