{"id":17246,"date":"2024-02-11T11:03:47","date_gmt":"2024-02-11T08:03:47","guid":{"rendered":"https:\/\/nirigs.com\/product\/foaming-facial-cleanser-355-ml\/"},"modified":"2026-03-04T20:16:41","modified_gmt":"2026-03-04T17:16:41","slug":"cerave-nettoyant-moussant-pour-le-visage-355-ml","status":"publish","type":"product","link":"https:\/\/nirigs.com\/ar\/product\/cerave-nettoyant-moussant-pour-le-visage-355-ml\/","title":{"rendered":"\u0633\u064a\u0631\u0627\u0641\u064a \u2013 \u0645\u0646\u0638\u0641 \u0631\u063a\u0648\u064a \u0644\u0644\u0648\u062c\u0647 \u2013 355 \u0645\u0644"},"content":{"rendered":"<p class=\"product-details__description\">Un nettoyant moussant pour le visage est id\u00e9al pour \u00e9liminer l\u2019exc\u00e8s d\u2019huile et de salet\u00e9, mais il est important de choisir une formule qui ne perturbera pas la barri\u00e8re protectrice naturelle de la peau. Il est \u00e9galement avantageux de choisir un nettoyant doux avec des ingr\u00e9dients qui aident \u00e0 maintenir l&rsquo;hydratation.<\/p>\n<p class=\"product-details__description\">D\u00e9velopp\u00e9 avec des dermatologues, le nettoyant moussant pour le visage CeraVe, nettoie en profondeur, \u00e9limine l&rsquo;exc\u00e8s d&rsquo;huile et rafra\u00eechit la peau sans l&rsquo;irriter ni la laisser tiraill\u00e9e et s\u00e8che. Le nettoyant moussant pour le visage CeraVe contient trois types de\u00a0c\u00e9ramides, de l\u2019acide hyaluronique\u00a0et de la\u00a0niacinamide\u00a0pour aider \u00e0 restaurer la barri\u00e8re cutan\u00e9e, maintenir l\u2019hydratation et aider \u00e0 apaiser la peau.<\/p>\n<p class=\"product-details__description\">Ce nettoyant moussant \u00e0 base de gel est un moyen efficace, mais non irritant comme premi\u00e8re \u00e9tape de votre routine. Id\u00e9al pour les peaux normales \u00e0 grasses.<\/p>\n<p>&nbsp;<\/p>\n<h4><strong>\u064a\u0633\u062a\u062e\u062f\u0645<\/strong><\/h4>\n<ul>\n<li>Mouiller la peau avec de l&rsquo;eau ti\u00e8de<\/li>\n<li>Masser le nettoyant sur la peau dans un mouvement circulaire doux<\/li>\n<li>Rincer abondamment<\/li>\n<\/ul>\n<h4>\u0645\u0643\u0648\u0646\u0627\u062a<\/h4>\n<p>AQUA\/WATER\/EAU, COCAMIDOPROPYL HYDROXYSULTAINE, GLYCERIN, SODIUM LAUROYL SARCOSINATE, PEG-150 PENTAERYTHRITYL TETRASTEARATE,\u00a0Niacinamide, PEG-6 CAPRYLIC\/CAPRIC GLYCERIDES, SODIUM METHYL COCOYL TAURATE, PROPYLENE GLYCOL, CERAMIDE NP, CERAMIDE AP, CERAMIDE EOP, CARBOMER, METHYLPARABEN, SODIUM CHLORIDE, SODIUM LAUROYL LACTYLATE, CHOLESTEROL, DISODIUM EDTA, PROPYLPARABEN, CITRIC ACID, TETRASODIUM EDTA, HYDROLYZED\u00a0Hyaluronic Acid, PHYTOSPHINGOSINE, XANTHAN GUM.<br \/>\n<em>Veuillez noter que les listes d&rsquo;ingr\u00e9dients des produits de notre marque sont mises \u00e0 jour r\u00e9guli\u00e8rement. Veuillez vous r\u00e9f\u00e9rer \u00e0 l&#8217;emballage de votre produit pour la liste d&rsquo;ingr\u00e9dients la plus \u00e0 jour afin de vous assurer qu&rsquo;elle convient \u00e0 votre usage personnel.<\/em><\/p>\n<p>&nbsp;<\/p>\n<p>&nbsp;<\/p>","protected":false},"excerpt":{"rendered":"<p>Un nettoyant moussant pour le visage est id\u00e9al pour \u00e9liminer l\u2019exc\u00e8s d\u2019huile et de salet\u00e9, mais il est important de<\/p>","protected":false},"featured_media":24162,"comment_status":"open","ping_status":"closed","template":"","meta":[],"pwb-brand":[595],"product_brand":[],"product_cat":[267,1042,1101,1032,1029],"product_tag":[],"class_list":{"0":"post-17246","1":"product","2":"type-product","3":"status-publish","4":"has-post-thumbnail","6":"pwb-brand-cerave","7":"product_cat-beaute-et-soins","8":"product_cat-nettoyants-et-exfoliants-pour-le-visage","9":"product_cat-nettoyants-pour-le-visage","10":"product_cat-soins-du-visage","11":"product_cat-soins-pour-la-peau","13":"first","14":"outofstock","15":"shipping-taxable","16":"purchasable","17":"product-type-simple"},"yoast_head":"<!-- This site is optimized with the Yoast SEO plugin v27.4 - https:\/\/yoast.com\/product\/yoast-seo-wordpress\/ -->\n<title>CeraVe - Nettoyant moussant pour le visage - 355 ml - NIRIGS<\/title>\n<meta name=\"robots\" content=\"index, follow, max-snippet:-1, max-image-preview:large, max-video-preview:-1\" \/>\n<link rel=\"canonical\" href=\"https:\/\/nirigs.com\/ar\/product\/cerave-nettoyant-moussant-pour-le-visage-355-ml\/\" \/>\n<meta property=\"og:locale\" content=\"ar_AR\" \/>\n<meta property=\"og:type\" content=\"article\" \/>\n<meta property=\"og:title\" content=\"CeraVe - Nettoyant moussant pour le visage - 355 ml - NIRIGS\" \/>\n<meta property=\"og:description\" content=\"Un nettoyant moussant pour le visage est id\u00e9al pour \u00e9liminer l\u2019exc\u00e8s d\u2019huile et de salet\u00e9, mais il est important de\" \/>\n<meta property=\"og:url\" content=\"https:\/\/nirigs.com\/ar\/product\/cerave-nettoyant-moussant-pour-le-visage-355-ml\/\" \/>\n<meta property=\"og:site_name\" content=\"NIRIGS\" \/>\n<meta property=\"article:modified_time\" content=\"2026-03-04T17:16:41+00:00\" \/>\n<meta property=\"og:image\" content=\"https:\/\/nirigs.com\/wp-content\/uploads\/2024\/02\/CeraVe-\u2013-Nettoyant-moussant-pour-le-visage-\u2013-355-ml.jpg\" \/>\n\t<meta property=\"og:image:width\" content=\"1000\" \/>\n\t<meta property=\"og:image:height\" content=\"1000\" \/>\n\t<meta property=\"og:image:type\" content=\"image\/jpeg\" \/>\n<meta name=\"twitter:card\" content=\"summary_large_image\" \/>\n<meta name=\"twitter:label1\" content=\"\u0648\u0642\u062a \u0627\u0644\u0642\u0631\u0627\u0621\u0629 \u0627\u0644\u0645\u064f\u0642\u062f\u0651\u0631\" \/>\n\t<meta name=\"twitter:data1\" content=\"\u062f\u0642\u064a\u0642\u062a\u0627\u0646\" \/>\n<script type=\"application\/ld+json\" class=\"yoast-schema-graph\">{\"@context\":\"https:\\\/\\\/schema.org\",\"@graph\":[{\"@type\":\"WebPage\",\"@id\":\"https:\\\/\\\/nirigs.com\\\/product\\\/cerave-nettoyant-moussant-pour-le-visage-355-ml\\\/\",\"url\":\"https:\\\/\\\/nirigs.com\\\/product\\\/cerave-nettoyant-moussant-pour-le-visage-355-ml\\\/\",\"name\":\"CeraVe - Nettoyant moussant pour le visage - 355 ml - NIRIGS\",\"isPartOf\":{\"@id\":\"https:\\\/\\\/nirigs.com\\\/#website\"},\"primaryImageOfPage\":{\"@id\":\"https:\\\/\\\/nirigs.com\\\/product\\\/cerave-nettoyant-moussant-pour-le-visage-355-ml\\\/#primaryimage\"},\"image\":{\"@id\":\"https:\\\/\\\/nirigs.com\\\/product\\\/cerave-nettoyant-moussant-pour-le-visage-355-ml\\\/#primaryimage\"},\"thumbnailUrl\":\"https:\\\/\\\/nirigs.com\\\/wp-content\\\/uploads\\\/2024\\\/02\\\/CeraVe-\u2013-Nettoyant-moussant-pour-le-visage-\u2013-355-ml.jpg\",\"datePublished\":\"2024-02-11T08:03:47+00:00\",\"dateModified\":\"2026-03-04T17:16:41+00:00\",\"breadcrumb\":{\"@id\":\"https:\\\/\\\/nirigs.com\\\/product\\\/cerave-nettoyant-moussant-pour-le-visage-355-ml\\\/#breadcrumb\"},\"inLanguage\":\"ar\",\"potentialAction\":[{\"@type\":\"ReadAction\",\"target\":[\"https:\\\/\\\/nirigs.com\\\/product\\\/cerave-nettoyant-moussant-pour-le-visage-355-ml\\\/\"]}]},{\"@type\":\"ImageObject\",\"inLanguage\":\"ar\",\"@id\":\"https:\\\/\\\/nirigs.com\\\/product\\\/cerave-nettoyant-moussant-pour-le-visage-355-ml\\\/#primaryimage\",\"url\":\"https:\\\/\\\/nirigs.com\\\/wp-content\\\/uploads\\\/2024\\\/02\\\/CeraVe-\u2013-Nettoyant-moussant-pour-le-visage-\u2013-355-ml.jpg\",\"contentUrl\":\"https:\\\/\\\/nirigs.com\\\/wp-content\\\/uploads\\\/2024\\\/02\\\/CeraVe-\u2013-Nettoyant-moussant-pour-le-visage-\u2013-355-ml.jpg\",\"width\":1000,\"height\":1000},{\"@type\":\"BreadcrumbList\",\"@id\":\"https:\\\/\\\/nirigs.com\\\/product\\\/cerave-nettoyant-moussant-pour-le-visage-355-ml\\\/#breadcrumb\",\"itemListElement\":[{\"@type\":\"ListItem\",\"position\":1,\"name\":\"Home\",\"item\":\"https:\\\/\\\/nirigs.com\\\/\"},{\"@type\":\"ListItem\",\"position\":2,\"name\":\"Parcourir\",\"item\":\"https:\\\/\\\/nirigs.com\\\/boutique\\\/\"},{\"@type\":\"ListItem\",\"position\":3,\"name\":\"CeraVe &#8211; Nettoyant moussant pour le visage &#8211; 355 ml\"}]},{\"@type\":\"WebSite\",\"@id\":\"https:\\\/\\\/nirigs.com\\\/#website\",\"url\":\"https:\\\/\\\/nirigs.com\\\/\",\"name\":\"Nirigs.com\",\"description\":\"Simplifiez vos achats du quotidien \u00e0 Djibouti\",\"publisher\":{\"@id\":\"https:\\\/\\\/nirigs.com\\\/#organization\"},\"potentialAction\":[{\"@type\":\"SearchAction\",\"target\":{\"@type\":\"EntryPoint\",\"urlTemplate\":\"https:\\\/\\\/nirigs.com\\\/?s={search_term_string}\"},\"query-input\":{\"@type\":\"PropertyValueSpecification\",\"valueRequired\":true,\"valueName\":\"search_term_string\"}}],\"inLanguage\":\"ar\"},{\"@type\":\"Organization\",\"@id\":\"https:\\\/\\\/nirigs.com\\\/#organization\",\"name\":\"Nirigs\",\"url\":\"https:\\\/\\\/nirigs.com\\\/\",\"logo\":{\"@type\":\"ImageObject\",\"inLanguage\":\"ar\",\"@id\":\"https:\\\/\\\/nirigs.com\\\/#\\\/schema\\\/logo\\\/image\\\/\",\"url\":\"https:\\\/\\\/nirigs.com\\\/wp-content\\\/uploads\\\/2025\\\/04\\\/Design-sans-titre-27.png\",\"contentUrl\":\"https:\\\/\\\/nirigs.com\\\/wp-content\\\/uploads\\\/2025\\\/04\\\/Design-sans-titre-27.png\",\"width\":500,\"height\":500,\"caption\":\"Nirigs\"},\"image\":{\"@id\":\"https:\\\/\\\/nirigs.com\\\/#\\\/schema\\\/logo\\\/image\\\/\"}}]}<\/script>\n<!-- \/ Yoast SEO plugin. -->","yoast_head_json":{"title":"CeraVe - Nettoyant moussant pour le visage - 355 ml - NIRIGS","robots":{"index":"index","follow":"follow","max-snippet":"max-snippet:-1","max-image-preview":"max-image-preview:large","max-video-preview":"max-video-preview:-1"},"canonical":"https:\/\/nirigs.com\/ar\/product\/cerave-nettoyant-moussant-pour-le-visage-355-ml\/","og_locale":"ar_AR","og_type":"article","og_title":"CeraVe - Nettoyant moussant pour le visage - 355 ml - NIRIGS","og_description":"Un nettoyant moussant pour le visage est id\u00e9al pour \u00e9liminer l\u2019exc\u00e8s d\u2019huile et de salet\u00e9, mais il est important de","og_url":"https:\/\/nirigs.com\/ar\/product\/cerave-nettoyant-moussant-pour-le-visage-355-ml\/","og_site_name":"NIRIGS","article_modified_time":"2026-03-04T17:16:41+00:00","og_image":[{"width":1000,"height":1000,"url":"https:\/\/nirigs.com\/wp-content\/uploads\/2024\/02\/CeraVe-\u2013-Nettoyant-moussant-pour-le-visage-\u2013-355-ml.jpg","type":"image\/jpeg"}],"twitter_card":"summary_large_image","twitter_misc":{"\u0648\u0642\u062a \u0627\u0644\u0642\u0631\u0627\u0621\u0629 \u0627\u0644\u0645\u064f\u0642\u062f\u0651\u0631":"\u062f\u0642\u064a\u0642\u062a\u0627\u0646"},"schema":{"@context":"https:\/\/schema.org","@graph":[{"@type":"WebPage","@id":"https:\/\/nirigs.com\/product\/cerave-nettoyant-moussant-pour-le-visage-355-ml\/","url":"https:\/\/nirigs.com\/product\/cerave-nettoyant-moussant-pour-le-visage-355-ml\/","name":"CeraVe - Nettoyant moussant pour le visage - 355 ml - NIRIGS","isPartOf":{"@id":"https:\/\/nirigs.com\/#website"},"primaryImageOfPage":{"@id":"https:\/\/nirigs.com\/product\/cerave-nettoyant-moussant-pour-le-visage-355-ml\/#primaryimage"},"image":{"@id":"https:\/\/nirigs.com\/product\/cerave-nettoyant-moussant-pour-le-visage-355-ml\/#primaryimage"},"thumbnailUrl":"https:\/\/nirigs.com\/wp-content\/uploads\/2024\/02\/CeraVe-\u2013-Nettoyant-moussant-pour-le-visage-\u2013-355-ml.jpg","datePublished":"2024-02-11T08:03:47+00:00","dateModified":"2026-03-04T17:16:41+00:00","breadcrumb":{"@id":"https:\/\/nirigs.com\/product\/cerave-nettoyant-moussant-pour-le-visage-355-ml\/#breadcrumb"},"inLanguage":"ar","potentialAction":[{"@type":"ReadAction","target":["https:\/\/nirigs.com\/product\/cerave-nettoyant-moussant-pour-le-visage-355-ml\/"]}]},{"@type":"ImageObject","inLanguage":"ar","@id":"https:\/\/nirigs.com\/product\/cerave-nettoyant-moussant-pour-le-visage-355-ml\/#primaryimage","url":"https:\/\/nirigs.com\/wp-content\/uploads\/2024\/02\/CeraVe-\u2013-Nettoyant-moussant-pour-le-visage-\u2013-355-ml.jpg","contentUrl":"https:\/\/nirigs.com\/wp-content\/uploads\/2024\/02\/CeraVe-\u2013-Nettoyant-moussant-pour-le-visage-\u2013-355-ml.jpg","width":1000,"height":1000},{"@type":"BreadcrumbList","@id":"https:\/\/nirigs.com\/product\/cerave-nettoyant-moussant-pour-le-visage-355-ml\/#breadcrumb","itemListElement":[{"@type":"ListItem","position":1,"name":"Home","item":"https:\/\/nirigs.com\/"},{"@type":"ListItem","position":2,"name":"Parcourir","item":"https:\/\/nirigs.com\/boutique\/"},{"@type":"ListItem","position":3,"name":"CeraVe &#8211; Nettoyant moussant pour le visage &#8211; 355 ml"}]},{"@type":"WebSite","@id":"https:\/\/nirigs.com\/#website","url":"https:\/\/nirigs.com\/","name":"Nirigs.com","description":"Simplifiez vos achats du quotidien \u00e0 Djibouti","publisher":{"@id":"https:\/\/nirigs.com\/#organization"},"potentialAction":[{"@type":"SearchAction","target":{"@type":"EntryPoint","urlTemplate":"https:\/\/nirigs.com\/?s={search_term_string}"},"query-input":{"@type":"PropertyValueSpecification","valueRequired":true,"valueName":"search_term_string"}}],"inLanguage":"ar"},{"@type":"Organization","@id":"https:\/\/nirigs.com\/#organization","name":"\u0646\u064a\u0631\u064a\u062c\u0633","url":"https:\/\/nirigs.com\/","logo":{"@type":"ImageObject","inLanguage":"ar","@id":"https:\/\/nirigs.com\/#\/schema\/logo\/image\/","url":"https:\/\/nirigs.com\/wp-content\/uploads\/2025\/04\/Design-sans-titre-27.png","contentUrl":"https:\/\/nirigs.com\/wp-content\/uploads\/2025\/04\/Design-sans-titre-27.png","width":500,"height":500,"caption":"Nirigs"},"image":{"@id":"https:\/\/nirigs.com\/#\/schema\/logo\/image\/"}}]}},"brands":[{"id":595,"name":"\u0633\u064a\u0631\u0627\u0641\u064a","slug":"cerave"}],"_links":{"self":[{"href":"https:\/\/nirigs.com\/ar\/wp-json\/wp\/v2\/product\/17246","targetHints":{"allow":["GET"]}}],"collection":[{"href":"https:\/\/nirigs.com\/ar\/wp-json\/wp\/v2\/product"}],"about":[{"href":"https:\/\/nirigs.com\/ar\/wp-json\/wp\/v2\/types\/product"}],"replies":[{"embeddable":true,"href":"https:\/\/nirigs.com\/ar\/wp-json\/wp\/v2\/comments?post=17246"}],"version-history":[{"count":6,"href":"https:\/\/nirigs.com\/ar\/wp-json\/wp\/v2\/product\/17246\/revisions"}],"predecessor-version":[{"id":24159,"href":"https:\/\/nirigs.com\/ar\/wp-json\/wp\/v2\/product\/17246\/revisions\/24159"}],"wp:featuredmedia":[{"embeddable":true,"href":"https:\/\/nirigs.com\/ar\/wp-json\/wp\/v2\/media\/24162"}],"wp:attachment":[{"href":"https:\/\/nirigs.com\/ar\/wp-json\/wp\/v2\/media?parent=17246"}],"wp:term":[{"taxonomy":"pwb-brand","embeddable":true,"href":"https:\/\/nirigs.com\/ar\/wp-json\/wp\/v2\/pwb-brand?post=17246"},{"taxonomy":"product_brand","embeddable":true,"href":"https:\/\/nirigs.com\/ar\/wp-json\/wp\/v2\/product_brand?post=17246"},{"taxonomy":"product_cat","embeddable":true,"href":"https:\/\/nirigs.com\/ar\/wp-json\/wp\/v2\/product_cat?post=17246"},{"taxonomy":"product_tag","embeddable":true,"href":"https:\/\/nirigs.com\/ar\/wp-json\/wp\/v2\/product_tag?post=17246"}],"curies":[{"name":"wp","href":"https:\/\/api.w.org\/{rel}","templated":true}]}}