{"id":17244,"date":"2024-02-11T11:00:35","date_gmt":"2024-02-11T08:00:35","guid":{"rendered":"https:\/\/nirigs.com\/product\/gentle-exfoliating-cleanser-236-ml\/"},"modified":"2025-03-15T18:01:22","modified_gmt":"2025-03-15T15:01:22","slug":"gentle-exfoliating-cleanser-236-ml","status":"publish","type":"product","link":"https:\/\/nirigs.com\/ar\/product\/gentle-exfoliating-cleanser-236-ml\/","title":{"rendered":"\u0633\u064a\u062a\u0627\u0641\u064a\u0644 \u2013 \u0645\u0646\u0638\u0641 \u0645\u0642\u0634\u0631 \u0644\u0637\u064a\u0641 \u2013 236 \u0645\u0644"},"content":{"rendered":"<p><strong>Gel exfoliant doux pour le visage Cetaphil<\/strong>\u00a0pour peaux sensibles.<\/p>\n<p>Ce nettoyant doux nettoie pour \u00e9liminer la salet\u00e9, le s\u00e9bum et les impuret\u00e9s, ainsi que des granules microfines qui exfolient en douceur pour \u00e9liminer la peau terne.<\/p>\n<p>Sa formule \u00e0 l&rsquo;extrait de bambou, \u00e0 la provitamine B5, \u00e0 la vitamine E essentielle, favorise une peau d&rsquo;apparence saine et lisse qui contribue \u00e9galement \u00e0 am\u00e9liorer sa texture apr\u00e8s utilisation.<\/p>\n<h4 class=\"mv0 lh-copy f5 pb1 dark-gray\"><strong>\u0645\u0643\u0648\u0646\u0627\u062a<\/strong><\/h4>\n<p><strong>Eau (Aqua):<\/strong> Le principal solvant, il dilue les autres ingr\u00e9dients, <strong>Cocamidopropyl b\u00e9ta\u00efne:<\/strong> Un tensioactif doux qui aide \u00e0 \u00e9liminer l&rsquo;exc\u00e8s de s\u00e9bum et les impuret\u00e9s sans agresser la peau, <strong>Disodium cocoamphodiacetate:<\/strong> Un autre tensioactif doux qui contribue au nettoyage en profondeur, <strong>Coco-glucoside:<\/strong> Un tensioactif d&rsquo;origine naturelle, doux et respectueux de la peau, <strong>Acrylates\/C10-30 alkyl acrylate crosspolymer:<\/strong> Un agent \u00e9paississant qui donne au produit sa texture, <strong>Extrait de bambou:<\/strong> Un exfoliant doux qui aide \u00e0 \u00e9liminer les cellules mortes de la peau et \u00e0 r\u00e9v\u00e9ler un teint plus lumineux, <strong>Panth\u00e9nol (Pro-vitamine B5):<\/strong> Un humectant qui aide \u00e0 retenir l&rsquo;hydratation dans la peau, <strong>Vitamine E:<\/strong> Un antioxydant qui aide \u00e0 prot\u00e9ger la peau des dommages caus\u00e9s par les radicaux libres. <strong>Autres ingr\u00e9dients:<\/strong> Des agents conservateurs, des parfums, des agents ch\u00e9latants et des agents tamponnants sont g\u00e9n\u00e9ralement pr\u00e9sents en petites quantit\u00e9s pour assurer la stabilit\u00e9 du produit et am\u00e9liorer ses propri\u00e9t\u00e9s.<\/p>\n<h4><strong>\u064a\u0633\u062a\u062e\u062f\u0645<\/strong><\/h4>\n<ul>\n<li data-sourcepos=\"19:1-19:68\"><strong>Humidifier votre visage:<\/strong> Mouillez votre visage \u00e0 l&rsquo;eau ti\u00e8de.<\/li>\n<li data-sourcepos=\"20:1-20:131\"><strong>Appliquer le nettoyant:<\/strong> D\u00e9posez une petite quantit\u00e9 de nettoyant sur votre paume et faites mousser en ajoutant un peu d&rsquo;eau.<\/li>\n<li data-sourcepos=\"21:1-21:177\"><strong>Masser doucement:<\/strong> Massez d\u00e9licatement votre visage avec des mouvements circulaires, en insistant sur les zones o\u00f9 la peau est plus rugueuse ou o\u00f9 les pores sont obstru\u00e9s.<\/li>\n<li data-sourcepos=\"22:1-22:117\"><strong>Rincer abondamment:<\/strong> Rincez soigneusement votre visage \u00e0 l&rsquo;eau ti\u00e8de pour \u00e9liminer tous les r\u00e9sidus de produit.<\/li>\n<li data-sourcepos=\"23:1-23:105\"><strong>S\u00e9cher en tamponnant:<\/strong> Tamponnez votre visage avec une serviette propre pour retirer l&rsquo;exc\u00e8s d&rsquo;eau.<\/li>\n<li data-sourcepos=\"24:1-25:0\"><strong>Hydrater:<\/strong> Appliquez votre cr\u00e8me hydratante habituelle pour sceller l&rsquo;hydratation.<\/li>\n<\/ul>\n<p>Test\u00e9 dermatologiquement.<\/p>\n<p>&nbsp;<\/p>","protected":false},"excerpt":{"rendered":"<p>Gel exfoliant doux pour le visage Cetaphil\u00a0pour peaux sensibles. Ce nettoyant doux nettoie pour \u00e9liminer la salet\u00e9, le s\u00e9bum et<\/p>","protected":false},"featured_media":24166,"comment_status":"open","ping_status":"closed","template":"","meta":[],"pwb-brand":[786],"product_brand":[],"product_cat":[267,1044,1042,1032,1029],"product_tag":[],"class_list":{"0":"post-17244","1":"product","2":"type-product","3":"status-publish","4":"has-post-thumbnail","6":"pwb-brand-cetaphil","7":"product_cat-beaute-et-soins","8":"product_cat-exfoliants-pour-le-visage","9":"product_cat-nettoyants-et-exfoliants-pour-le-visage","10":"product_cat-soins-du-visage","11":"product_cat-soins-pour-la-peau","13":"first","14":"outofstock","15":"shipping-taxable","16":"purchasable","17":"product-type-simple"},"yoast_head":"<!-- This site is optimized with the Yoast SEO plugin v27.4 - https:\/\/yoast.com\/product\/yoast-seo-wordpress\/ -->\n<title>Cetaphil - Nettoyant Exfoliant Doux - 236 ml - NIRIGS<\/title>\n<meta name=\"robots\" content=\"index, follow, max-snippet:-1, max-image-preview:large, max-video-preview:-1\" \/>\n<link rel=\"canonical\" href=\"https:\/\/nirigs.com\/ar\/product\/gentle-exfoliating-cleanser-236-ml\/\" \/>\n<meta property=\"og:locale\" content=\"ar_AR\" \/>\n<meta property=\"og:type\" content=\"article\" \/>\n<meta property=\"og:title\" content=\"Cetaphil - Nettoyant Exfoliant Doux - 236 ml - NIRIGS\" \/>\n<meta property=\"og:description\" content=\"Gel exfoliant doux pour le visage Cetaphil\u00a0pour peaux sensibles. Ce nettoyant doux nettoie pour \u00e9liminer la salet\u00e9, le s\u00e9bum et\" \/>\n<meta property=\"og:url\" content=\"https:\/\/nirigs.com\/ar\/product\/gentle-exfoliating-cleanser-236-ml\/\" \/>\n<meta property=\"og:site_name\" content=\"NIRIGS\" \/>\n<meta property=\"article:modified_time\" content=\"2025-03-15T15:01:22+00:00\" \/>\n<meta property=\"og:image\" content=\"https:\/\/nirigs.com\/wp-content\/uploads\/2024\/02\/Cetaphil-\u2013-Nettoyant-Exfoliant-Doux-\u2013-236-ml.jpg\" \/>\n\t<meta property=\"og:image:width\" content=\"1000\" \/>\n\t<meta property=\"og:image:height\" content=\"1000\" \/>\n\t<meta property=\"og:image:type\" content=\"image\/jpeg\" \/>\n<meta name=\"twitter:card\" content=\"summary_large_image\" \/>\n<meta name=\"twitter:label1\" content=\"\u0648\u0642\u062a \u0627\u0644\u0642\u0631\u0627\u0621\u0629 \u0627\u0644\u0645\u064f\u0642\u062f\u0651\u0631\" \/>\n\t<meta name=\"twitter:data1\" content=\"\u062f\u0642\u064a\u0642\u062a\u0627\u0646\" \/>\n<script type=\"application\/ld+json\" class=\"yoast-schema-graph\">{\"@context\":\"https:\\\/\\\/schema.org\",\"@graph\":[{\"@type\":\"WebPage\",\"@id\":\"https:\\\/\\\/nirigs.com\\\/product\\\/gentle-exfoliating-cleanser-236-ml\\\/\",\"url\":\"https:\\\/\\\/nirigs.com\\\/product\\\/gentle-exfoliating-cleanser-236-ml\\\/\",\"name\":\"Cetaphil - Nettoyant Exfoliant Doux - 236 ml - NIRIGS\",\"isPartOf\":{\"@id\":\"https:\\\/\\\/nirigs.com\\\/#website\"},\"primaryImageOfPage\":{\"@id\":\"https:\\\/\\\/nirigs.com\\\/product\\\/gentle-exfoliating-cleanser-236-ml\\\/#primaryimage\"},\"image\":{\"@id\":\"https:\\\/\\\/nirigs.com\\\/product\\\/gentle-exfoliating-cleanser-236-ml\\\/#primaryimage\"},\"thumbnailUrl\":\"https:\\\/\\\/nirigs.com\\\/wp-content\\\/uploads\\\/2024\\\/02\\\/Cetaphil-\u2013-Nettoyant-Exfoliant-Doux-\u2013-236-ml.jpg\",\"datePublished\":\"2024-02-11T08:00:35+00:00\",\"dateModified\":\"2025-03-15T15:01:22+00:00\",\"breadcrumb\":{\"@id\":\"https:\\\/\\\/nirigs.com\\\/product\\\/gentle-exfoliating-cleanser-236-ml\\\/#breadcrumb\"},\"inLanguage\":\"ar\",\"potentialAction\":[{\"@type\":\"ReadAction\",\"target\":[\"https:\\\/\\\/nirigs.com\\\/product\\\/gentle-exfoliating-cleanser-236-ml\\\/\"]}]},{\"@type\":\"ImageObject\",\"inLanguage\":\"ar\",\"@id\":\"https:\\\/\\\/nirigs.com\\\/product\\\/gentle-exfoliating-cleanser-236-ml\\\/#primaryimage\",\"url\":\"https:\\\/\\\/nirigs.com\\\/wp-content\\\/uploads\\\/2024\\\/02\\\/Cetaphil-\u2013-Nettoyant-Exfoliant-Doux-\u2013-236-ml.jpg\",\"contentUrl\":\"https:\\\/\\\/nirigs.com\\\/wp-content\\\/uploads\\\/2024\\\/02\\\/Cetaphil-\u2013-Nettoyant-Exfoliant-Doux-\u2013-236-ml.jpg\",\"width\":1000,\"height\":1000},{\"@type\":\"BreadcrumbList\",\"@id\":\"https:\\\/\\\/nirigs.com\\\/product\\\/gentle-exfoliating-cleanser-236-ml\\\/#breadcrumb\",\"itemListElement\":[{\"@type\":\"ListItem\",\"position\":1,\"name\":\"Home\",\"item\":\"https:\\\/\\\/nirigs.com\\\/\"},{\"@type\":\"ListItem\",\"position\":2,\"name\":\"Parcourir\",\"item\":\"https:\\\/\\\/nirigs.com\\\/boutique\\\/\"},{\"@type\":\"ListItem\",\"position\":3,\"name\":\"Cetaphil &#8211; Nettoyant Exfoliant Doux &#8211; 236 ml\"}]},{\"@type\":\"WebSite\",\"@id\":\"https:\\\/\\\/nirigs.com\\\/#website\",\"url\":\"https:\\\/\\\/nirigs.com\\\/\",\"name\":\"Nirigs.com\",\"description\":\"Simplifiez vos achats du quotidien \u00e0 Djibouti\",\"publisher\":{\"@id\":\"https:\\\/\\\/nirigs.com\\\/#organization\"},\"potentialAction\":[{\"@type\":\"SearchAction\",\"target\":{\"@type\":\"EntryPoint\",\"urlTemplate\":\"https:\\\/\\\/nirigs.com\\\/?s={search_term_string}\"},\"query-input\":{\"@type\":\"PropertyValueSpecification\",\"valueRequired\":true,\"valueName\":\"search_term_string\"}}],\"inLanguage\":\"ar\"},{\"@type\":\"Organization\",\"@id\":\"https:\\\/\\\/nirigs.com\\\/#organization\",\"name\":\"Nirigs\",\"url\":\"https:\\\/\\\/nirigs.com\\\/\",\"logo\":{\"@type\":\"ImageObject\",\"inLanguage\":\"ar\",\"@id\":\"https:\\\/\\\/nirigs.com\\\/#\\\/schema\\\/logo\\\/image\\\/\",\"url\":\"https:\\\/\\\/nirigs.com\\\/wp-content\\\/uploads\\\/2025\\\/04\\\/Design-sans-titre-27.png\",\"contentUrl\":\"https:\\\/\\\/nirigs.com\\\/wp-content\\\/uploads\\\/2025\\\/04\\\/Design-sans-titre-27.png\",\"width\":500,\"height\":500,\"caption\":\"Nirigs\"},\"image\":{\"@id\":\"https:\\\/\\\/nirigs.com\\\/#\\\/schema\\\/logo\\\/image\\\/\"}}]}<\/script>\n<!-- \/ Yoast SEO plugin. -->","yoast_head_json":{"title":"Cetaphil - Nettoyant Exfoliant Doux - 236 ml - NIRIGS","robots":{"index":"index","follow":"follow","max-snippet":"max-snippet:-1","max-image-preview":"max-image-preview:large","max-video-preview":"max-video-preview:-1"},"canonical":"https:\/\/nirigs.com\/ar\/product\/gentle-exfoliating-cleanser-236-ml\/","og_locale":"ar_AR","og_type":"article","og_title":"Cetaphil - Nettoyant Exfoliant Doux - 236 ml - NIRIGS","og_description":"Gel exfoliant doux pour le visage Cetaphil\u00a0pour peaux sensibles. Ce nettoyant doux nettoie pour \u00e9liminer la salet\u00e9, le s\u00e9bum et","og_url":"https:\/\/nirigs.com\/ar\/product\/gentle-exfoliating-cleanser-236-ml\/","og_site_name":"NIRIGS","article_modified_time":"2025-03-15T15:01:22+00:00","og_image":[{"width":1000,"height":1000,"url":"https:\/\/nirigs.com\/wp-content\/uploads\/2024\/02\/Cetaphil-\u2013-Nettoyant-Exfoliant-Doux-\u2013-236-ml.jpg","type":"image\/jpeg"}],"twitter_card":"summary_large_image","twitter_misc":{"\u0648\u0642\u062a \u0627\u0644\u0642\u0631\u0627\u0621\u0629 \u0627\u0644\u0645\u064f\u0642\u062f\u0651\u0631":"\u062f\u0642\u064a\u0642\u062a\u0627\u0646"},"schema":{"@context":"https:\/\/schema.org","@graph":[{"@type":"WebPage","@id":"https:\/\/nirigs.com\/product\/gentle-exfoliating-cleanser-236-ml\/","url":"https:\/\/nirigs.com\/product\/gentle-exfoliating-cleanser-236-ml\/","name":"Cetaphil - Nettoyant Exfoliant Doux - 236 ml - NIRIGS","isPartOf":{"@id":"https:\/\/nirigs.com\/#website"},"primaryImageOfPage":{"@id":"https:\/\/nirigs.com\/product\/gentle-exfoliating-cleanser-236-ml\/#primaryimage"},"image":{"@id":"https:\/\/nirigs.com\/product\/gentle-exfoliating-cleanser-236-ml\/#primaryimage"},"thumbnailUrl":"https:\/\/nirigs.com\/wp-content\/uploads\/2024\/02\/Cetaphil-\u2013-Nettoyant-Exfoliant-Doux-\u2013-236-ml.jpg","datePublished":"2024-02-11T08:00:35+00:00","dateModified":"2025-03-15T15:01:22+00:00","breadcrumb":{"@id":"https:\/\/nirigs.com\/product\/gentle-exfoliating-cleanser-236-ml\/#breadcrumb"},"inLanguage":"ar","potentialAction":[{"@type":"ReadAction","target":["https:\/\/nirigs.com\/product\/gentle-exfoliating-cleanser-236-ml\/"]}]},{"@type":"ImageObject","inLanguage":"ar","@id":"https:\/\/nirigs.com\/product\/gentle-exfoliating-cleanser-236-ml\/#primaryimage","url":"https:\/\/nirigs.com\/wp-content\/uploads\/2024\/02\/Cetaphil-\u2013-Nettoyant-Exfoliant-Doux-\u2013-236-ml.jpg","contentUrl":"https:\/\/nirigs.com\/wp-content\/uploads\/2024\/02\/Cetaphil-\u2013-Nettoyant-Exfoliant-Doux-\u2013-236-ml.jpg","width":1000,"height":1000},{"@type":"BreadcrumbList","@id":"https:\/\/nirigs.com\/product\/gentle-exfoliating-cleanser-236-ml\/#breadcrumb","itemListElement":[{"@type":"ListItem","position":1,"name":"Home","item":"https:\/\/nirigs.com\/"},{"@type":"ListItem","position":2,"name":"Parcourir","item":"https:\/\/nirigs.com\/boutique\/"},{"@type":"ListItem","position":3,"name":"Cetaphil &#8211; Nettoyant Exfoliant Doux &#8211; 236 ml"}]},{"@type":"WebSite","@id":"https:\/\/nirigs.com\/#website","url":"https:\/\/nirigs.com\/","name":"Nirigs.com","description":"Simplifiez vos achats du quotidien \u00e0 Djibouti","publisher":{"@id":"https:\/\/nirigs.com\/#organization"},"potentialAction":[{"@type":"SearchAction","target":{"@type":"EntryPoint","urlTemplate":"https:\/\/nirigs.com\/?s={search_term_string}"},"query-input":{"@type":"PropertyValueSpecification","valueRequired":true,"valueName":"search_term_string"}}],"inLanguage":"ar"},{"@type":"Organization","@id":"https:\/\/nirigs.com\/#organization","name":"\u0646\u064a\u0631\u064a\u062c\u0633","url":"https:\/\/nirigs.com\/","logo":{"@type":"ImageObject","inLanguage":"ar","@id":"https:\/\/nirigs.com\/#\/schema\/logo\/image\/","url":"https:\/\/nirigs.com\/wp-content\/uploads\/2025\/04\/Design-sans-titre-27.png","contentUrl":"https:\/\/nirigs.com\/wp-content\/uploads\/2025\/04\/Design-sans-titre-27.png","width":500,"height":500,"caption":"Nirigs"},"image":{"@id":"https:\/\/nirigs.com\/#\/schema\/logo\/image\/"}}]}},"brands":[{"id":786,"name":"\u0633\u064a\u062a\u0627\u0641\u064a\u0644","slug":"cetaphil"}],"_links":{"self":[{"href":"https:\/\/nirigs.com\/ar\/wp-json\/wp\/v2\/product\/17244","targetHints":{"allow":["GET"]}}],"collection":[{"href":"https:\/\/nirigs.com\/ar\/wp-json\/wp\/v2\/product"}],"about":[{"href":"https:\/\/nirigs.com\/ar\/wp-json\/wp\/v2\/types\/product"}],"replies":[{"embeddable":true,"href":"https:\/\/nirigs.com\/ar\/wp-json\/wp\/v2\/comments?post=17244"}],"version-history":[{"count":4,"href":"https:\/\/nirigs.com\/ar\/wp-json\/wp\/v2\/product\/17244\/revisions"}],"predecessor-version":[{"id":24165,"href":"https:\/\/nirigs.com\/ar\/wp-json\/wp\/v2\/product\/17244\/revisions\/24165"}],"wp:featuredmedia":[{"embeddable":true,"href":"https:\/\/nirigs.com\/ar\/wp-json\/wp\/v2\/media\/24166"}],"wp:attachment":[{"href":"https:\/\/nirigs.com\/ar\/wp-json\/wp\/v2\/media?parent=17244"}],"wp:term":[{"taxonomy":"pwb-brand","embeddable":true,"href":"https:\/\/nirigs.com\/ar\/wp-json\/wp\/v2\/pwb-brand?post=17244"},{"taxonomy":"product_brand","embeddable":true,"href":"https:\/\/nirigs.com\/ar\/wp-json\/wp\/v2\/product_brand?post=17244"},{"taxonomy":"product_cat","embeddable":true,"href":"https:\/\/nirigs.com\/ar\/wp-json\/wp\/v2\/product_cat?post=17244"},{"taxonomy":"product_tag","embeddable":true,"href":"https:\/\/nirigs.com\/ar\/wp-json\/wp\/v2\/product_tag?post=17244"}],"curies":[{"name":"wp","href":"https:\/\/api.w.org\/{rel}","templated":true}]}}