{"id":17236,"date":"2024-02-11T09:53:00","date_gmt":"2024-02-11T06:53:00","guid":{"rendered":"https:\/\/nirigs.com\/product\/fragrance-into-the-night-236-ml\/"},"modified":"2025-03-16T09:44:26","modified_gmt":"2025-03-16T06:44:26","slug":"fragrance-into-the-night-236-ml","status":"publish","type":"product","link":"https:\/\/nirigs.com\/ar\/product\/fragrance-into-the-night-236-ml\/","title":{"rendered":"\u0628\u0627\u062b \u0627\u0646\u062f \u0628\u0648\u062f\u064a \u0648\u0631\u0643\u0633 \u2013 \u0639\u0637\u0631 \u0644\u064a\u0644\u064a \u2013 236 \u0645\u0644"},"content":{"rendered":"<p>Immergez-vous dans une nuit intemporelle, f\u00e9minine et s\u00e9duisante dans la ville avec le baignoire et le body works body spray\u00a0\u00ab\u00a0Dans la nuit\u00a0\u00bb. Ce spray corporel irr\u00e9sistible vous emm\u00e8ne dans un voyage sensuel et enveloppe votre corps dans un parfum s\u00e9duisant.<\/p>\n<p>L&rsquo;odeur de\u00a0\u00ab\u00a0Dans la nuit\u00a0\u00bb\u00a0est une composition magistrale de la framboise noire, des cristaux ambre, des p\u00e9tales de rose velout\u00e9s, des patschuli cr\u00e9meux et du muscle mokka.<\/p>\n<p>Les pulv\u00e9risations du corps des \u0153uvres de Bath &amp; Body les plus chaudes de la marque am\u00e9ricaine sont l\u00e9g\u00e8res et agr\u00e9ables sur la peau et marquent \u00e9galement avec des ingr\u00e9dients hydratants. Que vous aimiez un parfum l\u00e9g\u00e8rement floral ou l\u00e9g\u00e8rement \u00e9tincelant: les sprays de parfum animeront en tout cas et \u00e9clairent votre journ\u00e9e!<\/p>\n<h4 class=\"mv0 lh-copy f5 pb1 dark-gray\"><strong>\u0645\u0643\u0648\u0646\u0627\u062a<\/strong><\/h4>\n<p>Alcohol Denat., Water (Aqua, Eau), Fragrance (Parfum), Propylene Glycol, Linalool, Benzyl Salicylate, Hydroxycitronellal, Benzyl Benzoate, Citronellol, Limonene, Coumarin, Citral, Geraniol, Ethylhexyl Methoxycinnamate, Ethylhexyl Salicylate, Butyl Methoxydibenzoylmethane, Yellow 5 (CI 19140), Red 40 (CI 16035), Ext. Violet 2 (CI 60730).<\/p>","protected":false},"excerpt":{"rendered":"<p>Immergez-vous dans une nuit intemporelle, f\u00e9minine et s\u00e9duisante dans la ville avec le baignoire et le body works body spray\u00a0\u00ab\u00a0Dans<\/p>","protected":false},"featured_media":25020,"comment_status":"open","ping_status":"closed","template":"","meta":[],"pwb-brand":[624],"product_brand":[],"product_cat":[267,304],"product_tag":[],"class_list":{"0":"post-17236","1":"product","2":"type-product","3":"status-publish","4":"has-post-thumbnail","6":"pwb-brand-bath-body-works","7":"product_cat-beaute-et-soins","8":"product_cat-parfums","10":"first","11":"outofstock","12":"shipping-taxable","13":"purchasable","14":"product-type-simple"},"yoast_head":"<!-- This site is optimized with the Yoast SEO plugin v27.1.1 - https:\/\/yoast.com\/product\/yoast-seo-wordpress\/ -->\n<title>Bath and Body Works - Parfum pour la nuit - 236 ml - NIRIGS<\/title>\n<meta name=\"robots\" content=\"index, follow, max-snippet:-1, max-image-preview:large, max-video-preview:-1\" \/>\n<link rel=\"canonical\" href=\"https:\/\/nirigs.com\/ar\/product\/fragrance-into-the-night-236-ml\/\" \/>\n<meta property=\"og:locale\" content=\"ar_AR\" \/>\n<meta property=\"og:type\" content=\"article\" \/>\n<meta property=\"og:title\" content=\"Bath and Body Works - Parfum pour la nuit - 236 ml - NIRIGS\" \/>\n<meta property=\"og:description\" content=\"Immergez-vous dans une nuit intemporelle, f\u00e9minine et s\u00e9duisante dans la ville avec le baignoire et le body works body spray\u00a0\u00ab\u00a0Dans\" \/>\n<meta property=\"og:url\" content=\"https:\/\/nirigs.com\/ar\/product\/fragrance-into-the-night-236-ml\/\" \/>\n<meta property=\"og:site_name\" content=\"NIRIGS\" \/>\n<meta property=\"article:modified_time\" content=\"2025-03-16T06:44:26+00:00\" \/>\n<meta property=\"og:image\" content=\"https:\/\/nirigs.com\/wp-content\/uploads\/2024\/02\/Bath-and-Body-Works-\u2013-Parfum-pour-la-nuit-\u2013-236-ml-5.jpg\" \/>\n\t<meta property=\"og:image:width\" content=\"1000\" \/>\n\t<meta property=\"og:image:height\" content=\"1000\" \/>\n\t<meta property=\"og:image:type\" content=\"image\/jpeg\" \/>\n<meta name=\"twitter:card\" content=\"summary_large_image\" \/>\n<meta name=\"twitter:label1\" content=\"\u0648\u0642\u062a \u0627\u0644\u0642\u0631\u0627\u0621\u0629 \u0627\u0644\u0645\u064f\u0642\u062f\u0651\u0631\" \/>\n\t<meta name=\"twitter:data1\" content=\"\u062f\u0642\u064a\u0642\u0629 \u0648\u0627\u062d\u062f\u0629\" \/>\n<script type=\"application\/ld+json\" class=\"yoast-schema-graph\">{\"@context\":\"https:\/\/schema.org\",\"@graph\":[{\"@type\":\"WebPage\",\"@id\":\"https:\/\/nirigs.com\/product\/fragrance-into-the-night-236-ml\/\",\"url\":\"https:\/\/nirigs.com\/product\/fragrance-into-the-night-236-ml\/\",\"name\":\"Bath and Body Works - Parfum pour la nuit - 236 ml - NIRIGS\",\"isPartOf\":{\"@id\":\"https:\/\/nirigs.com\/#website\"},\"primaryImageOfPage\":{\"@id\":\"https:\/\/nirigs.com\/product\/fragrance-into-the-night-236-ml\/#primaryimage\"},\"image\":{\"@id\":\"https:\/\/nirigs.com\/product\/fragrance-into-the-night-236-ml\/#primaryimage\"},\"thumbnailUrl\":\"https:\/\/nirigs.com\/wp-content\/uploads\/2024\/02\/Bath-and-Body-Works-\u2013-Parfum-pour-la-nuit-\u2013-236-ml-5.jpg\",\"datePublished\":\"2024-02-11T06:53:00+00:00\",\"dateModified\":\"2025-03-16T06:44:26+00:00\",\"breadcrumb\":{\"@id\":\"https:\/\/nirigs.com\/product\/fragrance-into-the-night-236-ml\/#breadcrumb\"},\"inLanguage\":\"ar\",\"potentialAction\":[{\"@type\":\"ReadAction\",\"target\":[\"https:\/\/nirigs.com\/product\/fragrance-into-the-night-236-ml\/\"]}]},{\"@type\":\"ImageObject\",\"inLanguage\":\"ar\",\"@id\":\"https:\/\/nirigs.com\/product\/fragrance-into-the-night-236-ml\/#primaryimage\",\"url\":\"https:\/\/nirigs.com\/wp-content\/uploads\/2024\/02\/Bath-and-Body-Works-\u2013-Parfum-pour-la-nuit-\u2013-236-ml-5.jpg\",\"contentUrl\":\"https:\/\/nirigs.com\/wp-content\/uploads\/2024\/02\/Bath-and-Body-Works-\u2013-Parfum-pour-la-nuit-\u2013-236-ml-5.jpg\",\"width\":1000,\"height\":1000},{\"@type\":\"BreadcrumbList\",\"@id\":\"https:\/\/nirigs.com\/product\/fragrance-into-the-night-236-ml\/#breadcrumb\",\"itemListElement\":[{\"@type\":\"ListItem\",\"position\":1,\"name\":\"Home\",\"item\":\"https:\/\/nirigs.com\/\"},{\"@type\":\"ListItem\",\"position\":2,\"name\":\"Parcourir\",\"item\":\"https:\/\/nirigs.com\/boutique\/\"},{\"@type\":\"ListItem\",\"position\":3,\"name\":\"Bath and Body Works &#8211; Parfum pour la nuit &#8211; 236 ml\"}]},{\"@type\":\"WebSite\",\"@id\":\"https:\/\/nirigs.com\/#website\",\"url\":\"https:\/\/nirigs.com\/\",\"name\":\"Nirigs.com\",\"description\":\"Simplifiez vos achats du quotidien \u00e0 Djibouti\",\"publisher\":{\"@id\":\"https:\/\/nirigs.com\/#organization\"},\"potentialAction\":[{\"@type\":\"SearchAction\",\"target\":{\"@type\":\"EntryPoint\",\"urlTemplate\":\"https:\/\/nirigs.com\/?s={search_term_string}\"},\"query-input\":{\"@type\":\"PropertyValueSpecification\",\"valueRequired\":true,\"valueName\":\"search_term_string\"}}],\"inLanguage\":\"ar\"},{\"@type\":\"Organization\",\"@id\":\"https:\/\/nirigs.com\/#organization\",\"name\":\"Nirigs\",\"url\":\"https:\/\/nirigs.com\/\",\"logo\":{\"@type\":\"ImageObject\",\"inLanguage\":\"ar\",\"@id\":\"https:\/\/nirigs.com\/#\/schema\/logo\/image\/\",\"url\":\"https:\/\/nirigs.com\/wp-content\/uploads\/2025\/04\/Design-sans-titre-27.png\",\"contentUrl\":\"https:\/\/nirigs.com\/wp-content\/uploads\/2025\/04\/Design-sans-titre-27.png\",\"width\":500,\"height\":500,\"caption\":\"Nirigs\"},\"image\":{\"@id\":\"https:\/\/nirigs.com\/#\/schema\/logo\/image\/\"}}]}<\/script>\n<!-- \/ Yoast SEO plugin. -->","yoast_head_json":{"title":"Bath and Body Works - Parfum pour la nuit - 236 ml - NIRIGS","robots":{"index":"index","follow":"follow","max-snippet":"max-snippet:-1","max-image-preview":"max-image-preview:large","max-video-preview":"max-video-preview:-1"},"canonical":"https:\/\/nirigs.com\/ar\/product\/fragrance-into-the-night-236-ml\/","og_locale":"ar_AR","og_type":"article","og_title":"Bath and Body Works - Parfum pour la nuit - 236 ml - NIRIGS","og_description":"Immergez-vous dans une nuit intemporelle, f\u00e9minine et s\u00e9duisante dans la ville avec le baignoire et le body works body spray\u00a0\u00ab\u00a0Dans","og_url":"https:\/\/nirigs.com\/ar\/product\/fragrance-into-the-night-236-ml\/","og_site_name":"NIRIGS","article_modified_time":"2025-03-16T06:44:26+00:00","og_image":[{"width":1000,"height":1000,"url":"https:\/\/nirigs.com\/wp-content\/uploads\/2024\/02\/Bath-and-Body-Works-\u2013-Parfum-pour-la-nuit-\u2013-236-ml-5.jpg","type":"image\/jpeg"}],"twitter_card":"summary_large_image","twitter_misc":{"\u0648\u0642\u062a \u0627\u0644\u0642\u0631\u0627\u0621\u0629 \u0627\u0644\u0645\u064f\u0642\u062f\u0651\u0631":"\u062f\u0642\u064a\u0642\u0629 \u0648\u0627\u062d\u062f\u0629"},"schema":{"@context":"https:\/\/schema.org","@graph":[{"@type":"WebPage","@id":"https:\/\/nirigs.com\/product\/fragrance-into-the-night-236-ml\/","url":"https:\/\/nirigs.com\/product\/fragrance-into-the-night-236-ml\/","name":"Bath and Body Works - Parfum pour la nuit - 236 ml - NIRIGS","isPartOf":{"@id":"https:\/\/nirigs.com\/#website"},"primaryImageOfPage":{"@id":"https:\/\/nirigs.com\/product\/fragrance-into-the-night-236-ml\/#primaryimage"},"image":{"@id":"https:\/\/nirigs.com\/product\/fragrance-into-the-night-236-ml\/#primaryimage"},"thumbnailUrl":"https:\/\/nirigs.com\/wp-content\/uploads\/2024\/02\/Bath-and-Body-Works-\u2013-Parfum-pour-la-nuit-\u2013-236-ml-5.jpg","datePublished":"2024-02-11T06:53:00+00:00","dateModified":"2025-03-16T06:44:26+00:00","breadcrumb":{"@id":"https:\/\/nirigs.com\/product\/fragrance-into-the-night-236-ml\/#breadcrumb"},"inLanguage":"ar","potentialAction":[{"@type":"ReadAction","target":["https:\/\/nirigs.com\/product\/fragrance-into-the-night-236-ml\/"]}]},{"@type":"ImageObject","inLanguage":"ar","@id":"https:\/\/nirigs.com\/product\/fragrance-into-the-night-236-ml\/#primaryimage","url":"https:\/\/nirigs.com\/wp-content\/uploads\/2024\/02\/Bath-and-Body-Works-\u2013-Parfum-pour-la-nuit-\u2013-236-ml-5.jpg","contentUrl":"https:\/\/nirigs.com\/wp-content\/uploads\/2024\/02\/Bath-and-Body-Works-\u2013-Parfum-pour-la-nuit-\u2013-236-ml-5.jpg","width":1000,"height":1000},{"@type":"BreadcrumbList","@id":"https:\/\/nirigs.com\/product\/fragrance-into-the-night-236-ml\/#breadcrumb","itemListElement":[{"@type":"ListItem","position":1,"name":"Home","item":"https:\/\/nirigs.com\/"},{"@type":"ListItem","position":2,"name":"Parcourir","item":"https:\/\/nirigs.com\/boutique\/"},{"@type":"ListItem","position":3,"name":"Bath and Body Works &#8211; Parfum pour la nuit &#8211; 236 ml"}]},{"@type":"WebSite","@id":"https:\/\/nirigs.com\/#website","url":"https:\/\/nirigs.com\/","name":"Nirigs.com","description":"Simplifiez vos achats du quotidien \u00e0 Djibouti","publisher":{"@id":"https:\/\/nirigs.com\/#organization"},"potentialAction":[{"@type":"SearchAction","target":{"@type":"EntryPoint","urlTemplate":"https:\/\/nirigs.com\/?s={search_term_string}"},"query-input":{"@type":"PropertyValueSpecification","valueRequired":true,"valueName":"search_term_string"}}],"inLanguage":"ar"},{"@type":"Organization","@id":"https:\/\/nirigs.com\/#organization","name":"\u0646\u064a\u0631\u064a\u062c\u0633","url":"https:\/\/nirigs.com\/","logo":{"@type":"ImageObject","inLanguage":"ar","@id":"https:\/\/nirigs.com\/#\/schema\/logo\/image\/","url":"https:\/\/nirigs.com\/wp-content\/uploads\/2025\/04\/Design-sans-titre-27.png","contentUrl":"https:\/\/nirigs.com\/wp-content\/uploads\/2025\/04\/Design-sans-titre-27.png","width":500,"height":500,"caption":"Nirigs"},"image":{"@id":"https:\/\/nirigs.com\/#\/schema\/logo\/image\/"}}]}},"brands":[{"id":624,"name":"\u0628\u0627\u062b \u0627\u0646\u062f \u0628\u0648\u062f\u064a \u0648\u0631\u0643\u0633","slug":"bath-body-works"}],"_links":{"self":[{"href":"https:\/\/nirigs.com\/ar\/wp-json\/wp\/v2\/product\/17236","targetHints":{"allow":["GET"]}}],"collection":[{"href":"https:\/\/nirigs.com\/ar\/wp-json\/wp\/v2\/product"}],"about":[{"href":"https:\/\/nirigs.com\/ar\/wp-json\/wp\/v2\/types\/product"}],"replies":[{"embeddable":true,"href":"https:\/\/nirigs.com\/ar\/wp-json\/wp\/v2\/comments?post=17236"}],"version-history":[{"count":7,"href":"https:\/\/nirigs.com\/ar\/wp-json\/wp\/v2\/product\/17236\/revisions"}],"predecessor-version":[{"id":25018,"href":"https:\/\/nirigs.com\/ar\/wp-json\/wp\/v2\/product\/17236\/revisions\/25018"}],"wp:featuredmedia":[{"embeddable":true,"href":"https:\/\/nirigs.com\/ar\/wp-json\/wp\/v2\/media\/25020"}],"wp:attachment":[{"href":"https:\/\/nirigs.com\/ar\/wp-json\/wp\/v2\/media?parent=17236"}],"wp:term":[{"taxonomy":"pwb-brand","embeddable":true,"href":"https:\/\/nirigs.com\/ar\/wp-json\/wp\/v2\/pwb-brand?post=17236"},{"taxonomy":"product_brand","embeddable":true,"href":"https:\/\/nirigs.com\/ar\/wp-json\/wp\/v2\/product_brand?post=17236"},{"taxonomy":"product_cat","embeddable":true,"href":"https:\/\/nirigs.com\/ar\/wp-json\/wp\/v2\/product_cat?post=17236"},{"taxonomy":"product_tag","embeddable":true,"href":"https:\/\/nirigs.com\/ar\/wp-json\/wp\/v2\/product_tag?post=17236"}],"curies":[{"name":"wp","href":"https:\/\/api.w.org\/{rel}","templated":true}]}}