{"id":17195,"date":"2024-02-06T20:24:02","date_gmt":"2024-02-06T17:24:02","guid":{"rendered":"https:\/\/nirigs.com\/product\/moisture-rx-hawaiian-ginger-anti-breakage-conditioner-355-ml\/"},"modified":"2025-06-06T08:00:15","modified_gmt":"2025-06-06T05:00:15","slug":"moisture-rx-hawaiian-ginger-anti-breakage-conditioner-355-ml","status":"publish","type":"product","link":"https:\/\/nirigs.com\/ar\/product\/moisture-rx-hawaiian-ginger-anti-breakage-conditioner-355-ml\/","title":{"rendered":"\u0645\u064a\u0644\u064a \u2013 \u0628\u0644\u0633\u0645 \u0645\u0631\u0637\u0628 \u0645\u0636\u0627\u062f \u0644\u0644\u062a\u0643\u0633\u0631 \u0645\u0648\u064a\u0633\u062a\u0634\u0631 \u0622\u0631 \u0625\u0643\u0633 \u0647\u0627\u0648\u0627\u064a\u0627\u0646 \u062c\u064a\u0646\u062c\u0631 \u2013 355 \u0645\u0644"},"content":{"rendered":"<p>Revitalisant hydratant anti-casse avec des ingr\u00e9dients naturels formul\u00e9s pour fournir de l\u2019humidit\u00e9 et de l\u2019hydratation, en veillant \u00e0 ce que chaque cheveu soit conditionn\u00e9.<\/p>\n<h4>\u064a\u0633\u062a\u062e\u062f\u0645<\/h4>\n<p>Appliquez cet apr\u00e8s-shampoing hydratant et anti-casse sur les cheveux mouill\u00e9s apr\u00e8s le shampooing de la racine \u00e0 la pointe. Laisser agir pendant 10 \u00e0 15 minutes et rincer abondamment.<\/p>\n<h4>\u0645\u0643\u0648\u0646\u0627\u062a<\/h4>\n<p>Eau (Aqua, Eau), Alcool c\u00e9t\u00e9arylique, Palmitate d\u2019isopropyle, Alcool c\u00e9tylique, Parfum (Parfum), Glyc\u00e9rine, Succinate de diheptyle, Copolym\u00e8re de glyc\u00e9rine capryloylique\/acide s\u00e9bacique, Chlorure de b\u00e9hentrimonium, Dipropyl\u00e8ne glycol, Huile de noyau d\u2019Argania Spinosa (Argan), Huile de Persea Gratissima (Avocat), Jus de feuille d\u2019Aloe Barbadensis (d\u00e9color\u00e9), Ph\u00e9noxy\u00e9thanol, Caprylyl Glycol, \u00c9thylhexylglyc\u00e9rine, Huile de Prunus Amygdalus Dulcis (Amande douce), Huile de Cocos Nucifera (Noix de coco), Esylate d\u2019isoleucinate de brassicyle, Alcool de Brassica, Esters de c\u00e9tyle, huile de racine de Zingiber Officinale (gingembre), panth\u00e9nol, prot\u00e9ine d\u2019avoine hydrolys\u00e9e, extrait de fruit de Vaccinium Myrtillus, extrait de Saccharum Officinarum (canne \u00e0 sucre), extrait d\u2019Acer Saccharinum (\u00e9rable \u00e0 sucre), extrait de fruit de Citrus Aurantium Dulcis (orange), extrait de fruit de Citrus Limon (citron), huile de graines de Rosa Moschata (\u00e9glantier), acide citrique.<\/p>","protected":false},"excerpt":{"rendered":"<p>Revitalisant hydratant anti-casse avec des ingr\u00e9dients naturels formul\u00e9s pour fournir de l\u2019humidit\u00e9 et de l\u2019hydratation, en veillant \u00e0 ce que<\/p>","protected":false},"featured_media":24210,"comment_status":"open","ping_status":"closed","template":"","meta":[],"pwb-brand":[757],"product_brand":[],"product_cat":[1025,267,1022,1024],"product_tag":[],"class_list":{"0":"post-17195","1":"product","2":"type-product","3":"status-publish","4":"has-post-thumbnail","6":"pwb-brand-mielle","7":"product_cat-apres-shampooings","8":"product_cat-beaute-et-soins","9":"product_cat-coiffures-et-soins-des-cheveux","10":"product_cat-soins-des-cheveux","12":"first","13":"outofstock","14":"shipping-taxable","15":"purchasable","16":"product-type-simple"},"yoast_head":"<!-- This site is optimized with the Yoast SEO plugin v27.1.1 - https:\/\/yoast.com\/product\/yoast-seo-wordpress\/ -->\n<title>Mielle - Apr\u00e8s-shampooing hydratant anti-casse Moisture RX Hawaiian Ginger - 355 ml - NIRIGS<\/title>\n<meta name=\"robots\" content=\"index, follow, max-snippet:-1, max-image-preview:large, max-video-preview:-1\" \/>\n<link rel=\"canonical\" href=\"https:\/\/nirigs.com\/ar\/product\/moisture-rx-hawaiian-ginger-anti-breakage-conditioner-355-ml\/\" \/>\n<meta property=\"og:locale\" content=\"ar_AR\" \/>\n<meta property=\"og:type\" content=\"article\" \/>\n<meta property=\"og:title\" content=\"Mielle - Apr\u00e8s-shampooing hydratant anti-casse Moisture RX Hawaiian Ginger - 355 ml - NIRIGS\" \/>\n<meta property=\"og:description\" content=\"Revitalisant hydratant anti-casse avec des ingr\u00e9dients naturels formul\u00e9s pour fournir de l\u2019humidit\u00e9 et de l\u2019hydratation, en veillant \u00e0 ce que\" \/>\n<meta property=\"og:url\" content=\"https:\/\/nirigs.com\/ar\/product\/moisture-rx-hawaiian-ginger-anti-breakage-conditioner-355-ml\/\" \/>\n<meta property=\"og:site_name\" content=\"NIRIGS\" \/>\n<meta property=\"article:modified_time\" content=\"2025-06-06T05:00:15+00:00\" \/>\n<meta property=\"og:image\" content=\"https:\/\/nirigs.com\/wp-content\/uploads\/2024\/02\/Mielle-\u2013-Apres-shampooing-hydratant-anti-casse-Moisture-RX-Hawaiian-Ginger-\u2013-355-ml.jpg\" \/>\n\t<meta property=\"og:image:width\" content=\"1000\" \/>\n\t<meta property=\"og:image:height\" content=\"1000\" \/>\n\t<meta property=\"og:image:type\" content=\"image\/jpeg\" \/>\n<meta name=\"twitter:card\" content=\"summary_large_image\" \/>\n<meta name=\"twitter:label1\" content=\"\u0648\u0642\u062a \u0627\u0644\u0642\u0631\u0627\u0621\u0629 \u0627\u0644\u0645\u064f\u0642\u062f\u0651\u0631\" \/>\n\t<meta name=\"twitter:data1\" content=\"\u062f\u0642\u064a\u0642\u0629 \u0648\u0627\u062d\u062f\u0629\" \/>\n<script type=\"application\/ld+json\" class=\"yoast-schema-graph\">{\"@context\":\"https:\/\/schema.org\",\"@graph\":[{\"@type\":\"WebPage\",\"@id\":\"https:\/\/nirigs.com\/product\/moisture-rx-hawaiian-ginger-anti-breakage-conditioner-355-ml\/\",\"url\":\"https:\/\/nirigs.com\/product\/moisture-rx-hawaiian-ginger-anti-breakage-conditioner-355-ml\/\",\"name\":\"Mielle - Apr\u00e8s-shampooing hydratant anti-casse Moisture RX Hawaiian Ginger - 355 ml - NIRIGS\",\"isPartOf\":{\"@id\":\"https:\/\/nirigs.com\/#website\"},\"primaryImageOfPage\":{\"@id\":\"https:\/\/nirigs.com\/product\/moisture-rx-hawaiian-ginger-anti-breakage-conditioner-355-ml\/#primaryimage\"},\"image\":{\"@id\":\"https:\/\/nirigs.com\/product\/moisture-rx-hawaiian-ginger-anti-breakage-conditioner-355-ml\/#primaryimage\"},\"thumbnailUrl\":\"https:\/\/nirigs.com\/wp-content\/uploads\/2024\/02\/Mielle-\u2013-Apres-shampooing-hydratant-anti-casse-Moisture-RX-Hawaiian-Ginger-\u2013-355-ml.jpg\",\"datePublished\":\"2024-02-06T17:24:02+00:00\",\"dateModified\":\"2025-06-06T05:00:15+00:00\",\"breadcrumb\":{\"@id\":\"https:\/\/nirigs.com\/product\/moisture-rx-hawaiian-ginger-anti-breakage-conditioner-355-ml\/#breadcrumb\"},\"inLanguage\":\"ar\",\"potentialAction\":[{\"@type\":\"ReadAction\",\"target\":[\"https:\/\/nirigs.com\/product\/moisture-rx-hawaiian-ginger-anti-breakage-conditioner-355-ml\/\"]}]},{\"@type\":\"ImageObject\",\"inLanguage\":\"ar\",\"@id\":\"https:\/\/nirigs.com\/product\/moisture-rx-hawaiian-ginger-anti-breakage-conditioner-355-ml\/#primaryimage\",\"url\":\"https:\/\/nirigs.com\/wp-content\/uploads\/2024\/02\/Mielle-\u2013-Apres-shampooing-hydratant-anti-casse-Moisture-RX-Hawaiian-Ginger-\u2013-355-ml.jpg\",\"contentUrl\":\"https:\/\/nirigs.com\/wp-content\/uploads\/2024\/02\/Mielle-\u2013-Apres-shampooing-hydratant-anti-casse-Moisture-RX-Hawaiian-Ginger-\u2013-355-ml.jpg\",\"width\":1000,\"height\":1000},{\"@type\":\"BreadcrumbList\",\"@id\":\"https:\/\/nirigs.com\/product\/moisture-rx-hawaiian-ginger-anti-breakage-conditioner-355-ml\/#breadcrumb\",\"itemListElement\":[{\"@type\":\"ListItem\",\"position\":1,\"name\":\"Home\",\"item\":\"https:\/\/nirigs.com\/\"},{\"@type\":\"ListItem\",\"position\":2,\"name\":\"Parcourir\",\"item\":\"https:\/\/nirigs.com\/boutique\/\"},{\"@type\":\"ListItem\",\"position\":3,\"name\":\"Mielle &#8211; Apr\u00e8s-shampooing hydratant anti-casse Moisture RX Hawaiian Ginger &#8211; 355 ml\"}]},{\"@type\":\"WebSite\",\"@id\":\"https:\/\/nirigs.com\/#website\",\"url\":\"https:\/\/nirigs.com\/\",\"name\":\"Nirigs.com\",\"description\":\"Simplifiez vos achats du quotidien \u00e0 Djibouti\",\"publisher\":{\"@id\":\"https:\/\/nirigs.com\/#organization\"},\"potentialAction\":[{\"@type\":\"SearchAction\",\"target\":{\"@type\":\"EntryPoint\",\"urlTemplate\":\"https:\/\/nirigs.com\/?s={search_term_string}\"},\"query-input\":{\"@type\":\"PropertyValueSpecification\",\"valueRequired\":true,\"valueName\":\"search_term_string\"}}],\"inLanguage\":\"ar\"},{\"@type\":\"Organization\",\"@id\":\"https:\/\/nirigs.com\/#organization\",\"name\":\"Nirigs\",\"url\":\"https:\/\/nirigs.com\/\",\"logo\":{\"@type\":\"ImageObject\",\"inLanguage\":\"ar\",\"@id\":\"https:\/\/nirigs.com\/#\/schema\/logo\/image\/\",\"url\":\"https:\/\/nirigs.com\/wp-content\/uploads\/2025\/04\/Design-sans-titre-27.png\",\"contentUrl\":\"https:\/\/nirigs.com\/wp-content\/uploads\/2025\/04\/Design-sans-titre-27.png\",\"width\":500,\"height\":500,\"caption\":\"Nirigs\"},\"image\":{\"@id\":\"https:\/\/nirigs.com\/#\/schema\/logo\/image\/\"}}]}<\/script>\n<!-- \/ Yoast SEO plugin. -->","yoast_head_json":{"title":"Mielle - Apr\u00e8s-shampooing hydratant anti-casse Moisture RX Hawaiian Ginger - 355 ml - NIRIGS","robots":{"index":"index","follow":"follow","max-snippet":"max-snippet:-1","max-image-preview":"max-image-preview:large","max-video-preview":"max-video-preview:-1"},"canonical":"https:\/\/nirigs.com\/ar\/product\/moisture-rx-hawaiian-ginger-anti-breakage-conditioner-355-ml\/","og_locale":"ar_AR","og_type":"article","og_title":"Mielle - Apr\u00e8s-shampooing hydratant anti-casse Moisture RX Hawaiian Ginger - 355 ml - NIRIGS","og_description":"Revitalisant hydratant anti-casse avec des ingr\u00e9dients naturels formul\u00e9s pour fournir de l\u2019humidit\u00e9 et de l\u2019hydratation, en veillant \u00e0 ce que","og_url":"https:\/\/nirigs.com\/ar\/product\/moisture-rx-hawaiian-ginger-anti-breakage-conditioner-355-ml\/","og_site_name":"NIRIGS","article_modified_time":"2025-06-06T05:00:15+00:00","og_image":[{"width":1000,"height":1000,"url":"https:\/\/nirigs.com\/wp-content\/uploads\/2024\/02\/Mielle-\u2013-Apres-shampooing-hydratant-anti-casse-Moisture-RX-Hawaiian-Ginger-\u2013-355-ml.jpg","type":"image\/jpeg"}],"twitter_card":"summary_large_image","twitter_misc":{"\u0648\u0642\u062a \u0627\u0644\u0642\u0631\u0627\u0621\u0629 \u0627\u0644\u0645\u064f\u0642\u062f\u0651\u0631":"\u062f\u0642\u064a\u0642\u0629 \u0648\u0627\u062d\u062f\u0629"},"schema":{"@context":"https:\/\/schema.org","@graph":[{"@type":"WebPage","@id":"https:\/\/nirigs.com\/product\/moisture-rx-hawaiian-ginger-anti-breakage-conditioner-355-ml\/","url":"https:\/\/nirigs.com\/product\/moisture-rx-hawaiian-ginger-anti-breakage-conditioner-355-ml\/","name":"Mielle - Apr\u00e8s-shampooing hydratant anti-casse Moisture RX Hawaiian Ginger - 355 ml - NIRIGS","isPartOf":{"@id":"https:\/\/nirigs.com\/#website"},"primaryImageOfPage":{"@id":"https:\/\/nirigs.com\/product\/moisture-rx-hawaiian-ginger-anti-breakage-conditioner-355-ml\/#primaryimage"},"image":{"@id":"https:\/\/nirigs.com\/product\/moisture-rx-hawaiian-ginger-anti-breakage-conditioner-355-ml\/#primaryimage"},"thumbnailUrl":"https:\/\/nirigs.com\/wp-content\/uploads\/2024\/02\/Mielle-\u2013-Apres-shampooing-hydratant-anti-casse-Moisture-RX-Hawaiian-Ginger-\u2013-355-ml.jpg","datePublished":"2024-02-06T17:24:02+00:00","dateModified":"2025-06-06T05:00:15+00:00","breadcrumb":{"@id":"https:\/\/nirigs.com\/product\/moisture-rx-hawaiian-ginger-anti-breakage-conditioner-355-ml\/#breadcrumb"},"inLanguage":"ar","potentialAction":[{"@type":"ReadAction","target":["https:\/\/nirigs.com\/product\/moisture-rx-hawaiian-ginger-anti-breakage-conditioner-355-ml\/"]}]},{"@type":"ImageObject","inLanguage":"ar","@id":"https:\/\/nirigs.com\/product\/moisture-rx-hawaiian-ginger-anti-breakage-conditioner-355-ml\/#primaryimage","url":"https:\/\/nirigs.com\/wp-content\/uploads\/2024\/02\/Mielle-\u2013-Apres-shampooing-hydratant-anti-casse-Moisture-RX-Hawaiian-Ginger-\u2013-355-ml.jpg","contentUrl":"https:\/\/nirigs.com\/wp-content\/uploads\/2024\/02\/Mielle-\u2013-Apres-shampooing-hydratant-anti-casse-Moisture-RX-Hawaiian-Ginger-\u2013-355-ml.jpg","width":1000,"height":1000},{"@type":"BreadcrumbList","@id":"https:\/\/nirigs.com\/product\/moisture-rx-hawaiian-ginger-anti-breakage-conditioner-355-ml\/#breadcrumb","itemListElement":[{"@type":"ListItem","position":1,"name":"Home","item":"https:\/\/nirigs.com\/"},{"@type":"ListItem","position":2,"name":"Parcourir","item":"https:\/\/nirigs.com\/boutique\/"},{"@type":"ListItem","position":3,"name":"Mielle &#8211; Apr\u00e8s-shampooing hydratant anti-casse Moisture RX Hawaiian Ginger &#8211; 355 ml"}]},{"@type":"WebSite","@id":"https:\/\/nirigs.com\/#website","url":"https:\/\/nirigs.com\/","name":"Nirigs.com","description":"Simplifiez vos achats du quotidien \u00e0 Djibouti","publisher":{"@id":"https:\/\/nirigs.com\/#organization"},"potentialAction":[{"@type":"SearchAction","target":{"@type":"EntryPoint","urlTemplate":"https:\/\/nirigs.com\/?s={search_term_string}"},"query-input":{"@type":"PropertyValueSpecification","valueRequired":true,"valueName":"search_term_string"}}],"inLanguage":"ar"},{"@type":"Organization","@id":"https:\/\/nirigs.com\/#organization","name":"\u0646\u064a\u0631\u064a\u062c\u0633","url":"https:\/\/nirigs.com\/","logo":{"@type":"ImageObject","inLanguage":"ar","@id":"https:\/\/nirigs.com\/#\/schema\/logo\/image\/","url":"https:\/\/nirigs.com\/wp-content\/uploads\/2025\/04\/Design-sans-titre-27.png","contentUrl":"https:\/\/nirigs.com\/wp-content\/uploads\/2025\/04\/Design-sans-titre-27.png","width":500,"height":500,"caption":"Nirigs"},"image":{"@id":"https:\/\/nirigs.com\/#\/schema\/logo\/image\/"}}]}},"brands":[{"id":757,"name":"\u0645\u0639\u0633\u0644","slug":"mielle"}],"_links":{"self":[{"href":"https:\/\/nirigs.com\/ar\/wp-json\/wp\/v2\/product\/17195","targetHints":{"allow":["GET"]}}],"collection":[{"href":"https:\/\/nirigs.com\/ar\/wp-json\/wp\/v2\/product"}],"about":[{"href":"https:\/\/nirigs.com\/ar\/wp-json\/wp\/v2\/types\/product"}],"replies":[{"embeddable":true,"href":"https:\/\/nirigs.com\/ar\/wp-json\/wp\/v2\/comments?post=17195"}],"version-history":[{"count":7,"href":"https:\/\/nirigs.com\/ar\/wp-json\/wp\/v2\/product\/17195\/revisions"}],"predecessor-version":[{"id":24212,"href":"https:\/\/nirigs.com\/ar\/wp-json\/wp\/v2\/product\/17195\/revisions\/24212"}],"wp:featuredmedia":[{"embeddable":true,"href":"https:\/\/nirigs.com\/ar\/wp-json\/wp\/v2\/media\/24210"}],"wp:attachment":[{"href":"https:\/\/nirigs.com\/ar\/wp-json\/wp\/v2\/media?parent=17195"}],"wp:term":[{"taxonomy":"pwb-brand","embeddable":true,"href":"https:\/\/nirigs.com\/ar\/wp-json\/wp\/v2\/pwb-brand?post=17195"},{"taxonomy":"product_brand","embeddable":true,"href":"https:\/\/nirigs.com\/ar\/wp-json\/wp\/v2\/product_brand?post=17195"},{"taxonomy":"product_cat","embeddable":true,"href":"https:\/\/nirigs.com\/ar\/wp-json\/wp\/v2\/product_cat?post=17195"},{"taxonomy":"product_tag","embeddable":true,"href":"https:\/\/nirigs.com\/ar\/wp-json\/wp\/v2\/product_tag?post=17195"}],"curies":[{"name":"wp","href":"https:\/\/api.w.org\/{rel}","templated":true}]}}