{"id":17181,"date":"2024-02-06T09:29:39","date_gmt":"2024-02-06T06:29:39","guid":{"rendered":"https:\/\/nirigs.com\/product\/fragrance-blackberry-basil\/"},"modified":"2026-03-04T19:50:45","modified_gmt":"2026-03-04T16:50:45","slug":"bath-and-body-works-parfum-blackberry-basil-236-ml","status":"publish","type":"product","link":"https:\/\/nirigs.com\/ar\/product\/bath-and-body-works-parfum-blackberry-basil-236-ml\/","title":{"rendered":"Bath and Body Works &#8211; Parfum Blackberry &#038; Basil &#8211; 236 ml"},"content":{"rendered":"<p>Fleurissez dans un jardin plein de p\u00e9tales ensoleill\u00e9s et rem\u00e9morez vous tous les doux souvenirs avec cette brume de parfum m\u00fbre et basilic. Ce parfum aromatique et fruit\u00e9 en vaporisateur pour femmes contient des notes de m\u00fbre fra\u00eeche, de pomelo rose, de basilic sucr\u00e9 et de p\u00e9tales de jasmin. Soyez douce et sentez vous rafra\u00eechie tous les jours !<\/p>\n<p>Voici pourquoi vous l&rsquo;adorerez\u00a0:<\/p>\n<ul class=\"pdp_ov_ul\">\n<li>La meilleure fa\u00e7on de se parfumer<\/li>\n<li>Con\u00e7ue pour une couverture optimale<\/li>\n<li>Ne contient pas de parab\u00e8nes<\/li>\n<li>Test\u00e9e par des dermatologues<\/li>\n<li>Bouteille compos\u00e9e \u00e0 50 % de plastique recycl\u00e9<\/li>\n<\/ul>\n<h4 class=\"mv0 lh-copy f5 pb1 dark-gray\"><strong>\u0645\u0643\u0648\u0646\u0627\u062a<\/strong><\/h4>\n<p class=\"mv0 lh-copy f6 mid-gray\">Alcohol Denat., Water\/Aqua\/Eau, Fragrance\/Parfum, Propylene Glycol, Butylene Glycol, PEG-40 Hydrogenated Castor Oil, Vaccinium Myrtillus Fruit Extract, Ocimum Basilicum (Basil) Oil, Limonene, Linalool, Coumarin, Geraniol, Citral, Citronellol, Eugenol, Farnesol, Isoeugenol.<\/p>","protected":false},"excerpt":{"rendered":"<p>Fleurissez dans un jardin plein de p\u00e9tales ensoleill\u00e9s et rem\u00e9morez vous tous les doux souvenirs avec cette brume de parfum<\/p>","protected":false},"featured_media":24243,"comment_status":"open","ping_status":"closed","template":"","meta":[],"pwb-brand":[624],"product_brand":[],"product_cat":[267,304],"product_tag":[],"class_list":{"0":"post-17181","1":"product","2":"type-product","3":"status-publish","4":"has-post-thumbnail","6":"pwb-brand-bath-body-works","7":"product_cat-beaute-et-soins","8":"product_cat-parfums","10":"first","11":"outofstock","12":"shipping-taxable","13":"purchasable","14":"product-type-simple"},"yoast_head":"<!-- This site is optimized with the Yoast SEO plugin v27.4 - https:\/\/yoast.com\/product\/yoast-seo-wordpress\/ -->\n<title>Bath and Body Works - Parfum Blackberry &amp; Basil - 236 ml - NIRIGS<\/title>\n<meta name=\"robots\" content=\"index, follow, max-snippet:-1, max-image-preview:large, max-video-preview:-1\" \/>\n<link rel=\"canonical\" href=\"https:\/\/nirigs.com\/ar\/product\/bath-and-body-works-parfum-blackberry-basil-236-ml\/\" \/>\n<meta property=\"og:locale\" content=\"ar_AR\" \/>\n<meta property=\"og:type\" content=\"article\" \/>\n<meta property=\"og:title\" content=\"Bath and Body Works - Parfum Blackberry &amp; Basil - 236 ml - NIRIGS\" \/>\n<meta property=\"og:description\" content=\"Fleurissez dans un jardin plein de p\u00e9tales ensoleill\u00e9s et rem\u00e9morez vous tous les doux souvenirs avec cette brume de parfum\" \/>\n<meta property=\"og:url\" content=\"https:\/\/nirigs.com\/ar\/product\/bath-and-body-works-parfum-blackberry-basil-236-ml\/\" \/>\n<meta property=\"og:site_name\" content=\"NIRIGS\" \/>\n<meta property=\"article:modified_time\" content=\"2026-03-04T16:50:45+00:00\" \/>\n<meta property=\"og:image\" content=\"https:\/\/nirigs.com\/wp-content\/uploads\/2024\/02\/Bath-Body-Works-\u2013-Parfum-Mure-Basilic-\u2013-236-ml.jpg\" \/>\n\t<meta property=\"og:image:width\" content=\"1000\" \/>\n\t<meta property=\"og:image:height\" content=\"1000\" \/>\n\t<meta property=\"og:image:type\" content=\"image\/jpeg\" \/>\n<meta name=\"twitter:card\" content=\"summary_large_image\" \/>\n<meta name=\"twitter:label1\" content=\"\u0648\u0642\u062a \u0627\u0644\u0642\u0631\u0627\u0621\u0629 \u0627\u0644\u0645\u064f\u0642\u062f\u0651\u0631\" \/>\n\t<meta name=\"twitter:data1\" content=\"\u062f\u0642\u064a\u0642\u0629 \u0648\u0627\u062d\u062f\u0629\" \/>\n<script type=\"application\/ld+json\" class=\"yoast-schema-graph\">{\"@context\":\"https:\\\/\\\/schema.org\",\"@graph\":[{\"@type\":\"WebPage\",\"@id\":\"https:\\\/\\\/nirigs.com\\\/product\\\/bath-and-body-works-parfum-blackberry-basil-236-ml\\\/\",\"url\":\"https:\\\/\\\/nirigs.com\\\/product\\\/bath-and-body-works-parfum-blackberry-basil-236-ml\\\/\",\"name\":\"Bath and Body Works - Parfum Blackberry & Basil - 236 ml - NIRIGS\",\"isPartOf\":{\"@id\":\"https:\\\/\\\/nirigs.com\\\/#website\"},\"primaryImageOfPage\":{\"@id\":\"https:\\\/\\\/nirigs.com\\\/product\\\/bath-and-body-works-parfum-blackberry-basil-236-ml\\\/#primaryimage\"},\"image\":{\"@id\":\"https:\\\/\\\/nirigs.com\\\/product\\\/bath-and-body-works-parfum-blackberry-basil-236-ml\\\/#primaryimage\"},\"thumbnailUrl\":\"https:\\\/\\\/nirigs.com\\\/wp-content\\\/uploads\\\/2024\\\/02\\\/Bath-Body-Works-\u2013-Parfum-Mure-Basilic-\u2013-236-ml.jpg\",\"datePublished\":\"2024-02-06T06:29:39+00:00\",\"dateModified\":\"2026-03-04T16:50:45+00:00\",\"breadcrumb\":{\"@id\":\"https:\\\/\\\/nirigs.com\\\/product\\\/bath-and-body-works-parfum-blackberry-basil-236-ml\\\/#breadcrumb\"},\"inLanguage\":\"ar\",\"potentialAction\":[{\"@type\":\"ReadAction\",\"target\":[\"https:\\\/\\\/nirigs.com\\\/product\\\/bath-and-body-works-parfum-blackberry-basil-236-ml\\\/\"]}]},{\"@type\":\"ImageObject\",\"inLanguage\":\"ar\",\"@id\":\"https:\\\/\\\/nirigs.com\\\/product\\\/bath-and-body-works-parfum-blackberry-basil-236-ml\\\/#primaryimage\",\"url\":\"https:\\\/\\\/nirigs.com\\\/wp-content\\\/uploads\\\/2024\\\/02\\\/Bath-Body-Works-\u2013-Parfum-Mure-Basilic-\u2013-236-ml.jpg\",\"contentUrl\":\"https:\\\/\\\/nirigs.com\\\/wp-content\\\/uploads\\\/2024\\\/02\\\/Bath-Body-Works-\u2013-Parfum-Mure-Basilic-\u2013-236-ml.jpg\",\"width\":1000,\"height\":1000},{\"@type\":\"BreadcrumbList\",\"@id\":\"https:\\\/\\\/nirigs.com\\\/product\\\/bath-and-body-works-parfum-blackberry-basil-236-ml\\\/#breadcrumb\",\"itemListElement\":[{\"@type\":\"ListItem\",\"position\":1,\"name\":\"Home\",\"item\":\"https:\\\/\\\/nirigs.com\\\/\"},{\"@type\":\"ListItem\",\"position\":2,\"name\":\"Parcourir\",\"item\":\"https:\\\/\\\/nirigs.com\\\/boutique\\\/\"},{\"@type\":\"ListItem\",\"position\":3,\"name\":\"Bath and Body Works &#8211; Parfum Blackberry &#038; Basil &#8211; 236 ml\"}]},{\"@type\":\"WebSite\",\"@id\":\"https:\\\/\\\/nirigs.com\\\/#website\",\"url\":\"https:\\\/\\\/nirigs.com\\\/\",\"name\":\"Nirigs.com\",\"description\":\"Simplifiez vos achats du quotidien \u00e0 Djibouti\",\"publisher\":{\"@id\":\"https:\\\/\\\/nirigs.com\\\/#organization\"},\"potentialAction\":[{\"@type\":\"SearchAction\",\"target\":{\"@type\":\"EntryPoint\",\"urlTemplate\":\"https:\\\/\\\/nirigs.com\\\/?s={search_term_string}\"},\"query-input\":{\"@type\":\"PropertyValueSpecification\",\"valueRequired\":true,\"valueName\":\"search_term_string\"}}],\"inLanguage\":\"ar\"},{\"@type\":\"Organization\",\"@id\":\"https:\\\/\\\/nirigs.com\\\/#organization\",\"name\":\"Nirigs\",\"url\":\"https:\\\/\\\/nirigs.com\\\/\",\"logo\":{\"@type\":\"ImageObject\",\"inLanguage\":\"ar\",\"@id\":\"https:\\\/\\\/nirigs.com\\\/#\\\/schema\\\/logo\\\/image\\\/\",\"url\":\"https:\\\/\\\/nirigs.com\\\/wp-content\\\/uploads\\\/2025\\\/04\\\/Design-sans-titre-27.png\",\"contentUrl\":\"https:\\\/\\\/nirigs.com\\\/wp-content\\\/uploads\\\/2025\\\/04\\\/Design-sans-titre-27.png\",\"width\":500,\"height\":500,\"caption\":\"Nirigs\"},\"image\":{\"@id\":\"https:\\\/\\\/nirigs.com\\\/#\\\/schema\\\/logo\\\/image\\\/\"}}]}<\/script>\n<!-- \/ Yoast SEO plugin. -->","yoast_head_json":{"title":"Bath and Body Works - Parfum Blackberry & Basil - 236 ml - NIRIGS","robots":{"index":"index","follow":"follow","max-snippet":"max-snippet:-1","max-image-preview":"max-image-preview:large","max-video-preview":"max-video-preview:-1"},"canonical":"https:\/\/nirigs.com\/ar\/product\/bath-and-body-works-parfum-blackberry-basil-236-ml\/","og_locale":"ar_AR","og_type":"article","og_title":"Bath and Body Works - Parfum Blackberry & Basil - 236 ml - NIRIGS","og_description":"Fleurissez dans un jardin plein de p\u00e9tales ensoleill\u00e9s et rem\u00e9morez vous tous les doux souvenirs avec cette brume de parfum","og_url":"https:\/\/nirigs.com\/ar\/product\/bath-and-body-works-parfum-blackberry-basil-236-ml\/","og_site_name":"NIRIGS","article_modified_time":"2026-03-04T16:50:45+00:00","og_image":[{"width":1000,"height":1000,"url":"https:\/\/nirigs.com\/wp-content\/uploads\/2024\/02\/Bath-Body-Works-\u2013-Parfum-Mure-Basilic-\u2013-236-ml.jpg","type":"image\/jpeg"}],"twitter_card":"summary_large_image","twitter_misc":{"\u0648\u0642\u062a \u0627\u0644\u0642\u0631\u0627\u0621\u0629 \u0627\u0644\u0645\u064f\u0642\u062f\u0651\u0631":"\u062f\u0642\u064a\u0642\u0629 \u0648\u0627\u062d\u062f\u0629"},"schema":{"@context":"https:\/\/schema.org","@graph":[{"@type":"WebPage","@id":"https:\/\/nirigs.com\/product\/bath-and-body-works-parfum-blackberry-basil-236-ml\/","url":"https:\/\/nirigs.com\/product\/bath-and-body-works-parfum-blackberry-basil-236-ml\/","name":"Bath and Body Works - Parfum Blackberry & Basil - 236 ml - NIRIGS","isPartOf":{"@id":"https:\/\/nirigs.com\/#website"},"primaryImageOfPage":{"@id":"https:\/\/nirigs.com\/product\/bath-and-body-works-parfum-blackberry-basil-236-ml\/#primaryimage"},"image":{"@id":"https:\/\/nirigs.com\/product\/bath-and-body-works-parfum-blackberry-basil-236-ml\/#primaryimage"},"thumbnailUrl":"https:\/\/nirigs.com\/wp-content\/uploads\/2024\/02\/Bath-Body-Works-\u2013-Parfum-Mure-Basilic-\u2013-236-ml.jpg","datePublished":"2024-02-06T06:29:39+00:00","dateModified":"2026-03-04T16:50:45+00:00","breadcrumb":{"@id":"https:\/\/nirigs.com\/product\/bath-and-body-works-parfum-blackberry-basil-236-ml\/#breadcrumb"},"inLanguage":"ar","potentialAction":[{"@type":"ReadAction","target":["https:\/\/nirigs.com\/product\/bath-and-body-works-parfum-blackberry-basil-236-ml\/"]}]},{"@type":"ImageObject","inLanguage":"ar","@id":"https:\/\/nirigs.com\/product\/bath-and-body-works-parfum-blackberry-basil-236-ml\/#primaryimage","url":"https:\/\/nirigs.com\/wp-content\/uploads\/2024\/02\/Bath-Body-Works-\u2013-Parfum-Mure-Basilic-\u2013-236-ml.jpg","contentUrl":"https:\/\/nirigs.com\/wp-content\/uploads\/2024\/02\/Bath-Body-Works-\u2013-Parfum-Mure-Basilic-\u2013-236-ml.jpg","width":1000,"height":1000},{"@type":"BreadcrumbList","@id":"https:\/\/nirigs.com\/product\/bath-and-body-works-parfum-blackberry-basil-236-ml\/#breadcrumb","itemListElement":[{"@type":"ListItem","position":1,"name":"Home","item":"https:\/\/nirigs.com\/"},{"@type":"ListItem","position":2,"name":"Parcourir","item":"https:\/\/nirigs.com\/boutique\/"},{"@type":"ListItem","position":3,"name":"Bath and Body Works &#8211; Parfum Blackberry &#038; Basil &#8211; 236 ml"}]},{"@type":"WebSite","@id":"https:\/\/nirigs.com\/#website","url":"https:\/\/nirigs.com\/","name":"Nirigs.com","description":"Simplifiez vos achats du quotidien \u00e0 Djibouti","publisher":{"@id":"https:\/\/nirigs.com\/#organization"},"potentialAction":[{"@type":"SearchAction","target":{"@type":"EntryPoint","urlTemplate":"https:\/\/nirigs.com\/?s={search_term_string}"},"query-input":{"@type":"PropertyValueSpecification","valueRequired":true,"valueName":"search_term_string"}}],"inLanguage":"ar"},{"@type":"Organization","@id":"https:\/\/nirigs.com\/#organization","name":"\u0646\u064a\u0631\u064a\u062c\u0633","url":"https:\/\/nirigs.com\/","logo":{"@type":"ImageObject","inLanguage":"ar","@id":"https:\/\/nirigs.com\/#\/schema\/logo\/image\/","url":"https:\/\/nirigs.com\/wp-content\/uploads\/2025\/04\/Design-sans-titre-27.png","contentUrl":"https:\/\/nirigs.com\/wp-content\/uploads\/2025\/04\/Design-sans-titre-27.png","width":500,"height":500,"caption":"Nirigs"},"image":{"@id":"https:\/\/nirigs.com\/#\/schema\/logo\/image\/"}}]}},"brands":[{"id":624,"name":"\u0628\u0627\u062b \u0627\u0646\u062f \u0628\u0648\u062f\u064a \u0648\u0631\u0643\u0633","slug":"bath-body-works"}],"_links":{"self":[{"href":"https:\/\/nirigs.com\/ar\/wp-json\/wp\/v2\/product\/17181","targetHints":{"allow":["GET"]}}],"collection":[{"href":"https:\/\/nirigs.com\/ar\/wp-json\/wp\/v2\/product"}],"about":[{"href":"https:\/\/nirigs.com\/ar\/wp-json\/wp\/v2\/types\/product"}],"replies":[{"embeddable":true,"href":"https:\/\/nirigs.com\/ar\/wp-json\/wp\/v2\/comments?post=17181"}],"version-history":[{"count":9,"href":"https:\/\/nirigs.com\/ar\/wp-json\/wp\/v2\/product\/17181\/revisions"}],"predecessor-version":[{"id":27630,"href":"https:\/\/nirigs.com\/ar\/wp-json\/wp\/v2\/product\/17181\/revisions\/27630"}],"wp:featuredmedia":[{"embeddable":true,"href":"https:\/\/nirigs.com\/ar\/wp-json\/wp\/v2\/media\/24243"}],"wp:attachment":[{"href":"https:\/\/nirigs.com\/ar\/wp-json\/wp\/v2\/media?parent=17181"}],"wp:term":[{"taxonomy":"pwb-brand","embeddable":true,"href":"https:\/\/nirigs.com\/ar\/wp-json\/wp\/v2\/pwb-brand?post=17181"},{"taxonomy":"product_brand","embeddable":true,"href":"https:\/\/nirigs.com\/ar\/wp-json\/wp\/v2\/product_brand?post=17181"},{"taxonomy":"product_cat","embeddable":true,"href":"https:\/\/nirigs.com\/ar\/wp-json\/wp\/v2\/product_cat?post=17181"},{"taxonomy":"product_tag","embeddable":true,"href":"https:\/\/nirigs.com\/ar\/wp-json\/wp\/v2\/product_tag?post=17181"}],"curies":[{"name":"wp","href":"https:\/\/api.w.org\/{rel}","templated":true}]}}