{"id":17177,"date":"2024-02-06T09:18:08","date_gmt":"2024-02-06T06:18:08","guid":{"rendered":"https:\/\/nirigs.com\/product\/fragrance-midnight-amber-glow-236-ml\/"},"modified":"2026-03-04T19:53:02","modified_gmt":"2026-03-04T16:53:02","slug":"fragrance-midnight-amber-glow-236-ml","status":"publish","type":"product","link":"https:\/\/nirigs.com\/ar\/product\/fragrance-midnight-amber-glow-236-ml\/","title":{"rendered":"\u0628\u0627\u062b \u0627\u0646\u062f \u0628\u0648\u062f\u064a \u0648\u0631\u0643\u0633 \u2013 \u0639\u0637\u0631 \u0645\u064a\u062f\u0646\u0627\u064a\u062a \u0622\u0645\u0628\u0631 \u062c\u0644\u0648 \u2013 236 \u0645\u0644"},"content":{"rendered":"<p>Bath And Body Works Vaporisateur de brume pour le corps. Qu&rsquo;il s&rsquo;agisse d&rsquo;une vaporisation abondante ou d&rsquo;un l\u00e9ger pschitt, vous tomberez amoureuse d\u00e8s la premi\u00e8re brume. Notre flacon soigneusement con\u00e7u et notre pompe sophistiqu\u00e9e offrent une grande couverture tandis que la brume revitalisante test\u00e9e par les dermatologues nourrit la peau pour la mani\u00e8re la plus l\u00e9g\u00e8re et la plus rafra\u00eechissante de se parfumer !<\/p>\n<div class=\"flex max-w-full flex-col flex-grow\">\n<div class=\"min-h-8 text-message flex w-full flex-col items-end gap-2 whitespace-normal break-words [.text-message+&amp;]:mt-5\" dir=\"auto\" data-message-author-role=\"assistant\" data-message-id=\"dfb6bcca-5727-4093-95e6-e80d9de0bcee\" data-message-model-slug=\"gpt-4o\">\n<div class=\"flex w-full flex-col gap-1 empty:hidden first:pt-[3px]\">\n<div class=\"markdown prose w-full break-words dark:prose-invert light\">\n<p>Se d\u00e9tendre avec un dernier verre chaud lors d&rsquo;une fra\u00eeche soir\u00e9e d&rsquo;automne, juste apr\u00e8s la douche ou \u00e0 chaque fois que vous avez besoin d&rsquo;un coup de fouet. riche, chaleureux et sucr\u00e9 avec des notes d&rsquo;ambre doux, de latte au caramel et de bourbon \u00e0 la vanille. Nous aimons m\u00eame le vaporiser sur toute la surface de la peau avant de sortir de la maison.<\/p>\n<p>C&rsquo;est une nouvelle interpr\u00e9tation des couleurs intemporelles de la beaut\u00e9 qui laisse votre empreinte charmante partout. Une brume parfum\u00e9e pour la peau, avec un \u00e9clat radieux gr\u00e2ce \u00e0 l&rsquo;intensit\u00e9 de l&rsquo;ambre qui vous enveloppe d&rsquo;un sentiment de luxe et de distinction.<\/p>\n<h4>Ingr\u00e9dient<\/h4>\n<p>Fragrance (Parfum)(Fragrance Ingredient), PPG-2 Methyl Ether Acetate(88917-22-0, Solvent), Isopropyl Myristate(110-27-0, Solvent), Benzyl Salicylate(118-58-1), Pentaerythrityl Tetra-di-t-butyl Hydroxyhydrocinnamate(6683-19-8, Stabilizer), Hydroxycitronellal(107-75-5), Benzotriazolyl Dodecyl p-Cresol(125304-04-3, Stabilizer), Limonene(5989-27-5), Benzyl Benzoate(120-51-4), Benzyl Alcohol(100-51-6), Linalool(78-70-6), Citronellol(106-22-9), Alpha-Isomethyl Ionone(127-51-5), PPG-3 Methyl Ether(37286-64-9, Solvent), Propylene Glycol(57-55-6, Solvent), Denatonium Benzoate(3734-33-6, Denaturant), Dipropylene Glycol(25265-71-8, Solvent).<\/p>\n<\/div>\n<\/div>\n<\/div>\n<\/div>\n","protected":false},"excerpt":{"rendered":"<p>Bath And Body Works Vaporisateur de brume pour le corps. Qu&rsquo;il s&rsquo;agisse d&rsquo;une vaporisation abondante ou d&rsquo;un l\u00e9ger pschitt, vous<\/p>","protected":false},"featured_media":24254,"comment_status":"open","ping_status":"closed","template":"","meta":[],"pwb-brand":[624],"product_brand":[],"product_cat":[267,304],"product_tag":[],"class_list":{"0":"post-17177","1":"product","2":"type-product","3":"status-publish","4":"has-post-thumbnail","6":"pwb-brand-bath-body-works","7":"product_cat-beaute-et-soins","8":"product_cat-parfums","10":"first","11":"outofstock","12":"shipping-taxable","13":"purchasable","14":"product-type-simple"},"yoast_head":"<!-- This site is optimized with the Yoast SEO plugin v27.1.1 - https:\/\/yoast.com\/product\/yoast-seo-wordpress\/ -->\n<title>Bath and Body Works - Parfum Midnight Amber Glow - 236 ml - NIRIGS<\/title>\n<meta name=\"robots\" content=\"index, follow, max-snippet:-1, max-image-preview:large, max-video-preview:-1\" \/>\n<link rel=\"canonical\" href=\"https:\/\/nirigs.com\/ar\/product\/fragrance-midnight-amber-glow-236-ml\/\" \/>\n<meta property=\"og:locale\" content=\"ar_AR\" \/>\n<meta property=\"og:type\" content=\"article\" \/>\n<meta property=\"og:title\" content=\"Bath and Body Works - Parfum Midnight Amber Glow - 236 ml - NIRIGS\" \/>\n<meta property=\"og:description\" content=\"Bath And Body Works Vaporisateur de brume pour le corps. Qu&rsquo;il s&rsquo;agisse d&rsquo;une vaporisation abondante ou d&rsquo;un l\u00e9ger pschitt, vous\" \/>\n<meta property=\"og:url\" content=\"https:\/\/nirigs.com\/ar\/product\/fragrance-midnight-amber-glow-236-ml\/\" \/>\n<meta property=\"og:site_name\" content=\"NIRIGS\" \/>\n<meta property=\"article:modified_time\" content=\"2026-03-04T16:53:02+00:00\" \/>\n<meta property=\"og:image\" content=\"https:\/\/nirigs.com\/wp-content\/uploads\/2024\/02\/Bath-and-Body-Works-\u2013-Parfum-Midnight-Amber-Glow-\u2013-236-ml.jpg\" \/>\n\t<meta property=\"og:image:width\" content=\"1000\" \/>\n\t<meta property=\"og:image:height\" content=\"1000\" \/>\n\t<meta property=\"og:image:type\" content=\"image\/jpeg\" \/>\n<meta name=\"twitter:card\" content=\"summary_large_image\" \/>\n<meta name=\"twitter:label1\" content=\"\u0648\u0642\u062a \u0627\u0644\u0642\u0631\u0627\u0621\u0629 \u0627\u0644\u0645\u064f\u0642\u062f\u0651\u0631\" \/>\n\t<meta name=\"twitter:data1\" content=\"\u062f\u0642\u064a\u0642\u062a\u0627\u0646\" \/>\n<script type=\"application\/ld+json\" class=\"yoast-schema-graph\">{\"@context\":\"https:\/\/schema.org\",\"@graph\":[{\"@type\":\"WebPage\",\"@id\":\"https:\/\/nirigs.com\/product\/fragrance-midnight-amber-glow-236-ml\/\",\"url\":\"https:\/\/nirigs.com\/product\/fragrance-midnight-amber-glow-236-ml\/\",\"name\":\"Bath and Body Works - Parfum Midnight Amber Glow - 236 ml - NIRIGS\",\"isPartOf\":{\"@id\":\"https:\/\/nirigs.com\/#website\"},\"primaryImageOfPage\":{\"@id\":\"https:\/\/nirigs.com\/product\/fragrance-midnight-amber-glow-236-ml\/#primaryimage\"},\"image\":{\"@id\":\"https:\/\/nirigs.com\/product\/fragrance-midnight-amber-glow-236-ml\/#primaryimage\"},\"thumbnailUrl\":\"https:\/\/nirigs.com\/wp-content\/uploads\/2024\/02\/Bath-and-Body-Works-\u2013-Parfum-Midnight-Amber-Glow-\u2013-236-ml.jpg\",\"datePublished\":\"2024-02-06T06:18:08+00:00\",\"dateModified\":\"2026-03-04T16:53:02+00:00\",\"breadcrumb\":{\"@id\":\"https:\/\/nirigs.com\/product\/fragrance-midnight-amber-glow-236-ml\/#breadcrumb\"},\"inLanguage\":\"ar\",\"potentialAction\":[{\"@type\":\"ReadAction\",\"target\":[\"https:\/\/nirigs.com\/product\/fragrance-midnight-amber-glow-236-ml\/\"]}]},{\"@type\":\"ImageObject\",\"inLanguage\":\"ar\",\"@id\":\"https:\/\/nirigs.com\/product\/fragrance-midnight-amber-glow-236-ml\/#primaryimage\",\"url\":\"https:\/\/nirigs.com\/wp-content\/uploads\/2024\/02\/Bath-and-Body-Works-\u2013-Parfum-Midnight-Amber-Glow-\u2013-236-ml.jpg\",\"contentUrl\":\"https:\/\/nirigs.com\/wp-content\/uploads\/2024\/02\/Bath-and-Body-Works-\u2013-Parfum-Midnight-Amber-Glow-\u2013-236-ml.jpg\",\"width\":1000,\"height\":1000},{\"@type\":\"BreadcrumbList\",\"@id\":\"https:\/\/nirigs.com\/product\/fragrance-midnight-amber-glow-236-ml\/#breadcrumb\",\"itemListElement\":[{\"@type\":\"ListItem\",\"position\":1,\"name\":\"Home\",\"item\":\"https:\/\/nirigs.com\/\"},{\"@type\":\"ListItem\",\"position\":2,\"name\":\"Parcourir\",\"item\":\"https:\/\/nirigs.com\/boutique\/\"},{\"@type\":\"ListItem\",\"position\":3,\"name\":\"Bath and Body Works &#8211; Parfum Midnight Amber Glow &#8211; 236 ml\"}]},{\"@type\":\"WebSite\",\"@id\":\"https:\/\/nirigs.com\/#website\",\"url\":\"https:\/\/nirigs.com\/\",\"name\":\"Nirigs.com\",\"description\":\"Simplifiez vos achats du quotidien \u00e0 Djibouti\",\"publisher\":{\"@id\":\"https:\/\/nirigs.com\/#organization\"},\"potentialAction\":[{\"@type\":\"SearchAction\",\"target\":{\"@type\":\"EntryPoint\",\"urlTemplate\":\"https:\/\/nirigs.com\/?s={search_term_string}\"},\"query-input\":{\"@type\":\"PropertyValueSpecification\",\"valueRequired\":true,\"valueName\":\"search_term_string\"}}],\"inLanguage\":\"ar\"},{\"@type\":\"Organization\",\"@id\":\"https:\/\/nirigs.com\/#organization\",\"name\":\"Nirigs\",\"url\":\"https:\/\/nirigs.com\/\",\"logo\":{\"@type\":\"ImageObject\",\"inLanguage\":\"ar\",\"@id\":\"https:\/\/nirigs.com\/#\/schema\/logo\/image\/\",\"url\":\"https:\/\/nirigs.com\/wp-content\/uploads\/2025\/04\/Design-sans-titre-27.png\",\"contentUrl\":\"https:\/\/nirigs.com\/wp-content\/uploads\/2025\/04\/Design-sans-titre-27.png\",\"width\":500,\"height\":500,\"caption\":\"Nirigs\"},\"image\":{\"@id\":\"https:\/\/nirigs.com\/#\/schema\/logo\/image\/\"}}]}<\/script>\n<!-- \/ Yoast SEO plugin. -->","yoast_head_json":{"title":"Bath and Body Works - Parfum Midnight Amber Glow - 236 ml - NIRIGS","robots":{"index":"index","follow":"follow","max-snippet":"max-snippet:-1","max-image-preview":"max-image-preview:large","max-video-preview":"max-video-preview:-1"},"canonical":"https:\/\/nirigs.com\/ar\/product\/fragrance-midnight-amber-glow-236-ml\/","og_locale":"ar_AR","og_type":"article","og_title":"Bath and Body Works - Parfum Midnight Amber Glow - 236 ml - NIRIGS","og_description":"Bath And Body Works Vaporisateur de brume pour le corps. Qu&rsquo;il s&rsquo;agisse d&rsquo;une vaporisation abondante ou d&rsquo;un l\u00e9ger pschitt, vous","og_url":"https:\/\/nirigs.com\/ar\/product\/fragrance-midnight-amber-glow-236-ml\/","og_site_name":"NIRIGS","article_modified_time":"2026-03-04T16:53:02+00:00","og_image":[{"width":1000,"height":1000,"url":"https:\/\/nirigs.com\/wp-content\/uploads\/2024\/02\/Bath-and-Body-Works-\u2013-Parfum-Midnight-Amber-Glow-\u2013-236-ml.jpg","type":"image\/jpeg"}],"twitter_card":"summary_large_image","twitter_misc":{"\u0648\u0642\u062a \u0627\u0644\u0642\u0631\u0627\u0621\u0629 \u0627\u0644\u0645\u064f\u0642\u062f\u0651\u0631":"\u062f\u0642\u064a\u0642\u062a\u0627\u0646"},"schema":{"@context":"https:\/\/schema.org","@graph":[{"@type":"WebPage","@id":"https:\/\/nirigs.com\/product\/fragrance-midnight-amber-glow-236-ml\/","url":"https:\/\/nirigs.com\/product\/fragrance-midnight-amber-glow-236-ml\/","name":"Bath and Body Works - Parfum Midnight Amber Glow - 236 ml - NIRIGS","isPartOf":{"@id":"https:\/\/nirigs.com\/#website"},"primaryImageOfPage":{"@id":"https:\/\/nirigs.com\/product\/fragrance-midnight-amber-glow-236-ml\/#primaryimage"},"image":{"@id":"https:\/\/nirigs.com\/product\/fragrance-midnight-amber-glow-236-ml\/#primaryimage"},"thumbnailUrl":"https:\/\/nirigs.com\/wp-content\/uploads\/2024\/02\/Bath-and-Body-Works-\u2013-Parfum-Midnight-Amber-Glow-\u2013-236-ml.jpg","datePublished":"2024-02-06T06:18:08+00:00","dateModified":"2026-03-04T16:53:02+00:00","breadcrumb":{"@id":"https:\/\/nirigs.com\/product\/fragrance-midnight-amber-glow-236-ml\/#breadcrumb"},"inLanguage":"ar","potentialAction":[{"@type":"ReadAction","target":["https:\/\/nirigs.com\/product\/fragrance-midnight-amber-glow-236-ml\/"]}]},{"@type":"ImageObject","inLanguage":"ar","@id":"https:\/\/nirigs.com\/product\/fragrance-midnight-amber-glow-236-ml\/#primaryimage","url":"https:\/\/nirigs.com\/wp-content\/uploads\/2024\/02\/Bath-and-Body-Works-\u2013-Parfum-Midnight-Amber-Glow-\u2013-236-ml.jpg","contentUrl":"https:\/\/nirigs.com\/wp-content\/uploads\/2024\/02\/Bath-and-Body-Works-\u2013-Parfum-Midnight-Amber-Glow-\u2013-236-ml.jpg","width":1000,"height":1000},{"@type":"BreadcrumbList","@id":"https:\/\/nirigs.com\/product\/fragrance-midnight-amber-glow-236-ml\/#breadcrumb","itemListElement":[{"@type":"ListItem","position":1,"name":"Home","item":"https:\/\/nirigs.com\/"},{"@type":"ListItem","position":2,"name":"Parcourir","item":"https:\/\/nirigs.com\/boutique\/"},{"@type":"ListItem","position":3,"name":"Bath and Body Works &#8211; Parfum Midnight Amber Glow &#8211; 236 ml"}]},{"@type":"WebSite","@id":"https:\/\/nirigs.com\/#website","url":"https:\/\/nirigs.com\/","name":"Nirigs.com","description":"Simplifiez vos achats du quotidien \u00e0 Djibouti","publisher":{"@id":"https:\/\/nirigs.com\/#organization"},"potentialAction":[{"@type":"SearchAction","target":{"@type":"EntryPoint","urlTemplate":"https:\/\/nirigs.com\/?s={search_term_string}"},"query-input":{"@type":"PropertyValueSpecification","valueRequired":true,"valueName":"search_term_string"}}],"inLanguage":"ar"},{"@type":"Organization","@id":"https:\/\/nirigs.com\/#organization","name":"\u0646\u064a\u0631\u064a\u062c\u0633","url":"https:\/\/nirigs.com\/","logo":{"@type":"ImageObject","inLanguage":"ar","@id":"https:\/\/nirigs.com\/#\/schema\/logo\/image\/","url":"https:\/\/nirigs.com\/wp-content\/uploads\/2025\/04\/Design-sans-titre-27.png","contentUrl":"https:\/\/nirigs.com\/wp-content\/uploads\/2025\/04\/Design-sans-titre-27.png","width":500,"height":500,"caption":"Nirigs"},"image":{"@id":"https:\/\/nirigs.com\/#\/schema\/logo\/image\/"}}]}},"brands":[{"id":624,"name":"\u0628\u0627\u062b \u0627\u0646\u062f \u0628\u0648\u062f\u064a \u0648\u0631\u0643\u0633","slug":"bath-body-works"}],"_links":{"self":[{"href":"https:\/\/nirigs.com\/ar\/wp-json\/wp\/v2\/product\/17177","targetHints":{"allow":["GET"]}}],"collection":[{"href":"https:\/\/nirigs.com\/ar\/wp-json\/wp\/v2\/product"}],"about":[{"href":"https:\/\/nirigs.com\/ar\/wp-json\/wp\/v2\/types\/product"}],"replies":[{"embeddable":true,"href":"https:\/\/nirigs.com\/ar\/wp-json\/wp\/v2\/comments?post=17177"}],"version-history":[{"count":10,"href":"https:\/\/nirigs.com\/ar\/wp-json\/wp\/v2\/product\/17177\/revisions"}],"predecessor-version":[{"id":24251,"href":"https:\/\/nirigs.com\/ar\/wp-json\/wp\/v2\/product\/17177\/revisions\/24251"}],"wp:featuredmedia":[{"embeddable":true,"href":"https:\/\/nirigs.com\/ar\/wp-json\/wp\/v2\/media\/24254"}],"wp:attachment":[{"href":"https:\/\/nirigs.com\/ar\/wp-json\/wp\/v2\/media?parent=17177"}],"wp:term":[{"taxonomy":"pwb-brand","embeddable":true,"href":"https:\/\/nirigs.com\/ar\/wp-json\/wp\/v2\/pwb-brand?post=17177"},{"taxonomy":"product_brand","embeddable":true,"href":"https:\/\/nirigs.com\/ar\/wp-json\/wp\/v2\/product_brand?post=17177"},{"taxonomy":"product_cat","embeddable":true,"href":"https:\/\/nirigs.com\/ar\/wp-json\/wp\/v2\/product_cat?post=17177"},{"taxonomy":"product_tag","embeddable":true,"href":"https:\/\/nirigs.com\/ar\/wp-json\/wp\/v2\/product_tag?post=17177"}],"curies":[{"name":"wp","href":"https:\/\/api.w.org\/{rel}","templated":true}]}}