{"id":17168,"date":"2024-02-05T17:33:29","date_gmt":"2024-02-05T14:33:29","guid":{"rendered":"https:\/\/nirigs.com\/product\/fragrance-prismatic-stars-236-ml\/"},"modified":"2025-03-16T09:52:11","modified_gmt":"2025-03-16T06:52:11","slug":"fragrance-prismatic-stars-236-ml","status":"publish","type":"product","link":"https:\/\/nirigs.com\/ar\/product\/fragrance-prismatic-stars-236-ml\/","title":{"rendered":"\u0628\u0627\u062b \u0627\u0646\u062f \u0628\u0648\u062f\u064a \u0648\u0631\u0643\u0633 \u2013 \u0639\u0637\u0631 \u0628\u0631\u064a\u0632\u0645\u0627\u062a\u064a\u0643 \u0633\u062a\u0627\u0631\u0632 \u2013 236 \u0645\u0644"},"content":{"rendered":"<p>Eclaboussez vous g\u00e9n\u00e9reusement ou pschittez l\u00e9g\u00e8rement, dans tous les cas, vous tomberez amoureuse d\u00e8s la premi\u00e8re brume. Notre flacon soigneusement con\u00e7u et notre pompe sophistiqu\u00e9e offrent une grande couverture avec des notes de poussi\u00e8re de framboise, prune mystique et cachemire cosmique.<\/p>\n<p>Il parfume votre peau avec une brume l\u00e9g\u00e8re comme l&rsquo;air qui peut \u00eatre superpos\u00e9e avec la fa\u00e7on la plus authentique de se parfumer Con\u00e7u pour une grande couvrance Fabriqu\u00e9 sans parab\u00e8nes Test\u00e9 par des dermatologues Flacon fabriqu\u00e9 \u00e0 partir de 50 % de plastique recycl\u00e9.<\/p>\n<p>&nbsp;<\/p>\n<h4>\u0627\u0644\u0645\u0643\u0648\u0646<\/h4>\n<div id=\"importantInformation_feature_div\" class=\"celwidget\" data-feature-name=\"importantInformation\" data-csa-c-type=\"widget\" data-csa-c-content-id=\"importantInformation\" data-csa-c-slot-id=\"importantInformation_feature_div\" data-csa-c-asin=\"\" data-csa-c-is-in-initial-active-row=\"false\" data-csa-c-id=\"vw2d9c-9p7jvb-xwoimt-opwlj9\" data-cel-widget=\"importantInformation_feature_div\">\n<div id=\"important-information\" class=\"a-section a-spacing-extra-large bucket\">\n<div class=\"a-section content\">\n<p>Fragrance (Parfum)(Fragrance Ingredient), PPG-2 Methyl Ether Acetate(88917-22-0, Solvent), Isopropyl Myristate(110-27-0, Solvent), Benzyl Salicylate(118-58-1), Pentaerythrityl Tetra-di-t-butyl Hydroxyhydrocinnamate(6683-19-8, Stabilizer), Hydroxycitronellal(107-75-5), Benzotriazolyl Dodecyl p-Cresol(125304-04-3, Stabilizer), Limonene(5989-27-5), Benzyl Benzoate(120-51-4), Benzyl Alcohol(100-51-6), Linalool(78-70-6), Citronellol(106-22-9), Alpha-Isomethyl Ionone(127-51-5), PPG-3 Methyl Ether(37286-64-9, Solvent), Propylene Glycol(57-55-6, Solvent), Denatonium Benzoate(3734-33-6, Denaturant), Dipropylene Glycol(25265-71-8, Solvent), Solvent Red 8(72968-71-9, Colorant).<\/p>\n<\/div>\n<\/div>\n<\/div>","protected":false},"excerpt":{"rendered":"<p>Eclaboussez vous g\u00e9n\u00e9reusement ou pschittez l\u00e9g\u00e8rement, dans tous les cas, vous tomberez amoureuse d\u00e8s la premi\u00e8re brume. Notre flacon soigneusement<\/p>","protected":false},"featured_media":24271,"comment_status":"open","ping_status":"closed","template":"","meta":[],"pwb-brand":[624],"product_brand":[],"product_cat":[267,304],"product_tag":[],"class_list":{"0":"post-17168","1":"product","2":"type-product","3":"status-publish","4":"has-post-thumbnail","6":"pwb-brand-bath-body-works","7":"product_cat-beaute-et-soins","8":"product_cat-parfums","10":"first","11":"instock","12":"shipping-taxable","13":"purchasable","14":"product-type-simple"},"yoast_head":"<!-- This site is optimized with the Yoast SEO plugin v27.1.1 - https:\/\/yoast.com\/product\/yoast-seo-wordpress\/ -->\n<title>Bath and Body Works - Parfum \u00c9toiles Prismatiques - 236 ml - NIRIGS<\/title>\n<meta name=\"robots\" content=\"index, follow, max-snippet:-1, max-image-preview:large, max-video-preview:-1\" \/>\n<link rel=\"canonical\" href=\"https:\/\/nirigs.com\/ar\/product\/fragrance-prismatic-stars-236-ml\/\" \/>\n<meta property=\"og:locale\" content=\"ar_AR\" \/>\n<meta property=\"og:type\" content=\"article\" \/>\n<meta property=\"og:title\" content=\"Bath and Body Works - Parfum \u00c9toiles Prismatiques - 236 ml - NIRIGS\" \/>\n<meta property=\"og:description\" content=\"Eclaboussez vous g\u00e9n\u00e9reusement ou pschittez l\u00e9g\u00e8rement, dans tous les cas, vous tomberez amoureuse d\u00e8s la premi\u00e8re brume. Notre flacon soigneusement\" \/>\n<meta property=\"og:url\" content=\"https:\/\/nirigs.com\/ar\/product\/fragrance-prismatic-stars-236-ml\/\" \/>\n<meta property=\"og:site_name\" content=\"NIRIGS\" \/>\n<meta property=\"article:modified_time\" content=\"2025-03-16T06:52:11+00:00\" \/>\n<meta property=\"og:image\" content=\"https:\/\/nirigs.com\/wp-content\/uploads\/2024\/02\/Bath-and-Body-Works-\u2013-Parfum-Etoiles-Prismatiques-\u2013-236-ml.jpg\" \/>\n\t<meta property=\"og:image:width\" content=\"1000\" \/>\n\t<meta property=\"og:image:height\" content=\"1000\" \/>\n\t<meta property=\"og:image:type\" content=\"image\/jpeg\" \/>\n<meta name=\"twitter:card\" content=\"summary_large_image\" \/>\n<meta name=\"twitter:label1\" content=\"\u0648\u0642\u062a \u0627\u0644\u0642\u0631\u0627\u0621\u0629 \u0627\u0644\u0645\u064f\u0642\u062f\u0651\u0631\" \/>\n\t<meta name=\"twitter:data1\" content=\"\u062f\u0642\u064a\u0642\u0629 \u0648\u0627\u062d\u062f\u0629\" \/>\n<script type=\"application\/ld+json\" class=\"yoast-schema-graph\">{\"@context\":\"https:\/\/schema.org\",\"@graph\":[{\"@type\":\"WebPage\",\"@id\":\"https:\/\/nirigs.com\/product\/fragrance-prismatic-stars-236-ml\/\",\"url\":\"https:\/\/nirigs.com\/product\/fragrance-prismatic-stars-236-ml\/\",\"name\":\"Bath and Body Works - Parfum \u00c9toiles Prismatiques - 236 ml - NIRIGS\",\"isPartOf\":{\"@id\":\"https:\/\/nirigs.com\/#website\"},\"primaryImageOfPage\":{\"@id\":\"https:\/\/nirigs.com\/product\/fragrance-prismatic-stars-236-ml\/#primaryimage\"},\"image\":{\"@id\":\"https:\/\/nirigs.com\/product\/fragrance-prismatic-stars-236-ml\/#primaryimage\"},\"thumbnailUrl\":\"https:\/\/nirigs.com\/wp-content\/uploads\/2024\/02\/Bath-and-Body-Works-\u2013-Parfum-Etoiles-Prismatiques-\u2013-236-ml.jpg\",\"datePublished\":\"2024-02-05T14:33:29+00:00\",\"dateModified\":\"2025-03-16T06:52:11+00:00\",\"breadcrumb\":{\"@id\":\"https:\/\/nirigs.com\/product\/fragrance-prismatic-stars-236-ml\/#breadcrumb\"},\"inLanguage\":\"ar\",\"potentialAction\":[{\"@type\":\"ReadAction\",\"target\":[\"https:\/\/nirigs.com\/product\/fragrance-prismatic-stars-236-ml\/\"]}]},{\"@type\":\"ImageObject\",\"inLanguage\":\"ar\",\"@id\":\"https:\/\/nirigs.com\/product\/fragrance-prismatic-stars-236-ml\/#primaryimage\",\"url\":\"https:\/\/nirigs.com\/wp-content\/uploads\/2024\/02\/Bath-and-Body-Works-\u2013-Parfum-Etoiles-Prismatiques-\u2013-236-ml.jpg\",\"contentUrl\":\"https:\/\/nirigs.com\/wp-content\/uploads\/2024\/02\/Bath-and-Body-Works-\u2013-Parfum-Etoiles-Prismatiques-\u2013-236-ml.jpg\",\"width\":1000,\"height\":1000},{\"@type\":\"BreadcrumbList\",\"@id\":\"https:\/\/nirigs.com\/product\/fragrance-prismatic-stars-236-ml\/#breadcrumb\",\"itemListElement\":[{\"@type\":\"ListItem\",\"position\":1,\"name\":\"Home\",\"item\":\"https:\/\/nirigs.com\/\"},{\"@type\":\"ListItem\",\"position\":2,\"name\":\"Parcourir\",\"item\":\"https:\/\/nirigs.com\/boutique\/\"},{\"@type\":\"ListItem\",\"position\":3,\"name\":\"Bath and Body Works &#8211; Parfum \u00c9toiles Prismatiques &#8211; 236 ml\"}]},{\"@type\":\"WebSite\",\"@id\":\"https:\/\/nirigs.com\/#website\",\"url\":\"https:\/\/nirigs.com\/\",\"name\":\"Nirigs.com\",\"description\":\"Simplifiez vos achats du quotidien \u00e0 Djibouti\",\"publisher\":{\"@id\":\"https:\/\/nirigs.com\/#organization\"},\"potentialAction\":[{\"@type\":\"SearchAction\",\"target\":{\"@type\":\"EntryPoint\",\"urlTemplate\":\"https:\/\/nirigs.com\/?s={search_term_string}\"},\"query-input\":{\"@type\":\"PropertyValueSpecification\",\"valueRequired\":true,\"valueName\":\"search_term_string\"}}],\"inLanguage\":\"ar\"},{\"@type\":\"Organization\",\"@id\":\"https:\/\/nirigs.com\/#organization\",\"name\":\"Nirigs\",\"url\":\"https:\/\/nirigs.com\/\",\"logo\":{\"@type\":\"ImageObject\",\"inLanguage\":\"ar\",\"@id\":\"https:\/\/nirigs.com\/#\/schema\/logo\/image\/\",\"url\":\"https:\/\/nirigs.com\/wp-content\/uploads\/2025\/04\/Design-sans-titre-27.png\",\"contentUrl\":\"https:\/\/nirigs.com\/wp-content\/uploads\/2025\/04\/Design-sans-titre-27.png\",\"width\":500,\"height\":500,\"caption\":\"Nirigs\"},\"image\":{\"@id\":\"https:\/\/nirigs.com\/#\/schema\/logo\/image\/\"}}]}<\/script>\n<!-- \/ Yoast SEO plugin. -->","yoast_head_json":{"title":"Bath and Body Works - Parfum \u00c9toiles Prismatiques - 236 ml - NIRIGS","robots":{"index":"index","follow":"follow","max-snippet":"max-snippet:-1","max-image-preview":"max-image-preview:large","max-video-preview":"max-video-preview:-1"},"canonical":"https:\/\/nirigs.com\/ar\/product\/fragrance-prismatic-stars-236-ml\/","og_locale":"ar_AR","og_type":"article","og_title":"Bath and Body Works - Parfum \u00c9toiles Prismatiques - 236 ml - NIRIGS","og_description":"Eclaboussez vous g\u00e9n\u00e9reusement ou pschittez l\u00e9g\u00e8rement, dans tous les cas, vous tomberez amoureuse d\u00e8s la premi\u00e8re brume. Notre flacon soigneusement","og_url":"https:\/\/nirigs.com\/ar\/product\/fragrance-prismatic-stars-236-ml\/","og_site_name":"NIRIGS","article_modified_time":"2025-03-16T06:52:11+00:00","og_image":[{"width":1000,"height":1000,"url":"https:\/\/nirigs.com\/wp-content\/uploads\/2024\/02\/Bath-and-Body-Works-\u2013-Parfum-Etoiles-Prismatiques-\u2013-236-ml.jpg","type":"image\/jpeg"}],"twitter_card":"summary_large_image","twitter_misc":{"\u0648\u0642\u062a \u0627\u0644\u0642\u0631\u0627\u0621\u0629 \u0627\u0644\u0645\u064f\u0642\u062f\u0651\u0631":"\u062f\u0642\u064a\u0642\u0629 \u0648\u0627\u062d\u062f\u0629"},"schema":{"@context":"https:\/\/schema.org","@graph":[{"@type":"WebPage","@id":"https:\/\/nirigs.com\/product\/fragrance-prismatic-stars-236-ml\/","url":"https:\/\/nirigs.com\/product\/fragrance-prismatic-stars-236-ml\/","name":"Bath and Body Works - Parfum \u00c9toiles Prismatiques - 236 ml - NIRIGS","isPartOf":{"@id":"https:\/\/nirigs.com\/#website"},"primaryImageOfPage":{"@id":"https:\/\/nirigs.com\/product\/fragrance-prismatic-stars-236-ml\/#primaryimage"},"image":{"@id":"https:\/\/nirigs.com\/product\/fragrance-prismatic-stars-236-ml\/#primaryimage"},"thumbnailUrl":"https:\/\/nirigs.com\/wp-content\/uploads\/2024\/02\/Bath-and-Body-Works-\u2013-Parfum-Etoiles-Prismatiques-\u2013-236-ml.jpg","datePublished":"2024-02-05T14:33:29+00:00","dateModified":"2025-03-16T06:52:11+00:00","breadcrumb":{"@id":"https:\/\/nirigs.com\/product\/fragrance-prismatic-stars-236-ml\/#breadcrumb"},"inLanguage":"ar","potentialAction":[{"@type":"ReadAction","target":["https:\/\/nirigs.com\/product\/fragrance-prismatic-stars-236-ml\/"]}]},{"@type":"ImageObject","inLanguage":"ar","@id":"https:\/\/nirigs.com\/product\/fragrance-prismatic-stars-236-ml\/#primaryimage","url":"https:\/\/nirigs.com\/wp-content\/uploads\/2024\/02\/Bath-and-Body-Works-\u2013-Parfum-Etoiles-Prismatiques-\u2013-236-ml.jpg","contentUrl":"https:\/\/nirigs.com\/wp-content\/uploads\/2024\/02\/Bath-and-Body-Works-\u2013-Parfum-Etoiles-Prismatiques-\u2013-236-ml.jpg","width":1000,"height":1000},{"@type":"BreadcrumbList","@id":"https:\/\/nirigs.com\/product\/fragrance-prismatic-stars-236-ml\/#breadcrumb","itemListElement":[{"@type":"ListItem","position":1,"name":"Home","item":"https:\/\/nirigs.com\/"},{"@type":"ListItem","position":2,"name":"Parcourir","item":"https:\/\/nirigs.com\/boutique\/"},{"@type":"ListItem","position":3,"name":"Bath and Body Works &#8211; Parfum \u00c9toiles Prismatiques &#8211; 236 ml"}]},{"@type":"WebSite","@id":"https:\/\/nirigs.com\/#website","url":"https:\/\/nirigs.com\/","name":"Nirigs.com","description":"Simplifiez vos achats du quotidien \u00e0 Djibouti","publisher":{"@id":"https:\/\/nirigs.com\/#organization"},"potentialAction":[{"@type":"SearchAction","target":{"@type":"EntryPoint","urlTemplate":"https:\/\/nirigs.com\/?s={search_term_string}"},"query-input":{"@type":"PropertyValueSpecification","valueRequired":true,"valueName":"search_term_string"}}],"inLanguage":"ar"},{"@type":"Organization","@id":"https:\/\/nirigs.com\/#organization","name":"\u0646\u064a\u0631\u064a\u062c\u0633","url":"https:\/\/nirigs.com\/","logo":{"@type":"ImageObject","inLanguage":"ar","@id":"https:\/\/nirigs.com\/#\/schema\/logo\/image\/","url":"https:\/\/nirigs.com\/wp-content\/uploads\/2025\/04\/Design-sans-titre-27.png","contentUrl":"https:\/\/nirigs.com\/wp-content\/uploads\/2025\/04\/Design-sans-titre-27.png","width":500,"height":500,"caption":"Nirigs"},"image":{"@id":"https:\/\/nirigs.com\/#\/schema\/logo\/image\/"}}]}},"brands":[{"id":624,"name":"\u0628\u0627\u062b \u0627\u0646\u062f \u0628\u0648\u062f\u064a \u0648\u0631\u0643\u0633","slug":"bath-body-works"}],"_links":{"self":[{"href":"https:\/\/nirigs.com\/ar\/wp-json\/wp\/v2\/product\/17168","targetHints":{"allow":["GET"]}}],"collection":[{"href":"https:\/\/nirigs.com\/ar\/wp-json\/wp\/v2\/product"}],"about":[{"href":"https:\/\/nirigs.com\/ar\/wp-json\/wp\/v2\/types\/product"}],"replies":[{"embeddable":true,"href":"https:\/\/nirigs.com\/ar\/wp-json\/wp\/v2\/comments?post=17168"}],"version-history":[{"count":9,"href":"https:\/\/nirigs.com\/ar\/wp-json\/wp\/v2\/product\/17168\/revisions"}],"predecessor-version":[{"id":25005,"href":"https:\/\/nirigs.com\/ar\/wp-json\/wp\/v2\/product\/17168\/revisions\/25005"}],"wp:featuredmedia":[{"embeddable":true,"href":"https:\/\/nirigs.com\/ar\/wp-json\/wp\/v2\/media\/24271"}],"wp:attachment":[{"href":"https:\/\/nirigs.com\/ar\/wp-json\/wp\/v2\/media?parent=17168"}],"wp:term":[{"taxonomy":"pwb-brand","embeddable":true,"href":"https:\/\/nirigs.com\/ar\/wp-json\/wp\/v2\/pwb-brand?post=17168"},{"taxonomy":"product_brand","embeddable":true,"href":"https:\/\/nirigs.com\/ar\/wp-json\/wp\/v2\/product_brand?post=17168"},{"taxonomy":"product_cat","embeddable":true,"href":"https:\/\/nirigs.com\/ar\/wp-json\/wp\/v2\/product_cat?post=17168"},{"taxonomy":"product_tag","embeddable":true,"href":"https:\/\/nirigs.com\/ar\/wp-json\/wp\/v2\/product_tag?post=17168"}],"curies":[{"name":"wp","href":"https:\/\/api.w.org\/{rel}","templated":true}]}}