{"id":17158,"date":"2024-02-05T16:53:24","date_gmt":"2024-02-05T13:53:24","guid":{"rendered":"https:\/\/nirigs.com\/product\/fragrance-sapphire-moon-236ml\/"},"modified":"2026-03-04T20:04:51","modified_gmt":"2026-03-04T17:04:51","slug":"bath-and-body-works-parfum-sapphire-moon-236ml","status":"publish","type":"product","link":"https:\/\/nirigs.com\/ar\/product\/bath-and-body-works-parfum-sapphire-moon-236ml\/","title":{"rendered":"Bath and Body Works &#8211; Parfum Sapphire Moon &#8211; 236ml"},"content":{"rendered":"<p>Bath &amp; Body Works est une marque renomm\u00e9e au Moyen-Orient et \u00e0 l\u2019\u00e9chelle mondiale dans la production et la fabrication de fragrances luxueuses et uniques. Avec plus de 20 ans d\u2019exp\u00e9rience et des avantages comp\u00e9titifs, ses produits se vendent dans le monde entier.<\/p>\n<p>Le jus de poires fra\u00eeches, riche en parfum de freesia, satisfait votre respiration et vous revitalise.<\/p>\n<p>Les touches de musc velout\u00e9 vous offrent une nouvelle interpr\u00e9tation de la beaut\u00e9 intemporelle et ajoutent des d\u00e9tails de sensualit\u00e9.<\/p>\n<p>Une brume parfum\u00e9e pour la peau, avec une composition d\u00e9licate et harmonieuse qui refl\u00e8te l&rsquo;\u00e9quilibre int\u00e9rieur de votre personnalit\u00e9.<\/p>\n<h4>\u064a\u0633\u062a\u062e\u062f\u0645<\/h4>\n<p>Appliquez la cr\u00e8me pour le corps au besoin pour hydrater votre peau et vaporisez le parfum \u00e0 votre guise.<\/p>\n<h4>\u0627\u0644\u0645\u0643\u0648\u0646<\/h4>\n<p>Alcohol Denat., Water (Aqua, Eau), Propylene Glycol, Limonene, Linalool, Coumarin, Alpha-Isomethyl Ionone, Citral, Ethylhexyl Methoxycinnamate, Ext. Violet 2 (CI 60730), Ethylhexyl Salicylate, Butyl Methoxydibenzoylmethane, Yellow 5 (CI 19140), Blue 1 (CI 42090).<\/p>","protected":false},"excerpt":{"rendered":"<p>Bath &amp; Body Works est une marque renomm\u00e9e au Moyen-Orient et \u00e0 l\u2019\u00e9chelle mondiale dans la production et la fabrication<\/p>","protected":false},"featured_media":24344,"comment_status":"open","ping_status":"closed","template":"","meta":[],"pwb-brand":[624],"product_brand":[],"product_cat":[267,304],"product_tag":[],"class_list":{"0":"post-17158","1":"product","2":"type-product","3":"status-publish","4":"has-post-thumbnail","6":"pwb-brand-bath-body-works","7":"product_cat-beaute-et-soins","8":"product_cat-parfums","10":"first","11":"outofstock","12":"shipping-taxable","13":"purchasable","14":"product-type-simple"},"yoast_head":"<!-- This site is optimized with the Yoast SEO plugin v27.4 - https:\/\/yoast.com\/product\/yoast-seo-wordpress\/ -->\n<title>Bath and Body Works - Parfum Sapphire Moon - 236ml - NIRIGS<\/title>\n<meta name=\"robots\" content=\"index, follow, max-snippet:-1, max-image-preview:large, max-video-preview:-1\" \/>\n<link rel=\"canonical\" href=\"https:\/\/nirigs.com\/ar\/product\/bath-and-body-works-parfum-sapphire-moon-236ml\/\" \/>\n<meta property=\"og:locale\" content=\"ar_AR\" \/>\n<meta property=\"og:type\" content=\"article\" \/>\n<meta property=\"og:title\" content=\"Bath and Body Works - Parfum Sapphire Moon - 236ml - NIRIGS\" \/>\n<meta property=\"og:description\" content=\"Bath &amp; Body Works est une marque renomm\u00e9e au Moyen-Orient et \u00e0 l\u2019\u00e9chelle mondiale dans la production et la fabrication\" \/>\n<meta property=\"og:url\" content=\"https:\/\/nirigs.com\/ar\/product\/bath-and-body-works-parfum-sapphire-moon-236ml\/\" \/>\n<meta property=\"og:site_name\" content=\"NIRIGS\" \/>\n<meta property=\"article:modified_time\" content=\"2026-03-04T17:04:51+00:00\" \/>\n<meta property=\"og:image\" content=\"https:\/\/nirigs.com\/wp-content\/uploads\/2024\/02\/Bath-Body-Works-\u2013-Parfum-Saphir-Lune-\u2013-236ml-1.jpg\" \/>\n\t<meta property=\"og:image:width\" content=\"1000\" \/>\n\t<meta property=\"og:image:height\" content=\"1000\" \/>\n\t<meta property=\"og:image:type\" content=\"image\/jpeg\" \/>\n<meta name=\"twitter:card\" content=\"summary_large_image\" \/>\n<meta name=\"twitter:label1\" content=\"\u0648\u0642\u062a \u0627\u0644\u0642\u0631\u0627\u0621\u0629 \u0627\u0644\u0645\u064f\u0642\u062f\u0651\u0631\" \/>\n\t<meta name=\"twitter:data1\" content=\"\u062f\u0642\u064a\u0642\u0629 \u0648\u0627\u062d\u062f\u0629\" \/>\n<script type=\"application\/ld+json\" class=\"yoast-schema-graph\">{\"@context\":\"https:\\\/\\\/schema.org\",\"@graph\":[{\"@type\":\"WebPage\",\"@id\":\"https:\\\/\\\/nirigs.com\\\/product\\\/bath-and-body-works-parfum-sapphire-moon-236ml\\\/\",\"url\":\"https:\\\/\\\/nirigs.com\\\/product\\\/bath-and-body-works-parfum-sapphire-moon-236ml\\\/\",\"name\":\"Bath and Body Works - Parfum Sapphire Moon - 236ml - NIRIGS\",\"isPartOf\":{\"@id\":\"https:\\\/\\\/nirigs.com\\\/#website\"},\"primaryImageOfPage\":{\"@id\":\"https:\\\/\\\/nirigs.com\\\/product\\\/bath-and-body-works-parfum-sapphire-moon-236ml\\\/#primaryimage\"},\"image\":{\"@id\":\"https:\\\/\\\/nirigs.com\\\/product\\\/bath-and-body-works-parfum-sapphire-moon-236ml\\\/#primaryimage\"},\"thumbnailUrl\":\"https:\\\/\\\/nirigs.com\\\/wp-content\\\/uploads\\\/2024\\\/02\\\/Bath-Body-Works-\u2013-Parfum-Saphir-Lune-\u2013-236ml-1.jpg\",\"datePublished\":\"2024-02-05T13:53:24+00:00\",\"dateModified\":\"2026-03-04T17:04:51+00:00\",\"breadcrumb\":{\"@id\":\"https:\\\/\\\/nirigs.com\\\/product\\\/bath-and-body-works-parfum-sapphire-moon-236ml\\\/#breadcrumb\"},\"inLanguage\":\"ar\",\"potentialAction\":[{\"@type\":\"ReadAction\",\"target\":[\"https:\\\/\\\/nirigs.com\\\/product\\\/bath-and-body-works-parfum-sapphire-moon-236ml\\\/\"]}]},{\"@type\":\"ImageObject\",\"inLanguage\":\"ar\",\"@id\":\"https:\\\/\\\/nirigs.com\\\/product\\\/bath-and-body-works-parfum-sapphire-moon-236ml\\\/#primaryimage\",\"url\":\"https:\\\/\\\/nirigs.com\\\/wp-content\\\/uploads\\\/2024\\\/02\\\/Bath-Body-Works-\u2013-Parfum-Saphir-Lune-\u2013-236ml-1.jpg\",\"contentUrl\":\"https:\\\/\\\/nirigs.com\\\/wp-content\\\/uploads\\\/2024\\\/02\\\/Bath-Body-Works-\u2013-Parfum-Saphir-Lune-\u2013-236ml-1.jpg\",\"width\":1000,\"height\":1000},{\"@type\":\"BreadcrumbList\",\"@id\":\"https:\\\/\\\/nirigs.com\\\/product\\\/bath-and-body-works-parfum-sapphire-moon-236ml\\\/#breadcrumb\",\"itemListElement\":[{\"@type\":\"ListItem\",\"position\":1,\"name\":\"Home\",\"item\":\"https:\\\/\\\/nirigs.com\\\/\"},{\"@type\":\"ListItem\",\"position\":2,\"name\":\"Parcourir\",\"item\":\"https:\\\/\\\/nirigs.com\\\/boutique\\\/\"},{\"@type\":\"ListItem\",\"position\":3,\"name\":\"Bath and Body Works &#8211; Parfum Sapphire Moon &#8211; 236ml\"}]},{\"@type\":\"WebSite\",\"@id\":\"https:\\\/\\\/nirigs.com\\\/#website\",\"url\":\"https:\\\/\\\/nirigs.com\\\/\",\"name\":\"Nirigs.com\",\"description\":\"Simplifiez vos achats du quotidien \u00e0 Djibouti\",\"publisher\":{\"@id\":\"https:\\\/\\\/nirigs.com\\\/#organization\"},\"potentialAction\":[{\"@type\":\"SearchAction\",\"target\":{\"@type\":\"EntryPoint\",\"urlTemplate\":\"https:\\\/\\\/nirigs.com\\\/?s={search_term_string}\"},\"query-input\":{\"@type\":\"PropertyValueSpecification\",\"valueRequired\":true,\"valueName\":\"search_term_string\"}}],\"inLanguage\":\"ar\"},{\"@type\":\"Organization\",\"@id\":\"https:\\\/\\\/nirigs.com\\\/#organization\",\"name\":\"Nirigs\",\"url\":\"https:\\\/\\\/nirigs.com\\\/\",\"logo\":{\"@type\":\"ImageObject\",\"inLanguage\":\"ar\",\"@id\":\"https:\\\/\\\/nirigs.com\\\/#\\\/schema\\\/logo\\\/image\\\/\",\"url\":\"https:\\\/\\\/nirigs.com\\\/wp-content\\\/uploads\\\/2025\\\/04\\\/Design-sans-titre-27.png\",\"contentUrl\":\"https:\\\/\\\/nirigs.com\\\/wp-content\\\/uploads\\\/2025\\\/04\\\/Design-sans-titre-27.png\",\"width\":500,\"height\":500,\"caption\":\"Nirigs\"},\"image\":{\"@id\":\"https:\\\/\\\/nirigs.com\\\/#\\\/schema\\\/logo\\\/image\\\/\"}}]}<\/script>\n<!-- \/ Yoast SEO plugin. -->","yoast_head_json":{"title":"Bath and Body Works - Parfum Sapphire Moon - 236ml - NIRIGS","robots":{"index":"index","follow":"follow","max-snippet":"max-snippet:-1","max-image-preview":"max-image-preview:large","max-video-preview":"max-video-preview:-1"},"canonical":"https:\/\/nirigs.com\/ar\/product\/bath-and-body-works-parfum-sapphire-moon-236ml\/","og_locale":"ar_AR","og_type":"article","og_title":"Bath and Body Works - Parfum Sapphire Moon - 236ml - NIRIGS","og_description":"Bath &amp; Body Works est une marque renomm\u00e9e au Moyen-Orient et \u00e0 l\u2019\u00e9chelle mondiale dans la production et la fabrication","og_url":"https:\/\/nirigs.com\/ar\/product\/bath-and-body-works-parfum-sapphire-moon-236ml\/","og_site_name":"NIRIGS","article_modified_time":"2026-03-04T17:04:51+00:00","og_image":[{"width":1000,"height":1000,"url":"https:\/\/nirigs.com\/wp-content\/uploads\/2024\/02\/Bath-Body-Works-\u2013-Parfum-Saphir-Lune-\u2013-236ml-1.jpg","type":"image\/jpeg"}],"twitter_card":"summary_large_image","twitter_misc":{"\u0648\u0642\u062a \u0627\u0644\u0642\u0631\u0627\u0621\u0629 \u0627\u0644\u0645\u064f\u0642\u062f\u0651\u0631":"\u062f\u0642\u064a\u0642\u0629 \u0648\u0627\u062d\u062f\u0629"},"schema":{"@context":"https:\/\/schema.org","@graph":[{"@type":"WebPage","@id":"https:\/\/nirigs.com\/product\/bath-and-body-works-parfum-sapphire-moon-236ml\/","url":"https:\/\/nirigs.com\/product\/bath-and-body-works-parfum-sapphire-moon-236ml\/","name":"Bath and Body Works - Parfum Sapphire Moon - 236ml - NIRIGS","isPartOf":{"@id":"https:\/\/nirigs.com\/#website"},"primaryImageOfPage":{"@id":"https:\/\/nirigs.com\/product\/bath-and-body-works-parfum-sapphire-moon-236ml\/#primaryimage"},"image":{"@id":"https:\/\/nirigs.com\/product\/bath-and-body-works-parfum-sapphire-moon-236ml\/#primaryimage"},"thumbnailUrl":"https:\/\/nirigs.com\/wp-content\/uploads\/2024\/02\/Bath-Body-Works-\u2013-Parfum-Saphir-Lune-\u2013-236ml-1.jpg","datePublished":"2024-02-05T13:53:24+00:00","dateModified":"2026-03-04T17:04:51+00:00","breadcrumb":{"@id":"https:\/\/nirigs.com\/product\/bath-and-body-works-parfum-sapphire-moon-236ml\/#breadcrumb"},"inLanguage":"ar","potentialAction":[{"@type":"ReadAction","target":["https:\/\/nirigs.com\/product\/bath-and-body-works-parfum-sapphire-moon-236ml\/"]}]},{"@type":"ImageObject","inLanguage":"ar","@id":"https:\/\/nirigs.com\/product\/bath-and-body-works-parfum-sapphire-moon-236ml\/#primaryimage","url":"https:\/\/nirigs.com\/wp-content\/uploads\/2024\/02\/Bath-Body-Works-\u2013-Parfum-Saphir-Lune-\u2013-236ml-1.jpg","contentUrl":"https:\/\/nirigs.com\/wp-content\/uploads\/2024\/02\/Bath-Body-Works-\u2013-Parfum-Saphir-Lune-\u2013-236ml-1.jpg","width":1000,"height":1000},{"@type":"BreadcrumbList","@id":"https:\/\/nirigs.com\/product\/bath-and-body-works-parfum-sapphire-moon-236ml\/#breadcrumb","itemListElement":[{"@type":"ListItem","position":1,"name":"Home","item":"https:\/\/nirigs.com\/"},{"@type":"ListItem","position":2,"name":"Parcourir","item":"https:\/\/nirigs.com\/boutique\/"},{"@type":"ListItem","position":3,"name":"Bath and Body Works &#8211; Parfum Sapphire Moon &#8211; 236ml"}]},{"@type":"WebSite","@id":"https:\/\/nirigs.com\/#website","url":"https:\/\/nirigs.com\/","name":"Nirigs.com","description":"Simplifiez vos achats du quotidien \u00e0 Djibouti","publisher":{"@id":"https:\/\/nirigs.com\/#organization"},"potentialAction":[{"@type":"SearchAction","target":{"@type":"EntryPoint","urlTemplate":"https:\/\/nirigs.com\/?s={search_term_string}"},"query-input":{"@type":"PropertyValueSpecification","valueRequired":true,"valueName":"search_term_string"}}],"inLanguage":"ar"},{"@type":"Organization","@id":"https:\/\/nirigs.com\/#organization","name":"\u0646\u064a\u0631\u064a\u062c\u0633","url":"https:\/\/nirigs.com\/","logo":{"@type":"ImageObject","inLanguage":"ar","@id":"https:\/\/nirigs.com\/#\/schema\/logo\/image\/","url":"https:\/\/nirigs.com\/wp-content\/uploads\/2025\/04\/Design-sans-titre-27.png","contentUrl":"https:\/\/nirigs.com\/wp-content\/uploads\/2025\/04\/Design-sans-titre-27.png","width":500,"height":500,"caption":"Nirigs"},"image":{"@id":"https:\/\/nirigs.com\/#\/schema\/logo\/image\/"}}]}},"brands":[{"id":624,"name":"\u0628\u0627\u062b \u0627\u0646\u062f \u0628\u0648\u062f\u064a \u0648\u0631\u0643\u0633","slug":"bath-body-works"}],"_links":{"self":[{"href":"https:\/\/nirigs.com\/ar\/wp-json\/wp\/v2\/product\/17158","targetHints":{"allow":["GET"]}}],"collection":[{"href":"https:\/\/nirigs.com\/ar\/wp-json\/wp\/v2\/product"}],"about":[{"href":"https:\/\/nirigs.com\/ar\/wp-json\/wp\/v2\/types\/product"}],"replies":[{"embeddable":true,"href":"https:\/\/nirigs.com\/ar\/wp-json\/wp\/v2\/comments?post=17158"}],"version-history":[{"count":9,"href":"https:\/\/nirigs.com\/ar\/wp-json\/wp\/v2\/product\/17158\/revisions"}],"predecessor-version":[{"id":27635,"href":"https:\/\/nirigs.com\/ar\/wp-json\/wp\/v2\/product\/17158\/revisions\/27635"}],"wp:featuredmedia":[{"embeddable":true,"href":"https:\/\/nirigs.com\/ar\/wp-json\/wp\/v2\/media\/24344"}],"wp:attachment":[{"href":"https:\/\/nirigs.com\/ar\/wp-json\/wp\/v2\/media?parent=17158"}],"wp:term":[{"taxonomy":"pwb-brand","embeddable":true,"href":"https:\/\/nirigs.com\/ar\/wp-json\/wp\/v2\/pwb-brand?post=17158"},{"taxonomy":"product_brand","embeddable":true,"href":"https:\/\/nirigs.com\/ar\/wp-json\/wp\/v2\/product_brand?post=17158"},{"taxonomy":"product_cat","embeddable":true,"href":"https:\/\/nirigs.com\/ar\/wp-json\/wp\/v2\/product_cat?post=17158"},{"taxonomy":"product_tag","embeddable":true,"href":"https:\/\/nirigs.com\/ar\/wp-json\/wp\/v2\/product_tag?post=17158"}],"curies":[{"name":"wp","href":"https:\/\/api.w.org\/{rel}","templated":true}]}}