{"id":17149,"date":"2024-02-05T16:24:09","date_gmt":"2024-02-05T13:24:09","guid":{"rendered":"https:\/\/nirigs.com\/product\/body-cream-fairytale-226ml\/"},"modified":"2026-03-04T20:09:46","modified_gmt":"2026-03-04T17:09:46","slug":"bath-body-works-creme-pour-le-corps-fairytale-226-g","status":"publish","type":"product","link":"https:\/\/nirigs.com\/ar\/product\/bath-body-works-creme-pour-le-corps-fairytale-226-g\/","title":{"rendered":"Bath &#038; Body Works &#8211; Cr\u00e8me pour le corps Fairytale &#8211; 226 g"},"content":{"rendered":"<p>\u00c9crivez votre propre conte de f\u00e9es avec cette cr\u00e8me alliant nectar de grenade et fra\u00eeche fleur d\u2019oranger \u00e0 un m\u00e9lange envo\u00fbtant de vanille et d\u2019ambre chaud.<\/p>\n<ul>\n<li>Cette cr\u00e8me procure 24 heures d&rsquo;hydratation nourrissante et laisse la peau visiblement plus douce apr\u00e8s une seule utilisation.<\/li>\n<li>Infus\u00e9 de bienfaits (vitamine E, beurres de karit\u00e9 et de noix de coco, aloe vera et acide hyaluronique)<\/li>\n<li>Texture l\u00e9g\u00e8re \u00e0 absorption rapide<\/li>\n<li>Sans parab\u00e8nes ni colorants artificiels<\/li>\n<li>Test\u00e9 dermatologiquement<\/li>\n<li>Bouteille compos\u00e9e \u00e0 50 % de plastique recycl\u00e9.<\/li>\n<\/ul>\n<h4>\u064a\u0633\u062a\u062e\u062f\u0645<\/h4>\n<ul>\n<li>Assurez-vous que votre peau est propre et l\u00e9g\u00e8rement humide pour une meilleure absorption.<\/li>\n<li>Versez une petite quantit\u00e9 de la lotion dans votre main. Ensuite, massez d\u00e9licatement la lotion sur votre peau en effectuant des mouvements circulaires jusqu&rsquo;\u00e0 absorption compl\u00e8te.<\/li>\n<li>Vous pouvez l&rsquo;appliquer sur tout le corps ou uniquement sur les zones s\u00e8ches qui n\u00e9cessitent plus d&rsquo;hydratation, comme les coudes, les genoux, et les pieds.<\/li>\n<li>Ce produit est con\u00e7u pour une utilisation quotidienne afin de maintenir une peau douce et hydrat\u00e9e tout au long de la journ\u00e9e.<\/li>\n<\/ul>\n<p>Il est aussi recommand\u00e9 d&rsquo;\u00e9viter tout contact avec les yeux.<\/p>\n<h4>\u0645\u0643\u0648\u0646\u0627\u062a<\/h4>\n<div id=\"importantInformation_feature_div\" class=\"celwidget flavor-2744\" data-feature-name=\"importantInformation\" data-csa-c-type=\"widget\" data-csa-c-content-id=\"importantInformation\" data-csa-c-slot-id=\"importantInformation_feature_div\" data-csa-c-asin=\"\" data-csa-c-is-in-initial-active-row=\"false\" data-csa-c-id=\"38sd0b-g0d0ax-l2e67p-2htwju\" data-cel-widget=\"importantInformation_feature_div\">\n<div id=\"important-information\" class=\"a-section a-spacing-extra-large bucket\">\n<div class=\"a-section content\">\n<p>Shea Butter, Hyaluronic Acid, Vitamin E, Aloe, Cocoa Butter<\/p>\n<\/div>\n<\/div>\n<\/div>","protected":false},"excerpt":{"rendered":"<p>\u00c9crivez votre propre conte de f\u00e9es avec cette cr\u00e8me alliant nectar de grenade et fra\u00eeche fleur d\u2019oranger \u00e0 un m\u00e9lange<\/p>","protected":false},"featured_media":24417,"comment_status":"open","ping_status":"closed","template":"","meta":[],"pwb-brand":[624],"product_brand":[],"product_cat":[1049,267,1085,1078],"product_tag":[],"class_list":{"0":"post-17149","1":"product","2":"type-product","3":"status-publish","4":"has-post-thumbnail","6":"pwb-brand-bath-body-works","7":"product_cat-bain-savons-et-soin-du-corps","8":"product_cat-beaute-et-soins","9":"product_cat-cremes-pour-le-corps-soins-pour-le-corps-et-gommages","10":"product_cat-soins-pour-le-corps-et-gommages","12":"first","13":"outofstock","14":"shipping-taxable","15":"purchasable","16":"product-type-simple"},"yoast_head":"<!-- This site is optimized with the Yoast SEO plugin v27.4 - https:\/\/yoast.com\/product\/yoast-seo-wordpress\/ -->\n<title>Bath &amp; Body Works - Cr\u00e8me pour le corps Fairytale - 226 g - NIRIGS<\/title>\n<meta name=\"robots\" content=\"index, follow, max-snippet:-1, max-image-preview:large, max-video-preview:-1\" \/>\n<link rel=\"canonical\" href=\"https:\/\/nirigs.com\/ar\/product\/bath-body-works-creme-pour-le-corps-fairytale-226-g\/\" \/>\n<meta property=\"og:locale\" content=\"ar_AR\" \/>\n<meta property=\"og:type\" content=\"article\" \/>\n<meta property=\"og:title\" content=\"Bath &amp; Body Works - Cr\u00e8me pour le corps Fairytale - 226 g - NIRIGS\" \/>\n<meta property=\"og:description\" content=\"\u00c9crivez votre propre conte de f\u00e9es avec cette cr\u00e8me alliant nectar de grenade et fra\u00eeche fleur d\u2019oranger \u00e0 un m\u00e9lange\" \/>\n<meta property=\"og:url\" content=\"https:\/\/nirigs.com\/ar\/product\/bath-body-works-creme-pour-le-corps-fairytale-226-g\/\" \/>\n<meta property=\"og:site_name\" content=\"NIRIGS\" \/>\n<meta property=\"article:modified_time\" content=\"2026-03-04T17:09:46+00:00\" \/>\n<meta property=\"og:image\" content=\"https:\/\/nirigs.com\/wp-content\/uploads\/2024\/02\/Bath-Body-Works-\u2013-Creme-pour-le-corps-Conte-de-Fees-\u2013-226-g.jpg\" \/>\n\t<meta property=\"og:image:width\" content=\"1000\" \/>\n\t<meta property=\"og:image:height\" content=\"1000\" \/>\n\t<meta property=\"og:image:type\" content=\"image\/jpeg\" \/>\n<meta name=\"twitter:card\" content=\"summary_large_image\" \/>\n<meta name=\"twitter:label1\" content=\"\u0648\u0642\u062a \u0627\u0644\u0642\u0631\u0627\u0621\u0629 \u0627\u0644\u0645\u064f\u0642\u062f\u0651\u0631\" \/>\n\t<meta name=\"twitter:data1\" content=\"\u062f\u0642\u064a\u0642\u062a\u0627\u0646\" \/>\n<script type=\"application\/ld+json\" class=\"yoast-schema-graph\">{\"@context\":\"https:\\\/\\\/schema.org\",\"@graph\":[{\"@type\":\"WebPage\",\"@id\":\"https:\\\/\\\/nirigs.com\\\/product\\\/bath-body-works-creme-pour-le-corps-fairytale-226-g\\\/\",\"url\":\"https:\\\/\\\/nirigs.com\\\/product\\\/bath-body-works-creme-pour-le-corps-fairytale-226-g\\\/\",\"name\":\"Bath & Body Works - Cr\u00e8me pour le corps Fairytale - 226 g - NIRIGS\",\"isPartOf\":{\"@id\":\"https:\\\/\\\/nirigs.com\\\/#website\"},\"primaryImageOfPage\":{\"@id\":\"https:\\\/\\\/nirigs.com\\\/product\\\/bath-body-works-creme-pour-le-corps-fairytale-226-g\\\/#primaryimage\"},\"image\":{\"@id\":\"https:\\\/\\\/nirigs.com\\\/product\\\/bath-body-works-creme-pour-le-corps-fairytale-226-g\\\/#primaryimage\"},\"thumbnailUrl\":\"https:\\\/\\\/nirigs.com\\\/wp-content\\\/uploads\\\/2024\\\/02\\\/Bath-Body-Works-\u2013-Creme-pour-le-corps-Conte-de-Fees-\u2013-226-g.jpg\",\"datePublished\":\"2024-02-05T13:24:09+00:00\",\"dateModified\":\"2026-03-04T17:09:46+00:00\",\"breadcrumb\":{\"@id\":\"https:\\\/\\\/nirigs.com\\\/product\\\/bath-body-works-creme-pour-le-corps-fairytale-226-g\\\/#breadcrumb\"},\"inLanguage\":\"ar\",\"potentialAction\":[{\"@type\":\"ReadAction\",\"target\":[\"https:\\\/\\\/nirigs.com\\\/product\\\/bath-body-works-creme-pour-le-corps-fairytale-226-g\\\/\"]}]},{\"@type\":\"ImageObject\",\"inLanguage\":\"ar\",\"@id\":\"https:\\\/\\\/nirigs.com\\\/product\\\/bath-body-works-creme-pour-le-corps-fairytale-226-g\\\/#primaryimage\",\"url\":\"https:\\\/\\\/nirigs.com\\\/wp-content\\\/uploads\\\/2024\\\/02\\\/Bath-Body-Works-\u2013-Creme-pour-le-corps-Conte-de-Fees-\u2013-226-g.jpg\",\"contentUrl\":\"https:\\\/\\\/nirigs.com\\\/wp-content\\\/uploads\\\/2024\\\/02\\\/Bath-Body-Works-\u2013-Creme-pour-le-corps-Conte-de-Fees-\u2013-226-g.jpg\",\"width\":1000,\"height\":1000},{\"@type\":\"BreadcrumbList\",\"@id\":\"https:\\\/\\\/nirigs.com\\\/product\\\/bath-body-works-creme-pour-le-corps-fairytale-226-g\\\/#breadcrumb\",\"itemListElement\":[{\"@type\":\"ListItem\",\"position\":1,\"name\":\"Home\",\"item\":\"https:\\\/\\\/nirigs.com\\\/\"},{\"@type\":\"ListItem\",\"position\":2,\"name\":\"Parcourir\",\"item\":\"https:\\\/\\\/nirigs.com\\\/boutique\\\/\"},{\"@type\":\"ListItem\",\"position\":3,\"name\":\"Bath &#038; Body Works &#8211; Cr\u00e8me pour le corps Fairytale &#8211; 226 g\"}]},{\"@type\":\"WebSite\",\"@id\":\"https:\\\/\\\/nirigs.com\\\/#website\",\"url\":\"https:\\\/\\\/nirigs.com\\\/\",\"name\":\"Nirigs.com\",\"description\":\"Simplifiez vos achats du quotidien \u00e0 Djibouti\",\"publisher\":{\"@id\":\"https:\\\/\\\/nirigs.com\\\/#organization\"},\"potentialAction\":[{\"@type\":\"SearchAction\",\"target\":{\"@type\":\"EntryPoint\",\"urlTemplate\":\"https:\\\/\\\/nirigs.com\\\/?s={search_term_string}\"},\"query-input\":{\"@type\":\"PropertyValueSpecification\",\"valueRequired\":true,\"valueName\":\"search_term_string\"}}],\"inLanguage\":\"ar\"},{\"@type\":\"Organization\",\"@id\":\"https:\\\/\\\/nirigs.com\\\/#organization\",\"name\":\"Nirigs\",\"url\":\"https:\\\/\\\/nirigs.com\\\/\",\"logo\":{\"@type\":\"ImageObject\",\"inLanguage\":\"ar\",\"@id\":\"https:\\\/\\\/nirigs.com\\\/#\\\/schema\\\/logo\\\/image\\\/\",\"url\":\"https:\\\/\\\/nirigs.com\\\/wp-content\\\/uploads\\\/2025\\\/04\\\/Design-sans-titre-27.png\",\"contentUrl\":\"https:\\\/\\\/nirigs.com\\\/wp-content\\\/uploads\\\/2025\\\/04\\\/Design-sans-titre-27.png\",\"width\":500,\"height\":500,\"caption\":\"Nirigs\"},\"image\":{\"@id\":\"https:\\\/\\\/nirigs.com\\\/#\\\/schema\\\/logo\\\/image\\\/\"}}]}<\/script>\n<!-- \/ Yoast SEO plugin. -->","yoast_head_json":{"title":"Bath & Body Works - Cr\u00e8me pour le corps Fairytale - 226 g - NIRIGS","robots":{"index":"index","follow":"follow","max-snippet":"max-snippet:-1","max-image-preview":"max-image-preview:large","max-video-preview":"max-video-preview:-1"},"canonical":"https:\/\/nirigs.com\/ar\/product\/bath-body-works-creme-pour-le-corps-fairytale-226-g\/","og_locale":"ar_AR","og_type":"article","og_title":"Bath & Body Works - Cr\u00e8me pour le corps Fairytale - 226 g - NIRIGS","og_description":"\u00c9crivez votre propre conte de f\u00e9es avec cette cr\u00e8me alliant nectar de grenade et fra\u00eeche fleur d\u2019oranger \u00e0 un m\u00e9lange","og_url":"https:\/\/nirigs.com\/ar\/product\/bath-body-works-creme-pour-le-corps-fairytale-226-g\/","og_site_name":"NIRIGS","article_modified_time":"2026-03-04T17:09:46+00:00","og_image":[{"width":1000,"height":1000,"url":"https:\/\/nirigs.com\/wp-content\/uploads\/2024\/02\/Bath-Body-Works-\u2013-Creme-pour-le-corps-Conte-de-Fees-\u2013-226-g.jpg","type":"image\/jpeg"}],"twitter_card":"summary_large_image","twitter_misc":{"\u0648\u0642\u062a \u0627\u0644\u0642\u0631\u0627\u0621\u0629 \u0627\u0644\u0645\u064f\u0642\u062f\u0651\u0631":"\u062f\u0642\u064a\u0642\u062a\u0627\u0646"},"schema":{"@context":"https:\/\/schema.org","@graph":[{"@type":"WebPage","@id":"https:\/\/nirigs.com\/product\/bath-body-works-creme-pour-le-corps-fairytale-226-g\/","url":"https:\/\/nirigs.com\/product\/bath-body-works-creme-pour-le-corps-fairytale-226-g\/","name":"Bath & Body Works - Cr\u00e8me pour le corps Fairytale - 226 g - NIRIGS","isPartOf":{"@id":"https:\/\/nirigs.com\/#website"},"primaryImageOfPage":{"@id":"https:\/\/nirigs.com\/product\/bath-body-works-creme-pour-le-corps-fairytale-226-g\/#primaryimage"},"image":{"@id":"https:\/\/nirigs.com\/product\/bath-body-works-creme-pour-le-corps-fairytale-226-g\/#primaryimage"},"thumbnailUrl":"https:\/\/nirigs.com\/wp-content\/uploads\/2024\/02\/Bath-Body-Works-\u2013-Creme-pour-le-corps-Conte-de-Fees-\u2013-226-g.jpg","datePublished":"2024-02-05T13:24:09+00:00","dateModified":"2026-03-04T17:09:46+00:00","breadcrumb":{"@id":"https:\/\/nirigs.com\/product\/bath-body-works-creme-pour-le-corps-fairytale-226-g\/#breadcrumb"},"inLanguage":"ar","potentialAction":[{"@type":"ReadAction","target":["https:\/\/nirigs.com\/product\/bath-body-works-creme-pour-le-corps-fairytale-226-g\/"]}]},{"@type":"ImageObject","inLanguage":"ar","@id":"https:\/\/nirigs.com\/product\/bath-body-works-creme-pour-le-corps-fairytale-226-g\/#primaryimage","url":"https:\/\/nirigs.com\/wp-content\/uploads\/2024\/02\/Bath-Body-Works-\u2013-Creme-pour-le-corps-Conte-de-Fees-\u2013-226-g.jpg","contentUrl":"https:\/\/nirigs.com\/wp-content\/uploads\/2024\/02\/Bath-Body-Works-\u2013-Creme-pour-le-corps-Conte-de-Fees-\u2013-226-g.jpg","width":1000,"height":1000},{"@type":"BreadcrumbList","@id":"https:\/\/nirigs.com\/product\/bath-body-works-creme-pour-le-corps-fairytale-226-g\/#breadcrumb","itemListElement":[{"@type":"ListItem","position":1,"name":"Home","item":"https:\/\/nirigs.com\/"},{"@type":"ListItem","position":2,"name":"Parcourir","item":"https:\/\/nirigs.com\/boutique\/"},{"@type":"ListItem","position":3,"name":"Bath &#038; Body Works &#8211; Cr\u00e8me pour le corps Fairytale &#8211; 226 g"}]},{"@type":"WebSite","@id":"https:\/\/nirigs.com\/#website","url":"https:\/\/nirigs.com\/","name":"Nirigs.com","description":"Simplifiez vos achats du quotidien \u00e0 Djibouti","publisher":{"@id":"https:\/\/nirigs.com\/#organization"},"potentialAction":[{"@type":"SearchAction","target":{"@type":"EntryPoint","urlTemplate":"https:\/\/nirigs.com\/?s={search_term_string}"},"query-input":{"@type":"PropertyValueSpecification","valueRequired":true,"valueName":"search_term_string"}}],"inLanguage":"ar"},{"@type":"Organization","@id":"https:\/\/nirigs.com\/#organization","name":"\u0646\u064a\u0631\u064a\u062c\u0633","url":"https:\/\/nirigs.com\/","logo":{"@type":"ImageObject","inLanguage":"ar","@id":"https:\/\/nirigs.com\/#\/schema\/logo\/image\/","url":"https:\/\/nirigs.com\/wp-content\/uploads\/2025\/04\/Design-sans-titre-27.png","contentUrl":"https:\/\/nirigs.com\/wp-content\/uploads\/2025\/04\/Design-sans-titre-27.png","width":500,"height":500,"caption":"Nirigs"},"image":{"@id":"https:\/\/nirigs.com\/#\/schema\/logo\/image\/"}}]}},"brands":[{"id":624,"name":"\u0628\u0627\u062b \u0627\u0646\u062f \u0628\u0648\u062f\u064a \u0648\u0631\u0643\u0633","slug":"bath-body-works"}],"_links":{"self":[{"href":"https:\/\/nirigs.com\/ar\/wp-json\/wp\/v2\/product\/17149","targetHints":{"allow":["GET"]}}],"collection":[{"href":"https:\/\/nirigs.com\/ar\/wp-json\/wp\/v2\/product"}],"about":[{"href":"https:\/\/nirigs.com\/ar\/wp-json\/wp\/v2\/types\/product"}],"replies":[{"embeddable":true,"href":"https:\/\/nirigs.com\/ar\/wp-json\/wp\/v2\/comments?post=17149"}],"version-history":[{"count":9,"href":"https:\/\/nirigs.com\/ar\/wp-json\/wp\/v2\/product\/17149\/revisions"}],"predecessor-version":[{"id":27638,"href":"https:\/\/nirigs.com\/ar\/wp-json\/wp\/v2\/product\/17149\/revisions\/27638"}],"wp:featuredmedia":[{"embeddable":true,"href":"https:\/\/nirigs.com\/ar\/wp-json\/wp\/v2\/media\/24417"}],"wp:attachment":[{"href":"https:\/\/nirigs.com\/ar\/wp-json\/wp\/v2\/media?parent=17149"}],"wp:term":[{"taxonomy":"pwb-brand","embeddable":true,"href":"https:\/\/nirigs.com\/ar\/wp-json\/wp\/v2\/pwb-brand?post=17149"},{"taxonomy":"product_brand","embeddable":true,"href":"https:\/\/nirigs.com\/ar\/wp-json\/wp\/v2\/product_brand?post=17149"},{"taxonomy":"product_cat","embeddable":true,"href":"https:\/\/nirigs.com\/ar\/wp-json\/wp\/v2\/product_cat?post=17149"},{"taxonomy":"product_tag","embeddable":true,"href":"https:\/\/nirigs.com\/ar\/wp-json\/wp\/v2\/product_tag?post=17149"}],"curies":[{"name":"wp","href":"https:\/\/api.w.org\/{rel}","templated":true}]}}